{"id":1090148,"date":"2026-01-31T05:35:58","date_gmt":"2026-01-31T04:35:58","guid":{"rendered":"https:\/\/hubsch-interior.com\/product\/product\/"},"modified":"2026-04-02T05:28:38","modified_gmt":"2026-04-02T03:28:38","slug":"haus-fauteuil-lounge-beige","status":"publish","type":"product","link":"https:\/\/hubsch-interior.com\/fr\/produit\/haus-fauteuil-lounge-beige\/","title":{"rendered":"Haus Fauteuil lounge Beige"},"content":{"rendered":"<p>Lorsque la forme est d&#8217;une telle s\u00e9r\u00e9nit\u00e9, le confort suit naturellement. Le Haus Fauteuil lounge en doux beige clair apporte une tranquillit\u00e9 \u00e0 votre espace, mis en valeur par des coussins de couleur sable ton sur ton et des lignes droites nettes. Bien qu&#8217;il soit robuste et soutenant, il est \u00e9tonnamment l\u00e9ger, ce qui facilite son repositionnement selon l&#8217;ambiance ou le moment. Compagnon discret des matins paisibles ou des soir\u00e9es de d\u00e9tente, ce fauteuil ne se contente pas de s&#8217;adapter \u00e0 votre int\u00e9rieur \u2014 il sublime l&#8217;art de prendre un moment pour soi.<\/p>\n","protected":false},"excerpt":{"rendered":"<p>Lorsque la forme est d&#8217;une telle s\u00e9r\u00e9nit\u00e9, le confort suit naturellement. Le Haus Fauteuil lounge en doux beige clair apporte une tranquillit\u00e9 \u00e0 votre espace, mis en valeur par des coussins de couleur sable ton sur ton et des lignes droites nettes. Bien qu&#8217;il soit robuste et soutenant, il est \u00e9tonnamment l\u00e9ger, ce qui facilite [&hellip;]<\/p>\n","protected":false},"featured_media":1112500,"template":"","meta":{"_acf_changed":false,"inline_featured_image":false},"product_brand":[],"product_cat":[7154,7098,5012],"product_tag":[],"class_list":{"0":"post-1090148","1":"product","2":"type-product","3":"status-publish","4":"has-post-thumbnail","6":"product_cat-dweller-fr","7":"product_cat-chaises-de-jardin-fr","8":"product_cat-mobilier-du-jardin-fr","9":"product_shipping_class-pk","11":"pa_color-beige-3","12":"pa_material-aluminium-fr","13":"pa_material-olfine","15":"first","16":"outofstock","17":"taxable","18":"shipping-taxable","19":"purchasable","20":"product-type-simple"},"exclude_global_add_ons":[],"addons":[],"acf":[],"yoast_head":"<!-- This site is optimized with the Yoast SEO plugin v26.4 - https:\/\/yoast.com\/wordpress\/plugins\/seo\/ -->\n<title>Haus Fauteuil lounge Beige - H\u00fcbsch<\/title>\n<meta name=\"description\" content=\"Lorsque la forme est d&#039;une telle s\u00e9r\u00e9nit\u00e9, le confort suit naturellement. Le Haus Fauteuil lounge en doux beige clair apporte une tranquillit\u00e9 \u00e0 votre\" \/>\n<meta name=\"robots\" content=\"index, follow, max-snippet:-1, max-image-preview:large, max-video-preview:-1\" \/>\n<link rel=\"canonical\" href=\"https:\/\/hubsch-interior.com\/fr\/wp-json\/wp\/v2\/product\/1090148\" \/>\n<meta property=\"og:locale\" content=\"fr_FR\" \/>\n<meta property=\"og:type\" content=\"article\" \/>\n<meta property=\"og:title\" content=\"Haus Fauteuil lounge Beige - H\u00fcbsch\" \/>\n<meta property=\"og:description\" content=\"Lorsque la forme est d&#039;une telle s\u00e9r\u00e9nit\u00e9, le confort suit naturellement. Le Haus Fauteuil lounge en doux beige clair apporte une tranquillit\u00e9 \u00e0 votre\" \/>\n<meta property=\"og:url\" content=\"https:\/\/hubsch-interior.com\/fr\/produit\/haus-fauteuil-lounge-beige\/\" \/>\n<meta property=\"og:site_name\" content=\"H\u00fcbsch\" \/>\n<meta property=\"article:modified_time\" content=\"2026-04-02T03:28:38+00:00\" \/>\n<meta property=\"og:image\" content=\"https:\/\/hubsch-interior.com\/wp-content\/uploads\/2026\/01\/haus-lounge-chair-beige-d18bee75e12c916190514c1c716e0afc.jpg\" \/>\n\t<meta property=\"og:image:width\" content=\"1200\" \/>\n\t<meta property=\"og:image:height\" content=\"1200\" \/>\n\t<meta property=\"og:image:type\" content=\"image\/jpeg\" \/>\n<meta name=\"twitter:card\" content=\"summary_large_image\" \/>\n<script type=\"application\/ld+json\" class=\"yoast-schema-graph\">{\"@context\":\"https:\/\/schema.org\",\"@graph\":[{\"@type\":\"WebPage\",\"@id\":\"https:\/\/hubsch-interior.com\/fr\/produit\/haus-fauteuil-lounge-beige\/\",\"url\":\"https:\/\/hubsch-interior.com\/fr\/produit\/haus-fauteuil-lounge-beige\/\",\"name\":\"Haus Fauteuil lounge Beige - H\u00fcbsch\",\"isPartOf\":{\"@id\":\"https:\/\/hubsch-interior.com\/fr\/#website\"},\"primaryImageOfPage\":{\"@id\":\"https:\/\/hubsch-interior.com\/fr\/produit\/haus-fauteuil-lounge-beige\/#primaryimage\"},\"image\":{\"@id\":\"https:\/\/hubsch-interior.com\/fr\/produit\/haus-fauteuil-lounge-beige\/#primaryimage\"},\"thumbnailUrl\":\"https:\/\/hubsch-interior.com\/wp-content\/uploads\/2026\/02\/haus-lounge-chair-beige-af5eefdc9386724d43f676559396dd3b.jpg\",\"datePublished\":\"2026-01-31T04:35:58+00:00\",\"dateModified\":\"2026-04-02T03:28:38+00:00\",\"description\":\"Lorsque la forme est d'une telle s\u00e9r\u00e9nit\u00e9, le confort suit naturellement. Le Haus Fauteuil lounge en doux beige clair apporte une tranquillit\u00e9 \u00e0 votre\",\"breadcrumb\":{\"@id\":\"https:\/\/hubsch-interior.com\/fr\/produit\/haus-fauteuil-lounge-beige\/#breadcrumb\"},\"inLanguage\":\"fr-FR\",\"potentialAction\":[{\"@type\":\"ReadAction\",\"target\":[\"https:\/\/hubsch-interior.com\/fr\/produit\/haus-fauteuil-lounge-beige\/\"]}]},{\"@type\":\"ImageObject\",\"inLanguage\":\"fr-FR\",\"@id\":\"https:\/\/hubsch-interior.com\/fr\/produit\/haus-fauteuil-lounge-beige\/#primaryimage\",\"url\":\"https:\/\/hubsch-interior.com\/wp-content\/uploads\/2026\/02\/haus-lounge-chair-beige-af5eefdc9386724d43f676559396dd3b.jpg\",\"contentUrl\":\"https:\/\/hubsch-interior.com\/wp-content\/uploads\/2026\/02\/haus-lounge-chair-beige-af5eefdc9386724d43f676559396dd3b.jpg\",\"width\":1024,\"height\":1024},{\"@type\":\"BreadcrumbList\",\"@id\":\"https:\/\/hubsch-interior.com\/fr\/produit\/haus-fauteuil-lounge-beige\/#breadcrumb\",\"itemListElement\":[{\"@type\":\"ListItem\",\"position\":1,\"name\":\"Page d'accueil\",\"item\":\"https:\/\/hubsch-interior.com\/fr\/\"},{\"@type\":\"ListItem\",\"position\":2,\"name\":\"Produits\",\"item\":\"https:\/\/hubsch-interior.com\/fr\/shop-2\/\"},{\"@type\":\"ListItem\",\"position\":3,\"name\":\"Haus Fauteuil lounge Beige\"}]},{\"@type\":\"WebSite\",\"@id\":\"https:\/\/hubsch-interior.com\/fr\/#website\",\"url\":\"https:\/\/hubsch-interior.com\/fr\/\",\"name\":\"H\u00fcbsch\",\"description\":\"Danish Home Interior and Design\",\"publisher\":{\"@id\":\"https:\/\/hubsch-interior.com\/fr\/#organization\"},\"potentialAction\":[{\"@type\":\"SearchAction\",\"target\":{\"@type\":\"EntryPoint\",\"urlTemplate\":\"https:\/\/hubsch-interior.com\/fr\/?s={search_term_string}\"},\"query-input\":{\"@type\":\"PropertyValueSpecification\",\"valueRequired\":true,\"valueName\":\"search_term_string\"}}],\"inLanguage\":\"fr-FR\"},{\"@type\":\"Organization\",\"@id\":\"https:\/\/hubsch-interior.com\/fr\/#organization\",\"name\":\"H\u00fcbsch\",\"url\":\"https:\/\/hubsch-interior.com\/fr\/\",\"logo\":{\"@type\":\"ImageObject\",\"inLanguage\":\"fr-FR\",\"@id\":\"https:\/\/hubsch-interior.com\/fr\/#\/schema\/logo\/image\/\",\"url\":\"https:\/\/hubsch-interior.com\/wp-content\/uploads\/2022\/12\/Hubsch_logo_black_one_line.svg\",\"contentUrl\":\"https:\/\/hubsch-interior.com\/wp-content\/uploads\/2022\/12\/Hubsch_logo_black_one_line.svg\",\"caption\":\"H\u00fcbsch\"},\"image\":{\"@id\":\"https:\/\/hubsch-interior.com\/fr\/#\/schema\/logo\/image\/\"}}]}<\/script>\n<!-- \/ Yoast SEO plugin. -->","yoast_head_json":{"title":"Haus Fauteuil lounge Beige - H\u00fcbsch","description":"Lorsque la forme est d'une telle s\u00e9r\u00e9nit\u00e9, le confort suit naturellement. Le Haus Fauteuil lounge en doux beige clair apporte une tranquillit\u00e9 \u00e0 votre","robots":{"index":"index","follow":"follow","max-snippet":"max-snippet:-1","max-image-preview":"max-image-preview:large","max-video-preview":"max-video-preview:-1"},"canonical":"https:\/\/hubsch-interior.com\/fr\/wp-json\/wp\/v2\/product\/1090148","og_locale":"fr_FR","og_type":"article","og_title":"Haus Fauteuil lounge Beige - H\u00fcbsch","og_description":"Lorsque la forme est d'une telle s\u00e9r\u00e9nit\u00e9, le confort suit naturellement. Le Haus Fauteuil lounge en doux beige clair apporte une tranquillit\u00e9 \u00e0 votre","og_url":"https:\/\/hubsch-interior.com\/fr\/produit\/haus-fauteuil-lounge-beige\/","og_site_name":"H\u00fcbsch","article_modified_time":"2026-04-02T03:28:38+00:00","og_image":[{"width":1200,"height":1200,"url":"https:\/\/hubsch-interior.com\/wp-content\/uploads\/2026\/01\/haus-lounge-chair-beige-d18bee75e12c916190514c1c716e0afc.jpg","type":"image\/jpeg"}],"twitter_card":"summary_large_image","schema":{"@context":"https:\/\/schema.org","@graph":[{"@type":"WebPage","@id":"https:\/\/hubsch-interior.com\/fr\/produit\/haus-fauteuil-lounge-beige\/","url":"https:\/\/hubsch-interior.com\/fr\/produit\/haus-fauteuil-lounge-beige\/","name":"Haus Fauteuil lounge Beige - H\u00fcbsch","isPartOf":{"@id":"https:\/\/hubsch-interior.com\/fr\/#website"},"primaryImageOfPage":{"@id":"https:\/\/hubsch-interior.com\/fr\/produit\/haus-fauteuil-lounge-beige\/#primaryimage"},"image":{"@id":"https:\/\/hubsch-interior.com\/fr\/produit\/haus-fauteuil-lounge-beige\/#primaryimage"},"thumbnailUrl":"https:\/\/hubsch-interior.com\/wp-content\/uploads\/2026\/02\/haus-lounge-chair-beige-af5eefdc9386724d43f676559396dd3b.jpg","datePublished":"2026-01-31T04:35:58+00:00","dateModified":"2026-04-02T03:28:38+00:00","description":"Lorsque la forme est d'une telle s\u00e9r\u00e9nit\u00e9, le confort suit naturellement. Le Haus Fauteuil lounge en doux beige clair apporte une tranquillit\u00e9 \u00e0 votre","breadcrumb":{"@id":"https:\/\/hubsch-interior.com\/fr\/produit\/haus-fauteuil-lounge-beige\/#breadcrumb"},"inLanguage":"fr-FR","potentialAction":[{"@type":"ReadAction","target":["https:\/\/hubsch-interior.com\/fr\/produit\/haus-fauteuil-lounge-beige\/"]}]},{"@type":"ImageObject","inLanguage":"fr-FR","@id":"https:\/\/hubsch-interior.com\/fr\/produit\/haus-fauteuil-lounge-beige\/#primaryimage","url":"https:\/\/hubsch-interior.com\/wp-content\/uploads\/2026\/02\/haus-lounge-chair-beige-af5eefdc9386724d43f676559396dd3b.jpg","contentUrl":"https:\/\/hubsch-interior.com\/wp-content\/uploads\/2026\/02\/haus-lounge-chair-beige-af5eefdc9386724d43f676559396dd3b.jpg","width":1024,"height":1024},{"@type":"BreadcrumbList","@id":"https:\/\/hubsch-interior.com\/fr\/produit\/haus-fauteuil-lounge-beige\/#breadcrumb","itemListElement":[{"@type":"ListItem","position":1,"name":"Page d'accueil","item":"https:\/\/hubsch-interior.com\/fr\/"},{"@type":"ListItem","position":2,"name":"Produits","item":"https:\/\/hubsch-interior.com\/fr\/shop-2\/"},{"@type":"ListItem","position":3,"name":"Haus Fauteuil lounge Beige"}]},{"@type":"WebSite","@id":"https:\/\/hubsch-interior.com\/fr\/#website","url":"https:\/\/hubsch-interior.com\/fr\/","name":"H\u00fcbsch","description":"Danish Home Interior and Design","publisher":{"@id":"https:\/\/hubsch-interior.com\/fr\/#organization"},"potentialAction":[{"@type":"SearchAction","target":{"@type":"EntryPoint","urlTemplate":"https:\/\/hubsch-interior.com\/fr\/?s={search_term_string}"},"query-input":{"@type":"PropertyValueSpecification","valueRequired":true,"valueName":"search_term_string"}}],"inLanguage":"fr-FR"},{"@type":"Organization","@id":"https:\/\/hubsch-interior.com\/fr\/#organization","name":"H\u00fcbsch","url":"https:\/\/hubsch-interior.com\/fr\/","logo":{"@type":"ImageObject","inLanguage":"fr-FR","@id":"https:\/\/hubsch-interior.com\/fr\/#\/schema\/logo\/image\/","url":"https:\/\/hubsch-interior.com\/wp-content\/uploads\/2022\/12\/Hubsch_logo_black_one_line.svg","contentUrl":"https:\/\/hubsch-interior.com\/wp-content\/uploads\/2022\/12\/Hubsch_logo_black_one_line.svg","caption":"H\u00fcbsch"},"image":{"@id":"https:\/\/hubsch-interior.com\/fr\/#\/schema\/logo\/image\/"}}]}},"_links":{"self":[{"href":"https:\/\/hubsch-interior.com\/fr\/wp-json\/wp\/v2\/product\/1090148","targetHints":{"allow":["GET"]}}],"collection":[{"href":"https:\/\/hubsch-interior.com\/fr\/wp-json\/wp\/v2\/product"}],"about":[{"href":"https:\/\/hubsch-interior.com\/fr\/wp-json\/wp\/v2\/types\/product"}],"wp:featuredmedia":[{"embeddable":true,"href":"https:\/\/hubsch-interior.com\/fr\/wp-json\/wp\/v2\/media\/1112500"}],"wp:attachment":[{"href":"https:\/\/hubsch-interior.com\/fr\/wp-json\/wp\/v2\/media?parent=1090148"}],"wp:term":[{"taxonomy":"product_brand","embeddable":true,"href":"https:\/\/hubsch-interior.com\/fr\/wp-json\/wp\/v2\/product_brand?post=1090148"},{"taxonomy":"product_cat","embeddable":true,"href":"https:\/\/hubsch-interior.com\/fr\/wp-json\/wp\/v2\/product_cat?post=1090148"},{"taxonomy":"product_tag","embeddable":true,"href":"https:\/\/hubsch-interior.com\/fr\/wp-json\/wp\/v2\/product_tag?post=1090148"}],"curies":[{"name":"wp","href":"https:\/\/api.w.org\/{rel}","templated":true}]}}