{"id":1090160,"date":"2026-01-31T05:36:10","date_gmt":"2026-01-31T04:36:10","guid":{"rendered":"https:\/\/hubsch-interior.com\/product\/product\/"},"modified":"2026-04-02T05:28:41","modified_gmt":"2026-04-02T03:28:41","slug":"haus-tabouret-beige","status":"publish","type":"product","link":"https:\/\/hubsch-interior.com\/fr\/produit\/haus-tabouret-beige\/","title":{"rendered":"Haus Tabouret Beige"},"content":{"rendered":"<p>Un \u00e9l\u00e9ment qui se distingue en toute subtilit\u00e9, o\u00f9 que vous le placiez. Le Haus Tabouret en beige clair associe des lignes \u00e9pur\u00e9es et sereines \u00e0 des coussins doux couleur sable pour un look apaisant sans effort. Bien qu&#8217;il paraisse l\u00e9ger, il offre un support solide et stable \u2014 parfait comme si\u00e8ge, repose-pieds ou \u00e9l\u00e9ment d\u00e9coratif sculptural. Qu&#8217;il soit gliss\u00e9 sous une table ou plac\u00e9 en solo, il apporte une rythmique douce et une \u00e9l\u00e9gance raffin\u00e9e \u00e0 vos espaces quotidiens.<\/p>\n","protected":false},"excerpt":{"rendered":"<p>Un \u00e9l\u00e9ment qui se distingue en toute subtilit\u00e9, o\u00f9 que vous le placiez. Le Haus Tabouret en beige clair associe des lignes \u00e9pur\u00e9es et sereines \u00e0 des coussins doux couleur sable pour un look apaisant sans effort. Bien qu&#8217;il paraisse l\u00e9ger, il offre un support solide et stable \u2014 parfait comme si\u00e8ge, repose-pieds ou \u00e9l\u00e9ment [&hellip;]<\/p>\n","protected":false},"featured_media":1112516,"template":"","meta":{"_acf_changed":false,"inline_featured_image":false},"product_brand":[],"product_cat":[7154,7098,5012],"product_tag":[],"class_list":{"0":"post-1090160","1":"product","2":"type-product","3":"status-publish","4":"has-post-thumbnail","6":"product_cat-dweller-fr","7":"product_cat-chaises-de-jardin-fr","8":"product_cat-mobilier-du-jardin-fr","9":"product_shipping_class-pk","11":"pa_color-beige-3","12":"pa_material-aluminium-fr","13":"pa_material-olfine","15":"first","16":"outofstock","17":"taxable","18":"shipping-taxable","19":"purchasable","20":"product-type-simple"},"exclude_global_add_ons":[],"addons":[],"acf":[],"yoast_head":"<!-- This site is optimized with the Yoast SEO plugin v26.4 - https:\/\/yoast.com\/wordpress\/plugins\/seo\/ -->\n<title>Haus Tabouret Beige - H\u00fcbsch<\/title>\n<meta name=\"description\" content=\"Un \u00e9l\u00e9ment qui se distingue en toute subtilit\u00e9, o\u00f9 que vous le placiez. Le Haus Tabouret en beige clair associe des lignes \u00e9pur\u00e9es et sereines \u00e0 des\" \/>\n<meta name=\"robots\" content=\"index, follow, max-snippet:-1, max-image-preview:large, max-video-preview:-1\" \/>\n<link rel=\"canonical\" href=\"https:\/\/hubsch-interior.com\/fr\/wp-json\/wp\/v2\/product\/1090160\" \/>\n<meta property=\"og:locale\" content=\"fr_FR\" \/>\n<meta property=\"og:type\" content=\"article\" \/>\n<meta property=\"og:title\" content=\"Haus Tabouret Beige - H\u00fcbsch\" \/>\n<meta property=\"og:description\" content=\"Un \u00e9l\u00e9ment qui se distingue en toute subtilit\u00e9, o\u00f9 que vous le placiez. Le Haus Tabouret en beige clair associe des lignes \u00e9pur\u00e9es et sereines \u00e0 des\" \/>\n<meta property=\"og:url\" content=\"https:\/\/hubsch-interior.com\/fr\/produit\/haus-tabouret-beige\/\" \/>\n<meta property=\"og:site_name\" content=\"H\u00fcbsch\" \/>\n<meta property=\"article:modified_time\" content=\"2026-04-02T03:28:41+00:00\" \/>\n<meta property=\"og:image\" content=\"https:\/\/hubsch-interior.com\/wp-content\/uploads\/2026\/01\/haus-stool-beige-b617c1b2c4cedb3d82a09cebb61fabac.jpg\" \/>\n\t<meta property=\"og:image:width\" content=\"1200\" \/>\n\t<meta property=\"og:image:height\" content=\"1200\" \/>\n\t<meta property=\"og:image:type\" content=\"image\/jpeg\" \/>\n<meta name=\"twitter:card\" content=\"summary_large_image\" \/>\n<script type=\"application\/ld+json\" class=\"yoast-schema-graph\">{\"@context\":\"https:\/\/schema.org\",\"@graph\":[{\"@type\":\"WebPage\",\"@id\":\"https:\/\/hubsch-interior.com\/fr\/produit\/haus-tabouret-beige\/\",\"url\":\"https:\/\/hubsch-interior.com\/fr\/produit\/haus-tabouret-beige\/\",\"name\":\"Haus Tabouret Beige - H\u00fcbsch\",\"isPartOf\":{\"@id\":\"https:\/\/hubsch-interior.com\/fr\/#website\"},\"primaryImageOfPage\":{\"@id\":\"https:\/\/hubsch-interior.com\/fr\/produit\/haus-tabouret-beige\/#primaryimage\"},\"image\":{\"@id\":\"https:\/\/hubsch-interior.com\/fr\/produit\/haus-tabouret-beige\/#primaryimage\"},\"thumbnailUrl\":\"https:\/\/hubsch-interior.com\/wp-content\/uploads\/2026\/02\/haus-stool-beige-cd1d4fa0fa118c4dfdaba6f5086e4043.jpg\",\"datePublished\":\"2026-01-31T04:36:10+00:00\",\"dateModified\":\"2026-04-02T03:28:41+00:00\",\"description\":\"Un \u00e9l\u00e9ment qui se distingue en toute subtilit\u00e9, o\u00f9 que vous le placiez. Le Haus Tabouret en beige clair associe des lignes \u00e9pur\u00e9es et sereines \u00e0 des\",\"breadcrumb\":{\"@id\":\"https:\/\/hubsch-interior.com\/fr\/produit\/haus-tabouret-beige\/#breadcrumb\"},\"inLanguage\":\"fr-FR\",\"potentialAction\":[{\"@type\":\"ReadAction\",\"target\":[\"https:\/\/hubsch-interior.com\/fr\/produit\/haus-tabouret-beige\/\"]}]},{\"@type\":\"ImageObject\",\"inLanguage\":\"fr-FR\",\"@id\":\"https:\/\/hubsch-interior.com\/fr\/produit\/haus-tabouret-beige\/#primaryimage\",\"url\":\"https:\/\/hubsch-interior.com\/wp-content\/uploads\/2026\/02\/haus-stool-beige-cd1d4fa0fa118c4dfdaba6f5086e4043.jpg\",\"contentUrl\":\"https:\/\/hubsch-interior.com\/wp-content\/uploads\/2026\/02\/haus-stool-beige-cd1d4fa0fa118c4dfdaba6f5086e4043.jpg\",\"width\":1024,\"height\":1024},{\"@type\":\"BreadcrumbList\",\"@id\":\"https:\/\/hubsch-interior.com\/fr\/produit\/haus-tabouret-beige\/#breadcrumb\",\"itemListElement\":[{\"@type\":\"ListItem\",\"position\":1,\"name\":\"Page d'accueil\",\"item\":\"https:\/\/hubsch-interior.com\/fr\/\"},{\"@type\":\"ListItem\",\"position\":2,\"name\":\"Produits\",\"item\":\"https:\/\/hubsch-interior.com\/fr\/shop-2\/\"},{\"@type\":\"ListItem\",\"position\":3,\"name\":\"Haus Tabouret Beige\"}]},{\"@type\":\"WebSite\",\"@id\":\"https:\/\/hubsch-interior.com\/fr\/#website\",\"url\":\"https:\/\/hubsch-interior.com\/fr\/\",\"name\":\"H\u00fcbsch\",\"description\":\"Danish Home Interior and Design\",\"publisher\":{\"@id\":\"https:\/\/hubsch-interior.com\/fr\/#organization\"},\"potentialAction\":[{\"@type\":\"SearchAction\",\"target\":{\"@type\":\"EntryPoint\",\"urlTemplate\":\"https:\/\/hubsch-interior.com\/fr\/?s={search_term_string}\"},\"query-input\":{\"@type\":\"PropertyValueSpecification\",\"valueRequired\":true,\"valueName\":\"search_term_string\"}}],\"inLanguage\":\"fr-FR\"},{\"@type\":\"Organization\",\"@id\":\"https:\/\/hubsch-interior.com\/fr\/#organization\",\"name\":\"H\u00fcbsch\",\"url\":\"https:\/\/hubsch-interior.com\/fr\/\",\"logo\":{\"@type\":\"ImageObject\",\"inLanguage\":\"fr-FR\",\"@id\":\"https:\/\/hubsch-interior.com\/fr\/#\/schema\/logo\/image\/\",\"url\":\"https:\/\/hubsch-interior.com\/wp-content\/uploads\/2022\/12\/Hubsch_logo_black_one_line.svg\",\"contentUrl\":\"https:\/\/hubsch-interior.com\/wp-content\/uploads\/2022\/12\/Hubsch_logo_black_one_line.svg\",\"caption\":\"H\u00fcbsch\"},\"image\":{\"@id\":\"https:\/\/hubsch-interior.com\/fr\/#\/schema\/logo\/image\/\"}}]}<\/script>\n<!-- \/ Yoast SEO plugin. -->","yoast_head_json":{"title":"Haus Tabouret Beige - H\u00fcbsch","description":"Un \u00e9l\u00e9ment qui se distingue en toute subtilit\u00e9, o\u00f9 que vous le placiez. Le Haus Tabouret en beige clair associe des lignes \u00e9pur\u00e9es et sereines \u00e0 des","robots":{"index":"index","follow":"follow","max-snippet":"max-snippet:-1","max-image-preview":"max-image-preview:large","max-video-preview":"max-video-preview:-1"},"canonical":"https:\/\/hubsch-interior.com\/fr\/wp-json\/wp\/v2\/product\/1090160","og_locale":"fr_FR","og_type":"article","og_title":"Haus Tabouret Beige - H\u00fcbsch","og_description":"Un \u00e9l\u00e9ment qui se distingue en toute subtilit\u00e9, o\u00f9 que vous le placiez. Le Haus Tabouret en beige clair associe des lignes \u00e9pur\u00e9es et sereines \u00e0 des","og_url":"https:\/\/hubsch-interior.com\/fr\/produit\/haus-tabouret-beige\/","og_site_name":"H\u00fcbsch","article_modified_time":"2026-04-02T03:28:41+00:00","og_image":[{"width":1200,"height":1200,"url":"https:\/\/hubsch-interior.com\/wp-content\/uploads\/2026\/01\/haus-stool-beige-b617c1b2c4cedb3d82a09cebb61fabac.jpg","type":"image\/jpeg"}],"twitter_card":"summary_large_image","schema":{"@context":"https:\/\/schema.org","@graph":[{"@type":"WebPage","@id":"https:\/\/hubsch-interior.com\/fr\/produit\/haus-tabouret-beige\/","url":"https:\/\/hubsch-interior.com\/fr\/produit\/haus-tabouret-beige\/","name":"Haus Tabouret Beige - H\u00fcbsch","isPartOf":{"@id":"https:\/\/hubsch-interior.com\/fr\/#website"},"primaryImageOfPage":{"@id":"https:\/\/hubsch-interior.com\/fr\/produit\/haus-tabouret-beige\/#primaryimage"},"image":{"@id":"https:\/\/hubsch-interior.com\/fr\/produit\/haus-tabouret-beige\/#primaryimage"},"thumbnailUrl":"https:\/\/hubsch-interior.com\/wp-content\/uploads\/2026\/02\/haus-stool-beige-cd1d4fa0fa118c4dfdaba6f5086e4043.jpg","datePublished":"2026-01-31T04:36:10+00:00","dateModified":"2026-04-02T03:28:41+00:00","description":"Un \u00e9l\u00e9ment qui se distingue en toute subtilit\u00e9, o\u00f9 que vous le placiez. Le Haus Tabouret en beige clair associe des lignes \u00e9pur\u00e9es et sereines \u00e0 des","breadcrumb":{"@id":"https:\/\/hubsch-interior.com\/fr\/produit\/haus-tabouret-beige\/#breadcrumb"},"inLanguage":"fr-FR","potentialAction":[{"@type":"ReadAction","target":["https:\/\/hubsch-interior.com\/fr\/produit\/haus-tabouret-beige\/"]}]},{"@type":"ImageObject","inLanguage":"fr-FR","@id":"https:\/\/hubsch-interior.com\/fr\/produit\/haus-tabouret-beige\/#primaryimage","url":"https:\/\/hubsch-interior.com\/wp-content\/uploads\/2026\/02\/haus-stool-beige-cd1d4fa0fa118c4dfdaba6f5086e4043.jpg","contentUrl":"https:\/\/hubsch-interior.com\/wp-content\/uploads\/2026\/02\/haus-stool-beige-cd1d4fa0fa118c4dfdaba6f5086e4043.jpg","width":1024,"height":1024},{"@type":"BreadcrumbList","@id":"https:\/\/hubsch-interior.com\/fr\/produit\/haus-tabouret-beige\/#breadcrumb","itemListElement":[{"@type":"ListItem","position":1,"name":"Page d'accueil","item":"https:\/\/hubsch-interior.com\/fr\/"},{"@type":"ListItem","position":2,"name":"Produits","item":"https:\/\/hubsch-interior.com\/fr\/shop-2\/"},{"@type":"ListItem","position":3,"name":"Haus Tabouret Beige"}]},{"@type":"WebSite","@id":"https:\/\/hubsch-interior.com\/fr\/#website","url":"https:\/\/hubsch-interior.com\/fr\/","name":"H\u00fcbsch","description":"Danish Home Interior and Design","publisher":{"@id":"https:\/\/hubsch-interior.com\/fr\/#organization"},"potentialAction":[{"@type":"SearchAction","target":{"@type":"EntryPoint","urlTemplate":"https:\/\/hubsch-interior.com\/fr\/?s={search_term_string}"},"query-input":{"@type":"PropertyValueSpecification","valueRequired":true,"valueName":"search_term_string"}}],"inLanguage":"fr-FR"},{"@type":"Organization","@id":"https:\/\/hubsch-interior.com\/fr\/#organization","name":"H\u00fcbsch","url":"https:\/\/hubsch-interior.com\/fr\/","logo":{"@type":"ImageObject","inLanguage":"fr-FR","@id":"https:\/\/hubsch-interior.com\/fr\/#\/schema\/logo\/image\/","url":"https:\/\/hubsch-interior.com\/wp-content\/uploads\/2022\/12\/Hubsch_logo_black_one_line.svg","contentUrl":"https:\/\/hubsch-interior.com\/wp-content\/uploads\/2022\/12\/Hubsch_logo_black_one_line.svg","caption":"H\u00fcbsch"},"image":{"@id":"https:\/\/hubsch-interior.com\/fr\/#\/schema\/logo\/image\/"}}]}},"_links":{"self":[{"href":"https:\/\/hubsch-interior.com\/fr\/wp-json\/wp\/v2\/product\/1090160","targetHints":{"allow":["GET"]}}],"collection":[{"href":"https:\/\/hubsch-interior.com\/fr\/wp-json\/wp\/v2\/product"}],"about":[{"href":"https:\/\/hubsch-interior.com\/fr\/wp-json\/wp\/v2\/types\/product"}],"wp:featuredmedia":[{"embeddable":true,"href":"https:\/\/hubsch-interior.com\/fr\/wp-json\/wp\/v2\/media\/1112516"}],"wp:attachment":[{"href":"https:\/\/hubsch-interior.com\/fr\/wp-json\/wp\/v2\/media?parent=1090160"}],"wp:term":[{"taxonomy":"product_brand","embeddable":true,"href":"https:\/\/hubsch-interior.com\/fr\/wp-json\/wp\/v2\/product_brand?post=1090160"},{"taxonomy":"product_cat","embeddable":true,"href":"https:\/\/hubsch-interior.com\/fr\/wp-json\/wp\/v2\/product_cat?post=1090160"},{"taxonomy":"product_tag","embeddable":true,"href":"https:\/\/hubsch-interior.com\/fr\/wp-json\/wp\/v2\/product_tag?post=1090160"}],"curies":[{"name":"wp","href":"https:\/\/api.w.org\/{rel}","templated":true}]}}