{"id":1090180,"date":"2026-01-31T05:36:21","date_gmt":"2026-01-31T04:36:21","guid":{"rendered":"https:\/\/hubsch-interior.com\/product\/product\/"},"modified":"2026-04-02T05:28:45","modified_gmt":"2026-04-02T03:28:45","slug":"haus-table-a-manger-large-beige","status":"publish","type":"product","link":"https:\/\/hubsch-interior.com\/fr\/produit\/haus-table-a-manger-large-beige\/","title":{"rendered":"Haus Table \u00e0 manger Large Beige"},"content":{"rendered":"<p>L\u00e0 o\u00f9 les couleurs apaisantes rencontrent le rituel quotidien. La Table \u00e0 manger Haus en beige clair apporte une \u00e9l\u00e9gance tranquille \u00e0 votre int\u00e9rieur, avec sa forme \u00e9pur\u00e9e et sa tonalit\u00e9 sereine qui ajoutent une touche de douceur moderne. Con\u00e7ue pour \u00eatre robuste et stable tout en restant l\u00e9g\u00e8re d&#8217;apparence, elle est faite pour les maisons qui \u00e9voluent et s&#8217;adaptent facilement. Que ce soit pour un d\u00eener en semaine ou un brunch prolong\u00e9, cette table transforme les repas partag\u00e9s en moments de connexion styl\u00e9s et ancr\u00e9s.<\/p>\n","protected":false},"excerpt":{"rendered":"<p>L\u00e0 o\u00f9 les couleurs apaisantes rencontrent le rituel quotidien. La Table \u00e0 manger Haus en beige clair apporte une \u00e9l\u00e9gance tranquille \u00e0 votre int\u00e9rieur, avec sa forme \u00e9pur\u00e9e et sa tonalit\u00e9 sereine qui ajoutent une touche de douceur moderne. Con\u00e7ue pour \u00eatre robuste et stable tout en restant l\u00e9g\u00e8re d&#8217;apparence, elle est faite pour les [&hellip;]<\/p>\n","protected":false},"featured_media":1112524,"template":"","meta":{"_acf_changed":false,"inline_featured_image":false},"product_brand":[],"product_cat":[7154,7102,5012],"product_tag":[],"class_list":{"0":"post-1090180","1":"product","2":"type-product","3":"status-publish","4":"has-post-thumbnail","6":"product_cat-dweller-fr","7":"product_cat-tables-de-jardin-fr","8":"product_cat-mobilier-du-jardin-fr","9":"product_shipping_class-p05","11":"pa_color-beige-3","12":"pa_material-aluminium-fr","14":"first","15":"outofstock","16":"taxable","17":"shipping-taxable","18":"purchasable","19":"product-type-simple"},"exclude_global_add_ons":[],"addons":[],"acf":[],"yoast_head":"<!-- This site is optimized with the Yoast SEO plugin v26.4 - https:\/\/yoast.com\/wordpress\/plugins\/seo\/ -->\n<title>Haus Table \u00e0 manger Large Beige - H\u00fcbsch<\/title>\n<meta name=\"description\" content=\"L\u00e0 o\u00f9 les couleurs apaisantes rencontrent le rituel quotidien. La Table \u00e0 manger Haus en beige clair apporte une \u00e9l\u00e9gance tranquille \u00e0 votre int\u00e9rieur,\" \/>\n<meta name=\"robots\" content=\"index, follow, max-snippet:-1, max-image-preview:large, max-video-preview:-1\" \/>\n<link rel=\"canonical\" href=\"https:\/\/hubsch-interior.com\/fr\/wp-json\/wp\/v2\/product\/1090180\" \/>\n<meta property=\"og:locale\" content=\"fr_FR\" \/>\n<meta property=\"og:type\" content=\"article\" \/>\n<meta property=\"og:title\" content=\"Haus Table \u00e0 manger Large Beige - H\u00fcbsch\" \/>\n<meta property=\"og:description\" content=\"L\u00e0 o\u00f9 les couleurs apaisantes rencontrent le rituel quotidien. La Table \u00e0 manger Haus en beige clair apporte une \u00e9l\u00e9gance tranquille \u00e0 votre int\u00e9rieur,\" \/>\n<meta property=\"og:url\" content=\"https:\/\/hubsch-interior.com\/fr\/produit\/haus-table-a-manger-large-beige\/\" \/>\n<meta property=\"og:site_name\" content=\"H\u00fcbsch\" \/>\n<meta property=\"article:modified_time\" content=\"2026-04-02T03:28:45+00:00\" \/>\n<meta property=\"og:image\" content=\"https:\/\/hubsch-interior.com\/wp-content\/uploads\/2026\/01\/haus-dining-table-large-beige-571164fea8e9f4f84b3e28f65c8c90e3.jpg\" \/>\n\t<meta property=\"og:image:width\" content=\"1200\" \/>\n\t<meta property=\"og:image:height\" content=\"1200\" \/>\n\t<meta property=\"og:image:type\" content=\"image\/jpeg\" \/>\n<meta name=\"twitter:card\" content=\"summary_large_image\" \/>\n<script type=\"application\/ld+json\" class=\"yoast-schema-graph\">{\"@context\":\"https:\/\/schema.org\",\"@graph\":[{\"@type\":\"WebPage\",\"@id\":\"https:\/\/hubsch-interior.com\/fr\/produit\/haus-table-a-manger-large-beige\/\",\"url\":\"https:\/\/hubsch-interior.com\/fr\/produit\/haus-table-a-manger-large-beige\/\",\"name\":\"Haus Table \u00e0 manger Large Beige - H\u00fcbsch\",\"isPartOf\":{\"@id\":\"https:\/\/hubsch-interior.com\/fr\/#website\"},\"primaryImageOfPage\":{\"@id\":\"https:\/\/hubsch-interior.com\/fr\/produit\/haus-table-a-manger-large-beige\/#primaryimage\"},\"image\":{\"@id\":\"https:\/\/hubsch-interior.com\/fr\/produit\/haus-table-a-manger-large-beige\/#primaryimage\"},\"thumbnailUrl\":\"https:\/\/hubsch-interior.com\/wp-content\/uploads\/2026\/02\/haus-dining-table-large-beige-44e8320974dd619d4004231e44cfb598.jpg\",\"datePublished\":\"2026-01-31T04:36:21+00:00\",\"dateModified\":\"2026-04-02T03:28:45+00:00\",\"description\":\"L\u00e0 o\u00f9 les couleurs apaisantes rencontrent le rituel quotidien. La Table \u00e0 manger Haus en beige clair apporte une \u00e9l\u00e9gance tranquille \u00e0 votre int\u00e9rieur,\",\"breadcrumb\":{\"@id\":\"https:\/\/hubsch-interior.com\/fr\/produit\/haus-table-a-manger-large-beige\/#breadcrumb\"},\"inLanguage\":\"fr-FR\",\"potentialAction\":[{\"@type\":\"ReadAction\",\"target\":[\"https:\/\/hubsch-interior.com\/fr\/produit\/haus-table-a-manger-large-beige\/\"]}]},{\"@type\":\"ImageObject\",\"inLanguage\":\"fr-FR\",\"@id\":\"https:\/\/hubsch-interior.com\/fr\/produit\/haus-table-a-manger-large-beige\/#primaryimage\",\"url\":\"https:\/\/hubsch-interior.com\/wp-content\/uploads\/2026\/02\/haus-dining-table-large-beige-44e8320974dd619d4004231e44cfb598.jpg\",\"contentUrl\":\"https:\/\/hubsch-interior.com\/wp-content\/uploads\/2026\/02\/haus-dining-table-large-beige-44e8320974dd619d4004231e44cfb598.jpg\",\"width\":1024,\"height\":1024},{\"@type\":\"BreadcrumbList\",\"@id\":\"https:\/\/hubsch-interior.com\/fr\/produit\/haus-table-a-manger-large-beige\/#breadcrumb\",\"itemListElement\":[{\"@type\":\"ListItem\",\"position\":1,\"name\":\"Page d'accueil\",\"item\":\"https:\/\/hubsch-interior.com\/fr\/\"},{\"@type\":\"ListItem\",\"position\":2,\"name\":\"Produits\",\"item\":\"https:\/\/hubsch-interior.com\/fr\/shop-2\/\"},{\"@type\":\"ListItem\",\"position\":3,\"name\":\"Haus Table \u00e0 manger Large Beige\"}]},{\"@type\":\"WebSite\",\"@id\":\"https:\/\/hubsch-interior.com\/fr\/#website\",\"url\":\"https:\/\/hubsch-interior.com\/fr\/\",\"name\":\"H\u00fcbsch\",\"description\":\"Danish Home Interior and Design\",\"publisher\":{\"@id\":\"https:\/\/hubsch-interior.com\/fr\/#organization\"},\"potentialAction\":[{\"@type\":\"SearchAction\",\"target\":{\"@type\":\"EntryPoint\",\"urlTemplate\":\"https:\/\/hubsch-interior.com\/fr\/?s={search_term_string}\"},\"query-input\":{\"@type\":\"PropertyValueSpecification\",\"valueRequired\":true,\"valueName\":\"search_term_string\"}}],\"inLanguage\":\"fr-FR\"},{\"@type\":\"Organization\",\"@id\":\"https:\/\/hubsch-interior.com\/fr\/#organization\",\"name\":\"H\u00fcbsch\",\"url\":\"https:\/\/hubsch-interior.com\/fr\/\",\"logo\":{\"@type\":\"ImageObject\",\"inLanguage\":\"fr-FR\",\"@id\":\"https:\/\/hubsch-interior.com\/fr\/#\/schema\/logo\/image\/\",\"url\":\"https:\/\/hubsch-interior.com\/wp-content\/uploads\/2022\/12\/Hubsch_logo_black_one_line.svg\",\"contentUrl\":\"https:\/\/hubsch-interior.com\/wp-content\/uploads\/2022\/12\/Hubsch_logo_black_one_line.svg\",\"caption\":\"H\u00fcbsch\"},\"image\":{\"@id\":\"https:\/\/hubsch-interior.com\/fr\/#\/schema\/logo\/image\/\"}}]}<\/script>\n<!-- \/ Yoast SEO plugin. -->","yoast_head_json":{"title":"Haus Table \u00e0 manger Large Beige - H\u00fcbsch","description":"L\u00e0 o\u00f9 les couleurs apaisantes rencontrent le rituel quotidien. La Table \u00e0 manger Haus en beige clair apporte une \u00e9l\u00e9gance tranquille \u00e0 votre int\u00e9rieur,","robots":{"index":"index","follow":"follow","max-snippet":"max-snippet:-1","max-image-preview":"max-image-preview:large","max-video-preview":"max-video-preview:-1"},"canonical":"https:\/\/hubsch-interior.com\/fr\/wp-json\/wp\/v2\/product\/1090180","og_locale":"fr_FR","og_type":"article","og_title":"Haus Table \u00e0 manger Large Beige - H\u00fcbsch","og_description":"L\u00e0 o\u00f9 les couleurs apaisantes rencontrent le rituel quotidien. La Table \u00e0 manger Haus en beige clair apporte une \u00e9l\u00e9gance tranquille \u00e0 votre int\u00e9rieur,","og_url":"https:\/\/hubsch-interior.com\/fr\/produit\/haus-table-a-manger-large-beige\/","og_site_name":"H\u00fcbsch","article_modified_time":"2026-04-02T03:28:45+00:00","og_image":[{"width":1200,"height":1200,"url":"https:\/\/hubsch-interior.com\/wp-content\/uploads\/2026\/01\/haus-dining-table-large-beige-571164fea8e9f4f84b3e28f65c8c90e3.jpg","type":"image\/jpeg"}],"twitter_card":"summary_large_image","schema":{"@context":"https:\/\/schema.org","@graph":[{"@type":"WebPage","@id":"https:\/\/hubsch-interior.com\/fr\/produit\/haus-table-a-manger-large-beige\/","url":"https:\/\/hubsch-interior.com\/fr\/produit\/haus-table-a-manger-large-beige\/","name":"Haus Table \u00e0 manger Large Beige - H\u00fcbsch","isPartOf":{"@id":"https:\/\/hubsch-interior.com\/fr\/#website"},"primaryImageOfPage":{"@id":"https:\/\/hubsch-interior.com\/fr\/produit\/haus-table-a-manger-large-beige\/#primaryimage"},"image":{"@id":"https:\/\/hubsch-interior.com\/fr\/produit\/haus-table-a-manger-large-beige\/#primaryimage"},"thumbnailUrl":"https:\/\/hubsch-interior.com\/wp-content\/uploads\/2026\/02\/haus-dining-table-large-beige-44e8320974dd619d4004231e44cfb598.jpg","datePublished":"2026-01-31T04:36:21+00:00","dateModified":"2026-04-02T03:28:45+00:00","description":"L\u00e0 o\u00f9 les couleurs apaisantes rencontrent le rituel quotidien. La Table \u00e0 manger Haus en beige clair apporte une \u00e9l\u00e9gance tranquille \u00e0 votre int\u00e9rieur,","breadcrumb":{"@id":"https:\/\/hubsch-interior.com\/fr\/produit\/haus-table-a-manger-large-beige\/#breadcrumb"},"inLanguage":"fr-FR","potentialAction":[{"@type":"ReadAction","target":["https:\/\/hubsch-interior.com\/fr\/produit\/haus-table-a-manger-large-beige\/"]}]},{"@type":"ImageObject","inLanguage":"fr-FR","@id":"https:\/\/hubsch-interior.com\/fr\/produit\/haus-table-a-manger-large-beige\/#primaryimage","url":"https:\/\/hubsch-interior.com\/wp-content\/uploads\/2026\/02\/haus-dining-table-large-beige-44e8320974dd619d4004231e44cfb598.jpg","contentUrl":"https:\/\/hubsch-interior.com\/wp-content\/uploads\/2026\/02\/haus-dining-table-large-beige-44e8320974dd619d4004231e44cfb598.jpg","width":1024,"height":1024},{"@type":"BreadcrumbList","@id":"https:\/\/hubsch-interior.com\/fr\/produit\/haus-table-a-manger-large-beige\/#breadcrumb","itemListElement":[{"@type":"ListItem","position":1,"name":"Page d'accueil","item":"https:\/\/hubsch-interior.com\/fr\/"},{"@type":"ListItem","position":2,"name":"Produits","item":"https:\/\/hubsch-interior.com\/fr\/shop-2\/"},{"@type":"ListItem","position":3,"name":"Haus Table \u00e0 manger Large Beige"}]},{"@type":"WebSite","@id":"https:\/\/hubsch-interior.com\/fr\/#website","url":"https:\/\/hubsch-interior.com\/fr\/","name":"H\u00fcbsch","description":"Danish Home Interior and Design","publisher":{"@id":"https:\/\/hubsch-interior.com\/fr\/#organization"},"potentialAction":[{"@type":"SearchAction","target":{"@type":"EntryPoint","urlTemplate":"https:\/\/hubsch-interior.com\/fr\/?s={search_term_string}"},"query-input":{"@type":"PropertyValueSpecification","valueRequired":true,"valueName":"search_term_string"}}],"inLanguage":"fr-FR"},{"@type":"Organization","@id":"https:\/\/hubsch-interior.com\/fr\/#organization","name":"H\u00fcbsch","url":"https:\/\/hubsch-interior.com\/fr\/","logo":{"@type":"ImageObject","inLanguage":"fr-FR","@id":"https:\/\/hubsch-interior.com\/fr\/#\/schema\/logo\/image\/","url":"https:\/\/hubsch-interior.com\/wp-content\/uploads\/2022\/12\/Hubsch_logo_black_one_line.svg","contentUrl":"https:\/\/hubsch-interior.com\/wp-content\/uploads\/2022\/12\/Hubsch_logo_black_one_line.svg","caption":"H\u00fcbsch"},"image":{"@id":"https:\/\/hubsch-interior.com\/fr\/#\/schema\/logo\/image\/"}}]}},"_links":{"self":[{"href":"https:\/\/hubsch-interior.com\/fr\/wp-json\/wp\/v2\/product\/1090180","targetHints":{"allow":["GET"]}}],"collection":[{"href":"https:\/\/hubsch-interior.com\/fr\/wp-json\/wp\/v2\/product"}],"about":[{"href":"https:\/\/hubsch-interior.com\/fr\/wp-json\/wp\/v2\/types\/product"}],"wp:featuredmedia":[{"embeddable":true,"href":"https:\/\/hubsch-interior.com\/fr\/wp-json\/wp\/v2\/media\/1112524"}],"wp:attachment":[{"href":"https:\/\/hubsch-interior.com\/fr\/wp-json\/wp\/v2\/media?parent=1090180"}],"wp:term":[{"taxonomy":"product_brand","embeddable":true,"href":"https:\/\/hubsch-interior.com\/fr\/wp-json\/wp\/v2\/product_brand?post=1090180"},{"taxonomy":"product_cat","embeddable":true,"href":"https:\/\/hubsch-interior.com\/fr\/wp-json\/wp\/v2\/product_cat?post=1090180"},{"taxonomy":"product_tag","embeddable":true,"href":"https:\/\/hubsch-interior.com\/fr\/wp-json\/wp\/v2\/product_tag?post=1090180"}],"curies":[{"name":"wp","href":"https:\/\/api.w.org\/{rel}","templated":true}]}}