{"id":1090200,"date":"2026-01-31T05:36:33","date_gmt":"2026-01-31T04:36:33","guid":{"rendered":"https:\/\/hubsch-interior.com\/product\/product\/"},"modified":"2026-04-02T05:28:48","modified_gmt":"2026-04-02T03:28:48","slug":"haus-table-a-manger-small-beige","status":"publish","type":"product","link":"https:\/\/hubsch-interior.com\/fr\/produit\/haus-table-a-manger-small-beige\/","title":{"rendered":"Haus Table \u00e0 manger Small Beige"},"content":{"rendered":"<p>Repas quotidiens, sublim\u00e9s avec \u00e9l\u00e9gance. La Table \u00e0 manger Haus en beige clair offre une pr\u00e9sence apaisante avec sa silhouette minimaliste et son harmonie de tons chauds. Con\u00e7ue avec des lignes droites et une sensation \u00e0 la fois solide et l\u00e9g\u00e8re comme une plume, elle est facile \u00e0 repositionner \u2014 id\u00e9ale pour les d\u00eeners spontan\u00e9s ou les matins tranquilles. Cette table de taille r\u00e9duite apporte une structure douce \u00e0 votre espace, rendant m\u00eame les repas les plus simples intentionnels et accueillants.<\/p>\n","protected":false},"excerpt":{"rendered":"<p>Repas quotidiens, sublim\u00e9s avec \u00e9l\u00e9gance. La Table \u00e0 manger Haus en beige clair offre une pr\u00e9sence apaisante avec sa silhouette minimaliste et son harmonie de tons chauds. Con\u00e7ue avec des lignes droites et une sensation \u00e0 la fois solide et l\u00e9g\u00e8re comme une plume, elle est facile \u00e0 repositionner \u2014 id\u00e9ale pour les d\u00eeners spontan\u00e9s [&hellip;]<\/p>\n","protected":false},"featured_media":1112536,"template":"","meta":{"_acf_changed":false,"inline_featured_image":false},"product_brand":[],"product_cat":[7154,7102,5012],"product_tag":[],"class_list":{"0":"post-1090200","1":"product","2":"type-product","3":"status-publish","4":"has-post-thumbnail","6":"product_cat-dweller-fr","7":"product_cat-tables-de-jardin-fr","8":"product_cat-mobilier-du-jardin-fr","9":"product_shipping_class-pk","11":"pa_color-beige-3","12":"pa_material-aluminium-fr","14":"first","15":"outofstock","16":"taxable","17":"shipping-taxable","18":"purchasable","19":"product-type-simple"},"exclude_global_add_ons":[],"addons":[],"acf":[],"yoast_head":"<!-- This site is optimized with the Yoast SEO plugin v26.4 - https:\/\/yoast.com\/wordpress\/plugins\/seo\/ -->\n<title>Haus Table \u00e0 manger Small Beige - H\u00fcbsch<\/title>\n<meta name=\"description\" content=\"Repas quotidiens, sublim\u00e9s avec \u00e9l\u00e9gance. La Table \u00e0 manger Haus en beige clair offre une pr\u00e9sence apaisante avec sa silhouette minimaliste et son\" \/>\n<meta name=\"robots\" content=\"index, follow, max-snippet:-1, max-image-preview:large, max-video-preview:-1\" \/>\n<link rel=\"canonical\" href=\"https:\/\/hubsch-interior.com\/fr\/wp-json\/wp\/v2\/product\/1090200\" \/>\n<meta property=\"og:locale\" content=\"fr_FR\" \/>\n<meta property=\"og:type\" content=\"article\" \/>\n<meta property=\"og:title\" content=\"Haus Table \u00e0 manger Small Beige - H\u00fcbsch\" \/>\n<meta property=\"og:description\" content=\"Repas quotidiens, sublim\u00e9s avec \u00e9l\u00e9gance. La Table \u00e0 manger Haus en beige clair offre une pr\u00e9sence apaisante avec sa silhouette minimaliste et son\" \/>\n<meta property=\"og:url\" content=\"https:\/\/hubsch-interior.com\/fr\/produit\/haus-table-a-manger-small-beige\/\" \/>\n<meta property=\"og:site_name\" content=\"H\u00fcbsch\" \/>\n<meta property=\"article:modified_time\" content=\"2026-04-02T03:28:48+00:00\" \/>\n<meta property=\"og:image\" content=\"https:\/\/hubsch-interior.com\/wp-content\/uploads\/2026\/01\/haus-dining-table-small-beige-22d208f58111f65014676d6f04869050.jpg\" \/>\n\t<meta property=\"og:image:width\" content=\"1200\" \/>\n\t<meta property=\"og:image:height\" content=\"1200\" \/>\n\t<meta property=\"og:image:type\" content=\"image\/jpeg\" \/>\n<meta name=\"twitter:card\" content=\"summary_large_image\" \/>\n<script type=\"application\/ld+json\" class=\"yoast-schema-graph\">{\"@context\":\"https:\/\/schema.org\",\"@graph\":[{\"@type\":\"WebPage\",\"@id\":\"https:\/\/hubsch-interior.com\/fr\/produit\/haus-table-a-manger-small-beige\/\",\"url\":\"https:\/\/hubsch-interior.com\/fr\/produit\/haus-table-a-manger-small-beige\/\",\"name\":\"Haus Table \u00e0 manger Small Beige - H\u00fcbsch\",\"isPartOf\":{\"@id\":\"https:\/\/hubsch-interior.com\/fr\/#website\"},\"primaryImageOfPage\":{\"@id\":\"https:\/\/hubsch-interior.com\/fr\/produit\/haus-table-a-manger-small-beige\/#primaryimage\"},\"image\":{\"@id\":\"https:\/\/hubsch-interior.com\/fr\/produit\/haus-table-a-manger-small-beige\/#primaryimage\"},\"thumbnailUrl\":\"https:\/\/hubsch-interior.com\/wp-content\/uploads\/2026\/02\/haus-dining-table-small-beige-f881f802e48aaea787681e45564cc748.jpg\",\"datePublished\":\"2026-01-31T04:36:33+00:00\",\"dateModified\":\"2026-04-02T03:28:48+00:00\",\"description\":\"Repas quotidiens, sublim\u00e9s avec \u00e9l\u00e9gance. La Table \u00e0 manger Haus en beige clair offre une pr\u00e9sence apaisante avec sa silhouette minimaliste et son\",\"breadcrumb\":{\"@id\":\"https:\/\/hubsch-interior.com\/fr\/produit\/haus-table-a-manger-small-beige\/#breadcrumb\"},\"inLanguage\":\"fr-FR\",\"potentialAction\":[{\"@type\":\"ReadAction\",\"target\":[\"https:\/\/hubsch-interior.com\/fr\/produit\/haus-table-a-manger-small-beige\/\"]}]},{\"@type\":\"ImageObject\",\"inLanguage\":\"fr-FR\",\"@id\":\"https:\/\/hubsch-interior.com\/fr\/produit\/haus-table-a-manger-small-beige\/#primaryimage\",\"url\":\"https:\/\/hubsch-interior.com\/wp-content\/uploads\/2026\/02\/haus-dining-table-small-beige-f881f802e48aaea787681e45564cc748.jpg\",\"contentUrl\":\"https:\/\/hubsch-interior.com\/wp-content\/uploads\/2026\/02\/haus-dining-table-small-beige-f881f802e48aaea787681e45564cc748.jpg\",\"width\":1024,\"height\":1024},{\"@type\":\"BreadcrumbList\",\"@id\":\"https:\/\/hubsch-interior.com\/fr\/produit\/haus-table-a-manger-small-beige\/#breadcrumb\",\"itemListElement\":[{\"@type\":\"ListItem\",\"position\":1,\"name\":\"Page d'accueil\",\"item\":\"https:\/\/hubsch-interior.com\/fr\/\"},{\"@type\":\"ListItem\",\"position\":2,\"name\":\"Produits\",\"item\":\"https:\/\/hubsch-interior.com\/fr\/shop-2\/\"},{\"@type\":\"ListItem\",\"position\":3,\"name\":\"Haus Table \u00e0 manger Small Beige\"}]},{\"@type\":\"WebSite\",\"@id\":\"https:\/\/hubsch-interior.com\/fr\/#website\",\"url\":\"https:\/\/hubsch-interior.com\/fr\/\",\"name\":\"H\u00fcbsch\",\"description\":\"Danish Home Interior and Design\",\"publisher\":{\"@id\":\"https:\/\/hubsch-interior.com\/fr\/#organization\"},\"potentialAction\":[{\"@type\":\"SearchAction\",\"target\":{\"@type\":\"EntryPoint\",\"urlTemplate\":\"https:\/\/hubsch-interior.com\/fr\/?s={search_term_string}\"},\"query-input\":{\"@type\":\"PropertyValueSpecification\",\"valueRequired\":true,\"valueName\":\"search_term_string\"}}],\"inLanguage\":\"fr-FR\"},{\"@type\":\"Organization\",\"@id\":\"https:\/\/hubsch-interior.com\/fr\/#organization\",\"name\":\"H\u00fcbsch\",\"url\":\"https:\/\/hubsch-interior.com\/fr\/\",\"logo\":{\"@type\":\"ImageObject\",\"inLanguage\":\"fr-FR\",\"@id\":\"https:\/\/hubsch-interior.com\/fr\/#\/schema\/logo\/image\/\",\"url\":\"https:\/\/hubsch-interior.com\/wp-content\/uploads\/2022\/12\/Hubsch_logo_black_one_line.svg\",\"contentUrl\":\"https:\/\/hubsch-interior.com\/wp-content\/uploads\/2022\/12\/Hubsch_logo_black_one_line.svg\",\"caption\":\"H\u00fcbsch\"},\"image\":{\"@id\":\"https:\/\/hubsch-interior.com\/fr\/#\/schema\/logo\/image\/\"}}]}<\/script>\n<!-- \/ Yoast SEO plugin. -->","yoast_head_json":{"title":"Haus Table \u00e0 manger Small Beige - H\u00fcbsch","description":"Repas quotidiens, sublim\u00e9s avec \u00e9l\u00e9gance. La Table \u00e0 manger Haus en beige clair offre une pr\u00e9sence apaisante avec sa silhouette minimaliste et son","robots":{"index":"index","follow":"follow","max-snippet":"max-snippet:-1","max-image-preview":"max-image-preview:large","max-video-preview":"max-video-preview:-1"},"canonical":"https:\/\/hubsch-interior.com\/fr\/wp-json\/wp\/v2\/product\/1090200","og_locale":"fr_FR","og_type":"article","og_title":"Haus Table \u00e0 manger Small Beige - H\u00fcbsch","og_description":"Repas quotidiens, sublim\u00e9s avec \u00e9l\u00e9gance. La Table \u00e0 manger Haus en beige clair offre une pr\u00e9sence apaisante avec sa silhouette minimaliste et son","og_url":"https:\/\/hubsch-interior.com\/fr\/produit\/haus-table-a-manger-small-beige\/","og_site_name":"H\u00fcbsch","article_modified_time":"2026-04-02T03:28:48+00:00","og_image":[{"width":1200,"height":1200,"url":"https:\/\/hubsch-interior.com\/wp-content\/uploads\/2026\/01\/haus-dining-table-small-beige-22d208f58111f65014676d6f04869050.jpg","type":"image\/jpeg"}],"twitter_card":"summary_large_image","schema":{"@context":"https:\/\/schema.org","@graph":[{"@type":"WebPage","@id":"https:\/\/hubsch-interior.com\/fr\/produit\/haus-table-a-manger-small-beige\/","url":"https:\/\/hubsch-interior.com\/fr\/produit\/haus-table-a-manger-small-beige\/","name":"Haus Table \u00e0 manger Small Beige - H\u00fcbsch","isPartOf":{"@id":"https:\/\/hubsch-interior.com\/fr\/#website"},"primaryImageOfPage":{"@id":"https:\/\/hubsch-interior.com\/fr\/produit\/haus-table-a-manger-small-beige\/#primaryimage"},"image":{"@id":"https:\/\/hubsch-interior.com\/fr\/produit\/haus-table-a-manger-small-beige\/#primaryimage"},"thumbnailUrl":"https:\/\/hubsch-interior.com\/wp-content\/uploads\/2026\/02\/haus-dining-table-small-beige-f881f802e48aaea787681e45564cc748.jpg","datePublished":"2026-01-31T04:36:33+00:00","dateModified":"2026-04-02T03:28:48+00:00","description":"Repas quotidiens, sublim\u00e9s avec \u00e9l\u00e9gance. La Table \u00e0 manger Haus en beige clair offre une pr\u00e9sence apaisante avec sa silhouette minimaliste et son","breadcrumb":{"@id":"https:\/\/hubsch-interior.com\/fr\/produit\/haus-table-a-manger-small-beige\/#breadcrumb"},"inLanguage":"fr-FR","potentialAction":[{"@type":"ReadAction","target":["https:\/\/hubsch-interior.com\/fr\/produit\/haus-table-a-manger-small-beige\/"]}]},{"@type":"ImageObject","inLanguage":"fr-FR","@id":"https:\/\/hubsch-interior.com\/fr\/produit\/haus-table-a-manger-small-beige\/#primaryimage","url":"https:\/\/hubsch-interior.com\/wp-content\/uploads\/2026\/02\/haus-dining-table-small-beige-f881f802e48aaea787681e45564cc748.jpg","contentUrl":"https:\/\/hubsch-interior.com\/wp-content\/uploads\/2026\/02\/haus-dining-table-small-beige-f881f802e48aaea787681e45564cc748.jpg","width":1024,"height":1024},{"@type":"BreadcrumbList","@id":"https:\/\/hubsch-interior.com\/fr\/produit\/haus-table-a-manger-small-beige\/#breadcrumb","itemListElement":[{"@type":"ListItem","position":1,"name":"Page d'accueil","item":"https:\/\/hubsch-interior.com\/fr\/"},{"@type":"ListItem","position":2,"name":"Produits","item":"https:\/\/hubsch-interior.com\/fr\/shop-2\/"},{"@type":"ListItem","position":3,"name":"Haus Table \u00e0 manger Small Beige"}]},{"@type":"WebSite","@id":"https:\/\/hubsch-interior.com\/fr\/#website","url":"https:\/\/hubsch-interior.com\/fr\/","name":"H\u00fcbsch","description":"Danish Home Interior and Design","publisher":{"@id":"https:\/\/hubsch-interior.com\/fr\/#organization"},"potentialAction":[{"@type":"SearchAction","target":{"@type":"EntryPoint","urlTemplate":"https:\/\/hubsch-interior.com\/fr\/?s={search_term_string}"},"query-input":{"@type":"PropertyValueSpecification","valueRequired":true,"valueName":"search_term_string"}}],"inLanguage":"fr-FR"},{"@type":"Organization","@id":"https:\/\/hubsch-interior.com\/fr\/#organization","name":"H\u00fcbsch","url":"https:\/\/hubsch-interior.com\/fr\/","logo":{"@type":"ImageObject","inLanguage":"fr-FR","@id":"https:\/\/hubsch-interior.com\/fr\/#\/schema\/logo\/image\/","url":"https:\/\/hubsch-interior.com\/wp-content\/uploads\/2022\/12\/Hubsch_logo_black_one_line.svg","contentUrl":"https:\/\/hubsch-interior.com\/wp-content\/uploads\/2022\/12\/Hubsch_logo_black_one_line.svg","caption":"H\u00fcbsch"},"image":{"@id":"https:\/\/hubsch-interior.com\/fr\/#\/schema\/logo\/image\/"}}]}},"_links":{"self":[{"href":"https:\/\/hubsch-interior.com\/fr\/wp-json\/wp\/v2\/product\/1090200","targetHints":{"allow":["GET"]}}],"collection":[{"href":"https:\/\/hubsch-interior.com\/fr\/wp-json\/wp\/v2\/product"}],"about":[{"href":"https:\/\/hubsch-interior.com\/fr\/wp-json\/wp\/v2\/types\/product"}],"wp:featuredmedia":[{"embeddable":true,"href":"https:\/\/hubsch-interior.com\/fr\/wp-json\/wp\/v2\/media\/1112536"}],"wp:attachment":[{"href":"https:\/\/hubsch-interior.com\/fr\/wp-json\/wp\/v2\/media?parent=1090200"}],"wp:term":[{"taxonomy":"product_brand","embeddable":true,"href":"https:\/\/hubsch-interior.com\/fr\/wp-json\/wp\/v2\/product_brand?post=1090200"},{"taxonomy":"product_cat","embeddable":true,"href":"https:\/\/hubsch-interior.com\/fr\/wp-json\/wp\/v2\/product_cat?post=1090200"},{"taxonomy":"product_tag","embeddable":true,"href":"https:\/\/hubsch-interior.com\/fr\/wp-json\/wp\/v2\/product_tag?post=1090200"}],"curies":[{"name":"wp","href":"https:\/\/api.w.org\/{rel}","templated":true}]}}