{"id":11673,"date":"2020-09-09T23:18:58","date_gmt":"2020-09-09T21:18:58","guid":{"rendered":"https:\/\/hubsch-interior.com\/vare\/product\/"},"modified":"2026-04-09T04:22:48","modified_gmt":"2026-04-09T02:22:48","slug":"glaze-bol-large-bleu","status":"publish","type":"product","link":"https:\/\/hubsch-interior.com\/fr\/produit\/glaze-bol-large-bleu\/","title":{"rendered":"Glaze Bol Large Bleu"},"content":{"rendered":"<p>Le bol en c\u00e9ramique bleu fonc\u00e9 peut \u00eatre utilis\u00e9 pour servir des aliments, tels que des salades ou des collations ou bien pour pr\u00e9senter votre d\u00e9coration d\u2019int\u00e9rieur. Ce produit est fait \u00e0 la main et peut donc varier.<\/p>\n","protected":false},"excerpt":{"rendered":"<p>Le bol en c\u00e9ramique bleu fonc\u00e9 peut \u00eatre utilis\u00e9 pour servir des aliments, tels que des salades ou des collations ou bien pour pr\u00e9senter votre d\u00e9coration d\u2019int\u00e9rieur. Ce produit est fait \u00e0 la main et peut donc varier.<\/p>\n","protected":false},"featured_media":1095082,"template":"","meta":{"_acf_changed":false,"inline_featured_image":false},"product_brand":[],"product_cat":[6971,4053,4095,6535],"product_tag":[],"class_list":{"0":"post-11673","1":"product","2":"type-product","3":"status-publish","4":"has-post-thumbnail","6":"product_cat-paques","7":"product_cat-accessoires-de-cuisine-fr","8":"product_cat-vaisselle-fr","9":"product_cat-outlet-fr","10":"product_shipping_class-pk","12":"pa_color-bleu-2","13":"pa_material-cramique","15":"first","16":"instock","17":"sale","18":"taxable","19":"shipping-taxable","20":"purchasable","21":"product-type-simple"},"exclude_global_add_ons":[],"addons":[],"acf":[],"yoast_head":"<!-- This site is optimized with the Yoast SEO plugin v26.4 - https:\/\/yoast.com\/wordpress\/plugins\/seo\/ -->\n<title>Glaze Bol Large Bleu - H\u00fcbsch<\/title>\n<meta name=\"description\" content=\"Le bol en c\u00e9ramique bleu fonc\u00e9 peut \u00eatre utilis\u00e9 pour servir des aliments, tels que des salades ou des collations ou bien pour pr\u00e9senter votre d\u00e9coration\" \/>\n<meta name=\"robots\" content=\"index, follow, max-snippet:-1, max-image-preview:large, max-video-preview:-1\" \/>\n<link rel=\"canonical\" href=\"https:\/\/hubsch-interior.com\/fr\/wp-json\/wp\/v2\/product\/11673\" \/>\n<meta property=\"og:locale\" content=\"fr_FR\" \/>\n<meta property=\"og:type\" content=\"article\" \/>\n<meta property=\"og:title\" content=\"Glaze Bol Large Bleu - H\u00fcbsch\" \/>\n<meta property=\"og:description\" content=\"Le bol en c\u00e9ramique bleu fonc\u00e9 peut \u00eatre utilis\u00e9 pour servir des aliments, tels que des salades ou des collations ou bien pour pr\u00e9senter votre d\u00e9coration\" \/>\n<meta property=\"og:url\" content=\"https:\/\/hubsch-interior.com\/fr\/produit\/glaze-bol-large-bleu\/\" \/>\n<meta property=\"og:site_name\" content=\"H\u00fcbsch\" \/>\n<meta property=\"article:modified_time\" content=\"2026-04-09T02:22:48+00:00\" \/>\n<meta property=\"og:image\" content=\"https:\/\/hubsch-interior.com\/wp-content\/uploads\/2023\/08\/glaze-bowl-large-blue-7ac34b90b0556d8e02a77667f885d2c7.jpg\" \/>\n\t<meta property=\"og:image:width\" content=\"1200\" \/>\n\t<meta property=\"og:image:height\" content=\"1200\" \/>\n\t<meta property=\"og:image:type\" content=\"image\/jpeg\" \/>\n<meta name=\"twitter:card\" content=\"summary_large_image\" \/>\n<script type=\"application\/ld+json\" class=\"yoast-schema-graph\">{\"@context\":\"https:\/\/schema.org\",\"@graph\":[{\"@type\":\"WebPage\",\"@id\":\"https:\/\/hubsch-interior.com\/fr\/produit\/glaze-bol-large-bleu\/\",\"url\":\"https:\/\/hubsch-interior.com\/fr\/produit\/glaze-bol-large-bleu\/\",\"name\":\"Glaze Bol Large Bleu - H\u00fcbsch\",\"isPartOf\":{\"@id\":\"https:\/\/hubsch-interior.com\/fr\/#website\"},\"primaryImageOfPage\":{\"@id\":\"https:\/\/hubsch-interior.com\/fr\/produit\/glaze-bol-large-bleu\/#primaryimage\"},\"image\":{\"@id\":\"https:\/\/hubsch-interior.com\/fr\/produit\/glaze-bol-large-bleu\/#primaryimage\"},\"thumbnailUrl\":\"https:\/\/hubsch-interior.com\/wp-content\/uploads\/2026\/02\/glaze-bowl-large-blue-2c17fa64d74a43c307881fcea6ed9cf6.jpg\",\"datePublished\":\"2020-09-09T21:18:58+00:00\",\"dateModified\":\"2026-04-09T02:22:48+00:00\",\"description\":\"Le bol en c\u00e9ramique bleu fonc\u00e9 peut \u00eatre utilis\u00e9 pour servir des aliments, tels que des salades ou des collations ou bien pour pr\u00e9senter votre d\u00e9coration\",\"breadcrumb\":{\"@id\":\"https:\/\/hubsch-interior.com\/fr\/produit\/glaze-bol-large-bleu\/#breadcrumb\"},\"inLanguage\":\"fr-FR\",\"potentialAction\":[{\"@type\":\"ReadAction\",\"target\":[\"https:\/\/hubsch-interior.com\/fr\/produit\/glaze-bol-large-bleu\/\"]}]},{\"@type\":\"ImageObject\",\"inLanguage\":\"fr-FR\",\"@id\":\"https:\/\/hubsch-interior.com\/fr\/produit\/glaze-bol-large-bleu\/#primaryimage\",\"url\":\"https:\/\/hubsch-interior.com\/wp-content\/uploads\/2026\/02\/glaze-bowl-large-blue-2c17fa64d74a43c307881fcea6ed9cf6.jpg\",\"contentUrl\":\"https:\/\/hubsch-interior.com\/wp-content\/uploads\/2026\/02\/glaze-bowl-large-blue-2c17fa64d74a43c307881fcea6ed9cf6.jpg\",\"width\":1024,\"height\":1024},{\"@type\":\"BreadcrumbList\",\"@id\":\"https:\/\/hubsch-interior.com\/fr\/produit\/glaze-bol-large-bleu\/#breadcrumb\",\"itemListElement\":[{\"@type\":\"ListItem\",\"position\":1,\"name\":\"Page d'accueil\",\"item\":\"https:\/\/hubsch-interior.com\/fr\/\"},{\"@type\":\"ListItem\",\"position\":2,\"name\":\"Produits\",\"item\":\"https:\/\/hubsch-interior.com\/fr\/shop-2\/\"},{\"@type\":\"ListItem\",\"position\":3,\"name\":\"Accessoires maison\",\"item\":\"https:\/\/hubsch-interior.com\/fr\/categorie-produit\/accessoires-maison\/\"},{\"@type\":\"ListItem\",\"position\":4,\"name\":\"Accessoires de cuisine\",\"item\":\"https:\/\/hubsch-interior.com\/fr\/categorie-produit\/accessoires-maison\/accessoires-de-cuisine-fr\/\"},{\"@type\":\"ListItem\",\"position\":5,\"name\":\"Vaisselle\",\"item\":\"https:\/\/hubsch-interior.com\/fr\/categorie-produit\/accessoires-maison\/accessoires-de-cuisine-fr\/vaisselle-fr\/\"},{\"@type\":\"ListItem\",\"position\":6,\"name\":\"Glaze Bol Large Bleu\"}]},{\"@type\":\"WebSite\",\"@id\":\"https:\/\/hubsch-interior.com\/fr\/#website\",\"url\":\"https:\/\/hubsch-interior.com\/fr\/\",\"name\":\"H\u00fcbsch\",\"description\":\"Danish Home Interior and Design\",\"publisher\":{\"@id\":\"https:\/\/hubsch-interior.com\/fr\/#organization\"},\"potentialAction\":[{\"@type\":\"SearchAction\",\"target\":{\"@type\":\"EntryPoint\",\"urlTemplate\":\"https:\/\/hubsch-interior.com\/fr\/?s={search_term_string}\"},\"query-input\":{\"@type\":\"PropertyValueSpecification\",\"valueRequired\":true,\"valueName\":\"search_term_string\"}}],\"inLanguage\":\"fr-FR\"},{\"@type\":\"Organization\",\"@id\":\"https:\/\/hubsch-interior.com\/fr\/#organization\",\"name\":\"H\u00fcbsch\",\"url\":\"https:\/\/hubsch-interior.com\/fr\/\",\"logo\":{\"@type\":\"ImageObject\",\"inLanguage\":\"fr-FR\",\"@id\":\"https:\/\/hubsch-interior.com\/fr\/#\/schema\/logo\/image\/\",\"url\":\"https:\/\/hubsch-interior.com\/wp-content\/uploads\/2022\/12\/Hubsch_logo_black_one_line.svg\",\"contentUrl\":\"https:\/\/hubsch-interior.com\/wp-content\/uploads\/2022\/12\/Hubsch_logo_black_one_line.svg\",\"caption\":\"H\u00fcbsch\"},\"image\":{\"@id\":\"https:\/\/hubsch-interior.com\/fr\/#\/schema\/logo\/image\/\"}}]}<\/script>\n<!-- \/ Yoast SEO plugin. -->","yoast_head_json":{"title":"Glaze Bol Large Bleu - H\u00fcbsch","description":"Le bol en c\u00e9ramique bleu fonc\u00e9 peut \u00eatre utilis\u00e9 pour servir des aliments, tels que des salades ou des collations ou bien pour pr\u00e9senter votre d\u00e9coration","robots":{"index":"index","follow":"follow","max-snippet":"max-snippet:-1","max-image-preview":"max-image-preview:large","max-video-preview":"max-video-preview:-1"},"canonical":"https:\/\/hubsch-interior.com\/fr\/wp-json\/wp\/v2\/product\/11673","og_locale":"fr_FR","og_type":"article","og_title":"Glaze Bol Large Bleu - H\u00fcbsch","og_description":"Le bol en c\u00e9ramique bleu fonc\u00e9 peut \u00eatre utilis\u00e9 pour servir des aliments, tels que des salades ou des collations ou bien pour pr\u00e9senter votre d\u00e9coration","og_url":"https:\/\/hubsch-interior.com\/fr\/produit\/glaze-bol-large-bleu\/","og_site_name":"H\u00fcbsch","article_modified_time":"2026-04-09T02:22:48+00:00","og_image":[{"width":1200,"height":1200,"url":"https:\/\/hubsch-interior.com\/wp-content\/uploads\/2023\/08\/glaze-bowl-large-blue-7ac34b90b0556d8e02a77667f885d2c7.jpg","type":"image\/jpeg"}],"twitter_card":"summary_large_image","schema":{"@context":"https:\/\/schema.org","@graph":[{"@type":"WebPage","@id":"https:\/\/hubsch-interior.com\/fr\/produit\/glaze-bol-large-bleu\/","url":"https:\/\/hubsch-interior.com\/fr\/produit\/glaze-bol-large-bleu\/","name":"Glaze Bol Large Bleu - H\u00fcbsch","isPartOf":{"@id":"https:\/\/hubsch-interior.com\/fr\/#website"},"primaryImageOfPage":{"@id":"https:\/\/hubsch-interior.com\/fr\/produit\/glaze-bol-large-bleu\/#primaryimage"},"image":{"@id":"https:\/\/hubsch-interior.com\/fr\/produit\/glaze-bol-large-bleu\/#primaryimage"},"thumbnailUrl":"https:\/\/hubsch-interior.com\/wp-content\/uploads\/2026\/02\/glaze-bowl-large-blue-2c17fa64d74a43c307881fcea6ed9cf6.jpg","datePublished":"2020-09-09T21:18:58+00:00","dateModified":"2026-04-09T02:22:48+00:00","description":"Le bol en c\u00e9ramique bleu fonc\u00e9 peut \u00eatre utilis\u00e9 pour servir des aliments, tels que des salades ou des collations ou bien pour pr\u00e9senter votre d\u00e9coration","breadcrumb":{"@id":"https:\/\/hubsch-interior.com\/fr\/produit\/glaze-bol-large-bleu\/#breadcrumb"},"inLanguage":"fr-FR","potentialAction":[{"@type":"ReadAction","target":["https:\/\/hubsch-interior.com\/fr\/produit\/glaze-bol-large-bleu\/"]}]},{"@type":"ImageObject","inLanguage":"fr-FR","@id":"https:\/\/hubsch-interior.com\/fr\/produit\/glaze-bol-large-bleu\/#primaryimage","url":"https:\/\/hubsch-interior.com\/wp-content\/uploads\/2026\/02\/glaze-bowl-large-blue-2c17fa64d74a43c307881fcea6ed9cf6.jpg","contentUrl":"https:\/\/hubsch-interior.com\/wp-content\/uploads\/2026\/02\/glaze-bowl-large-blue-2c17fa64d74a43c307881fcea6ed9cf6.jpg","width":1024,"height":1024},{"@type":"BreadcrumbList","@id":"https:\/\/hubsch-interior.com\/fr\/produit\/glaze-bol-large-bleu\/#breadcrumb","itemListElement":[{"@type":"ListItem","position":1,"name":"Page d'accueil","item":"https:\/\/hubsch-interior.com\/fr\/"},{"@type":"ListItem","position":2,"name":"Produits","item":"https:\/\/hubsch-interior.com\/fr\/shop-2\/"},{"@type":"ListItem","position":3,"name":"Accessoires maison","item":"https:\/\/hubsch-interior.com\/fr\/categorie-produit\/accessoires-maison\/"},{"@type":"ListItem","position":4,"name":"Accessoires de cuisine","item":"https:\/\/hubsch-interior.com\/fr\/categorie-produit\/accessoires-maison\/accessoires-de-cuisine-fr\/"},{"@type":"ListItem","position":5,"name":"Vaisselle","item":"https:\/\/hubsch-interior.com\/fr\/categorie-produit\/accessoires-maison\/accessoires-de-cuisine-fr\/vaisselle-fr\/"},{"@type":"ListItem","position":6,"name":"Glaze Bol Large Bleu"}]},{"@type":"WebSite","@id":"https:\/\/hubsch-interior.com\/fr\/#website","url":"https:\/\/hubsch-interior.com\/fr\/","name":"H\u00fcbsch","description":"Danish Home Interior and Design","publisher":{"@id":"https:\/\/hubsch-interior.com\/fr\/#organization"},"potentialAction":[{"@type":"SearchAction","target":{"@type":"EntryPoint","urlTemplate":"https:\/\/hubsch-interior.com\/fr\/?s={search_term_string}"},"query-input":{"@type":"PropertyValueSpecification","valueRequired":true,"valueName":"search_term_string"}}],"inLanguage":"fr-FR"},{"@type":"Organization","@id":"https:\/\/hubsch-interior.com\/fr\/#organization","name":"H\u00fcbsch","url":"https:\/\/hubsch-interior.com\/fr\/","logo":{"@type":"ImageObject","inLanguage":"fr-FR","@id":"https:\/\/hubsch-interior.com\/fr\/#\/schema\/logo\/image\/","url":"https:\/\/hubsch-interior.com\/wp-content\/uploads\/2022\/12\/Hubsch_logo_black_one_line.svg","contentUrl":"https:\/\/hubsch-interior.com\/wp-content\/uploads\/2022\/12\/Hubsch_logo_black_one_line.svg","caption":"H\u00fcbsch"},"image":{"@id":"https:\/\/hubsch-interior.com\/fr\/#\/schema\/logo\/image\/"}}]}},"_links":{"self":[{"href":"https:\/\/hubsch-interior.com\/fr\/wp-json\/wp\/v2\/product\/11673","targetHints":{"allow":["GET"]}}],"collection":[{"href":"https:\/\/hubsch-interior.com\/fr\/wp-json\/wp\/v2\/product"}],"about":[{"href":"https:\/\/hubsch-interior.com\/fr\/wp-json\/wp\/v2\/types\/product"}],"wp:featuredmedia":[{"embeddable":true,"href":"https:\/\/hubsch-interior.com\/fr\/wp-json\/wp\/v2\/media\/1095082"}],"wp:attachment":[{"href":"https:\/\/hubsch-interior.com\/fr\/wp-json\/wp\/v2\/media?parent=11673"}],"wp:term":[{"taxonomy":"product_brand","embeddable":true,"href":"https:\/\/hubsch-interior.com\/fr\/wp-json\/wp\/v2\/product_brand?post=11673"},{"taxonomy":"product_cat","embeddable":true,"href":"https:\/\/hubsch-interior.com\/fr\/wp-json\/wp\/v2\/product_cat?post=11673"},{"taxonomy":"product_tag","embeddable":true,"href":"https:\/\/hubsch-interior.com\/fr\/wp-json\/wp\/v2\/product_tag?post=11673"}],"curies":[{"name":"wp","href":"https:\/\/api.w.org\/{rel}","templated":true}]}}