{"id":13277,"date":"2020-09-09T23:21:03","date_gmt":"2020-09-09T21:21:03","guid":{"rendered":"https:\/\/hubsch-interior.com\/vare\/product\/"},"modified":"2026-04-09T04:29:55","modified_gmt":"2026-04-09T02:29:55","slug":"moss-vases-vert-set-de-2","status":"publish","type":"product","link":"https:\/\/hubsch-interior.com\/fr\/produit\/moss-vases-vert-set-de-2\/","title":{"rendered":"Moss Vases Vert (set de 2)"},"content":{"rendered":"<p>Les vases sont fabriqu\u00e9s en verre de couleur verte et viennent en deux tailles diff\u00e9rentes. La forme organique des vases en fait des \u00e9l\u00e9ments parfait pour la maison moderne. Les vases peuvent \u00eatre plac\u00e9s sur la table \u00e0 manger ou sur le rebord de la fen\u00eatre. C&#8217;est vous qui choisissez. Ce produit est fait \u00e0 la main et peut donc varier.<\/p>\n","protected":false},"excerpt":{"rendered":"<p>Les vases sont fabriqu\u00e9s en verre de couleur verte et viennent en deux tailles diff\u00e9rentes. La forme organique des vases en fait des \u00e9l\u00e9ments parfait pour la maison moderne. Les vases peuvent \u00eatre plac\u00e9s sur la table \u00e0 manger ou sur le rebord de la fen\u00eatre. C&#8217;est vous qui choisissez. Ce produit est fait \u00e0 [&hellip;]<\/p>\n","protected":false},"featured_media":1096807,"template":"","meta":{"_acf_changed":false,"inline_featured_image":false},"product_brand":[],"product_cat":[6971,6348,3154,5026,6535],"product_tag":[],"class_list":{"0":"post-13277","1":"product","2":"type-product","3":"status-publish","4":"has-post-thumbnail","6":"product_cat-paques","7":"product_cat-garden-selection-fr","8":"product_cat-vases-fr","9":"product_cat-bestsellers-fr","10":"product_cat-outlet-fr","11":"product_shipping_class-pk","13":"pa_color-vert-2","14":"pa_material-verre-fr","16":"first","17":"instock","18":"sale","19":"featured","20":"taxable","21":"shipping-taxable","22":"purchasable","23":"product-type-simple"},"exclude_global_add_ons":[],"addons":[],"acf":[],"yoast_head":"<!-- This site is optimized with the Yoast SEO plugin v26.4 - https:\/\/yoast.com\/wordpress\/plugins\/seo\/ -->\n<title>Moss Vases Vert (set de 2) - H\u00fcbsch<\/title>\n<meta name=\"description\" content=\"Les vases sont fabriqu\u00e9s en verre de couleur verte et viennent en deux tailles diff\u00e9rentes. La forme organique des vases en fait des \u00e9l\u00e9ments parfait pour\" \/>\n<meta name=\"robots\" content=\"index, follow, max-snippet:-1, max-image-preview:large, max-video-preview:-1\" \/>\n<link rel=\"canonical\" href=\"https:\/\/hubsch-interior.com\/fr\/wp-json\/wp\/v2\/product\/13277\" \/>\n<meta property=\"og:locale\" content=\"fr_FR\" \/>\n<meta property=\"og:type\" content=\"article\" \/>\n<meta property=\"og:title\" content=\"Moss Vases Vert (set de 2) - H\u00fcbsch\" \/>\n<meta property=\"og:description\" content=\"Les vases sont fabriqu\u00e9s en verre de couleur verte et viennent en deux tailles diff\u00e9rentes. La forme organique des vases en fait des \u00e9l\u00e9ments parfait pour\" \/>\n<meta property=\"og:url\" content=\"https:\/\/hubsch-interior.com\/fr\/produit\/moss-vases-vert-set-de-2\/\" \/>\n<meta property=\"og:site_name\" content=\"H\u00fcbsch\" \/>\n<meta property=\"article:modified_time\" content=\"2026-04-09T02:29:55+00:00\" \/>\n<meta property=\"og:image\" content=\"https:\/\/hubsch-interior.com\/wp-content\/uploads\/2023\/08\/moss-vases-green-set-of-2-9b24e29cc9e7640ceb21aef730ae5df5.jpg\" \/>\n\t<meta property=\"og:image:width\" content=\"1200\" \/>\n\t<meta property=\"og:image:height\" content=\"1200\" \/>\n\t<meta property=\"og:image:type\" content=\"image\/jpeg\" \/>\n<meta name=\"twitter:card\" content=\"summary_large_image\" \/>\n<script type=\"application\/ld+json\" class=\"yoast-schema-graph\">{\"@context\":\"https:\/\/schema.org\",\"@graph\":[{\"@type\":\"WebPage\",\"@id\":\"https:\/\/hubsch-interior.com\/fr\/produit\/moss-vases-vert-set-de-2\/\",\"url\":\"https:\/\/hubsch-interior.com\/fr\/produit\/moss-vases-vert-set-de-2\/\",\"name\":\"Moss Vases Vert (set de 2) - H\u00fcbsch\",\"isPartOf\":{\"@id\":\"https:\/\/hubsch-interior.com\/fr\/#website\"},\"primaryImageOfPage\":{\"@id\":\"https:\/\/hubsch-interior.com\/fr\/produit\/moss-vases-vert-set-de-2\/#primaryimage\"},\"image\":{\"@id\":\"https:\/\/hubsch-interior.com\/fr\/produit\/moss-vases-vert-set-de-2\/#primaryimage\"},\"thumbnailUrl\":\"https:\/\/hubsch-interior.com\/wp-content\/uploads\/2026\/02\/moss-vases-green-set-of-2-0898a533949e21e2de650d5a632a2a57.jpg\",\"datePublished\":\"2020-09-09T21:21:03+00:00\",\"dateModified\":\"2026-04-09T02:29:55+00:00\",\"description\":\"Les vases sont fabriqu\u00e9s en verre de couleur verte et viennent en deux tailles diff\u00e9rentes. La forme organique des vases en fait des \u00e9l\u00e9ments parfait pour\",\"breadcrumb\":{\"@id\":\"https:\/\/hubsch-interior.com\/fr\/produit\/moss-vases-vert-set-de-2\/#breadcrumb\"},\"inLanguage\":\"fr-FR\",\"potentialAction\":[{\"@type\":\"ReadAction\",\"target\":[\"https:\/\/hubsch-interior.com\/fr\/produit\/moss-vases-vert-set-de-2\/\"]}]},{\"@type\":\"ImageObject\",\"inLanguage\":\"fr-FR\",\"@id\":\"https:\/\/hubsch-interior.com\/fr\/produit\/moss-vases-vert-set-de-2\/#primaryimage\",\"url\":\"https:\/\/hubsch-interior.com\/wp-content\/uploads\/2026\/02\/moss-vases-green-set-of-2-0898a533949e21e2de650d5a632a2a57.jpg\",\"contentUrl\":\"https:\/\/hubsch-interior.com\/wp-content\/uploads\/2026\/02\/moss-vases-green-set-of-2-0898a533949e21e2de650d5a632a2a57.jpg\",\"width\":1024,\"height\":1024},{\"@type\":\"BreadcrumbList\",\"@id\":\"https:\/\/hubsch-interior.com\/fr\/produit\/moss-vases-vert-set-de-2\/#breadcrumb\",\"itemListElement\":[{\"@type\":\"ListItem\",\"position\":1,\"name\":\"Page d'accueil\",\"item\":\"https:\/\/hubsch-interior.com\/fr\/\"},{\"@type\":\"ListItem\",\"position\":2,\"name\":\"Produits\",\"item\":\"https:\/\/hubsch-interior.com\/fr\/shop-2\/\"},{\"@type\":\"ListItem\",\"position\":3,\"name\":\"Accessoires maison\",\"item\":\"https:\/\/hubsch-interior.com\/fr\/categorie-produit\/accessoires-maison\/\"},{\"@type\":\"ListItem\",\"position\":4,\"name\":\"Vases\",\"item\":\"https:\/\/hubsch-interior.com\/fr\/categorie-produit\/accessoires-maison\/vases-fr\/\"},{\"@type\":\"ListItem\",\"position\":5,\"name\":\"Moss Vases Vert (set de 2)\"}]},{\"@type\":\"WebSite\",\"@id\":\"https:\/\/hubsch-interior.com\/fr\/#website\",\"url\":\"https:\/\/hubsch-interior.com\/fr\/\",\"name\":\"H\u00fcbsch\",\"description\":\"Danish Home Interior and Design\",\"publisher\":{\"@id\":\"https:\/\/hubsch-interior.com\/fr\/#organization\"},\"potentialAction\":[{\"@type\":\"SearchAction\",\"target\":{\"@type\":\"EntryPoint\",\"urlTemplate\":\"https:\/\/hubsch-interior.com\/fr\/?s={search_term_string}\"},\"query-input\":{\"@type\":\"PropertyValueSpecification\",\"valueRequired\":true,\"valueName\":\"search_term_string\"}}],\"inLanguage\":\"fr-FR\"},{\"@type\":\"Organization\",\"@id\":\"https:\/\/hubsch-interior.com\/fr\/#organization\",\"name\":\"H\u00fcbsch\",\"url\":\"https:\/\/hubsch-interior.com\/fr\/\",\"logo\":{\"@type\":\"ImageObject\",\"inLanguage\":\"fr-FR\",\"@id\":\"https:\/\/hubsch-interior.com\/fr\/#\/schema\/logo\/image\/\",\"url\":\"https:\/\/hubsch-interior.com\/wp-content\/uploads\/2022\/12\/Hubsch_logo_black_one_line.svg\",\"contentUrl\":\"https:\/\/hubsch-interior.com\/wp-content\/uploads\/2022\/12\/Hubsch_logo_black_one_line.svg\",\"caption\":\"H\u00fcbsch\"},\"image\":{\"@id\":\"https:\/\/hubsch-interior.com\/fr\/#\/schema\/logo\/image\/\"}}]}<\/script>\n<!-- \/ Yoast SEO plugin. -->","yoast_head_json":{"title":"Moss Vases Vert (set de 2) - H\u00fcbsch","description":"Les vases sont fabriqu\u00e9s en verre de couleur verte et viennent en deux tailles diff\u00e9rentes. La forme organique des vases en fait des \u00e9l\u00e9ments parfait pour","robots":{"index":"index","follow":"follow","max-snippet":"max-snippet:-1","max-image-preview":"max-image-preview:large","max-video-preview":"max-video-preview:-1"},"canonical":"https:\/\/hubsch-interior.com\/fr\/wp-json\/wp\/v2\/product\/13277","og_locale":"fr_FR","og_type":"article","og_title":"Moss Vases Vert (set de 2) - H\u00fcbsch","og_description":"Les vases sont fabriqu\u00e9s en verre de couleur verte et viennent en deux tailles diff\u00e9rentes. La forme organique des vases en fait des \u00e9l\u00e9ments parfait pour","og_url":"https:\/\/hubsch-interior.com\/fr\/produit\/moss-vases-vert-set-de-2\/","og_site_name":"H\u00fcbsch","article_modified_time":"2026-04-09T02:29:55+00:00","og_image":[{"width":1200,"height":1200,"url":"https:\/\/hubsch-interior.com\/wp-content\/uploads\/2023\/08\/moss-vases-green-set-of-2-9b24e29cc9e7640ceb21aef730ae5df5.jpg","type":"image\/jpeg"}],"twitter_card":"summary_large_image","schema":{"@context":"https:\/\/schema.org","@graph":[{"@type":"WebPage","@id":"https:\/\/hubsch-interior.com\/fr\/produit\/moss-vases-vert-set-de-2\/","url":"https:\/\/hubsch-interior.com\/fr\/produit\/moss-vases-vert-set-de-2\/","name":"Moss Vases Vert (set de 2) - H\u00fcbsch","isPartOf":{"@id":"https:\/\/hubsch-interior.com\/fr\/#website"},"primaryImageOfPage":{"@id":"https:\/\/hubsch-interior.com\/fr\/produit\/moss-vases-vert-set-de-2\/#primaryimage"},"image":{"@id":"https:\/\/hubsch-interior.com\/fr\/produit\/moss-vases-vert-set-de-2\/#primaryimage"},"thumbnailUrl":"https:\/\/hubsch-interior.com\/wp-content\/uploads\/2026\/02\/moss-vases-green-set-of-2-0898a533949e21e2de650d5a632a2a57.jpg","datePublished":"2020-09-09T21:21:03+00:00","dateModified":"2026-04-09T02:29:55+00:00","description":"Les vases sont fabriqu\u00e9s en verre de couleur verte et viennent en deux tailles diff\u00e9rentes. La forme organique des vases en fait des \u00e9l\u00e9ments parfait pour","breadcrumb":{"@id":"https:\/\/hubsch-interior.com\/fr\/produit\/moss-vases-vert-set-de-2\/#breadcrumb"},"inLanguage":"fr-FR","potentialAction":[{"@type":"ReadAction","target":["https:\/\/hubsch-interior.com\/fr\/produit\/moss-vases-vert-set-de-2\/"]}]},{"@type":"ImageObject","inLanguage":"fr-FR","@id":"https:\/\/hubsch-interior.com\/fr\/produit\/moss-vases-vert-set-de-2\/#primaryimage","url":"https:\/\/hubsch-interior.com\/wp-content\/uploads\/2026\/02\/moss-vases-green-set-of-2-0898a533949e21e2de650d5a632a2a57.jpg","contentUrl":"https:\/\/hubsch-interior.com\/wp-content\/uploads\/2026\/02\/moss-vases-green-set-of-2-0898a533949e21e2de650d5a632a2a57.jpg","width":1024,"height":1024},{"@type":"BreadcrumbList","@id":"https:\/\/hubsch-interior.com\/fr\/produit\/moss-vases-vert-set-de-2\/#breadcrumb","itemListElement":[{"@type":"ListItem","position":1,"name":"Page d'accueil","item":"https:\/\/hubsch-interior.com\/fr\/"},{"@type":"ListItem","position":2,"name":"Produits","item":"https:\/\/hubsch-interior.com\/fr\/shop-2\/"},{"@type":"ListItem","position":3,"name":"Accessoires maison","item":"https:\/\/hubsch-interior.com\/fr\/categorie-produit\/accessoires-maison\/"},{"@type":"ListItem","position":4,"name":"Vases","item":"https:\/\/hubsch-interior.com\/fr\/categorie-produit\/accessoires-maison\/vases-fr\/"},{"@type":"ListItem","position":5,"name":"Moss Vases Vert (set de 2)"}]},{"@type":"WebSite","@id":"https:\/\/hubsch-interior.com\/fr\/#website","url":"https:\/\/hubsch-interior.com\/fr\/","name":"H\u00fcbsch","description":"Danish Home Interior and Design","publisher":{"@id":"https:\/\/hubsch-interior.com\/fr\/#organization"},"potentialAction":[{"@type":"SearchAction","target":{"@type":"EntryPoint","urlTemplate":"https:\/\/hubsch-interior.com\/fr\/?s={search_term_string}"},"query-input":{"@type":"PropertyValueSpecification","valueRequired":true,"valueName":"search_term_string"}}],"inLanguage":"fr-FR"},{"@type":"Organization","@id":"https:\/\/hubsch-interior.com\/fr\/#organization","name":"H\u00fcbsch","url":"https:\/\/hubsch-interior.com\/fr\/","logo":{"@type":"ImageObject","inLanguage":"fr-FR","@id":"https:\/\/hubsch-interior.com\/fr\/#\/schema\/logo\/image\/","url":"https:\/\/hubsch-interior.com\/wp-content\/uploads\/2022\/12\/Hubsch_logo_black_one_line.svg","contentUrl":"https:\/\/hubsch-interior.com\/wp-content\/uploads\/2022\/12\/Hubsch_logo_black_one_line.svg","caption":"H\u00fcbsch"},"image":{"@id":"https:\/\/hubsch-interior.com\/fr\/#\/schema\/logo\/image\/"}}]}},"_links":{"self":[{"href":"https:\/\/hubsch-interior.com\/fr\/wp-json\/wp\/v2\/product\/13277","targetHints":{"allow":["GET"]}}],"collection":[{"href":"https:\/\/hubsch-interior.com\/fr\/wp-json\/wp\/v2\/product"}],"about":[{"href":"https:\/\/hubsch-interior.com\/fr\/wp-json\/wp\/v2\/types\/product"}],"wp:featuredmedia":[{"embeddable":true,"href":"https:\/\/hubsch-interior.com\/fr\/wp-json\/wp\/v2\/media\/1096807"}],"wp:attachment":[{"href":"https:\/\/hubsch-interior.com\/fr\/wp-json\/wp\/v2\/media?parent=13277"}],"wp:term":[{"taxonomy":"product_brand","embeddable":true,"href":"https:\/\/hubsch-interior.com\/fr\/wp-json\/wp\/v2\/product_brand?post=13277"},{"taxonomy":"product_cat","embeddable":true,"href":"https:\/\/hubsch-interior.com\/fr\/wp-json\/wp\/v2\/product_cat?post=13277"},{"taxonomy":"product_tag","embeddable":true,"href":"https:\/\/hubsch-interior.com\/fr\/wp-json\/wp\/v2\/product_tag?post=13277"}],"curies":[{"name":"wp","href":"https:\/\/api.w.org\/{rel}","templated":true}]}}