{"id":15313,"date":"2020-09-09T23:23:39","date_gmt":"2020-09-09T21:23:39","guid":{"rendered":"https:\/\/hubsch-interior.com\/vare\/product\/"},"modified":"2026-05-01T04:37:24","modified_gmt":"2026-05-01T02:37:24","slug":"pop-bocaux-de-cuisine-large-verre-depoli-set-de-2","status":"publish","type":"product","link":"https:\/\/hubsch-interior.com\/fr\/produit\/pop-bocaux-de-cuisine-large-verre-depoli-set-de-2\/","title":{"rendered":"Pop Bocaux de cuisine Large Verre D\u00e9poli (set de 2)"},"content":{"rendered":"<p>Les boites de rangement avec couvercles viennent par deux. Elles sont fabriqu\u00e9es en verre d\u00e9poli et peuvent \u00eatre plac\u00e9es dans la cuisine, dans le bureau, dans la salle de bain et dans d&#8217;autres pi\u00e8ces. Ce produit est fait \u00e0 la main et peut donc varier.<\/p>\n","protected":false},"excerpt":{"rendered":"<p>Les boites de rangement avec couvercles viennent par deux. Elles sont fabriqu\u00e9es en verre d\u00e9poli et peuvent \u00eatre plac\u00e9es dans la cuisine, dans le bureau, dans la salle de bain et dans d&#8217;autres pi\u00e8ces. Ce produit est fait \u00e0 la main et peut donc varier.<\/p>\n","protected":false},"featured_media":1098742,"template":"","meta":{"_acf_changed":false,"inline_featured_image":false},"product_brand":[],"product_cat":[3110,3428,4153,4960,6535],"product_tag":[],"class_list":{"0":"post-15313","1":"product","2":"type-product","3":"status-publish","4":"has-post-thumbnail","6":"product_cat-espace-de-rangement-fr","7":"product_cat-bocaux-fr","8":"product_cat-espace-de-travail-fr","9":"product_cat-rangement-fr","10":"product_cat-outlet-fr","11":"product_shipping_class-pk","13":"pa_color-verre-dpoli","14":"pa_material-verre-fr","16":"first","17":"instock","18":"sale","19":"taxable","20":"shipping-taxable","21":"purchasable","22":"product-type-simple"},"exclude_global_add_ons":[],"addons":[],"acf":[],"yoast_head":"<!-- This site is optimized with the Yoast SEO plugin v26.4 - https:\/\/yoast.com\/wordpress\/plugins\/seo\/ -->\n<title>Pop Bocaux de cuisine Large Verre D\u00e9poli (set de 2) - H\u00fcbsch<\/title>\n<meta name=\"description\" content=\"Les boites de rangement avec couvercles viennent par deux. Elles sont fabriqu\u00e9es en verre d\u00e9poli et peuvent \u00eatre plac\u00e9es dans la cuisine, dans le bureau,\" \/>\n<meta name=\"robots\" content=\"index, follow, max-snippet:-1, max-image-preview:large, max-video-preview:-1\" \/>\n<link rel=\"canonical\" href=\"https:\/\/hubsch-interior.com\/fr\/wp-json\/wp\/v2\/product\/15313\" \/>\n<meta property=\"og:locale\" content=\"fr_FR\" \/>\n<meta property=\"og:type\" content=\"article\" \/>\n<meta property=\"og:title\" content=\"Pop Bocaux de cuisine Large Verre D\u00e9poli (set de 2) - H\u00fcbsch\" \/>\n<meta property=\"og:description\" content=\"Les boites de rangement avec couvercles viennent par deux. Elles sont fabriqu\u00e9es en verre d\u00e9poli et peuvent \u00eatre plac\u00e9es dans la cuisine, dans le bureau,\" \/>\n<meta property=\"og:url\" content=\"https:\/\/hubsch-interior.com\/fr\/produit\/pop-bocaux-de-cuisine-large-verre-depoli-set-de-2\/\" \/>\n<meta property=\"og:site_name\" content=\"H\u00fcbsch\" \/>\n<meta property=\"article:modified_time\" content=\"2026-05-01T02:37:24+00:00\" \/>\n<meta property=\"og:image\" content=\"https:\/\/hubsch-interior.com\/wp-content\/uploads\/2024\/01\/pop-storage-jars-large-frosted-set-of-2-5dcd046b365cf8aa8db0c241b8aa228f.jpg\" \/>\n\t<meta property=\"og:image:width\" content=\"1200\" \/>\n\t<meta property=\"og:image:height\" content=\"1200\" \/>\n\t<meta property=\"og:image:type\" content=\"image\/jpeg\" \/>\n<meta name=\"twitter:card\" content=\"summary_large_image\" \/>\n<script type=\"application\/ld+json\" class=\"yoast-schema-graph\">{\"@context\":\"https:\/\/schema.org\",\"@graph\":[{\"@type\":\"WebPage\",\"@id\":\"https:\/\/hubsch-interior.com\/fr\/produit\/pop-bocaux-de-cuisine-large-verre-depoli-set-de-2\/\",\"url\":\"https:\/\/hubsch-interior.com\/fr\/produit\/pop-bocaux-de-cuisine-large-verre-depoli-set-de-2\/\",\"name\":\"Pop Bocaux de cuisine Large Verre D\u00e9poli (set de 2) - H\u00fcbsch\",\"isPartOf\":{\"@id\":\"https:\/\/hubsch-interior.com\/fr\/#website\"},\"primaryImageOfPage\":{\"@id\":\"https:\/\/hubsch-interior.com\/fr\/produit\/pop-bocaux-de-cuisine-large-verre-depoli-set-de-2\/#primaryimage\"},\"image\":{\"@id\":\"https:\/\/hubsch-interior.com\/fr\/produit\/pop-bocaux-de-cuisine-large-verre-depoli-set-de-2\/#primaryimage\"},\"thumbnailUrl\":\"https:\/\/hubsch-interior.com\/wp-content\/uploads\/2026\/02\/pop-storage-jars-large-frosted-set-of-2-632fa2e1601661e419a99257d77e8eac.jpg\",\"datePublished\":\"2020-09-09T21:23:39+00:00\",\"dateModified\":\"2026-05-01T02:37:24+00:00\",\"description\":\"Les boites de rangement avec couvercles viennent par deux. Elles sont fabriqu\u00e9es en verre d\u00e9poli et peuvent \u00eatre plac\u00e9es dans la cuisine, dans le bureau,\",\"breadcrumb\":{\"@id\":\"https:\/\/hubsch-interior.com\/fr\/produit\/pop-bocaux-de-cuisine-large-verre-depoli-set-de-2\/#breadcrumb\"},\"inLanguage\":\"fr-FR\",\"potentialAction\":[{\"@type\":\"ReadAction\",\"target\":[\"https:\/\/hubsch-interior.com\/fr\/produit\/pop-bocaux-de-cuisine-large-verre-depoli-set-de-2\/\"]}]},{\"@type\":\"ImageObject\",\"inLanguage\":\"fr-FR\",\"@id\":\"https:\/\/hubsch-interior.com\/fr\/produit\/pop-bocaux-de-cuisine-large-verre-depoli-set-de-2\/#primaryimage\",\"url\":\"https:\/\/hubsch-interior.com\/wp-content\/uploads\/2026\/02\/pop-storage-jars-large-frosted-set-of-2-632fa2e1601661e419a99257d77e8eac.jpg\",\"contentUrl\":\"https:\/\/hubsch-interior.com\/wp-content\/uploads\/2026\/02\/pop-storage-jars-large-frosted-set-of-2-632fa2e1601661e419a99257d77e8eac.jpg\",\"width\":1024,\"height\":1024},{\"@type\":\"BreadcrumbList\",\"@id\":\"https:\/\/hubsch-interior.com\/fr\/produit\/pop-bocaux-de-cuisine-large-verre-depoli-set-de-2\/#breadcrumb\",\"itemListElement\":[{\"@type\":\"ListItem\",\"position\":1,\"name\":\"Page d'accueil\",\"item\":\"https:\/\/hubsch-interior.com\/fr\/\"},{\"@type\":\"ListItem\",\"position\":2,\"name\":\"Produits\",\"item\":\"https:\/\/hubsch-interior.com\/fr\/shop-2\/\"},{\"@type\":\"ListItem\",\"position\":3,\"name\":\"Accessoires maison\",\"item\":\"https:\/\/hubsch-interior.com\/fr\/categorie-produit\/accessoires-maison\/\"},{\"@type\":\"ListItem\",\"position\":4,\"name\":\"Espace de rangement\",\"item\":\"https:\/\/hubsch-interior.com\/fr\/categorie-produit\/accessoires-maison\/espace-de-rangement-fr\/\"},{\"@type\":\"ListItem\",\"position\":5,\"name\":\"Bocaux\",\"item\":\"https:\/\/hubsch-interior.com\/fr\/categorie-produit\/accessoires-maison\/espace-de-rangement-fr\/bocaux-fr\/\"},{\"@type\":\"ListItem\",\"position\":6,\"name\":\"Pop Bocaux de cuisine Large Verre D\u00e9poli (set de 2)\"}]},{\"@type\":\"WebSite\",\"@id\":\"https:\/\/hubsch-interior.com\/fr\/#website\",\"url\":\"https:\/\/hubsch-interior.com\/fr\/\",\"name\":\"H\u00fcbsch\",\"description\":\"Danish Home Interior and Design\",\"publisher\":{\"@id\":\"https:\/\/hubsch-interior.com\/fr\/#organization\"},\"potentialAction\":[{\"@type\":\"SearchAction\",\"target\":{\"@type\":\"EntryPoint\",\"urlTemplate\":\"https:\/\/hubsch-interior.com\/fr\/?s={search_term_string}\"},\"query-input\":{\"@type\":\"PropertyValueSpecification\",\"valueRequired\":true,\"valueName\":\"search_term_string\"}}],\"inLanguage\":\"fr-FR\"},{\"@type\":\"Organization\",\"@id\":\"https:\/\/hubsch-interior.com\/fr\/#organization\",\"name\":\"H\u00fcbsch\",\"url\":\"https:\/\/hubsch-interior.com\/fr\/\",\"logo\":{\"@type\":\"ImageObject\",\"inLanguage\":\"fr-FR\",\"@id\":\"https:\/\/hubsch-interior.com\/fr\/#\/schema\/logo\/image\/\",\"url\":\"https:\/\/hubsch-interior.com\/wp-content\/uploads\/2022\/12\/Hubsch_logo_black_one_line.svg\",\"contentUrl\":\"https:\/\/hubsch-interior.com\/wp-content\/uploads\/2022\/12\/Hubsch_logo_black_one_line.svg\",\"caption\":\"H\u00fcbsch\"},\"image\":{\"@id\":\"https:\/\/hubsch-interior.com\/fr\/#\/schema\/logo\/image\/\"}}]}<\/script>\n<!-- \/ Yoast SEO plugin. -->","yoast_head_json":{"title":"Pop Bocaux de cuisine Large Verre D\u00e9poli (set de 2) - H\u00fcbsch","description":"Les boites de rangement avec couvercles viennent par deux. Elles sont fabriqu\u00e9es en verre d\u00e9poli et peuvent \u00eatre plac\u00e9es dans la cuisine, dans le bureau,","robots":{"index":"index","follow":"follow","max-snippet":"max-snippet:-1","max-image-preview":"max-image-preview:large","max-video-preview":"max-video-preview:-1"},"canonical":"https:\/\/hubsch-interior.com\/fr\/wp-json\/wp\/v2\/product\/15313","og_locale":"fr_FR","og_type":"article","og_title":"Pop Bocaux de cuisine Large Verre D\u00e9poli (set de 2) - H\u00fcbsch","og_description":"Les boites de rangement avec couvercles viennent par deux. Elles sont fabriqu\u00e9es en verre d\u00e9poli et peuvent \u00eatre plac\u00e9es dans la cuisine, dans le bureau,","og_url":"https:\/\/hubsch-interior.com\/fr\/produit\/pop-bocaux-de-cuisine-large-verre-depoli-set-de-2\/","og_site_name":"H\u00fcbsch","article_modified_time":"2026-05-01T02:37:24+00:00","og_image":[{"width":1200,"height":1200,"url":"https:\/\/hubsch-interior.com\/wp-content\/uploads\/2024\/01\/pop-storage-jars-large-frosted-set-of-2-5dcd046b365cf8aa8db0c241b8aa228f.jpg","type":"image\/jpeg"}],"twitter_card":"summary_large_image","schema":{"@context":"https:\/\/schema.org","@graph":[{"@type":"WebPage","@id":"https:\/\/hubsch-interior.com\/fr\/produit\/pop-bocaux-de-cuisine-large-verre-depoli-set-de-2\/","url":"https:\/\/hubsch-interior.com\/fr\/produit\/pop-bocaux-de-cuisine-large-verre-depoli-set-de-2\/","name":"Pop Bocaux de cuisine Large Verre D\u00e9poli (set de 2) - H\u00fcbsch","isPartOf":{"@id":"https:\/\/hubsch-interior.com\/fr\/#website"},"primaryImageOfPage":{"@id":"https:\/\/hubsch-interior.com\/fr\/produit\/pop-bocaux-de-cuisine-large-verre-depoli-set-de-2\/#primaryimage"},"image":{"@id":"https:\/\/hubsch-interior.com\/fr\/produit\/pop-bocaux-de-cuisine-large-verre-depoli-set-de-2\/#primaryimage"},"thumbnailUrl":"https:\/\/hubsch-interior.com\/wp-content\/uploads\/2026\/02\/pop-storage-jars-large-frosted-set-of-2-632fa2e1601661e419a99257d77e8eac.jpg","datePublished":"2020-09-09T21:23:39+00:00","dateModified":"2026-05-01T02:37:24+00:00","description":"Les boites de rangement avec couvercles viennent par deux. Elles sont fabriqu\u00e9es en verre d\u00e9poli et peuvent \u00eatre plac\u00e9es dans la cuisine, dans le bureau,","breadcrumb":{"@id":"https:\/\/hubsch-interior.com\/fr\/produit\/pop-bocaux-de-cuisine-large-verre-depoli-set-de-2\/#breadcrumb"},"inLanguage":"fr-FR","potentialAction":[{"@type":"ReadAction","target":["https:\/\/hubsch-interior.com\/fr\/produit\/pop-bocaux-de-cuisine-large-verre-depoli-set-de-2\/"]}]},{"@type":"ImageObject","inLanguage":"fr-FR","@id":"https:\/\/hubsch-interior.com\/fr\/produit\/pop-bocaux-de-cuisine-large-verre-depoli-set-de-2\/#primaryimage","url":"https:\/\/hubsch-interior.com\/wp-content\/uploads\/2026\/02\/pop-storage-jars-large-frosted-set-of-2-632fa2e1601661e419a99257d77e8eac.jpg","contentUrl":"https:\/\/hubsch-interior.com\/wp-content\/uploads\/2026\/02\/pop-storage-jars-large-frosted-set-of-2-632fa2e1601661e419a99257d77e8eac.jpg","width":1024,"height":1024},{"@type":"BreadcrumbList","@id":"https:\/\/hubsch-interior.com\/fr\/produit\/pop-bocaux-de-cuisine-large-verre-depoli-set-de-2\/#breadcrumb","itemListElement":[{"@type":"ListItem","position":1,"name":"Page d'accueil","item":"https:\/\/hubsch-interior.com\/fr\/"},{"@type":"ListItem","position":2,"name":"Produits","item":"https:\/\/hubsch-interior.com\/fr\/shop-2\/"},{"@type":"ListItem","position":3,"name":"Accessoires maison","item":"https:\/\/hubsch-interior.com\/fr\/categorie-produit\/accessoires-maison\/"},{"@type":"ListItem","position":4,"name":"Espace de rangement","item":"https:\/\/hubsch-interior.com\/fr\/categorie-produit\/accessoires-maison\/espace-de-rangement-fr\/"},{"@type":"ListItem","position":5,"name":"Bocaux","item":"https:\/\/hubsch-interior.com\/fr\/categorie-produit\/accessoires-maison\/espace-de-rangement-fr\/bocaux-fr\/"},{"@type":"ListItem","position":6,"name":"Pop Bocaux de cuisine Large Verre D\u00e9poli (set de 2)"}]},{"@type":"WebSite","@id":"https:\/\/hubsch-interior.com\/fr\/#website","url":"https:\/\/hubsch-interior.com\/fr\/","name":"H\u00fcbsch","description":"Danish Home Interior and Design","publisher":{"@id":"https:\/\/hubsch-interior.com\/fr\/#organization"},"potentialAction":[{"@type":"SearchAction","target":{"@type":"EntryPoint","urlTemplate":"https:\/\/hubsch-interior.com\/fr\/?s={search_term_string}"},"query-input":{"@type":"PropertyValueSpecification","valueRequired":true,"valueName":"search_term_string"}}],"inLanguage":"fr-FR"},{"@type":"Organization","@id":"https:\/\/hubsch-interior.com\/fr\/#organization","name":"H\u00fcbsch","url":"https:\/\/hubsch-interior.com\/fr\/","logo":{"@type":"ImageObject","inLanguage":"fr-FR","@id":"https:\/\/hubsch-interior.com\/fr\/#\/schema\/logo\/image\/","url":"https:\/\/hubsch-interior.com\/wp-content\/uploads\/2022\/12\/Hubsch_logo_black_one_line.svg","contentUrl":"https:\/\/hubsch-interior.com\/wp-content\/uploads\/2022\/12\/Hubsch_logo_black_one_line.svg","caption":"H\u00fcbsch"},"image":{"@id":"https:\/\/hubsch-interior.com\/fr\/#\/schema\/logo\/image\/"}}]}},"_links":{"self":[{"href":"https:\/\/hubsch-interior.com\/fr\/wp-json\/wp\/v2\/product\/15313","targetHints":{"allow":["GET"]}}],"collection":[{"href":"https:\/\/hubsch-interior.com\/fr\/wp-json\/wp\/v2\/product"}],"about":[{"href":"https:\/\/hubsch-interior.com\/fr\/wp-json\/wp\/v2\/types\/product"}],"wp:featuredmedia":[{"embeddable":true,"href":"https:\/\/hubsch-interior.com\/fr\/wp-json\/wp\/v2\/media\/1098742"}],"wp:attachment":[{"href":"https:\/\/hubsch-interior.com\/fr\/wp-json\/wp\/v2\/media?parent=15313"}],"wp:term":[{"taxonomy":"product_brand","embeddable":true,"href":"https:\/\/hubsch-interior.com\/fr\/wp-json\/wp\/v2\/product_brand?post=15313"},{"taxonomy":"product_cat","embeddable":true,"href":"https:\/\/hubsch-interior.com\/fr\/wp-json\/wp\/v2\/product_cat?post=15313"},{"taxonomy":"product_tag","embeddable":true,"href":"https:\/\/hubsch-interior.com\/fr\/wp-json\/wp\/v2\/product_tag?post=15313"}],"curies":[{"name":"wp","href":"https:\/\/api.w.org\/{rel}","templated":true}]}}