{"id":15369,"date":"2020-09-09T23:23:43","date_gmt":"2020-09-09T21:23:43","guid":{"rendered":"https:\/\/hubsch-interior.com\/vare\/product\/"},"modified":"2026-04-09T04:37:08","modified_gmt":"2026-04-09T02:37:08","slug":"kiosk-mugs-en-verre-multicolore-set-de-4","status":"publish","type":"product","link":"https:\/\/hubsch-interior.com\/fr\/produit\/kiosk-mugs-en-verre-multicolore-set-de-4\/","title":{"rendered":"Kiosk Mugs en verre \u00a0Multicolor\u00e9 (set de 4)"},"content":{"rendered":"<p>Les tasses en verre avec poign\u00e9es viennent par quatre. Les diff\u00e9rentes couleurs sont : ambre, bleu, rose et blanc. Les tasses ont un style minimaliste et \u00e9l\u00e9gant. Ce produit est fait \u00e0 la main et peut donc varier.<\/p>\n","protected":false},"excerpt":{"rendered":"<p>Les tasses en verre avec poign\u00e9es viennent par quatre. Les diff\u00e9rentes couleurs sont : ambre, bleu, rose et blanc. Les tasses ont un style minimaliste et \u00e9l\u00e9gant. Ce produit est fait \u00e0 la main et peut donc varier.<\/p>\n","protected":false},"featured_media":1098770,"template":"","meta":{"_acf_changed":false,"inline_featured_image":false},"product_brand":[],"product_cat":[6971,6348,4053,4095,5026,6535],"product_tag":[],"class_list":{"0":"post-15369","1":"product","2":"type-product","3":"status-publish","4":"has-post-thumbnail","6":"product_cat-paques","7":"product_cat-garden-selection-fr","8":"product_cat-accessoires-de-cuisine-fr","9":"product_cat-vaisselle-fr","10":"product_cat-bestsellers-fr","11":"product_cat-outlet-fr","12":"product_shipping_class-pk","14":"pa_color-multicolor-2","15":"pa_material-verre-fr","17":"first","18":"instock","19":"sale","20":"featured","21":"taxable","22":"shipping-taxable","23":"purchasable","24":"product-type-simple"},"exclude_global_add_ons":[],"addons":[],"acf":[],"yoast_head":"<!-- This site is optimized with the Yoast SEO plugin v26.4 - https:\/\/yoast.com\/wordpress\/plugins\/seo\/ -->\n<title>Kiosk Mugs en verre \u00a0Multicolor\u00e9 (set de 4) - H\u00fcbsch<\/title>\n<meta name=\"description\" content=\"Les tasses en verre avec poign\u00e9es viennent par quatre. Les diff\u00e9rentes couleurs sont : ambre, bleu, rose et blanc. Les tasses ont un style minimaliste et\" \/>\n<meta name=\"robots\" content=\"index, follow, max-snippet:-1, max-image-preview:large, max-video-preview:-1\" \/>\n<link rel=\"canonical\" href=\"https:\/\/hubsch-interior.com\/fr\/wp-json\/wp\/v2\/product\/15369\" \/>\n<meta property=\"og:locale\" content=\"fr_FR\" \/>\n<meta property=\"og:type\" content=\"article\" \/>\n<meta property=\"og:title\" content=\"Kiosk Mugs en verre \u00a0Multicolor\u00e9 (set de 4) - H\u00fcbsch\" \/>\n<meta property=\"og:description\" content=\"Les tasses en verre avec poign\u00e9es viennent par quatre. Les diff\u00e9rentes couleurs sont : ambre, bleu, rose et blanc. Les tasses ont un style minimaliste et\" \/>\n<meta property=\"og:url\" content=\"https:\/\/hubsch-interior.com\/fr\/produit\/kiosk-mugs-en-verre-multicolore-set-de-4\/\" \/>\n<meta property=\"og:site_name\" content=\"H\u00fcbsch\" \/>\n<meta property=\"article:modified_time\" content=\"2026-04-09T02:37:08+00:00\" \/>\n<meta property=\"og:image\" content=\"https:\/\/hubsch-interior.com\/wp-content\/uploads\/2024\/01\/kiosk-glass-mugs-multicolour-set-of-4-c2def6fbbe56a75d692f6c4f84cfc2a4.jpg\" \/>\n\t<meta property=\"og:image:width\" content=\"1200\" \/>\n\t<meta property=\"og:image:height\" content=\"1200\" \/>\n\t<meta property=\"og:image:type\" content=\"image\/jpeg\" \/>\n<meta name=\"twitter:card\" content=\"summary_large_image\" \/>\n<script type=\"application\/ld+json\" class=\"yoast-schema-graph\">{\"@context\":\"https:\/\/schema.org\",\"@graph\":[{\"@type\":\"WebPage\",\"@id\":\"https:\/\/hubsch-interior.com\/fr\/produit\/kiosk-mugs-en-verre-multicolore-set-de-4\/\",\"url\":\"https:\/\/hubsch-interior.com\/fr\/produit\/kiosk-mugs-en-verre-multicolore-set-de-4\/\",\"name\":\"Kiosk Mugs en verre \u00a0Multicolor\u00e9 (set de 4) - H\u00fcbsch\",\"isPartOf\":{\"@id\":\"https:\/\/hubsch-interior.com\/fr\/#website\"},\"primaryImageOfPage\":{\"@id\":\"https:\/\/hubsch-interior.com\/fr\/produit\/kiosk-mugs-en-verre-multicolore-set-de-4\/#primaryimage\"},\"image\":{\"@id\":\"https:\/\/hubsch-interior.com\/fr\/produit\/kiosk-mugs-en-verre-multicolore-set-de-4\/#primaryimage\"},\"thumbnailUrl\":\"https:\/\/hubsch-interior.com\/wp-content\/uploads\/2026\/02\/kiosk-glass-mugs-multicolour-set-of-4-dd9a12beddc9e1a6d7d30fcccd191814.jpg\",\"datePublished\":\"2020-09-09T21:23:43+00:00\",\"dateModified\":\"2026-04-09T02:37:08+00:00\",\"description\":\"Les tasses en verre avec poign\u00e9es viennent par quatre. Les diff\u00e9rentes couleurs sont : ambre, bleu, rose et blanc. Les tasses ont un style minimaliste et\",\"breadcrumb\":{\"@id\":\"https:\/\/hubsch-interior.com\/fr\/produit\/kiosk-mugs-en-verre-multicolore-set-de-4\/#breadcrumb\"},\"inLanguage\":\"fr-FR\",\"potentialAction\":[{\"@type\":\"ReadAction\",\"target\":[\"https:\/\/hubsch-interior.com\/fr\/produit\/kiosk-mugs-en-verre-multicolore-set-de-4\/\"]}]},{\"@type\":\"ImageObject\",\"inLanguage\":\"fr-FR\",\"@id\":\"https:\/\/hubsch-interior.com\/fr\/produit\/kiosk-mugs-en-verre-multicolore-set-de-4\/#primaryimage\",\"url\":\"https:\/\/hubsch-interior.com\/wp-content\/uploads\/2026\/02\/kiosk-glass-mugs-multicolour-set-of-4-dd9a12beddc9e1a6d7d30fcccd191814.jpg\",\"contentUrl\":\"https:\/\/hubsch-interior.com\/wp-content\/uploads\/2026\/02\/kiosk-glass-mugs-multicolour-set-of-4-dd9a12beddc9e1a6d7d30fcccd191814.jpg\",\"width\":1024,\"height\":1024},{\"@type\":\"BreadcrumbList\",\"@id\":\"https:\/\/hubsch-interior.com\/fr\/produit\/kiosk-mugs-en-verre-multicolore-set-de-4\/#breadcrumb\",\"itemListElement\":[{\"@type\":\"ListItem\",\"position\":1,\"name\":\"Page d'accueil\",\"item\":\"https:\/\/hubsch-interior.com\/fr\/\"},{\"@type\":\"ListItem\",\"position\":2,\"name\":\"Produits\",\"item\":\"https:\/\/hubsch-interior.com\/fr\/shop-2\/\"},{\"@type\":\"ListItem\",\"position\":3,\"name\":\"Accessoires maison\",\"item\":\"https:\/\/hubsch-interior.com\/fr\/categorie-produit\/accessoires-maison\/\"},{\"@type\":\"ListItem\",\"position\":4,\"name\":\"Accessoires de cuisine\",\"item\":\"https:\/\/hubsch-interior.com\/fr\/categorie-produit\/accessoires-maison\/accessoires-de-cuisine-fr\/\"},{\"@type\":\"ListItem\",\"position\":5,\"name\":\"Vaisselle\",\"item\":\"https:\/\/hubsch-interior.com\/fr\/categorie-produit\/accessoires-maison\/accessoires-de-cuisine-fr\/vaisselle-fr\/\"},{\"@type\":\"ListItem\",\"position\":6,\"name\":\"Kiosk Mugs en verre \u00a0Multicolor\u00e9 (set de 4)\"}]},{\"@type\":\"WebSite\",\"@id\":\"https:\/\/hubsch-interior.com\/fr\/#website\",\"url\":\"https:\/\/hubsch-interior.com\/fr\/\",\"name\":\"H\u00fcbsch\",\"description\":\"Danish Home Interior and Design\",\"publisher\":{\"@id\":\"https:\/\/hubsch-interior.com\/fr\/#organization\"},\"potentialAction\":[{\"@type\":\"SearchAction\",\"target\":{\"@type\":\"EntryPoint\",\"urlTemplate\":\"https:\/\/hubsch-interior.com\/fr\/?s={search_term_string}\"},\"query-input\":{\"@type\":\"PropertyValueSpecification\",\"valueRequired\":true,\"valueName\":\"search_term_string\"}}],\"inLanguage\":\"fr-FR\"},{\"@type\":\"Organization\",\"@id\":\"https:\/\/hubsch-interior.com\/fr\/#organization\",\"name\":\"H\u00fcbsch\",\"url\":\"https:\/\/hubsch-interior.com\/fr\/\",\"logo\":{\"@type\":\"ImageObject\",\"inLanguage\":\"fr-FR\",\"@id\":\"https:\/\/hubsch-interior.com\/fr\/#\/schema\/logo\/image\/\",\"url\":\"https:\/\/hubsch-interior.com\/wp-content\/uploads\/2022\/12\/Hubsch_logo_black_one_line.svg\",\"contentUrl\":\"https:\/\/hubsch-interior.com\/wp-content\/uploads\/2022\/12\/Hubsch_logo_black_one_line.svg\",\"caption\":\"H\u00fcbsch\"},\"image\":{\"@id\":\"https:\/\/hubsch-interior.com\/fr\/#\/schema\/logo\/image\/\"}}]}<\/script>\n<!-- \/ Yoast SEO plugin. -->","yoast_head_json":{"title":"Kiosk Mugs en verre \u00a0Multicolor\u00e9 (set de 4) - H\u00fcbsch","description":"Les tasses en verre avec poign\u00e9es viennent par quatre. Les diff\u00e9rentes couleurs sont : ambre, bleu, rose et blanc. Les tasses ont un style minimaliste et","robots":{"index":"index","follow":"follow","max-snippet":"max-snippet:-1","max-image-preview":"max-image-preview:large","max-video-preview":"max-video-preview:-1"},"canonical":"https:\/\/hubsch-interior.com\/fr\/wp-json\/wp\/v2\/product\/15369","og_locale":"fr_FR","og_type":"article","og_title":"Kiosk Mugs en verre \u00a0Multicolor\u00e9 (set de 4) - H\u00fcbsch","og_description":"Les tasses en verre avec poign\u00e9es viennent par quatre. Les diff\u00e9rentes couleurs sont : ambre, bleu, rose et blanc. Les tasses ont un style minimaliste et","og_url":"https:\/\/hubsch-interior.com\/fr\/produit\/kiosk-mugs-en-verre-multicolore-set-de-4\/","og_site_name":"H\u00fcbsch","article_modified_time":"2026-04-09T02:37:08+00:00","og_image":[{"width":1200,"height":1200,"url":"https:\/\/hubsch-interior.com\/wp-content\/uploads\/2024\/01\/kiosk-glass-mugs-multicolour-set-of-4-c2def6fbbe56a75d692f6c4f84cfc2a4.jpg","type":"image\/jpeg"}],"twitter_card":"summary_large_image","schema":{"@context":"https:\/\/schema.org","@graph":[{"@type":"WebPage","@id":"https:\/\/hubsch-interior.com\/fr\/produit\/kiosk-mugs-en-verre-multicolore-set-de-4\/","url":"https:\/\/hubsch-interior.com\/fr\/produit\/kiosk-mugs-en-verre-multicolore-set-de-4\/","name":"Kiosk Mugs en verre \u00a0Multicolor\u00e9 (set de 4) - H\u00fcbsch","isPartOf":{"@id":"https:\/\/hubsch-interior.com\/fr\/#website"},"primaryImageOfPage":{"@id":"https:\/\/hubsch-interior.com\/fr\/produit\/kiosk-mugs-en-verre-multicolore-set-de-4\/#primaryimage"},"image":{"@id":"https:\/\/hubsch-interior.com\/fr\/produit\/kiosk-mugs-en-verre-multicolore-set-de-4\/#primaryimage"},"thumbnailUrl":"https:\/\/hubsch-interior.com\/wp-content\/uploads\/2026\/02\/kiosk-glass-mugs-multicolour-set-of-4-dd9a12beddc9e1a6d7d30fcccd191814.jpg","datePublished":"2020-09-09T21:23:43+00:00","dateModified":"2026-04-09T02:37:08+00:00","description":"Les tasses en verre avec poign\u00e9es viennent par quatre. Les diff\u00e9rentes couleurs sont : ambre, bleu, rose et blanc. Les tasses ont un style minimaliste et","breadcrumb":{"@id":"https:\/\/hubsch-interior.com\/fr\/produit\/kiosk-mugs-en-verre-multicolore-set-de-4\/#breadcrumb"},"inLanguage":"fr-FR","potentialAction":[{"@type":"ReadAction","target":["https:\/\/hubsch-interior.com\/fr\/produit\/kiosk-mugs-en-verre-multicolore-set-de-4\/"]}]},{"@type":"ImageObject","inLanguage":"fr-FR","@id":"https:\/\/hubsch-interior.com\/fr\/produit\/kiosk-mugs-en-verre-multicolore-set-de-4\/#primaryimage","url":"https:\/\/hubsch-interior.com\/wp-content\/uploads\/2026\/02\/kiosk-glass-mugs-multicolour-set-of-4-dd9a12beddc9e1a6d7d30fcccd191814.jpg","contentUrl":"https:\/\/hubsch-interior.com\/wp-content\/uploads\/2026\/02\/kiosk-glass-mugs-multicolour-set-of-4-dd9a12beddc9e1a6d7d30fcccd191814.jpg","width":1024,"height":1024},{"@type":"BreadcrumbList","@id":"https:\/\/hubsch-interior.com\/fr\/produit\/kiosk-mugs-en-verre-multicolore-set-de-4\/#breadcrumb","itemListElement":[{"@type":"ListItem","position":1,"name":"Page d'accueil","item":"https:\/\/hubsch-interior.com\/fr\/"},{"@type":"ListItem","position":2,"name":"Produits","item":"https:\/\/hubsch-interior.com\/fr\/shop-2\/"},{"@type":"ListItem","position":3,"name":"Accessoires maison","item":"https:\/\/hubsch-interior.com\/fr\/categorie-produit\/accessoires-maison\/"},{"@type":"ListItem","position":4,"name":"Accessoires de cuisine","item":"https:\/\/hubsch-interior.com\/fr\/categorie-produit\/accessoires-maison\/accessoires-de-cuisine-fr\/"},{"@type":"ListItem","position":5,"name":"Vaisselle","item":"https:\/\/hubsch-interior.com\/fr\/categorie-produit\/accessoires-maison\/accessoires-de-cuisine-fr\/vaisselle-fr\/"},{"@type":"ListItem","position":6,"name":"Kiosk Mugs en verre \u00a0Multicolor\u00e9 (set de 4)"}]},{"@type":"WebSite","@id":"https:\/\/hubsch-interior.com\/fr\/#website","url":"https:\/\/hubsch-interior.com\/fr\/","name":"H\u00fcbsch","description":"Danish Home Interior and Design","publisher":{"@id":"https:\/\/hubsch-interior.com\/fr\/#organization"},"potentialAction":[{"@type":"SearchAction","target":{"@type":"EntryPoint","urlTemplate":"https:\/\/hubsch-interior.com\/fr\/?s={search_term_string}"},"query-input":{"@type":"PropertyValueSpecification","valueRequired":true,"valueName":"search_term_string"}}],"inLanguage":"fr-FR"},{"@type":"Organization","@id":"https:\/\/hubsch-interior.com\/fr\/#organization","name":"H\u00fcbsch","url":"https:\/\/hubsch-interior.com\/fr\/","logo":{"@type":"ImageObject","inLanguage":"fr-FR","@id":"https:\/\/hubsch-interior.com\/fr\/#\/schema\/logo\/image\/","url":"https:\/\/hubsch-interior.com\/wp-content\/uploads\/2022\/12\/Hubsch_logo_black_one_line.svg","contentUrl":"https:\/\/hubsch-interior.com\/wp-content\/uploads\/2022\/12\/Hubsch_logo_black_one_line.svg","caption":"H\u00fcbsch"},"image":{"@id":"https:\/\/hubsch-interior.com\/fr\/#\/schema\/logo\/image\/"}}]}},"_links":{"self":[{"href":"https:\/\/hubsch-interior.com\/fr\/wp-json\/wp\/v2\/product\/15369","targetHints":{"allow":["GET"]}}],"collection":[{"href":"https:\/\/hubsch-interior.com\/fr\/wp-json\/wp\/v2\/product"}],"about":[{"href":"https:\/\/hubsch-interior.com\/fr\/wp-json\/wp\/v2\/types\/product"}],"wp:featuredmedia":[{"embeddable":true,"href":"https:\/\/hubsch-interior.com\/fr\/wp-json\/wp\/v2\/media\/1098770"}],"wp:attachment":[{"href":"https:\/\/hubsch-interior.com\/fr\/wp-json\/wp\/v2\/media?parent=15369"}],"wp:term":[{"taxonomy":"product_brand","embeddable":true,"href":"https:\/\/hubsch-interior.com\/fr\/wp-json\/wp\/v2\/product_brand?post=15369"},{"taxonomy":"product_cat","embeddable":true,"href":"https:\/\/hubsch-interior.com\/fr\/wp-json\/wp\/v2\/product_cat?post=15369"},{"taxonomy":"product_tag","embeddable":true,"href":"https:\/\/hubsch-interior.com\/fr\/wp-json\/wp\/v2\/product_tag?post=15369"}],"curies":[{"name":"wp","href":"https:\/\/api.w.org\/{rel}","templated":true}]}}