{"id":15417,"date":"2020-09-09T23:23:46","date_gmt":"2020-09-09T21:23:46","guid":{"rendered":"https:\/\/hubsch-interior.com\/vare\/product\/"},"modified":"2026-04-09T04:37:12","modified_gmt":"2026-04-09T02:37:12","slug":"flow-bol-marron","status":"publish","type":"product","link":"https:\/\/hubsch-interior.com\/fr\/produit\/flow-bol-marron\/","title":{"rendered":"Flow Bol Marron"},"content":{"rendered":"<p>Ce bol est un objet de d\u00e9coration avec deux pi\u00e8ces en verre. Pour avoir un bol chic et \u00e9l\u00e9gant gardez les deux pi\u00e8ces ensemble. Pour cr\u00e9er une d\u00e9coration moderne et unique il suffit de s\u00e9parer les deux pi\u00e8ces. Ce produit est fait \u00e0 la main et peut donc varier.<\/p>\n","protected":false},"excerpt":{"rendered":"<p>Ce bol est un objet de d\u00e9coration avec deux pi\u00e8ces en verre. Pour avoir un bol chic et \u00e9l\u00e9gant gardez les deux pi\u00e8ces ensemble. Pour cr\u00e9er une d\u00e9coration moderne et unique il suffit de s\u00e9parer les deux pi\u00e8ces. Ce produit est fait \u00e0 la main et peut donc varier.<\/p>\n","protected":false},"featured_media":1098802,"template":"","meta":{"_acf_changed":false,"inline_featured_image":false},"product_brand":[],"product_cat":[7043,7027,4053,4095,5026,6535],"product_tag":[],"class_list":{"0":"post-15417","1":"product","2":"type-product","3":"status-publish","4":"has-post-thumbnail","6":"product_cat-bols-de-service-fr","7":"product_cat-vaisselle-fr-2","8":"product_cat-accessoires-de-cuisine-fr","9":"product_cat-vaisselle-fr","10":"product_cat-bestsellers-fr","11":"product_cat-outlet-fr","12":"product_shipping_class-pk","14":"pa_color-marron","15":"pa_material-verre-fr","17":"first","18":"instock","19":"sale","20":"featured","21":"taxable","22":"shipping-taxable","23":"purchasable","24":"product-type-simple"},"exclude_global_add_ons":[],"addons":[],"acf":[],"yoast_head":"<!-- This site is optimized with the Yoast SEO plugin v26.4 - https:\/\/yoast.com\/wordpress\/plugins\/seo\/ -->\n<title>Flow Bol Marron - H\u00fcbsch<\/title>\n<meta name=\"description\" content=\"Ce bol est un objet de d\u00e9coration avec deux pi\u00e8ces en verre. Pour avoir un bol chic et \u00e9l\u00e9gant gardez les deux pi\u00e8ces ensemble. Pour cr\u00e9er une d\u00e9coration\" \/>\n<meta name=\"robots\" content=\"index, follow, max-snippet:-1, max-image-preview:large, max-video-preview:-1\" \/>\n<link rel=\"canonical\" href=\"https:\/\/hubsch-interior.com\/fr\/wp-json\/wp\/v2\/product\/15417\" \/>\n<meta property=\"og:locale\" content=\"fr_FR\" \/>\n<meta property=\"og:type\" content=\"article\" \/>\n<meta property=\"og:title\" content=\"Flow Bol Marron - H\u00fcbsch\" \/>\n<meta property=\"og:description\" content=\"Ce bol est un objet de d\u00e9coration avec deux pi\u00e8ces en verre. Pour avoir un bol chic et \u00e9l\u00e9gant gardez les deux pi\u00e8ces ensemble. Pour cr\u00e9er une d\u00e9coration\" \/>\n<meta property=\"og:url\" content=\"https:\/\/hubsch-interior.com\/fr\/produit\/flow-bol-marron\/\" \/>\n<meta property=\"og:site_name\" content=\"H\u00fcbsch\" \/>\n<meta property=\"article:modified_time\" content=\"2026-04-09T02:37:12+00:00\" \/>\n<meta property=\"og:image\" content=\"https:\/\/hubsch-interior.com\/wp-content\/uploads\/2024\/01\/flow-bowl-brown-4a7a936ec28a887cc16ca2f26f2ede10.jpg\" \/>\n\t<meta property=\"og:image:width\" content=\"944\" \/>\n\t<meta property=\"og:image:height\" content=\"944\" \/>\n\t<meta property=\"og:image:type\" content=\"image\/jpeg\" \/>\n<meta name=\"twitter:card\" content=\"summary_large_image\" \/>\n<script type=\"application\/ld+json\" class=\"yoast-schema-graph\">{\"@context\":\"https:\/\/schema.org\",\"@graph\":[{\"@type\":\"WebPage\",\"@id\":\"https:\/\/hubsch-interior.com\/fr\/produit\/flow-bol-marron\/\",\"url\":\"https:\/\/hubsch-interior.com\/fr\/produit\/flow-bol-marron\/\",\"name\":\"Flow Bol Marron - H\u00fcbsch\",\"isPartOf\":{\"@id\":\"https:\/\/hubsch-interior.com\/fr\/#website\"},\"primaryImageOfPage\":{\"@id\":\"https:\/\/hubsch-interior.com\/fr\/produit\/flow-bol-marron\/#primaryimage\"},\"image\":{\"@id\":\"https:\/\/hubsch-interior.com\/fr\/produit\/flow-bol-marron\/#primaryimage\"},\"thumbnailUrl\":\"https:\/\/hubsch-interior.com\/wp-content\/uploads\/2026\/02\/flow-bowl-brown-83c6db56b6944847df092011eec22fa8.jpg\",\"datePublished\":\"2020-09-09T21:23:46+00:00\",\"dateModified\":\"2026-04-09T02:37:12+00:00\",\"description\":\"Ce bol est un objet de d\u00e9coration avec deux pi\u00e8ces en verre. Pour avoir un bol chic et \u00e9l\u00e9gant gardez les deux pi\u00e8ces ensemble. Pour cr\u00e9er une d\u00e9coration\",\"breadcrumb\":{\"@id\":\"https:\/\/hubsch-interior.com\/fr\/produit\/flow-bol-marron\/#breadcrumb\"},\"inLanguage\":\"fr-FR\",\"potentialAction\":[{\"@type\":\"ReadAction\",\"target\":[\"https:\/\/hubsch-interior.com\/fr\/produit\/flow-bol-marron\/\"]}]},{\"@type\":\"ImageObject\",\"inLanguage\":\"fr-FR\",\"@id\":\"https:\/\/hubsch-interior.com\/fr\/produit\/flow-bol-marron\/#primaryimage\",\"url\":\"https:\/\/hubsch-interior.com\/wp-content\/uploads\/2026\/02\/flow-bowl-brown-83c6db56b6944847df092011eec22fa8.jpg\",\"contentUrl\":\"https:\/\/hubsch-interior.com\/wp-content\/uploads\/2026\/02\/flow-bowl-brown-83c6db56b6944847df092011eec22fa8.jpg\",\"width\":944,\"height\":944},{\"@type\":\"BreadcrumbList\",\"@id\":\"https:\/\/hubsch-interior.com\/fr\/produit\/flow-bol-marron\/#breadcrumb\",\"itemListElement\":[{\"@type\":\"ListItem\",\"position\":1,\"name\":\"Page d'accueil\",\"item\":\"https:\/\/hubsch-interior.com\/fr\/\"},{\"@type\":\"ListItem\",\"position\":2,\"name\":\"Produits\",\"item\":\"https:\/\/hubsch-interior.com\/fr\/shop-2\/\"},{\"@type\":\"ListItem\",\"position\":3,\"name\":\"Cuisine\",\"item\":\"https:\/\/hubsch-interior.com\/fr\/categorie-produit\/cuisine\/\"},{\"@type\":\"ListItem\",\"position\":4,\"name\":\"Vaisselle\",\"item\":\"https:\/\/hubsch-interior.com\/fr\/categorie-produit\/cuisine\/vaisselle-fr-2\/\"},{\"@type\":\"ListItem\",\"position\":5,\"name\":\"Bols de service\",\"item\":\"https:\/\/hubsch-interior.com\/fr\/categorie-produit\/cuisine\/vaisselle-fr-2\/bols-de-service-fr\/\"},{\"@type\":\"ListItem\",\"position\":6,\"name\":\"Flow Bol Marron\"}]},{\"@type\":\"WebSite\",\"@id\":\"https:\/\/hubsch-interior.com\/fr\/#website\",\"url\":\"https:\/\/hubsch-interior.com\/fr\/\",\"name\":\"H\u00fcbsch\",\"description\":\"Danish Home Interior and Design\",\"publisher\":{\"@id\":\"https:\/\/hubsch-interior.com\/fr\/#organization\"},\"potentialAction\":[{\"@type\":\"SearchAction\",\"target\":{\"@type\":\"EntryPoint\",\"urlTemplate\":\"https:\/\/hubsch-interior.com\/fr\/?s={search_term_string}\"},\"query-input\":{\"@type\":\"PropertyValueSpecification\",\"valueRequired\":true,\"valueName\":\"search_term_string\"}}],\"inLanguage\":\"fr-FR\"},{\"@type\":\"Organization\",\"@id\":\"https:\/\/hubsch-interior.com\/fr\/#organization\",\"name\":\"H\u00fcbsch\",\"url\":\"https:\/\/hubsch-interior.com\/fr\/\",\"logo\":{\"@type\":\"ImageObject\",\"inLanguage\":\"fr-FR\",\"@id\":\"https:\/\/hubsch-interior.com\/fr\/#\/schema\/logo\/image\/\",\"url\":\"https:\/\/hubsch-interior.com\/wp-content\/uploads\/2022\/12\/Hubsch_logo_black_one_line.svg\",\"contentUrl\":\"https:\/\/hubsch-interior.com\/wp-content\/uploads\/2022\/12\/Hubsch_logo_black_one_line.svg\",\"caption\":\"H\u00fcbsch\"},\"image\":{\"@id\":\"https:\/\/hubsch-interior.com\/fr\/#\/schema\/logo\/image\/\"}}]}<\/script>\n<!-- \/ Yoast SEO plugin. -->","yoast_head_json":{"title":"Flow Bol Marron - H\u00fcbsch","description":"Ce bol est un objet de d\u00e9coration avec deux pi\u00e8ces en verre. Pour avoir un bol chic et \u00e9l\u00e9gant gardez les deux pi\u00e8ces ensemble. Pour cr\u00e9er une d\u00e9coration","robots":{"index":"index","follow":"follow","max-snippet":"max-snippet:-1","max-image-preview":"max-image-preview:large","max-video-preview":"max-video-preview:-1"},"canonical":"https:\/\/hubsch-interior.com\/fr\/wp-json\/wp\/v2\/product\/15417","og_locale":"fr_FR","og_type":"article","og_title":"Flow Bol Marron - H\u00fcbsch","og_description":"Ce bol est un objet de d\u00e9coration avec deux pi\u00e8ces en verre. Pour avoir un bol chic et \u00e9l\u00e9gant gardez les deux pi\u00e8ces ensemble. Pour cr\u00e9er une d\u00e9coration","og_url":"https:\/\/hubsch-interior.com\/fr\/produit\/flow-bol-marron\/","og_site_name":"H\u00fcbsch","article_modified_time":"2026-04-09T02:37:12+00:00","og_image":[{"width":944,"height":944,"url":"https:\/\/hubsch-interior.com\/wp-content\/uploads\/2024\/01\/flow-bowl-brown-4a7a936ec28a887cc16ca2f26f2ede10.jpg","type":"image\/jpeg"}],"twitter_card":"summary_large_image","schema":{"@context":"https:\/\/schema.org","@graph":[{"@type":"WebPage","@id":"https:\/\/hubsch-interior.com\/fr\/produit\/flow-bol-marron\/","url":"https:\/\/hubsch-interior.com\/fr\/produit\/flow-bol-marron\/","name":"Flow Bol Marron - H\u00fcbsch","isPartOf":{"@id":"https:\/\/hubsch-interior.com\/fr\/#website"},"primaryImageOfPage":{"@id":"https:\/\/hubsch-interior.com\/fr\/produit\/flow-bol-marron\/#primaryimage"},"image":{"@id":"https:\/\/hubsch-interior.com\/fr\/produit\/flow-bol-marron\/#primaryimage"},"thumbnailUrl":"https:\/\/hubsch-interior.com\/wp-content\/uploads\/2026\/02\/flow-bowl-brown-83c6db56b6944847df092011eec22fa8.jpg","datePublished":"2020-09-09T21:23:46+00:00","dateModified":"2026-04-09T02:37:12+00:00","description":"Ce bol est un objet de d\u00e9coration avec deux pi\u00e8ces en verre. Pour avoir un bol chic et \u00e9l\u00e9gant gardez les deux pi\u00e8ces ensemble. Pour cr\u00e9er une d\u00e9coration","breadcrumb":{"@id":"https:\/\/hubsch-interior.com\/fr\/produit\/flow-bol-marron\/#breadcrumb"},"inLanguage":"fr-FR","potentialAction":[{"@type":"ReadAction","target":["https:\/\/hubsch-interior.com\/fr\/produit\/flow-bol-marron\/"]}]},{"@type":"ImageObject","inLanguage":"fr-FR","@id":"https:\/\/hubsch-interior.com\/fr\/produit\/flow-bol-marron\/#primaryimage","url":"https:\/\/hubsch-interior.com\/wp-content\/uploads\/2026\/02\/flow-bowl-brown-83c6db56b6944847df092011eec22fa8.jpg","contentUrl":"https:\/\/hubsch-interior.com\/wp-content\/uploads\/2026\/02\/flow-bowl-brown-83c6db56b6944847df092011eec22fa8.jpg","width":944,"height":944},{"@type":"BreadcrumbList","@id":"https:\/\/hubsch-interior.com\/fr\/produit\/flow-bol-marron\/#breadcrumb","itemListElement":[{"@type":"ListItem","position":1,"name":"Page d'accueil","item":"https:\/\/hubsch-interior.com\/fr\/"},{"@type":"ListItem","position":2,"name":"Produits","item":"https:\/\/hubsch-interior.com\/fr\/shop-2\/"},{"@type":"ListItem","position":3,"name":"Cuisine","item":"https:\/\/hubsch-interior.com\/fr\/categorie-produit\/cuisine\/"},{"@type":"ListItem","position":4,"name":"Vaisselle","item":"https:\/\/hubsch-interior.com\/fr\/categorie-produit\/cuisine\/vaisselle-fr-2\/"},{"@type":"ListItem","position":5,"name":"Bols de service","item":"https:\/\/hubsch-interior.com\/fr\/categorie-produit\/cuisine\/vaisselle-fr-2\/bols-de-service-fr\/"},{"@type":"ListItem","position":6,"name":"Flow Bol Marron"}]},{"@type":"WebSite","@id":"https:\/\/hubsch-interior.com\/fr\/#website","url":"https:\/\/hubsch-interior.com\/fr\/","name":"H\u00fcbsch","description":"Danish Home Interior and Design","publisher":{"@id":"https:\/\/hubsch-interior.com\/fr\/#organization"},"potentialAction":[{"@type":"SearchAction","target":{"@type":"EntryPoint","urlTemplate":"https:\/\/hubsch-interior.com\/fr\/?s={search_term_string}"},"query-input":{"@type":"PropertyValueSpecification","valueRequired":true,"valueName":"search_term_string"}}],"inLanguage":"fr-FR"},{"@type":"Organization","@id":"https:\/\/hubsch-interior.com\/fr\/#organization","name":"H\u00fcbsch","url":"https:\/\/hubsch-interior.com\/fr\/","logo":{"@type":"ImageObject","inLanguage":"fr-FR","@id":"https:\/\/hubsch-interior.com\/fr\/#\/schema\/logo\/image\/","url":"https:\/\/hubsch-interior.com\/wp-content\/uploads\/2022\/12\/Hubsch_logo_black_one_line.svg","contentUrl":"https:\/\/hubsch-interior.com\/wp-content\/uploads\/2022\/12\/Hubsch_logo_black_one_line.svg","caption":"H\u00fcbsch"},"image":{"@id":"https:\/\/hubsch-interior.com\/fr\/#\/schema\/logo\/image\/"}}]}},"_links":{"self":[{"href":"https:\/\/hubsch-interior.com\/fr\/wp-json\/wp\/v2\/product\/15417","targetHints":{"allow":["GET"]}}],"collection":[{"href":"https:\/\/hubsch-interior.com\/fr\/wp-json\/wp\/v2\/product"}],"about":[{"href":"https:\/\/hubsch-interior.com\/fr\/wp-json\/wp\/v2\/types\/product"}],"wp:featuredmedia":[{"embeddable":true,"href":"https:\/\/hubsch-interior.com\/fr\/wp-json\/wp\/v2\/media\/1098802"}],"wp:attachment":[{"href":"https:\/\/hubsch-interior.com\/fr\/wp-json\/wp\/v2\/media?parent=15417"}],"wp:term":[{"taxonomy":"product_brand","embeddable":true,"href":"https:\/\/hubsch-interior.com\/fr\/wp-json\/wp\/v2\/product_brand?post=15417"},{"taxonomy":"product_cat","embeddable":true,"href":"https:\/\/hubsch-interior.com\/fr\/wp-json\/wp\/v2\/product_cat?post=15417"},{"taxonomy":"product_tag","embeddable":true,"href":"https:\/\/hubsch-interior.com\/fr\/wp-json\/wp\/v2\/product_tag?post=15417"}],"curies":[{"name":"wp","href":"https:\/\/api.w.org\/{rel}","templated":true}]}}