{"id":16389,"date":"2020-09-09T23:25:04","date_gmt":"2020-09-09T21:25:04","guid":{"rendered":"https:\/\/hubsch-interior.com\/vare\/product\/"},"modified":"2026-04-09T04:45:06","modified_gmt":"2026-04-09T02:45:06","slug":"sprout-paniers-noir-naturel-set-de-3","status":"publish","type":"product","link":"https:\/\/hubsch-interior.com\/fr\/produit\/sprout-paniers-noir-naturel-set-de-3\/","title":{"rendered":"Sprout Paniers Noir\/Naturel (set de 3)"},"content":{"rendered":"<p>Les paniers sont fabriqu\u00e9s en abaca de couleur noire et naturelle et viennent par lot de trois en trois tailles diff\u00e9rentes. Les paniers peuvent \u00eatre utilis\u00e9s pour ranger des petits objets ou pour couvrir un pot de fleurs. Les tons chauds du panier est id\u00e9al pour les maisons modernes et classiques.<\/p>\n","protected":false},"excerpt":{"rendered":"<p>Les paniers sont fabriqu\u00e9s en abaca de couleur noire et naturelle et viennent par lot de trois en trois tailles diff\u00e9rentes. Les paniers peuvent \u00eatre utilis\u00e9s pour ranger des petits objets ou pour couvrir un pot de fleurs. Les tons chauds du panier est id\u00e9al pour les maisons modernes et classiques.<\/p>\n","protected":false},"featured_media":1101008,"template":"","meta":{"_acf_changed":false,"inline_featured_image":false},"product_brand":[],"product_cat":[3110,4075,5026],"product_tag":[],"class_list":{"0":"post-16389","1":"product","2":"type-product","3":"status-publish","4":"has-post-thumbnail","6":"product_cat-espace-de-rangement-fr","7":"product_cat-paniers-fr","8":"product_cat-bestsellers-fr","9":"product_shipping_class-pk","11":"pa_color-noir","12":"pa_color-naturel-2","13":"pa_material-abaca-fr","15":"first","16":"instock","17":"featured","18":"taxable","19":"shipping-taxable","20":"purchasable","21":"product-type-simple"},"exclude_global_add_ons":[],"addons":[],"acf":[],"yoast_head":"<!-- This site is optimized with the Yoast SEO plugin v26.4 - https:\/\/yoast.com\/wordpress\/plugins\/seo\/ -->\n<title>Sprout Paniers Noir\/Naturel (set de 3) - H\u00fcbsch<\/title>\n<meta name=\"description\" content=\"Les paniers sont fabriqu\u00e9s en abaca de couleur noire et naturelle et viennent par lot de trois en trois tailles diff\u00e9rentes. Les paniers peuvent \u00eatre\" \/>\n<meta name=\"robots\" content=\"index, follow, max-snippet:-1, max-image-preview:large, max-video-preview:-1\" \/>\n<link rel=\"canonical\" href=\"https:\/\/hubsch-interior.com\/fr\/wp-json\/wp\/v2\/product\/16389\" \/>\n<meta property=\"og:locale\" content=\"fr_FR\" \/>\n<meta property=\"og:type\" content=\"article\" \/>\n<meta property=\"og:title\" content=\"Sprout Paniers Noir\/Naturel (set de 3) - H\u00fcbsch\" \/>\n<meta property=\"og:description\" content=\"Les paniers sont fabriqu\u00e9s en abaca de couleur noire et naturelle et viennent par lot de trois en trois tailles diff\u00e9rentes. Les paniers peuvent \u00eatre\" \/>\n<meta property=\"og:url\" content=\"https:\/\/hubsch-interior.com\/fr\/produit\/sprout-paniers-noir-naturel-set-de-3\/\" \/>\n<meta property=\"og:site_name\" content=\"H\u00fcbsch\" \/>\n<meta property=\"article:modified_time\" content=\"2026-04-09T02:45:06+00:00\" \/>\n<meta property=\"og:image\" content=\"https:\/\/hubsch-interior.com\/wp-content\/uploads\/2024\/01\/sprout-baskets-blacknatural-set-of-3-e8c785fa4fccf279f6627a08e172bc92.jpg\" \/>\n\t<meta property=\"og:image:width\" content=\"1200\" \/>\n\t<meta property=\"og:image:height\" content=\"1200\" \/>\n\t<meta property=\"og:image:type\" content=\"image\/jpeg\" \/>\n<meta name=\"twitter:card\" content=\"summary_large_image\" \/>\n<script type=\"application\/ld+json\" class=\"yoast-schema-graph\">{\"@context\":\"https:\/\/schema.org\",\"@graph\":[{\"@type\":\"WebPage\",\"@id\":\"https:\/\/hubsch-interior.com\/fr\/produit\/sprout-paniers-noir-naturel-set-de-3\/\",\"url\":\"https:\/\/hubsch-interior.com\/fr\/produit\/sprout-paniers-noir-naturel-set-de-3\/\",\"name\":\"Sprout Paniers Noir\/Naturel (set de 3) - H\u00fcbsch\",\"isPartOf\":{\"@id\":\"https:\/\/hubsch-interior.com\/fr\/#website\"},\"primaryImageOfPage\":{\"@id\":\"https:\/\/hubsch-interior.com\/fr\/produit\/sprout-paniers-noir-naturel-set-de-3\/#primaryimage\"},\"image\":{\"@id\":\"https:\/\/hubsch-interior.com\/fr\/produit\/sprout-paniers-noir-naturel-set-de-3\/#primaryimage\"},\"thumbnailUrl\":\"https:\/\/hubsch-interior.com\/wp-content\/uploads\/2026\/02\/sprout-baskets-blacknatural-set-of-3-b4261cea8493ffc7d1764359b5275c75.jpg\",\"datePublished\":\"2020-09-09T21:25:04+00:00\",\"dateModified\":\"2026-04-09T02:45:06+00:00\",\"description\":\"Les paniers sont fabriqu\u00e9s en abaca de couleur noire et naturelle et viennent par lot de trois en trois tailles diff\u00e9rentes. Les paniers peuvent \u00eatre\",\"breadcrumb\":{\"@id\":\"https:\/\/hubsch-interior.com\/fr\/produit\/sprout-paniers-noir-naturel-set-de-3\/#breadcrumb\"},\"inLanguage\":\"fr-FR\",\"potentialAction\":[{\"@type\":\"ReadAction\",\"target\":[\"https:\/\/hubsch-interior.com\/fr\/produit\/sprout-paniers-noir-naturel-set-de-3\/\"]}]},{\"@type\":\"ImageObject\",\"inLanguage\":\"fr-FR\",\"@id\":\"https:\/\/hubsch-interior.com\/fr\/produit\/sprout-paniers-noir-naturel-set-de-3\/#primaryimage\",\"url\":\"https:\/\/hubsch-interior.com\/wp-content\/uploads\/2026\/02\/sprout-baskets-blacknatural-set-of-3-b4261cea8493ffc7d1764359b5275c75.jpg\",\"contentUrl\":\"https:\/\/hubsch-interior.com\/wp-content\/uploads\/2026\/02\/sprout-baskets-blacknatural-set-of-3-b4261cea8493ffc7d1764359b5275c75.jpg\",\"width\":1024,\"height\":1024},{\"@type\":\"BreadcrumbList\",\"@id\":\"https:\/\/hubsch-interior.com\/fr\/produit\/sprout-paniers-noir-naturel-set-de-3\/#breadcrumb\",\"itemListElement\":[{\"@type\":\"ListItem\",\"position\":1,\"name\":\"Page d'accueil\",\"item\":\"https:\/\/hubsch-interior.com\/fr\/\"},{\"@type\":\"ListItem\",\"position\":2,\"name\":\"Produits\",\"item\":\"https:\/\/hubsch-interior.com\/fr\/shop-2\/\"},{\"@type\":\"ListItem\",\"position\":3,\"name\":\"Accessoires maison\",\"item\":\"https:\/\/hubsch-interior.com\/fr\/categorie-produit\/accessoires-maison\/\"},{\"@type\":\"ListItem\",\"position\":4,\"name\":\"Espace de rangement\",\"item\":\"https:\/\/hubsch-interior.com\/fr\/categorie-produit\/accessoires-maison\/espace-de-rangement-fr\/\"},{\"@type\":\"ListItem\",\"position\":5,\"name\":\"Paniers\",\"item\":\"https:\/\/hubsch-interior.com\/fr\/categorie-produit\/accessoires-maison\/espace-de-rangement-fr\/paniers-fr\/\"},{\"@type\":\"ListItem\",\"position\":6,\"name\":\"Sprout Paniers Noir\/Naturel (set de 3)\"}]},{\"@type\":\"WebSite\",\"@id\":\"https:\/\/hubsch-interior.com\/fr\/#website\",\"url\":\"https:\/\/hubsch-interior.com\/fr\/\",\"name\":\"H\u00fcbsch\",\"description\":\"Danish Home Interior and Design\",\"publisher\":{\"@id\":\"https:\/\/hubsch-interior.com\/fr\/#organization\"},\"potentialAction\":[{\"@type\":\"SearchAction\",\"target\":{\"@type\":\"EntryPoint\",\"urlTemplate\":\"https:\/\/hubsch-interior.com\/fr\/?s={search_term_string}\"},\"query-input\":{\"@type\":\"PropertyValueSpecification\",\"valueRequired\":true,\"valueName\":\"search_term_string\"}}],\"inLanguage\":\"fr-FR\"},{\"@type\":\"Organization\",\"@id\":\"https:\/\/hubsch-interior.com\/fr\/#organization\",\"name\":\"H\u00fcbsch\",\"url\":\"https:\/\/hubsch-interior.com\/fr\/\",\"logo\":{\"@type\":\"ImageObject\",\"inLanguage\":\"fr-FR\",\"@id\":\"https:\/\/hubsch-interior.com\/fr\/#\/schema\/logo\/image\/\",\"url\":\"https:\/\/hubsch-interior.com\/wp-content\/uploads\/2022\/12\/Hubsch_logo_black_one_line.svg\",\"contentUrl\":\"https:\/\/hubsch-interior.com\/wp-content\/uploads\/2022\/12\/Hubsch_logo_black_one_line.svg\",\"caption\":\"H\u00fcbsch\"},\"image\":{\"@id\":\"https:\/\/hubsch-interior.com\/fr\/#\/schema\/logo\/image\/\"}}]}<\/script>\n<!-- \/ Yoast SEO plugin. -->","yoast_head_json":{"title":"Sprout Paniers Noir\/Naturel (set de 3) - H\u00fcbsch","description":"Les paniers sont fabriqu\u00e9s en abaca de couleur noire et naturelle et viennent par lot de trois en trois tailles diff\u00e9rentes. Les paniers peuvent \u00eatre","robots":{"index":"index","follow":"follow","max-snippet":"max-snippet:-1","max-image-preview":"max-image-preview:large","max-video-preview":"max-video-preview:-1"},"canonical":"https:\/\/hubsch-interior.com\/fr\/wp-json\/wp\/v2\/product\/16389","og_locale":"fr_FR","og_type":"article","og_title":"Sprout Paniers Noir\/Naturel (set de 3) - H\u00fcbsch","og_description":"Les paniers sont fabriqu\u00e9s en abaca de couleur noire et naturelle et viennent par lot de trois en trois tailles diff\u00e9rentes. Les paniers peuvent \u00eatre","og_url":"https:\/\/hubsch-interior.com\/fr\/produit\/sprout-paniers-noir-naturel-set-de-3\/","og_site_name":"H\u00fcbsch","article_modified_time":"2026-04-09T02:45:06+00:00","og_image":[{"width":1200,"height":1200,"url":"https:\/\/hubsch-interior.com\/wp-content\/uploads\/2024\/01\/sprout-baskets-blacknatural-set-of-3-e8c785fa4fccf279f6627a08e172bc92.jpg","type":"image\/jpeg"}],"twitter_card":"summary_large_image","schema":{"@context":"https:\/\/schema.org","@graph":[{"@type":"WebPage","@id":"https:\/\/hubsch-interior.com\/fr\/produit\/sprout-paniers-noir-naturel-set-de-3\/","url":"https:\/\/hubsch-interior.com\/fr\/produit\/sprout-paniers-noir-naturel-set-de-3\/","name":"Sprout Paniers Noir\/Naturel (set de 3) - H\u00fcbsch","isPartOf":{"@id":"https:\/\/hubsch-interior.com\/fr\/#website"},"primaryImageOfPage":{"@id":"https:\/\/hubsch-interior.com\/fr\/produit\/sprout-paniers-noir-naturel-set-de-3\/#primaryimage"},"image":{"@id":"https:\/\/hubsch-interior.com\/fr\/produit\/sprout-paniers-noir-naturel-set-de-3\/#primaryimage"},"thumbnailUrl":"https:\/\/hubsch-interior.com\/wp-content\/uploads\/2026\/02\/sprout-baskets-blacknatural-set-of-3-b4261cea8493ffc7d1764359b5275c75.jpg","datePublished":"2020-09-09T21:25:04+00:00","dateModified":"2026-04-09T02:45:06+00:00","description":"Les paniers sont fabriqu\u00e9s en abaca de couleur noire et naturelle et viennent par lot de trois en trois tailles diff\u00e9rentes. Les paniers peuvent \u00eatre","breadcrumb":{"@id":"https:\/\/hubsch-interior.com\/fr\/produit\/sprout-paniers-noir-naturel-set-de-3\/#breadcrumb"},"inLanguage":"fr-FR","potentialAction":[{"@type":"ReadAction","target":["https:\/\/hubsch-interior.com\/fr\/produit\/sprout-paniers-noir-naturel-set-de-3\/"]}]},{"@type":"ImageObject","inLanguage":"fr-FR","@id":"https:\/\/hubsch-interior.com\/fr\/produit\/sprout-paniers-noir-naturel-set-de-3\/#primaryimage","url":"https:\/\/hubsch-interior.com\/wp-content\/uploads\/2026\/02\/sprout-baskets-blacknatural-set-of-3-b4261cea8493ffc7d1764359b5275c75.jpg","contentUrl":"https:\/\/hubsch-interior.com\/wp-content\/uploads\/2026\/02\/sprout-baskets-blacknatural-set-of-3-b4261cea8493ffc7d1764359b5275c75.jpg","width":1024,"height":1024},{"@type":"BreadcrumbList","@id":"https:\/\/hubsch-interior.com\/fr\/produit\/sprout-paniers-noir-naturel-set-de-3\/#breadcrumb","itemListElement":[{"@type":"ListItem","position":1,"name":"Page d'accueil","item":"https:\/\/hubsch-interior.com\/fr\/"},{"@type":"ListItem","position":2,"name":"Produits","item":"https:\/\/hubsch-interior.com\/fr\/shop-2\/"},{"@type":"ListItem","position":3,"name":"Accessoires maison","item":"https:\/\/hubsch-interior.com\/fr\/categorie-produit\/accessoires-maison\/"},{"@type":"ListItem","position":4,"name":"Espace de rangement","item":"https:\/\/hubsch-interior.com\/fr\/categorie-produit\/accessoires-maison\/espace-de-rangement-fr\/"},{"@type":"ListItem","position":5,"name":"Paniers","item":"https:\/\/hubsch-interior.com\/fr\/categorie-produit\/accessoires-maison\/espace-de-rangement-fr\/paniers-fr\/"},{"@type":"ListItem","position":6,"name":"Sprout Paniers Noir\/Naturel (set de 3)"}]},{"@type":"WebSite","@id":"https:\/\/hubsch-interior.com\/fr\/#website","url":"https:\/\/hubsch-interior.com\/fr\/","name":"H\u00fcbsch","description":"Danish Home Interior and Design","publisher":{"@id":"https:\/\/hubsch-interior.com\/fr\/#organization"},"potentialAction":[{"@type":"SearchAction","target":{"@type":"EntryPoint","urlTemplate":"https:\/\/hubsch-interior.com\/fr\/?s={search_term_string}"},"query-input":{"@type":"PropertyValueSpecification","valueRequired":true,"valueName":"search_term_string"}}],"inLanguage":"fr-FR"},{"@type":"Organization","@id":"https:\/\/hubsch-interior.com\/fr\/#organization","name":"H\u00fcbsch","url":"https:\/\/hubsch-interior.com\/fr\/","logo":{"@type":"ImageObject","inLanguage":"fr-FR","@id":"https:\/\/hubsch-interior.com\/fr\/#\/schema\/logo\/image\/","url":"https:\/\/hubsch-interior.com\/wp-content\/uploads\/2022\/12\/Hubsch_logo_black_one_line.svg","contentUrl":"https:\/\/hubsch-interior.com\/wp-content\/uploads\/2022\/12\/Hubsch_logo_black_one_line.svg","caption":"H\u00fcbsch"},"image":{"@id":"https:\/\/hubsch-interior.com\/fr\/#\/schema\/logo\/image\/"}}]}},"_links":{"self":[{"href":"https:\/\/hubsch-interior.com\/fr\/wp-json\/wp\/v2\/product\/16389","targetHints":{"allow":["GET"]}}],"collection":[{"href":"https:\/\/hubsch-interior.com\/fr\/wp-json\/wp\/v2\/product"}],"about":[{"href":"https:\/\/hubsch-interior.com\/fr\/wp-json\/wp\/v2\/types\/product"}],"wp:featuredmedia":[{"embeddable":true,"href":"https:\/\/hubsch-interior.com\/fr\/wp-json\/wp\/v2\/media\/1101008"}],"wp:attachment":[{"href":"https:\/\/hubsch-interior.com\/fr\/wp-json\/wp\/v2\/media?parent=16389"}],"wp:term":[{"taxonomy":"product_brand","embeddable":true,"href":"https:\/\/hubsch-interior.com\/fr\/wp-json\/wp\/v2\/product_brand?post=16389"},{"taxonomy":"product_cat","embeddable":true,"href":"https:\/\/hubsch-interior.com\/fr\/wp-json\/wp\/v2\/product_cat?post=16389"},{"taxonomy":"product_tag","embeddable":true,"href":"https:\/\/hubsch-interior.com\/fr\/wp-json\/wp\/v2\/product_tag?post=16389"}],"curies":[{"name":"wp","href":"https:\/\/api.w.org\/{rel}","templated":true}]}}