{"id":16593,"date":"2020-09-09T23:25:20","date_gmt":"2020-09-09T21:25:20","guid":{"rendered":"https:\/\/hubsch-interior.com\/vare\/product\/"},"modified":"2026-04-09T04:45:40","modified_gmt":"2026-04-09T02:45:40","slug":"glimpse-miroir-de-sol-naturel","status":"publish","type":"product","link":"https:\/\/hubsch-interior.com\/fr\/produit\/glimpse-miroir-de-sol-naturel\/","title":{"rendered":"Glimpse Miroir de sol Naturel"},"content":{"rendered":"<p>Miroir de sol en ch\u00eane certifi\u00e9 FSC, nature. Ce grand miroir est aussi pratique que sublime. Son apparence \u00e9pur\u00e9 et minimaliste convient parfaitement \u00e0 un d\u00e9cor d\u2019int\u00e9rieur cosy. Placez-le dans une chambre ou dans l\u2019entr\u00e9e pour compl\u00e9ter le look.<\/p>\n","protected":false},"excerpt":{"rendered":"<p>Miroir de sol en ch\u00eane certifi\u00e9 FSC, nature. Ce grand miroir est aussi pratique que sublime. Son apparence \u00e9pur\u00e9 et minimaliste convient parfaitement \u00e0 un d\u00e9cor d\u2019int\u00e9rieur cosy. Placez-le dans une chambre ou dans l\u2019entr\u00e9e pour compl\u00e9ter le look.<\/p>\n","protected":false},"featured_media":1101144,"template":"","meta":{"_acf_changed":false,"inline_featured_image":false},"product_brand":[],"product_cat":[6322,2923,3480,5026],"product_tag":[],"class_list":{"0":"post-16593","1":"product","2":"type-product","3":"status-publish","4":"has-post-thumbnail","6":"product_cat-fsc-fr","7":"product_cat-miroirs-fr","8":"product_cat-miroirs-au-sol-fr","9":"product_cat-bestsellers-fr","10":"product_shipping_class-p05","12":"pa_color-naturel-2","13":"pa_material-verre","14":"pa_material-bois-de-chne-2","16":"first","17":"instock","18":"featured","19":"taxable","20":"shipping-taxable","21":"purchasable","22":"product-type-simple"},"exclude_global_add_ons":[],"addons":[],"acf":[],"yoast_head":"<!-- This site is optimized with the Yoast SEO plugin v26.4 - https:\/\/yoast.com\/wordpress\/plugins\/seo\/ -->\n<title>Glimpse Miroir de sol Naturel - H\u00fcbsch<\/title>\n<meta name=\"description\" content=\"Miroir de sol en ch\u00eane certifi\u00e9 FSC, nature. Ce grand miroir est aussi pratique que sublime. Son apparence \u00e9pur\u00e9 et minimaliste convient parfaitement \u00e0 un\" \/>\n<meta name=\"robots\" content=\"index, follow, max-snippet:-1, max-image-preview:large, max-video-preview:-1\" \/>\n<link rel=\"canonical\" href=\"https:\/\/hubsch-interior.com\/fr\/wp-json\/wp\/v2\/product\/16593\" \/>\n<meta property=\"og:locale\" content=\"fr_FR\" \/>\n<meta property=\"og:type\" content=\"article\" \/>\n<meta property=\"og:title\" content=\"Glimpse Miroir de sol Naturel - H\u00fcbsch\" \/>\n<meta property=\"og:description\" content=\"Miroir de sol en ch\u00eane certifi\u00e9 FSC, nature. Ce grand miroir est aussi pratique que sublime. Son apparence \u00e9pur\u00e9 et minimaliste convient parfaitement \u00e0 un\" \/>\n<meta property=\"og:url\" content=\"https:\/\/hubsch-interior.com\/fr\/produit\/glimpse-miroir-de-sol-naturel\/\" \/>\n<meta property=\"og:site_name\" content=\"H\u00fcbsch\" \/>\n<meta property=\"article:modified_time\" content=\"2026-04-09T02:45:40+00:00\" \/>\n<meta property=\"og:image\" content=\"https:\/\/hubsch-interior.com\/wp-content\/uploads\/2024\/01\/glimpse-floor-mirror-natural-2d83ce04ee8deef186acf6e0688df0ff.jpg\" \/>\n\t<meta property=\"og:image:width\" content=\"1200\" \/>\n\t<meta property=\"og:image:height\" content=\"1200\" \/>\n\t<meta property=\"og:image:type\" content=\"image\/jpeg\" \/>\n<meta name=\"twitter:card\" content=\"summary_large_image\" \/>\n<script type=\"application\/ld+json\" class=\"yoast-schema-graph\">{\"@context\":\"https:\/\/schema.org\",\"@graph\":[{\"@type\":\"WebPage\",\"@id\":\"https:\/\/hubsch-interior.com\/fr\/produit\/glimpse-miroir-de-sol-naturel\/\",\"url\":\"https:\/\/hubsch-interior.com\/fr\/produit\/glimpse-miroir-de-sol-naturel\/\",\"name\":\"Glimpse Miroir de sol Naturel - H\u00fcbsch\",\"isPartOf\":{\"@id\":\"https:\/\/hubsch-interior.com\/fr\/#website\"},\"primaryImageOfPage\":{\"@id\":\"https:\/\/hubsch-interior.com\/fr\/produit\/glimpse-miroir-de-sol-naturel\/#primaryimage\"},\"image\":{\"@id\":\"https:\/\/hubsch-interior.com\/fr\/produit\/glimpse-miroir-de-sol-naturel\/#primaryimage\"},\"thumbnailUrl\":\"https:\/\/hubsch-interior.com\/wp-content\/uploads\/2026\/02\/glimpse-floor-mirror-natural-09a4d72fda6230be7557e7604febb668.jpg\",\"datePublished\":\"2020-09-09T21:25:20+00:00\",\"dateModified\":\"2026-04-09T02:45:40+00:00\",\"description\":\"Miroir de sol en ch\u00eane certifi\u00e9 FSC, nature. Ce grand miroir est aussi pratique que sublime. Son apparence \u00e9pur\u00e9 et minimaliste convient parfaitement \u00e0 un\",\"breadcrumb\":{\"@id\":\"https:\/\/hubsch-interior.com\/fr\/produit\/glimpse-miroir-de-sol-naturel\/#breadcrumb\"},\"inLanguage\":\"fr-FR\",\"potentialAction\":[{\"@type\":\"ReadAction\",\"target\":[\"https:\/\/hubsch-interior.com\/fr\/produit\/glimpse-miroir-de-sol-naturel\/\"]}]},{\"@type\":\"ImageObject\",\"inLanguage\":\"fr-FR\",\"@id\":\"https:\/\/hubsch-interior.com\/fr\/produit\/glimpse-miroir-de-sol-naturel\/#primaryimage\",\"url\":\"https:\/\/hubsch-interior.com\/wp-content\/uploads\/2026\/02\/glimpse-floor-mirror-natural-09a4d72fda6230be7557e7604febb668.jpg\",\"contentUrl\":\"https:\/\/hubsch-interior.com\/wp-content\/uploads\/2026\/02\/glimpse-floor-mirror-natural-09a4d72fda6230be7557e7604febb668.jpg\",\"width\":1024,\"height\":1024},{\"@type\":\"BreadcrumbList\",\"@id\":\"https:\/\/hubsch-interior.com\/fr\/produit\/glimpse-miroir-de-sol-naturel\/#breadcrumb\",\"itemListElement\":[{\"@type\":\"ListItem\",\"position\":1,\"name\":\"Page d'accueil\",\"item\":\"https:\/\/hubsch-interior.com\/fr\/\"},{\"@type\":\"ListItem\",\"position\":2,\"name\":\"Produits\",\"item\":\"https:\/\/hubsch-interior.com\/fr\/shop-2\/\"},{\"@type\":\"ListItem\",\"position\":3,\"name\":\"Accessoires maison\",\"item\":\"https:\/\/hubsch-interior.com\/fr\/categorie-produit\/accessoires-maison\/\"},{\"@type\":\"ListItem\",\"position\":4,\"name\":\"Miroirs\",\"item\":\"https:\/\/hubsch-interior.com\/fr\/categorie-produit\/accessoires-maison\/miroirs-fr\/\"},{\"@type\":\"ListItem\",\"position\":5,\"name\":\"Miroirs au sol\",\"item\":\"https:\/\/hubsch-interior.com\/fr\/categorie-produit\/accessoires-maison\/miroirs-fr\/miroirs-au-sol-fr\/\"},{\"@type\":\"ListItem\",\"position\":6,\"name\":\"Glimpse Miroir de sol Naturel\"}]},{\"@type\":\"WebSite\",\"@id\":\"https:\/\/hubsch-interior.com\/fr\/#website\",\"url\":\"https:\/\/hubsch-interior.com\/fr\/\",\"name\":\"H\u00fcbsch\",\"description\":\"Danish Home Interior and Design\",\"publisher\":{\"@id\":\"https:\/\/hubsch-interior.com\/fr\/#organization\"},\"potentialAction\":[{\"@type\":\"SearchAction\",\"target\":{\"@type\":\"EntryPoint\",\"urlTemplate\":\"https:\/\/hubsch-interior.com\/fr\/?s={search_term_string}\"},\"query-input\":{\"@type\":\"PropertyValueSpecification\",\"valueRequired\":true,\"valueName\":\"search_term_string\"}}],\"inLanguage\":\"fr-FR\"},{\"@type\":\"Organization\",\"@id\":\"https:\/\/hubsch-interior.com\/fr\/#organization\",\"name\":\"H\u00fcbsch\",\"url\":\"https:\/\/hubsch-interior.com\/fr\/\",\"logo\":{\"@type\":\"ImageObject\",\"inLanguage\":\"fr-FR\",\"@id\":\"https:\/\/hubsch-interior.com\/fr\/#\/schema\/logo\/image\/\",\"url\":\"https:\/\/hubsch-interior.com\/wp-content\/uploads\/2022\/12\/Hubsch_logo_black_one_line.svg\",\"contentUrl\":\"https:\/\/hubsch-interior.com\/wp-content\/uploads\/2022\/12\/Hubsch_logo_black_one_line.svg\",\"caption\":\"H\u00fcbsch\"},\"image\":{\"@id\":\"https:\/\/hubsch-interior.com\/fr\/#\/schema\/logo\/image\/\"}}]}<\/script>\n<!-- \/ Yoast SEO plugin. -->","yoast_head_json":{"title":"Glimpse Miroir de sol Naturel - H\u00fcbsch","description":"Miroir de sol en ch\u00eane certifi\u00e9 FSC, nature. Ce grand miroir est aussi pratique que sublime. Son apparence \u00e9pur\u00e9 et minimaliste convient parfaitement \u00e0 un","robots":{"index":"index","follow":"follow","max-snippet":"max-snippet:-1","max-image-preview":"max-image-preview:large","max-video-preview":"max-video-preview:-1"},"canonical":"https:\/\/hubsch-interior.com\/fr\/wp-json\/wp\/v2\/product\/16593","og_locale":"fr_FR","og_type":"article","og_title":"Glimpse Miroir de sol Naturel - H\u00fcbsch","og_description":"Miroir de sol en ch\u00eane certifi\u00e9 FSC, nature. Ce grand miroir est aussi pratique que sublime. Son apparence \u00e9pur\u00e9 et minimaliste convient parfaitement \u00e0 un","og_url":"https:\/\/hubsch-interior.com\/fr\/produit\/glimpse-miroir-de-sol-naturel\/","og_site_name":"H\u00fcbsch","article_modified_time":"2026-04-09T02:45:40+00:00","og_image":[{"width":1200,"height":1200,"url":"https:\/\/hubsch-interior.com\/wp-content\/uploads\/2024\/01\/glimpse-floor-mirror-natural-2d83ce04ee8deef186acf6e0688df0ff.jpg","type":"image\/jpeg"}],"twitter_card":"summary_large_image","schema":{"@context":"https:\/\/schema.org","@graph":[{"@type":"WebPage","@id":"https:\/\/hubsch-interior.com\/fr\/produit\/glimpse-miroir-de-sol-naturel\/","url":"https:\/\/hubsch-interior.com\/fr\/produit\/glimpse-miroir-de-sol-naturel\/","name":"Glimpse Miroir de sol Naturel - H\u00fcbsch","isPartOf":{"@id":"https:\/\/hubsch-interior.com\/fr\/#website"},"primaryImageOfPage":{"@id":"https:\/\/hubsch-interior.com\/fr\/produit\/glimpse-miroir-de-sol-naturel\/#primaryimage"},"image":{"@id":"https:\/\/hubsch-interior.com\/fr\/produit\/glimpse-miroir-de-sol-naturel\/#primaryimage"},"thumbnailUrl":"https:\/\/hubsch-interior.com\/wp-content\/uploads\/2026\/02\/glimpse-floor-mirror-natural-09a4d72fda6230be7557e7604febb668.jpg","datePublished":"2020-09-09T21:25:20+00:00","dateModified":"2026-04-09T02:45:40+00:00","description":"Miroir de sol en ch\u00eane certifi\u00e9 FSC, nature. Ce grand miroir est aussi pratique que sublime. Son apparence \u00e9pur\u00e9 et minimaliste convient parfaitement \u00e0 un","breadcrumb":{"@id":"https:\/\/hubsch-interior.com\/fr\/produit\/glimpse-miroir-de-sol-naturel\/#breadcrumb"},"inLanguage":"fr-FR","potentialAction":[{"@type":"ReadAction","target":["https:\/\/hubsch-interior.com\/fr\/produit\/glimpse-miroir-de-sol-naturel\/"]}]},{"@type":"ImageObject","inLanguage":"fr-FR","@id":"https:\/\/hubsch-interior.com\/fr\/produit\/glimpse-miroir-de-sol-naturel\/#primaryimage","url":"https:\/\/hubsch-interior.com\/wp-content\/uploads\/2026\/02\/glimpse-floor-mirror-natural-09a4d72fda6230be7557e7604febb668.jpg","contentUrl":"https:\/\/hubsch-interior.com\/wp-content\/uploads\/2026\/02\/glimpse-floor-mirror-natural-09a4d72fda6230be7557e7604febb668.jpg","width":1024,"height":1024},{"@type":"BreadcrumbList","@id":"https:\/\/hubsch-interior.com\/fr\/produit\/glimpse-miroir-de-sol-naturel\/#breadcrumb","itemListElement":[{"@type":"ListItem","position":1,"name":"Page d'accueil","item":"https:\/\/hubsch-interior.com\/fr\/"},{"@type":"ListItem","position":2,"name":"Produits","item":"https:\/\/hubsch-interior.com\/fr\/shop-2\/"},{"@type":"ListItem","position":3,"name":"Accessoires maison","item":"https:\/\/hubsch-interior.com\/fr\/categorie-produit\/accessoires-maison\/"},{"@type":"ListItem","position":4,"name":"Miroirs","item":"https:\/\/hubsch-interior.com\/fr\/categorie-produit\/accessoires-maison\/miroirs-fr\/"},{"@type":"ListItem","position":5,"name":"Miroirs au sol","item":"https:\/\/hubsch-interior.com\/fr\/categorie-produit\/accessoires-maison\/miroirs-fr\/miroirs-au-sol-fr\/"},{"@type":"ListItem","position":6,"name":"Glimpse Miroir de sol Naturel"}]},{"@type":"WebSite","@id":"https:\/\/hubsch-interior.com\/fr\/#website","url":"https:\/\/hubsch-interior.com\/fr\/","name":"H\u00fcbsch","description":"Danish Home Interior and Design","publisher":{"@id":"https:\/\/hubsch-interior.com\/fr\/#organization"},"potentialAction":[{"@type":"SearchAction","target":{"@type":"EntryPoint","urlTemplate":"https:\/\/hubsch-interior.com\/fr\/?s={search_term_string}"},"query-input":{"@type":"PropertyValueSpecification","valueRequired":true,"valueName":"search_term_string"}}],"inLanguage":"fr-FR"},{"@type":"Organization","@id":"https:\/\/hubsch-interior.com\/fr\/#organization","name":"H\u00fcbsch","url":"https:\/\/hubsch-interior.com\/fr\/","logo":{"@type":"ImageObject","inLanguage":"fr-FR","@id":"https:\/\/hubsch-interior.com\/fr\/#\/schema\/logo\/image\/","url":"https:\/\/hubsch-interior.com\/wp-content\/uploads\/2022\/12\/Hubsch_logo_black_one_line.svg","contentUrl":"https:\/\/hubsch-interior.com\/wp-content\/uploads\/2022\/12\/Hubsch_logo_black_one_line.svg","caption":"H\u00fcbsch"},"image":{"@id":"https:\/\/hubsch-interior.com\/fr\/#\/schema\/logo\/image\/"}}]}},"_links":{"self":[{"href":"https:\/\/hubsch-interior.com\/fr\/wp-json\/wp\/v2\/product\/16593","targetHints":{"allow":["GET"]}}],"collection":[{"href":"https:\/\/hubsch-interior.com\/fr\/wp-json\/wp\/v2\/product"}],"about":[{"href":"https:\/\/hubsch-interior.com\/fr\/wp-json\/wp\/v2\/types\/product"}],"wp:featuredmedia":[{"embeddable":true,"href":"https:\/\/hubsch-interior.com\/fr\/wp-json\/wp\/v2\/media\/1101144"}],"wp:attachment":[{"href":"https:\/\/hubsch-interior.com\/fr\/wp-json\/wp\/v2\/media?parent=16593"}],"wp:term":[{"taxonomy":"product_brand","embeddable":true,"href":"https:\/\/hubsch-interior.com\/fr\/wp-json\/wp\/v2\/product_brand?post=16593"},{"taxonomy":"product_cat","embeddable":true,"href":"https:\/\/hubsch-interior.com\/fr\/wp-json\/wp\/v2\/product_cat?post=16593"},{"taxonomy":"product_tag","embeddable":true,"href":"https:\/\/hubsch-interior.com\/fr\/wp-json\/wp\/v2\/product_tag?post=16593"}],"curies":[{"name":"wp","href":"https:\/\/api.w.org\/{rel}","templated":true}]}}