{"id":16893,"date":"2020-09-09T23:25:46","date_gmt":"2020-09-09T21:25:46","guid":{"rendered":"https:\/\/hubsch-interior.com\/vare\/product\/"},"modified":"2026-04-09T04:46:07","modified_gmt":"2026-04-09T02:46:07","slug":"library-etagere-small-naturel","status":"publish","type":"product","link":"https:\/\/hubsch-interior.com\/fr\/produit\/library-etagere-small-naturel\/","title":{"rendered":"Library \u00c9tag\u00e8re Small Naturel"},"content":{"rendered":"<p>Cette biblioth\u00e8que en ch\u00eane certifi\u00e9e FSC se compose de trois \u00e9tag\u00e8res. Le design \u00e9pur\u00e9 et minimaliste ainsi que la taille de cette biblioth\u00e8que en font un meuble polyvalent. Vous pouvez l&#8217;utiliser dans la chambre pour ranger vos v\u00eatements et vos serviettes ou dans le salon pour exposer des livres, des plantes ou votre d\u00e9coration.<\/p>\n","protected":false},"excerpt":{"rendered":"<p>Cette biblioth\u00e8que en ch\u00eane certifi\u00e9e FSC se compose de trois \u00e9tag\u00e8res. Le design \u00e9pur\u00e9 et minimaliste ainsi que la taille de cette biblioth\u00e8que en font un meuble polyvalent. Vous pouvez l&#8217;utiliser dans la chambre pour ranger vos v\u00eatements et vos serviettes ou dans le salon pour exposer des livres, des plantes ou votre d\u00e9coration.<\/p>\n","protected":false},"featured_media":1101293,"template":"","meta":{"_acf_changed":false,"inline_featured_image":false},"product_brand":[],"product_cat":[6322,4001,4011,5030],"product_tag":[],"class_list":{"0":"post-16893","1":"product","2":"type-product","3":"status-publish","4":"has-post-thumbnail","6":"product_cat-fsc-fr","7":"product_cat-etageres-et-meubles-de-rangement-fr","8":"product_cat-bibliotheques-fr","9":"product_cat-de-nouveau-en-stock-fr","10":"product_shipping_class-pk","12":"pa_color-naturel-2","13":"pa_material-mdf-fr","14":"pa_material-bois-de-chne-2","15":"pa_material-placage-de-chne-2","17":"first","18":"instock","19":"taxable","20":"shipping-taxable","21":"purchasable","22":"product-type-simple"},"exclude_global_add_ons":[],"addons":[],"acf":[],"yoast_head":"<!-- This site is optimized with the Yoast SEO plugin v26.4 - https:\/\/yoast.com\/wordpress\/plugins\/seo\/ -->\n<title>Library \u00c9tag\u00e8re Small Naturel - H\u00fcbsch<\/title>\n<meta name=\"description\" content=\"Cette biblioth\u00e8que en ch\u00eane certifi\u00e9e FSC se compose de trois \u00e9tag\u00e8res. Le design \u00e9pur\u00e9 et minimaliste ainsi que la taille de cette biblioth\u00e8que en font\" \/>\n<meta name=\"robots\" content=\"index, follow, max-snippet:-1, max-image-preview:large, max-video-preview:-1\" \/>\n<link rel=\"canonical\" href=\"https:\/\/hubsch-interior.com\/fr\/wp-json\/wp\/v2\/product\/16893\" \/>\n<meta property=\"og:locale\" content=\"fr_FR\" \/>\n<meta property=\"og:type\" content=\"article\" \/>\n<meta property=\"og:title\" content=\"Library \u00c9tag\u00e8re Small Naturel - H\u00fcbsch\" \/>\n<meta property=\"og:description\" content=\"Cette biblioth\u00e8que en ch\u00eane certifi\u00e9e FSC se compose de trois \u00e9tag\u00e8res. Le design \u00e9pur\u00e9 et minimaliste ainsi que la taille de cette biblioth\u00e8que en font\" \/>\n<meta property=\"og:url\" content=\"https:\/\/hubsch-interior.com\/fr\/produit\/library-etagere-small-naturel\/\" \/>\n<meta property=\"og:site_name\" content=\"H\u00fcbsch\" \/>\n<meta property=\"article:modified_time\" content=\"2026-04-09T02:46:07+00:00\" \/>\n<meta property=\"og:image\" content=\"https:\/\/hubsch-interior.com\/wp-content\/uploads\/2024\/01\/library-shelf-unit-small-natural-31a6a969b6a94e381e7b7dc53105aaf4.jpg\" \/>\n\t<meta property=\"og:image:width\" content=\"1200\" \/>\n\t<meta property=\"og:image:height\" content=\"1200\" \/>\n\t<meta property=\"og:image:type\" content=\"image\/jpeg\" \/>\n<meta name=\"twitter:card\" content=\"summary_large_image\" \/>\n<script type=\"application\/ld+json\" class=\"yoast-schema-graph\">{\"@context\":\"https:\/\/schema.org\",\"@graph\":[{\"@type\":\"WebPage\",\"@id\":\"https:\/\/hubsch-interior.com\/fr\/produit\/library-etagere-small-naturel\/\",\"url\":\"https:\/\/hubsch-interior.com\/fr\/produit\/library-etagere-small-naturel\/\",\"name\":\"Library \u00c9tag\u00e8re Small Naturel - H\u00fcbsch\",\"isPartOf\":{\"@id\":\"https:\/\/hubsch-interior.com\/fr\/#website\"},\"primaryImageOfPage\":{\"@id\":\"https:\/\/hubsch-interior.com\/fr\/produit\/library-etagere-small-naturel\/#primaryimage\"},\"image\":{\"@id\":\"https:\/\/hubsch-interior.com\/fr\/produit\/library-etagere-small-naturel\/#primaryimage\"},\"thumbnailUrl\":\"https:\/\/hubsch-interior.com\/wp-content\/uploads\/2026\/02\/library-shelf-unit-small-natural-031329d584b5785e0adbd45c75dabd2c.jpg\",\"datePublished\":\"2020-09-09T21:25:46+00:00\",\"dateModified\":\"2026-04-09T02:46:07+00:00\",\"description\":\"Cette biblioth\u00e8que en ch\u00eane certifi\u00e9e FSC se compose de trois \u00e9tag\u00e8res. Le design \u00e9pur\u00e9 et minimaliste ainsi que la taille de cette biblioth\u00e8que en font\",\"breadcrumb\":{\"@id\":\"https:\/\/hubsch-interior.com\/fr\/produit\/library-etagere-small-naturel\/#breadcrumb\"},\"inLanguage\":\"fr-FR\",\"potentialAction\":[{\"@type\":\"ReadAction\",\"target\":[\"https:\/\/hubsch-interior.com\/fr\/produit\/library-etagere-small-naturel\/\"]}]},{\"@type\":\"ImageObject\",\"inLanguage\":\"fr-FR\",\"@id\":\"https:\/\/hubsch-interior.com\/fr\/produit\/library-etagere-small-naturel\/#primaryimage\",\"url\":\"https:\/\/hubsch-interior.com\/wp-content\/uploads\/2026\/02\/library-shelf-unit-small-natural-031329d584b5785e0adbd45c75dabd2c.jpg\",\"contentUrl\":\"https:\/\/hubsch-interior.com\/wp-content\/uploads\/2026\/02\/library-shelf-unit-small-natural-031329d584b5785e0adbd45c75dabd2c.jpg\",\"width\":1024,\"height\":1024},{\"@type\":\"BreadcrumbList\",\"@id\":\"https:\/\/hubsch-interior.com\/fr\/produit\/library-etagere-small-naturel\/#breadcrumb\",\"itemListElement\":[{\"@type\":\"ListItem\",\"position\":1,\"name\":\"Page d'accueil\",\"item\":\"https:\/\/hubsch-interior.com\/fr\/\"},{\"@type\":\"ListItem\",\"position\":2,\"name\":\"Produits\",\"item\":\"https:\/\/hubsch-interior.com\/fr\/shop-2\/\"},{\"@type\":\"ListItem\",\"position\":3,\"name\":\"Meubles\",\"item\":\"https:\/\/hubsch-interior.com\/fr\/categorie-produit\/meubles\/\"},{\"@type\":\"ListItem\",\"position\":4,\"name\":\"Etag&egrave;res et meubles de rangement\",\"item\":\"https:\/\/hubsch-interior.com\/fr\/categorie-produit\/meubles\/etageres-et-meubles-de-rangement-fr\/\"},{\"@type\":\"ListItem\",\"position\":5,\"name\":\"Biblioth&egrave;ques\",\"item\":\"https:\/\/hubsch-interior.com\/fr\/categorie-produit\/meubles\/etageres-et-meubles-de-rangement-fr\/bibliotheques-fr\/\"},{\"@type\":\"ListItem\",\"position\":6,\"name\":\"Library \u00c9tag\u00e8re Small Naturel\"}]},{\"@type\":\"WebSite\",\"@id\":\"https:\/\/hubsch-interior.com\/fr\/#website\",\"url\":\"https:\/\/hubsch-interior.com\/fr\/\",\"name\":\"H\u00fcbsch\",\"description\":\"Danish Home Interior and Design\",\"publisher\":{\"@id\":\"https:\/\/hubsch-interior.com\/fr\/#organization\"},\"potentialAction\":[{\"@type\":\"SearchAction\",\"target\":{\"@type\":\"EntryPoint\",\"urlTemplate\":\"https:\/\/hubsch-interior.com\/fr\/?s={search_term_string}\"},\"query-input\":{\"@type\":\"PropertyValueSpecification\",\"valueRequired\":true,\"valueName\":\"search_term_string\"}}],\"inLanguage\":\"fr-FR\"},{\"@type\":\"Organization\",\"@id\":\"https:\/\/hubsch-interior.com\/fr\/#organization\",\"name\":\"H\u00fcbsch\",\"url\":\"https:\/\/hubsch-interior.com\/fr\/\",\"logo\":{\"@type\":\"ImageObject\",\"inLanguage\":\"fr-FR\",\"@id\":\"https:\/\/hubsch-interior.com\/fr\/#\/schema\/logo\/image\/\",\"url\":\"https:\/\/hubsch-interior.com\/wp-content\/uploads\/2022\/12\/Hubsch_logo_black_one_line.svg\",\"contentUrl\":\"https:\/\/hubsch-interior.com\/wp-content\/uploads\/2022\/12\/Hubsch_logo_black_one_line.svg\",\"caption\":\"H\u00fcbsch\"},\"image\":{\"@id\":\"https:\/\/hubsch-interior.com\/fr\/#\/schema\/logo\/image\/\"}}]}<\/script>\n<!-- \/ Yoast SEO plugin. -->","yoast_head_json":{"title":"Library \u00c9tag\u00e8re Small Naturel - H\u00fcbsch","description":"Cette biblioth\u00e8que en ch\u00eane certifi\u00e9e FSC se compose de trois \u00e9tag\u00e8res. Le design \u00e9pur\u00e9 et minimaliste ainsi que la taille de cette biblioth\u00e8que en font","robots":{"index":"index","follow":"follow","max-snippet":"max-snippet:-1","max-image-preview":"max-image-preview:large","max-video-preview":"max-video-preview:-1"},"canonical":"https:\/\/hubsch-interior.com\/fr\/wp-json\/wp\/v2\/product\/16893","og_locale":"fr_FR","og_type":"article","og_title":"Library \u00c9tag\u00e8re Small Naturel - H\u00fcbsch","og_description":"Cette biblioth\u00e8que en ch\u00eane certifi\u00e9e FSC se compose de trois \u00e9tag\u00e8res. Le design \u00e9pur\u00e9 et minimaliste ainsi que la taille de cette biblioth\u00e8que en font","og_url":"https:\/\/hubsch-interior.com\/fr\/produit\/library-etagere-small-naturel\/","og_site_name":"H\u00fcbsch","article_modified_time":"2026-04-09T02:46:07+00:00","og_image":[{"width":1200,"height":1200,"url":"https:\/\/hubsch-interior.com\/wp-content\/uploads\/2024\/01\/library-shelf-unit-small-natural-31a6a969b6a94e381e7b7dc53105aaf4.jpg","type":"image\/jpeg"}],"twitter_card":"summary_large_image","schema":{"@context":"https:\/\/schema.org","@graph":[{"@type":"WebPage","@id":"https:\/\/hubsch-interior.com\/fr\/produit\/library-etagere-small-naturel\/","url":"https:\/\/hubsch-interior.com\/fr\/produit\/library-etagere-small-naturel\/","name":"Library \u00c9tag\u00e8re Small Naturel - H\u00fcbsch","isPartOf":{"@id":"https:\/\/hubsch-interior.com\/fr\/#website"},"primaryImageOfPage":{"@id":"https:\/\/hubsch-interior.com\/fr\/produit\/library-etagere-small-naturel\/#primaryimage"},"image":{"@id":"https:\/\/hubsch-interior.com\/fr\/produit\/library-etagere-small-naturel\/#primaryimage"},"thumbnailUrl":"https:\/\/hubsch-interior.com\/wp-content\/uploads\/2026\/02\/library-shelf-unit-small-natural-031329d584b5785e0adbd45c75dabd2c.jpg","datePublished":"2020-09-09T21:25:46+00:00","dateModified":"2026-04-09T02:46:07+00:00","description":"Cette biblioth\u00e8que en ch\u00eane certifi\u00e9e FSC se compose de trois \u00e9tag\u00e8res. Le design \u00e9pur\u00e9 et minimaliste ainsi que la taille de cette biblioth\u00e8que en font","breadcrumb":{"@id":"https:\/\/hubsch-interior.com\/fr\/produit\/library-etagere-small-naturel\/#breadcrumb"},"inLanguage":"fr-FR","potentialAction":[{"@type":"ReadAction","target":["https:\/\/hubsch-interior.com\/fr\/produit\/library-etagere-small-naturel\/"]}]},{"@type":"ImageObject","inLanguage":"fr-FR","@id":"https:\/\/hubsch-interior.com\/fr\/produit\/library-etagere-small-naturel\/#primaryimage","url":"https:\/\/hubsch-interior.com\/wp-content\/uploads\/2026\/02\/library-shelf-unit-small-natural-031329d584b5785e0adbd45c75dabd2c.jpg","contentUrl":"https:\/\/hubsch-interior.com\/wp-content\/uploads\/2026\/02\/library-shelf-unit-small-natural-031329d584b5785e0adbd45c75dabd2c.jpg","width":1024,"height":1024},{"@type":"BreadcrumbList","@id":"https:\/\/hubsch-interior.com\/fr\/produit\/library-etagere-small-naturel\/#breadcrumb","itemListElement":[{"@type":"ListItem","position":1,"name":"Page d'accueil","item":"https:\/\/hubsch-interior.com\/fr\/"},{"@type":"ListItem","position":2,"name":"Produits","item":"https:\/\/hubsch-interior.com\/fr\/shop-2\/"},{"@type":"ListItem","position":3,"name":"Meubles","item":"https:\/\/hubsch-interior.com\/fr\/categorie-produit\/meubles\/"},{"@type":"ListItem","position":4,"name":"Etag&egrave;res et meubles de rangement","item":"https:\/\/hubsch-interior.com\/fr\/categorie-produit\/meubles\/etageres-et-meubles-de-rangement-fr\/"},{"@type":"ListItem","position":5,"name":"Biblioth&egrave;ques","item":"https:\/\/hubsch-interior.com\/fr\/categorie-produit\/meubles\/etageres-et-meubles-de-rangement-fr\/bibliotheques-fr\/"},{"@type":"ListItem","position":6,"name":"Library \u00c9tag\u00e8re Small Naturel"}]},{"@type":"WebSite","@id":"https:\/\/hubsch-interior.com\/fr\/#website","url":"https:\/\/hubsch-interior.com\/fr\/","name":"H\u00fcbsch","description":"Danish Home Interior and Design","publisher":{"@id":"https:\/\/hubsch-interior.com\/fr\/#organization"},"potentialAction":[{"@type":"SearchAction","target":{"@type":"EntryPoint","urlTemplate":"https:\/\/hubsch-interior.com\/fr\/?s={search_term_string}"},"query-input":{"@type":"PropertyValueSpecification","valueRequired":true,"valueName":"search_term_string"}}],"inLanguage":"fr-FR"},{"@type":"Organization","@id":"https:\/\/hubsch-interior.com\/fr\/#organization","name":"H\u00fcbsch","url":"https:\/\/hubsch-interior.com\/fr\/","logo":{"@type":"ImageObject","inLanguage":"fr-FR","@id":"https:\/\/hubsch-interior.com\/fr\/#\/schema\/logo\/image\/","url":"https:\/\/hubsch-interior.com\/wp-content\/uploads\/2022\/12\/Hubsch_logo_black_one_line.svg","contentUrl":"https:\/\/hubsch-interior.com\/wp-content\/uploads\/2022\/12\/Hubsch_logo_black_one_line.svg","caption":"H\u00fcbsch"},"image":{"@id":"https:\/\/hubsch-interior.com\/fr\/#\/schema\/logo\/image\/"}}]}},"_links":{"self":[{"href":"https:\/\/hubsch-interior.com\/fr\/wp-json\/wp\/v2\/product\/16893","targetHints":{"allow":["GET"]}}],"collection":[{"href":"https:\/\/hubsch-interior.com\/fr\/wp-json\/wp\/v2\/product"}],"about":[{"href":"https:\/\/hubsch-interior.com\/fr\/wp-json\/wp\/v2\/types\/product"}],"wp:featuredmedia":[{"embeddable":true,"href":"https:\/\/hubsch-interior.com\/fr\/wp-json\/wp\/v2\/media\/1101293"}],"wp:attachment":[{"href":"https:\/\/hubsch-interior.com\/fr\/wp-json\/wp\/v2\/media?parent=16893"}],"wp:term":[{"taxonomy":"product_brand","embeddable":true,"href":"https:\/\/hubsch-interior.com\/fr\/wp-json\/wp\/v2\/product_brand?post=16893"},{"taxonomy":"product_cat","embeddable":true,"href":"https:\/\/hubsch-interior.com\/fr\/wp-json\/wp\/v2\/product_cat?post=16893"},{"taxonomy":"product_tag","embeddable":true,"href":"https:\/\/hubsch-interior.com\/fr\/wp-json\/wp\/v2\/product_tag?post=16893"}],"curies":[{"name":"wp","href":"https:\/\/api.w.org\/{rel}","templated":true}]}}