{"id":17377,"date":"2020-09-09T23:26:20","date_gmt":"2020-09-09T21:26:20","guid":{"rendered":"https:\/\/hubsch-interior.com\/vare\/product\/"},"modified":"2026-04-09T04:46:34","modified_gmt":"2026-04-09T02:46:34","slug":"herringbone-armoire-medium-naturel","status":"publish","type":"product","link":"https:\/\/hubsch-interior.com\/fr\/produit\/herringbone-armoire-medium-naturel\/","title":{"rendered":"Herringbone Armoire Medium Naturel"},"content":{"rendered":"<p>Armoire en ch\u00eane certifi\u00e9 FSC avec motif en chevrons. Cette armoire se compose de deux portes et des tiroirs, pour ranger vos affaires personnelles telles que vos v\u00eatements ou votre linge de maison. Utilisez-la dans votre chambre pour ranger vos v\u00eatements ou dans le salon pour les jouets ou les couvertures.<\/p>\n","protected":false},"excerpt":{"rendered":"<p>Armoire en ch\u00eane certifi\u00e9 FSC avec motif en chevrons. Cette armoire se compose de deux portes et des tiroirs, pour ranger vos affaires personnelles telles que vos v\u00eatements ou votre linge de maison. Utilisez-la dans votre chambre pour ranger vos v\u00eatements ou dans le salon pour les jouets ou les couvertures.<\/p>\n","protected":false},"featured_media":1101466,"template":"","meta":{"_acf_changed":false,"inline_featured_image":false},"product_brand":[],"product_cat":[6322,4001,4920,4033,6482,5026,5030],"product_tag":[],"class_list":{"0":"post-17377","1":"product","2":"type-product","3":"status-publish","4":"has-post-thumbnail","6":"product_cat-fsc-fr","7":"product_cat-etageres-et-meubles-de-rangement-fr","8":"product_cat-commodes-buffets-fr","9":"product_cat-garde-robe-portants-fr","10":"product_cat-garde-robe-fr","11":"product_cat-bestsellers-fr","12":"product_cat-de-nouveau-en-stock-fr","13":"product_shipping_class-p10","15":"pa_color-naturel-2","16":"pa_material-mdf-fr","17":"pa_material-bois-de-chne-2","18":"pa_material-placage-de-chne-2","20":"first","21":"instock","22":"featured","23":"taxable","24":"shipping-taxable","25":"purchasable","26":"product-type-simple"},"exclude_global_add_ons":[],"addons":[],"acf":[],"yoast_head":"<!-- This site is optimized with the Yoast SEO plugin v26.4 - https:\/\/yoast.com\/wordpress\/plugins\/seo\/ -->\n<title>Herringbone Armoire Medium Naturel - H\u00fcbsch<\/title>\n<meta name=\"description\" content=\"Armoire en ch\u00eane certifi\u00e9 FSC avec motif en chevrons. Cette armoire se compose de deux portes et des tiroirs, pour ranger vos affaires personnelles telles\" \/>\n<meta name=\"robots\" content=\"index, follow, max-snippet:-1, max-image-preview:large, max-video-preview:-1\" \/>\n<link rel=\"canonical\" href=\"https:\/\/hubsch-interior.com\/fr\/wp-json\/wp\/v2\/product\/17377\" \/>\n<meta property=\"og:locale\" content=\"fr_FR\" \/>\n<meta property=\"og:type\" content=\"article\" \/>\n<meta property=\"og:title\" content=\"Herringbone Armoire Medium Naturel - H\u00fcbsch\" \/>\n<meta property=\"og:description\" content=\"Armoire en ch\u00eane certifi\u00e9 FSC avec motif en chevrons. Cette armoire se compose de deux portes et des tiroirs, pour ranger vos affaires personnelles telles\" \/>\n<meta property=\"og:url\" content=\"https:\/\/hubsch-interior.com\/fr\/produit\/herringbone-armoire-medium-naturel\/\" \/>\n<meta property=\"og:site_name\" content=\"H\u00fcbsch\" \/>\n<meta property=\"article:modified_time\" content=\"2026-04-09T02:46:34+00:00\" \/>\n<meta property=\"og:image\" content=\"https:\/\/hubsch-interior.com\/wp-content\/uploads\/2023\/08\/herringbone-wardrobe-medium-natural-cc4d6058d34801816af4bc1183725b23.jpg\" \/>\n\t<meta property=\"og:image:width\" content=\"1200\" \/>\n\t<meta property=\"og:image:height\" content=\"1200\" \/>\n\t<meta property=\"og:image:type\" content=\"image\/jpeg\" \/>\n<meta name=\"twitter:card\" content=\"summary_large_image\" \/>\n<script type=\"application\/ld+json\" class=\"yoast-schema-graph\">{\"@context\":\"https:\/\/schema.org\",\"@graph\":[{\"@type\":\"WebPage\",\"@id\":\"https:\/\/hubsch-interior.com\/fr\/produit\/herringbone-armoire-medium-naturel\/\",\"url\":\"https:\/\/hubsch-interior.com\/fr\/produit\/herringbone-armoire-medium-naturel\/\",\"name\":\"Herringbone Armoire Medium Naturel - H\u00fcbsch\",\"isPartOf\":{\"@id\":\"https:\/\/hubsch-interior.com\/fr\/#website\"},\"primaryImageOfPage\":{\"@id\":\"https:\/\/hubsch-interior.com\/fr\/produit\/herringbone-armoire-medium-naturel\/#primaryimage\"},\"image\":{\"@id\":\"https:\/\/hubsch-interior.com\/fr\/produit\/herringbone-armoire-medium-naturel\/#primaryimage\"},\"thumbnailUrl\":\"https:\/\/hubsch-interior.com\/wp-content\/uploads\/2026\/02\/herringbone-wardrobe-medium-natural-bb3187af32f14dec4ecf6920bd5aae9d.jpg\",\"datePublished\":\"2020-09-09T21:26:20+00:00\",\"dateModified\":\"2026-04-09T02:46:34+00:00\",\"description\":\"Armoire en ch\u00eane certifi\u00e9 FSC avec motif en chevrons. Cette armoire se compose de deux portes et des tiroirs, pour ranger vos affaires personnelles telles\",\"breadcrumb\":{\"@id\":\"https:\/\/hubsch-interior.com\/fr\/produit\/herringbone-armoire-medium-naturel\/#breadcrumb\"},\"inLanguage\":\"fr-FR\",\"potentialAction\":[{\"@type\":\"ReadAction\",\"target\":[\"https:\/\/hubsch-interior.com\/fr\/produit\/herringbone-armoire-medium-naturel\/\"]}]},{\"@type\":\"ImageObject\",\"inLanguage\":\"fr-FR\",\"@id\":\"https:\/\/hubsch-interior.com\/fr\/produit\/herringbone-armoire-medium-naturel\/#primaryimage\",\"url\":\"https:\/\/hubsch-interior.com\/wp-content\/uploads\/2026\/02\/herringbone-wardrobe-medium-natural-bb3187af32f14dec4ecf6920bd5aae9d.jpg\",\"contentUrl\":\"https:\/\/hubsch-interior.com\/wp-content\/uploads\/2026\/02\/herringbone-wardrobe-medium-natural-bb3187af32f14dec4ecf6920bd5aae9d.jpg\",\"width\":1024,\"height\":1024},{\"@type\":\"BreadcrumbList\",\"@id\":\"https:\/\/hubsch-interior.com\/fr\/produit\/herringbone-armoire-medium-naturel\/#breadcrumb\",\"itemListElement\":[{\"@type\":\"ListItem\",\"position\":1,\"name\":\"Page d'accueil\",\"item\":\"https:\/\/hubsch-interior.com\/fr\/\"},{\"@type\":\"ListItem\",\"position\":2,\"name\":\"Produits\",\"item\":\"https:\/\/hubsch-interior.com\/fr\/shop-2\/\"},{\"@type\":\"ListItem\",\"position\":3,\"name\":\"Meubles\",\"item\":\"https:\/\/hubsch-interior.com\/fr\/categorie-produit\/meubles\/\"},{\"@type\":\"ListItem\",\"position\":4,\"name\":\"Etag&egrave;res et meubles de rangement\",\"item\":\"https:\/\/hubsch-interior.com\/fr\/categorie-produit\/meubles\/etageres-et-meubles-de-rangement-fr\/\"},{\"@type\":\"ListItem\",\"position\":5,\"name\":\"Commodes &amp; buffets\",\"item\":\"https:\/\/hubsch-interior.com\/fr\/categorie-produit\/meubles\/etageres-et-meubles-de-rangement-fr\/commodes-buffets-fr\/\"},{\"@type\":\"ListItem\",\"position\":6,\"name\":\"Herringbone Armoire Medium Naturel\"}]},{\"@type\":\"WebSite\",\"@id\":\"https:\/\/hubsch-interior.com\/fr\/#website\",\"url\":\"https:\/\/hubsch-interior.com\/fr\/\",\"name\":\"H\u00fcbsch\",\"description\":\"Danish Home Interior and Design\",\"publisher\":{\"@id\":\"https:\/\/hubsch-interior.com\/fr\/#organization\"},\"potentialAction\":[{\"@type\":\"SearchAction\",\"target\":{\"@type\":\"EntryPoint\",\"urlTemplate\":\"https:\/\/hubsch-interior.com\/fr\/?s={search_term_string}\"},\"query-input\":{\"@type\":\"PropertyValueSpecification\",\"valueRequired\":true,\"valueName\":\"search_term_string\"}}],\"inLanguage\":\"fr-FR\"},{\"@type\":\"Organization\",\"@id\":\"https:\/\/hubsch-interior.com\/fr\/#organization\",\"name\":\"H\u00fcbsch\",\"url\":\"https:\/\/hubsch-interior.com\/fr\/\",\"logo\":{\"@type\":\"ImageObject\",\"inLanguage\":\"fr-FR\",\"@id\":\"https:\/\/hubsch-interior.com\/fr\/#\/schema\/logo\/image\/\",\"url\":\"https:\/\/hubsch-interior.com\/wp-content\/uploads\/2022\/12\/Hubsch_logo_black_one_line.svg\",\"contentUrl\":\"https:\/\/hubsch-interior.com\/wp-content\/uploads\/2022\/12\/Hubsch_logo_black_one_line.svg\",\"caption\":\"H\u00fcbsch\"},\"image\":{\"@id\":\"https:\/\/hubsch-interior.com\/fr\/#\/schema\/logo\/image\/\"}}]}<\/script>\n<!-- \/ Yoast SEO plugin. -->","yoast_head_json":{"title":"Herringbone Armoire Medium Naturel - H\u00fcbsch","description":"Armoire en ch\u00eane certifi\u00e9 FSC avec motif en chevrons. Cette armoire se compose de deux portes et des tiroirs, pour ranger vos affaires personnelles telles","robots":{"index":"index","follow":"follow","max-snippet":"max-snippet:-1","max-image-preview":"max-image-preview:large","max-video-preview":"max-video-preview:-1"},"canonical":"https:\/\/hubsch-interior.com\/fr\/wp-json\/wp\/v2\/product\/17377","og_locale":"fr_FR","og_type":"article","og_title":"Herringbone Armoire Medium Naturel - H\u00fcbsch","og_description":"Armoire en ch\u00eane certifi\u00e9 FSC avec motif en chevrons. Cette armoire se compose de deux portes et des tiroirs, pour ranger vos affaires personnelles telles","og_url":"https:\/\/hubsch-interior.com\/fr\/produit\/herringbone-armoire-medium-naturel\/","og_site_name":"H\u00fcbsch","article_modified_time":"2026-04-09T02:46:34+00:00","og_image":[{"width":1200,"height":1200,"url":"https:\/\/hubsch-interior.com\/wp-content\/uploads\/2023\/08\/herringbone-wardrobe-medium-natural-cc4d6058d34801816af4bc1183725b23.jpg","type":"image\/jpeg"}],"twitter_card":"summary_large_image","schema":{"@context":"https:\/\/schema.org","@graph":[{"@type":"WebPage","@id":"https:\/\/hubsch-interior.com\/fr\/produit\/herringbone-armoire-medium-naturel\/","url":"https:\/\/hubsch-interior.com\/fr\/produit\/herringbone-armoire-medium-naturel\/","name":"Herringbone Armoire Medium Naturel - H\u00fcbsch","isPartOf":{"@id":"https:\/\/hubsch-interior.com\/fr\/#website"},"primaryImageOfPage":{"@id":"https:\/\/hubsch-interior.com\/fr\/produit\/herringbone-armoire-medium-naturel\/#primaryimage"},"image":{"@id":"https:\/\/hubsch-interior.com\/fr\/produit\/herringbone-armoire-medium-naturel\/#primaryimage"},"thumbnailUrl":"https:\/\/hubsch-interior.com\/wp-content\/uploads\/2026\/02\/herringbone-wardrobe-medium-natural-bb3187af32f14dec4ecf6920bd5aae9d.jpg","datePublished":"2020-09-09T21:26:20+00:00","dateModified":"2026-04-09T02:46:34+00:00","description":"Armoire en ch\u00eane certifi\u00e9 FSC avec motif en chevrons. Cette armoire se compose de deux portes et des tiroirs, pour ranger vos affaires personnelles telles","breadcrumb":{"@id":"https:\/\/hubsch-interior.com\/fr\/produit\/herringbone-armoire-medium-naturel\/#breadcrumb"},"inLanguage":"fr-FR","potentialAction":[{"@type":"ReadAction","target":["https:\/\/hubsch-interior.com\/fr\/produit\/herringbone-armoire-medium-naturel\/"]}]},{"@type":"ImageObject","inLanguage":"fr-FR","@id":"https:\/\/hubsch-interior.com\/fr\/produit\/herringbone-armoire-medium-naturel\/#primaryimage","url":"https:\/\/hubsch-interior.com\/wp-content\/uploads\/2026\/02\/herringbone-wardrobe-medium-natural-bb3187af32f14dec4ecf6920bd5aae9d.jpg","contentUrl":"https:\/\/hubsch-interior.com\/wp-content\/uploads\/2026\/02\/herringbone-wardrobe-medium-natural-bb3187af32f14dec4ecf6920bd5aae9d.jpg","width":1024,"height":1024},{"@type":"BreadcrumbList","@id":"https:\/\/hubsch-interior.com\/fr\/produit\/herringbone-armoire-medium-naturel\/#breadcrumb","itemListElement":[{"@type":"ListItem","position":1,"name":"Page d'accueil","item":"https:\/\/hubsch-interior.com\/fr\/"},{"@type":"ListItem","position":2,"name":"Produits","item":"https:\/\/hubsch-interior.com\/fr\/shop-2\/"},{"@type":"ListItem","position":3,"name":"Meubles","item":"https:\/\/hubsch-interior.com\/fr\/categorie-produit\/meubles\/"},{"@type":"ListItem","position":4,"name":"Etag&egrave;res et meubles de rangement","item":"https:\/\/hubsch-interior.com\/fr\/categorie-produit\/meubles\/etageres-et-meubles-de-rangement-fr\/"},{"@type":"ListItem","position":5,"name":"Commodes &amp; buffets","item":"https:\/\/hubsch-interior.com\/fr\/categorie-produit\/meubles\/etageres-et-meubles-de-rangement-fr\/commodes-buffets-fr\/"},{"@type":"ListItem","position":6,"name":"Herringbone Armoire Medium Naturel"}]},{"@type":"WebSite","@id":"https:\/\/hubsch-interior.com\/fr\/#website","url":"https:\/\/hubsch-interior.com\/fr\/","name":"H\u00fcbsch","description":"Danish Home Interior and Design","publisher":{"@id":"https:\/\/hubsch-interior.com\/fr\/#organization"},"potentialAction":[{"@type":"SearchAction","target":{"@type":"EntryPoint","urlTemplate":"https:\/\/hubsch-interior.com\/fr\/?s={search_term_string}"},"query-input":{"@type":"PropertyValueSpecification","valueRequired":true,"valueName":"search_term_string"}}],"inLanguage":"fr-FR"},{"@type":"Organization","@id":"https:\/\/hubsch-interior.com\/fr\/#organization","name":"H\u00fcbsch","url":"https:\/\/hubsch-interior.com\/fr\/","logo":{"@type":"ImageObject","inLanguage":"fr-FR","@id":"https:\/\/hubsch-interior.com\/fr\/#\/schema\/logo\/image\/","url":"https:\/\/hubsch-interior.com\/wp-content\/uploads\/2022\/12\/Hubsch_logo_black_one_line.svg","contentUrl":"https:\/\/hubsch-interior.com\/wp-content\/uploads\/2022\/12\/Hubsch_logo_black_one_line.svg","caption":"H\u00fcbsch"},"image":{"@id":"https:\/\/hubsch-interior.com\/fr\/#\/schema\/logo\/image\/"}}]}},"_links":{"self":[{"href":"https:\/\/hubsch-interior.com\/fr\/wp-json\/wp\/v2\/product\/17377","targetHints":{"allow":["GET"]}}],"collection":[{"href":"https:\/\/hubsch-interior.com\/fr\/wp-json\/wp\/v2\/product"}],"about":[{"href":"https:\/\/hubsch-interior.com\/fr\/wp-json\/wp\/v2\/types\/product"}],"wp:featuredmedia":[{"embeddable":true,"href":"https:\/\/hubsch-interior.com\/fr\/wp-json\/wp\/v2\/media\/1101466"}],"wp:attachment":[{"href":"https:\/\/hubsch-interior.com\/fr\/wp-json\/wp\/v2\/media?parent=17377"}],"wp:term":[{"taxonomy":"product_brand","embeddable":true,"href":"https:\/\/hubsch-interior.com\/fr\/wp-json\/wp\/v2\/product_brand?post=17377"},{"taxonomy":"product_cat","embeddable":true,"href":"https:\/\/hubsch-interior.com\/fr\/wp-json\/wp\/v2\/product_cat?post=17377"},{"taxonomy":"product_tag","embeddable":true,"href":"https:\/\/hubsch-interior.com\/fr\/wp-json\/wp\/v2\/product_tag?post=17377"}],"curies":[{"name":"wp","href":"https:\/\/api.w.org\/{rel}","templated":true}]}}