{"id":17429,"date":"2020-09-09T23:26:26","date_gmt":"2020-09-09T21:26:26","guid":{"rendered":"https:\/\/hubsch-interior.com\/vare\/product\/"},"modified":"2026-04-09T04:46:46","modified_gmt":"2026-04-09T02:46:46","slug":"frame-plateaux-naturel-set-de-2","status":"publish","type":"product","link":"https:\/\/hubsch-interior.com\/fr\/produit\/frame-plateaux-naturel-set-de-2\/","title":{"rendered":"Frame Plateaux Naturel (set de 2)"},"content":{"rendered":"<p>Lot de 2 plateaux en bois certifi\u00e9 FSC. Servez des boissons ou de la nourriture sur ces beaux plateaux en bois. Convient \u00e0 tous les styles d\u2019int\u00e9rieur et \u00e0 toutes les pi\u00e8ces de la maison.<\/p>\n","protected":false},"excerpt":{"rendered":"<p>Lot de 2 plateaux en bois certifi\u00e9 FSC. Servez des boissons ou de la nourriture sur ces beaux plateaux en bois. Convient \u00e0 tous les styles d\u2019int\u00e9rieur et \u00e0 toutes les pi\u00e8ces de la maison.<\/p>\n","protected":false},"featured_media":1101508,"template":"","meta":{"_acf_changed":false,"inline_featured_image":false},"product_brand":[],"product_cat":[7039,6971,7027,6322,4053,4054,5026,6535],"product_tag":[],"class_list":{"0":"post-17429","1":"product","2":"type-product","3":"status-publish","4":"has-post-thumbnail","6":"product_cat-cuisine-plateaux-fr","7":"product_cat-paques","8":"product_cat-vaisselle-fr-2","9":"product_cat-fsc-fr","10":"product_cat-accessoires-de-cuisine-fr","11":"product_cat-plateaux-fr","12":"product_cat-bestsellers-fr","13":"product_cat-outlet-fr","14":"product_shipping_class-pk","16":"pa_color-naturel-2","17":"pa_material-bois-de-chne-2","19":"first","20":"instock","21":"sale","22":"featured","23":"taxable","24":"shipping-taxable","25":"purchasable","26":"product-type-simple"},"exclude_global_add_ons":[],"addons":[],"acf":[],"yoast_head":"<!-- This site is optimized with the Yoast SEO plugin v26.4 - https:\/\/yoast.com\/wordpress\/plugins\/seo\/ -->\n<title>Frame Plateaux Naturel (set de 2) - H\u00fcbsch<\/title>\n<meta name=\"description\" content=\"Lot de 2 plateaux en bois certifi\u00e9 FSC. Servez des boissons ou de la nourriture sur ces beaux plateaux en bois. Convient \u00e0 tous les styles d\u2019int\u00e9rieur et\" \/>\n<meta name=\"robots\" content=\"index, follow, max-snippet:-1, max-image-preview:large, max-video-preview:-1\" \/>\n<link rel=\"canonical\" href=\"https:\/\/hubsch-interior.com\/fr\/wp-json\/wp\/v2\/product\/17429\" \/>\n<meta property=\"og:locale\" content=\"fr_FR\" \/>\n<meta property=\"og:type\" content=\"article\" \/>\n<meta property=\"og:title\" content=\"Frame Plateaux Naturel (set de 2) - H\u00fcbsch\" \/>\n<meta property=\"og:description\" content=\"Lot de 2 plateaux en bois certifi\u00e9 FSC. Servez des boissons ou de la nourriture sur ces beaux plateaux en bois. Convient \u00e0 tous les styles d\u2019int\u00e9rieur et\" \/>\n<meta property=\"og:url\" content=\"https:\/\/hubsch-interior.com\/fr\/produit\/frame-plateaux-naturel-set-de-2\/\" \/>\n<meta property=\"og:site_name\" content=\"H\u00fcbsch\" \/>\n<meta property=\"article:modified_time\" content=\"2026-04-09T02:46:46+00:00\" \/>\n<meta property=\"og:image\" content=\"https:\/\/hubsch-interior.com\/wp-content\/uploads\/2023\/08\/frame-trays-natural-set-of-2-0ad75d49c5f8e56c815e4b256c4dbef0.jpg\" \/>\n\t<meta property=\"og:image:width\" content=\"1200\" \/>\n\t<meta property=\"og:image:height\" content=\"1200\" \/>\n\t<meta property=\"og:image:type\" content=\"image\/jpeg\" \/>\n<meta name=\"twitter:card\" content=\"summary_large_image\" \/>\n<script type=\"application\/ld+json\" class=\"yoast-schema-graph\">{\"@context\":\"https:\/\/schema.org\",\"@graph\":[{\"@type\":\"WebPage\",\"@id\":\"https:\/\/hubsch-interior.com\/fr\/produit\/frame-plateaux-naturel-set-de-2\/\",\"url\":\"https:\/\/hubsch-interior.com\/fr\/produit\/frame-plateaux-naturel-set-de-2\/\",\"name\":\"Frame Plateaux Naturel (set de 2) - H\u00fcbsch\",\"isPartOf\":{\"@id\":\"https:\/\/hubsch-interior.com\/fr\/#website\"},\"primaryImageOfPage\":{\"@id\":\"https:\/\/hubsch-interior.com\/fr\/produit\/frame-plateaux-naturel-set-de-2\/#primaryimage\"},\"image\":{\"@id\":\"https:\/\/hubsch-interior.com\/fr\/produit\/frame-plateaux-naturel-set-de-2\/#primaryimage\"},\"thumbnailUrl\":\"https:\/\/hubsch-interior.com\/wp-content\/uploads\/2026\/02\/frame-trays-natural-set-of-2-114e966105309ca6f54cb23da4c9c233.jpg\",\"datePublished\":\"2020-09-09T21:26:26+00:00\",\"dateModified\":\"2026-04-09T02:46:46+00:00\",\"description\":\"Lot de 2 plateaux en bois certifi\u00e9 FSC. Servez des boissons ou de la nourriture sur ces beaux plateaux en bois. Convient \u00e0 tous les styles d\u2019int\u00e9rieur et\",\"breadcrumb\":{\"@id\":\"https:\/\/hubsch-interior.com\/fr\/produit\/frame-plateaux-naturel-set-de-2\/#breadcrumb\"},\"inLanguage\":\"fr-FR\",\"potentialAction\":[{\"@type\":\"ReadAction\",\"target\":[\"https:\/\/hubsch-interior.com\/fr\/produit\/frame-plateaux-naturel-set-de-2\/\"]}]},{\"@type\":\"ImageObject\",\"inLanguage\":\"fr-FR\",\"@id\":\"https:\/\/hubsch-interior.com\/fr\/produit\/frame-plateaux-naturel-set-de-2\/#primaryimage\",\"url\":\"https:\/\/hubsch-interior.com\/wp-content\/uploads\/2026\/02\/frame-trays-natural-set-of-2-114e966105309ca6f54cb23da4c9c233.jpg\",\"contentUrl\":\"https:\/\/hubsch-interior.com\/wp-content\/uploads\/2026\/02\/frame-trays-natural-set-of-2-114e966105309ca6f54cb23da4c9c233.jpg\",\"width\":1024,\"height\":1024},{\"@type\":\"BreadcrumbList\",\"@id\":\"https:\/\/hubsch-interior.com\/fr\/produit\/frame-plateaux-naturel-set-de-2\/#breadcrumb\",\"itemListElement\":[{\"@type\":\"ListItem\",\"position\":1,\"name\":\"Page d'accueil\",\"item\":\"https:\/\/hubsch-interior.com\/fr\/\"},{\"@type\":\"ListItem\",\"position\":2,\"name\":\"Produits\",\"item\":\"https:\/\/hubsch-interior.com\/fr\/shop-2\/\"},{\"@type\":\"ListItem\",\"position\":3,\"name\":\"Cuisine\",\"item\":\"https:\/\/hubsch-interior.com\/fr\/categorie-produit\/cuisine\/\"},{\"@type\":\"ListItem\",\"position\":4,\"name\":\"Vaisselle\",\"item\":\"https:\/\/hubsch-interior.com\/fr\/categorie-produit\/cuisine\/vaisselle-fr-2\/\"},{\"@type\":\"ListItem\",\"position\":5,\"name\":\"Plateaux\",\"item\":\"https:\/\/hubsch-interior.com\/fr\/categorie-produit\/cuisine\/vaisselle-fr-2\/cuisine-plateaux-fr\/\"},{\"@type\":\"ListItem\",\"position\":6,\"name\":\"Frame Plateaux Naturel (set de 2)\"}]},{\"@type\":\"WebSite\",\"@id\":\"https:\/\/hubsch-interior.com\/fr\/#website\",\"url\":\"https:\/\/hubsch-interior.com\/fr\/\",\"name\":\"H\u00fcbsch\",\"description\":\"Danish Home Interior and Design\",\"publisher\":{\"@id\":\"https:\/\/hubsch-interior.com\/fr\/#organization\"},\"potentialAction\":[{\"@type\":\"SearchAction\",\"target\":{\"@type\":\"EntryPoint\",\"urlTemplate\":\"https:\/\/hubsch-interior.com\/fr\/?s={search_term_string}\"},\"query-input\":{\"@type\":\"PropertyValueSpecification\",\"valueRequired\":true,\"valueName\":\"search_term_string\"}}],\"inLanguage\":\"fr-FR\"},{\"@type\":\"Organization\",\"@id\":\"https:\/\/hubsch-interior.com\/fr\/#organization\",\"name\":\"H\u00fcbsch\",\"url\":\"https:\/\/hubsch-interior.com\/fr\/\",\"logo\":{\"@type\":\"ImageObject\",\"inLanguage\":\"fr-FR\",\"@id\":\"https:\/\/hubsch-interior.com\/fr\/#\/schema\/logo\/image\/\",\"url\":\"https:\/\/hubsch-interior.com\/wp-content\/uploads\/2022\/12\/Hubsch_logo_black_one_line.svg\",\"contentUrl\":\"https:\/\/hubsch-interior.com\/wp-content\/uploads\/2022\/12\/Hubsch_logo_black_one_line.svg\",\"caption\":\"H\u00fcbsch\"},\"image\":{\"@id\":\"https:\/\/hubsch-interior.com\/fr\/#\/schema\/logo\/image\/\"}}]}<\/script>\n<!-- \/ Yoast SEO plugin. -->","yoast_head_json":{"title":"Frame Plateaux Naturel (set de 2) - H\u00fcbsch","description":"Lot de 2 plateaux en bois certifi\u00e9 FSC. Servez des boissons ou de la nourriture sur ces beaux plateaux en bois. Convient \u00e0 tous les styles d\u2019int\u00e9rieur et","robots":{"index":"index","follow":"follow","max-snippet":"max-snippet:-1","max-image-preview":"max-image-preview:large","max-video-preview":"max-video-preview:-1"},"canonical":"https:\/\/hubsch-interior.com\/fr\/wp-json\/wp\/v2\/product\/17429","og_locale":"fr_FR","og_type":"article","og_title":"Frame Plateaux Naturel (set de 2) - H\u00fcbsch","og_description":"Lot de 2 plateaux en bois certifi\u00e9 FSC. Servez des boissons ou de la nourriture sur ces beaux plateaux en bois. Convient \u00e0 tous les styles d\u2019int\u00e9rieur et","og_url":"https:\/\/hubsch-interior.com\/fr\/produit\/frame-plateaux-naturel-set-de-2\/","og_site_name":"H\u00fcbsch","article_modified_time":"2026-04-09T02:46:46+00:00","og_image":[{"width":1200,"height":1200,"url":"https:\/\/hubsch-interior.com\/wp-content\/uploads\/2023\/08\/frame-trays-natural-set-of-2-0ad75d49c5f8e56c815e4b256c4dbef0.jpg","type":"image\/jpeg"}],"twitter_card":"summary_large_image","schema":{"@context":"https:\/\/schema.org","@graph":[{"@type":"WebPage","@id":"https:\/\/hubsch-interior.com\/fr\/produit\/frame-plateaux-naturel-set-de-2\/","url":"https:\/\/hubsch-interior.com\/fr\/produit\/frame-plateaux-naturel-set-de-2\/","name":"Frame Plateaux Naturel (set de 2) - H\u00fcbsch","isPartOf":{"@id":"https:\/\/hubsch-interior.com\/fr\/#website"},"primaryImageOfPage":{"@id":"https:\/\/hubsch-interior.com\/fr\/produit\/frame-plateaux-naturel-set-de-2\/#primaryimage"},"image":{"@id":"https:\/\/hubsch-interior.com\/fr\/produit\/frame-plateaux-naturel-set-de-2\/#primaryimage"},"thumbnailUrl":"https:\/\/hubsch-interior.com\/wp-content\/uploads\/2026\/02\/frame-trays-natural-set-of-2-114e966105309ca6f54cb23da4c9c233.jpg","datePublished":"2020-09-09T21:26:26+00:00","dateModified":"2026-04-09T02:46:46+00:00","description":"Lot de 2 plateaux en bois certifi\u00e9 FSC. Servez des boissons ou de la nourriture sur ces beaux plateaux en bois. Convient \u00e0 tous les styles d\u2019int\u00e9rieur et","breadcrumb":{"@id":"https:\/\/hubsch-interior.com\/fr\/produit\/frame-plateaux-naturel-set-de-2\/#breadcrumb"},"inLanguage":"fr-FR","potentialAction":[{"@type":"ReadAction","target":["https:\/\/hubsch-interior.com\/fr\/produit\/frame-plateaux-naturel-set-de-2\/"]}]},{"@type":"ImageObject","inLanguage":"fr-FR","@id":"https:\/\/hubsch-interior.com\/fr\/produit\/frame-plateaux-naturel-set-de-2\/#primaryimage","url":"https:\/\/hubsch-interior.com\/wp-content\/uploads\/2026\/02\/frame-trays-natural-set-of-2-114e966105309ca6f54cb23da4c9c233.jpg","contentUrl":"https:\/\/hubsch-interior.com\/wp-content\/uploads\/2026\/02\/frame-trays-natural-set-of-2-114e966105309ca6f54cb23da4c9c233.jpg","width":1024,"height":1024},{"@type":"BreadcrumbList","@id":"https:\/\/hubsch-interior.com\/fr\/produit\/frame-plateaux-naturel-set-de-2\/#breadcrumb","itemListElement":[{"@type":"ListItem","position":1,"name":"Page d'accueil","item":"https:\/\/hubsch-interior.com\/fr\/"},{"@type":"ListItem","position":2,"name":"Produits","item":"https:\/\/hubsch-interior.com\/fr\/shop-2\/"},{"@type":"ListItem","position":3,"name":"Cuisine","item":"https:\/\/hubsch-interior.com\/fr\/categorie-produit\/cuisine\/"},{"@type":"ListItem","position":4,"name":"Vaisselle","item":"https:\/\/hubsch-interior.com\/fr\/categorie-produit\/cuisine\/vaisselle-fr-2\/"},{"@type":"ListItem","position":5,"name":"Plateaux","item":"https:\/\/hubsch-interior.com\/fr\/categorie-produit\/cuisine\/vaisselle-fr-2\/cuisine-plateaux-fr\/"},{"@type":"ListItem","position":6,"name":"Frame Plateaux Naturel (set de 2)"}]},{"@type":"WebSite","@id":"https:\/\/hubsch-interior.com\/fr\/#website","url":"https:\/\/hubsch-interior.com\/fr\/","name":"H\u00fcbsch","description":"Danish Home Interior and Design","publisher":{"@id":"https:\/\/hubsch-interior.com\/fr\/#organization"},"potentialAction":[{"@type":"SearchAction","target":{"@type":"EntryPoint","urlTemplate":"https:\/\/hubsch-interior.com\/fr\/?s={search_term_string}"},"query-input":{"@type":"PropertyValueSpecification","valueRequired":true,"valueName":"search_term_string"}}],"inLanguage":"fr-FR"},{"@type":"Organization","@id":"https:\/\/hubsch-interior.com\/fr\/#organization","name":"H\u00fcbsch","url":"https:\/\/hubsch-interior.com\/fr\/","logo":{"@type":"ImageObject","inLanguage":"fr-FR","@id":"https:\/\/hubsch-interior.com\/fr\/#\/schema\/logo\/image\/","url":"https:\/\/hubsch-interior.com\/wp-content\/uploads\/2022\/12\/Hubsch_logo_black_one_line.svg","contentUrl":"https:\/\/hubsch-interior.com\/wp-content\/uploads\/2022\/12\/Hubsch_logo_black_one_line.svg","caption":"H\u00fcbsch"},"image":{"@id":"https:\/\/hubsch-interior.com\/fr\/#\/schema\/logo\/image\/"}}]}},"_links":{"self":[{"href":"https:\/\/hubsch-interior.com\/fr\/wp-json\/wp\/v2\/product\/17429","targetHints":{"allow":["GET"]}}],"collection":[{"href":"https:\/\/hubsch-interior.com\/fr\/wp-json\/wp\/v2\/product"}],"about":[{"href":"https:\/\/hubsch-interior.com\/fr\/wp-json\/wp\/v2\/types\/product"}],"wp:featuredmedia":[{"embeddable":true,"href":"https:\/\/hubsch-interior.com\/fr\/wp-json\/wp\/v2\/media\/1101508"}],"wp:attachment":[{"href":"https:\/\/hubsch-interior.com\/fr\/wp-json\/wp\/v2\/media?parent=17429"}],"wp:term":[{"taxonomy":"product_brand","embeddable":true,"href":"https:\/\/hubsch-interior.com\/fr\/wp-json\/wp\/v2\/product_brand?post=17429"},{"taxonomy":"product_cat","embeddable":true,"href":"https:\/\/hubsch-interior.com\/fr\/wp-json\/wp\/v2\/product_cat?post=17429"},{"taxonomy":"product_tag","embeddable":true,"href":"https:\/\/hubsch-interior.com\/fr\/wp-json\/wp\/v2\/product_tag?post=17429"}],"curies":[{"name":"wp","href":"https:\/\/api.w.org\/{rel}","templated":true}]}}