{"id":17545,"date":"2020-09-09T23:26:36","date_gmt":"2020-09-09T21:26:36","guid":{"rendered":"https:\/\/hubsch-interior.com\/vare\/product\/"},"modified":"2026-04-05T04:47:41","modified_gmt":"2026-04-05T02:47:41","slug":"herringbone-commode-tiroirs-naturel","status":"publish","type":"product","link":"https:\/\/hubsch-interior.com\/fr\/produit\/herringbone-commode-tiroirs-naturel\/","title":{"rendered":"Herringbone Commode Tiroirs Naturel"},"content":{"rendered":"<p>La commode est fabriqu\u00e9e en ch\u00eane certifi\u00e9 FSC et poss\u00e8de un design minimaliste. L&#8217;aspect unique et naturel de la commode provient des mat\u00e9riaux. La commode est flexible en termes de d\u2019emplacement, utilisez-la dans la chambre \u00e0 coucher pour les v\u00eatements ou dans le salon pour le rangement.<\/p>\n","protected":false},"excerpt":{"rendered":"<p>La commode est fabriqu\u00e9e en ch\u00eane certifi\u00e9 FSC et poss\u00e8de un design minimaliste. L&#8217;aspect unique et naturel de la commode provient des mat\u00e9riaux. La commode est flexible en termes de d\u2019emplacement, utilisez-la dans la chambre \u00e0 coucher pour les v\u00eatements ou dans le salon pour le rangement.<\/p>\n","protected":false},"featured_media":1101559,"template":"","meta":{"_acf_changed":false,"inline_featured_image":false},"product_brand":[],"product_cat":[4920,4001,6322,5026],"product_tag":[],"class_list":{"0":"post-17545","1":"product","2":"type-product","3":"status-publish","4":"has-post-thumbnail","6":"product_cat-commodes-buffets-fr","7":"product_cat-etageres-et-meubles-de-rangement-fr","8":"product_cat-fsc-fr","9":"product_cat-bestsellers-fr","10":"product_shipping_class-p05","12":"pa_color-naturel-2","13":"pa_material-bois-de-chne-2","14":"pa_material-mdf-fr","15":"pa_material-placage-de-chne-2","17":"first","18":"instock","19":"featured","20":"taxable","21":"shipping-taxable","22":"purchasable","23":"product-type-simple"},"exclude_global_add_ons":[],"addons":[],"acf":[],"yoast_head":"<!-- This site is optimized with the Yoast SEO plugin v26.4 - https:\/\/yoast.com\/wordpress\/plugins\/seo\/ -->\n<title>Herringbone Commode Tiroirs Naturel - H\u00fcbsch<\/title>\n<meta name=\"description\" content=\"La commode est fabriqu\u00e9e en ch\u00eane certifi\u00e9 FSC et poss\u00e8de un design minimaliste. L&#039;aspect unique et naturel de la commode provient des mat\u00e9riaux. La\" \/>\n<meta name=\"robots\" content=\"index, follow, max-snippet:-1, max-image-preview:large, max-video-preview:-1\" \/>\n<link rel=\"canonical\" href=\"https:\/\/hubsch-interior.com\/fr\/wp-json\/wp\/v2\/product\/17545\" \/>\n<meta property=\"og:locale\" content=\"fr_FR\" \/>\n<meta property=\"og:type\" content=\"article\" \/>\n<meta property=\"og:title\" content=\"Herringbone Commode Tiroirs Naturel - H\u00fcbsch\" \/>\n<meta property=\"og:description\" content=\"La commode est fabriqu\u00e9e en ch\u00eane certifi\u00e9 FSC et poss\u00e8de un design minimaliste. L&#039;aspect unique et naturel de la commode provient des mat\u00e9riaux. La\" \/>\n<meta property=\"og:url\" content=\"https:\/\/hubsch-interior.com\/fr\/produit\/herringbone-commode-tiroirs-naturel\/\" \/>\n<meta property=\"og:site_name\" content=\"H\u00fcbsch\" \/>\n<meta property=\"article:modified_time\" content=\"2026-04-05T02:47:41+00:00\" \/>\n<meta property=\"og:image\" content=\"https:\/\/hubsch-interior.com\/wp-content\/uploads\/2024\/09\/herringbone-dresser-drawers-natural-a23dd7d26d7c288d7febb17f65ee1842.jpg\" \/>\n\t<meta property=\"og:image:width\" content=\"1200\" \/>\n\t<meta property=\"og:image:height\" content=\"1200\" \/>\n\t<meta property=\"og:image:type\" content=\"image\/jpeg\" \/>\n<meta name=\"twitter:card\" content=\"summary_large_image\" \/>\n<script type=\"application\/ld+json\" class=\"yoast-schema-graph\">{\"@context\":\"https:\/\/schema.org\",\"@graph\":[{\"@type\":\"WebPage\",\"@id\":\"https:\/\/hubsch-interior.com\/fr\/produit\/herringbone-commode-tiroirs-naturel\/\",\"url\":\"https:\/\/hubsch-interior.com\/fr\/produit\/herringbone-commode-tiroirs-naturel\/\",\"name\":\"Herringbone Commode Tiroirs Naturel - H\u00fcbsch\",\"isPartOf\":{\"@id\":\"https:\/\/hubsch-interior.com\/fr\/#website\"},\"primaryImageOfPage\":{\"@id\":\"https:\/\/hubsch-interior.com\/fr\/produit\/herringbone-commode-tiroirs-naturel\/#primaryimage\"},\"image\":{\"@id\":\"https:\/\/hubsch-interior.com\/fr\/produit\/herringbone-commode-tiroirs-naturel\/#primaryimage\"},\"thumbnailUrl\":\"https:\/\/hubsch-interior.com\/wp-content\/uploads\/2026\/02\/herringbone-dresser-drawers-natural-2675bb8801d9facd6badd35a3c3cf116.jpg\",\"datePublished\":\"2020-09-09T21:26:36+00:00\",\"dateModified\":\"2026-04-05T02:47:41+00:00\",\"description\":\"La commode est fabriqu\u00e9e en ch\u00eane certifi\u00e9 FSC et poss\u00e8de un design minimaliste. L'aspect unique et naturel de la commode provient des mat\u00e9riaux. La\",\"breadcrumb\":{\"@id\":\"https:\/\/hubsch-interior.com\/fr\/produit\/herringbone-commode-tiroirs-naturel\/#breadcrumb\"},\"inLanguage\":\"fr-FR\",\"potentialAction\":[{\"@type\":\"ReadAction\",\"target\":[\"https:\/\/hubsch-interior.com\/fr\/produit\/herringbone-commode-tiroirs-naturel\/\"]}]},{\"@type\":\"ImageObject\",\"inLanguage\":\"fr-FR\",\"@id\":\"https:\/\/hubsch-interior.com\/fr\/produit\/herringbone-commode-tiroirs-naturel\/#primaryimage\",\"url\":\"https:\/\/hubsch-interior.com\/wp-content\/uploads\/2026\/02\/herringbone-dresser-drawers-natural-2675bb8801d9facd6badd35a3c3cf116.jpg\",\"contentUrl\":\"https:\/\/hubsch-interior.com\/wp-content\/uploads\/2026\/02\/herringbone-dresser-drawers-natural-2675bb8801d9facd6badd35a3c3cf116.jpg\",\"width\":1024,\"height\":1024},{\"@type\":\"BreadcrumbList\",\"@id\":\"https:\/\/hubsch-interior.com\/fr\/produit\/herringbone-commode-tiroirs-naturel\/#breadcrumb\",\"itemListElement\":[{\"@type\":\"ListItem\",\"position\":1,\"name\":\"Page d'accueil\",\"item\":\"https:\/\/hubsch-interior.com\/fr\/\"},{\"@type\":\"ListItem\",\"position\":2,\"name\":\"Produits\",\"item\":\"https:\/\/hubsch-interior.com\/fr\/shop-2\/\"},{\"@type\":\"ListItem\",\"position\":3,\"name\":\"Meubles\",\"item\":\"https:\/\/hubsch-interior.com\/fr\/categorie-produit\/meubles\/\"},{\"@type\":\"ListItem\",\"position\":4,\"name\":\"Etag&egrave;res et meubles de rangement\",\"item\":\"https:\/\/hubsch-interior.com\/fr\/categorie-produit\/meubles\/etageres-et-meubles-de-rangement-fr\/\"},{\"@type\":\"ListItem\",\"position\":5,\"name\":\"Commodes &amp; buffets\",\"item\":\"https:\/\/hubsch-interior.com\/fr\/categorie-produit\/meubles\/etageres-et-meubles-de-rangement-fr\/commodes-buffets-fr\/\"},{\"@type\":\"ListItem\",\"position\":6,\"name\":\"Herringbone Commode Tiroirs Naturel\"}]},{\"@type\":\"WebSite\",\"@id\":\"https:\/\/hubsch-interior.com\/fr\/#website\",\"url\":\"https:\/\/hubsch-interior.com\/fr\/\",\"name\":\"H\u00fcbsch\",\"description\":\"Danish Home Interior and Design\",\"publisher\":{\"@id\":\"https:\/\/hubsch-interior.com\/fr\/#organization\"},\"potentialAction\":[{\"@type\":\"SearchAction\",\"target\":{\"@type\":\"EntryPoint\",\"urlTemplate\":\"https:\/\/hubsch-interior.com\/fr\/?s={search_term_string}\"},\"query-input\":{\"@type\":\"PropertyValueSpecification\",\"valueRequired\":true,\"valueName\":\"search_term_string\"}}],\"inLanguage\":\"fr-FR\"},{\"@type\":\"Organization\",\"@id\":\"https:\/\/hubsch-interior.com\/fr\/#organization\",\"name\":\"H\u00fcbsch\",\"url\":\"https:\/\/hubsch-interior.com\/fr\/\",\"logo\":{\"@type\":\"ImageObject\",\"inLanguage\":\"fr-FR\",\"@id\":\"https:\/\/hubsch-interior.com\/fr\/#\/schema\/logo\/image\/\",\"url\":\"https:\/\/hubsch-interior.com\/wp-content\/uploads\/2022\/12\/Hubsch_logo_black_one_line.svg\",\"contentUrl\":\"https:\/\/hubsch-interior.com\/wp-content\/uploads\/2022\/12\/Hubsch_logo_black_one_line.svg\",\"caption\":\"H\u00fcbsch\"},\"image\":{\"@id\":\"https:\/\/hubsch-interior.com\/fr\/#\/schema\/logo\/image\/\"}}]}<\/script>\n<!-- \/ Yoast SEO plugin. -->","yoast_head_json":{"title":"Herringbone Commode Tiroirs Naturel - H\u00fcbsch","description":"La commode est fabriqu\u00e9e en ch\u00eane certifi\u00e9 FSC et poss\u00e8de un design minimaliste. L'aspect unique et naturel de la commode provient des mat\u00e9riaux. La","robots":{"index":"index","follow":"follow","max-snippet":"max-snippet:-1","max-image-preview":"max-image-preview:large","max-video-preview":"max-video-preview:-1"},"canonical":"https:\/\/hubsch-interior.com\/fr\/wp-json\/wp\/v2\/product\/17545","og_locale":"fr_FR","og_type":"article","og_title":"Herringbone Commode Tiroirs Naturel - H\u00fcbsch","og_description":"La commode est fabriqu\u00e9e en ch\u00eane certifi\u00e9 FSC et poss\u00e8de un design minimaliste. L'aspect unique et naturel de la commode provient des mat\u00e9riaux. La","og_url":"https:\/\/hubsch-interior.com\/fr\/produit\/herringbone-commode-tiroirs-naturel\/","og_site_name":"H\u00fcbsch","article_modified_time":"2026-04-05T02:47:41+00:00","og_image":[{"width":1200,"height":1200,"url":"https:\/\/hubsch-interior.com\/wp-content\/uploads\/2024\/09\/herringbone-dresser-drawers-natural-a23dd7d26d7c288d7febb17f65ee1842.jpg","type":"image\/jpeg"}],"twitter_card":"summary_large_image","schema":{"@context":"https:\/\/schema.org","@graph":[{"@type":"WebPage","@id":"https:\/\/hubsch-interior.com\/fr\/produit\/herringbone-commode-tiroirs-naturel\/","url":"https:\/\/hubsch-interior.com\/fr\/produit\/herringbone-commode-tiroirs-naturel\/","name":"Herringbone Commode Tiroirs Naturel - H\u00fcbsch","isPartOf":{"@id":"https:\/\/hubsch-interior.com\/fr\/#website"},"primaryImageOfPage":{"@id":"https:\/\/hubsch-interior.com\/fr\/produit\/herringbone-commode-tiroirs-naturel\/#primaryimage"},"image":{"@id":"https:\/\/hubsch-interior.com\/fr\/produit\/herringbone-commode-tiroirs-naturel\/#primaryimage"},"thumbnailUrl":"https:\/\/hubsch-interior.com\/wp-content\/uploads\/2026\/02\/herringbone-dresser-drawers-natural-2675bb8801d9facd6badd35a3c3cf116.jpg","datePublished":"2020-09-09T21:26:36+00:00","dateModified":"2026-04-05T02:47:41+00:00","description":"La commode est fabriqu\u00e9e en ch\u00eane certifi\u00e9 FSC et poss\u00e8de un design minimaliste. L'aspect unique et naturel de la commode provient des mat\u00e9riaux. La","breadcrumb":{"@id":"https:\/\/hubsch-interior.com\/fr\/produit\/herringbone-commode-tiroirs-naturel\/#breadcrumb"},"inLanguage":"fr-FR","potentialAction":[{"@type":"ReadAction","target":["https:\/\/hubsch-interior.com\/fr\/produit\/herringbone-commode-tiroirs-naturel\/"]}]},{"@type":"ImageObject","inLanguage":"fr-FR","@id":"https:\/\/hubsch-interior.com\/fr\/produit\/herringbone-commode-tiroirs-naturel\/#primaryimage","url":"https:\/\/hubsch-interior.com\/wp-content\/uploads\/2026\/02\/herringbone-dresser-drawers-natural-2675bb8801d9facd6badd35a3c3cf116.jpg","contentUrl":"https:\/\/hubsch-interior.com\/wp-content\/uploads\/2026\/02\/herringbone-dresser-drawers-natural-2675bb8801d9facd6badd35a3c3cf116.jpg","width":1024,"height":1024},{"@type":"BreadcrumbList","@id":"https:\/\/hubsch-interior.com\/fr\/produit\/herringbone-commode-tiroirs-naturel\/#breadcrumb","itemListElement":[{"@type":"ListItem","position":1,"name":"Page d'accueil","item":"https:\/\/hubsch-interior.com\/fr\/"},{"@type":"ListItem","position":2,"name":"Produits","item":"https:\/\/hubsch-interior.com\/fr\/shop-2\/"},{"@type":"ListItem","position":3,"name":"Meubles","item":"https:\/\/hubsch-interior.com\/fr\/categorie-produit\/meubles\/"},{"@type":"ListItem","position":4,"name":"Etag&egrave;res et meubles de rangement","item":"https:\/\/hubsch-interior.com\/fr\/categorie-produit\/meubles\/etageres-et-meubles-de-rangement-fr\/"},{"@type":"ListItem","position":5,"name":"Commodes &amp; buffets","item":"https:\/\/hubsch-interior.com\/fr\/categorie-produit\/meubles\/etageres-et-meubles-de-rangement-fr\/commodes-buffets-fr\/"},{"@type":"ListItem","position":6,"name":"Herringbone Commode Tiroirs Naturel"}]},{"@type":"WebSite","@id":"https:\/\/hubsch-interior.com\/fr\/#website","url":"https:\/\/hubsch-interior.com\/fr\/","name":"H\u00fcbsch","description":"Danish Home Interior and Design","publisher":{"@id":"https:\/\/hubsch-interior.com\/fr\/#organization"},"potentialAction":[{"@type":"SearchAction","target":{"@type":"EntryPoint","urlTemplate":"https:\/\/hubsch-interior.com\/fr\/?s={search_term_string}"},"query-input":{"@type":"PropertyValueSpecification","valueRequired":true,"valueName":"search_term_string"}}],"inLanguage":"fr-FR"},{"@type":"Organization","@id":"https:\/\/hubsch-interior.com\/fr\/#organization","name":"H\u00fcbsch","url":"https:\/\/hubsch-interior.com\/fr\/","logo":{"@type":"ImageObject","inLanguage":"fr-FR","@id":"https:\/\/hubsch-interior.com\/fr\/#\/schema\/logo\/image\/","url":"https:\/\/hubsch-interior.com\/wp-content\/uploads\/2022\/12\/Hubsch_logo_black_one_line.svg","contentUrl":"https:\/\/hubsch-interior.com\/wp-content\/uploads\/2022\/12\/Hubsch_logo_black_one_line.svg","caption":"H\u00fcbsch"},"image":{"@id":"https:\/\/hubsch-interior.com\/fr\/#\/schema\/logo\/image\/"}}]}},"_links":{"self":[{"href":"https:\/\/hubsch-interior.com\/fr\/wp-json\/wp\/v2\/product\/17545","targetHints":{"allow":["GET"]}}],"collection":[{"href":"https:\/\/hubsch-interior.com\/fr\/wp-json\/wp\/v2\/product"}],"about":[{"href":"https:\/\/hubsch-interior.com\/fr\/wp-json\/wp\/v2\/types\/product"}],"wp:featuredmedia":[{"embeddable":true,"href":"https:\/\/hubsch-interior.com\/fr\/wp-json\/wp\/v2\/media\/1101559"}],"wp:attachment":[{"href":"https:\/\/hubsch-interior.com\/fr\/wp-json\/wp\/v2\/media?parent=17545"}],"wp:term":[{"taxonomy":"product_brand","embeddable":true,"href":"https:\/\/hubsch-interior.com\/fr\/wp-json\/wp\/v2\/product_brand?post=17545"},{"taxonomy":"product_cat","embeddable":true,"href":"https:\/\/hubsch-interior.com\/fr\/wp-json\/wp\/v2\/product_cat?post=17545"},{"taxonomy":"product_tag","embeddable":true,"href":"https:\/\/hubsch-interior.com\/fr\/wp-json\/wp\/v2\/product_tag?post=17545"}],"curies":[{"name":"wp","href":"https:\/\/api.w.org\/{rel}","templated":true}]}}