{"id":18713,"date":"2020-09-09T23:28:03","date_gmt":"2020-09-09T21:28:03","guid":{"rendered":"https:\/\/hubsch-interior.com\/vare\/product\/"},"modified":"2026-04-05T04:49:40","modified_gmt":"2026-04-05T02:49:40","slug":"nomad-tablette-single-naturel","status":"publish","type":"product","link":"https:\/\/hubsch-interior.com\/fr\/produit\/nomad-tablette-single-naturel\/","title":{"rendered":"Nomad Tablette Single Naturel"},"content":{"rendered":"<p>L&#8217;\u00e9tag\u00e8re est fabriqu\u00e9e en bois certifi\u00e9 FSC\u00ae. Son design est minimaliste et \u00e9pur\u00e9 ce qui la rend polyvalente en termes de placement et de fonction. Disposez des vases, des d\u00e9corations, des ustensiles de cuisine ou de salle de bain et plein d&#8217;autres objets.<\/p>\n","protected":false},"excerpt":{"rendered":"<p>L&#8217;\u00e9tag\u00e8re est fabriqu\u00e9e en bois certifi\u00e9 FSC\u00ae. Son design est minimaliste et \u00e9pur\u00e9 ce qui la rend polyvalente en termes de placement et de fonction. Disposez des vases, des d\u00e9corations, des ustensiles de cuisine ou de salle de bain et plein d&#8217;autres objets.<\/p>\n","protected":false},"featured_media":1102016,"template":"","meta":{"_acf_changed":false,"inline_featured_image":false},"product_brand":[],"product_cat":[7071,7072,6322,4001,4023,5026],"product_tag":[],"class_list":{"0":"post-18713","1":"product","2":"type-product","3":"status-publish","4":"has-post-thumbnail","6":"product_cat-crochets-et-etageres-fr","7":"product_cat-cuisine-crochets-fr","8":"product_cat-fsc-fr","9":"product_cat-etageres-et-meubles-de-rangement-fr","10":"product_cat-etageres-murales-fr","11":"product_cat-bestsellers-fr","12":"product_shipping_class-pk","13":"pa_color-naturel-2","14":"pa_material-mdf-fr","15":"pa_material-placage-de-chne-2","17":"first","18":"instock","19":"featured","20":"taxable","21":"shipping-taxable","22":"purchasable","23":"product-type-simple"},"exclude_global_add_ons":[],"addons":[],"acf":[],"yoast_head":"<!-- This site is optimized with the Yoast SEO plugin v26.4 - https:\/\/yoast.com\/wordpress\/plugins\/seo\/ -->\n<title>Nomad Tablette Single Naturel - H\u00fcbsch<\/title>\n<meta name=\"description\" content=\"L&#039;\u00e9tag\u00e8re est fabriqu\u00e9e en bois certifi\u00e9 FSC\u00ae. Son design est minimaliste et \u00e9pur\u00e9 ce qui la rend polyvalente en termes de placement et de fonction.\" \/>\n<meta name=\"robots\" content=\"index, follow, max-snippet:-1, max-image-preview:large, max-video-preview:-1\" \/>\n<link rel=\"canonical\" href=\"https:\/\/hubsch-interior.com\/fr\/wp-json\/wp\/v2\/product\/18713\" \/>\n<meta property=\"og:locale\" content=\"fr_FR\" \/>\n<meta property=\"og:type\" content=\"article\" \/>\n<meta property=\"og:title\" content=\"Nomad Tablette Single Naturel - H\u00fcbsch\" \/>\n<meta property=\"og:description\" content=\"L&#039;\u00e9tag\u00e8re est fabriqu\u00e9e en bois certifi\u00e9 FSC\u00ae. Son design est minimaliste et \u00e9pur\u00e9 ce qui la rend polyvalente en termes de placement et de fonction.\" \/>\n<meta property=\"og:url\" content=\"https:\/\/hubsch-interior.com\/fr\/produit\/nomad-tablette-single-naturel\/\" \/>\n<meta property=\"og:site_name\" content=\"H\u00fcbsch\" \/>\n<meta property=\"article:modified_time\" content=\"2026-04-05T02:49:40+00:00\" \/>\n<meta property=\"og:image\" content=\"https:\/\/hubsch-interior.com\/wp-content\/uploads\/2023\/08\/nomad-shelf-single-natural-e79ed6955ff8f997385d5025c34ca9b5.jpg\" \/>\n\t<meta property=\"og:image:width\" content=\"1200\" \/>\n\t<meta property=\"og:image:height\" content=\"1200\" \/>\n\t<meta property=\"og:image:type\" content=\"image\/jpeg\" \/>\n<meta name=\"twitter:card\" content=\"summary_large_image\" \/>\n<script type=\"application\/ld+json\" class=\"yoast-schema-graph\">{\"@context\":\"https:\/\/schema.org\",\"@graph\":[{\"@type\":\"WebPage\",\"@id\":\"https:\/\/hubsch-interior.com\/fr\/produit\/nomad-tablette-single-naturel\/\",\"url\":\"https:\/\/hubsch-interior.com\/fr\/produit\/nomad-tablette-single-naturel\/\",\"name\":\"Nomad Tablette Single Naturel - H\u00fcbsch\",\"isPartOf\":{\"@id\":\"https:\/\/hubsch-interior.com\/fr\/#website\"},\"primaryImageOfPage\":{\"@id\":\"https:\/\/hubsch-interior.com\/fr\/produit\/nomad-tablette-single-naturel\/#primaryimage\"},\"image\":{\"@id\":\"https:\/\/hubsch-interior.com\/fr\/produit\/nomad-tablette-single-naturel\/#primaryimage\"},\"thumbnailUrl\":\"https:\/\/hubsch-interior.com\/wp-content\/uploads\/2026\/02\/nomad-shelf-single-natural-0f263bcfdbb9fc0aae8b7cab1f0c491e.jpg\",\"datePublished\":\"2020-09-09T21:28:03+00:00\",\"dateModified\":\"2026-04-05T02:49:40+00:00\",\"description\":\"L'\u00e9tag\u00e8re est fabriqu\u00e9e en bois certifi\u00e9 FSC\u00ae. Son design est minimaliste et \u00e9pur\u00e9 ce qui la rend polyvalente en termes de placement et de fonction.\",\"breadcrumb\":{\"@id\":\"https:\/\/hubsch-interior.com\/fr\/produit\/nomad-tablette-single-naturel\/#breadcrumb\"},\"inLanguage\":\"fr-FR\",\"potentialAction\":[{\"@type\":\"ReadAction\",\"target\":[\"https:\/\/hubsch-interior.com\/fr\/produit\/nomad-tablette-single-naturel\/\"]}]},{\"@type\":\"ImageObject\",\"inLanguage\":\"fr-FR\",\"@id\":\"https:\/\/hubsch-interior.com\/fr\/produit\/nomad-tablette-single-naturel\/#primaryimage\",\"url\":\"https:\/\/hubsch-interior.com\/wp-content\/uploads\/2026\/02\/nomad-shelf-single-natural-0f263bcfdbb9fc0aae8b7cab1f0c491e.jpg\",\"contentUrl\":\"https:\/\/hubsch-interior.com\/wp-content\/uploads\/2026\/02\/nomad-shelf-single-natural-0f263bcfdbb9fc0aae8b7cab1f0c491e.jpg\",\"width\":1024,\"height\":1024},{\"@type\":\"BreadcrumbList\",\"@id\":\"https:\/\/hubsch-interior.com\/fr\/produit\/nomad-tablette-single-naturel\/#breadcrumb\",\"itemListElement\":[{\"@type\":\"ListItem\",\"position\":1,\"name\":\"Page d'accueil\",\"item\":\"https:\/\/hubsch-interior.com\/fr\/\"},{\"@type\":\"ListItem\",\"position\":2,\"name\":\"Produits\",\"item\":\"https:\/\/hubsch-interior.com\/fr\/shop-2\/\"},{\"@type\":\"ListItem\",\"position\":3,\"name\":\"Meubles\",\"item\":\"https:\/\/hubsch-interior.com\/fr\/categorie-produit\/meubles\/\"},{\"@type\":\"ListItem\",\"position\":4,\"name\":\"Etag&egrave;res et meubles de rangement\",\"item\":\"https:\/\/hubsch-interior.com\/fr\/categorie-produit\/meubles\/etageres-et-meubles-de-rangement-fr\/\"},{\"@type\":\"ListItem\",\"position\":5,\"name\":\"Etag&egrave;res murales\",\"item\":\"https:\/\/hubsch-interior.com\/fr\/categorie-produit\/meubles\/etageres-et-meubles-de-rangement-fr\/etageres-murales-fr\/\"},{\"@type\":\"ListItem\",\"position\":6,\"name\":\"Nomad Tablette Single Naturel\"}]},{\"@type\":\"WebSite\",\"@id\":\"https:\/\/hubsch-interior.com\/fr\/#website\",\"url\":\"https:\/\/hubsch-interior.com\/fr\/\",\"name\":\"H\u00fcbsch\",\"description\":\"Danish Home Interior and Design\",\"publisher\":{\"@id\":\"https:\/\/hubsch-interior.com\/fr\/#organization\"},\"potentialAction\":[{\"@type\":\"SearchAction\",\"target\":{\"@type\":\"EntryPoint\",\"urlTemplate\":\"https:\/\/hubsch-interior.com\/fr\/?s={search_term_string}\"},\"query-input\":{\"@type\":\"PropertyValueSpecification\",\"valueRequired\":true,\"valueName\":\"search_term_string\"}}],\"inLanguage\":\"fr-FR\"},{\"@type\":\"Organization\",\"@id\":\"https:\/\/hubsch-interior.com\/fr\/#organization\",\"name\":\"H\u00fcbsch\",\"url\":\"https:\/\/hubsch-interior.com\/fr\/\",\"logo\":{\"@type\":\"ImageObject\",\"inLanguage\":\"fr-FR\",\"@id\":\"https:\/\/hubsch-interior.com\/fr\/#\/schema\/logo\/image\/\",\"url\":\"https:\/\/hubsch-interior.com\/wp-content\/uploads\/2022\/12\/Hubsch_logo_black_one_line.svg\",\"contentUrl\":\"https:\/\/hubsch-interior.com\/wp-content\/uploads\/2022\/12\/Hubsch_logo_black_one_line.svg\",\"caption\":\"H\u00fcbsch\"},\"image\":{\"@id\":\"https:\/\/hubsch-interior.com\/fr\/#\/schema\/logo\/image\/\"}}]}<\/script>\n<!-- \/ Yoast SEO plugin. -->","yoast_head_json":{"title":"Nomad Tablette Single Naturel - H\u00fcbsch","description":"L'\u00e9tag\u00e8re est fabriqu\u00e9e en bois certifi\u00e9 FSC\u00ae. Son design est minimaliste et \u00e9pur\u00e9 ce qui la rend polyvalente en termes de placement et de fonction.","robots":{"index":"index","follow":"follow","max-snippet":"max-snippet:-1","max-image-preview":"max-image-preview:large","max-video-preview":"max-video-preview:-1"},"canonical":"https:\/\/hubsch-interior.com\/fr\/wp-json\/wp\/v2\/product\/18713","og_locale":"fr_FR","og_type":"article","og_title":"Nomad Tablette Single Naturel - H\u00fcbsch","og_description":"L'\u00e9tag\u00e8re est fabriqu\u00e9e en bois certifi\u00e9 FSC\u00ae. Son design est minimaliste et \u00e9pur\u00e9 ce qui la rend polyvalente en termes de placement et de fonction.","og_url":"https:\/\/hubsch-interior.com\/fr\/produit\/nomad-tablette-single-naturel\/","og_site_name":"H\u00fcbsch","article_modified_time":"2026-04-05T02:49:40+00:00","og_image":[{"width":1200,"height":1200,"url":"https:\/\/hubsch-interior.com\/wp-content\/uploads\/2023\/08\/nomad-shelf-single-natural-e79ed6955ff8f997385d5025c34ca9b5.jpg","type":"image\/jpeg"}],"twitter_card":"summary_large_image","schema":{"@context":"https:\/\/schema.org","@graph":[{"@type":"WebPage","@id":"https:\/\/hubsch-interior.com\/fr\/produit\/nomad-tablette-single-naturel\/","url":"https:\/\/hubsch-interior.com\/fr\/produit\/nomad-tablette-single-naturel\/","name":"Nomad Tablette Single Naturel - H\u00fcbsch","isPartOf":{"@id":"https:\/\/hubsch-interior.com\/fr\/#website"},"primaryImageOfPage":{"@id":"https:\/\/hubsch-interior.com\/fr\/produit\/nomad-tablette-single-naturel\/#primaryimage"},"image":{"@id":"https:\/\/hubsch-interior.com\/fr\/produit\/nomad-tablette-single-naturel\/#primaryimage"},"thumbnailUrl":"https:\/\/hubsch-interior.com\/wp-content\/uploads\/2026\/02\/nomad-shelf-single-natural-0f263bcfdbb9fc0aae8b7cab1f0c491e.jpg","datePublished":"2020-09-09T21:28:03+00:00","dateModified":"2026-04-05T02:49:40+00:00","description":"L'\u00e9tag\u00e8re est fabriqu\u00e9e en bois certifi\u00e9 FSC\u00ae. Son design est minimaliste et \u00e9pur\u00e9 ce qui la rend polyvalente en termes de placement et de fonction.","breadcrumb":{"@id":"https:\/\/hubsch-interior.com\/fr\/produit\/nomad-tablette-single-naturel\/#breadcrumb"},"inLanguage":"fr-FR","potentialAction":[{"@type":"ReadAction","target":["https:\/\/hubsch-interior.com\/fr\/produit\/nomad-tablette-single-naturel\/"]}]},{"@type":"ImageObject","inLanguage":"fr-FR","@id":"https:\/\/hubsch-interior.com\/fr\/produit\/nomad-tablette-single-naturel\/#primaryimage","url":"https:\/\/hubsch-interior.com\/wp-content\/uploads\/2026\/02\/nomad-shelf-single-natural-0f263bcfdbb9fc0aae8b7cab1f0c491e.jpg","contentUrl":"https:\/\/hubsch-interior.com\/wp-content\/uploads\/2026\/02\/nomad-shelf-single-natural-0f263bcfdbb9fc0aae8b7cab1f0c491e.jpg","width":1024,"height":1024},{"@type":"BreadcrumbList","@id":"https:\/\/hubsch-interior.com\/fr\/produit\/nomad-tablette-single-naturel\/#breadcrumb","itemListElement":[{"@type":"ListItem","position":1,"name":"Page d'accueil","item":"https:\/\/hubsch-interior.com\/fr\/"},{"@type":"ListItem","position":2,"name":"Produits","item":"https:\/\/hubsch-interior.com\/fr\/shop-2\/"},{"@type":"ListItem","position":3,"name":"Meubles","item":"https:\/\/hubsch-interior.com\/fr\/categorie-produit\/meubles\/"},{"@type":"ListItem","position":4,"name":"Etag&egrave;res et meubles de rangement","item":"https:\/\/hubsch-interior.com\/fr\/categorie-produit\/meubles\/etageres-et-meubles-de-rangement-fr\/"},{"@type":"ListItem","position":5,"name":"Etag&egrave;res murales","item":"https:\/\/hubsch-interior.com\/fr\/categorie-produit\/meubles\/etageres-et-meubles-de-rangement-fr\/etageres-murales-fr\/"},{"@type":"ListItem","position":6,"name":"Nomad Tablette Single Naturel"}]},{"@type":"WebSite","@id":"https:\/\/hubsch-interior.com\/fr\/#website","url":"https:\/\/hubsch-interior.com\/fr\/","name":"H\u00fcbsch","description":"Danish Home Interior and Design","publisher":{"@id":"https:\/\/hubsch-interior.com\/fr\/#organization"},"potentialAction":[{"@type":"SearchAction","target":{"@type":"EntryPoint","urlTemplate":"https:\/\/hubsch-interior.com\/fr\/?s={search_term_string}"},"query-input":{"@type":"PropertyValueSpecification","valueRequired":true,"valueName":"search_term_string"}}],"inLanguage":"fr-FR"},{"@type":"Organization","@id":"https:\/\/hubsch-interior.com\/fr\/#organization","name":"H\u00fcbsch","url":"https:\/\/hubsch-interior.com\/fr\/","logo":{"@type":"ImageObject","inLanguage":"fr-FR","@id":"https:\/\/hubsch-interior.com\/fr\/#\/schema\/logo\/image\/","url":"https:\/\/hubsch-interior.com\/wp-content\/uploads\/2022\/12\/Hubsch_logo_black_one_line.svg","contentUrl":"https:\/\/hubsch-interior.com\/wp-content\/uploads\/2022\/12\/Hubsch_logo_black_one_line.svg","caption":"H\u00fcbsch"},"image":{"@id":"https:\/\/hubsch-interior.com\/fr\/#\/schema\/logo\/image\/"}}]}},"_links":{"self":[{"href":"https:\/\/hubsch-interior.com\/fr\/wp-json\/wp\/v2\/product\/18713","targetHints":{"allow":["GET"]}}],"collection":[{"href":"https:\/\/hubsch-interior.com\/fr\/wp-json\/wp\/v2\/product"}],"about":[{"href":"https:\/\/hubsch-interior.com\/fr\/wp-json\/wp\/v2\/types\/product"}],"wp:featuredmedia":[{"embeddable":true,"href":"https:\/\/hubsch-interior.com\/fr\/wp-json\/wp\/v2\/media\/1102016"}],"wp:attachment":[{"href":"https:\/\/hubsch-interior.com\/fr\/wp-json\/wp\/v2\/media?parent=18713"}],"wp:term":[{"taxonomy":"product_brand","embeddable":true,"href":"https:\/\/hubsch-interior.com\/fr\/wp-json\/wp\/v2\/product_brand?post=18713"},{"taxonomy":"product_cat","embeddable":true,"href":"https:\/\/hubsch-interior.com\/fr\/wp-json\/wp\/v2\/product_cat?post=18713"},{"taxonomy":"product_tag","embeddable":true,"href":"https:\/\/hubsch-interior.com\/fr\/wp-json\/wp\/v2\/product_tag?post=18713"}],"curies":[{"name":"wp","href":"https:\/\/api.w.org\/{rel}","templated":true}]}}