{"id":18833,"date":"2020-09-09T23:28:12","date_gmt":"2020-09-09T21:28:12","guid":{"rendered":"https:\/\/hubsch-interior.com\/vare\/product\/"},"modified":"2026-04-05T04:50:03","modified_gmt":"2026-04-05T02:50:03","slug":"staple-boite-de-rangement-naturel","status":"publish","type":"product","link":"https:\/\/hubsch-interior.com\/fr\/produit\/staple-boite-de-rangement-naturel\/","title":{"rendered":"Staple Bo\u00eete de rangement Naturel"},"content":{"rendered":"<p>La boite de rangement offre un grand compartiment ainsi que deux espaces ouverts de rangement. Utilisez l&#8217;espace ferm\u00e9 pour ranger vos effets personnels importants et plus grands. Les plus petits espaces de rangement peuvent \u00eatre utilis\u00e9s pour vos objets plus petits comme vos d\u00e9corations ou vos bijoux. Fabriqu\u00e9 en ch\u00eane certifi\u00e9 FSC.<\/p>\n","protected":false},"excerpt":{"rendered":"<p>La boite de rangement offre un grand compartiment ainsi que deux espaces ouverts de rangement. Utilisez l&#8217;espace ferm\u00e9 pour ranger vos effets personnels importants et plus grands. Les plus petits espaces de rangement peuvent \u00eatre utilis\u00e9s pour vos objets plus petits comme vos d\u00e9corations ou vos bijoux. Fabriqu\u00e9 en ch\u00eane certifi\u00e9 FSC.<\/p>\n","protected":false},"featured_media":1102100,"template":"","meta":{"_acf_changed":false,"inline_featured_image":false},"product_brand":[],"product_cat":[4153,4960,5026],"product_tag":[],"class_list":{"0":"post-18833","1":"product","2":"type-product","3":"status-publish","4":"has-post-thumbnail","6":"product_cat-espace-de-travail-fr","7":"product_cat-rangement-fr","8":"product_cat-bestsellers-fr","9":"product_shipping_class-pk","11":"pa_color-naturel-2","12":"pa_material-mdf-fr","13":"pa_material-bois-de-chne-2","14":"pa_material-placage-de-chne-2","16":"first","17":"outofstock","18":"featured","19":"taxable","20":"shipping-taxable","21":"purchasable","22":"product-type-simple"},"exclude_global_add_ons":[],"addons":[],"acf":[],"yoast_head":"<!-- This site is optimized with the Yoast SEO plugin v26.4 - https:\/\/yoast.com\/wordpress\/plugins\/seo\/ -->\n<title>Staple Bo\u00eete de rangement Naturel - H\u00fcbsch<\/title>\n<meta name=\"description\" content=\"La boite de rangement offre un grand compartiment ainsi que deux espaces ouverts de rangement. Utilisez l&#039;espace ferm\u00e9 pour ranger vos effets personnels\" \/>\n<meta name=\"robots\" content=\"index, follow, max-snippet:-1, max-image-preview:large, max-video-preview:-1\" \/>\n<link rel=\"canonical\" href=\"https:\/\/hubsch-interior.com\/fr\/wp-json\/wp\/v2\/product\/18833\" \/>\n<meta property=\"og:locale\" content=\"fr_FR\" \/>\n<meta property=\"og:type\" content=\"article\" \/>\n<meta property=\"og:title\" content=\"Staple Bo\u00eete de rangement Naturel - H\u00fcbsch\" \/>\n<meta property=\"og:description\" content=\"La boite de rangement offre un grand compartiment ainsi que deux espaces ouverts de rangement. Utilisez l&#039;espace ferm\u00e9 pour ranger vos effets personnels\" \/>\n<meta property=\"og:url\" content=\"https:\/\/hubsch-interior.com\/fr\/produit\/staple-boite-de-rangement-naturel\/\" \/>\n<meta property=\"og:site_name\" content=\"H\u00fcbsch\" \/>\n<meta property=\"article:modified_time\" content=\"2026-04-05T02:50:03+00:00\" \/>\n<meta property=\"og:image\" content=\"https:\/\/hubsch-interior.com\/wp-content\/uploads\/2023\/08\/staple-storage-box-natural-3a9bc6b16d7e0c81f87c7403a6b107ae.jpg\" \/>\n\t<meta property=\"og:image:width\" content=\"1200\" \/>\n\t<meta property=\"og:image:height\" content=\"1200\" \/>\n\t<meta property=\"og:image:type\" content=\"image\/jpeg\" \/>\n<meta name=\"twitter:card\" content=\"summary_large_image\" \/>\n<script type=\"application\/ld+json\" class=\"yoast-schema-graph\">{\"@context\":\"https:\/\/schema.org\",\"@graph\":[{\"@type\":\"WebPage\",\"@id\":\"https:\/\/hubsch-interior.com\/fr\/produit\/staple-boite-de-rangement-naturel\/\",\"url\":\"https:\/\/hubsch-interior.com\/fr\/produit\/staple-boite-de-rangement-naturel\/\",\"name\":\"Staple Bo\u00eete de rangement Naturel - H\u00fcbsch\",\"isPartOf\":{\"@id\":\"https:\/\/hubsch-interior.com\/fr\/#website\"},\"primaryImageOfPage\":{\"@id\":\"https:\/\/hubsch-interior.com\/fr\/produit\/staple-boite-de-rangement-naturel\/#primaryimage\"},\"image\":{\"@id\":\"https:\/\/hubsch-interior.com\/fr\/produit\/staple-boite-de-rangement-naturel\/#primaryimage\"},\"thumbnailUrl\":\"https:\/\/hubsch-interior.com\/wp-content\/uploads\/2026\/02\/staple-storage-box-natural-c50240dd361c35f1261ba5a3926c2ab1.jpg\",\"datePublished\":\"2020-09-09T21:28:12+00:00\",\"dateModified\":\"2026-04-05T02:50:03+00:00\",\"description\":\"La boite de rangement offre un grand compartiment ainsi que deux espaces ouverts de rangement. Utilisez l'espace ferm\u00e9 pour ranger vos effets personnels\",\"breadcrumb\":{\"@id\":\"https:\/\/hubsch-interior.com\/fr\/produit\/staple-boite-de-rangement-naturel\/#breadcrumb\"},\"inLanguage\":\"fr-FR\",\"potentialAction\":[{\"@type\":\"ReadAction\",\"target\":[\"https:\/\/hubsch-interior.com\/fr\/produit\/staple-boite-de-rangement-naturel\/\"]}]},{\"@type\":\"ImageObject\",\"inLanguage\":\"fr-FR\",\"@id\":\"https:\/\/hubsch-interior.com\/fr\/produit\/staple-boite-de-rangement-naturel\/#primaryimage\",\"url\":\"https:\/\/hubsch-interior.com\/wp-content\/uploads\/2026\/02\/staple-storage-box-natural-c50240dd361c35f1261ba5a3926c2ab1.jpg\",\"contentUrl\":\"https:\/\/hubsch-interior.com\/wp-content\/uploads\/2026\/02\/staple-storage-box-natural-c50240dd361c35f1261ba5a3926c2ab1.jpg\",\"width\":1024,\"height\":1024},{\"@type\":\"BreadcrumbList\",\"@id\":\"https:\/\/hubsch-interior.com\/fr\/produit\/staple-boite-de-rangement-naturel\/#breadcrumb\",\"itemListElement\":[{\"@type\":\"ListItem\",\"position\":1,\"name\":\"Page d'accueil\",\"item\":\"https:\/\/hubsch-interior.com\/fr\/\"},{\"@type\":\"ListItem\",\"position\":2,\"name\":\"Produits\",\"item\":\"https:\/\/hubsch-interior.com\/fr\/shop-2\/\"},{\"@type\":\"ListItem\",\"position\":3,\"name\":\"Accessoires maison\",\"item\":\"https:\/\/hubsch-interior.com\/fr\/categorie-produit\/accessoires-maison\/\"},{\"@type\":\"ListItem\",\"position\":4,\"name\":\"Espace de travail\",\"item\":\"https:\/\/hubsch-interior.com\/fr\/categorie-produit\/accessoires-maison\/espace-de-travail-fr\/\"},{\"@type\":\"ListItem\",\"position\":5,\"name\":\"Rangement\",\"item\":\"https:\/\/hubsch-interior.com\/fr\/categorie-produit\/accessoires-maison\/espace-de-travail-fr\/rangement-fr\/\"},{\"@type\":\"ListItem\",\"position\":6,\"name\":\"Staple Bo\u00eete de rangement Naturel\"}]},{\"@type\":\"WebSite\",\"@id\":\"https:\/\/hubsch-interior.com\/fr\/#website\",\"url\":\"https:\/\/hubsch-interior.com\/fr\/\",\"name\":\"H\u00fcbsch\",\"description\":\"Danish Home Interior and Design\",\"publisher\":{\"@id\":\"https:\/\/hubsch-interior.com\/fr\/#organization\"},\"potentialAction\":[{\"@type\":\"SearchAction\",\"target\":{\"@type\":\"EntryPoint\",\"urlTemplate\":\"https:\/\/hubsch-interior.com\/fr\/?s={search_term_string}\"},\"query-input\":{\"@type\":\"PropertyValueSpecification\",\"valueRequired\":true,\"valueName\":\"search_term_string\"}}],\"inLanguage\":\"fr-FR\"},{\"@type\":\"Organization\",\"@id\":\"https:\/\/hubsch-interior.com\/fr\/#organization\",\"name\":\"H\u00fcbsch\",\"url\":\"https:\/\/hubsch-interior.com\/fr\/\",\"logo\":{\"@type\":\"ImageObject\",\"inLanguage\":\"fr-FR\",\"@id\":\"https:\/\/hubsch-interior.com\/fr\/#\/schema\/logo\/image\/\",\"url\":\"https:\/\/hubsch-interior.com\/wp-content\/uploads\/2022\/12\/Hubsch_logo_black_one_line.svg\",\"contentUrl\":\"https:\/\/hubsch-interior.com\/wp-content\/uploads\/2022\/12\/Hubsch_logo_black_one_line.svg\",\"caption\":\"H\u00fcbsch\"},\"image\":{\"@id\":\"https:\/\/hubsch-interior.com\/fr\/#\/schema\/logo\/image\/\"}}]}<\/script>\n<!-- \/ Yoast SEO plugin. -->","yoast_head_json":{"title":"Staple Bo\u00eete de rangement Naturel - H\u00fcbsch","description":"La boite de rangement offre un grand compartiment ainsi que deux espaces ouverts de rangement. Utilisez l'espace ferm\u00e9 pour ranger vos effets personnels","robots":{"index":"index","follow":"follow","max-snippet":"max-snippet:-1","max-image-preview":"max-image-preview:large","max-video-preview":"max-video-preview:-1"},"canonical":"https:\/\/hubsch-interior.com\/fr\/wp-json\/wp\/v2\/product\/18833","og_locale":"fr_FR","og_type":"article","og_title":"Staple Bo\u00eete de rangement Naturel - H\u00fcbsch","og_description":"La boite de rangement offre un grand compartiment ainsi que deux espaces ouverts de rangement. Utilisez l'espace ferm\u00e9 pour ranger vos effets personnels","og_url":"https:\/\/hubsch-interior.com\/fr\/produit\/staple-boite-de-rangement-naturel\/","og_site_name":"H\u00fcbsch","article_modified_time":"2026-04-05T02:50:03+00:00","og_image":[{"width":1200,"height":1200,"url":"https:\/\/hubsch-interior.com\/wp-content\/uploads\/2023\/08\/staple-storage-box-natural-3a9bc6b16d7e0c81f87c7403a6b107ae.jpg","type":"image\/jpeg"}],"twitter_card":"summary_large_image","schema":{"@context":"https:\/\/schema.org","@graph":[{"@type":"WebPage","@id":"https:\/\/hubsch-interior.com\/fr\/produit\/staple-boite-de-rangement-naturel\/","url":"https:\/\/hubsch-interior.com\/fr\/produit\/staple-boite-de-rangement-naturel\/","name":"Staple Bo\u00eete de rangement Naturel - H\u00fcbsch","isPartOf":{"@id":"https:\/\/hubsch-interior.com\/fr\/#website"},"primaryImageOfPage":{"@id":"https:\/\/hubsch-interior.com\/fr\/produit\/staple-boite-de-rangement-naturel\/#primaryimage"},"image":{"@id":"https:\/\/hubsch-interior.com\/fr\/produit\/staple-boite-de-rangement-naturel\/#primaryimage"},"thumbnailUrl":"https:\/\/hubsch-interior.com\/wp-content\/uploads\/2026\/02\/staple-storage-box-natural-c50240dd361c35f1261ba5a3926c2ab1.jpg","datePublished":"2020-09-09T21:28:12+00:00","dateModified":"2026-04-05T02:50:03+00:00","description":"La boite de rangement offre un grand compartiment ainsi que deux espaces ouverts de rangement. Utilisez l'espace ferm\u00e9 pour ranger vos effets personnels","breadcrumb":{"@id":"https:\/\/hubsch-interior.com\/fr\/produit\/staple-boite-de-rangement-naturel\/#breadcrumb"},"inLanguage":"fr-FR","potentialAction":[{"@type":"ReadAction","target":["https:\/\/hubsch-interior.com\/fr\/produit\/staple-boite-de-rangement-naturel\/"]}]},{"@type":"ImageObject","inLanguage":"fr-FR","@id":"https:\/\/hubsch-interior.com\/fr\/produit\/staple-boite-de-rangement-naturel\/#primaryimage","url":"https:\/\/hubsch-interior.com\/wp-content\/uploads\/2026\/02\/staple-storage-box-natural-c50240dd361c35f1261ba5a3926c2ab1.jpg","contentUrl":"https:\/\/hubsch-interior.com\/wp-content\/uploads\/2026\/02\/staple-storage-box-natural-c50240dd361c35f1261ba5a3926c2ab1.jpg","width":1024,"height":1024},{"@type":"BreadcrumbList","@id":"https:\/\/hubsch-interior.com\/fr\/produit\/staple-boite-de-rangement-naturel\/#breadcrumb","itemListElement":[{"@type":"ListItem","position":1,"name":"Page d'accueil","item":"https:\/\/hubsch-interior.com\/fr\/"},{"@type":"ListItem","position":2,"name":"Produits","item":"https:\/\/hubsch-interior.com\/fr\/shop-2\/"},{"@type":"ListItem","position":3,"name":"Accessoires maison","item":"https:\/\/hubsch-interior.com\/fr\/categorie-produit\/accessoires-maison\/"},{"@type":"ListItem","position":4,"name":"Espace de travail","item":"https:\/\/hubsch-interior.com\/fr\/categorie-produit\/accessoires-maison\/espace-de-travail-fr\/"},{"@type":"ListItem","position":5,"name":"Rangement","item":"https:\/\/hubsch-interior.com\/fr\/categorie-produit\/accessoires-maison\/espace-de-travail-fr\/rangement-fr\/"},{"@type":"ListItem","position":6,"name":"Staple Bo\u00eete de rangement Naturel"}]},{"@type":"WebSite","@id":"https:\/\/hubsch-interior.com\/fr\/#website","url":"https:\/\/hubsch-interior.com\/fr\/","name":"H\u00fcbsch","description":"Danish Home Interior and Design","publisher":{"@id":"https:\/\/hubsch-interior.com\/fr\/#organization"},"potentialAction":[{"@type":"SearchAction","target":{"@type":"EntryPoint","urlTemplate":"https:\/\/hubsch-interior.com\/fr\/?s={search_term_string}"},"query-input":{"@type":"PropertyValueSpecification","valueRequired":true,"valueName":"search_term_string"}}],"inLanguage":"fr-FR"},{"@type":"Organization","@id":"https:\/\/hubsch-interior.com\/fr\/#organization","name":"H\u00fcbsch","url":"https:\/\/hubsch-interior.com\/fr\/","logo":{"@type":"ImageObject","inLanguage":"fr-FR","@id":"https:\/\/hubsch-interior.com\/fr\/#\/schema\/logo\/image\/","url":"https:\/\/hubsch-interior.com\/wp-content\/uploads\/2022\/12\/Hubsch_logo_black_one_line.svg","contentUrl":"https:\/\/hubsch-interior.com\/wp-content\/uploads\/2022\/12\/Hubsch_logo_black_one_line.svg","caption":"H\u00fcbsch"},"image":{"@id":"https:\/\/hubsch-interior.com\/fr\/#\/schema\/logo\/image\/"}}]}},"_links":{"self":[{"href":"https:\/\/hubsch-interior.com\/fr\/wp-json\/wp\/v2\/product\/18833","targetHints":{"allow":["GET"]}}],"collection":[{"href":"https:\/\/hubsch-interior.com\/fr\/wp-json\/wp\/v2\/product"}],"about":[{"href":"https:\/\/hubsch-interior.com\/fr\/wp-json\/wp\/v2\/types\/product"}],"wp:featuredmedia":[{"embeddable":true,"href":"https:\/\/hubsch-interior.com\/fr\/wp-json\/wp\/v2\/media\/1102100"}],"wp:attachment":[{"href":"https:\/\/hubsch-interior.com\/fr\/wp-json\/wp\/v2\/media?parent=18833"}],"wp:term":[{"taxonomy":"product_brand","embeddable":true,"href":"https:\/\/hubsch-interior.com\/fr\/wp-json\/wp\/v2\/product_brand?post=18833"},{"taxonomy":"product_cat","embeddable":true,"href":"https:\/\/hubsch-interior.com\/fr\/wp-json\/wp\/v2\/product_cat?post=18833"},{"taxonomy":"product_tag","embeddable":true,"href":"https:\/\/hubsch-interior.com\/fr\/wp-json\/wp\/v2\/product_tag?post=18833"}],"curies":[{"name":"wp","href":"https:\/\/api.w.org\/{rel}","templated":true}]}}