{"id":19033,"date":"2020-09-09T23:28:30","date_gmt":"2020-09-09T21:28:30","guid":{"rendered":"https:\/\/hubsch-interior.com\/vare\/product\/"},"modified":"2026-04-08T04:59:01","modified_gmt":"2026-04-08T02:59:01","slug":"spectacle-boites-vitrines-large-naturel-set-de-2","status":"publish","type":"product","link":"https:\/\/hubsch-interior.com\/fr\/produit\/spectacle-boites-vitrines-large-naturel-set-de-2\/","title":{"rendered":"Spectacle Bo\u00eetes vitrines Large Naturel (set de 2)"},"content":{"rendered":"<p>Ce set de 2 petites vitrines est en ch\u00eane certifi\u00e9 FSC et en verre. Vous pouvez les utiliser pour exposer votre d\u00e9coration pr\u00e9f\u00e9r\u00e9e ou de petites plantes.<\/p>\n","protected":false},"excerpt":{"rendered":"<p>Ce set de 2 petites vitrines est en ch\u00eane certifi\u00e9 FSC et en verre. Vous pouvez les utiliser pour exposer votre d\u00e9coration pr\u00e9f\u00e9r\u00e9e ou de petites plantes.<\/p>\n","protected":false},"featured_media":1105725,"template":"","meta":{"_acf_changed":false,"inline_featured_image":false},"product_brand":[],"product_cat":[3110,3645,5026],"product_tag":[],"class_list":{"0":"post-19033","1":"product","2":"type-product","3":"status-publish","4":"has-post-thumbnail","6":"product_cat-espace-de-rangement-fr","7":"product_cat-boites-a-rangement-fr","8":"product_cat-bestsellers-fr","9":"product_shipping_class-pk","10":"pa_color-naturel-2","11":"pa_material-mdf-fr","12":"pa_material-verre-fr","13":"pa_material-placage-de-chne-2","15":"first","16":"outofstock","17":"featured","18":"taxable","19":"shipping-taxable","20":"purchasable","21":"product-type-simple"},"exclude_global_add_ons":[],"addons":[],"acf":[],"yoast_head":"<!-- This site is optimized with the Yoast SEO plugin v26.4 - https:\/\/yoast.com\/wordpress\/plugins\/seo\/ -->\n<title>Spectacle Bo\u00eetes vitrines Large Naturel (set de 2) - H\u00fcbsch<\/title>\n<meta name=\"description\" content=\"Ce set de 2 petites vitrines est en ch\u00eane certifi\u00e9 FSC et en verre. Vous pouvez les utiliser pour exposer votre d\u00e9coration pr\u00e9f\u00e9r\u00e9e ou de petites plantes.\" \/>\n<meta name=\"robots\" content=\"index, follow, max-snippet:-1, max-image-preview:large, max-video-preview:-1\" \/>\n<link rel=\"canonical\" href=\"https:\/\/hubsch-interior.com\/fr\/wp-json\/wp\/v2\/product\/19033\" \/>\n<meta property=\"og:locale\" content=\"fr_FR\" \/>\n<meta property=\"og:type\" content=\"article\" \/>\n<meta property=\"og:title\" content=\"Spectacle Bo\u00eetes vitrines Large Naturel (set de 2) - H\u00fcbsch\" \/>\n<meta property=\"og:description\" content=\"Ce set de 2 petites vitrines est en ch\u00eane certifi\u00e9 FSC et en verre. Vous pouvez les utiliser pour exposer votre d\u00e9coration pr\u00e9f\u00e9r\u00e9e ou de petites plantes.\" \/>\n<meta property=\"og:url\" content=\"https:\/\/hubsch-interior.com\/fr\/produit\/spectacle-boites-vitrines-large-naturel-set-de-2\/\" \/>\n<meta property=\"og:site_name\" content=\"H\u00fcbsch\" \/>\n<meta property=\"article:modified_time\" content=\"2026-04-08T02:59:01+00:00\" \/>\n<meta property=\"og:image\" content=\"https:\/\/hubsch-interior.com\/wp-content\/uploads\/2023\/08\/spectacle-display-boxes-large-natural-set-of-2-83f7a5c9ce0283234dada4f876feb184.jpg\" \/>\n\t<meta property=\"og:image:width\" content=\"1200\" \/>\n\t<meta property=\"og:image:height\" content=\"1200\" \/>\n\t<meta property=\"og:image:type\" content=\"image\/jpeg\" \/>\n<meta name=\"twitter:card\" content=\"summary_large_image\" \/>\n<script type=\"application\/ld+json\" class=\"yoast-schema-graph\">{\"@context\":\"https:\/\/schema.org\",\"@graph\":[{\"@type\":\"WebPage\",\"@id\":\"https:\/\/hubsch-interior.com\/fr\/produit\/spectacle-boites-vitrines-large-naturel-set-de-2\/\",\"url\":\"https:\/\/hubsch-interior.com\/fr\/produit\/spectacle-boites-vitrines-large-naturel-set-de-2\/\",\"name\":\"Spectacle Bo\u00eetes vitrines Large Naturel (set de 2) - H\u00fcbsch\",\"isPartOf\":{\"@id\":\"https:\/\/hubsch-interior.com\/fr\/#website\"},\"primaryImageOfPage\":{\"@id\":\"https:\/\/hubsch-interior.com\/fr\/produit\/spectacle-boites-vitrines-large-naturel-set-de-2\/#primaryimage\"},\"image\":{\"@id\":\"https:\/\/hubsch-interior.com\/fr\/produit\/spectacle-boites-vitrines-large-naturel-set-de-2\/#primaryimage\"},\"thumbnailUrl\":\"https:\/\/hubsch-interior.com\/wp-content\/uploads\/2026\/02\/spectacle-display-boxes-large-natural-set-of-2-628c544076163d90c6f1474f170c1c22.jpg\",\"datePublished\":\"2020-09-09T21:28:30+00:00\",\"dateModified\":\"2026-04-08T02:59:01+00:00\",\"description\":\"Ce set de 2 petites vitrines est en ch\u00eane certifi\u00e9 FSC et en verre. Vous pouvez les utiliser pour exposer votre d\u00e9coration pr\u00e9f\u00e9r\u00e9e ou de petites plantes.\",\"breadcrumb\":{\"@id\":\"https:\/\/hubsch-interior.com\/fr\/produit\/spectacle-boites-vitrines-large-naturel-set-de-2\/#breadcrumb\"},\"inLanguage\":\"fr-FR\",\"potentialAction\":[{\"@type\":\"ReadAction\",\"target\":[\"https:\/\/hubsch-interior.com\/fr\/produit\/spectacle-boites-vitrines-large-naturel-set-de-2\/\"]}]},{\"@type\":\"ImageObject\",\"inLanguage\":\"fr-FR\",\"@id\":\"https:\/\/hubsch-interior.com\/fr\/produit\/spectacle-boites-vitrines-large-naturel-set-de-2\/#primaryimage\",\"url\":\"https:\/\/hubsch-interior.com\/wp-content\/uploads\/2026\/02\/spectacle-display-boxes-large-natural-set-of-2-628c544076163d90c6f1474f170c1c22.jpg\",\"contentUrl\":\"https:\/\/hubsch-interior.com\/wp-content\/uploads\/2026\/02\/spectacle-display-boxes-large-natural-set-of-2-628c544076163d90c6f1474f170c1c22.jpg\",\"width\":1024,\"height\":1024},{\"@type\":\"BreadcrumbList\",\"@id\":\"https:\/\/hubsch-interior.com\/fr\/produit\/spectacle-boites-vitrines-large-naturel-set-de-2\/#breadcrumb\",\"itemListElement\":[{\"@type\":\"ListItem\",\"position\":1,\"name\":\"Page d'accueil\",\"item\":\"https:\/\/hubsch-interior.com\/fr\/\"},{\"@type\":\"ListItem\",\"position\":2,\"name\":\"Produits\",\"item\":\"https:\/\/hubsch-interior.com\/fr\/shop-2\/\"},{\"@type\":\"ListItem\",\"position\":3,\"name\":\"Accessoires maison\",\"item\":\"https:\/\/hubsch-interior.com\/fr\/categorie-produit\/accessoires-maison\/\"},{\"@type\":\"ListItem\",\"position\":4,\"name\":\"Espace de rangement\",\"item\":\"https:\/\/hubsch-interior.com\/fr\/categorie-produit\/accessoires-maison\/espace-de-rangement-fr\/\"},{\"@type\":\"ListItem\",\"position\":5,\"name\":\"Boites &agrave; rangement\",\"item\":\"https:\/\/hubsch-interior.com\/fr\/categorie-produit\/accessoires-maison\/espace-de-rangement-fr\/boites-a-rangement-fr\/\"},{\"@type\":\"ListItem\",\"position\":6,\"name\":\"Spectacle Bo\u00eetes vitrines Large Naturel (set de 2)\"}]},{\"@type\":\"WebSite\",\"@id\":\"https:\/\/hubsch-interior.com\/fr\/#website\",\"url\":\"https:\/\/hubsch-interior.com\/fr\/\",\"name\":\"H\u00fcbsch\",\"description\":\"Danish Home Interior and Design\",\"publisher\":{\"@id\":\"https:\/\/hubsch-interior.com\/fr\/#organization\"},\"potentialAction\":[{\"@type\":\"SearchAction\",\"target\":{\"@type\":\"EntryPoint\",\"urlTemplate\":\"https:\/\/hubsch-interior.com\/fr\/?s={search_term_string}\"},\"query-input\":{\"@type\":\"PropertyValueSpecification\",\"valueRequired\":true,\"valueName\":\"search_term_string\"}}],\"inLanguage\":\"fr-FR\"},{\"@type\":\"Organization\",\"@id\":\"https:\/\/hubsch-interior.com\/fr\/#organization\",\"name\":\"H\u00fcbsch\",\"url\":\"https:\/\/hubsch-interior.com\/fr\/\",\"logo\":{\"@type\":\"ImageObject\",\"inLanguage\":\"fr-FR\",\"@id\":\"https:\/\/hubsch-interior.com\/fr\/#\/schema\/logo\/image\/\",\"url\":\"https:\/\/hubsch-interior.com\/wp-content\/uploads\/2022\/12\/Hubsch_logo_black_one_line.svg\",\"contentUrl\":\"https:\/\/hubsch-interior.com\/wp-content\/uploads\/2022\/12\/Hubsch_logo_black_one_line.svg\",\"caption\":\"H\u00fcbsch\"},\"image\":{\"@id\":\"https:\/\/hubsch-interior.com\/fr\/#\/schema\/logo\/image\/\"}}]}<\/script>\n<!-- \/ Yoast SEO plugin. -->","yoast_head_json":{"title":"Spectacle Bo\u00eetes vitrines Large Naturel (set de 2) - H\u00fcbsch","description":"Ce set de 2 petites vitrines est en ch\u00eane certifi\u00e9 FSC et en verre. Vous pouvez les utiliser pour exposer votre d\u00e9coration pr\u00e9f\u00e9r\u00e9e ou de petites plantes.","robots":{"index":"index","follow":"follow","max-snippet":"max-snippet:-1","max-image-preview":"max-image-preview:large","max-video-preview":"max-video-preview:-1"},"canonical":"https:\/\/hubsch-interior.com\/fr\/wp-json\/wp\/v2\/product\/19033","og_locale":"fr_FR","og_type":"article","og_title":"Spectacle Bo\u00eetes vitrines Large Naturel (set de 2) - H\u00fcbsch","og_description":"Ce set de 2 petites vitrines est en ch\u00eane certifi\u00e9 FSC et en verre. Vous pouvez les utiliser pour exposer votre d\u00e9coration pr\u00e9f\u00e9r\u00e9e ou de petites plantes.","og_url":"https:\/\/hubsch-interior.com\/fr\/produit\/spectacle-boites-vitrines-large-naturel-set-de-2\/","og_site_name":"H\u00fcbsch","article_modified_time":"2026-04-08T02:59:01+00:00","og_image":[{"width":1200,"height":1200,"url":"https:\/\/hubsch-interior.com\/wp-content\/uploads\/2023\/08\/spectacle-display-boxes-large-natural-set-of-2-83f7a5c9ce0283234dada4f876feb184.jpg","type":"image\/jpeg"}],"twitter_card":"summary_large_image","schema":{"@context":"https:\/\/schema.org","@graph":[{"@type":"WebPage","@id":"https:\/\/hubsch-interior.com\/fr\/produit\/spectacle-boites-vitrines-large-naturel-set-de-2\/","url":"https:\/\/hubsch-interior.com\/fr\/produit\/spectacle-boites-vitrines-large-naturel-set-de-2\/","name":"Spectacle Bo\u00eetes vitrines Large Naturel (set de 2) - H\u00fcbsch","isPartOf":{"@id":"https:\/\/hubsch-interior.com\/fr\/#website"},"primaryImageOfPage":{"@id":"https:\/\/hubsch-interior.com\/fr\/produit\/spectacle-boites-vitrines-large-naturel-set-de-2\/#primaryimage"},"image":{"@id":"https:\/\/hubsch-interior.com\/fr\/produit\/spectacle-boites-vitrines-large-naturel-set-de-2\/#primaryimage"},"thumbnailUrl":"https:\/\/hubsch-interior.com\/wp-content\/uploads\/2026\/02\/spectacle-display-boxes-large-natural-set-of-2-628c544076163d90c6f1474f170c1c22.jpg","datePublished":"2020-09-09T21:28:30+00:00","dateModified":"2026-04-08T02:59:01+00:00","description":"Ce set de 2 petites vitrines est en ch\u00eane certifi\u00e9 FSC et en verre. Vous pouvez les utiliser pour exposer votre d\u00e9coration pr\u00e9f\u00e9r\u00e9e ou de petites plantes.","breadcrumb":{"@id":"https:\/\/hubsch-interior.com\/fr\/produit\/spectacle-boites-vitrines-large-naturel-set-de-2\/#breadcrumb"},"inLanguage":"fr-FR","potentialAction":[{"@type":"ReadAction","target":["https:\/\/hubsch-interior.com\/fr\/produit\/spectacle-boites-vitrines-large-naturel-set-de-2\/"]}]},{"@type":"ImageObject","inLanguage":"fr-FR","@id":"https:\/\/hubsch-interior.com\/fr\/produit\/spectacle-boites-vitrines-large-naturel-set-de-2\/#primaryimage","url":"https:\/\/hubsch-interior.com\/wp-content\/uploads\/2026\/02\/spectacle-display-boxes-large-natural-set-of-2-628c544076163d90c6f1474f170c1c22.jpg","contentUrl":"https:\/\/hubsch-interior.com\/wp-content\/uploads\/2026\/02\/spectacle-display-boxes-large-natural-set-of-2-628c544076163d90c6f1474f170c1c22.jpg","width":1024,"height":1024},{"@type":"BreadcrumbList","@id":"https:\/\/hubsch-interior.com\/fr\/produit\/spectacle-boites-vitrines-large-naturel-set-de-2\/#breadcrumb","itemListElement":[{"@type":"ListItem","position":1,"name":"Page d'accueil","item":"https:\/\/hubsch-interior.com\/fr\/"},{"@type":"ListItem","position":2,"name":"Produits","item":"https:\/\/hubsch-interior.com\/fr\/shop-2\/"},{"@type":"ListItem","position":3,"name":"Accessoires maison","item":"https:\/\/hubsch-interior.com\/fr\/categorie-produit\/accessoires-maison\/"},{"@type":"ListItem","position":4,"name":"Espace de rangement","item":"https:\/\/hubsch-interior.com\/fr\/categorie-produit\/accessoires-maison\/espace-de-rangement-fr\/"},{"@type":"ListItem","position":5,"name":"Boites &agrave; rangement","item":"https:\/\/hubsch-interior.com\/fr\/categorie-produit\/accessoires-maison\/espace-de-rangement-fr\/boites-a-rangement-fr\/"},{"@type":"ListItem","position":6,"name":"Spectacle Bo\u00eetes vitrines Large Naturel (set de 2)"}]},{"@type":"WebSite","@id":"https:\/\/hubsch-interior.com\/fr\/#website","url":"https:\/\/hubsch-interior.com\/fr\/","name":"H\u00fcbsch","description":"Danish Home Interior and Design","publisher":{"@id":"https:\/\/hubsch-interior.com\/fr\/#organization"},"potentialAction":[{"@type":"SearchAction","target":{"@type":"EntryPoint","urlTemplate":"https:\/\/hubsch-interior.com\/fr\/?s={search_term_string}"},"query-input":{"@type":"PropertyValueSpecification","valueRequired":true,"valueName":"search_term_string"}}],"inLanguage":"fr-FR"},{"@type":"Organization","@id":"https:\/\/hubsch-interior.com\/fr\/#organization","name":"H\u00fcbsch","url":"https:\/\/hubsch-interior.com\/fr\/","logo":{"@type":"ImageObject","inLanguage":"fr-FR","@id":"https:\/\/hubsch-interior.com\/fr\/#\/schema\/logo\/image\/","url":"https:\/\/hubsch-interior.com\/wp-content\/uploads\/2022\/12\/Hubsch_logo_black_one_line.svg","contentUrl":"https:\/\/hubsch-interior.com\/wp-content\/uploads\/2022\/12\/Hubsch_logo_black_one_line.svg","caption":"H\u00fcbsch"},"image":{"@id":"https:\/\/hubsch-interior.com\/fr\/#\/schema\/logo\/image\/"}}]}},"_links":{"self":[{"href":"https:\/\/hubsch-interior.com\/fr\/wp-json\/wp\/v2\/product\/19033","targetHints":{"allow":["GET"]}}],"collection":[{"href":"https:\/\/hubsch-interior.com\/fr\/wp-json\/wp\/v2\/product"}],"about":[{"href":"https:\/\/hubsch-interior.com\/fr\/wp-json\/wp\/v2\/types\/product"}],"wp:featuredmedia":[{"embeddable":true,"href":"https:\/\/hubsch-interior.com\/fr\/wp-json\/wp\/v2\/media\/1105725"}],"wp:attachment":[{"href":"https:\/\/hubsch-interior.com\/fr\/wp-json\/wp\/v2\/media?parent=19033"}],"wp:term":[{"taxonomy":"product_brand","embeddable":true,"href":"https:\/\/hubsch-interior.com\/fr\/wp-json\/wp\/v2\/product_brand?post=19033"},{"taxonomy":"product_cat","embeddable":true,"href":"https:\/\/hubsch-interior.com\/fr\/wp-json\/wp\/v2\/product_cat?post=19033"},{"taxonomy":"product_tag","embeddable":true,"href":"https:\/\/hubsch-interior.com\/fr\/wp-json\/wp\/v2\/product_tag?post=19033"}],"curies":[{"name":"wp","href":"https:\/\/api.w.org\/{rel}","templated":true}]}}