{"id":19053,"date":"2020-09-09T23:28:32","date_gmt":"2020-09-09T21:28:32","guid":{"rendered":"https:\/\/hubsch-interior.com\/vare\/product\/"},"modified":"2026-04-09T04:59:24","modified_gmt":"2026-04-09T02:59:24","slug":"acorn-tabouret-de-bar-naturel","status":"publish","type":"product","link":"https:\/\/hubsch-interior.com\/fr\/produit\/acorn-tabouret-de-bar-naturel\/","title":{"rendered":"Acorn Tabouret de bar Naturel"},"content":{"rendered":"<p>Ce tabouret de bar poss\u00e8de un look minimaliste et convient aux int\u00e9rieurs modernes. Le tabouret de bar est en ch\u00eane certifi\u00e9 FSC. Placez-le autour d&#8217;un \u00eelot central de cuisine ou autour d\u2019une table haute.<\/p>\n","protected":false},"excerpt":{"rendered":"<p>Ce tabouret de bar poss\u00e8de un look minimaliste et convient aux int\u00e9rieurs modernes. Le tabouret de bar est en ch\u00eane certifi\u00e9 FSC. Placez-le autour d&#8217;un \u00eelot central de cuisine ou autour d\u2019une table haute.<\/p>\n","protected":false},"featured_media":1105749,"template":"","meta":{"_acf_changed":false,"inline_featured_image":false},"product_brand":[],"product_cat":[6322,2843,4195,5026,5030],"product_tag":[],"class_list":{"0":"post-19053","1":"product","2":"type-product","3":"status-publish","4":"has-post-thumbnail","6":"product_cat-fsc-fr","7":"product_cat-assises-fr","8":"product_cat-tabourets-de-bar-fr","9":"product_cat-bestsellers-fr","10":"product_cat-de-nouveau-en-stock-fr","11":"product_shipping_class-pk","13":"pa_color-naturel-2","14":"pa_material-mdf-fr","15":"pa_material-bois-de-chne-2","16":"pa_material-placage-de-chne-2","18":"first","19":"instock","20":"featured","21":"taxable","22":"shipping-taxable","23":"purchasable","24":"product-type-simple"},"exclude_global_add_ons":[],"addons":[],"acf":[],"yoast_head":"<!-- This site is optimized with the Yoast SEO plugin v26.4 - https:\/\/yoast.com\/wordpress\/plugins\/seo\/ -->\n<title>Acorn Tabouret de bar Naturel - H\u00fcbsch<\/title>\n<meta name=\"description\" content=\"Ce tabouret de bar poss\u00e8de un look minimaliste et convient aux int\u00e9rieurs modernes. Le tabouret de bar est en ch\u00eane certifi\u00e9 FSC. Placez-le autour d&#039;un\" \/>\n<meta name=\"robots\" content=\"index, follow, max-snippet:-1, max-image-preview:large, max-video-preview:-1\" \/>\n<link rel=\"canonical\" href=\"https:\/\/hubsch-interior.com\/fr\/wp-json\/wp\/v2\/product\/19053\" \/>\n<meta property=\"og:locale\" content=\"fr_FR\" \/>\n<meta property=\"og:type\" content=\"article\" \/>\n<meta property=\"og:title\" content=\"Acorn Tabouret de bar Naturel - H\u00fcbsch\" \/>\n<meta property=\"og:description\" content=\"Ce tabouret de bar poss\u00e8de un look minimaliste et convient aux int\u00e9rieurs modernes. Le tabouret de bar est en ch\u00eane certifi\u00e9 FSC. Placez-le autour d&#039;un\" \/>\n<meta property=\"og:url\" content=\"https:\/\/hubsch-interior.com\/fr\/produit\/acorn-tabouret-de-bar-naturel\/\" \/>\n<meta property=\"og:site_name\" content=\"H\u00fcbsch\" \/>\n<meta property=\"article:modified_time\" content=\"2026-04-09T02:59:24+00:00\" \/>\n<meta property=\"og:image\" content=\"https:\/\/hubsch-interior.com\/wp-content\/uploads\/2023\/08\/acorn-bar-stool-natural-6b0bfe418497863c52eaf53c1f01f079.jpg\" \/>\n\t<meta property=\"og:image:width\" content=\"1200\" \/>\n\t<meta property=\"og:image:height\" content=\"1200\" \/>\n\t<meta property=\"og:image:type\" content=\"image\/jpeg\" \/>\n<meta name=\"twitter:card\" content=\"summary_large_image\" \/>\n<script type=\"application\/ld+json\" class=\"yoast-schema-graph\">{\"@context\":\"https:\/\/schema.org\",\"@graph\":[{\"@type\":\"WebPage\",\"@id\":\"https:\/\/hubsch-interior.com\/fr\/produit\/acorn-tabouret-de-bar-naturel\/\",\"url\":\"https:\/\/hubsch-interior.com\/fr\/produit\/acorn-tabouret-de-bar-naturel\/\",\"name\":\"Acorn Tabouret de bar Naturel - H\u00fcbsch\",\"isPartOf\":{\"@id\":\"https:\/\/hubsch-interior.com\/fr\/#website\"},\"primaryImageOfPage\":{\"@id\":\"https:\/\/hubsch-interior.com\/fr\/produit\/acorn-tabouret-de-bar-naturel\/#primaryimage\"},\"image\":{\"@id\":\"https:\/\/hubsch-interior.com\/fr\/produit\/acorn-tabouret-de-bar-naturel\/#primaryimage\"},\"thumbnailUrl\":\"https:\/\/hubsch-interior.com\/wp-content\/uploads\/2026\/02\/acorn-bar-stool-natural-60bccf3eccda56c8fa633f5931dea017.jpg\",\"datePublished\":\"2020-09-09T21:28:32+00:00\",\"dateModified\":\"2026-04-09T02:59:24+00:00\",\"description\":\"Ce tabouret de bar poss\u00e8de un look minimaliste et convient aux int\u00e9rieurs modernes. Le tabouret de bar est en ch\u00eane certifi\u00e9 FSC. Placez-le autour d'un\",\"breadcrumb\":{\"@id\":\"https:\/\/hubsch-interior.com\/fr\/produit\/acorn-tabouret-de-bar-naturel\/#breadcrumb\"},\"inLanguage\":\"fr-FR\",\"potentialAction\":[{\"@type\":\"ReadAction\",\"target\":[\"https:\/\/hubsch-interior.com\/fr\/produit\/acorn-tabouret-de-bar-naturel\/\"]}]},{\"@type\":\"ImageObject\",\"inLanguage\":\"fr-FR\",\"@id\":\"https:\/\/hubsch-interior.com\/fr\/produit\/acorn-tabouret-de-bar-naturel\/#primaryimage\",\"url\":\"https:\/\/hubsch-interior.com\/wp-content\/uploads\/2026\/02\/acorn-bar-stool-natural-60bccf3eccda56c8fa633f5931dea017.jpg\",\"contentUrl\":\"https:\/\/hubsch-interior.com\/wp-content\/uploads\/2026\/02\/acorn-bar-stool-natural-60bccf3eccda56c8fa633f5931dea017.jpg\",\"width\":1024,\"height\":1024},{\"@type\":\"BreadcrumbList\",\"@id\":\"https:\/\/hubsch-interior.com\/fr\/produit\/acorn-tabouret-de-bar-naturel\/#breadcrumb\",\"itemListElement\":[{\"@type\":\"ListItem\",\"position\":1,\"name\":\"Page d'accueil\",\"item\":\"https:\/\/hubsch-interior.com\/fr\/\"},{\"@type\":\"ListItem\",\"position\":2,\"name\":\"Produits\",\"item\":\"https:\/\/hubsch-interior.com\/fr\/shop-2\/\"},{\"@type\":\"ListItem\",\"position\":3,\"name\":\"Meubles\",\"item\":\"https:\/\/hubsch-interior.com\/fr\/categorie-produit\/meubles\/\"},{\"@type\":\"ListItem\",\"position\":4,\"name\":\"Assises\",\"item\":\"https:\/\/hubsch-interior.com\/fr\/categorie-produit\/meubles\/assises-fr\/\"},{\"@type\":\"ListItem\",\"position\":5,\"name\":\"Tabourets de bar\",\"item\":\"https:\/\/hubsch-interior.com\/fr\/categorie-produit\/meubles\/assises-fr\/tabourets-de-bar-fr\/\"},{\"@type\":\"ListItem\",\"position\":6,\"name\":\"Acorn Tabouret de bar Naturel\"}]},{\"@type\":\"WebSite\",\"@id\":\"https:\/\/hubsch-interior.com\/fr\/#website\",\"url\":\"https:\/\/hubsch-interior.com\/fr\/\",\"name\":\"H\u00fcbsch\",\"description\":\"Danish Home Interior and Design\",\"publisher\":{\"@id\":\"https:\/\/hubsch-interior.com\/fr\/#organization\"},\"potentialAction\":[{\"@type\":\"SearchAction\",\"target\":{\"@type\":\"EntryPoint\",\"urlTemplate\":\"https:\/\/hubsch-interior.com\/fr\/?s={search_term_string}\"},\"query-input\":{\"@type\":\"PropertyValueSpecification\",\"valueRequired\":true,\"valueName\":\"search_term_string\"}}],\"inLanguage\":\"fr-FR\"},{\"@type\":\"Organization\",\"@id\":\"https:\/\/hubsch-interior.com\/fr\/#organization\",\"name\":\"H\u00fcbsch\",\"url\":\"https:\/\/hubsch-interior.com\/fr\/\",\"logo\":{\"@type\":\"ImageObject\",\"inLanguage\":\"fr-FR\",\"@id\":\"https:\/\/hubsch-interior.com\/fr\/#\/schema\/logo\/image\/\",\"url\":\"https:\/\/hubsch-interior.com\/wp-content\/uploads\/2022\/12\/Hubsch_logo_black_one_line.svg\",\"contentUrl\":\"https:\/\/hubsch-interior.com\/wp-content\/uploads\/2022\/12\/Hubsch_logo_black_one_line.svg\",\"caption\":\"H\u00fcbsch\"},\"image\":{\"@id\":\"https:\/\/hubsch-interior.com\/fr\/#\/schema\/logo\/image\/\"}}]}<\/script>\n<!-- \/ Yoast SEO plugin. -->","yoast_head_json":{"title":"Acorn Tabouret de bar Naturel - H\u00fcbsch","description":"Ce tabouret de bar poss\u00e8de un look minimaliste et convient aux int\u00e9rieurs modernes. Le tabouret de bar est en ch\u00eane certifi\u00e9 FSC. Placez-le autour d'un","robots":{"index":"index","follow":"follow","max-snippet":"max-snippet:-1","max-image-preview":"max-image-preview:large","max-video-preview":"max-video-preview:-1"},"canonical":"https:\/\/hubsch-interior.com\/fr\/wp-json\/wp\/v2\/product\/19053","og_locale":"fr_FR","og_type":"article","og_title":"Acorn Tabouret de bar Naturel - H\u00fcbsch","og_description":"Ce tabouret de bar poss\u00e8de un look minimaliste et convient aux int\u00e9rieurs modernes. Le tabouret de bar est en ch\u00eane certifi\u00e9 FSC. Placez-le autour d'un","og_url":"https:\/\/hubsch-interior.com\/fr\/produit\/acorn-tabouret-de-bar-naturel\/","og_site_name":"H\u00fcbsch","article_modified_time":"2026-04-09T02:59:24+00:00","og_image":[{"width":1200,"height":1200,"url":"https:\/\/hubsch-interior.com\/wp-content\/uploads\/2023\/08\/acorn-bar-stool-natural-6b0bfe418497863c52eaf53c1f01f079.jpg","type":"image\/jpeg"}],"twitter_card":"summary_large_image","schema":{"@context":"https:\/\/schema.org","@graph":[{"@type":"WebPage","@id":"https:\/\/hubsch-interior.com\/fr\/produit\/acorn-tabouret-de-bar-naturel\/","url":"https:\/\/hubsch-interior.com\/fr\/produit\/acorn-tabouret-de-bar-naturel\/","name":"Acorn Tabouret de bar Naturel - H\u00fcbsch","isPartOf":{"@id":"https:\/\/hubsch-interior.com\/fr\/#website"},"primaryImageOfPage":{"@id":"https:\/\/hubsch-interior.com\/fr\/produit\/acorn-tabouret-de-bar-naturel\/#primaryimage"},"image":{"@id":"https:\/\/hubsch-interior.com\/fr\/produit\/acorn-tabouret-de-bar-naturel\/#primaryimage"},"thumbnailUrl":"https:\/\/hubsch-interior.com\/wp-content\/uploads\/2026\/02\/acorn-bar-stool-natural-60bccf3eccda56c8fa633f5931dea017.jpg","datePublished":"2020-09-09T21:28:32+00:00","dateModified":"2026-04-09T02:59:24+00:00","description":"Ce tabouret de bar poss\u00e8de un look minimaliste et convient aux int\u00e9rieurs modernes. Le tabouret de bar est en ch\u00eane certifi\u00e9 FSC. Placez-le autour d'un","breadcrumb":{"@id":"https:\/\/hubsch-interior.com\/fr\/produit\/acorn-tabouret-de-bar-naturel\/#breadcrumb"},"inLanguage":"fr-FR","potentialAction":[{"@type":"ReadAction","target":["https:\/\/hubsch-interior.com\/fr\/produit\/acorn-tabouret-de-bar-naturel\/"]}]},{"@type":"ImageObject","inLanguage":"fr-FR","@id":"https:\/\/hubsch-interior.com\/fr\/produit\/acorn-tabouret-de-bar-naturel\/#primaryimage","url":"https:\/\/hubsch-interior.com\/wp-content\/uploads\/2026\/02\/acorn-bar-stool-natural-60bccf3eccda56c8fa633f5931dea017.jpg","contentUrl":"https:\/\/hubsch-interior.com\/wp-content\/uploads\/2026\/02\/acorn-bar-stool-natural-60bccf3eccda56c8fa633f5931dea017.jpg","width":1024,"height":1024},{"@type":"BreadcrumbList","@id":"https:\/\/hubsch-interior.com\/fr\/produit\/acorn-tabouret-de-bar-naturel\/#breadcrumb","itemListElement":[{"@type":"ListItem","position":1,"name":"Page d'accueil","item":"https:\/\/hubsch-interior.com\/fr\/"},{"@type":"ListItem","position":2,"name":"Produits","item":"https:\/\/hubsch-interior.com\/fr\/shop-2\/"},{"@type":"ListItem","position":3,"name":"Meubles","item":"https:\/\/hubsch-interior.com\/fr\/categorie-produit\/meubles\/"},{"@type":"ListItem","position":4,"name":"Assises","item":"https:\/\/hubsch-interior.com\/fr\/categorie-produit\/meubles\/assises-fr\/"},{"@type":"ListItem","position":5,"name":"Tabourets de bar","item":"https:\/\/hubsch-interior.com\/fr\/categorie-produit\/meubles\/assises-fr\/tabourets-de-bar-fr\/"},{"@type":"ListItem","position":6,"name":"Acorn Tabouret de bar Naturel"}]},{"@type":"WebSite","@id":"https:\/\/hubsch-interior.com\/fr\/#website","url":"https:\/\/hubsch-interior.com\/fr\/","name":"H\u00fcbsch","description":"Danish Home Interior and Design","publisher":{"@id":"https:\/\/hubsch-interior.com\/fr\/#organization"},"potentialAction":[{"@type":"SearchAction","target":{"@type":"EntryPoint","urlTemplate":"https:\/\/hubsch-interior.com\/fr\/?s={search_term_string}"},"query-input":{"@type":"PropertyValueSpecification","valueRequired":true,"valueName":"search_term_string"}}],"inLanguage":"fr-FR"},{"@type":"Organization","@id":"https:\/\/hubsch-interior.com\/fr\/#organization","name":"H\u00fcbsch","url":"https:\/\/hubsch-interior.com\/fr\/","logo":{"@type":"ImageObject","inLanguage":"fr-FR","@id":"https:\/\/hubsch-interior.com\/fr\/#\/schema\/logo\/image\/","url":"https:\/\/hubsch-interior.com\/wp-content\/uploads\/2022\/12\/Hubsch_logo_black_one_line.svg","contentUrl":"https:\/\/hubsch-interior.com\/wp-content\/uploads\/2022\/12\/Hubsch_logo_black_one_line.svg","caption":"H\u00fcbsch"},"image":{"@id":"https:\/\/hubsch-interior.com\/fr\/#\/schema\/logo\/image\/"}}]}},"_links":{"self":[{"href":"https:\/\/hubsch-interior.com\/fr\/wp-json\/wp\/v2\/product\/19053","targetHints":{"allow":["GET"]}}],"collection":[{"href":"https:\/\/hubsch-interior.com\/fr\/wp-json\/wp\/v2\/product"}],"about":[{"href":"https:\/\/hubsch-interior.com\/fr\/wp-json\/wp\/v2\/types\/product"}],"wp:featuredmedia":[{"embeddable":true,"href":"https:\/\/hubsch-interior.com\/fr\/wp-json\/wp\/v2\/media\/1105749"}],"wp:attachment":[{"href":"https:\/\/hubsch-interior.com\/fr\/wp-json\/wp\/v2\/media?parent=19053"}],"wp:term":[{"taxonomy":"product_brand","embeddable":true,"href":"https:\/\/hubsch-interior.com\/fr\/wp-json\/wp\/v2\/product_brand?post=19053"},{"taxonomy":"product_cat","embeddable":true,"href":"https:\/\/hubsch-interior.com\/fr\/wp-json\/wp\/v2\/product_cat?post=19053"},{"taxonomy":"product_tag","embeddable":true,"href":"https:\/\/hubsch-interior.com\/fr\/wp-json\/wp\/v2\/product_tag?post=19053"}],"curies":[{"name":"wp","href":"https:\/\/api.w.org\/{rel}","templated":true}]}}