{"id":19069,"date":"2020-09-09T23:28:34","date_gmt":"2020-09-09T21:28:34","guid":{"rendered":"https:\/\/hubsch-interior.com\/vare\/product\/"},"modified":"2026-04-09T04:59:28","modified_gmt":"2026-04-09T02:59:28","slug":"glimpse-miroir-mural-medium-naturel","status":"publish","type":"product","link":"https:\/\/hubsch-interior.com\/fr\/produit\/glimpse-miroir-mural-medium-naturel\/","title":{"rendered":"Glimpse Miroir mural Medium Naturel"},"content":{"rendered":"<p>Ce miroir mural minimaliste est en ch\u00eane certifi\u00e9 FSC, ce qui cr\u00e9e une atmosph\u00e8re chaleureuse et naturelle dans n\u2019importe quelle pi\u00e8ce. Vous pouvez le placer dans le couloir, la chambre ou dans une autre pi\u00e8ce de votre maison.<\/p>\n","protected":false},"excerpt":{"rendered":"<p>Ce miroir mural minimaliste est en ch\u00eane certifi\u00e9 FSC, ce qui cr\u00e9e une atmosph\u00e8re chaleureuse et naturelle dans n\u2019importe quelle pi\u00e8ce. Vous pouvez le placer dans le couloir, la chambre ou dans une autre pi\u00e8ce de votre maison.<\/p>\n","protected":false},"featured_media":1105765,"template":"","meta":{"_acf_changed":false,"inline_featured_image":false},"product_brand":[],"product_cat":[6322,2923,2924,5026,5030],"product_tag":[],"class_list":{"0":"post-19069","1":"product","2":"type-product","3":"status-publish","4":"has-post-thumbnail","6":"product_cat-fsc-fr","7":"product_cat-miroirs-fr","8":"product_cat-miroirs-muraux-fr","9":"product_cat-bestsellers-fr","10":"product_cat-de-nouveau-en-stock-fr","11":"product_shipping_class-pk","13":"pa_color-naturel-2","14":"pa_material-verre","15":"pa_material-bois-de-chne-2","17":"first","18":"instock","19":"featured","20":"taxable","21":"shipping-taxable","22":"purchasable","23":"product-type-simple"},"exclude_global_add_ons":[],"addons":[],"acf":[],"yoast_head":"<!-- This site is optimized with the Yoast SEO plugin v26.4 - https:\/\/yoast.com\/wordpress\/plugins\/seo\/ -->\n<title>Glimpse Miroir mural Medium Naturel - H\u00fcbsch<\/title>\n<meta name=\"description\" content=\"Ce miroir mural minimaliste est en ch\u00eane certifi\u00e9 FSC, ce qui cr\u00e9e une atmosph\u00e8re chaleureuse et naturelle dans n\u2019importe quelle pi\u00e8ce. Vous pouvez le\" \/>\n<meta name=\"robots\" content=\"index, follow, max-snippet:-1, max-image-preview:large, max-video-preview:-1\" \/>\n<link rel=\"canonical\" href=\"https:\/\/hubsch-interior.com\/fr\/wp-json\/wp\/v2\/product\/19069\" \/>\n<meta property=\"og:locale\" content=\"fr_FR\" \/>\n<meta property=\"og:type\" content=\"article\" \/>\n<meta property=\"og:title\" content=\"Glimpse Miroir mural Medium Naturel - H\u00fcbsch\" \/>\n<meta property=\"og:description\" content=\"Ce miroir mural minimaliste est en ch\u00eane certifi\u00e9 FSC, ce qui cr\u00e9e une atmosph\u00e8re chaleureuse et naturelle dans n\u2019importe quelle pi\u00e8ce. Vous pouvez le\" \/>\n<meta property=\"og:url\" content=\"https:\/\/hubsch-interior.com\/fr\/produit\/glimpse-miroir-mural-medium-naturel\/\" \/>\n<meta property=\"og:site_name\" content=\"H\u00fcbsch\" \/>\n<meta property=\"article:modified_time\" content=\"2026-04-09T02:59:28+00:00\" \/>\n<meta property=\"og:image\" content=\"https:\/\/hubsch-interior.com\/wp-content\/uploads\/2024\/04\/glimpse-wall-mirror-medium-natural-0b43cd3f6d048a6f79b69670bd437c18.jpg\" \/>\n\t<meta property=\"og:image:width\" content=\"1200\" \/>\n\t<meta property=\"og:image:height\" content=\"1200\" \/>\n\t<meta property=\"og:image:type\" content=\"image\/jpeg\" \/>\n<meta name=\"twitter:card\" content=\"summary_large_image\" \/>\n<script type=\"application\/ld+json\" class=\"yoast-schema-graph\">{\"@context\":\"https:\/\/schema.org\",\"@graph\":[{\"@type\":\"WebPage\",\"@id\":\"https:\/\/hubsch-interior.com\/fr\/produit\/glimpse-miroir-mural-medium-naturel\/\",\"url\":\"https:\/\/hubsch-interior.com\/fr\/produit\/glimpse-miroir-mural-medium-naturel\/\",\"name\":\"Glimpse Miroir mural Medium Naturel - H\u00fcbsch\",\"isPartOf\":{\"@id\":\"https:\/\/hubsch-interior.com\/fr\/#website\"},\"primaryImageOfPage\":{\"@id\":\"https:\/\/hubsch-interior.com\/fr\/produit\/glimpse-miroir-mural-medium-naturel\/#primaryimage\"},\"image\":{\"@id\":\"https:\/\/hubsch-interior.com\/fr\/produit\/glimpse-miroir-mural-medium-naturel\/#primaryimage\"},\"thumbnailUrl\":\"https:\/\/hubsch-interior.com\/wp-content\/uploads\/2026\/02\/glimpse-wall-mirror-medium-natural-9781ad38e00babcf26213fde129fd52a.jpg\",\"datePublished\":\"2020-09-09T21:28:34+00:00\",\"dateModified\":\"2026-04-09T02:59:28+00:00\",\"description\":\"Ce miroir mural minimaliste est en ch\u00eane certifi\u00e9 FSC, ce qui cr\u00e9e une atmosph\u00e8re chaleureuse et naturelle dans n\u2019importe quelle pi\u00e8ce. Vous pouvez le\",\"breadcrumb\":{\"@id\":\"https:\/\/hubsch-interior.com\/fr\/produit\/glimpse-miroir-mural-medium-naturel\/#breadcrumb\"},\"inLanguage\":\"fr-FR\",\"potentialAction\":[{\"@type\":\"ReadAction\",\"target\":[\"https:\/\/hubsch-interior.com\/fr\/produit\/glimpse-miroir-mural-medium-naturel\/\"]}]},{\"@type\":\"ImageObject\",\"inLanguage\":\"fr-FR\",\"@id\":\"https:\/\/hubsch-interior.com\/fr\/produit\/glimpse-miroir-mural-medium-naturel\/#primaryimage\",\"url\":\"https:\/\/hubsch-interior.com\/wp-content\/uploads\/2026\/02\/glimpse-wall-mirror-medium-natural-9781ad38e00babcf26213fde129fd52a.jpg\",\"contentUrl\":\"https:\/\/hubsch-interior.com\/wp-content\/uploads\/2026\/02\/glimpse-wall-mirror-medium-natural-9781ad38e00babcf26213fde129fd52a.jpg\",\"width\":1024,\"height\":1024},{\"@type\":\"BreadcrumbList\",\"@id\":\"https:\/\/hubsch-interior.com\/fr\/produit\/glimpse-miroir-mural-medium-naturel\/#breadcrumb\",\"itemListElement\":[{\"@type\":\"ListItem\",\"position\":1,\"name\":\"Page d'accueil\",\"item\":\"https:\/\/hubsch-interior.com\/fr\/\"},{\"@type\":\"ListItem\",\"position\":2,\"name\":\"Produits\",\"item\":\"https:\/\/hubsch-interior.com\/fr\/shop-2\/\"},{\"@type\":\"ListItem\",\"position\":3,\"name\":\"Accessoires maison\",\"item\":\"https:\/\/hubsch-interior.com\/fr\/categorie-produit\/accessoires-maison\/\"},{\"@type\":\"ListItem\",\"position\":4,\"name\":\"Miroirs\",\"item\":\"https:\/\/hubsch-interior.com\/fr\/categorie-produit\/accessoires-maison\/miroirs-fr\/\"},{\"@type\":\"ListItem\",\"position\":5,\"name\":\"Miroirs muraux\",\"item\":\"https:\/\/hubsch-interior.com\/fr\/categorie-produit\/accessoires-maison\/miroirs-fr\/miroirs-muraux-fr\/\"},{\"@type\":\"ListItem\",\"position\":6,\"name\":\"Glimpse Miroir mural Medium Naturel\"}]},{\"@type\":\"WebSite\",\"@id\":\"https:\/\/hubsch-interior.com\/fr\/#website\",\"url\":\"https:\/\/hubsch-interior.com\/fr\/\",\"name\":\"H\u00fcbsch\",\"description\":\"Danish Home Interior and Design\",\"publisher\":{\"@id\":\"https:\/\/hubsch-interior.com\/fr\/#organization\"},\"potentialAction\":[{\"@type\":\"SearchAction\",\"target\":{\"@type\":\"EntryPoint\",\"urlTemplate\":\"https:\/\/hubsch-interior.com\/fr\/?s={search_term_string}\"},\"query-input\":{\"@type\":\"PropertyValueSpecification\",\"valueRequired\":true,\"valueName\":\"search_term_string\"}}],\"inLanguage\":\"fr-FR\"},{\"@type\":\"Organization\",\"@id\":\"https:\/\/hubsch-interior.com\/fr\/#organization\",\"name\":\"H\u00fcbsch\",\"url\":\"https:\/\/hubsch-interior.com\/fr\/\",\"logo\":{\"@type\":\"ImageObject\",\"inLanguage\":\"fr-FR\",\"@id\":\"https:\/\/hubsch-interior.com\/fr\/#\/schema\/logo\/image\/\",\"url\":\"https:\/\/hubsch-interior.com\/wp-content\/uploads\/2022\/12\/Hubsch_logo_black_one_line.svg\",\"contentUrl\":\"https:\/\/hubsch-interior.com\/wp-content\/uploads\/2022\/12\/Hubsch_logo_black_one_line.svg\",\"caption\":\"H\u00fcbsch\"},\"image\":{\"@id\":\"https:\/\/hubsch-interior.com\/fr\/#\/schema\/logo\/image\/\"}}]}<\/script>\n<!-- \/ Yoast SEO plugin. -->","yoast_head_json":{"title":"Glimpse Miroir mural Medium Naturel - H\u00fcbsch","description":"Ce miroir mural minimaliste est en ch\u00eane certifi\u00e9 FSC, ce qui cr\u00e9e une atmosph\u00e8re chaleureuse et naturelle dans n\u2019importe quelle pi\u00e8ce. Vous pouvez le","robots":{"index":"index","follow":"follow","max-snippet":"max-snippet:-1","max-image-preview":"max-image-preview:large","max-video-preview":"max-video-preview:-1"},"canonical":"https:\/\/hubsch-interior.com\/fr\/wp-json\/wp\/v2\/product\/19069","og_locale":"fr_FR","og_type":"article","og_title":"Glimpse Miroir mural Medium Naturel - H\u00fcbsch","og_description":"Ce miroir mural minimaliste est en ch\u00eane certifi\u00e9 FSC, ce qui cr\u00e9e une atmosph\u00e8re chaleureuse et naturelle dans n\u2019importe quelle pi\u00e8ce. Vous pouvez le","og_url":"https:\/\/hubsch-interior.com\/fr\/produit\/glimpse-miroir-mural-medium-naturel\/","og_site_name":"H\u00fcbsch","article_modified_time":"2026-04-09T02:59:28+00:00","og_image":[{"width":1200,"height":1200,"url":"https:\/\/hubsch-interior.com\/wp-content\/uploads\/2024\/04\/glimpse-wall-mirror-medium-natural-0b43cd3f6d048a6f79b69670bd437c18.jpg","type":"image\/jpeg"}],"twitter_card":"summary_large_image","schema":{"@context":"https:\/\/schema.org","@graph":[{"@type":"WebPage","@id":"https:\/\/hubsch-interior.com\/fr\/produit\/glimpse-miroir-mural-medium-naturel\/","url":"https:\/\/hubsch-interior.com\/fr\/produit\/glimpse-miroir-mural-medium-naturel\/","name":"Glimpse Miroir mural Medium Naturel - H\u00fcbsch","isPartOf":{"@id":"https:\/\/hubsch-interior.com\/fr\/#website"},"primaryImageOfPage":{"@id":"https:\/\/hubsch-interior.com\/fr\/produit\/glimpse-miroir-mural-medium-naturel\/#primaryimage"},"image":{"@id":"https:\/\/hubsch-interior.com\/fr\/produit\/glimpse-miroir-mural-medium-naturel\/#primaryimage"},"thumbnailUrl":"https:\/\/hubsch-interior.com\/wp-content\/uploads\/2026\/02\/glimpse-wall-mirror-medium-natural-9781ad38e00babcf26213fde129fd52a.jpg","datePublished":"2020-09-09T21:28:34+00:00","dateModified":"2026-04-09T02:59:28+00:00","description":"Ce miroir mural minimaliste est en ch\u00eane certifi\u00e9 FSC, ce qui cr\u00e9e une atmosph\u00e8re chaleureuse et naturelle dans n\u2019importe quelle pi\u00e8ce. Vous pouvez le","breadcrumb":{"@id":"https:\/\/hubsch-interior.com\/fr\/produit\/glimpse-miroir-mural-medium-naturel\/#breadcrumb"},"inLanguage":"fr-FR","potentialAction":[{"@type":"ReadAction","target":["https:\/\/hubsch-interior.com\/fr\/produit\/glimpse-miroir-mural-medium-naturel\/"]}]},{"@type":"ImageObject","inLanguage":"fr-FR","@id":"https:\/\/hubsch-interior.com\/fr\/produit\/glimpse-miroir-mural-medium-naturel\/#primaryimage","url":"https:\/\/hubsch-interior.com\/wp-content\/uploads\/2026\/02\/glimpse-wall-mirror-medium-natural-9781ad38e00babcf26213fde129fd52a.jpg","contentUrl":"https:\/\/hubsch-interior.com\/wp-content\/uploads\/2026\/02\/glimpse-wall-mirror-medium-natural-9781ad38e00babcf26213fde129fd52a.jpg","width":1024,"height":1024},{"@type":"BreadcrumbList","@id":"https:\/\/hubsch-interior.com\/fr\/produit\/glimpse-miroir-mural-medium-naturel\/#breadcrumb","itemListElement":[{"@type":"ListItem","position":1,"name":"Page d'accueil","item":"https:\/\/hubsch-interior.com\/fr\/"},{"@type":"ListItem","position":2,"name":"Produits","item":"https:\/\/hubsch-interior.com\/fr\/shop-2\/"},{"@type":"ListItem","position":3,"name":"Accessoires maison","item":"https:\/\/hubsch-interior.com\/fr\/categorie-produit\/accessoires-maison\/"},{"@type":"ListItem","position":4,"name":"Miroirs","item":"https:\/\/hubsch-interior.com\/fr\/categorie-produit\/accessoires-maison\/miroirs-fr\/"},{"@type":"ListItem","position":5,"name":"Miroirs muraux","item":"https:\/\/hubsch-interior.com\/fr\/categorie-produit\/accessoires-maison\/miroirs-fr\/miroirs-muraux-fr\/"},{"@type":"ListItem","position":6,"name":"Glimpse Miroir mural Medium Naturel"}]},{"@type":"WebSite","@id":"https:\/\/hubsch-interior.com\/fr\/#website","url":"https:\/\/hubsch-interior.com\/fr\/","name":"H\u00fcbsch","description":"Danish Home Interior and Design","publisher":{"@id":"https:\/\/hubsch-interior.com\/fr\/#organization"},"potentialAction":[{"@type":"SearchAction","target":{"@type":"EntryPoint","urlTemplate":"https:\/\/hubsch-interior.com\/fr\/?s={search_term_string}"},"query-input":{"@type":"PropertyValueSpecification","valueRequired":true,"valueName":"search_term_string"}}],"inLanguage":"fr-FR"},{"@type":"Organization","@id":"https:\/\/hubsch-interior.com\/fr\/#organization","name":"H\u00fcbsch","url":"https:\/\/hubsch-interior.com\/fr\/","logo":{"@type":"ImageObject","inLanguage":"fr-FR","@id":"https:\/\/hubsch-interior.com\/fr\/#\/schema\/logo\/image\/","url":"https:\/\/hubsch-interior.com\/wp-content\/uploads\/2022\/12\/Hubsch_logo_black_one_line.svg","contentUrl":"https:\/\/hubsch-interior.com\/wp-content\/uploads\/2022\/12\/Hubsch_logo_black_one_line.svg","caption":"H\u00fcbsch"},"image":{"@id":"https:\/\/hubsch-interior.com\/fr\/#\/schema\/logo\/image\/"}}]}},"_links":{"self":[{"href":"https:\/\/hubsch-interior.com\/fr\/wp-json\/wp\/v2\/product\/19069","targetHints":{"allow":["GET"]}}],"collection":[{"href":"https:\/\/hubsch-interior.com\/fr\/wp-json\/wp\/v2\/product"}],"about":[{"href":"https:\/\/hubsch-interior.com\/fr\/wp-json\/wp\/v2\/types\/product"}],"wp:featuredmedia":[{"embeddable":true,"href":"https:\/\/hubsch-interior.com\/fr\/wp-json\/wp\/v2\/media\/1105765"}],"wp:attachment":[{"href":"https:\/\/hubsch-interior.com\/fr\/wp-json\/wp\/v2\/media?parent=19069"}],"wp:term":[{"taxonomy":"product_brand","embeddable":true,"href":"https:\/\/hubsch-interior.com\/fr\/wp-json\/wp\/v2\/product_brand?post=19069"},{"taxonomy":"product_cat","embeddable":true,"href":"https:\/\/hubsch-interior.com\/fr\/wp-json\/wp\/v2\/product_cat?post=19069"},{"taxonomy":"product_tag","embeddable":true,"href":"https:\/\/hubsch-interior.com\/fr\/wp-json\/wp\/v2\/product_tag?post=19069"}],"curies":[{"name":"wp","href":"https:\/\/api.w.org\/{rel}","templated":true}]}}