{"id":19101,"date":"2020-09-09T23:28:37","date_gmt":"2020-09-09T21:28:37","guid":{"rendered":"https:\/\/hubsch-interior.com\/vare\/product\/"},"modified":"2026-04-05T05:03:04","modified_gmt":"2026-04-05T03:03:04","slug":"folk-porte-manteaux-naturel-2","status":"publish","type":"product","link":"https:\/\/hubsch-interior.com\/fr\/produit\/folk-porte-manteaux-naturel-2\/","title":{"rendered":"Folk Porte-manteaux Naturel"},"content":{"rendered":"<p>Le porte-manteau est fabriqu\u00e9 en ch\u00eane de couleur naturelle certifi\u00e9 FSC. Il poss\u00e8de 10 crochets sur lesquels vous pouvez accrocher des serviettes, des manteaux ou des cintres. Le porte-manteau peut \u00eatre plac\u00e9 dans la salle de bain ou dans le couloir. L&#8217;\u00e9clat du ch\u00eane est un bon \u00e9l\u00e9ment pour des maisons modernes et classiques.<\/p>\n","protected":false},"excerpt":{"rendered":"<p>Le porte-manteau est fabriqu\u00e9 en ch\u00eane de couleur naturelle certifi\u00e9 FSC. Il poss\u00e8de 10 crochets sur lesquels vous pouvez accrocher des serviettes, des manteaux ou des cintres. Le porte-manteau peut \u00eatre plac\u00e9 dans la salle de bain ou dans le couloir. L&#8217;\u00e9clat du ch\u00eane est un bon \u00e9l\u00e9ment pour des maisons modernes et classiques.<\/p>\n","protected":false},"featured_media":1105773,"template":"","meta":{"_acf_changed":false,"inline_featured_image":false},"product_brand":[],"product_cat":[4041,4042,5026],"product_tag":[],"class_list":{"0":"post-19101","1":"product","2":"type-product","3":"status-publish","4":"has-post-thumbnail","6":"product_cat-pateres-porte-manteaux-fr","7":"product_cat-porte-manteaux-fr","8":"product_cat-bestsellers-fr","9":"product_shipping_class-pk","11":"pa_color-naturel-2","12":"pa_material-bois-de-chne-2","14":"first","15":"outofstock","16":"featured","17":"taxable","18":"shipping-taxable","19":"purchasable","20":"product-type-simple"},"exclude_global_add_ons":[],"addons":[],"acf":[],"yoast_head":"<!-- This site is optimized with the Yoast SEO plugin v26.4 - https:\/\/yoast.com\/wordpress\/plugins\/seo\/ -->\n<title>Folk Porte-manteaux Naturel - H\u00fcbsch<\/title>\n<meta name=\"description\" content=\"Le porte-manteau est fabriqu\u00e9 en ch\u00eane de couleur naturelle certifi\u00e9 FSC. Il poss\u00e8de 10 crochets sur lesquels vous pouvez accrocher des serviettes, des\" \/>\n<meta name=\"robots\" content=\"index, follow, max-snippet:-1, max-image-preview:large, max-video-preview:-1\" \/>\n<link rel=\"canonical\" href=\"https:\/\/hubsch-interior.com\/fr\/wp-json\/wp\/v2\/product\/19101\" \/>\n<meta property=\"og:locale\" content=\"fr_FR\" \/>\n<meta property=\"og:type\" content=\"article\" \/>\n<meta property=\"og:title\" content=\"Folk Porte-manteaux Naturel - H\u00fcbsch\" \/>\n<meta property=\"og:description\" content=\"Le porte-manteau est fabriqu\u00e9 en ch\u00eane de couleur naturelle certifi\u00e9 FSC. Il poss\u00e8de 10 crochets sur lesquels vous pouvez accrocher des serviettes, des\" \/>\n<meta property=\"og:url\" content=\"https:\/\/hubsch-interior.com\/fr\/produit\/folk-porte-manteaux-naturel-2\/\" \/>\n<meta property=\"og:site_name\" content=\"H\u00fcbsch\" \/>\n<meta property=\"article:modified_time\" content=\"2026-04-05T03:03:04+00:00\" \/>\n<meta property=\"og:image\" content=\"https:\/\/hubsch-interior.com\/wp-content\/uploads\/2026\/02\/folk-coatrack-natural-3df0016dd390f723e6e0c00a674a5525.jpg\" \/>\n\t<meta property=\"og:image:width\" content=\"1024\" \/>\n\t<meta property=\"og:image:height\" content=\"1024\" \/>\n\t<meta property=\"og:image:type\" content=\"image\/jpeg\" \/>\n<meta name=\"twitter:card\" content=\"summary_large_image\" \/>\n<script type=\"application\/ld+json\" class=\"yoast-schema-graph\">{\"@context\":\"https:\/\/schema.org\",\"@graph\":[{\"@type\":\"WebPage\",\"@id\":\"https:\/\/hubsch-interior.com\/fr\/produit\/folk-porte-manteaux-naturel-2\/\",\"url\":\"https:\/\/hubsch-interior.com\/fr\/produit\/folk-porte-manteaux-naturel-2\/\",\"name\":\"Folk Porte-manteaux Naturel - H\u00fcbsch\",\"isPartOf\":{\"@id\":\"https:\/\/hubsch-interior.com\/fr\/#website\"},\"primaryImageOfPage\":{\"@id\":\"https:\/\/hubsch-interior.com\/fr\/produit\/folk-porte-manteaux-naturel-2\/#primaryimage\"},\"image\":{\"@id\":\"https:\/\/hubsch-interior.com\/fr\/produit\/folk-porte-manteaux-naturel-2\/#primaryimage\"},\"thumbnailUrl\":\"https:\/\/hubsch-interior.com\/wp-content\/uploads\/2026\/02\/folk-coatrack-natural-3df0016dd390f723e6e0c00a674a5525.jpg\",\"datePublished\":\"2020-09-09T21:28:37+00:00\",\"dateModified\":\"2026-04-05T03:03:04+00:00\",\"description\":\"Le porte-manteau est fabriqu\u00e9 en ch\u00eane de couleur naturelle certifi\u00e9 FSC. Il poss\u00e8de 10 crochets sur lesquels vous pouvez accrocher des serviettes, des\",\"breadcrumb\":{\"@id\":\"https:\/\/hubsch-interior.com\/fr\/produit\/folk-porte-manteaux-naturel-2\/#breadcrumb\"},\"inLanguage\":\"fr-FR\",\"potentialAction\":[{\"@type\":\"ReadAction\",\"target\":[\"https:\/\/hubsch-interior.com\/fr\/produit\/folk-porte-manteaux-naturel-2\/\"]}]},{\"@type\":\"ImageObject\",\"inLanguage\":\"fr-FR\",\"@id\":\"https:\/\/hubsch-interior.com\/fr\/produit\/folk-porte-manteaux-naturel-2\/#primaryimage\",\"url\":\"https:\/\/hubsch-interior.com\/wp-content\/uploads\/2026\/02\/folk-coatrack-natural-3df0016dd390f723e6e0c00a674a5525.jpg\",\"contentUrl\":\"https:\/\/hubsch-interior.com\/wp-content\/uploads\/2026\/02\/folk-coatrack-natural-3df0016dd390f723e6e0c00a674a5525.jpg\",\"width\":1024,\"height\":1024},{\"@type\":\"BreadcrumbList\",\"@id\":\"https:\/\/hubsch-interior.com\/fr\/produit\/folk-porte-manteaux-naturel-2\/#breadcrumb\",\"itemListElement\":[{\"@type\":\"ListItem\",\"position\":1,\"name\":\"Page d'accueil\",\"item\":\"https:\/\/hubsch-interior.com\/fr\/\"},{\"@type\":\"ListItem\",\"position\":2,\"name\":\"Produits\",\"item\":\"https:\/\/hubsch-interior.com\/fr\/shop-2\/\"},{\"@type\":\"ListItem\",\"position\":3,\"name\":\"Accessoires maison\",\"item\":\"https:\/\/hubsch-interior.com\/fr\/categorie-produit\/accessoires-maison\/\"},{\"@type\":\"ListItem\",\"position\":4,\"name\":\"Pat&egrave;res &amp; porte-manteaux\",\"item\":\"https:\/\/hubsch-interior.com\/fr\/categorie-produit\/accessoires-maison\/pateres-porte-manteaux-fr\/\"},{\"@type\":\"ListItem\",\"position\":5,\"name\":\"Porte-manteaux\",\"item\":\"https:\/\/hubsch-interior.com\/fr\/categorie-produit\/accessoires-maison\/pateres-porte-manteaux-fr\/porte-manteaux-fr\/\"},{\"@type\":\"ListItem\",\"position\":6,\"name\":\"Folk Porte-manteaux Naturel\"}]},{\"@type\":\"WebSite\",\"@id\":\"https:\/\/hubsch-interior.com\/fr\/#website\",\"url\":\"https:\/\/hubsch-interior.com\/fr\/\",\"name\":\"H\u00fcbsch\",\"description\":\"Danish Home Interior and Design\",\"publisher\":{\"@id\":\"https:\/\/hubsch-interior.com\/fr\/#organization\"},\"potentialAction\":[{\"@type\":\"SearchAction\",\"target\":{\"@type\":\"EntryPoint\",\"urlTemplate\":\"https:\/\/hubsch-interior.com\/fr\/?s={search_term_string}\"},\"query-input\":{\"@type\":\"PropertyValueSpecification\",\"valueRequired\":true,\"valueName\":\"search_term_string\"}}],\"inLanguage\":\"fr-FR\"},{\"@type\":\"Organization\",\"@id\":\"https:\/\/hubsch-interior.com\/fr\/#organization\",\"name\":\"H\u00fcbsch\",\"url\":\"https:\/\/hubsch-interior.com\/fr\/\",\"logo\":{\"@type\":\"ImageObject\",\"inLanguage\":\"fr-FR\",\"@id\":\"https:\/\/hubsch-interior.com\/fr\/#\/schema\/logo\/image\/\",\"url\":\"https:\/\/hubsch-interior.com\/wp-content\/uploads\/2022\/12\/Hubsch_logo_black_one_line.svg\",\"contentUrl\":\"https:\/\/hubsch-interior.com\/wp-content\/uploads\/2022\/12\/Hubsch_logo_black_one_line.svg\",\"caption\":\"H\u00fcbsch\"},\"image\":{\"@id\":\"https:\/\/hubsch-interior.com\/fr\/#\/schema\/logo\/image\/\"}}]}<\/script>\n<!-- \/ Yoast SEO plugin. -->","yoast_head_json":{"title":"Folk Porte-manteaux Naturel - H\u00fcbsch","description":"Le porte-manteau est fabriqu\u00e9 en ch\u00eane de couleur naturelle certifi\u00e9 FSC. Il poss\u00e8de 10 crochets sur lesquels vous pouvez accrocher des serviettes, des","robots":{"index":"index","follow":"follow","max-snippet":"max-snippet:-1","max-image-preview":"max-image-preview:large","max-video-preview":"max-video-preview:-1"},"canonical":"https:\/\/hubsch-interior.com\/fr\/wp-json\/wp\/v2\/product\/19101","og_locale":"fr_FR","og_type":"article","og_title":"Folk Porte-manteaux Naturel - H\u00fcbsch","og_description":"Le porte-manteau est fabriqu\u00e9 en ch\u00eane de couleur naturelle certifi\u00e9 FSC. Il poss\u00e8de 10 crochets sur lesquels vous pouvez accrocher des serviettes, des","og_url":"https:\/\/hubsch-interior.com\/fr\/produit\/folk-porte-manteaux-naturel-2\/","og_site_name":"H\u00fcbsch","article_modified_time":"2026-04-05T03:03:04+00:00","og_image":[{"width":1024,"height":1024,"url":"https:\/\/hubsch-interior.com\/wp-content\/uploads\/2026\/02\/folk-coatrack-natural-3df0016dd390f723e6e0c00a674a5525.jpg","type":"image\/jpeg"}],"twitter_card":"summary_large_image","schema":{"@context":"https:\/\/schema.org","@graph":[{"@type":"WebPage","@id":"https:\/\/hubsch-interior.com\/fr\/produit\/folk-porte-manteaux-naturel-2\/","url":"https:\/\/hubsch-interior.com\/fr\/produit\/folk-porte-manteaux-naturel-2\/","name":"Folk Porte-manteaux Naturel - H\u00fcbsch","isPartOf":{"@id":"https:\/\/hubsch-interior.com\/fr\/#website"},"primaryImageOfPage":{"@id":"https:\/\/hubsch-interior.com\/fr\/produit\/folk-porte-manteaux-naturel-2\/#primaryimage"},"image":{"@id":"https:\/\/hubsch-interior.com\/fr\/produit\/folk-porte-manteaux-naturel-2\/#primaryimage"},"thumbnailUrl":"https:\/\/hubsch-interior.com\/wp-content\/uploads\/2026\/02\/folk-coatrack-natural-3df0016dd390f723e6e0c00a674a5525.jpg","datePublished":"2020-09-09T21:28:37+00:00","dateModified":"2026-04-05T03:03:04+00:00","description":"Le porte-manteau est fabriqu\u00e9 en ch\u00eane de couleur naturelle certifi\u00e9 FSC. Il poss\u00e8de 10 crochets sur lesquels vous pouvez accrocher des serviettes, des","breadcrumb":{"@id":"https:\/\/hubsch-interior.com\/fr\/produit\/folk-porte-manteaux-naturel-2\/#breadcrumb"},"inLanguage":"fr-FR","potentialAction":[{"@type":"ReadAction","target":["https:\/\/hubsch-interior.com\/fr\/produit\/folk-porte-manteaux-naturel-2\/"]}]},{"@type":"ImageObject","inLanguage":"fr-FR","@id":"https:\/\/hubsch-interior.com\/fr\/produit\/folk-porte-manteaux-naturel-2\/#primaryimage","url":"https:\/\/hubsch-interior.com\/wp-content\/uploads\/2026\/02\/folk-coatrack-natural-3df0016dd390f723e6e0c00a674a5525.jpg","contentUrl":"https:\/\/hubsch-interior.com\/wp-content\/uploads\/2026\/02\/folk-coatrack-natural-3df0016dd390f723e6e0c00a674a5525.jpg","width":1024,"height":1024},{"@type":"BreadcrumbList","@id":"https:\/\/hubsch-interior.com\/fr\/produit\/folk-porte-manteaux-naturel-2\/#breadcrumb","itemListElement":[{"@type":"ListItem","position":1,"name":"Page d'accueil","item":"https:\/\/hubsch-interior.com\/fr\/"},{"@type":"ListItem","position":2,"name":"Produits","item":"https:\/\/hubsch-interior.com\/fr\/shop-2\/"},{"@type":"ListItem","position":3,"name":"Accessoires maison","item":"https:\/\/hubsch-interior.com\/fr\/categorie-produit\/accessoires-maison\/"},{"@type":"ListItem","position":4,"name":"Pat&egrave;res &amp; porte-manteaux","item":"https:\/\/hubsch-interior.com\/fr\/categorie-produit\/accessoires-maison\/pateres-porte-manteaux-fr\/"},{"@type":"ListItem","position":5,"name":"Porte-manteaux","item":"https:\/\/hubsch-interior.com\/fr\/categorie-produit\/accessoires-maison\/pateres-porte-manteaux-fr\/porte-manteaux-fr\/"},{"@type":"ListItem","position":6,"name":"Folk Porte-manteaux Naturel"}]},{"@type":"WebSite","@id":"https:\/\/hubsch-interior.com\/fr\/#website","url":"https:\/\/hubsch-interior.com\/fr\/","name":"H\u00fcbsch","description":"Danish Home Interior and Design","publisher":{"@id":"https:\/\/hubsch-interior.com\/fr\/#organization"},"potentialAction":[{"@type":"SearchAction","target":{"@type":"EntryPoint","urlTemplate":"https:\/\/hubsch-interior.com\/fr\/?s={search_term_string}"},"query-input":{"@type":"PropertyValueSpecification","valueRequired":true,"valueName":"search_term_string"}}],"inLanguage":"fr-FR"},{"@type":"Organization","@id":"https:\/\/hubsch-interior.com\/fr\/#organization","name":"H\u00fcbsch","url":"https:\/\/hubsch-interior.com\/fr\/","logo":{"@type":"ImageObject","inLanguage":"fr-FR","@id":"https:\/\/hubsch-interior.com\/fr\/#\/schema\/logo\/image\/","url":"https:\/\/hubsch-interior.com\/wp-content\/uploads\/2022\/12\/Hubsch_logo_black_one_line.svg","contentUrl":"https:\/\/hubsch-interior.com\/wp-content\/uploads\/2022\/12\/Hubsch_logo_black_one_line.svg","caption":"H\u00fcbsch"},"image":{"@id":"https:\/\/hubsch-interior.com\/fr\/#\/schema\/logo\/image\/"}}]}},"_links":{"self":[{"href":"https:\/\/hubsch-interior.com\/fr\/wp-json\/wp\/v2\/product\/19101","targetHints":{"allow":["GET"]}}],"collection":[{"href":"https:\/\/hubsch-interior.com\/fr\/wp-json\/wp\/v2\/product"}],"about":[{"href":"https:\/\/hubsch-interior.com\/fr\/wp-json\/wp\/v2\/types\/product"}],"wp:featuredmedia":[{"embeddable":true,"href":"https:\/\/hubsch-interior.com\/fr\/wp-json\/wp\/v2\/media\/1105773"}],"wp:attachment":[{"href":"https:\/\/hubsch-interior.com\/fr\/wp-json\/wp\/v2\/media?parent=19101"}],"wp:term":[{"taxonomy":"product_brand","embeddable":true,"href":"https:\/\/hubsch-interior.com\/fr\/wp-json\/wp\/v2\/product_brand?post=19101"},{"taxonomy":"product_cat","embeddable":true,"href":"https:\/\/hubsch-interior.com\/fr\/wp-json\/wp\/v2\/product_cat?post=19101"},{"taxonomy":"product_tag","embeddable":true,"href":"https:\/\/hubsch-interior.com\/fr\/wp-json\/wp\/v2\/product_tag?post=19101"}],"curies":[{"name":"wp","href":"https:\/\/api.w.org\/{rel}","templated":true}]}}