{"id":19137,"date":"2020-09-09T23:28:41","date_gmt":"2020-09-09T21:28:41","guid":{"rendered":"https:\/\/hubsch-interior.com\/vare\/product\/"},"modified":"2026-04-09T04:59:41","modified_gmt":"2026-04-09T02:59:41","slug":"elegant-lampe-de-table-vert","status":"publish","type":"product","link":"https:\/\/hubsch-interior.com\/fr\/produit\/elegant-lampe-de-table-vert\/","title":{"rendered":"Elegant Lampe de table Vert"},"content":{"rendered":"<p>La lampe de table poss\u00e8de une base en marbre vert et une paroi en verre transparent. La forme cylindrique minimaliste combin\u00e9e avec le marbre naturel conf\u00e8rent \u00e0 la lampe une apparence moderne. Placez la lampe sur un rebord de fen\u00eatre, une \u00e9tag\u00e8re ou sur une table de votre choix.<\/p>\n","protected":false},"excerpt":{"rendered":"<p>La lampe de table poss\u00e8de une base en marbre vert et une paroi en verre transparent. La forme cylindrique minimaliste combin\u00e9e avec le marbre naturel conf\u00e8rent \u00e0 la lampe une apparence moderne. Placez la lampe sur un rebord de fen\u00eatre, une \u00e9tag\u00e8re ou sur une table de votre choix.<\/p>\n","protected":false},"featured_media":1105789,"template":"","meta":{"_acf_changed":false,"inline_featured_image":false},"product_brand":[],"product_cat":[3810,3500],"product_tag":[],"class_list":{"0":"post-19137","1":"product","2":"type-product","3":"status-publish","4":"has-post-thumbnail","6":"product_cat-luminaires","7":"product_cat-lampes-a-poser-fr","8":"product_shipping_class-pk","10":"pa_color-vert-2","11":"pa_material-marbre-fr","12":"pa_material-verre-fr","14":"first","15":"instock","16":"taxable","17":"shipping-taxable","18":"purchasable","19":"product-type-simple"},"exclude_global_add_ons":[],"addons":[],"acf":[],"yoast_head":"<!-- This site is optimized with the Yoast SEO plugin v26.4 - https:\/\/yoast.com\/wordpress\/plugins\/seo\/ -->\n<title>Elegant Lampe de table Vert - H\u00fcbsch<\/title>\n<meta name=\"description\" content=\"La lampe de table poss\u00e8de une base en marbre vert et une paroi en verre transparent. La forme cylindrique minimaliste combin\u00e9e avec le marbre naturel\" \/>\n<meta name=\"robots\" content=\"index, follow, max-snippet:-1, max-image-preview:large, max-video-preview:-1\" \/>\n<link rel=\"canonical\" href=\"https:\/\/hubsch-interior.com\/fr\/wp-json\/wp\/v2\/product\/19137\" \/>\n<meta property=\"og:locale\" content=\"fr_FR\" \/>\n<meta property=\"og:type\" content=\"article\" \/>\n<meta property=\"og:title\" content=\"Elegant Lampe de table Vert - H\u00fcbsch\" \/>\n<meta property=\"og:description\" content=\"La lampe de table poss\u00e8de une base en marbre vert et une paroi en verre transparent. La forme cylindrique minimaliste combin\u00e9e avec le marbre naturel\" \/>\n<meta property=\"og:url\" content=\"https:\/\/hubsch-interior.com\/fr\/produit\/elegant-lampe-de-table-vert\/\" \/>\n<meta property=\"og:site_name\" content=\"H\u00fcbsch\" \/>\n<meta property=\"article:modified_time\" content=\"2026-04-09T02:59:41+00:00\" \/>\n<meta property=\"og:image\" content=\"https:\/\/hubsch-interior.com\/wp-content\/uploads\/2024\/07\/elegant-table-lamp-green-ad9465d82f8a4d560628cad2b24f53d8.jpg\" \/>\n\t<meta property=\"og:image:width\" content=\"1200\" \/>\n\t<meta property=\"og:image:height\" content=\"1200\" \/>\n\t<meta property=\"og:image:type\" content=\"image\/jpeg\" \/>\n<meta name=\"twitter:card\" content=\"summary_large_image\" \/>\n<script type=\"application\/ld+json\" class=\"yoast-schema-graph\">{\"@context\":\"https:\/\/schema.org\",\"@graph\":[{\"@type\":\"WebPage\",\"@id\":\"https:\/\/hubsch-interior.com\/fr\/produit\/elegant-lampe-de-table-vert\/\",\"url\":\"https:\/\/hubsch-interior.com\/fr\/produit\/elegant-lampe-de-table-vert\/\",\"name\":\"Elegant Lampe de table Vert - H\u00fcbsch\",\"isPartOf\":{\"@id\":\"https:\/\/hubsch-interior.com\/fr\/#website\"},\"primaryImageOfPage\":{\"@id\":\"https:\/\/hubsch-interior.com\/fr\/produit\/elegant-lampe-de-table-vert\/#primaryimage\"},\"image\":{\"@id\":\"https:\/\/hubsch-interior.com\/fr\/produit\/elegant-lampe-de-table-vert\/#primaryimage\"},\"thumbnailUrl\":\"https:\/\/hubsch-interior.com\/wp-content\/uploads\/2026\/02\/elegant-table-lamp-green-a463c0fbbb8b20c0518070d301360619.jpg\",\"datePublished\":\"2020-09-09T21:28:41+00:00\",\"dateModified\":\"2026-04-09T02:59:41+00:00\",\"description\":\"La lampe de table poss\u00e8de une base en marbre vert et une paroi en verre transparent. La forme cylindrique minimaliste combin\u00e9e avec le marbre naturel\",\"breadcrumb\":{\"@id\":\"https:\/\/hubsch-interior.com\/fr\/produit\/elegant-lampe-de-table-vert\/#breadcrumb\"},\"inLanguage\":\"fr-FR\",\"potentialAction\":[{\"@type\":\"ReadAction\",\"target\":[\"https:\/\/hubsch-interior.com\/fr\/produit\/elegant-lampe-de-table-vert\/\"]}]},{\"@type\":\"ImageObject\",\"inLanguage\":\"fr-FR\",\"@id\":\"https:\/\/hubsch-interior.com\/fr\/produit\/elegant-lampe-de-table-vert\/#primaryimage\",\"url\":\"https:\/\/hubsch-interior.com\/wp-content\/uploads\/2026\/02\/elegant-table-lamp-green-a463c0fbbb8b20c0518070d301360619.jpg\",\"contentUrl\":\"https:\/\/hubsch-interior.com\/wp-content\/uploads\/2026\/02\/elegant-table-lamp-green-a463c0fbbb8b20c0518070d301360619.jpg\",\"width\":1024,\"height\":1024},{\"@type\":\"BreadcrumbList\",\"@id\":\"https:\/\/hubsch-interior.com\/fr\/produit\/elegant-lampe-de-table-vert\/#breadcrumb\",\"itemListElement\":[{\"@type\":\"ListItem\",\"position\":1,\"name\":\"Page d'accueil\",\"item\":\"https:\/\/hubsch-interior.com\/fr\/\"},{\"@type\":\"ListItem\",\"position\":2,\"name\":\"Produits\",\"item\":\"https:\/\/hubsch-interior.com\/fr\/shop-2\/\"},{\"@type\":\"ListItem\",\"position\":3,\"name\":\"Luminaires\",\"item\":\"https:\/\/hubsch-interior.com\/fr\/categorie-produit\/luminaires\/\"},{\"@type\":\"ListItem\",\"position\":4,\"name\":\"Lampes &agrave; poser\",\"item\":\"https:\/\/hubsch-interior.com\/fr\/categorie-produit\/luminaires\/lampes-a-poser-fr\/\"},{\"@type\":\"ListItem\",\"position\":5,\"name\":\"Elegant Lampe de table Vert\"}]},{\"@type\":\"WebSite\",\"@id\":\"https:\/\/hubsch-interior.com\/fr\/#website\",\"url\":\"https:\/\/hubsch-interior.com\/fr\/\",\"name\":\"H\u00fcbsch\",\"description\":\"Danish Home Interior and Design\",\"publisher\":{\"@id\":\"https:\/\/hubsch-interior.com\/fr\/#organization\"},\"potentialAction\":[{\"@type\":\"SearchAction\",\"target\":{\"@type\":\"EntryPoint\",\"urlTemplate\":\"https:\/\/hubsch-interior.com\/fr\/?s={search_term_string}\"},\"query-input\":{\"@type\":\"PropertyValueSpecification\",\"valueRequired\":true,\"valueName\":\"search_term_string\"}}],\"inLanguage\":\"fr-FR\"},{\"@type\":\"Organization\",\"@id\":\"https:\/\/hubsch-interior.com\/fr\/#organization\",\"name\":\"H\u00fcbsch\",\"url\":\"https:\/\/hubsch-interior.com\/fr\/\",\"logo\":{\"@type\":\"ImageObject\",\"inLanguage\":\"fr-FR\",\"@id\":\"https:\/\/hubsch-interior.com\/fr\/#\/schema\/logo\/image\/\",\"url\":\"https:\/\/hubsch-interior.com\/wp-content\/uploads\/2022\/12\/Hubsch_logo_black_one_line.svg\",\"contentUrl\":\"https:\/\/hubsch-interior.com\/wp-content\/uploads\/2022\/12\/Hubsch_logo_black_one_line.svg\",\"caption\":\"H\u00fcbsch\"},\"image\":{\"@id\":\"https:\/\/hubsch-interior.com\/fr\/#\/schema\/logo\/image\/\"}}]}<\/script>\n<!-- \/ Yoast SEO plugin. -->","yoast_head_json":{"title":"Elegant Lampe de table Vert - H\u00fcbsch","description":"La lampe de table poss\u00e8de une base en marbre vert et une paroi en verre transparent. La forme cylindrique minimaliste combin\u00e9e avec le marbre naturel","robots":{"index":"index","follow":"follow","max-snippet":"max-snippet:-1","max-image-preview":"max-image-preview:large","max-video-preview":"max-video-preview:-1"},"canonical":"https:\/\/hubsch-interior.com\/fr\/wp-json\/wp\/v2\/product\/19137","og_locale":"fr_FR","og_type":"article","og_title":"Elegant Lampe de table Vert - H\u00fcbsch","og_description":"La lampe de table poss\u00e8de une base en marbre vert et une paroi en verre transparent. La forme cylindrique minimaliste combin\u00e9e avec le marbre naturel","og_url":"https:\/\/hubsch-interior.com\/fr\/produit\/elegant-lampe-de-table-vert\/","og_site_name":"H\u00fcbsch","article_modified_time":"2026-04-09T02:59:41+00:00","og_image":[{"width":1200,"height":1200,"url":"https:\/\/hubsch-interior.com\/wp-content\/uploads\/2024\/07\/elegant-table-lamp-green-ad9465d82f8a4d560628cad2b24f53d8.jpg","type":"image\/jpeg"}],"twitter_card":"summary_large_image","schema":{"@context":"https:\/\/schema.org","@graph":[{"@type":"WebPage","@id":"https:\/\/hubsch-interior.com\/fr\/produit\/elegant-lampe-de-table-vert\/","url":"https:\/\/hubsch-interior.com\/fr\/produit\/elegant-lampe-de-table-vert\/","name":"Elegant Lampe de table Vert - H\u00fcbsch","isPartOf":{"@id":"https:\/\/hubsch-interior.com\/fr\/#website"},"primaryImageOfPage":{"@id":"https:\/\/hubsch-interior.com\/fr\/produit\/elegant-lampe-de-table-vert\/#primaryimage"},"image":{"@id":"https:\/\/hubsch-interior.com\/fr\/produit\/elegant-lampe-de-table-vert\/#primaryimage"},"thumbnailUrl":"https:\/\/hubsch-interior.com\/wp-content\/uploads\/2026\/02\/elegant-table-lamp-green-a463c0fbbb8b20c0518070d301360619.jpg","datePublished":"2020-09-09T21:28:41+00:00","dateModified":"2026-04-09T02:59:41+00:00","description":"La lampe de table poss\u00e8de une base en marbre vert et une paroi en verre transparent. La forme cylindrique minimaliste combin\u00e9e avec le marbre naturel","breadcrumb":{"@id":"https:\/\/hubsch-interior.com\/fr\/produit\/elegant-lampe-de-table-vert\/#breadcrumb"},"inLanguage":"fr-FR","potentialAction":[{"@type":"ReadAction","target":["https:\/\/hubsch-interior.com\/fr\/produit\/elegant-lampe-de-table-vert\/"]}]},{"@type":"ImageObject","inLanguage":"fr-FR","@id":"https:\/\/hubsch-interior.com\/fr\/produit\/elegant-lampe-de-table-vert\/#primaryimage","url":"https:\/\/hubsch-interior.com\/wp-content\/uploads\/2026\/02\/elegant-table-lamp-green-a463c0fbbb8b20c0518070d301360619.jpg","contentUrl":"https:\/\/hubsch-interior.com\/wp-content\/uploads\/2026\/02\/elegant-table-lamp-green-a463c0fbbb8b20c0518070d301360619.jpg","width":1024,"height":1024},{"@type":"BreadcrumbList","@id":"https:\/\/hubsch-interior.com\/fr\/produit\/elegant-lampe-de-table-vert\/#breadcrumb","itemListElement":[{"@type":"ListItem","position":1,"name":"Page d'accueil","item":"https:\/\/hubsch-interior.com\/fr\/"},{"@type":"ListItem","position":2,"name":"Produits","item":"https:\/\/hubsch-interior.com\/fr\/shop-2\/"},{"@type":"ListItem","position":3,"name":"Luminaires","item":"https:\/\/hubsch-interior.com\/fr\/categorie-produit\/luminaires\/"},{"@type":"ListItem","position":4,"name":"Lampes &agrave; poser","item":"https:\/\/hubsch-interior.com\/fr\/categorie-produit\/luminaires\/lampes-a-poser-fr\/"},{"@type":"ListItem","position":5,"name":"Elegant Lampe de table Vert"}]},{"@type":"WebSite","@id":"https:\/\/hubsch-interior.com\/fr\/#website","url":"https:\/\/hubsch-interior.com\/fr\/","name":"H\u00fcbsch","description":"Danish Home Interior and Design","publisher":{"@id":"https:\/\/hubsch-interior.com\/fr\/#organization"},"potentialAction":[{"@type":"SearchAction","target":{"@type":"EntryPoint","urlTemplate":"https:\/\/hubsch-interior.com\/fr\/?s={search_term_string}"},"query-input":{"@type":"PropertyValueSpecification","valueRequired":true,"valueName":"search_term_string"}}],"inLanguage":"fr-FR"},{"@type":"Organization","@id":"https:\/\/hubsch-interior.com\/fr\/#organization","name":"H\u00fcbsch","url":"https:\/\/hubsch-interior.com\/fr\/","logo":{"@type":"ImageObject","inLanguage":"fr-FR","@id":"https:\/\/hubsch-interior.com\/fr\/#\/schema\/logo\/image\/","url":"https:\/\/hubsch-interior.com\/wp-content\/uploads\/2022\/12\/Hubsch_logo_black_one_line.svg","contentUrl":"https:\/\/hubsch-interior.com\/wp-content\/uploads\/2022\/12\/Hubsch_logo_black_one_line.svg","caption":"H\u00fcbsch"},"image":{"@id":"https:\/\/hubsch-interior.com\/fr\/#\/schema\/logo\/image\/"}}]}},"_links":{"self":[{"href":"https:\/\/hubsch-interior.com\/fr\/wp-json\/wp\/v2\/product\/19137","targetHints":{"allow":["GET"]}}],"collection":[{"href":"https:\/\/hubsch-interior.com\/fr\/wp-json\/wp\/v2\/product"}],"about":[{"href":"https:\/\/hubsch-interior.com\/fr\/wp-json\/wp\/v2\/types\/product"}],"wp:featuredmedia":[{"embeddable":true,"href":"https:\/\/hubsch-interior.com\/fr\/wp-json\/wp\/v2\/media\/1105789"}],"wp:attachment":[{"href":"https:\/\/hubsch-interior.com\/fr\/wp-json\/wp\/v2\/media?parent=19137"}],"wp:term":[{"taxonomy":"product_brand","embeddable":true,"href":"https:\/\/hubsch-interior.com\/fr\/wp-json\/wp\/v2\/product_brand?post=19137"},{"taxonomy":"product_cat","embeddable":true,"href":"https:\/\/hubsch-interior.com\/fr\/wp-json\/wp\/v2\/product_cat?post=19137"},{"taxonomy":"product_tag","embeddable":true,"href":"https:\/\/hubsch-interior.com\/fr\/wp-json\/wp\/v2\/product_tag?post=19137"}],"curies":[{"name":"wp","href":"https:\/\/api.w.org\/{rel}","templated":true}]}}