{"id":19497,"date":"2020-09-09T23:29:12","date_gmt":"2020-09-09T21:29:12","guid":{"rendered":"https:\/\/hubsch-interior.com\/vare\/product\/"},"modified":"2026-04-05T05:03:58","modified_gmt":"2026-04-05T03:03:58","slug":"piccolo-crochet-noir-2","status":"publish","type":"product","link":"https:\/\/hubsch-interior.com\/fr\/produit\/piccolo-crochet-noir-2\/","title":{"rendered":"Piccolo Crochet Noir"},"content":{"rendered":"<p>Si vous cherchez une jolie pat\u00e8re, celle-ci en couleur noir pourrait \u00eatre la pat\u00e8re que vous cherchez. Elle a une \u00e9l\u00e9gance discr\u00e8te et s&#8217;adapte \u00e0 tous les int\u00e9rieurs, modernes, classiques ou romantiques. Posez-la sur le mur de votre cuisine ou de votre salle de bain, seule ou en rang\u00e9e avec plusieurs autres.<\/p>\n","protected":false},"excerpt":{"rendered":"<p>Si vous cherchez une jolie pat\u00e8re, celle-ci en couleur noir pourrait \u00eatre la pat\u00e8re que vous cherchez. Elle a une \u00e9l\u00e9gance discr\u00e8te et s&#8217;adapte \u00e0 tous les int\u00e9rieurs, modernes, classiques ou romantiques. Posez-la sur le mur de votre cuisine ou de votre salle de bain, seule ou en rang\u00e9e avec plusieurs autres.<\/p>\n","protected":false},"featured_media":1105909,"template":"","meta":{"_acf_changed":false,"inline_featured_image":false},"product_brand":[],"product_cat":[7071,7066,4041,4107,5026,5030],"product_tag":[],"class_list":{"0":"post-19497","1":"product","2":"type-product","3":"status-publish","4":"has-post-thumbnail","6":"product_cat-crochets-et-etageres-fr","7":"product_cat-cuisine-etageres-fr","8":"product_cat-pateres-porte-manteaux-fr","9":"product_cat-pateres-fr","10":"product_cat-bestsellers-fr","11":"product_cat-de-nouveau-en-stock-fr","12":"product_shipping_class-pk","14":"pa_color-noir","15":"pa_material-fer-fr","17":"first","18":"instock","19":"featured","20":"taxable","21":"shipping-taxable","22":"purchasable","23":"product-type-simple"},"exclude_global_add_ons":[],"addons":[],"acf":[],"yoast_head":"<!-- This site is optimized with the Yoast SEO plugin v26.4 - https:\/\/yoast.com\/wordpress\/plugins\/seo\/ -->\n<title>Piccolo Crochet Noir - H\u00fcbsch<\/title>\n<meta name=\"description\" content=\"Si vous cherchez une jolie pat\u00e8re, celle-ci en couleur noir pourrait \u00eatre la pat\u00e8re que vous cherchez. Elle a une \u00e9l\u00e9gance discr\u00e8te et s&#039;adapte \u00e0 tous les\" \/>\n<meta name=\"robots\" content=\"index, follow, max-snippet:-1, max-image-preview:large, max-video-preview:-1\" \/>\n<link rel=\"canonical\" href=\"https:\/\/hubsch-interior.com\/fr\/wp-json\/wp\/v2\/product\/19497\" \/>\n<meta property=\"og:locale\" content=\"fr_FR\" \/>\n<meta property=\"og:type\" content=\"article\" \/>\n<meta property=\"og:title\" content=\"Piccolo Crochet Noir - H\u00fcbsch\" \/>\n<meta property=\"og:description\" content=\"Si vous cherchez une jolie pat\u00e8re, celle-ci en couleur noir pourrait \u00eatre la pat\u00e8re que vous cherchez. Elle a une \u00e9l\u00e9gance discr\u00e8te et s&#039;adapte \u00e0 tous les\" \/>\n<meta property=\"og:url\" content=\"https:\/\/hubsch-interior.com\/fr\/produit\/piccolo-crochet-noir-2\/\" \/>\n<meta property=\"og:site_name\" content=\"H\u00fcbsch\" \/>\n<meta property=\"article:modified_time\" content=\"2026-04-05T03:03:58+00:00\" \/>\n<meta property=\"og:image\" content=\"https:\/\/hubsch-interior.com\/wp-content\/uploads\/2026\/02\/piccolo-hook-black-4e5041ff63dd901a4e33229bf14678d3.jpg\" \/>\n\t<meta property=\"og:image:width\" content=\"1024\" \/>\n\t<meta property=\"og:image:height\" content=\"1024\" \/>\n\t<meta property=\"og:image:type\" content=\"image\/jpeg\" \/>\n<meta name=\"twitter:card\" content=\"summary_large_image\" \/>\n<script type=\"application\/ld+json\" class=\"yoast-schema-graph\">{\"@context\":\"https:\/\/schema.org\",\"@graph\":[{\"@type\":\"WebPage\",\"@id\":\"https:\/\/hubsch-interior.com\/fr\/produit\/piccolo-crochet-noir-2\/\",\"url\":\"https:\/\/hubsch-interior.com\/fr\/produit\/piccolo-crochet-noir-2\/\",\"name\":\"Piccolo Crochet Noir - H\u00fcbsch\",\"isPartOf\":{\"@id\":\"https:\/\/hubsch-interior.com\/fr\/#website\"},\"primaryImageOfPage\":{\"@id\":\"https:\/\/hubsch-interior.com\/fr\/produit\/piccolo-crochet-noir-2\/#primaryimage\"},\"image\":{\"@id\":\"https:\/\/hubsch-interior.com\/fr\/produit\/piccolo-crochet-noir-2\/#primaryimage\"},\"thumbnailUrl\":\"https:\/\/hubsch-interior.com\/wp-content\/uploads\/2026\/02\/piccolo-hook-black-4e5041ff63dd901a4e33229bf14678d3.jpg\",\"datePublished\":\"2020-09-09T21:29:12+00:00\",\"dateModified\":\"2026-04-05T03:03:58+00:00\",\"description\":\"Si vous cherchez une jolie pat\u00e8re, celle-ci en couleur noir pourrait \u00eatre la pat\u00e8re que vous cherchez. Elle a une \u00e9l\u00e9gance discr\u00e8te et s'adapte \u00e0 tous les\",\"breadcrumb\":{\"@id\":\"https:\/\/hubsch-interior.com\/fr\/produit\/piccolo-crochet-noir-2\/#breadcrumb\"},\"inLanguage\":\"fr-FR\",\"potentialAction\":[{\"@type\":\"ReadAction\",\"target\":[\"https:\/\/hubsch-interior.com\/fr\/produit\/piccolo-crochet-noir-2\/\"]}]},{\"@type\":\"ImageObject\",\"inLanguage\":\"fr-FR\",\"@id\":\"https:\/\/hubsch-interior.com\/fr\/produit\/piccolo-crochet-noir-2\/#primaryimage\",\"url\":\"https:\/\/hubsch-interior.com\/wp-content\/uploads\/2026\/02\/piccolo-hook-black-4e5041ff63dd901a4e33229bf14678d3.jpg\",\"contentUrl\":\"https:\/\/hubsch-interior.com\/wp-content\/uploads\/2026\/02\/piccolo-hook-black-4e5041ff63dd901a4e33229bf14678d3.jpg\",\"width\":1024,\"height\":1024},{\"@type\":\"BreadcrumbList\",\"@id\":\"https:\/\/hubsch-interior.com\/fr\/produit\/piccolo-crochet-noir-2\/#breadcrumb\",\"itemListElement\":[{\"@type\":\"ListItem\",\"position\":1,\"name\":\"Page d'accueil\",\"item\":\"https:\/\/hubsch-interior.com\/fr\/\"},{\"@type\":\"ListItem\",\"position\":2,\"name\":\"Produits\",\"item\":\"https:\/\/hubsch-interior.com\/fr\/shop-2\/\"},{\"@type\":\"ListItem\",\"position\":3,\"name\":\"Accessoires maison\",\"item\":\"https:\/\/hubsch-interior.com\/fr\/categorie-produit\/accessoires-maison\/\"},{\"@type\":\"ListItem\",\"position\":4,\"name\":\"Pat&egrave;res &amp; porte-manteaux\",\"item\":\"https:\/\/hubsch-interior.com\/fr\/categorie-produit\/accessoires-maison\/pateres-porte-manteaux-fr\/\"},{\"@type\":\"ListItem\",\"position\":5,\"name\":\"Pat&egrave;res\",\"item\":\"https:\/\/hubsch-interior.com\/fr\/categorie-produit\/accessoires-maison\/pateres-porte-manteaux-fr\/pateres-fr\/\"},{\"@type\":\"ListItem\",\"position\":6,\"name\":\"Piccolo Crochet Noir\"}]},{\"@type\":\"WebSite\",\"@id\":\"https:\/\/hubsch-interior.com\/fr\/#website\",\"url\":\"https:\/\/hubsch-interior.com\/fr\/\",\"name\":\"H\u00fcbsch\",\"description\":\"Danish Home Interior and Design\",\"publisher\":{\"@id\":\"https:\/\/hubsch-interior.com\/fr\/#organization\"},\"potentialAction\":[{\"@type\":\"SearchAction\",\"target\":{\"@type\":\"EntryPoint\",\"urlTemplate\":\"https:\/\/hubsch-interior.com\/fr\/?s={search_term_string}\"},\"query-input\":{\"@type\":\"PropertyValueSpecification\",\"valueRequired\":true,\"valueName\":\"search_term_string\"}}],\"inLanguage\":\"fr-FR\"},{\"@type\":\"Organization\",\"@id\":\"https:\/\/hubsch-interior.com\/fr\/#organization\",\"name\":\"H\u00fcbsch\",\"url\":\"https:\/\/hubsch-interior.com\/fr\/\",\"logo\":{\"@type\":\"ImageObject\",\"inLanguage\":\"fr-FR\",\"@id\":\"https:\/\/hubsch-interior.com\/fr\/#\/schema\/logo\/image\/\",\"url\":\"https:\/\/hubsch-interior.com\/wp-content\/uploads\/2022\/12\/Hubsch_logo_black_one_line.svg\",\"contentUrl\":\"https:\/\/hubsch-interior.com\/wp-content\/uploads\/2022\/12\/Hubsch_logo_black_one_line.svg\",\"caption\":\"H\u00fcbsch\"},\"image\":{\"@id\":\"https:\/\/hubsch-interior.com\/fr\/#\/schema\/logo\/image\/\"}}]}<\/script>\n<!-- \/ Yoast SEO plugin. -->","yoast_head_json":{"title":"Piccolo Crochet Noir - H\u00fcbsch","description":"Si vous cherchez une jolie pat\u00e8re, celle-ci en couleur noir pourrait \u00eatre la pat\u00e8re que vous cherchez. Elle a une \u00e9l\u00e9gance discr\u00e8te et s'adapte \u00e0 tous les","robots":{"index":"index","follow":"follow","max-snippet":"max-snippet:-1","max-image-preview":"max-image-preview:large","max-video-preview":"max-video-preview:-1"},"canonical":"https:\/\/hubsch-interior.com\/fr\/wp-json\/wp\/v2\/product\/19497","og_locale":"fr_FR","og_type":"article","og_title":"Piccolo Crochet Noir - H\u00fcbsch","og_description":"Si vous cherchez une jolie pat\u00e8re, celle-ci en couleur noir pourrait \u00eatre la pat\u00e8re que vous cherchez. Elle a une \u00e9l\u00e9gance discr\u00e8te et s'adapte \u00e0 tous les","og_url":"https:\/\/hubsch-interior.com\/fr\/produit\/piccolo-crochet-noir-2\/","og_site_name":"H\u00fcbsch","article_modified_time":"2026-04-05T03:03:58+00:00","og_image":[{"width":1024,"height":1024,"url":"https:\/\/hubsch-interior.com\/wp-content\/uploads\/2026\/02\/piccolo-hook-black-4e5041ff63dd901a4e33229bf14678d3.jpg","type":"image\/jpeg"}],"twitter_card":"summary_large_image","schema":{"@context":"https:\/\/schema.org","@graph":[{"@type":"WebPage","@id":"https:\/\/hubsch-interior.com\/fr\/produit\/piccolo-crochet-noir-2\/","url":"https:\/\/hubsch-interior.com\/fr\/produit\/piccolo-crochet-noir-2\/","name":"Piccolo Crochet Noir - H\u00fcbsch","isPartOf":{"@id":"https:\/\/hubsch-interior.com\/fr\/#website"},"primaryImageOfPage":{"@id":"https:\/\/hubsch-interior.com\/fr\/produit\/piccolo-crochet-noir-2\/#primaryimage"},"image":{"@id":"https:\/\/hubsch-interior.com\/fr\/produit\/piccolo-crochet-noir-2\/#primaryimage"},"thumbnailUrl":"https:\/\/hubsch-interior.com\/wp-content\/uploads\/2026\/02\/piccolo-hook-black-4e5041ff63dd901a4e33229bf14678d3.jpg","datePublished":"2020-09-09T21:29:12+00:00","dateModified":"2026-04-05T03:03:58+00:00","description":"Si vous cherchez une jolie pat\u00e8re, celle-ci en couleur noir pourrait \u00eatre la pat\u00e8re que vous cherchez. Elle a une \u00e9l\u00e9gance discr\u00e8te et s'adapte \u00e0 tous les","breadcrumb":{"@id":"https:\/\/hubsch-interior.com\/fr\/produit\/piccolo-crochet-noir-2\/#breadcrumb"},"inLanguage":"fr-FR","potentialAction":[{"@type":"ReadAction","target":["https:\/\/hubsch-interior.com\/fr\/produit\/piccolo-crochet-noir-2\/"]}]},{"@type":"ImageObject","inLanguage":"fr-FR","@id":"https:\/\/hubsch-interior.com\/fr\/produit\/piccolo-crochet-noir-2\/#primaryimage","url":"https:\/\/hubsch-interior.com\/wp-content\/uploads\/2026\/02\/piccolo-hook-black-4e5041ff63dd901a4e33229bf14678d3.jpg","contentUrl":"https:\/\/hubsch-interior.com\/wp-content\/uploads\/2026\/02\/piccolo-hook-black-4e5041ff63dd901a4e33229bf14678d3.jpg","width":1024,"height":1024},{"@type":"BreadcrumbList","@id":"https:\/\/hubsch-interior.com\/fr\/produit\/piccolo-crochet-noir-2\/#breadcrumb","itemListElement":[{"@type":"ListItem","position":1,"name":"Page d'accueil","item":"https:\/\/hubsch-interior.com\/fr\/"},{"@type":"ListItem","position":2,"name":"Produits","item":"https:\/\/hubsch-interior.com\/fr\/shop-2\/"},{"@type":"ListItem","position":3,"name":"Accessoires maison","item":"https:\/\/hubsch-interior.com\/fr\/categorie-produit\/accessoires-maison\/"},{"@type":"ListItem","position":4,"name":"Pat&egrave;res &amp; porte-manteaux","item":"https:\/\/hubsch-interior.com\/fr\/categorie-produit\/accessoires-maison\/pateres-porte-manteaux-fr\/"},{"@type":"ListItem","position":5,"name":"Pat&egrave;res","item":"https:\/\/hubsch-interior.com\/fr\/categorie-produit\/accessoires-maison\/pateres-porte-manteaux-fr\/pateres-fr\/"},{"@type":"ListItem","position":6,"name":"Piccolo Crochet Noir"}]},{"@type":"WebSite","@id":"https:\/\/hubsch-interior.com\/fr\/#website","url":"https:\/\/hubsch-interior.com\/fr\/","name":"H\u00fcbsch","description":"Danish Home Interior and Design","publisher":{"@id":"https:\/\/hubsch-interior.com\/fr\/#organization"},"potentialAction":[{"@type":"SearchAction","target":{"@type":"EntryPoint","urlTemplate":"https:\/\/hubsch-interior.com\/fr\/?s={search_term_string}"},"query-input":{"@type":"PropertyValueSpecification","valueRequired":true,"valueName":"search_term_string"}}],"inLanguage":"fr-FR"},{"@type":"Organization","@id":"https:\/\/hubsch-interior.com\/fr\/#organization","name":"H\u00fcbsch","url":"https:\/\/hubsch-interior.com\/fr\/","logo":{"@type":"ImageObject","inLanguage":"fr-FR","@id":"https:\/\/hubsch-interior.com\/fr\/#\/schema\/logo\/image\/","url":"https:\/\/hubsch-interior.com\/wp-content\/uploads\/2022\/12\/Hubsch_logo_black_one_line.svg","contentUrl":"https:\/\/hubsch-interior.com\/wp-content\/uploads\/2022\/12\/Hubsch_logo_black_one_line.svg","caption":"H\u00fcbsch"},"image":{"@id":"https:\/\/hubsch-interior.com\/fr\/#\/schema\/logo\/image\/"}}]}},"_links":{"self":[{"href":"https:\/\/hubsch-interior.com\/fr\/wp-json\/wp\/v2\/product\/19497","targetHints":{"allow":["GET"]}}],"collection":[{"href":"https:\/\/hubsch-interior.com\/fr\/wp-json\/wp\/v2\/product"}],"about":[{"href":"https:\/\/hubsch-interior.com\/fr\/wp-json\/wp\/v2\/types\/product"}],"wp:featuredmedia":[{"embeddable":true,"href":"https:\/\/hubsch-interior.com\/fr\/wp-json\/wp\/v2\/media\/1105909"}],"wp:attachment":[{"href":"https:\/\/hubsch-interior.com\/fr\/wp-json\/wp\/v2\/media?parent=19497"}],"wp:term":[{"taxonomy":"product_brand","embeddable":true,"href":"https:\/\/hubsch-interior.com\/fr\/wp-json\/wp\/v2\/product_brand?post=19497"},{"taxonomy":"product_cat","embeddable":true,"href":"https:\/\/hubsch-interior.com\/fr\/wp-json\/wp\/v2\/product_cat?post=19497"},{"taxonomy":"product_tag","embeddable":true,"href":"https:\/\/hubsch-interior.com\/fr\/wp-json\/wp\/v2\/product_tag?post=19497"}],"curies":[{"name":"wp","href":"https:\/\/api.w.org\/{rel}","templated":true}]}}