{"id":21237,"date":"2020-09-09T23:31:44","date_gmt":"2020-09-09T21:31:44","guid":{"rendered":"https:\/\/hubsch-interior.com\/vare\/product\/"},"modified":"2026-04-09T05:14:20","modified_gmt":"2026-04-09T03:14:20","slug":"bubble-applique-mural-lampadaire-laiton","status":"publish","type":"product","link":"https:\/\/hubsch-interior.com\/fr\/produit\/bubble-applique-mural-lampadaire-laiton\/","title":{"rendered":"Bubble Applique mural\/lampadaire Laiton"},"content":{"rendered":"<p>La lampe murale est en m\u00e9tal et se distingue par sa forme \u00e9l\u00e9gante. La grande ampoule conf\u00e8re un d\u00e9tail moderne et audacieux et apporte un look \u00e9l\u00e9gant. Placez la lampe dans votre chambre, dans votre salon et dans d&#8217;autres pi\u00e8ces pour apporter un d\u00e9tail chic et \u00e9l\u00e9gant.<\/p>\n","protected":false},"excerpt":{"rendered":"<p>La lampe murale est en m\u00e9tal et se distingue par sa forme \u00e9l\u00e9gante. La grande ampoule conf\u00e8re un d\u00e9tail moderne et audacieux et apporte un look \u00e9l\u00e9gant. Placez la lampe dans votre chambre, dans votre salon et dans d&#8217;autres pi\u00e8ces pour apporter un d\u00e9tail chic et \u00e9l\u00e9gant.<\/p>\n","protected":false},"featured_media":1112907,"template":"","meta":{"_acf_changed":false,"inline_featured_image":false},"product_brand":[],"product_cat":[3810,3407],"product_tag":[],"class_list":{"0":"post-21237","1":"product","2":"type-product","3":"status-publish","4":"has-post-thumbnail","6":"product_cat-luminaires","7":"product_cat-appliques-murales-fr","8":"product_shipping_class-p05","10":"pa_color-laiton","11":"pa_material-fer-fr","12":"pa_material-verre-fr","14":"first","15":"instock","16":"taxable","17":"shipping-taxable","18":"purchasable","19":"product-type-simple"},"exclude_global_add_ons":[],"addons":[],"acf":[],"yoast_head":"<!-- This site is optimized with the Yoast SEO plugin v26.4 - https:\/\/yoast.com\/wordpress\/plugins\/seo\/ -->\n<title>Bubble Applique mural\/lampadaire Laiton - H\u00fcbsch<\/title>\n<meta name=\"description\" content=\"La lampe murale est en m\u00e9tal et se distingue par sa forme \u00e9l\u00e9gante. La grande ampoule conf\u00e8re un d\u00e9tail moderne et audacieux et apporte un look \u00e9l\u00e9gant.\" \/>\n<meta name=\"robots\" content=\"index, follow, max-snippet:-1, max-image-preview:large, max-video-preview:-1\" \/>\n<link rel=\"canonical\" href=\"https:\/\/hubsch-interior.com\/fr\/wp-json\/wp\/v2\/product\/21237\" \/>\n<meta property=\"og:locale\" content=\"fr_FR\" \/>\n<meta property=\"og:type\" content=\"article\" \/>\n<meta property=\"og:title\" content=\"Bubble Applique mural\/lampadaire Laiton - H\u00fcbsch\" \/>\n<meta property=\"og:description\" content=\"La lampe murale est en m\u00e9tal et se distingue par sa forme \u00e9l\u00e9gante. La grande ampoule conf\u00e8re un d\u00e9tail moderne et audacieux et apporte un look \u00e9l\u00e9gant.\" \/>\n<meta property=\"og:url\" content=\"https:\/\/hubsch-interior.com\/fr\/produit\/bubble-applique-mural-lampadaire-laiton\/\" \/>\n<meta property=\"og:site_name\" content=\"H\u00fcbsch\" \/>\n<meta property=\"article:modified_time\" content=\"2026-04-09T03:14:20+00:00\" \/>\n<meta property=\"og:image\" content=\"https:\/\/hubsch-interior.com\/wp-content\/uploads\/2024\/10\/bubble-wallfloor-lamp-brass-d81f1bca44a10041cc059974f307cc5a.jpg\" \/>\n\t<meta property=\"og:image:width\" content=\"1200\" \/>\n\t<meta property=\"og:image:height\" content=\"1200\" \/>\n\t<meta property=\"og:image:type\" content=\"image\/jpeg\" \/>\n<meta name=\"twitter:card\" content=\"summary_large_image\" \/>\n<script type=\"application\/ld+json\" class=\"yoast-schema-graph\">{\"@context\":\"https:\/\/schema.org\",\"@graph\":[{\"@type\":\"WebPage\",\"@id\":\"https:\/\/hubsch-interior.com\/fr\/produit\/bubble-applique-mural-lampadaire-laiton\/\",\"url\":\"https:\/\/hubsch-interior.com\/fr\/produit\/bubble-applique-mural-lampadaire-laiton\/\",\"name\":\"Bubble Applique mural\/lampadaire Laiton - H\u00fcbsch\",\"isPartOf\":{\"@id\":\"https:\/\/hubsch-interior.com\/fr\/#website\"},\"primaryImageOfPage\":{\"@id\":\"https:\/\/hubsch-interior.com\/fr\/produit\/bubble-applique-mural-lampadaire-laiton\/#primaryimage\"},\"image\":{\"@id\":\"https:\/\/hubsch-interior.com\/fr\/produit\/bubble-applique-mural-lampadaire-laiton\/#primaryimage\"},\"thumbnailUrl\":\"https:\/\/hubsch-interior.com\/wp-content\/uploads\/2026\/02\/bubble-wallfloor-lamp-brass-6df76edcb0649171db3bec8cda401ab6.jpg\",\"datePublished\":\"2020-09-09T21:31:44+00:00\",\"dateModified\":\"2026-04-09T03:14:20+00:00\",\"description\":\"La lampe murale est en m\u00e9tal et se distingue par sa forme \u00e9l\u00e9gante. La grande ampoule conf\u00e8re un d\u00e9tail moderne et audacieux et apporte un look \u00e9l\u00e9gant.\",\"breadcrumb\":{\"@id\":\"https:\/\/hubsch-interior.com\/fr\/produit\/bubble-applique-mural-lampadaire-laiton\/#breadcrumb\"},\"inLanguage\":\"fr-FR\",\"potentialAction\":[{\"@type\":\"ReadAction\",\"target\":[\"https:\/\/hubsch-interior.com\/fr\/produit\/bubble-applique-mural-lampadaire-laiton\/\"]}]},{\"@type\":\"ImageObject\",\"inLanguage\":\"fr-FR\",\"@id\":\"https:\/\/hubsch-interior.com\/fr\/produit\/bubble-applique-mural-lampadaire-laiton\/#primaryimage\",\"url\":\"https:\/\/hubsch-interior.com\/wp-content\/uploads\/2026\/02\/bubble-wallfloor-lamp-brass-6df76edcb0649171db3bec8cda401ab6.jpg\",\"contentUrl\":\"https:\/\/hubsch-interior.com\/wp-content\/uploads\/2026\/02\/bubble-wallfloor-lamp-brass-6df76edcb0649171db3bec8cda401ab6.jpg\",\"width\":1024,\"height\":1024},{\"@type\":\"BreadcrumbList\",\"@id\":\"https:\/\/hubsch-interior.com\/fr\/produit\/bubble-applique-mural-lampadaire-laiton\/#breadcrumb\",\"itemListElement\":[{\"@type\":\"ListItem\",\"position\":1,\"name\":\"Page d'accueil\",\"item\":\"https:\/\/hubsch-interior.com\/fr\/\"},{\"@type\":\"ListItem\",\"position\":2,\"name\":\"Produits\",\"item\":\"https:\/\/hubsch-interior.com\/fr\/shop-2\/\"},{\"@type\":\"ListItem\",\"position\":3,\"name\":\"Luminaires\",\"item\":\"https:\/\/hubsch-interior.com\/fr\/categorie-produit\/luminaires\/\"},{\"@type\":\"ListItem\",\"position\":4,\"name\":\"Appliques murales\",\"item\":\"https:\/\/hubsch-interior.com\/fr\/categorie-produit\/luminaires\/appliques-murales-fr\/\"},{\"@type\":\"ListItem\",\"position\":5,\"name\":\"Bubble Applique mural\/lampadaire Laiton\"}]},{\"@type\":\"WebSite\",\"@id\":\"https:\/\/hubsch-interior.com\/fr\/#website\",\"url\":\"https:\/\/hubsch-interior.com\/fr\/\",\"name\":\"H\u00fcbsch\",\"description\":\"Danish Home Interior and Design\",\"publisher\":{\"@id\":\"https:\/\/hubsch-interior.com\/fr\/#organization\"},\"potentialAction\":[{\"@type\":\"SearchAction\",\"target\":{\"@type\":\"EntryPoint\",\"urlTemplate\":\"https:\/\/hubsch-interior.com\/fr\/?s={search_term_string}\"},\"query-input\":{\"@type\":\"PropertyValueSpecification\",\"valueRequired\":true,\"valueName\":\"search_term_string\"}}],\"inLanguage\":\"fr-FR\"},{\"@type\":\"Organization\",\"@id\":\"https:\/\/hubsch-interior.com\/fr\/#organization\",\"name\":\"H\u00fcbsch\",\"url\":\"https:\/\/hubsch-interior.com\/fr\/\",\"logo\":{\"@type\":\"ImageObject\",\"inLanguage\":\"fr-FR\",\"@id\":\"https:\/\/hubsch-interior.com\/fr\/#\/schema\/logo\/image\/\",\"url\":\"https:\/\/hubsch-interior.com\/wp-content\/uploads\/2022\/12\/Hubsch_logo_black_one_line.svg\",\"contentUrl\":\"https:\/\/hubsch-interior.com\/wp-content\/uploads\/2022\/12\/Hubsch_logo_black_one_line.svg\",\"caption\":\"H\u00fcbsch\"},\"image\":{\"@id\":\"https:\/\/hubsch-interior.com\/fr\/#\/schema\/logo\/image\/\"}}]}<\/script>\n<!-- \/ Yoast SEO plugin. -->","yoast_head_json":{"title":"Bubble Applique mural\/lampadaire Laiton - H\u00fcbsch","description":"La lampe murale est en m\u00e9tal et se distingue par sa forme \u00e9l\u00e9gante. La grande ampoule conf\u00e8re un d\u00e9tail moderne et audacieux et apporte un look \u00e9l\u00e9gant.","robots":{"index":"index","follow":"follow","max-snippet":"max-snippet:-1","max-image-preview":"max-image-preview:large","max-video-preview":"max-video-preview:-1"},"canonical":"https:\/\/hubsch-interior.com\/fr\/wp-json\/wp\/v2\/product\/21237","og_locale":"fr_FR","og_type":"article","og_title":"Bubble Applique mural\/lampadaire Laiton - H\u00fcbsch","og_description":"La lampe murale est en m\u00e9tal et se distingue par sa forme \u00e9l\u00e9gante. La grande ampoule conf\u00e8re un d\u00e9tail moderne et audacieux et apporte un look \u00e9l\u00e9gant.","og_url":"https:\/\/hubsch-interior.com\/fr\/produit\/bubble-applique-mural-lampadaire-laiton\/","og_site_name":"H\u00fcbsch","article_modified_time":"2026-04-09T03:14:20+00:00","og_image":[{"width":1200,"height":1200,"url":"https:\/\/hubsch-interior.com\/wp-content\/uploads\/2024\/10\/bubble-wallfloor-lamp-brass-d81f1bca44a10041cc059974f307cc5a.jpg","type":"image\/jpeg"}],"twitter_card":"summary_large_image","schema":{"@context":"https:\/\/schema.org","@graph":[{"@type":"WebPage","@id":"https:\/\/hubsch-interior.com\/fr\/produit\/bubble-applique-mural-lampadaire-laiton\/","url":"https:\/\/hubsch-interior.com\/fr\/produit\/bubble-applique-mural-lampadaire-laiton\/","name":"Bubble Applique mural\/lampadaire Laiton - H\u00fcbsch","isPartOf":{"@id":"https:\/\/hubsch-interior.com\/fr\/#website"},"primaryImageOfPage":{"@id":"https:\/\/hubsch-interior.com\/fr\/produit\/bubble-applique-mural-lampadaire-laiton\/#primaryimage"},"image":{"@id":"https:\/\/hubsch-interior.com\/fr\/produit\/bubble-applique-mural-lampadaire-laiton\/#primaryimage"},"thumbnailUrl":"https:\/\/hubsch-interior.com\/wp-content\/uploads\/2026\/02\/bubble-wallfloor-lamp-brass-6df76edcb0649171db3bec8cda401ab6.jpg","datePublished":"2020-09-09T21:31:44+00:00","dateModified":"2026-04-09T03:14:20+00:00","description":"La lampe murale est en m\u00e9tal et se distingue par sa forme \u00e9l\u00e9gante. La grande ampoule conf\u00e8re un d\u00e9tail moderne et audacieux et apporte un look \u00e9l\u00e9gant.","breadcrumb":{"@id":"https:\/\/hubsch-interior.com\/fr\/produit\/bubble-applique-mural-lampadaire-laiton\/#breadcrumb"},"inLanguage":"fr-FR","potentialAction":[{"@type":"ReadAction","target":["https:\/\/hubsch-interior.com\/fr\/produit\/bubble-applique-mural-lampadaire-laiton\/"]}]},{"@type":"ImageObject","inLanguage":"fr-FR","@id":"https:\/\/hubsch-interior.com\/fr\/produit\/bubble-applique-mural-lampadaire-laiton\/#primaryimage","url":"https:\/\/hubsch-interior.com\/wp-content\/uploads\/2026\/02\/bubble-wallfloor-lamp-brass-6df76edcb0649171db3bec8cda401ab6.jpg","contentUrl":"https:\/\/hubsch-interior.com\/wp-content\/uploads\/2026\/02\/bubble-wallfloor-lamp-brass-6df76edcb0649171db3bec8cda401ab6.jpg","width":1024,"height":1024},{"@type":"BreadcrumbList","@id":"https:\/\/hubsch-interior.com\/fr\/produit\/bubble-applique-mural-lampadaire-laiton\/#breadcrumb","itemListElement":[{"@type":"ListItem","position":1,"name":"Page d'accueil","item":"https:\/\/hubsch-interior.com\/fr\/"},{"@type":"ListItem","position":2,"name":"Produits","item":"https:\/\/hubsch-interior.com\/fr\/shop-2\/"},{"@type":"ListItem","position":3,"name":"Luminaires","item":"https:\/\/hubsch-interior.com\/fr\/categorie-produit\/luminaires\/"},{"@type":"ListItem","position":4,"name":"Appliques murales","item":"https:\/\/hubsch-interior.com\/fr\/categorie-produit\/luminaires\/appliques-murales-fr\/"},{"@type":"ListItem","position":5,"name":"Bubble Applique mural\/lampadaire Laiton"}]},{"@type":"WebSite","@id":"https:\/\/hubsch-interior.com\/fr\/#website","url":"https:\/\/hubsch-interior.com\/fr\/","name":"H\u00fcbsch","description":"Danish Home Interior and Design","publisher":{"@id":"https:\/\/hubsch-interior.com\/fr\/#organization"},"potentialAction":[{"@type":"SearchAction","target":{"@type":"EntryPoint","urlTemplate":"https:\/\/hubsch-interior.com\/fr\/?s={search_term_string}"},"query-input":{"@type":"PropertyValueSpecification","valueRequired":true,"valueName":"search_term_string"}}],"inLanguage":"fr-FR"},{"@type":"Organization","@id":"https:\/\/hubsch-interior.com\/fr\/#organization","name":"H\u00fcbsch","url":"https:\/\/hubsch-interior.com\/fr\/","logo":{"@type":"ImageObject","inLanguage":"fr-FR","@id":"https:\/\/hubsch-interior.com\/fr\/#\/schema\/logo\/image\/","url":"https:\/\/hubsch-interior.com\/wp-content\/uploads\/2022\/12\/Hubsch_logo_black_one_line.svg","contentUrl":"https:\/\/hubsch-interior.com\/wp-content\/uploads\/2022\/12\/Hubsch_logo_black_one_line.svg","caption":"H\u00fcbsch"},"image":{"@id":"https:\/\/hubsch-interior.com\/fr\/#\/schema\/logo\/image\/"}}]}},"_links":{"self":[{"href":"https:\/\/hubsch-interior.com\/fr\/wp-json\/wp\/v2\/product\/21237","targetHints":{"allow":["GET"]}}],"collection":[{"href":"https:\/\/hubsch-interior.com\/fr\/wp-json\/wp\/v2\/product"}],"about":[{"href":"https:\/\/hubsch-interior.com\/fr\/wp-json\/wp\/v2\/types\/product"}],"wp:featuredmedia":[{"embeddable":true,"href":"https:\/\/hubsch-interior.com\/fr\/wp-json\/wp\/v2\/media\/1112907"}],"wp:attachment":[{"href":"https:\/\/hubsch-interior.com\/fr\/wp-json\/wp\/v2\/media?parent=21237"}],"wp:term":[{"taxonomy":"product_brand","embeddable":true,"href":"https:\/\/hubsch-interior.com\/fr\/wp-json\/wp\/v2\/product_brand?post=21237"},{"taxonomy":"product_cat","embeddable":true,"href":"https:\/\/hubsch-interior.com\/fr\/wp-json\/wp\/v2\/product_cat?post=21237"},{"taxonomy":"product_tag","embeddable":true,"href":"https:\/\/hubsch-interior.com\/fr\/wp-json\/wp\/v2\/product_tag?post=21237"}],"curies":[{"name":"wp","href":"https:\/\/api.w.org\/{rel}","templated":true}]}}