{"id":21301,"date":"2020-09-09T23:31:50","date_gmt":"2020-09-09T21:31:50","guid":{"rendered":"https:\/\/hubsch-interior.com\/vare\/product\/"},"modified":"2026-04-29T05:18:14","modified_gmt":"2026-04-29T03:18:14","slug":"ripple-etagere-verre-depoli-laiton","status":"publish","type":"product","link":"https:\/\/hubsch-interior.com\/fr\/produit\/ripple-etagere-verre-depoli-laiton\/","title":{"rendered":"Ripple \u00c9tag\u00e8re Verre D\u00e9poli\/Laiton"},"content":{"rendered":"<p>Le pr\u00e9sentoir \u00e0 g\u00e2teaux est en m\u00e9tal et en verre. La combinaison du verre transparent et du verre d\u00e9poli ainsi que le m\u00e9tal dor\u00e9 lui conf\u00e8rent un look \u00e9l\u00e9gant et l\u00e9ger. Utilisez ce pr\u00e9sentoir \u00e0 g\u00e2teaux dans la cuisine pour pr\u00e9senter les fruits ou les g\u00e2teaux, dans la salle de bain pour les savons, dans la chambre pour les bijoux et bien plus encore.<\/p>\n","protected":false},"excerpt":{"rendered":"<p>Le pr\u00e9sentoir \u00e0 g\u00e2teaux est en m\u00e9tal et en verre. La combinaison du verre transparent et du verre d\u00e9poli ainsi que le m\u00e9tal dor\u00e9 lui conf\u00e8rent un look \u00e9l\u00e9gant et l\u00e9ger. Utilisez ce pr\u00e9sentoir \u00e0 g\u00e2teaux dans la cuisine pour pr\u00e9senter les fruits ou les g\u00e2teaux, dans la salle de bain pour les savons, dans [&hellip;]<\/p>\n","protected":false},"featured_media":1112915,"template":"","meta":{"_acf_changed":false,"inline_featured_image":false},"product_brand":[],"product_cat":[7028,7027,4053,4095],"product_tag":[],"class_list":{"0":"post-21301","1":"product","2":"type-product","3":"status-publish","4":"has-post-thumbnail","6":"product_cat-plateaux-et-assiettes-de-service-fr","7":"product_cat-vaisselle-fr-2","8":"product_cat-accessoires-de-cuisine-fr","9":"product_cat-vaisselle-fr","10":"product_shipping_class-pk","12":"pa_color-laiton","13":"pa_color-verre-dpoli","14":"pa_material-fer-fr","15":"pa_material-verre-fr","17":"first","18":"instock","19":"taxable","20":"shipping-taxable","21":"purchasable","22":"product-type-simple"},"exclude_global_add_ons":[],"addons":[],"acf":[],"yoast_head":"<!-- This site is optimized with the Yoast SEO plugin v26.4 - https:\/\/yoast.com\/wordpress\/plugins\/seo\/ -->\n<title>Ripple \u00c9tag\u00e8re Verre D\u00e9poli\/Laiton - H\u00fcbsch<\/title>\n<meta name=\"description\" content=\"Le pr\u00e9sentoir \u00e0 g\u00e2teaux est en m\u00e9tal et en verre. La combinaison du verre transparent et du verre d\u00e9poli ainsi que le m\u00e9tal dor\u00e9 lui conf\u00e8rent un look\" \/>\n<meta name=\"robots\" content=\"index, follow, max-snippet:-1, max-image-preview:large, max-video-preview:-1\" \/>\n<link rel=\"canonical\" href=\"https:\/\/hubsch-interior.com\/fr\/wp-json\/wp\/v2\/product\/21301\" \/>\n<meta property=\"og:locale\" content=\"fr_FR\" \/>\n<meta property=\"og:type\" content=\"article\" \/>\n<meta property=\"og:title\" content=\"Ripple \u00c9tag\u00e8re Verre D\u00e9poli\/Laiton - H\u00fcbsch\" \/>\n<meta property=\"og:description\" content=\"Le pr\u00e9sentoir \u00e0 g\u00e2teaux est en m\u00e9tal et en verre. La combinaison du verre transparent et du verre d\u00e9poli ainsi que le m\u00e9tal dor\u00e9 lui conf\u00e8rent un look\" \/>\n<meta property=\"og:url\" content=\"https:\/\/hubsch-interior.com\/fr\/produit\/ripple-etagere-verre-depoli-laiton\/\" \/>\n<meta property=\"og:site_name\" content=\"H\u00fcbsch\" \/>\n<meta property=\"article:modified_time\" content=\"2026-04-29T03:18:14+00:00\" \/>\n<meta property=\"og:image\" content=\"https:\/\/hubsch-interior.com\/wp-content\/uploads\/2026\/02\/ripple-etagere-frostedbrass-83c3a5b2f79a4f3c77698da8db351e32.jpg\" \/>\n\t<meta property=\"og:image:width\" content=\"1024\" \/>\n\t<meta property=\"og:image:height\" content=\"1024\" \/>\n\t<meta property=\"og:image:type\" content=\"image\/jpeg\" \/>\n<meta name=\"twitter:card\" content=\"summary_large_image\" \/>\n<script type=\"application\/ld+json\" class=\"yoast-schema-graph\">{\"@context\":\"https:\/\/schema.org\",\"@graph\":[{\"@type\":\"WebPage\",\"@id\":\"https:\/\/hubsch-interior.com\/fr\/produit\/ripple-etagere-verre-depoli-laiton\/\",\"url\":\"https:\/\/hubsch-interior.com\/fr\/produit\/ripple-etagere-verre-depoli-laiton\/\",\"name\":\"Ripple \u00c9tag\u00e8re Verre D\u00e9poli\/Laiton - H\u00fcbsch\",\"isPartOf\":{\"@id\":\"https:\/\/hubsch-interior.com\/fr\/#website\"},\"primaryImageOfPage\":{\"@id\":\"https:\/\/hubsch-interior.com\/fr\/produit\/ripple-etagere-verre-depoli-laiton\/#primaryimage\"},\"image\":{\"@id\":\"https:\/\/hubsch-interior.com\/fr\/produit\/ripple-etagere-verre-depoli-laiton\/#primaryimage\"},\"thumbnailUrl\":\"https:\/\/hubsch-interior.com\/wp-content\/uploads\/2026\/02\/ripple-etagere-frostedbrass-83c3a5b2f79a4f3c77698da8db351e32.jpg\",\"datePublished\":\"2020-09-09T21:31:50+00:00\",\"dateModified\":\"2026-04-29T03:18:14+00:00\",\"description\":\"Le pr\u00e9sentoir \u00e0 g\u00e2teaux est en m\u00e9tal et en verre. La combinaison du verre transparent et du verre d\u00e9poli ainsi que le m\u00e9tal dor\u00e9 lui conf\u00e8rent un look\",\"breadcrumb\":{\"@id\":\"https:\/\/hubsch-interior.com\/fr\/produit\/ripple-etagere-verre-depoli-laiton\/#breadcrumb\"},\"inLanguage\":\"fr-FR\",\"potentialAction\":[{\"@type\":\"ReadAction\",\"target\":[\"https:\/\/hubsch-interior.com\/fr\/produit\/ripple-etagere-verre-depoli-laiton\/\"]}]},{\"@type\":\"ImageObject\",\"inLanguage\":\"fr-FR\",\"@id\":\"https:\/\/hubsch-interior.com\/fr\/produit\/ripple-etagere-verre-depoli-laiton\/#primaryimage\",\"url\":\"https:\/\/hubsch-interior.com\/wp-content\/uploads\/2026\/02\/ripple-etagere-frostedbrass-83c3a5b2f79a4f3c77698da8db351e32.jpg\",\"contentUrl\":\"https:\/\/hubsch-interior.com\/wp-content\/uploads\/2026\/02\/ripple-etagere-frostedbrass-83c3a5b2f79a4f3c77698da8db351e32.jpg\",\"width\":1024,\"height\":1024},{\"@type\":\"BreadcrumbList\",\"@id\":\"https:\/\/hubsch-interior.com\/fr\/produit\/ripple-etagere-verre-depoli-laiton\/#breadcrumb\",\"itemListElement\":[{\"@type\":\"ListItem\",\"position\":1,\"name\":\"Page d'accueil\",\"item\":\"https:\/\/hubsch-interior.com\/fr\/\"},{\"@type\":\"ListItem\",\"position\":2,\"name\":\"Produits\",\"item\":\"https:\/\/hubsch-interior.com\/fr\/shop-2\/\"},{\"@type\":\"ListItem\",\"position\":3,\"name\":\"Cuisine\",\"item\":\"https:\/\/hubsch-interior.com\/fr\/categorie-produit\/cuisine\/\"},{\"@type\":\"ListItem\",\"position\":4,\"name\":\"Vaisselle\",\"item\":\"https:\/\/hubsch-interior.com\/fr\/categorie-produit\/cuisine\/vaisselle-fr-2\/\"},{\"@type\":\"ListItem\",\"position\":5,\"name\":\"Plateaux et Assiettes de service\",\"item\":\"https:\/\/hubsch-interior.com\/fr\/categorie-produit\/cuisine\/vaisselle-fr-2\/plateaux-et-assiettes-de-service-fr\/\"},{\"@type\":\"ListItem\",\"position\":6,\"name\":\"Ripple \u00c9tag\u00e8re Verre D\u00e9poli\/Laiton\"}]},{\"@type\":\"WebSite\",\"@id\":\"https:\/\/hubsch-interior.com\/fr\/#website\",\"url\":\"https:\/\/hubsch-interior.com\/fr\/\",\"name\":\"H\u00fcbsch\",\"description\":\"Danish Home Interior and Design\",\"publisher\":{\"@id\":\"https:\/\/hubsch-interior.com\/fr\/#organization\"},\"potentialAction\":[{\"@type\":\"SearchAction\",\"target\":{\"@type\":\"EntryPoint\",\"urlTemplate\":\"https:\/\/hubsch-interior.com\/fr\/?s={search_term_string}\"},\"query-input\":{\"@type\":\"PropertyValueSpecification\",\"valueRequired\":true,\"valueName\":\"search_term_string\"}}],\"inLanguage\":\"fr-FR\"},{\"@type\":\"Organization\",\"@id\":\"https:\/\/hubsch-interior.com\/fr\/#organization\",\"name\":\"H\u00fcbsch\",\"url\":\"https:\/\/hubsch-interior.com\/fr\/\",\"logo\":{\"@type\":\"ImageObject\",\"inLanguage\":\"fr-FR\",\"@id\":\"https:\/\/hubsch-interior.com\/fr\/#\/schema\/logo\/image\/\",\"url\":\"https:\/\/hubsch-interior.com\/wp-content\/uploads\/2022\/12\/Hubsch_logo_black_one_line.svg\",\"contentUrl\":\"https:\/\/hubsch-interior.com\/wp-content\/uploads\/2022\/12\/Hubsch_logo_black_one_line.svg\",\"caption\":\"H\u00fcbsch\"},\"image\":{\"@id\":\"https:\/\/hubsch-interior.com\/fr\/#\/schema\/logo\/image\/\"}}]}<\/script>\n<!-- \/ Yoast SEO plugin. -->","yoast_head_json":{"title":"Ripple \u00c9tag\u00e8re Verre D\u00e9poli\/Laiton - H\u00fcbsch","description":"Le pr\u00e9sentoir \u00e0 g\u00e2teaux est en m\u00e9tal et en verre. La combinaison du verre transparent et du verre d\u00e9poli ainsi que le m\u00e9tal dor\u00e9 lui conf\u00e8rent un look","robots":{"index":"index","follow":"follow","max-snippet":"max-snippet:-1","max-image-preview":"max-image-preview:large","max-video-preview":"max-video-preview:-1"},"canonical":"https:\/\/hubsch-interior.com\/fr\/wp-json\/wp\/v2\/product\/21301","og_locale":"fr_FR","og_type":"article","og_title":"Ripple \u00c9tag\u00e8re Verre D\u00e9poli\/Laiton - H\u00fcbsch","og_description":"Le pr\u00e9sentoir \u00e0 g\u00e2teaux est en m\u00e9tal et en verre. La combinaison du verre transparent et du verre d\u00e9poli ainsi que le m\u00e9tal dor\u00e9 lui conf\u00e8rent un look","og_url":"https:\/\/hubsch-interior.com\/fr\/produit\/ripple-etagere-verre-depoli-laiton\/","og_site_name":"H\u00fcbsch","article_modified_time":"2026-04-29T03:18:14+00:00","og_image":[{"width":1024,"height":1024,"url":"https:\/\/hubsch-interior.com\/wp-content\/uploads\/2026\/02\/ripple-etagere-frostedbrass-83c3a5b2f79a4f3c77698da8db351e32.jpg","type":"image\/jpeg"}],"twitter_card":"summary_large_image","schema":{"@context":"https:\/\/schema.org","@graph":[{"@type":"WebPage","@id":"https:\/\/hubsch-interior.com\/fr\/produit\/ripple-etagere-verre-depoli-laiton\/","url":"https:\/\/hubsch-interior.com\/fr\/produit\/ripple-etagere-verre-depoli-laiton\/","name":"Ripple \u00c9tag\u00e8re Verre D\u00e9poli\/Laiton - H\u00fcbsch","isPartOf":{"@id":"https:\/\/hubsch-interior.com\/fr\/#website"},"primaryImageOfPage":{"@id":"https:\/\/hubsch-interior.com\/fr\/produit\/ripple-etagere-verre-depoli-laiton\/#primaryimage"},"image":{"@id":"https:\/\/hubsch-interior.com\/fr\/produit\/ripple-etagere-verre-depoli-laiton\/#primaryimage"},"thumbnailUrl":"https:\/\/hubsch-interior.com\/wp-content\/uploads\/2026\/02\/ripple-etagere-frostedbrass-83c3a5b2f79a4f3c77698da8db351e32.jpg","datePublished":"2020-09-09T21:31:50+00:00","dateModified":"2026-04-29T03:18:14+00:00","description":"Le pr\u00e9sentoir \u00e0 g\u00e2teaux est en m\u00e9tal et en verre. La combinaison du verre transparent et du verre d\u00e9poli ainsi que le m\u00e9tal dor\u00e9 lui conf\u00e8rent un look","breadcrumb":{"@id":"https:\/\/hubsch-interior.com\/fr\/produit\/ripple-etagere-verre-depoli-laiton\/#breadcrumb"},"inLanguage":"fr-FR","potentialAction":[{"@type":"ReadAction","target":["https:\/\/hubsch-interior.com\/fr\/produit\/ripple-etagere-verre-depoli-laiton\/"]}]},{"@type":"ImageObject","inLanguage":"fr-FR","@id":"https:\/\/hubsch-interior.com\/fr\/produit\/ripple-etagere-verre-depoli-laiton\/#primaryimage","url":"https:\/\/hubsch-interior.com\/wp-content\/uploads\/2026\/02\/ripple-etagere-frostedbrass-83c3a5b2f79a4f3c77698da8db351e32.jpg","contentUrl":"https:\/\/hubsch-interior.com\/wp-content\/uploads\/2026\/02\/ripple-etagere-frostedbrass-83c3a5b2f79a4f3c77698da8db351e32.jpg","width":1024,"height":1024},{"@type":"BreadcrumbList","@id":"https:\/\/hubsch-interior.com\/fr\/produit\/ripple-etagere-verre-depoli-laiton\/#breadcrumb","itemListElement":[{"@type":"ListItem","position":1,"name":"Page d'accueil","item":"https:\/\/hubsch-interior.com\/fr\/"},{"@type":"ListItem","position":2,"name":"Produits","item":"https:\/\/hubsch-interior.com\/fr\/shop-2\/"},{"@type":"ListItem","position":3,"name":"Cuisine","item":"https:\/\/hubsch-interior.com\/fr\/categorie-produit\/cuisine\/"},{"@type":"ListItem","position":4,"name":"Vaisselle","item":"https:\/\/hubsch-interior.com\/fr\/categorie-produit\/cuisine\/vaisselle-fr-2\/"},{"@type":"ListItem","position":5,"name":"Plateaux et Assiettes de service","item":"https:\/\/hubsch-interior.com\/fr\/categorie-produit\/cuisine\/vaisselle-fr-2\/plateaux-et-assiettes-de-service-fr\/"},{"@type":"ListItem","position":6,"name":"Ripple \u00c9tag\u00e8re Verre D\u00e9poli\/Laiton"}]},{"@type":"WebSite","@id":"https:\/\/hubsch-interior.com\/fr\/#website","url":"https:\/\/hubsch-interior.com\/fr\/","name":"H\u00fcbsch","description":"Danish Home Interior and Design","publisher":{"@id":"https:\/\/hubsch-interior.com\/fr\/#organization"},"potentialAction":[{"@type":"SearchAction","target":{"@type":"EntryPoint","urlTemplate":"https:\/\/hubsch-interior.com\/fr\/?s={search_term_string}"},"query-input":{"@type":"PropertyValueSpecification","valueRequired":true,"valueName":"search_term_string"}}],"inLanguage":"fr-FR"},{"@type":"Organization","@id":"https:\/\/hubsch-interior.com\/fr\/#organization","name":"H\u00fcbsch","url":"https:\/\/hubsch-interior.com\/fr\/","logo":{"@type":"ImageObject","inLanguage":"fr-FR","@id":"https:\/\/hubsch-interior.com\/fr\/#\/schema\/logo\/image\/","url":"https:\/\/hubsch-interior.com\/wp-content\/uploads\/2022\/12\/Hubsch_logo_black_one_line.svg","contentUrl":"https:\/\/hubsch-interior.com\/wp-content\/uploads\/2022\/12\/Hubsch_logo_black_one_line.svg","caption":"H\u00fcbsch"},"image":{"@id":"https:\/\/hubsch-interior.com\/fr\/#\/schema\/logo\/image\/"}}]}},"_links":{"self":[{"href":"https:\/\/hubsch-interior.com\/fr\/wp-json\/wp\/v2\/product\/21301","targetHints":{"allow":["GET"]}}],"collection":[{"href":"https:\/\/hubsch-interior.com\/fr\/wp-json\/wp\/v2\/product"}],"about":[{"href":"https:\/\/hubsch-interior.com\/fr\/wp-json\/wp\/v2\/types\/product"}],"wp:featuredmedia":[{"embeddable":true,"href":"https:\/\/hubsch-interior.com\/fr\/wp-json\/wp\/v2\/media\/1112915"}],"wp:attachment":[{"href":"https:\/\/hubsch-interior.com\/fr\/wp-json\/wp\/v2\/media?parent=21301"}],"wp:term":[{"taxonomy":"product_brand","embeddable":true,"href":"https:\/\/hubsch-interior.com\/fr\/wp-json\/wp\/v2\/product_brand?post=21301"},{"taxonomy":"product_cat","embeddable":true,"href":"https:\/\/hubsch-interior.com\/fr\/wp-json\/wp\/v2\/product_cat?post=21301"},{"taxonomy":"product_tag","embeddable":true,"href":"https:\/\/hubsch-interior.com\/fr\/wp-json\/wp\/v2\/product_tag?post=21301"}],"curies":[{"name":"wp","href":"https:\/\/api.w.org\/{rel}","templated":true}]}}