{"id":21313,"date":"2020-09-09T23:31:52","date_gmt":"2020-09-09T21:31:52","guid":{"rendered":"https:\/\/hubsch-interior.com\/vare\/product\/"},"modified":"2026-04-11T05:11:00","modified_gmt":"2026-04-11T03:11:00","slug":"villa-banc-noir","status":"publish","type":"product","link":"https:\/\/hubsch-interior.com\/fr\/produit\/villa-banc-noir\/","title":{"rendered":"Villa Banc Noir"},"content":{"rendered":"<p>Ce banc en m\u00e9tal noir s&#8217;assortit parfaitement avec nos meubles d&#8217;ext\u00e9rieur. Vous pouvez \u00e9galement le placer seul pour d\u00e9corer votre balcon ou votre terrasse. Afin de cr\u00e9er une atmosph\u00e8re chaleureuse sur votre terrasse, vous pouvez placer des lanternes pr\u00e8s de votre banc, ajouter quelques oreillers et une couverture sur le banc<\/p>\n","protected":false},"excerpt":{"rendered":"<p>Ce banc en m\u00e9tal noir s&#8217;assortit parfaitement avec nos meubles d&#8217;ext\u00e9rieur. Vous pouvez \u00e9galement le placer seul pour d\u00e9corer votre balcon ou votre terrasse. Afin de cr\u00e9er une atmosph\u00e8re chaleureuse sur votre terrasse, vous pouvez placer des lanternes pr\u00e8s de votre banc, ajouter quelques oreillers et une couverture sur le banc<\/p>\n","protected":false},"featured_media":1116674,"template":"","meta":{"_acf_changed":false,"inline_featured_image":false},"product_brand":[],"product_cat":[7098,5012],"product_tag":[],"class_list":{"0":"post-21313","1":"product","2":"type-product","3":"status-publish","4":"has-post-thumbnail","6":"product_cat-chaises-de-jardin-fr","7":"product_cat-mobilier-du-jardin-fr","8":"product_shipping_class-p10","10":"pa_color-noir","11":"pa_material-acier-inoxydable","13":"first","14":"outofstock","15":"taxable","16":"shipping-taxable","17":"purchasable","18":"product-type-simple"},"exclude_global_add_ons":[],"addons":[],"acf":[],"yoast_head":"<!-- This site is optimized with the Yoast SEO plugin v26.4 - https:\/\/yoast.com\/wordpress\/plugins\/seo\/ -->\n<title>Villa Banc Noir - H\u00fcbsch<\/title>\n<meta name=\"description\" content=\"Ce banc en m\u00e9tal noir s&#039;assortit parfaitement avec nos meubles d&#039;ext\u00e9rieur. Vous pouvez \u00e9galement le placer seul pour d\u00e9corer votre balcon ou votre\" \/>\n<meta name=\"robots\" content=\"index, follow, max-snippet:-1, max-image-preview:large, max-video-preview:-1\" \/>\n<link rel=\"canonical\" href=\"https:\/\/hubsch-interior.com\/fr\/wp-json\/wp\/v2\/product\/21313\" \/>\n<meta property=\"og:locale\" content=\"fr_FR\" \/>\n<meta property=\"og:type\" content=\"article\" \/>\n<meta property=\"og:title\" content=\"Villa Banc Noir - H\u00fcbsch\" \/>\n<meta property=\"og:description\" content=\"Ce banc en m\u00e9tal noir s&#039;assortit parfaitement avec nos meubles d&#039;ext\u00e9rieur. Vous pouvez \u00e9galement le placer seul pour d\u00e9corer votre balcon ou votre\" \/>\n<meta property=\"og:url\" content=\"https:\/\/hubsch-interior.com\/fr\/produit\/villa-banc-noir\/\" \/>\n<meta property=\"og:site_name\" content=\"H\u00fcbsch\" \/>\n<meta property=\"article:modified_time\" content=\"2026-04-11T03:11:00+00:00\" \/>\n<meta property=\"og:image\" content=\"https:\/\/hubsch-interior.com\/wp-content\/uploads\/2026\/04\/villa-bench-black-91ae68227879cc489906d81d00b94c04.jpg\" \/>\n\t<meta property=\"og:image:width\" content=\"1024\" \/>\n\t<meta property=\"og:image:height\" content=\"1024\" \/>\n\t<meta property=\"og:image:type\" content=\"image\/jpeg\" \/>\n<meta name=\"twitter:card\" content=\"summary_large_image\" \/>\n<script type=\"application\/ld+json\" class=\"yoast-schema-graph\">{\"@context\":\"https:\/\/schema.org\",\"@graph\":[{\"@type\":\"WebPage\",\"@id\":\"https:\/\/hubsch-interior.com\/fr\/produit\/villa-banc-noir\/\",\"url\":\"https:\/\/hubsch-interior.com\/fr\/produit\/villa-banc-noir\/\",\"name\":\"Villa Banc Noir - H\u00fcbsch\",\"isPartOf\":{\"@id\":\"https:\/\/hubsch-interior.com\/fr\/#website\"},\"primaryImageOfPage\":{\"@id\":\"https:\/\/hubsch-interior.com\/fr\/produit\/villa-banc-noir\/#primaryimage\"},\"image\":{\"@id\":\"https:\/\/hubsch-interior.com\/fr\/produit\/villa-banc-noir\/#primaryimage\"},\"thumbnailUrl\":\"https:\/\/hubsch-interior.com\/wp-content\/uploads\/2026\/04\/villa-bench-black-91ae68227879cc489906d81d00b94c04.jpg\",\"datePublished\":\"2020-09-09T21:31:52+00:00\",\"dateModified\":\"2026-04-11T03:11:00+00:00\",\"description\":\"Ce banc en m\u00e9tal noir s'assortit parfaitement avec nos meubles d'ext\u00e9rieur. Vous pouvez \u00e9galement le placer seul pour d\u00e9corer votre balcon ou votre\",\"breadcrumb\":{\"@id\":\"https:\/\/hubsch-interior.com\/fr\/produit\/villa-banc-noir\/#breadcrumb\"},\"inLanguage\":\"fr-FR\",\"potentialAction\":[{\"@type\":\"ReadAction\",\"target\":[\"https:\/\/hubsch-interior.com\/fr\/produit\/villa-banc-noir\/\"]}]},{\"@type\":\"ImageObject\",\"inLanguage\":\"fr-FR\",\"@id\":\"https:\/\/hubsch-interior.com\/fr\/produit\/villa-banc-noir\/#primaryimage\",\"url\":\"https:\/\/hubsch-interior.com\/wp-content\/uploads\/2026\/04\/villa-bench-black-91ae68227879cc489906d81d00b94c04.jpg\",\"contentUrl\":\"https:\/\/hubsch-interior.com\/wp-content\/uploads\/2026\/04\/villa-bench-black-91ae68227879cc489906d81d00b94c04.jpg\",\"width\":1024,\"height\":1024},{\"@type\":\"BreadcrumbList\",\"@id\":\"https:\/\/hubsch-interior.com\/fr\/produit\/villa-banc-noir\/#breadcrumb\",\"itemListElement\":[{\"@type\":\"ListItem\",\"position\":1,\"name\":\"Page d'accueil\",\"item\":\"https:\/\/hubsch-interior.com\/fr\/\"},{\"@type\":\"ListItem\",\"position\":2,\"name\":\"Produits\",\"item\":\"https:\/\/hubsch-interior.com\/fr\/shop-2\/\"},{\"@type\":\"ListItem\",\"position\":3,\"name\":\"Meubles\",\"item\":\"https:\/\/hubsch-interior.com\/fr\/categorie-produit\/meubles\/\"},{\"@type\":\"ListItem\",\"position\":4,\"name\":\"Mobilier du jardin\",\"item\":\"https:\/\/hubsch-interior.com\/fr\/categorie-produit\/meubles\/mobilier-du-jardin-fr\/\"},{\"@type\":\"ListItem\",\"position\":5,\"name\":\"Chaises de jardin\",\"item\":\"https:\/\/hubsch-interior.com\/fr\/categorie-produit\/meubles\/mobilier-du-jardin-fr\/chaises-de-jardin-fr\/\"},{\"@type\":\"ListItem\",\"position\":6,\"name\":\"Villa Banc Noir\"}]},{\"@type\":\"WebSite\",\"@id\":\"https:\/\/hubsch-interior.com\/fr\/#website\",\"url\":\"https:\/\/hubsch-interior.com\/fr\/\",\"name\":\"H\u00fcbsch\",\"description\":\"Danish Home Interior and Design\",\"publisher\":{\"@id\":\"https:\/\/hubsch-interior.com\/fr\/#organization\"},\"potentialAction\":[{\"@type\":\"SearchAction\",\"target\":{\"@type\":\"EntryPoint\",\"urlTemplate\":\"https:\/\/hubsch-interior.com\/fr\/?s={search_term_string}\"},\"query-input\":{\"@type\":\"PropertyValueSpecification\",\"valueRequired\":true,\"valueName\":\"search_term_string\"}}],\"inLanguage\":\"fr-FR\"},{\"@type\":\"Organization\",\"@id\":\"https:\/\/hubsch-interior.com\/fr\/#organization\",\"name\":\"H\u00fcbsch\",\"url\":\"https:\/\/hubsch-interior.com\/fr\/\",\"logo\":{\"@type\":\"ImageObject\",\"inLanguage\":\"fr-FR\",\"@id\":\"https:\/\/hubsch-interior.com\/fr\/#\/schema\/logo\/image\/\",\"url\":\"https:\/\/hubsch-interior.com\/wp-content\/uploads\/2022\/12\/Hubsch_logo_black_one_line.svg\",\"contentUrl\":\"https:\/\/hubsch-interior.com\/wp-content\/uploads\/2022\/12\/Hubsch_logo_black_one_line.svg\",\"caption\":\"H\u00fcbsch\"},\"image\":{\"@id\":\"https:\/\/hubsch-interior.com\/fr\/#\/schema\/logo\/image\/\"}}]}<\/script>\n<!-- \/ Yoast SEO plugin. -->","yoast_head_json":{"title":"Villa Banc Noir - H\u00fcbsch","description":"Ce banc en m\u00e9tal noir s'assortit parfaitement avec nos meubles d'ext\u00e9rieur. Vous pouvez \u00e9galement le placer seul pour d\u00e9corer votre balcon ou votre","robots":{"index":"index","follow":"follow","max-snippet":"max-snippet:-1","max-image-preview":"max-image-preview:large","max-video-preview":"max-video-preview:-1"},"canonical":"https:\/\/hubsch-interior.com\/fr\/wp-json\/wp\/v2\/product\/21313","og_locale":"fr_FR","og_type":"article","og_title":"Villa Banc Noir - H\u00fcbsch","og_description":"Ce banc en m\u00e9tal noir s'assortit parfaitement avec nos meubles d'ext\u00e9rieur. Vous pouvez \u00e9galement le placer seul pour d\u00e9corer votre balcon ou votre","og_url":"https:\/\/hubsch-interior.com\/fr\/produit\/villa-banc-noir\/","og_site_name":"H\u00fcbsch","article_modified_time":"2026-04-11T03:11:00+00:00","og_image":[{"width":1024,"height":1024,"url":"https:\/\/hubsch-interior.com\/wp-content\/uploads\/2026\/04\/villa-bench-black-91ae68227879cc489906d81d00b94c04.jpg","type":"image\/jpeg"}],"twitter_card":"summary_large_image","schema":{"@context":"https:\/\/schema.org","@graph":[{"@type":"WebPage","@id":"https:\/\/hubsch-interior.com\/fr\/produit\/villa-banc-noir\/","url":"https:\/\/hubsch-interior.com\/fr\/produit\/villa-banc-noir\/","name":"Villa Banc Noir - H\u00fcbsch","isPartOf":{"@id":"https:\/\/hubsch-interior.com\/fr\/#website"},"primaryImageOfPage":{"@id":"https:\/\/hubsch-interior.com\/fr\/produit\/villa-banc-noir\/#primaryimage"},"image":{"@id":"https:\/\/hubsch-interior.com\/fr\/produit\/villa-banc-noir\/#primaryimage"},"thumbnailUrl":"https:\/\/hubsch-interior.com\/wp-content\/uploads\/2026\/04\/villa-bench-black-91ae68227879cc489906d81d00b94c04.jpg","datePublished":"2020-09-09T21:31:52+00:00","dateModified":"2026-04-11T03:11:00+00:00","description":"Ce banc en m\u00e9tal noir s'assortit parfaitement avec nos meubles d'ext\u00e9rieur. Vous pouvez \u00e9galement le placer seul pour d\u00e9corer votre balcon ou votre","breadcrumb":{"@id":"https:\/\/hubsch-interior.com\/fr\/produit\/villa-banc-noir\/#breadcrumb"},"inLanguage":"fr-FR","potentialAction":[{"@type":"ReadAction","target":["https:\/\/hubsch-interior.com\/fr\/produit\/villa-banc-noir\/"]}]},{"@type":"ImageObject","inLanguage":"fr-FR","@id":"https:\/\/hubsch-interior.com\/fr\/produit\/villa-banc-noir\/#primaryimage","url":"https:\/\/hubsch-interior.com\/wp-content\/uploads\/2026\/04\/villa-bench-black-91ae68227879cc489906d81d00b94c04.jpg","contentUrl":"https:\/\/hubsch-interior.com\/wp-content\/uploads\/2026\/04\/villa-bench-black-91ae68227879cc489906d81d00b94c04.jpg","width":1024,"height":1024},{"@type":"BreadcrumbList","@id":"https:\/\/hubsch-interior.com\/fr\/produit\/villa-banc-noir\/#breadcrumb","itemListElement":[{"@type":"ListItem","position":1,"name":"Page d'accueil","item":"https:\/\/hubsch-interior.com\/fr\/"},{"@type":"ListItem","position":2,"name":"Produits","item":"https:\/\/hubsch-interior.com\/fr\/shop-2\/"},{"@type":"ListItem","position":3,"name":"Meubles","item":"https:\/\/hubsch-interior.com\/fr\/categorie-produit\/meubles\/"},{"@type":"ListItem","position":4,"name":"Mobilier du jardin","item":"https:\/\/hubsch-interior.com\/fr\/categorie-produit\/meubles\/mobilier-du-jardin-fr\/"},{"@type":"ListItem","position":5,"name":"Chaises de jardin","item":"https:\/\/hubsch-interior.com\/fr\/categorie-produit\/meubles\/mobilier-du-jardin-fr\/chaises-de-jardin-fr\/"},{"@type":"ListItem","position":6,"name":"Villa Banc Noir"}]},{"@type":"WebSite","@id":"https:\/\/hubsch-interior.com\/fr\/#website","url":"https:\/\/hubsch-interior.com\/fr\/","name":"H\u00fcbsch","description":"Danish Home Interior and Design","publisher":{"@id":"https:\/\/hubsch-interior.com\/fr\/#organization"},"potentialAction":[{"@type":"SearchAction","target":{"@type":"EntryPoint","urlTemplate":"https:\/\/hubsch-interior.com\/fr\/?s={search_term_string}"},"query-input":{"@type":"PropertyValueSpecification","valueRequired":true,"valueName":"search_term_string"}}],"inLanguage":"fr-FR"},{"@type":"Organization","@id":"https:\/\/hubsch-interior.com\/fr\/#organization","name":"H\u00fcbsch","url":"https:\/\/hubsch-interior.com\/fr\/","logo":{"@type":"ImageObject","inLanguage":"fr-FR","@id":"https:\/\/hubsch-interior.com\/fr\/#\/schema\/logo\/image\/","url":"https:\/\/hubsch-interior.com\/wp-content\/uploads\/2022\/12\/Hubsch_logo_black_one_line.svg","contentUrl":"https:\/\/hubsch-interior.com\/wp-content\/uploads\/2022\/12\/Hubsch_logo_black_one_line.svg","caption":"H\u00fcbsch"},"image":{"@id":"https:\/\/hubsch-interior.com\/fr\/#\/schema\/logo\/image\/"}}]}},"_links":{"self":[{"href":"https:\/\/hubsch-interior.com\/fr\/wp-json\/wp\/v2\/product\/21313","targetHints":{"allow":["GET"]}}],"collection":[{"href":"https:\/\/hubsch-interior.com\/fr\/wp-json\/wp\/v2\/product"}],"about":[{"href":"https:\/\/hubsch-interior.com\/fr\/wp-json\/wp\/v2\/types\/product"}],"wp:featuredmedia":[{"embeddable":true,"href":"https:\/\/hubsch-interior.com\/fr\/wp-json\/wp\/v2\/media\/1116674"}],"wp:attachment":[{"href":"https:\/\/hubsch-interior.com\/fr\/wp-json\/wp\/v2\/media?parent=21313"}],"wp:term":[{"taxonomy":"product_brand","embeddable":true,"href":"https:\/\/hubsch-interior.com\/fr\/wp-json\/wp\/v2\/product_brand?post=21313"},{"taxonomy":"product_cat","embeddable":true,"href":"https:\/\/hubsch-interior.com\/fr\/wp-json\/wp\/v2\/product_cat?post=21313"},{"taxonomy":"product_tag","embeddable":true,"href":"https:\/\/hubsch-interior.com\/fr\/wp-json\/wp\/v2\/product_tag?post=21313"}],"curies":[{"name":"wp","href":"https:\/\/api.w.org\/{rel}","templated":true}]}}