{"id":255086,"date":"2021-02-10T15:12:34","date_gmt":"2021-02-10T14:12:34","guid":{"rendered":"https:\/\/hubsch-interior.com\/product\/product-56\/"},"modified":"2026-04-05T05:17:32","modified_gmt":"2026-04-05T03:17:32","slug":"stone-plateau-terrazzo","status":"publish","type":"product","link":"https:\/\/hubsch-interior.com\/fr\/produit\/stone-plateau-terrazzo\/","title":{"rendered":"Stone Plateau Terrazzo"},"content":{"rendered":"<p>Le plateau en terrazzo beige peut \u00eatre utilis\u00e9 dans diff\u00e9rentes pi\u00e8ces pour divers besoins. Utilisez le plateau dans la cuisine pour pr\u00e9senter les aliments ou les objets en c\u00e9ramique, dans la salle de bain pour les savons, dans la chambre pour les bijoux et autres objets. Le terrazzo beige apporte une touche amusante au plateau.<\/p>\n","protected":false},"excerpt":{"rendered":"<p>Le plateau en terrazzo beige peut \u00eatre utilis\u00e9 dans diff\u00e9rentes pi\u00e8ces pour divers besoins. Utilisez le plateau dans la cuisine pour pr\u00e9senter les aliments ou les objets en c\u00e9ramique, dans la salle de bain pour les savons, dans la chambre pour les bijoux et autres objets. Le terrazzo beige apporte une touche amusante au plateau.<\/p>\n","protected":false},"featured_media":1109311,"template":"","meta":{"_acf_changed":false,"inline_featured_image":false},"product_brand":[],"product_cat":[7039,7027,4053,4095,4054,4123,5030],"product_tag":[],"class_list":{"0":"post-255086","1":"product","2":"type-product","3":"status-publish","4":"has-post-thumbnail","6":"product_cat-cuisine-plateaux-fr","7":"product_cat-vaisselle-fr-2","8":"product_cat-accessoires-de-cuisine-fr","9":"product_cat-vaisselle-fr","10":"product_cat-plateaux-fr","11":"product_cat-planches-a-decouper-fr","12":"product_cat-de-nouveau-en-stock-fr","13":"product_shipping_class-pk","15":"pa_color-terrazzo-3","16":"pa_material-terrazzo-fr","18":"first","19":"instock","20":"taxable","21":"shipping-taxable","22":"purchasable","23":"product-type-simple"},"exclude_global_add_ons":[],"addons":[],"acf":[],"yoast_head":"<!-- This site is optimized with the Yoast SEO plugin v26.4 - https:\/\/yoast.com\/wordpress\/plugins\/seo\/ -->\n<title>Stone Plateau Terrazzo - H\u00fcbsch<\/title>\n<meta name=\"description\" content=\"Le plateau en terrazzo beige peut \u00eatre utilis\u00e9 dans diff\u00e9rentes pi\u00e8ces pour divers besoins. Utilisez le plateau dans la cuisine pour pr\u00e9senter les\" \/>\n<meta name=\"robots\" content=\"index, follow, max-snippet:-1, max-image-preview:large, max-video-preview:-1\" \/>\n<link rel=\"canonical\" href=\"https:\/\/hubsch-interior.com\/fr\/wp-json\/wp\/v2\/product\/255086\" \/>\n<meta property=\"og:locale\" content=\"fr_FR\" \/>\n<meta property=\"og:type\" content=\"article\" \/>\n<meta property=\"og:title\" content=\"Stone Plateau Terrazzo - H\u00fcbsch\" \/>\n<meta property=\"og:description\" content=\"Le plateau en terrazzo beige peut \u00eatre utilis\u00e9 dans diff\u00e9rentes pi\u00e8ces pour divers besoins. Utilisez le plateau dans la cuisine pour pr\u00e9senter les\" \/>\n<meta property=\"og:url\" content=\"https:\/\/hubsch-interior.com\/fr\/produit\/stone-plateau-terrazzo\/\" \/>\n<meta property=\"og:site_name\" content=\"H\u00fcbsch\" \/>\n<meta property=\"article:modified_time\" content=\"2026-04-05T03:17:32+00:00\" \/>\n<meta property=\"og:image\" content=\"https:\/\/hubsch-interior.com\/wp-content\/uploads\/2024\/01\/stone-tray-terrazzo-b2b4240b5c0c7adb9f7c1938199d60ab.jpg\" \/>\n\t<meta property=\"og:image:width\" content=\"1200\" \/>\n\t<meta property=\"og:image:height\" content=\"1200\" \/>\n\t<meta property=\"og:image:type\" content=\"image\/jpeg\" \/>\n<meta name=\"twitter:card\" content=\"summary_large_image\" \/>\n<script type=\"application\/ld+json\" class=\"yoast-schema-graph\">{\"@context\":\"https:\/\/schema.org\",\"@graph\":[{\"@type\":\"WebPage\",\"@id\":\"https:\/\/hubsch-interior.com\/fr\/produit\/stone-plateau-terrazzo\/\",\"url\":\"https:\/\/hubsch-interior.com\/fr\/produit\/stone-plateau-terrazzo\/\",\"name\":\"Stone Plateau Terrazzo - H\u00fcbsch\",\"isPartOf\":{\"@id\":\"https:\/\/hubsch-interior.com\/fr\/#website\"},\"primaryImageOfPage\":{\"@id\":\"https:\/\/hubsch-interior.com\/fr\/produit\/stone-plateau-terrazzo\/#primaryimage\"},\"image\":{\"@id\":\"https:\/\/hubsch-interior.com\/fr\/produit\/stone-plateau-terrazzo\/#primaryimage\"},\"thumbnailUrl\":\"https:\/\/hubsch-interior.com\/wp-content\/uploads\/2026\/02\/stone-tray-terrazzo-9ca3a5f3276acce15d556df7ec6c2d3f.jpg\",\"datePublished\":\"2021-02-10T14:12:34+00:00\",\"dateModified\":\"2026-04-05T03:17:32+00:00\",\"description\":\"Le plateau en terrazzo beige peut \u00eatre utilis\u00e9 dans diff\u00e9rentes pi\u00e8ces pour divers besoins. Utilisez le plateau dans la cuisine pour pr\u00e9senter les\",\"breadcrumb\":{\"@id\":\"https:\/\/hubsch-interior.com\/fr\/produit\/stone-plateau-terrazzo\/#breadcrumb\"},\"inLanguage\":\"fr-FR\",\"potentialAction\":[{\"@type\":\"ReadAction\",\"target\":[\"https:\/\/hubsch-interior.com\/fr\/produit\/stone-plateau-terrazzo\/\"]}]},{\"@type\":\"ImageObject\",\"inLanguage\":\"fr-FR\",\"@id\":\"https:\/\/hubsch-interior.com\/fr\/produit\/stone-plateau-terrazzo\/#primaryimage\",\"url\":\"https:\/\/hubsch-interior.com\/wp-content\/uploads\/2026\/02\/stone-tray-terrazzo-9ca3a5f3276acce15d556df7ec6c2d3f.jpg\",\"contentUrl\":\"https:\/\/hubsch-interior.com\/wp-content\/uploads\/2026\/02\/stone-tray-terrazzo-9ca3a5f3276acce15d556df7ec6c2d3f.jpg\",\"width\":1024,\"height\":1024},{\"@type\":\"BreadcrumbList\",\"@id\":\"https:\/\/hubsch-interior.com\/fr\/produit\/stone-plateau-terrazzo\/#breadcrumb\",\"itemListElement\":[{\"@type\":\"ListItem\",\"position\":1,\"name\":\"Page d'accueil\",\"item\":\"https:\/\/hubsch-interior.com\/fr\/\"},{\"@type\":\"ListItem\",\"position\":2,\"name\":\"Produits\",\"item\":\"https:\/\/hubsch-interior.com\/fr\/shop-2\/\"},{\"@type\":\"ListItem\",\"position\":3,\"name\":\"Cuisine\",\"item\":\"https:\/\/hubsch-interior.com\/fr\/categorie-produit\/cuisine\/\"},{\"@type\":\"ListItem\",\"position\":4,\"name\":\"Vaisselle\",\"item\":\"https:\/\/hubsch-interior.com\/fr\/categorie-produit\/cuisine\/vaisselle-fr-2\/\"},{\"@type\":\"ListItem\",\"position\":5,\"name\":\"Plateaux\",\"item\":\"https:\/\/hubsch-interior.com\/fr\/categorie-produit\/cuisine\/vaisselle-fr-2\/cuisine-plateaux-fr\/\"},{\"@type\":\"ListItem\",\"position\":6,\"name\":\"Stone Plateau Terrazzo\"}]},{\"@type\":\"WebSite\",\"@id\":\"https:\/\/hubsch-interior.com\/fr\/#website\",\"url\":\"https:\/\/hubsch-interior.com\/fr\/\",\"name\":\"H\u00fcbsch\",\"description\":\"Danish Home Interior and Design\",\"publisher\":{\"@id\":\"https:\/\/hubsch-interior.com\/fr\/#organization\"},\"potentialAction\":[{\"@type\":\"SearchAction\",\"target\":{\"@type\":\"EntryPoint\",\"urlTemplate\":\"https:\/\/hubsch-interior.com\/fr\/?s={search_term_string}\"},\"query-input\":{\"@type\":\"PropertyValueSpecification\",\"valueRequired\":true,\"valueName\":\"search_term_string\"}}],\"inLanguage\":\"fr-FR\"},{\"@type\":\"Organization\",\"@id\":\"https:\/\/hubsch-interior.com\/fr\/#organization\",\"name\":\"H\u00fcbsch\",\"url\":\"https:\/\/hubsch-interior.com\/fr\/\",\"logo\":{\"@type\":\"ImageObject\",\"inLanguage\":\"fr-FR\",\"@id\":\"https:\/\/hubsch-interior.com\/fr\/#\/schema\/logo\/image\/\",\"url\":\"https:\/\/hubsch-interior.com\/wp-content\/uploads\/2022\/12\/Hubsch_logo_black_one_line.svg\",\"contentUrl\":\"https:\/\/hubsch-interior.com\/wp-content\/uploads\/2022\/12\/Hubsch_logo_black_one_line.svg\",\"caption\":\"H\u00fcbsch\"},\"image\":{\"@id\":\"https:\/\/hubsch-interior.com\/fr\/#\/schema\/logo\/image\/\"}}]}<\/script>\n<!-- \/ Yoast SEO plugin. -->","yoast_head_json":{"title":"Stone Plateau Terrazzo - H\u00fcbsch","description":"Le plateau en terrazzo beige peut \u00eatre utilis\u00e9 dans diff\u00e9rentes pi\u00e8ces pour divers besoins. Utilisez le plateau dans la cuisine pour pr\u00e9senter les","robots":{"index":"index","follow":"follow","max-snippet":"max-snippet:-1","max-image-preview":"max-image-preview:large","max-video-preview":"max-video-preview:-1"},"canonical":"https:\/\/hubsch-interior.com\/fr\/wp-json\/wp\/v2\/product\/255086","og_locale":"fr_FR","og_type":"article","og_title":"Stone Plateau Terrazzo - H\u00fcbsch","og_description":"Le plateau en terrazzo beige peut \u00eatre utilis\u00e9 dans diff\u00e9rentes pi\u00e8ces pour divers besoins. Utilisez le plateau dans la cuisine pour pr\u00e9senter les","og_url":"https:\/\/hubsch-interior.com\/fr\/produit\/stone-plateau-terrazzo\/","og_site_name":"H\u00fcbsch","article_modified_time":"2026-04-05T03:17:32+00:00","og_image":[{"width":1200,"height":1200,"url":"https:\/\/hubsch-interior.com\/wp-content\/uploads\/2024\/01\/stone-tray-terrazzo-b2b4240b5c0c7adb9f7c1938199d60ab.jpg","type":"image\/jpeg"}],"twitter_card":"summary_large_image","schema":{"@context":"https:\/\/schema.org","@graph":[{"@type":"WebPage","@id":"https:\/\/hubsch-interior.com\/fr\/produit\/stone-plateau-terrazzo\/","url":"https:\/\/hubsch-interior.com\/fr\/produit\/stone-plateau-terrazzo\/","name":"Stone Plateau Terrazzo - H\u00fcbsch","isPartOf":{"@id":"https:\/\/hubsch-interior.com\/fr\/#website"},"primaryImageOfPage":{"@id":"https:\/\/hubsch-interior.com\/fr\/produit\/stone-plateau-terrazzo\/#primaryimage"},"image":{"@id":"https:\/\/hubsch-interior.com\/fr\/produit\/stone-plateau-terrazzo\/#primaryimage"},"thumbnailUrl":"https:\/\/hubsch-interior.com\/wp-content\/uploads\/2026\/02\/stone-tray-terrazzo-9ca3a5f3276acce15d556df7ec6c2d3f.jpg","datePublished":"2021-02-10T14:12:34+00:00","dateModified":"2026-04-05T03:17:32+00:00","description":"Le plateau en terrazzo beige peut \u00eatre utilis\u00e9 dans diff\u00e9rentes pi\u00e8ces pour divers besoins. Utilisez le plateau dans la cuisine pour pr\u00e9senter les","breadcrumb":{"@id":"https:\/\/hubsch-interior.com\/fr\/produit\/stone-plateau-terrazzo\/#breadcrumb"},"inLanguage":"fr-FR","potentialAction":[{"@type":"ReadAction","target":["https:\/\/hubsch-interior.com\/fr\/produit\/stone-plateau-terrazzo\/"]}]},{"@type":"ImageObject","inLanguage":"fr-FR","@id":"https:\/\/hubsch-interior.com\/fr\/produit\/stone-plateau-terrazzo\/#primaryimage","url":"https:\/\/hubsch-interior.com\/wp-content\/uploads\/2026\/02\/stone-tray-terrazzo-9ca3a5f3276acce15d556df7ec6c2d3f.jpg","contentUrl":"https:\/\/hubsch-interior.com\/wp-content\/uploads\/2026\/02\/stone-tray-terrazzo-9ca3a5f3276acce15d556df7ec6c2d3f.jpg","width":1024,"height":1024},{"@type":"BreadcrumbList","@id":"https:\/\/hubsch-interior.com\/fr\/produit\/stone-plateau-terrazzo\/#breadcrumb","itemListElement":[{"@type":"ListItem","position":1,"name":"Page d'accueil","item":"https:\/\/hubsch-interior.com\/fr\/"},{"@type":"ListItem","position":2,"name":"Produits","item":"https:\/\/hubsch-interior.com\/fr\/shop-2\/"},{"@type":"ListItem","position":3,"name":"Cuisine","item":"https:\/\/hubsch-interior.com\/fr\/categorie-produit\/cuisine\/"},{"@type":"ListItem","position":4,"name":"Vaisselle","item":"https:\/\/hubsch-interior.com\/fr\/categorie-produit\/cuisine\/vaisselle-fr-2\/"},{"@type":"ListItem","position":5,"name":"Plateaux","item":"https:\/\/hubsch-interior.com\/fr\/categorie-produit\/cuisine\/vaisselle-fr-2\/cuisine-plateaux-fr\/"},{"@type":"ListItem","position":6,"name":"Stone Plateau Terrazzo"}]},{"@type":"WebSite","@id":"https:\/\/hubsch-interior.com\/fr\/#website","url":"https:\/\/hubsch-interior.com\/fr\/","name":"H\u00fcbsch","description":"Danish Home Interior and Design","publisher":{"@id":"https:\/\/hubsch-interior.com\/fr\/#organization"},"potentialAction":[{"@type":"SearchAction","target":{"@type":"EntryPoint","urlTemplate":"https:\/\/hubsch-interior.com\/fr\/?s={search_term_string}"},"query-input":{"@type":"PropertyValueSpecification","valueRequired":true,"valueName":"search_term_string"}}],"inLanguage":"fr-FR"},{"@type":"Organization","@id":"https:\/\/hubsch-interior.com\/fr\/#organization","name":"H\u00fcbsch","url":"https:\/\/hubsch-interior.com\/fr\/","logo":{"@type":"ImageObject","inLanguage":"fr-FR","@id":"https:\/\/hubsch-interior.com\/fr\/#\/schema\/logo\/image\/","url":"https:\/\/hubsch-interior.com\/wp-content\/uploads\/2022\/12\/Hubsch_logo_black_one_line.svg","contentUrl":"https:\/\/hubsch-interior.com\/wp-content\/uploads\/2022\/12\/Hubsch_logo_black_one_line.svg","caption":"H\u00fcbsch"},"image":{"@id":"https:\/\/hubsch-interior.com\/fr\/#\/schema\/logo\/image\/"}}]}},"_links":{"self":[{"href":"https:\/\/hubsch-interior.com\/fr\/wp-json\/wp\/v2\/product\/255086","targetHints":{"allow":["GET"]}}],"collection":[{"href":"https:\/\/hubsch-interior.com\/fr\/wp-json\/wp\/v2\/product"}],"about":[{"href":"https:\/\/hubsch-interior.com\/fr\/wp-json\/wp\/v2\/types\/product"}],"wp:featuredmedia":[{"embeddable":true,"href":"https:\/\/hubsch-interior.com\/fr\/wp-json\/wp\/v2\/media\/1109311"}],"wp:attachment":[{"href":"https:\/\/hubsch-interior.com\/fr\/wp-json\/wp\/v2\/media?parent=255086"}],"wp:term":[{"taxonomy":"product_brand","embeddable":true,"href":"https:\/\/hubsch-interior.com\/fr\/wp-json\/wp\/v2\/product_brand?post=255086"},{"taxonomy":"product_cat","embeddable":true,"href":"https:\/\/hubsch-interior.com\/fr\/wp-json\/wp\/v2\/product_cat?post=255086"},{"taxonomy":"product_tag","embeddable":true,"href":"https:\/\/hubsch-interior.com\/fr\/wp-json\/wp\/v2\/product_tag?post=255086"}],"curies":[{"name":"wp","href":"https:\/\/api.w.org\/{rel}","templated":true}]}}