{"id":30134,"date":"2020-09-17T09:49:12","date_gmt":"2020-09-17T07:49:12","guid":{"rendered":"https:\/\/hubsch-interior.com\/product\/product-3\/"},"modified":"2026-04-05T04:41:09","modified_gmt":"2026-04-05T02:41:09","slug":"mochi-pouf-o70-bleu-2","status":"publish","type":"product","link":"https:\/\/hubsch-interior.com\/fr\/produit\/mochi-pouf-o70-bleu-2\/","title":{"rendered":"Mochi Pouf \u00d870 Bleu"},"content":{"rendered":"<p>Le pouf est tapiss\u00e9 avec de la laine de couleur bleu fonc\u00e9 et poss\u00e8de une poign\u00e9e en cuir. La couleur fonc\u00e9e associ\u00e9e \u00e0 la forme arrondie et f\u00e9minine conf\u00e8re \u00e0 ce pouf une vibration scandinave et moderne. C&#8217;est un excellent repose-pieds mobile pour votre salon.<\/p>\n","protected":false},"excerpt":{"rendered":"<p>Le pouf est tapiss\u00e9 avec de la laine de couleur bleu fonc\u00e9 et poss\u00e8de une poign\u00e9e en cuir. La couleur fonc\u00e9e associ\u00e9e \u00e0 la forme arrondie et f\u00e9minine conf\u00e8re \u00e0 ce pouf une vibration scandinave et moderne. C&#8217;est un excellent repose-pieds mobile pour votre salon.<\/p>\n","protected":false},"featured_media":1099924,"template":"","meta":{"_acf_changed":false,"inline_featured_image":false},"product_brand":[],"product_cat":[2843,5457,5026],"product_tag":[],"class_list":{"0":"post-30134","1":"product","2":"type-product","3":"status-publish","4":"has-post-thumbnail","6":"product_cat-assises-fr","7":"product_cat-poufs-fr","8":"product_cat-bestsellers-fr","9":"product_shipping_class-p05","11":"pa_color-bleu-2","12":"pa_material-acrylic-10-fr","13":"pa_material-nylon-10-fr","14":"pa_material-polyester-15-fr","15":"pa_material-wool-65-fr","16":"pa_material-cuir","18":"first","19":"instock","20":"featured","21":"taxable","22":"shipping-taxable","23":"purchasable","24":"product-type-simple"},"exclude_global_add_ons":[],"addons":[],"acf":[],"yoast_head":"<!-- This site is optimized with the Yoast SEO plugin v26.4 - https:\/\/yoast.com\/wordpress\/plugins\/seo\/ -->\n<title>Mochi Pouf \u00d870 Bleu - H\u00fcbsch<\/title>\n<meta name=\"description\" content=\"Le pouf est tapiss\u00e9 avec de la laine de couleur bleu fonc\u00e9 et poss\u00e8de une poign\u00e9e en cuir. La couleur fonc\u00e9e associ\u00e9e \u00e0 la forme arrondie et f\u00e9minine\" \/>\n<meta name=\"robots\" content=\"index, follow, max-snippet:-1, max-image-preview:large, max-video-preview:-1\" \/>\n<link rel=\"canonical\" href=\"https:\/\/hubsch-interior.com\/fr\/wp-json\/wp\/v2\/product\/30134\" \/>\n<meta property=\"og:locale\" content=\"fr_FR\" \/>\n<meta property=\"og:type\" content=\"article\" \/>\n<meta property=\"og:title\" content=\"Mochi Pouf \u00d870 Bleu - H\u00fcbsch\" \/>\n<meta property=\"og:description\" content=\"Le pouf est tapiss\u00e9 avec de la laine de couleur bleu fonc\u00e9 et poss\u00e8de une poign\u00e9e en cuir. La couleur fonc\u00e9e associ\u00e9e \u00e0 la forme arrondie et f\u00e9minine\" \/>\n<meta property=\"og:url\" content=\"https:\/\/hubsch-interior.com\/fr\/produit\/mochi-pouf-o70-bleu-2\/\" \/>\n<meta property=\"og:site_name\" content=\"H\u00fcbsch\" \/>\n<meta property=\"article:modified_time\" content=\"2026-04-05T02:41:09+00:00\" \/>\n<meta property=\"og:image\" content=\"https:\/\/hubsch-interior.com\/wp-content\/uploads\/2026\/02\/mochi-pouffe-O70-blue-26a14f77b9137d396a5ebbe3a4dfb70e.jpg\" \/>\n\t<meta property=\"og:image:width\" content=\"1024\" \/>\n\t<meta property=\"og:image:height\" content=\"1024\" \/>\n\t<meta property=\"og:image:type\" content=\"image\/jpeg\" \/>\n<meta name=\"twitter:card\" content=\"summary_large_image\" \/>\n<script type=\"application\/ld+json\" class=\"yoast-schema-graph\">{\"@context\":\"https:\/\/schema.org\",\"@graph\":[{\"@type\":\"WebPage\",\"@id\":\"https:\/\/hubsch-interior.com\/fr\/produit\/mochi-pouf-o70-bleu-2\/\",\"url\":\"https:\/\/hubsch-interior.com\/fr\/produit\/mochi-pouf-o70-bleu-2\/\",\"name\":\"Mochi Pouf \u00d870 Bleu - H\u00fcbsch\",\"isPartOf\":{\"@id\":\"https:\/\/hubsch-interior.com\/fr\/#website\"},\"primaryImageOfPage\":{\"@id\":\"https:\/\/hubsch-interior.com\/fr\/produit\/mochi-pouf-o70-bleu-2\/#primaryimage\"},\"image\":{\"@id\":\"https:\/\/hubsch-interior.com\/fr\/produit\/mochi-pouf-o70-bleu-2\/#primaryimage\"},\"thumbnailUrl\":\"https:\/\/hubsch-interior.com\/wp-content\/uploads\/2026\/02\/mochi-pouffe-O70-blue-26a14f77b9137d396a5ebbe3a4dfb70e.jpg\",\"datePublished\":\"2020-09-17T07:49:12+00:00\",\"dateModified\":\"2026-04-05T02:41:09+00:00\",\"description\":\"Le pouf est tapiss\u00e9 avec de la laine de couleur bleu fonc\u00e9 et poss\u00e8de une poign\u00e9e en cuir. La couleur fonc\u00e9e associ\u00e9e \u00e0 la forme arrondie et f\u00e9minine\",\"breadcrumb\":{\"@id\":\"https:\/\/hubsch-interior.com\/fr\/produit\/mochi-pouf-o70-bleu-2\/#breadcrumb\"},\"inLanguage\":\"fr-FR\",\"potentialAction\":[{\"@type\":\"ReadAction\",\"target\":[\"https:\/\/hubsch-interior.com\/fr\/produit\/mochi-pouf-o70-bleu-2\/\"]}]},{\"@type\":\"ImageObject\",\"inLanguage\":\"fr-FR\",\"@id\":\"https:\/\/hubsch-interior.com\/fr\/produit\/mochi-pouf-o70-bleu-2\/#primaryimage\",\"url\":\"https:\/\/hubsch-interior.com\/wp-content\/uploads\/2026\/02\/mochi-pouffe-O70-blue-26a14f77b9137d396a5ebbe3a4dfb70e.jpg\",\"contentUrl\":\"https:\/\/hubsch-interior.com\/wp-content\/uploads\/2026\/02\/mochi-pouffe-O70-blue-26a14f77b9137d396a5ebbe3a4dfb70e.jpg\",\"width\":1024,\"height\":1024},{\"@type\":\"BreadcrumbList\",\"@id\":\"https:\/\/hubsch-interior.com\/fr\/produit\/mochi-pouf-o70-bleu-2\/#breadcrumb\",\"itemListElement\":[{\"@type\":\"ListItem\",\"position\":1,\"name\":\"Page d'accueil\",\"item\":\"https:\/\/hubsch-interior.com\/fr\/\"},{\"@type\":\"ListItem\",\"position\":2,\"name\":\"Produits\",\"item\":\"https:\/\/hubsch-interior.com\/fr\/shop-2\/\"},{\"@type\":\"ListItem\",\"position\":3,\"name\":\"Meubles\",\"item\":\"https:\/\/hubsch-interior.com\/fr\/categorie-produit\/meubles\/\"},{\"@type\":\"ListItem\",\"position\":4,\"name\":\"Assises\",\"item\":\"https:\/\/hubsch-interior.com\/fr\/categorie-produit\/meubles\/assises-fr\/\"},{\"@type\":\"ListItem\",\"position\":5,\"name\":\"Poufs\",\"item\":\"https:\/\/hubsch-interior.com\/fr\/categorie-produit\/meubles\/assises-fr\/poufs-fr\/\"},{\"@type\":\"ListItem\",\"position\":6,\"name\":\"Mochi Pouf \u00d870 Bleu\"}]},{\"@type\":\"WebSite\",\"@id\":\"https:\/\/hubsch-interior.com\/fr\/#website\",\"url\":\"https:\/\/hubsch-interior.com\/fr\/\",\"name\":\"H\u00fcbsch\",\"description\":\"Danish Home Interior and Design\",\"publisher\":{\"@id\":\"https:\/\/hubsch-interior.com\/fr\/#organization\"},\"potentialAction\":[{\"@type\":\"SearchAction\",\"target\":{\"@type\":\"EntryPoint\",\"urlTemplate\":\"https:\/\/hubsch-interior.com\/fr\/?s={search_term_string}\"},\"query-input\":{\"@type\":\"PropertyValueSpecification\",\"valueRequired\":true,\"valueName\":\"search_term_string\"}}],\"inLanguage\":\"fr-FR\"},{\"@type\":\"Organization\",\"@id\":\"https:\/\/hubsch-interior.com\/fr\/#organization\",\"name\":\"H\u00fcbsch\",\"url\":\"https:\/\/hubsch-interior.com\/fr\/\",\"logo\":{\"@type\":\"ImageObject\",\"inLanguage\":\"fr-FR\",\"@id\":\"https:\/\/hubsch-interior.com\/fr\/#\/schema\/logo\/image\/\",\"url\":\"https:\/\/hubsch-interior.com\/wp-content\/uploads\/2022\/12\/Hubsch_logo_black_one_line.svg\",\"contentUrl\":\"https:\/\/hubsch-interior.com\/wp-content\/uploads\/2022\/12\/Hubsch_logo_black_one_line.svg\",\"caption\":\"H\u00fcbsch\"},\"image\":{\"@id\":\"https:\/\/hubsch-interior.com\/fr\/#\/schema\/logo\/image\/\"}}]}<\/script>\n<!-- \/ Yoast SEO plugin. -->","yoast_head_json":{"title":"Mochi Pouf \u00d870 Bleu - H\u00fcbsch","description":"Le pouf est tapiss\u00e9 avec de la laine de couleur bleu fonc\u00e9 et poss\u00e8de une poign\u00e9e en cuir. La couleur fonc\u00e9e associ\u00e9e \u00e0 la forme arrondie et f\u00e9minine","robots":{"index":"index","follow":"follow","max-snippet":"max-snippet:-1","max-image-preview":"max-image-preview:large","max-video-preview":"max-video-preview:-1"},"canonical":"https:\/\/hubsch-interior.com\/fr\/wp-json\/wp\/v2\/product\/30134","og_locale":"fr_FR","og_type":"article","og_title":"Mochi Pouf \u00d870 Bleu - H\u00fcbsch","og_description":"Le pouf est tapiss\u00e9 avec de la laine de couleur bleu fonc\u00e9 et poss\u00e8de une poign\u00e9e en cuir. La couleur fonc\u00e9e associ\u00e9e \u00e0 la forme arrondie et f\u00e9minine","og_url":"https:\/\/hubsch-interior.com\/fr\/produit\/mochi-pouf-o70-bleu-2\/","og_site_name":"H\u00fcbsch","article_modified_time":"2026-04-05T02:41:09+00:00","og_image":[{"width":1024,"height":1024,"url":"https:\/\/hubsch-interior.com\/wp-content\/uploads\/2026\/02\/mochi-pouffe-O70-blue-26a14f77b9137d396a5ebbe3a4dfb70e.jpg","type":"image\/jpeg"}],"twitter_card":"summary_large_image","schema":{"@context":"https:\/\/schema.org","@graph":[{"@type":"WebPage","@id":"https:\/\/hubsch-interior.com\/fr\/produit\/mochi-pouf-o70-bleu-2\/","url":"https:\/\/hubsch-interior.com\/fr\/produit\/mochi-pouf-o70-bleu-2\/","name":"Mochi Pouf \u00d870 Bleu - H\u00fcbsch","isPartOf":{"@id":"https:\/\/hubsch-interior.com\/fr\/#website"},"primaryImageOfPage":{"@id":"https:\/\/hubsch-interior.com\/fr\/produit\/mochi-pouf-o70-bleu-2\/#primaryimage"},"image":{"@id":"https:\/\/hubsch-interior.com\/fr\/produit\/mochi-pouf-o70-bleu-2\/#primaryimage"},"thumbnailUrl":"https:\/\/hubsch-interior.com\/wp-content\/uploads\/2026\/02\/mochi-pouffe-O70-blue-26a14f77b9137d396a5ebbe3a4dfb70e.jpg","datePublished":"2020-09-17T07:49:12+00:00","dateModified":"2026-04-05T02:41:09+00:00","description":"Le pouf est tapiss\u00e9 avec de la laine de couleur bleu fonc\u00e9 et poss\u00e8de une poign\u00e9e en cuir. La couleur fonc\u00e9e associ\u00e9e \u00e0 la forme arrondie et f\u00e9minine","breadcrumb":{"@id":"https:\/\/hubsch-interior.com\/fr\/produit\/mochi-pouf-o70-bleu-2\/#breadcrumb"},"inLanguage":"fr-FR","potentialAction":[{"@type":"ReadAction","target":["https:\/\/hubsch-interior.com\/fr\/produit\/mochi-pouf-o70-bleu-2\/"]}]},{"@type":"ImageObject","inLanguage":"fr-FR","@id":"https:\/\/hubsch-interior.com\/fr\/produit\/mochi-pouf-o70-bleu-2\/#primaryimage","url":"https:\/\/hubsch-interior.com\/wp-content\/uploads\/2026\/02\/mochi-pouffe-O70-blue-26a14f77b9137d396a5ebbe3a4dfb70e.jpg","contentUrl":"https:\/\/hubsch-interior.com\/wp-content\/uploads\/2026\/02\/mochi-pouffe-O70-blue-26a14f77b9137d396a5ebbe3a4dfb70e.jpg","width":1024,"height":1024},{"@type":"BreadcrumbList","@id":"https:\/\/hubsch-interior.com\/fr\/produit\/mochi-pouf-o70-bleu-2\/#breadcrumb","itemListElement":[{"@type":"ListItem","position":1,"name":"Page d'accueil","item":"https:\/\/hubsch-interior.com\/fr\/"},{"@type":"ListItem","position":2,"name":"Produits","item":"https:\/\/hubsch-interior.com\/fr\/shop-2\/"},{"@type":"ListItem","position":3,"name":"Meubles","item":"https:\/\/hubsch-interior.com\/fr\/categorie-produit\/meubles\/"},{"@type":"ListItem","position":4,"name":"Assises","item":"https:\/\/hubsch-interior.com\/fr\/categorie-produit\/meubles\/assises-fr\/"},{"@type":"ListItem","position":5,"name":"Poufs","item":"https:\/\/hubsch-interior.com\/fr\/categorie-produit\/meubles\/assises-fr\/poufs-fr\/"},{"@type":"ListItem","position":6,"name":"Mochi Pouf \u00d870 Bleu"}]},{"@type":"WebSite","@id":"https:\/\/hubsch-interior.com\/fr\/#website","url":"https:\/\/hubsch-interior.com\/fr\/","name":"H\u00fcbsch","description":"Danish Home Interior and Design","publisher":{"@id":"https:\/\/hubsch-interior.com\/fr\/#organization"},"potentialAction":[{"@type":"SearchAction","target":{"@type":"EntryPoint","urlTemplate":"https:\/\/hubsch-interior.com\/fr\/?s={search_term_string}"},"query-input":{"@type":"PropertyValueSpecification","valueRequired":true,"valueName":"search_term_string"}}],"inLanguage":"fr-FR"},{"@type":"Organization","@id":"https:\/\/hubsch-interior.com\/fr\/#organization","name":"H\u00fcbsch","url":"https:\/\/hubsch-interior.com\/fr\/","logo":{"@type":"ImageObject","inLanguage":"fr-FR","@id":"https:\/\/hubsch-interior.com\/fr\/#\/schema\/logo\/image\/","url":"https:\/\/hubsch-interior.com\/wp-content\/uploads\/2022\/12\/Hubsch_logo_black_one_line.svg","contentUrl":"https:\/\/hubsch-interior.com\/wp-content\/uploads\/2022\/12\/Hubsch_logo_black_one_line.svg","caption":"H\u00fcbsch"},"image":{"@id":"https:\/\/hubsch-interior.com\/fr\/#\/schema\/logo\/image\/"}}]}},"_links":{"self":[{"href":"https:\/\/hubsch-interior.com\/fr\/wp-json\/wp\/v2\/product\/30134","targetHints":{"allow":["GET"]}}],"collection":[{"href":"https:\/\/hubsch-interior.com\/fr\/wp-json\/wp\/v2\/product"}],"about":[{"href":"https:\/\/hubsch-interior.com\/fr\/wp-json\/wp\/v2\/types\/product"}],"wp:featuredmedia":[{"embeddable":true,"href":"https:\/\/hubsch-interior.com\/fr\/wp-json\/wp\/v2\/media\/1099924"}],"wp:attachment":[{"href":"https:\/\/hubsch-interior.com\/fr\/wp-json\/wp\/v2\/media?parent=30134"}],"wp:term":[{"taxonomy":"product_brand","embeddable":true,"href":"https:\/\/hubsch-interior.com\/fr\/wp-json\/wp\/v2\/product_brand?post=30134"},{"taxonomy":"product_cat","embeddable":true,"href":"https:\/\/hubsch-interior.com\/fr\/wp-json\/wp\/v2\/product_cat?post=30134"},{"taxonomy":"product_tag","embeddable":true,"href":"https:\/\/hubsch-interior.com\/fr\/wp-json\/wp\/v2\/product_tag?post=30134"}],"curies":[{"name":"wp","href":"https:\/\/api.w.org\/{rel}","templated":true}]}}