{"id":30747,"date":"2020-10-07T15:49:10","date_gmt":"2020-10-07T13:49:10","guid":{"rendered":"https:\/\/hubsch-interior.com\/product\/product\/"},"modified":"2026-04-04T04:44:32","modified_gmt":"2026-04-04T02:44:32","slug":"point-miroir-de-table-naturel","status":"publish","type":"product","link":"https:\/\/hubsch-interior.com\/fr\/produit\/point-miroir-de-table-naturel\/","title":{"rendered":"Point Miroir de table Naturel"},"content":{"rendered":"<p>Point Miroir de table Naturel est un miroir aux finitions naturelles et \u00e9l\u00e9gantes. Fabriqu\u00e9 \u00e0 partir de verre miroir et de bois de ch\u00eane, ce miroir de table est certifi\u00e9 FSC. Sa forme carr\u00e9e et son design simple et \u00e9pur\u00e9 s&#8217;int\u00e9greront parfaitement \u00e0 n&#8217;importe quelle pi\u00e8ce de votre int\u00e9rieur. Ce miroir \u00e9l\u00e9gant est un produit tendance et durable, id\u00e9al pour les amateurs de style naturel.<\/p>\n","protected":false},"excerpt":{"rendered":"<p>Point Miroir de table Naturel est un miroir aux finitions naturelles et \u00e9l\u00e9gantes. Fabriqu\u00e9 \u00e0 partir de verre miroir et de bois de ch\u00eane, ce miroir de table est certifi\u00e9 FSC. Sa forme carr\u00e9e et son design simple et \u00e9pur\u00e9 s&#8217;int\u00e9greront parfaitement \u00e0 n&#8217;importe quelle pi\u00e8ce de votre int\u00e9rieur. Ce miroir \u00e9l\u00e9gant est un produit [&hellip;]<\/p>\n","protected":false},"featured_media":1101201,"template":"","meta":{"_acf_changed":false,"inline_featured_image":false},"product_brand":[],"product_cat":[2923,3148],"product_tag":[],"class_list":{"0":"post-30747","1":"product","2":"type-product","3":"status-publish","4":"has-post-thumbnail","6":"product_cat-miroirs-fr","7":"product_cat-miroirs-de-table-fr","8":"product_shipping_class-pk","10":"pa_color-naturel-2","11":"pa_material-verre","12":"pa_material-bois-de-chne-2","14":"first","15":"outofstock","16":"taxable","17":"shipping-taxable","18":"purchasable","19":"product-type-simple"},"exclude_global_add_ons":[],"addons":[],"acf":[],"yoast_head":"<!-- This site is optimized with the Yoast SEO plugin v26.4 - https:\/\/yoast.com\/wordpress\/plugins\/seo\/ -->\n<title>Point Miroir de table Naturel - H\u00fcbsch<\/title>\n<meta name=\"description\" content=\"Point Miroir de table Naturel est un miroir aux finitions naturelles et \u00e9l\u00e9gantes. Fabriqu\u00e9 \u00e0 partir de verre miroir et de bois de ch\u00eane, ce miroir de\" \/>\n<meta name=\"robots\" content=\"index, follow, max-snippet:-1, max-image-preview:large, max-video-preview:-1\" \/>\n<link rel=\"canonical\" href=\"https:\/\/hubsch-interior.com\/fr\/wp-json\/wp\/v2\/product\/30747\" \/>\n<meta property=\"og:locale\" content=\"fr_FR\" \/>\n<meta property=\"og:type\" content=\"article\" \/>\n<meta property=\"og:title\" content=\"Point Miroir de table Naturel - H\u00fcbsch\" \/>\n<meta property=\"og:description\" content=\"Point Miroir de table Naturel est un miroir aux finitions naturelles et \u00e9l\u00e9gantes. Fabriqu\u00e9 \u00e0 partir de verre miroir et de bois de ch\u00eane, ce miroir de\" \/>\n<meta property=\"og:url\" content=\"https:\/\/hubsch-interior.com\/fr\/produit\/point-miroir-de-table-naturel\/\" \/>\n<meta property=\"og:site_name\" content=\"H\u00fcbsch\" \/>\n<meta property=\"article:modified_time\" content=\"2026-04-04T02:44:32+00:00\" \/>\n<meta property=\"og:image\" content=\"https:\/\/hubsch-interior.com\/wp-content\/uploads\/2024\/01\/point-table-mirror-natural-a2da69bf72a1902dba0b6e212c9740ff.jpg\" \/>\n\t<meta property=\"og:image:width\" content=\"1200\" \/>\n\t<meta property=\"og:image:height\" content=\"1200\" \/>\n\t<meta property=\"og:image:type\" content=\"image\/jpeg\" \/>\n<meta name=\"twitter:card\" content=\"summary_large_image\" \/>\n<script type=\"application\/ld+json\" class=\"yoast-schema-graph\">{\"@context\":\"https:\/\/schema.org\",\"@graph\":[{\"@type\":\"WebPage\",\"@id\":\"https:\/\/hubsch-interior.com\/fr\/produit\/point-miroir-de-table-naturel\/\",\"url\":\"https:\/\/hubsch-interior.com\/fr\/produit\/point-miroir-de-table-naturel\/\",\"name\":\"Point Miroir de table Naturel - H\u00fcbsch\",\"isPartOf\":{\"@id\":\"https:\/\/hubsch-interior.com\/fr\/#website\"},\"primaryImageOfPage\":{\"@id\":\"https:\/\/hubsch-interior.com\/fr\/produit\/point-miroir-de-table-naturel\/#primaryimage\"},\"image\":{\"@id\":\"https:\/\/hubsch-interior.com\/fr\/produit\/point-miroir-de-table-naturel\/#primaryimage\"},\"thumbnailUrl\":\"https:\/\/hubsch-interior.com\/wp-content\/uploads\/2026\/02\/point-table-mirror-natural-01bce415def45571bef094491fe8362a.jpg\",\"datePublished\":\"2020-10-07T13:49:10+00:00\",\"dateModified\":\"2026-04-04T02:44:32+00:00\",\"description\":\"Point Miroir de table Naturel est un miroir aux finitions naturelles et \u00e9l\u00e9gantes. Fabriqu\u00e9 \u00e0 partir de verre miroir et de bois de ch\u00eane, ce miroir de\",\"breadcrumb\":{\"@id\":\"https:\/\/hubsch-interior.com\/fr\/produit\/point-miroir-de-table-naturel\/#breadcrumb\"},\"inLanguage\":\"fr-FR\",\"potentialAction\":[{\"@type\":\"ReadAction\",\"target\":[\"https:\/\/hubsch-interior.com\/fr\/produit\/point-miroir-de-table-naturel\/\"]}]},{\"@type\":\"ImageObject\",\"inLanguage\":\"fr-FR\",\"@id\":\"https:\/\/hubsch-interior.com\/fr\/produit\/point-miroir-de-table-naturel\/#primaryimage\",\"url\":\"https:\/\/hubsch-interior.com\/wp-content\/uploads\/2026\/02\/point-table-mirror-natural-01bce415def45571bef094491fe8362a.jpg\",\"contentUrl\":\"https:\/\/hubsch-interior.com\/wp-content\/uploads\/2026\/02\/point-table-mirror-natural-01bce415def45571bef094491fe8362a.jpg\",\"width\":1024,\"height\":1024},{\"@type\":\"BreadcrumbList\",\"@id\":\"https:\/\/hubsch-interior.com\/fr\/produit\/point-miroir-de-table-naturel\/#breadcrumb\",\"itemListElement\":[{\"@type\":\"ListItem\",\"position\":1,\"name\":\"Page d'accueil\",\"item\":\"https:\/\/hubsch-interior.com\/fr\/\"},{\"@type\":\"ListItem\",\"position\":2,\"name\":\"Produits\",\"item\":\"https:\/\/hubsch-interior.com\/fr\/shop-2\/\"},{\"@type\":\"ListItem\",\"position\":3,\"name\":\"Accessoires maison\",\"item\":\"https:\/\/hubsch-interior.com\/fr\/categorie-produit\/accessoires-maison\/\"},{\"@type\":\"ListItem\",\"position\":4,\"name\":\"Miroirs\",\"item\":\"https:\/\/hubsch-interior.com\/fr\/categorie-produit\/accessoires-maison\/miroirs-fr\/\"},{\"@type\":\"ListItem\",\"position\":5,\"name\":\"Miroirs de table\",\"item\":\"https:\/\/hubsch-interior.com\/fr\/categorie-produit\/accessoires-maison\/miroirs-fr\/miroirs-de-table-fr\/\"},{\"@type\":\"ListItem\",\"position\":6,\"name\":\"Point Miroir de table Naturel\"}]},{\"@type\":\"WebSite\",\"@id\":\"https:\/\/hubsch-interior.com\/fr\/#website\",\"url\":\"https:\/\/hubsch-interior.com\/fr\/\",\"name\":\"H\u00fcbsch\",\"description\":\"Danish Home Interior and Design\",\"publisher\":{\"@id\":\"https:\/\/hubsch-interior.com\/fr\/#organization\"},\"potentialAction\":[{\"@type\":\"SearchAction\",\"target\":{\"@type\":\"EntryPoint\",\"urlTemplate\":\"https:\/\/hubsch-interior.com\/fr\/?s={search_term_string}\"},\"query-input\":{\"@type\":\"PropertyValueSpecification\",\"valueRequired\":true,\"valueName\":\"search_term_string\"}}],\"inLanguage\":\"fr-FR\"},{\"@type\":\"Organization\",\"@id\":\"https:\/\/hubsch-interior.com\/fr\/#organization\",\"name\":\"H\u00fcbsch\",\"url\":\"https:\/\/hubsch-interior.com\/fr\/\",\"logo\":{\"@type\":\"ImageObject\",\"inLanguage\":\"fr-FR\",\"@id\":\"https:\/\/hubsch-interior.com\/fr\/#\/schema\/logo\/image\/\",\"url\":\"https:\/\/hubsch-interior.com\/wp-content\/uploads\/2022\/12\/Hubsch_logo_black_one_line.svg\",\"contentUrl\":\"https:\/\/hubsch-interior.com\/wp-content\/uploads\/2022\/12\/Hubsch_logo_black_one_line.svg\",\"caption\":\"H\u00fcbsch\"},\"image\":{\"@id\":\"https:\/\/hubsch-interior.com\/fr\/#\/schema\/logo\/image\/\"}}]}<\/script>\n<!-- \/ Yoast SEO plugin. -->","yoast_head_json":{"title":"Point Miroir de table Naturel - H\u00fcbsch","description":"Point Miroir de table Naturel est un miroir aux finitions naturelles et \u00e9l\u00e9gantes. Fabriqu\u00e9 \u00e0 partir de verre miroir et de bois de ch\u00eane, ce miroir de","robots":{"index":"index","follow":"follow","max-snippet":"max-snippet:-1","max-image-preview":"max-image-preview:large","max-video-preview":"max-video-preview:-1"},"canonical":"https:\/\/hubsch-interior.com\/fr\/wp-json\/wp\/v2\/product\/30747","og_locale":"fr_FR","og_type":"article","og_title":"Point Miroir de table Naturel - H\u00fcbsch","og_description":"Point Miroir de table Naturel est un miroir aux finitions naturelles et \u00e9l\u00e9gantes. Fabriqu\u00e9 \u00e0 partir de verre miroir et de bois de ch\u00eane, ce miroir de","og_url":"https:\/\/hubsch-interior.com\/fr\/produit\/point-miroir-de-table-naturel\/","og_site_name":"H\u00fcbsch","article_modified_time":"2026-04-04T02:44:32+00:00","og_image":[{"width":1200,"height":1200,"url":"https:\/\/hubsch-interior.com\/wp-content\/uploads\/2024\/01\/point-table-mirror-natural-a2da69bf72a1902dba0b6e212c9740ff.jpg","type":"image\/jpeg"}],"twitter_card":"summary_large_image","schema":{"@context":"https:\/\/schema.org","@graph":[{"@type":"WebPage","@id":"https:\/\/hubsch-interior.com\/fr\/produit\/point-miroir-de-table-naturel\/","url":"https:\/\/hubsch-interior.com\/fr\/produit\/point-miroir-de-table-naturel\/","name":"Point Miroir de table Naturel - H\u00fcbsch","isPartOf":{"@id":"https:\/\/hubsch-interior.com\/fr\/#website"},"primaryImageOfPage":{"@id":"https:\/\/hubsch-interior.com\/fr\/produit\/point-miroir-de-table-naturel\/#primaryimage"},"image":{"@id":"https:\/\/hubsch-interior.com\/fr\/produit\/point-miroir-de-table-naturel\/#primaryimage"},"thumbnailUrl":"https:\/\/hubsch-interior.com\/wp-content\/uploads\/2026\/02\/point-table-mirror-natural-01bce415def45571bef094491fe8362a.jpg","datePublished":"2020-10-07T13:49:10+00:00","dateModified":"2026-04-04T02:44:32+00:00","description":"Point Miroir de table Naturel est un miroir aux finitions naturelles et \u00e9l\u00e9gantes. Fabriqu\u00e9 \u00e0 partir de verre miroir et de bois de ch\u00eane, ce miroir de","breadcrumb":{"@id":"https:\/\/hubsch-interior.com\/fr\/produit\/point-miroir-de-table-naturel\/#breadcrumb"},"inLanguage":"fr-FR","potentialAction":[{"@type":"ReadAction","target":["https:\/\/hubsch-interior.com\/fr\/produit\/point-miroir-de-table-naturel\/"]}]},{"@type":"ImageObject","inLanguage":"fr-FR","@id":"https:\/\/hubsch-interior.com\/fr\/produit\/point-miroir-de-table-naturel\/#primaryimage","url":"https:\/\/hubsch-interior.com\/wp-content\/uploads\/2026\/02\/point-table-mirror-natural-01bce415def45571bef094491fe8362a.jpg","contentUrl":"https:\/\/hubsch-interior.com\/wp-content\/uploads\/2026\/02\/point-table-mirror-natural-01bce415def45571bef094491fe8362a.jpg","width":1024,"height":1024},{"@type":"BreadcrumbList","@id":"https:\/\/hubsch-interior.com\/fr\/produit\/point-miroir-de-table-naturel\/#breadcrumb","itemListElement":[{"@type":"ListItem","position":1,"name":"Page d'accueil","item":"https:\/\/hubsch-interior.com\/fr\/"},{"@type":"ListItem","position":2,"name":"Produits","item":"https:\/\/hubsch-interior.com\/fr\/shop-2\/"},{"@type":"ListItem","position":3,"name":"Accessoires maison","item":"https:\/\/hubsch-interior.com\/fr\/categorie-produit\/accessoires-maison\/"},{"@type":"ListItem","position":4,"name":"Miroirs","item":"https:\/\/hubsch-interior.com\/fr\/categorie-produit\/accessoires-maison\/miroirs-fr\/"},{"@type":"ListItem","position":5,"name":"Miroirs de table","item":"https:\/\/hubsch-interior.com\/fr\/categorie-produit\/accessoires-maison\/miroirs-fr\/miroirs-de-table-fr\/"},{"@type":"ListItem","position":6,"name":"Point Miroir de table Naturel"}]},{"@type":"WebSite","@id":"https:\/\/hubsch-interior.com\/fr\/#website","url":"https:\/\/hubsch-interior.com\/fr\/","name":"H\u00fcbsch","description":"Danish Home Interior and Design","publisher":{"@id":"https:\/\/hubsch-interior.com\/fr\/#organization"},"potentialAction":[{"@type":"SearchAction","target":{"@type":"EntryPoint","urlTemplate":"https:\/\/hubsch-interior.com\/fr\/?s={search_term_string}"},"query-input":{"@type":"PropertyValueSpecification","valueRequired":true,"valueName":"search_term_string"}}],"inLanguage":"fr-FR"},{"@type":"Organization","@id":"https:\/\/hubsch-interior.com\/fr\/#organization","name":"H\u00fcbsch","url":"https:\/\/hubsch-interior.com\/fr\/","logo":{"@type":"ImageObject","inLanguage":"fr-FR","@id":"https:\/\/hubsch-interior.com\/fr\/#\/schema\/logo\/image\/","url":"https:\/\/hubsch-interior.com\/wp-content\/uploads\/2022\/12\/Hubsch_logo_black_one_line.svg","contentUrl":"https:\/\/hubsch-interior.com\/wp-content\/uploads\/2022\/12\/Hubsch_logo_black_one_line.svg","caption":"H\u00fcbsch"},"image":{"@id":"https:\/\/hubsch-interior.com\/fr\/#\/schema\/logo\/image\/"}}]}},"_links":{"self":[{"href":"https:\/\/hubsch-interior.com\/fr\/wp-json\/wp\/v2\/product\/30747","targetHints":{"allow":["GET"]}}],"collection":[{"href":"https:\/\/hubsch-interior.com\/fr\/wp-json\/wp\/v2\/product"}],"about":[{"href":"https:\/\/hubsch-interior.com\/fr\/wp-json\/wp\/v2\/types\/product"}],"wp:featuredmedia":[{"embeddable":true,"href":"https:\/\/hubsch-interior.com\/fr\/wp-json\/wp\/v2\/media\/1101201"}],"wp:attachment":[{"href":"https:\/\/hubsch-interior.com\/fr\/wp-json\/wp\/v2\/media?parent=30747"}],"wp:term":[{"taxonomy":"product_brand","embeddable":true,"href":"https:\/\/hubsch-interior.com\/fr\/wp-json\/wp\/v2\/product_brand?post=30747"},{"taxonomy":"product_cat","embeddable":true,"href":"https:\/\/hubsch-interior.com\/fr\/wp-json\/wp\/v2\/product_cat?post=30747"},{"taxonomy":"product_tag","embeddable":true,"href":"https:\/\/hubsch-interior.com\/fr\/wp-json\/wp\/v2\/product_tag?post=30747"}],"curies":[{"name":"wp","href":"https:\/\/api.w.org\/{rel}","templated":true}]}}