{"id":30751,"date":"2020-10-07T15:49:11","date_gmt":"2020-10-07T13:49:11","guid":{"rendered":"https:\/\/hubsch-interior.com\/product\/product\/"},"modified":"2026-04-09T04:46:11","modified_gmt":"2026-04-09T02:46:11","slug":"project-porte-revues-naturel","status":"publish","type":"product","link":"https:\/\/hubsch-interior.com\/fr\/produit\/project-porte-revues-naturel\/","title":{"rendered":"Project Porte-revues Naturel"},"content":{"rendered":"<p>Le Project Porte-revues Naturel est fabriqu\u00e9 en placage de ch\u00eane de qualit\u00e9 sup\u00e9rieure. Cet objet est certifi\u00e9 FSC, ce qui garantit que les mat\u00e9riaux utilis\u00e9s sont issus d\u2019une gestion durable des for\u00eats. Ce porte-revues \u00e9l\u00e9gant et pratique donnera une touche d&#8217;originalit\u00e9 \u00e0 votre int\u00e9rieur. Vous pourrez y ranger facilement vos magazines et journaux favoris. Profitez d&#8217;une finition naturelle pour ajouter une touche de sophistication \u00e0 votre d\u00e9coration !<\/p>\n","protected":false},"excerpt":{"rendered":"<p>Le Project Porte-revues Naturel est fabriqu\u00e9 en placage de ch\u00eane de qualit\u00e9 sup\u00e9rieure. Cet objet est certifi\u00e9 FSC, ce qui garantit que les mat\u00e9riaux utilis\u00e9s sont issus d\u2019une gestion durable des for\u00eats. Ce porte-revues \u00e9l\u00e9gant et pratique donnera une touche d&#8217;originalit\u00e9 \u00e0 votre int\u00e9rieur. Vous pourrez y ranger facilement vos magazines et journaux favoris. Profitez [&hellip;]<\/p>\n","protected":false},"featured_media":1114388,"template":"","meta":{"_acf_changed":false,"inline_featured_image":false},"product_brand":[],"product_cat":[6322,4153,4960],"product_tag":[],"class_list":{"0":"post-30751","1":"product","2":"type-product","3":"status-publish","4":"has-post-thumbnail","6":"product_cat-fsc-fr","7":"product_cat-espace-de-travail-fr","8":"product_cat-rangement-fr","9":"product_shipping_class-pk","11":"pa_color-naturel-2","12":"pa_material-placage-de-chne-2","14":"first","15":"instock","16":"taxable","17":"shipping-taxable","18":"purchasable","19":"product-type-simple"},"exclude_global_add_ons":[],"addons":[],"acf":[],"yoast_head":"<!-- This site is optimized with the Yoast SEO plugin v26.4 - https:\/\/yoast.com\/wordpress\/plugins\/seo\/ -->\n<title>Project Porte-revues Naturel - H\u00fcbsch<\/title>\n<meta name=\"description\" content=\"Le Project Porte-revues Naturel est fabriqu\u00e9 en placage de ch\u00eane de qualit\u00e9 sup\u00e9rieure. Cet objet est certifi\u00e9 FSC, ce qui garantit que les mat\u00e9riaux\" \/>\n<meta name=\"robots\" content=\"index, follow, max-snippet:-1, max-image-preview:large, max-video-preview:-1\" \/>\n<link rel=\"canonical\" href=\"https:\/\/hubsch-interior.com\/fr\/wp-json\/wp\/v2\/product\/30751\" \/>\n<meta property=\"og:locale\" content=\"fr_FR\" \/>\n<meta property=\"og:type\" content=\"article\" \/>\n<meta property=\"og:title\" content=\"Project Porte-revues Naturel - H\u00fcbsch\" \/>\n<meta property=\"og:description\" content=\"Le Project Porte-revues Naturel est fabriqu\u00e9 en placage de ch\u00eane de qualit\u00e9 sup\u00e9rieure. Cet objet est certifi\u00e9 FSC, ce qui garantit que les mat\u00e9riaux\" \/>\n<meta property=\"og:url\" content=\"https:\/\/hubsch-interior.com\/fr\/produit\/project-porte-revues-naturel\/\" \/>\n<meta property=\"og:site_name\" content=\"H\u00fcbsch\" \/>\n<meta property=\"article:modified_time\" content=\"2026-04-09T02:46:11+00:00\" \/>\n<meta property=\"og:image\" content=\"https:\/\/hubsch-interior.com\/wp-content\/uploads\/2023\/08\/project-magazine-holder-natural-4df83787e129248aaf018c27a03db2a3.jpg\" \/>\n\t<meta property=\"og:image:width\" content=\"1200\" \/>\n\t<meta property=\"og:image:height\" content=\"1200\" \/>\n\t<meta property=\"og:image:type\" content=\"image\/jpeg\" \/>\n<meta name=\"twitter:card\" content=\"summary_large_image\" \/>\n<script type=\"application\/ld+json\" class=\"yoast-schema-graph\">{\"@context\":\"https:\/\/schema.org\",\"@graph\":[{\"@type\":\"WebPage\",\"@id\":\"https:\/\/hubsch-interior.com\/fr\/produit\/project-porte-revues-naturel\/\",\"url\":\"https:\/\/hubsch-interior.com\/fr\/produit\/project-porte-revues-naturel\/\",\"name\":\"Project Porte-revues Naturel - H\u00fcbsch\",\"isPartOf\":{\"@id\":\"https:\/\/hubsch-interior.com\/fr\/#website\"},\"primaryImageOfPage\":{\"@id\":\"https:\/\/hubsch-interior.com\/fr\/produit\/project-porte-revues-naturel\/#primaryimage\"},\"image\":{\"@id\":\"https:\/\/hubsch-interior.com\/fr\/produit\/project-porte-revues-naturel\/#primaryimage\"},\"thumbnailUrl\":\"https:\/\/hubsch-interior.com\/wp-content\/uploads\/2026\/02\/project-magazine-holder-natural-89f239b4c484cb0340f9b65cd1e9f370.jpg\",\"datePublished\":\"2020-10-07T13:49:11+00:00\",\"dateModified\":\"2026-04-09T02:46:11+00:00\",\"description\":\"Le Project Porte-revues Naturel est fabriqu\u00e9 en placage de ch\u00eane de qualit\u00e9 sup\u00e9rieure. Cet objet est certifi\u00e9 FSC, ce qui garantit que les mat\u00e9riaux\",\"breadcrumb\":{\"@id\":\"https:\/\/hubsch-interior.com\/fr\/produit\/project-porte-revues-naturel\/#breadcrumb\"},\"inLanguage\":\"fr-FR\",\"potentialAction\":[{\"@type\":\"ReadAction\",\"target\":[\"https:\/\/hubsch-interior.com\/fr\/produit\/project-porte-revues-naturel\/\"]}]},{\"@type\":\"ImageObject\",\"inLanguage\":\"fr-FR\",\"@id\":\"https:\/\/hubsch-interior.com\/fr\/produit\/project-porte-revues-naturel\/#primaryimage\",\"url\":\"https:\/\/hubsch-interior.com\/wp-content\/uploads\/2026\/02\/project-magazine-holder-natural-89f239b4c484cb0340f9b65cd1e9f370.jpg\",\"contentUrl\":\"https:\/\/hubsch-interior.com\/wp-content\/uploads\/2026\/02\/project-magazine-holder-natural-89f239b4c484cb0340f9b65cd1e9f370.jpg\",\"width\":1024,\"height\":1024},{\"@type\":\"BreadcrumbList\",\"@id\":\"https:\/\/hubsch-interior.com\/fr\/produit\/project-porte-revues-naturel\/#breadcrumb\",\"itemListElement\":[{\"@type\":\"ListItem\",\"position\":1,\"name\":\"Page d'accueil\",\"item\":\"https:\/\/hubsch-interior.com\/fr\/\"},{\"@type\":\"ListItem\",\"position\":2,\"name\":\"Produits\",\"item\":\"https:\/\/hubsch-interior.com\/fr\/shop-2\/\"},{\"@type\":\"ListItem\",\"position\":3,\"name\":\"Accessoires maison\",\"item\":\"https:\/\/hubsch-interior.com\/fr\/categorie-produit\/accessoires-maison\/\"},{\"@type\":\"ListItem\",\"position\":4,\"name\":\"Espace de travail\",\"item\":\"https:\/\/hubsch-interior.com\/fr\/categorie-produit\/accessoires-maison\/espace-de-travail-fr\/\"},{\"@type\":\"ListItem\",\"position\":5,\"name\":\"Rangement\",\"item\":\"https:\/\/hubsch-interior.com\/fr\/categorie-produit\/accessoires-maison\/espace-de-travail-fr\/rangement-fr\/\"},{\"@type\":\"ListItem\",\"position\":6,\"name\":\"Project Porte-revues Naturel\"}]},{\"@type\":\"WebSite\",\"@id\":\"https:\/\/hubsch-interior.com\/fr\/#website\",\"url\":\"https:\/\/hubsch-interior.com\/fr\/\",\"name\":\"H\u00fcbsch\",\"description\":\"Danish Home Interior and Design\",\"publisher\":{\"@id\":\"https:\/\/hubsch-interior.com\/fr\/#organization\"},\"potentialAction\":[{\"@type\":\"SearchAction\",\"target\":{\"@type\":\"EntryPoint\",\"urlTemplate\":\"https:\/\/hubsch-interior.com\/fr\/?s={search_term_string}\"},\"query-input\":{\"@type\":\"PropertyValueSpecification\",\"valueRequired\":true,\"valueName\":\"search_term_string\"}}],\"inLanguage\":\"fr-FR\"},{\"@type\":\"Organization\",\"@id\":\"https:\/\/hubsch-interior.com\/fr\/#organization\",\"name\":\"H\u00fcbsch\",\"url\":\"https:\/\/hubsch-interior.com\/fr\/\",\"logo\":{\"@type\":\"ImageObject\",\"inLanguage\":\"fr-FR\",\"@id\":\"https:\/\/hubsch-interior.com\/fr\/#\/schema\/logo\/image\/\",\"url\":\"https:\/\/hubsch-interior.com\/wp-content\/uploads\/2022\/12\/Hubsch_logo_black_one_line.svg\",\"contentUrl\":\"https:\/\/hubsch-interior.com\/wp-content\/uploads\/2022\/12\/Hubsch_logo_black_one_line.svg\",\"caption\":\"H\u00fcbsch\"},\"image\":{\"@id\":\"https:\/\/hubsch-interior.com\/fr\/#\/schema\/logo\/image\/\"}}]}<\/script>\n<!-- \/ Yoast SEO plugin. -->","yoast_head_json":{"title":"Project Porte-revues Naturel - H\u00fcbsch","description":"Le Project Porte-revues Naturel est fabriqu\u00e9 en placage de ch\u00eane de qualit\u00e9 sup\u00e9rieure. Cet objet est certifi\u00e9 FSC, ce qui garantit que les mat\u00e9riaux","robots":{"index":"index","follow":"follow","max-snippet":"max-snippet:-1","max-image-preview":"max-image-preview:large","max-video-preview":"max-video-preview:-1"},"canonical":"https:\/\/hubsch-interior.com\/fr\/wp-json\/wp\/v2\/product\/30751","og_locale":"fr_FR","og_type":"article","og_title":"Project Porte-revues Naturel - H\u00fcbsch","og_description":"Le Project Porte-revues Naturel est fabriqu\u00e9 en placage de ch\u00eane de qualit\u00e9 sup\u00e9rieure. Cet objet est certifi\u00e9 FSC, ce qui garantit que les mat\u00e9riaux","og_url":"https:\/\/hubsch-interior.com\/fr\/produit\/project-porte-revues-naturel\/","og_site_name":"H\u00fcbsch","article_modified_time":"2026-04-09T02:46:11+00:00","og_image":[{"width":1200,"height":1200,"url":"https:\/\/hubsch-interior.com\/wp-content\/uploads\/2023\/08\/project-magazine-holder-natural-4df83787e129248aaf018c27a03db2a3.jpg","type":"image\/jpeg"}],"twitter_card":"summary_large_image","schema":{"@context":"https:\/\/schema.org","@graph":[{"@type":"WebPage","@id":"https:\/\/hubsch-interior.com\/fr\/produit\/project-porte-revues-naturel\/","url":"https:\/\/hubsch-interior.com\/fr\/produit\/project-porte-revues-naturel\/","name":"Project Porte-revues Naturel - H\u00fcbsch","isPartOf":{"@id":"https:\/\/hubsch-interior.com\/fr\/#website"},"primaryImageOfPage":{"@id":"https:\/\/hubsch-interior.com\/fr\/produit\/project-porte-revues-naturel\/#primaryimage"},"image":{"@id":"https:\/\/hubsch-interior.com\/fr\/produit\/project-porte-revues-naturel\/#primaryimage"},"thumbnailUrl":"https:\/\/hubsch-interior.com\/wp-content\/uploads\/2026\/02\/project-magazine-holder-natural-89f239b4c484cb0340f9b65cd1e9f370.jpg","datePublished":"2020-10-07T13:49:11+00:00","dateModified":"2026-04-09T02:46:11+00:00","description":"Le Project Porte-revues Naturel est fabriqu\u00e9 en placage de ch\u00eane de qualit\u00e9 sup\u00e9rieure. Cet objet est certifi\u00e9 FSC, ce qui garantit que les mat\u00e9riaux","breadcrumb":{"@id":"https:\/\/hubsch-interior.com\/fr\/produit\/project-porte-revues-naturel\/#breadcrumb"},"inLanguage":"fr-FR","potentialAction":[{"@type":"ReadAction","target":["https:\/\/hubsch-interior.com\/fr\/produit\/project-porte-revues-naturel\/"]}]},{"@type":"ImageObject","inLanguage":"fr-FR","@id":"https:\/\/hubsch-interior.com\/fr\/produit\/project-porte-revues-naturel\/#primaryimage","url":"https:\/\/hubsch-interior.com\/wp-content\/uploads\/2026\/02\/project-magazine-holder-natural-89f239b4c484cb0340f9b65cd1e9f370.jpg","contentUrl":"https:\/\/hubsch-interior.com\/wp-content\/uploads\/2026\/02\/project-magazine-holder-natural-89f239b4c484cb0340f9b65cd1e9f370.jpg","width":1024,"height":1024},{"@type":"BreadcrumbList","@id":"https:\/\/hubsch-interior.com\/fr\/produit\/project-porte-revues-naturel\/#breadcrumb","itemListElement":[{"@type":"ListItem","position":1,"name":"Page d'accueil","item":"https:\/\/hubsch-interior.com\/fr\/"},{"@type":"ListItem","position":2,"name":"Produits","item":"https:\/\/hubsch-interior.com\/fr\/shop-2\/"},{"@type":"ListItem","position":3,"name":"Accessoires maison","item":"https:\/\/hubsch-interior.com\/fr\/categorie-produit\/accessoires-maison\/"},{"@type":"ListItem","position":4,"name":"Espace de travail","item":"https:\/\/hubsch-interior.com\/fr\/categorie-produit\/accessoires-maison\/espace-de-travail-fr\/"},{"@type":"ListItem","position":5,"name":"Rangement","item":"https:\/\/hubsch-interior.com\/fr\/categorie-produit\/accessoires-maison\/espace-de-travail-fr\/rangement-fr\/"},{"@type":"ListItem","position":6,"name":"Project Porte-revues Naturel"}]},{"@type":"WebSite","@id":"https:\/\/hubsch-interior.com\/fr\/#website","url":"https:\/\/hubsch-interior.com\/fr\/","name":"H\u00fcbsch","description":"Danish Home Interior and Design","publisher":{"@id":"https:\/\/hubsch-interior.com\/fr\/#organization"},"potentialAction":[{"@type":"SearchAction","target":{"@type":"EntryPoint","urlTemplate":"https:\/\/hubsch-interior.com\/fr\/?s={search_term_string}"},"query-input":{"@type":"PropertyValueSpecification","valueRequired":true,"valueName":"search_term_string"}}],"inLanguage":"fr-FR"},{"@type":"Organization","@id":"https:\/\/hubsch-interior.com\/fr\/#organization","name":"H\u00fcbsch","url":"https:\/\/hubsch-interior.com\/fr\/","logo":{"@type":"ImageObject","inLanguage":"fr-FR","@id":"https:\/\/hubsch-interior.com\/fr\/#\/schema\/logo\/image\/","url":"https:\/\/hubsch-interior.com\/wp-content\/uploads\/2022\/12\/Hubsch_logo_black_one_line.svg","contentUrl":"https:\/\/hubsch-interior.com\/wp-content\/uploads\/2022\/12\/Hubsch_logo_black_one_line.svg","caption":"H\u00fcbsch"},"image":{"@id":"https:\/\/hubsch-interior.com\/fr\/#\/schema\/logo\/image\/"}}]}},"_links":{"self":[{"href":"https:\/\/hubsch-interior.com\/fr\/wp-json\/wp\/v2\/product\/30751","targetHints":{"allow":["GET"]}}],"collection":[{"href":"https:\/\/hubsch-interior.com\/fr\/wp-json\/wp\/v2\/product"}],"about":[{"href":"https:\/\/hubsch-interior.com\/fr\/wp-json\/wp\/v2\/types\/product"}],"wp:featuredmedia":[{"embeddable":true,"href":"https:\/\/hubsch-interior.com\/fr\/wp-json\/wp\/v2\/media\/1114388"}],"wp:attachment":[{"href":"https:\/\/hubsch-interior.com\/fr\/wp-json\/wp\/v2\/media?parent=30751"}],"wp:term":[{"taxonomy":"product_brand","embeddable":true,"href":"https:\/\/hubsch-interior.com\/fr\/wp-json\/wp\/v2\/product_brand?post=30751"},{"taxonomy":"product_cat","embeddable":true,"href":"https:\/\/hubsch-interior.com\/fr\/wp-json\/wp\/v2\/product_cat?post=30751"},{"taxonomy":"product_tag","embeddable":true,"href":"https:\/\/hubsch-interior.com\/fr\/wp-json\/wp\/v2\/product_tag?post=30751"}],"curies":[{"name":"wp","href":"https:\/\/api.w.org\/{rel}","templated":true}]}}