{"id":30875,"date":"2020-10-07T15:49:35","date_gmt":"2020-10-07T13:49:35","guid":{"rendered":"https:\/\/hubsch-interior.com\/product\/product\/"},"modified":"2026-04-09T04:47:36","modified_gmt":"2026-04-09T02:47:36","slug":"align-banc-naturel","status":"publish","type":"product","link":"https:\/\/hubsch-interior.com\/fr\/produit\/align-banc-naturel\/","title":{"rendered":"Align Banc Naturel"},"content":{"rendered":"<p>Le Align Banc Naturel est fait de bois ch\u00eane et de placage de bois de ch\u00eane. Il est certifi\u00e9 FSC pour assurer la provenance responsable de ses mat\u00e9riaux. Ce banc offre un style naturel et intemporel qui s&#8217;int\u00e8gre parfaitement \u00e0 n&#8217;importe quel d\u00e9cor. Sa finition en bois massif et son design \u00e9pur\u00e9 ajouteront une touche \u00e9l\u00e9gante \u00e0 votre int\u00e9rieur. Son rev\u00eatement lui conf\u00e8re une solidit\u00e9 et une long\u00e9vit\u00e9 exceptionnelles. Le Align Banc Naturel est la pi\u00e8ce parfaite pour ajouter une touche de style intemporel \u00e0 votre espace.<\/p>\n","protected":false},"excerpt":{"rendered":"<p>Le Align Banc Naturel est fait de bois ch\u00eane et de placage de bois de ch\u00eane. Il est certifi\u00e9 FSC pour assurer la provenance responsable de ses mat\u00e9riaux. Ce banc offre un style naturel et intemporel qui s&#8217;int\u00e8gre parfaitement \u00e0 n&#8217;importe quel d\u00e9cor. Sa finition en bois massif et son design \u00e9pur\u00e9 ajouteront une touche [&hellip;]<\/p>\n","protected":false},"featured_media":1101747,"template":"","meta":{"_acf_changed":false,"inline_featured_image":false},"product_brand":[],"product_cat":[6943,6322,2843,2877,5026],"product_tag":[],"class_list":{"0":"post-30875","1":"product","2":"type-product","3":"status-publish","4":"has-post-thumbnail","6":"product_cat-bestseller-2025-fr","7":"product_cat-fsc-fr","8":"product_cat-assises-fr","9":"product_cat-bancs-fr","10":"product_cat-bestsellers-fr","11":"product_shipping_class-pk","13":"pa_color-naturel-2","14":"pa_material-mdf-fr","15":"pa_material-bois-de-chne-2","16":"pa_material-placage-de-chne-2","18":"first","19":"instock","20":"featured","21":"taxable","22":"shipping-taxable","23":"purchasable","24":"product-type-simple"},"exclude_global_add_ons":[],"addons":[],"acf":[],"yoast_head":"<!-- This site is optimized with the Yoast SEO plugin v26.4 - https:\/\/yoast.com\/wordpress\/plugins\/seo\/ -->\n<title>Align Banc Naturel - H\u00fcbsch<\/title>\n<meta name=\"description\" content=\"Le Align Banc Naturel est fait de bois ch\u00eane et de placage de bois de ch\u00eane. Il est certifi\u00e9 FSC pour assurer la provenance responsable de ses mat\u00e9riaux.\" \/>\n<meta name=\"robots\" content=\"index, follow, max-snippet:-1, max-image-preview:large, max-video-preview:-1\" \/>\n<link rel=\"canonical\" href=\"https:\/\/hubsch-interior.com\/fr\/wp-json\/wp\/v2\/product\/30875\" \/>\n<meta property=\"og:locale\" content=\"fr_FR\" \/>\n<meta property=\"og:type\" content=\"article\" \/>\n<meta property=\"og:title\" content=\"Align Banc Naturel - H\u00fcbsch\" \/>\n<meta property=\"og:description\" content=\"Le Align Banc Naturel est fait de bois ch\u00eane et de placage de bois de ch\u00eane. Il est certifi\u00e9 FSC pour assurer la provenance responsable de ses mat\u00e9riaux.\" \/>\n<meta property=\"og:url\" content=\"https:\/\/hubsch-interior.com\/fr\/produit\/align-banc-naturel\/\" \/>\n<meta property=\"og:site_name\" content=\"H\u00fcbsch\" \/>\n<meta property=\"article:modified_time\" content=\"2026-04-09T02:47:36+00:00\" \/>\n<meta property=\"og:image\" content=\"https:\/\/hubsch-interior.com\/wp-content\/uploads\/2025\/04\/align-bench-natural-39617642e5aeb580fab12129409b8014.jpg\" \/>\n\t<meta property=\"og:image:width\" content=\"1200\" \/>\n\t<meta property=\"og:image:height\" content=\"1200\" \/>\n\t<meta property=\"og:image:type\" content=\"image\/jpeg\" \/>\n<meta name=\"twitter:card\" content=\"summary_large_image\" \/>\n<script type=\"application\/ld+json\" class=\"yoast-schema-graph\">{\"@context\":\"https:\/\/schema.org\",\"@graph\":[{\"@type\":\"WebPage\",\"@id\":\"https:\/\/hubsch-interior.com\/fr\/produit\/align-banc-naturel\/\",\"url\":\"https:\/\/hubsch-interior.com\/fr\/produit\/align-banc-naturel\/\",\"name\":\"Align Banc Naturel - H\u00fcbsch\",\"isPartOf\":{\"@id\":\"https:\/\/hubsch-interior.com\/fr\/#website\"},\"primaryImageOfPage\":{\"@id\":\"https:\/\/hubsch-interior.com\/fr\/produit\/align-banc-naturel\/#primaryimage\"},\"image\":{\"@id\":\"https:\/\/hubsch-interior.com\/fr\/produit\/align-banc-naturel\/#primaryimage\"},\"thumbnailUrl\":\"https:\/\/hubsch-interior.com\/wp-content\/uploads\/2026\/02\/align-bench-natural-a752be81dc82acdf89a49399cac8eaac.jpg\",\"datePublished\":\"2020-10-07T13:49:35+00:00\",\"dateModified\":\"2026-04-09T02:47:36+00:00\",\"description\":\"Le Align Banc Naturel est fait de bois ch\u00eane et de placage de bois de ch\u00eane. Il est certifi\u00e9 FSC pour assurer la provenance responsable de ses mat\u00e9riaux.\",\"breadcrumb\":{\"@id\":\"https:\/\/hubsch-interior.com\/fr\/produit\/align-banc-naturel\/#breadcrumb\"},\"inLanguage\":\"fr-FR\",\"potentialAction\":[{\"@type\":\"ReadAction\",\"target\":[\"https:\/\/hubsch-interior.com\/fr\/produit\/align-banc-naturel\/\"]}]},{\"@type\":\"ImageObject\",\"inLanguage\":\"fr-FR\",\"@id\":\"https:\/\/hubsch-interior.com\/fr\/produit\/align-banc-naturel\/#primaryimage\",\"url\":\"https:\/\/hubsch-interior.com\/wp-content\/uploads\/2026\/02\/align-bench-natural-a752be81dc82acdf89a49399cac8eaac.jpg\",\"contentUrl\":\"https:\/\/hubsch-interior.com\/wp-content\/uploads\/2026\/02\/align-bench-natural-a752be81dc82acdf89a49399cac8eaac.jpg\",\"width\":1024,\"height\":1024},{\"@type\":\"BreadcrumbList\",\"@id\":\"https:\/\/hubsch-interior.com\/fr\/produit\/align-banc-naturel\/#breadcrumb\",\"itemListElement\":[{\"@type\":\"ListItem\",\"position\":1,\"name\":\"Page d'accueil\",\"item\":\"https:\/\/hubsch-interior.com\/fr\/\"},{\"@type\":\"ListItem\",\"position\":2,\"name\":\"Produits\",\"item\":\"https:\/\/hubsch-interior.com\/fr\/shop-2\/\"},{\"@type\":\"ListItem\",\"position\":3,\"name\":\"Meubles\",\"item\":\"https:\/\/hubsch-interior.com\/fr\/categorie-produit\/meubles\/\"},{\"@type\":\"ListItem\",\"position\":4,\"name\":\"Assises\",\"item\":\"https:\/\/hubsch-interior.com\/fr\/categorie-produit\/meubles\/assises-fr\/\"},{\"@type\":\"ListItem\",\"position\":5,\"name\":\"Bancs\",\"item\":\"https:\/\/hubsch-interior.com\/fr\/categorie-produit\/meubles\/assises-fr\/bancs-fr\/\"},{\"@type\":\"ListItem\",\"position\":6,\"name\":\"Align Banc Naturel\"}]},{\"@type\":\"WebSite\",\"@id\":\"https:\/\/hubsch-interior.com\/fr\/#website\",\"url\":\"https:\/\/hubsch-interior.com\/fr\/\",\"name\":\"H\u00fcbsch\",\"description\":\"Danish Home Interior and Design\",\"publisher\":{\"@id\":\"https:\/\/hubsch-interior.com\/fr\/#organization\"},\"potentialAction\":[{\"@type\":\"SearchAction\",\"target\":{\"@type\":\"EntryPoint\",\"urlTemplate\":\"https:\/\/hubsch-interior.com\/fr\/?s={search_term_string}\"},\"query-input\":{\"@type\":\"PropertyValueSpecification\",\"valueRequired\":true,\"valueName\":\"search_term_string\"}}],\"inLanguage\":\"fr-FR\"},{\"@type\":\"Organization\",\"@id\":\"https:\/\/hubsch-interior.com\/fr\/#organization\",\"name\":\"H\u00fcbsch\",\"url\":\"https:\/\/hubsch-interior.com\/fr\/\",\"logo\":{\"@type\":\"ImageObject\",\"inLanguage\":\"fr-FR\",\"@id\":\"https:\/\/hubsch-interior.com\/fr\/#\/schema\/logo\/image\/\",\"url\":\"https:\/\/hubsch-interior.com\/wp-content\/uploads\/2022\/12\/Hubsch_logo_black_one_line.svg\",\"contentUrl\":\"https:\/\/hubsch-interior.com\/wp-content\/uploads\/2022\/12\/Hubsch_logo_black_one_line.svg\",\"caption\":\"H\u00fcbsch\"},\"image\":{\"@id\":\"https:\/\/hubsch-interior.com\/fr\/#\/schema\/logo\/image\/\"}}]}<\/script>\n<!-- \/ Yoast SEO plugin. -->","yoast_head_json":{"title":"Align Banc Naturel - H\u00fcbsch","description":"Le Align Banc Naturel est fait de bois ch\u00eane et de placage de bois de ch\u00eane. Il est certifi\u00e9 FSC pour assurer la provenance responsable de ses mat\u00e9riaux.","robots":{"index":"index","follow":"follow","max-snippet":"max-snippet:-1","max-image-preview":"max-image-preview:large","max-video-preview":"max-video-preview:-1"},"canonical":"https:\/\/hubsch-interior.com\/fr\/wp-json\/wp\/v2\/product\/30875","og_locale":"fr_FR","og_type":"article","og_title":"Align Banc Naturel - H\u00fcbsch","og_description":"Le Align Banc Naturel est fait de bois ch\u00eane et de placage de bois de ch\u00eane. Il est certifi\u00e9 FSC pour assurer la provenance responsable de ses mat\u00e9riaux.","og_url":"https:\/\/hubsch-interior.com\/fr\/produit\/align-banc-naturel\/","og_site_name":"H\u00fcbsch","article_modified_time":"2026-04-09T02:47:36+00:00","og_image":[{"width":1200,"height":1200,"url":"https:\/\/hubsch-interior.com\/wp-content\/uploads\/2025\/04\/align-bench-natural-39617642e5aeb580fab12129409b8014.jpg","type":"image\/jpeg"}],"twitter_card":"summary_large_image","schema":{"@context":"https:\/\/schema.org","@graph":[{"@type":"WebPage","@id":"https:\/\/hubsch-interior.com\/fr\/produit\/align-banc-naturel\/","url":"https:\/\/hubsch-interior.com\/fr\/produit\/align-banc-naturel\/","name":"Align Banc Naturel - H\u00fcbsch","isPartOf":{"@id":"https:\/\/hubsch-interior.com\/fr\/#website"},"primaryImageOfPage":{"@id":"https:\/\/hubsch-interior.com\/fr\/produit\/align-banc-naturel\/#primaryimage"},"image":{"@id":"https:\/\/hubsch-interior.com\/fr\/produit\/align-banc-naturel\/#primaryimage"},"thumbnailUrl":"https:\/\/hubsch-interior.com\/wp-content\/uploads\/2026\/02\/align-bench-natural-a752be81dc82acdf89a49399cac8eaac.jpg","datePublished":"2020-10-07T13:49:35+00:00","dateModified":"2026-04-09T02:47:36+00:00","description":"Le Align Banc Naturel est fait de bois ch\u00eane et de placage de bois de ch\u00eane. Il est certifi\u00e9 FSC pour assurer la provenance responsable de ses mat\u00e9riaux.","breadcrumb":{"@id":"https:\/\/hubsch-interior.com\/fr\/produit\/align-banc-naturel\/#breadcrumb"},"inLanguage":"fr-FR","potentialAction":[{"@type":"ReadAction","target":["https:\/\/hubsch-interior.com\/fr\/produit\/align-banc-naturel\/"]}]},{"@type":"ImageObject","inLanguage":"fr-FR","@id":"https:\/\/hubsch-interior.com\/fr\/produit\/align-banc-naturel\/#primaryimage","url":"https:\/\/hubsch-interior.com\/wp-content\/uploads\/2026\/02\/align-bench-natural-a752be81dc82acdf89a49399cac8eaac.jpg","contentUrl":"https:\/\/hubsch-interior.com\/wp-content\/uploads\/2026\/02\/align-bench-natural-a752be81dc82acdf89a49399cac8eaac.jpg","width":1024,"height":1024},{"@type":"BreadcrumbList","@id":"https:\/\/hubsch-interior.com\/fr\/produit\/align-banc-naturel\/#breadcrumb","itemListElement":[{"@type":"ListItem","position":1,"name":"Page d'accueil","item":"https:\/\/hubsch-interior.com\/fr\/"},{"@type":"ListItem","position":2,"name":"Produits","item":"https:\/\/hubsch-interior.com\/fr\/shop-2\/"},{"@type":"ListItem","position":3,"name":"Meubles","item":"https:\/\/hubsch-interior.com\/fr\/categorie-produit\/meubles\/"},{"@type":"ListItem","position":4,"name":"Assises","item":"https:\/\/hubsch-interior.com\/fr\/categorie-produit\/meubles\/assises-fr\/"},{"@type":"ListItem","position":5,"name":"Bancs","item":"https:\/\/hubsch-interior.com\/fr\/categorie-produit\/meubles\/assises-fr\/bancs-fr\/"},{"@type":"ListItem","position":6,"name":"Align Banc Naturel"}]},{"@type":"WebSite","@id":"https:\/\/hubsch-interior.com\/fr\/#website","url":"https:\/\/hubsch-interior.com\/fr\/","name":"H\u00fcbsch","description":"Danish Home Interior and Design","publisher":{"@id":"https:\/\/hubsch-interior.com\/fr\/#organization"},"potentialAction":[{"@type":"SearchAction","target":{"@type":"EntryPoint","urlTemplate":"https:\/\/hubsch-interior.com\/fr\/?s={search_term_string}"},"query-input":{"@type":"PropertyValueSpecification","valueRequired":true,"valueName":"search_term_string"}}],"inLanguage":"fr-FR"},{"@type":"Organization","@id":"https:\/\/hubsch-interior.com\/fr\/#organization","name":"H\u00fcbsch","url":"https:\/\/hubsch-interior.com\/fr\/","logo":{"@type":"ImageObject","inLanguage":"fr-FR","@id":"https:\/\/hubsch-interior.com\/fr\/#\/schema\/logo\/image\/","url":"https:\/\/hubsch-interior.com\/wp-content\/uploads\/2022\/12\/Hubsch_logo_black_one_line.svg","contentUrl":"https:\/\/hubsch-interior.com\/wp-content\/uploads\/2022\/12\/Hubsch_logo_black_one_line.svg","caption":"H\u00fcbsch"},"image":{"@id":"https:\/\/hubsch-interior.com\/fr\/#\/schema\/logo\/image\/"}}]}},"_links":{"self":[{"href":"https:\/\/hubsch-interior.com\/fr\/wp-json\/wp\/v2\/product\/30875","targetHints":{"allow":["GET"]}}],"collection":[{"href":"https:\/\/hubsch-interior.com\/fr\/wp-json\/wp\/v2\/product"}],"about":[{"href":"https:\/\/hubsch-interior.com\/fr\/wp-json\/wp\/v2\/types\/product"}],"wp:featuredmedia":[{"embeddable":true,"href":"https:\/\/hubsch-interior.com\/fr\/wp-json\/wp\/v2\/media\/1101747"}],"wp:attachment":[{"href":"https:\/\/hubsch-interior.com\/fr\/wp-json\/wp\/v2\/media?parent=30875"}],"wp:term":[{"taxonomy":"product_brand","embeddable":true,"href":"https:\/\/hubsch-interior.com\/fr\/wp-json\/wp\/v2\/product_brand?post=30875"},{"taxonomy":"product_cat","embeddable":true,"href":"https:\/\/hubsch-interior.com\/fr\/wp-json\/wp\/v2\/product_cat?post=30875"},{"taxonomy":"product_tag","embeddable":true,"href":"https:\/\/hubsch-interior.com\/fr\/wp-json\/wp\/v2\/product_tag?post=30875"}],"curies":[{"name":"wp","href":"https:\/\/api.w.org\/{rel}","templated":true}]}}