{"id":30887,"date":"2020-10-07T15:49:38","date_gmt":"2020-10-07T13:49:38","guid":{"rendered":"https:\/\/hubsch-interior.com\/product\/product\/"},"modified":"2026-04-05T04:48:46","modified_gmt":"2026-04-05T02:48:46","slug":"acorn-tables-de-chevet-naturel","status":"publish","type":"product","link":"https:\/\/hubsch-interior.com\/fr\/produit\/acorn-tables-de-chevet-naturel\/","title":{"rendered":"Acorn Tables de chevet Naturel"},"content":{"rendered":"<p>Les Tables de chevet Acorn Naturel sont fabriqu\u00e9es \u00e0 partir de placage et de bois de ch\u00eane, et certifi\u00e9 FSC pour un impact environnemental minimal. Elles offrent une touche naturelle et authentique \u00e0 votre d\u00e9cor int\u00e9rieur. Avec leur design \u00e9pur\u00e9 et \u00e9l\u00e9gant, les Tables de chevet Acorn Naturel sont le compl\u00e9ment parfait \u00e0 votre chambre \u00e0 coucher. Elles offrent un rangement pratique avec leur tiroir, pour ranger vos livres, vos bijoux, ou tout autre objet. Laissez vous s\u00e9duire par ces Tables de chevet Acorn Naturel.<\/p>\n","protected":false},"excerpt":{"rendered":"<p>Les Tables de chevet Acorn Naturel sont fabriqu\u00e9es \u00e0 partir de placage et de bois de ch\u00eane, et certifi\u00e9 FSC pour un impact environnemental minimal. Elles offrent une touche naturelle et authentique \u00e0 votre d\u00e9cor int\u00e9rieur. Avec leur design \u00e9pur\u00e9 et \u00e9l\u00e9gant, les Tables de chevet Acorn Naturel sont le compl\u00e9ment parfait \u00e0 votre chambre [&hellip;]<\/p>\n","protected":false},"featured_media":1101805,"template":"","meta":{"_acf_changed":false,"inline_featured_image":false},"product_brand":[],"product_cat":[2859,4802,4001,4920,5026],"product_tag":[],"class_list":{"0":"post-30887","1":"product","2":"type-product","3":"status-publish","4":"has-post-thumbnail","6":"product_cat-tables-fr","7":"product_cat-tables-de-chevet-fr","8":"product_cat-etageres-et-meubles-de-rangement-fr","9":"product_cat-commodes-buffets-fr","10":"product_cat-bestsellers-fr","11":"product_shipping_class-pk","12":"pa_color-naturel-2","13":"pa_material-mdf-fr","14":"pa_material-bois-de-chne-2","15":"pa_material-placage-de-chne-2","17":"first","18":"outofstock","19":"featured","20":"taxable","21":"shipping-taxable","22":"purchasable","23":"product-type-simple"},"exclude_global_add_ons":[],"addons":[],"acf":[],"yoast_head":"<!-- This site is optimized with the Yoast SEO plugin v26.4 - https:\/\/yoast.com\/wordpress\/plugins\/seo\/ -->\n<title>Acorn Tables de chevet Naturel - H\u00fcbsch<\/title>\n<meta name=\"description\" content=\"Les Tables de chevet Acorn Naturel sont fabriqu\u00e9es \u00e0 partir de placage et de bois de ch\u00eane, et certifi\u00e9 FSC pour un impact environnemental minimal. Elles\" \/>\n<meta name=\"robots\" content=\"index, follow, max-snippet:-1, max-image-preview:large, max-video-preview:-1\" \/>\n<link rel=\"canonical\" href=\"https:\/\/hubsch-interior.com\/fr\/wp-json\/wp\/v2\/product\/30887\" \/>\n<meta property=\"og:locale\" content=\"fr_FR\" \/>\n<meta property=\"og:type\" content=\"article\" \/>\n<meta property=\"og:title\" content=\"Acorn Tables de chevet Naturel - H\u00fcbsch\" \/>\n<meta property=\"og:description\" content=\"Les Tables de chevet Acorn Naturel sont fabriqu\u00e9es \u00e0 partir de placage et de bois de ch\u00eane, et certifi\u00e9 FSC pour un impact environnemental minimal. Elles\" \/>\n<meta property=\"og:url\" content=\"https:\/\/hubsch-interior.com\/fr\/produit\/acorn-tables-de-chevet-naturel\/\" \/>\n<meta property=\"og:site_name\" content=\"H\u00fcbsch\" \/>\n<meta property=\"article:modified_time\" content=\"2026-04-05T02:48:46+00:00\" \/>\n<meta property=\"og:image\" content=\"https:\/\/hubsch-interior.com\/wp-content\/uploads\/2023\/08\/acorn-bedside-table-natural-436255a703c75840925111d3646f05dc.jpg\" \/>\n\t<meta property=\"og:image:width\" content=\"1200\" \/>\n\t<meta property=\"og:image:height\" content=\"1200\" \/>\n\t<meta property=\"og:image:type\" content=\"image\/jpeg\" \/>\n<meta name=\"twitter:card\" content=\"summary_large_image\" \/>\n<script type=\"application\/ld+json\" class=\"yoast-schema-graph\">{\"@context\":\"https:\/\/schema.org\",\"@graph\":[{\"@type\":\"WebPage\",\"@id\":\"https:\/\/hubsch-interior.com\/fr\/produit\/acorn-tables-de-chevet-naturel\/\",\"url\":\"https:\/\/hubsch-interior.com\/fr\/produit\/acorn-tables-de-chevet-naturel\/\",\"name\":\"Acorn Tables de chevet Naturel - H\u00fcbsch\",\"isPartOf\":{\"@id\":\"https:\/\/hubsch-interior.com\/fr\/#website\"},\"primaryImageOfPage\":{\"@id\":\"https:\/\/hubsch-interior.com\/fr\/produit\/acorn-tables-de-chevet-naturel\/#primaryimage\"},\"image\":{\"@id\":\"https:\/\/hubsch-interior.com\/fr\/produit\/acorn-tables-de-chevet-naturel\/#primaryimage\"},\"thumbnailUrl\":\"https:\/\/hubsch-interior.com\/wp-content\/uploads\/2026\/02\/acorn-bedside-table-natural-1664284ff0ab0985077d48346676b920.jpg\",\"datePublished\":\"2020-10-07T13:49:38+00:00\",\"dateModified\":\"2026-04-05T02:48:46+00:00\",\"description\":\"Les Tables de chevet Acorn Naturel sont fabriqu\u00e9es \u00e0 partir de placage et de bois de ch\u00eane, et certifi\u00e9 FSC pour un impact environnemental minimal. Elles\",\"breadcrumb\":{\"@id\":\"https:\/\/hubsch-interior.com\/fr\/produit\/acorn-tables-de-chevet-naturel\/#breadcrumb\"},\"inLanguage\":\"fr-FR\",\"potentialAction\":[{\"@type\":\"ReadAction\",\"target\":[\"https:\/\/hubsch-interior.com\/fr\/produit\/acorn-tables-de-chevet-naturel\/\"]}]},{\"@type\":\"ImageObject\",\"inLanguage\":\"fr-FR\",\"@id\":\"https:\/\/hubsch-interior.com\/fr\/produit\/acorn-tables-de-chevet-naturel\/#primaryimage\",\"url\":\"https:\/\/hubsch-interior.com\/wp-content\/uploads\/2026\/02\/acorn-bedside-table-natural-1664284ff0ab0985077d48346676b920.jpg\",\"contentUrl\":\"https:\/\/hubsch-interior.com\/wp-content\/uploads\/2026\/02\/acorn-bedside-table-natural-1664284ff0ab0985077d48346676b920.jpg\",\"width\":1024,\"height\":1024},{\"@type\":\"BreadcrumbList\",\"@id\":\"https:\/\/hubsch-interior.com\/fr\/produit\/acorn-tables-de-chevet-naturel\/#breadcrumb\",\"itemListElement\":[{\"@type\":\"ListItem\",\"position\":1,\"name\":\"Page d'accueil\",\"item\":\"https:\/\/hubsch-interior.com\/fr\/\"},{\"@type\":\"ListItem\",\"position\":2,\"name\":\"Produits\",\"item\":\"https:\/\/hubsch-interior.com\/fr\/shop-2\/\"},{\"@type\":\"ListItem\",\"position\":3,\"name\":\"Meubles\",\"item\":\"https:\/\/hubsch-interior.com\/fr\/categorie-produit\/meubles\/\"},{\"@type\":\"ListItem\",\"position\":4,\"name\":\"Tables\",\"item\":\"https:\/\/hubsch-interior.com\/fr\/categorie-produit\/meubles\/tables-fr\/\"},{\"@type\":\"ListItem\",\"position\":5,\"name\":\"Tables de chevet\",\"item\":\"https:\/\/hubsch-interior.com\/fr\/categorie-produit\/meubles\/tables-fr\/tables-de-chevet-fr\/\"},{\"@type\":\"ListItem\",\"position\":6,\"name\":\"Acorn Tables de chevet Naturel\"}]},{\"@type\":\"WebSite\",\"@id\":\"https:\/\/hubsch-interior.com\/fr\/#website\",\"url\":\"https:\/\/hubsch-interior.com\/fr\/\",\"name\":\"H\u00fcbsch\",\"description\":\"Danish Home Interior and Design\",\"publisher\":{\"@id\":\"https:\/\/hubsch-interior.com\/fr\/#organization\"},\"potentialAction\":[{\"@type\":\"SearchAction\",\"target\":{\"@type\":\"EntryPoint\",\"urlTemplate\":\"https:\/\/hubsch-interior.com\/fr\/?s={search_term_string}\"},\"query-input\":{\"@type\":\"PropertyValueSpecification\",\"valueRequired\":true,\"valueName\":\"search_term_string\"}}],\"inLanguage\":\"fr-FR\"},{\"@type\":\"Organization\",\"@id\":\"https:\/\/hubsch-interior.com\/fr\/#organization\",\"name\":\"H\u00fcbsch\",\"url\":\"https:\/\/hubsch-interior.com\/fr\/\",\"logo\":{\"@type\":\"ImageObject\",\"inLanguage\":\"fr-FR\",\"@id\":\"https:\/\/hubsch-interior.com\/fr\/#\/schema\/logo\/image\/\",\"url\":\"https:\/\/hubsch-interior.com\/wp-content\/uploads\/2022\/12\/Hubsch_logo_black_one_line.svg\",\"contentUrl\":\"https:\/\/hubsch-interior.com\/wp-content\/uploads\/2022\/12\/Hubsch_logo_black_one_line.svg\",\"caption\":\"H\u00fcbsch\"},\"image\":{\"@id\":\"https:\/\/hubsch-interior.com\/fr\/#\/schema\/logo\/image\/\"}}]}<\/script>\n<!-- \/ Yoast SEO plugin. -->","yoast_head_json":{"title":"Acorn Tables de chevet Naturel - H\u00fcbsch","description":"Les Tables de chevet Acorn Naturel sont fabriqu\u00e9es \u00e0 partir de placage et de bois de ch\u00eane, et certifi\u00e9 FSC pour un impact environnemental minimal. Elles","robots":{"index":"index","follow":"follow","max-snippet":"max-snippet:-1","max-image-preview":"max-image-preview:large","max-video-preview":"max-video-preview:-1"},"canonical":"https:\/\/hubsch-interior.com\/fr\/wp-json\/wp\/v2\/product\/30887","og_locale":"fr_FR","og_type":"article","og_title":"Acorn Tables de chevet Naturel - H\u00fcbsch","og_description":"Les Tables de chevet Acorn Naturel sont fabriqu\u00e9es \u00e0 partir de placage et de bois de ch\u00eane, et certifi\u00e9 FSC pour un impact environnemental minimal. Elles","og_url":"https:\/\/hubsch-interior.com\/fr\/produit\/acorn-tables-de-chevet-naturel\/","og_site_name":"H\u00fcbsch","article_modified_time":"2026-04-05T02:48:46+00:00","og_image":[{"width":1200,"height":1200,"url":"https:\/\/hubsch-interior.com\/wp-content\/uploads\/2023\/08\/acorn-bedside-table-natural-436255a703c75840925111d3646f05dc.jpg","type":"image\/jpeg"}],"twitter_card":"summary_large_image","schema":{"@context":"https:\/\/schema.org","@graph":[{"@type":"WebPage","@id":"https:\/\/hubsch-interior.com\/fr\/produit\/acorn-tables-de-chevet-naturel\/","url":"https:\/\/hubsch-interior.com\/fr\/produit\/acorn-tables-de-chevet-naturel\/","name":"Acorn Tables de chevet Naturel - H\u00fcbsch","isPartOf":{"@id":"https:\/\/hubsch-interior.com\/fr\/#website"},"primaryImageOfPage":{"@id":"https:\/\/hubsch-interior.com\/fr\/produit\/acorn-tables-de-chevet-naturel\/#primaryimage"},"image":{"@id":"https:\/\/hubsch-interior.com\/fr\/produit\/acorn-tables-de-chevet-naturel\/#primaryimage"},"thumbnailUrl":"https:\/\/hubsch-interior.com\/wp-content\/uploads\/2026\/02\/acorn-bedside-table-natural-1664284ff0ab0985077d48346676b920.jpg","datePublished":"2020-10-07T13:49:38+00:00","dateModified":"2026-04-05T02:48:46+00:00","description":"Les Tables de chevet Acorn Naturel sont fabriqu\u00e9es \u00e0 partir de placage et de bois de ch\u00eane, et certifi\u00e9 FSC pour un impact environnemental minimal. Elles","breadcrumb":{"@id":"https:\/\/hubsch-interior.com\/fr\/produit\/acorn-tables-de-chevet-naturel\/#breadcrumb"},"inLanguage":"fr-FR","potentialAction":[{"@type":"ReadAction","target":["https:\/\/hubsch-interior.com\/fr\/produit\/acorn-tables-de-chevet-naturel\/"]}]},{"@type":"ImageObject","inLanguage":"fr-FR","@id":"https:\/\/hubsch-interior.com\/fr\/produit\/acorn-tables-de-chevet-naturel\/#primaryimage","url":"https:\/\/hubsch-interior.com\/wp-content\/uploads\/2026\/02\/acorn-bedside-table-natural-1664284ff0ab0985077d48346676b920.jpg","contentUrl":"https:\/\/hubsch-interior.com\/wp-content\/uploads\/2026\/02\/acorn-bedside-table-natural-1664284ff0ab0985077d48346676b920.jpg","width":1024,"height":1024},{"@type":"BreadcrumbList","@id":"https:\/\/hubsch-interior.com\/fr\/produit\/acorn-tables-de-chevet-naturel\/#breadcrumb","itemListElement":[{"@type":"ListItem","position":1,"name":"Page d'accueil","item":"https:\/\/hubsch-interior.com\/fr\/"},{"@type":"ListItem","position":2,"name":"Produits","item":"https:\/\/hubsch-interior.com\/fr\/shop-2\/"},{"@type":"ListItem","position":3,"name":"Meubles","item":"https:\/\/hubsch-interior.com\/fr\/categorie-produit\/meubles\/"},{"@type":"ListItem","position":4,"name":"Tables","item":"https:\/\/hubsch-interior.com\/fr\/categorie-produit\/meubles\/tables-fr\/"},{"@type":"ListItem","position":5,"name":"Tables de chevet","item":"https:\/\/hubsch-interior.com\/fr\/categorie-produit\/meubles\/tables-fr\/tables-de-chevet-fr\/"},{"@type":"ListItem","position":6,"name":"Acorn Tables de chevet Naturel"}]},{"@type":"WebSite","@id":"https:\/\/hubsch-interior.com\/fr\/#website","url":"https:\/\/hubsch-interior.com\/fr\/","name":"H\u00fcbsch","description":"Danish Home Interior and Design","publisher":{"@id":"https:\/\/hubsch-interior.com\/fr\/#organization"},"potentialAction":[{"@type":"SearchAction","target":{"@type":"EntryPoint","urlTemplate":"https:\/\/hubsch-interior.com\/fr\/?s={search_term_string}"},"query-input":{"@type":"PropertyValueSpecification","valueRequired":true,"valueName":"search_term_string"}}],"inLanguage":"fr-FR"},{"@type":"Organization","@id":"https:\/\/hubsch-interior.com\/fr\/#organization","name":"H\u00fcbsch","url":"https:\/\/hubsch-interior.com\/fr\/","logo":{"@type":"ImageObject","inLanguage":"fr-FR","@id":"https:\/\/hubsch-interior.com\/fr\/#\/schema\/logo\/image\/","url":"https:\/\/hubsch-interior.com\/wp-content\/uploads\/2022\/12\/Hubsch_logo_black_one_line.svg","contentUrl":"https:\/\/hubsch-interior.com\/wp-content\/uploads\/2022\/12\/Hubsch_logo_black_one_line.svg","caption":"H\u00fcbsch"},"image":{"@id":"https:\/\/hubsch-interior.com\/fr\/#\/schema\/logo\/image\/"}}]}},"_links":{"self":[{"href":"https:\/\/hubsch-interior.com\/fr\/wp-json\/wp\/v2\/product\/30887","targetHints":{"allow":["GET"]}}],"collection":[{"href":"https:\/\/hubsch-interior.com\/fr\/wp-json\/wp\/v2\/product"}],"about":[{"href":"https:\/\/hubsch-interior.com\/fr\/wp-json\/wp\/v2\/types\/product"}],"wp:featuredmedia":[{"embeddable":true,"href":"https:\/\/hubsch-interior.com\/fr\/wp-json\/wp\/v2\/media\/1101805"}],"wp:attachment":[{"href":"https:\/\/hubsch-interior.com\/fr\/wp-json\/wp\/v2\/media?parent=30887"}],"wp:term":[{"taxonomy":"product_brand","embeddable":true,"href":"https:\/\/hubsch-interior.com\/fr\/wp-json\/wp\/v2\/product_brand?post=30887"},{"taxonomy":"product_cat","embeddable":true,"href":"https:\/\/hubsch-interior.com\/fr\/wp-json\/wp\/v2\/product_cat?post=30887"},{"taxonomy":"product_tag","embeddable":true,"href":"https:\/\/hubsch-interior.com\/fr\/wp-json\/wp\/v2\/product_tag?post=30887"}],"curies":[{"name":"wp","href":"https:\/\/api.w.org\/{rel}","templated":true}]}}