{"id":30891,"date":"2020-10-07T15:49:40","date_gmt":"2020-10-07T13:49:40","guid":{"rendered":"https:\/\/hubsch-interior.com\/product\/product\/"},"modified":"2026-04-05T04:48:49","modified_gmt":"2026-04-05T02:48:49","slug":"folk-etagere-naturel","status":"publish","type":"product","link":"https:\/\/hubsch-interior.com\/fr\/produit\/folk-etagere-naturel\/","title":{"rendered":"Folk \u00c9tag\u00e8re Naturel"},"content":{"rendered":"<p>L&#8217;\u00e9tag\u00e8re Folk Naturel est fabriqu\u00e9e avec du bois de ch\u00eane et du placage de ch\u00eane. Ce produit est certifi\u00e9 FSC pour assurer la gestion durable des for\u00eats. Avec ses lignes \u00e9pur\u00e9es et son style naturel, l&#8217;\u00e9tag\u00e8re Folk Naturel est la pi\u00e8ce parfaite pour mettre en valeur tous les int\u00e9rieurs. Sa construction robuste et durable en fait une pi\u00e8ce tr\u00e8s appr\u00e9ci\u00e9e. Un excellent ajout \u00e0 n&#8217;importe quelle pi\u00e8ce de votre maison.<\/p>\n","protected":false},"excerpt":{"rendered":"<p>L&#8217;\u00e9tag\u00e8re Folk Naturel est fabriqu\u00e9e avec du bois de ch\u00eane et du placage de ch\u00eane. Ce produit est certifi\u00e9 FSC pour assurer la gestion durable des for\u00eats. Avec ses lignes \u00e9pur\u00e9es et son style naturel, l&#8217;\u00e9tag\u00e8re Folk Naturel est la pi\u00e8ce parfaite pour mettre en valeur tous les int\u00e9rieurs. Sa construction robuste et durable en [&hellip;]<\/p>\n","protected":false},"featured_media":1101817,"template":"","meta":{"_acf_changed":false,"inline_featured_image":false},"product_brand":[],"product_cat":[2859,4027,5026],"product_tag":[],"class_list":{"0":"post-30891","1":"product","2":"type-product","3":"status-publish","4":"has-post-thumbnail","6":"product_cat-tables-fr","7":"product_cat-tables-dappoint-fr","8":"product_cat-bestsellers-fr","9":"product_shipping_class-pk","10":"pa_color-naturel-2","11":"pa_material-mdf-fr","12":"pa_material-bois-de-chne-2","13":"pa_material-placage-de-chne-2","15":"first","16":"outofstock","17":"featured","18":"taxable","19":"shipping-taxable","20":"purchasable","21":"product-type-simple"},"exclude_global_add_ons":[],"addons":[],"acf":[],"yoast_head":"<!-- This site is optimized with the Yoast SEO plugin v26.4 - https:\/\/yoast.com\/wordpress\/plugins\/seo\/ -->\n<title>Folk \u00c9tag\u00e8re Naturel - H\u00fcbsch<\/title>\n<meta name=\"description\" content=\"L&#039;\u00e9tag\u00e8re Folk Naturel est fabriqu\u00e9e avec du bois de ch\u00eane et du placage de ch\u00eane. Ce produit est certifi\u00e9 FSC pour assurer la gestion durable des for\u00eats.\" \/>\n<meta name=\"robots\" content=\"index, follow, max-snippet:-1, max-image-preview:large, max-video-preview:-1\" \/>\n<link rel=\"canonical\" href=\"https:\/\/hubsch-interior.com\/fr\/wp-json\/wp\/v2\/product\/30891\" \/>\n<meta property=\"og:locale\" content=\"fr_FR\" \/>\n<meta property=\"og:type\" content=\"article\" \/>\n<meta property=\"og:title\" content=\"Folk \u00c9tag\u00e8re Naturel - H\u00fcbsch\" \/>\n<meta property=\"og:description\" content=\"L&#039;\u00e9tag\u00e8re Folk Naturel est fabriqu\u00e9e avec du bois de ch\u00eane et du placage de ch\u00eane. Ce produit est certifi\u00e9 FSC pour assurer la gestion durable des for\u00eats.\" \/>\n<meta property=\"og:url\" content=\"https:\/\/hubsch-interior.com\/fr\/produit\/folk-etagere-naturel\/\" \/>\n<meta property=\"og:site_name\" content=\"H\u00fcbsch\" \/>\n<meta property=\"article:modified_time\" content=\"2026-04-05T02:48:49+00:00\" \/>\n<meta property=\"og:image\" content=\"https:\/\/hubsch-interior.com\/wp-content\/uploads\/2023\/08\/folk-shelf-unit-natural-db1ea8654f30044fd42c5d9a07ea436f.jpg\" \/>\n\t<meta property=\"og:image:width\" content=\"1200\" \/>\n\t<meta property=\"og:image:height\" content=\"1200\" \/>\n\t<meta property=\"og:image:type\" content=\"image\/jpeg\" \/>\n<meta name=\"twitter:card\" content=\"summary_large_image\" \/>\n<script type=\"application\/ld+json\" class=\"yoast-schema-graph\">{\"@context\":\"https:\/\/schema.org\",\"@graph\":[{\"@type\":\"WebPage\",\"@id\":\"https:\/\/hubsch-interior.com\/fr\/produit\/folk-etagere-naturel\/\",\"url\":\"https:\/\/hubsch-interior.com\/fr\/produit\/folk-etagere-naturel\/\",\"name\":\"Folk \u00c9tag\u00e8re Naturel - H\u00fcbsch\",\"isPartOf\":{\"@id\":\"https:\/\/hubsch-interior.com\/fr\/#website\"},\"primaryImageOfPage\":{\"@id\":\"https:\/\/hubsch-interior.com\/fr\/produit\/folk-etagere-naturel\/#primaryimage\"},\"image\":{\"@id\":\"https:\/\/hubsch-interior.com\/fr\/produit\/folk-etagere-naturel\/#primaryimage\"},\"thumbnailUrl\":\"https:\/\/hubsch-interior.com\/wp-content\/uploads\/2026\/02\/folk-shelf-unit-natural-41d5243df65020ba5d5fe2aa400ad6d4.jpg\",\"datePublished\":\"2020-10-07T13:49:40+00:00\",\"dateModified\":\"2026-04-05T02:48:49+00:00\",\"description\":\"L'\u00e9tag\u00e8re Folk Naturel est fabriqu\u00e9e avec du bois de ch\u00eane et du placage de ch\u00eane. Ce produit est certifi\u00e9 FSC pour assurer la gestion durable des for\u00eats.\",\"breadcrumb\":{\"@id\":\"https:\/\/hubsch-interior.com\/fr\/produit\/folk-etagere-naturel\/#breadcrumb\"},\"inLanguage\":\"fr-FR\",\"potentialAction\":[{\"@type\":\"ReadAction\",\"target\":[\"https:\/\/hubsch-interior.com\/fr\/produit\/folk-etagere-naturel\/\"]}]},{\"@type\":\"ImageObject\",\"inLanguage\":\"fr-FR\",\"@id\":\"https:\/\/hubsch-interior.com\/fr\/produit\/folk-etagere-naturel\/#primaryimage\",\"url\":\"https:\/\/hubsch-interior.com\/wp-content\/uploads\/2026\/02\/folk-shelf-unit-natural-41d5243df65020ba5d5fe2aa400ad6d4.jpg\",\"contentUrl\":\"https:\/\/hubsch-interior.com\/wp-content\/uploads\/2026\/02\/folk-shelf-unit-natural-41d5243df65020ba5d5fe2aa400ad6d4.jpg\",\"width\":1024,\"height\":1024},{\"@type\":\"BreadcrumbList\",\"@id\":\"https:\/\/hubsch-interior.com\/fr\/produit\/folk-etagere-naturel\/#breadcrumb\",\"itemListElement\":[{\"@type\":\"ListItem\",\"position\":1,\"name\":\"Page d'accueil\",\"item\":\"https:\/\/hubsch-interior.com\/fr\/\"},{\"@type\":\"ListItem\",\"position\":2,\"name\":\"Produits\",\"item\":\"https:\/\/hubsch-interior.com\/fr\/shop-2\/\"},{\"@type\":\"ListItem\",\"position\":3,\"name\":\"Meubles\",\"item\":\"https:\/\/hubsch-interior.com\/fr\/categorie-produit\/meubles\/\"},{\"@type\":\"ListItem\",\"position\":4,\"name\":\"Tables\",\"item\":\"https:\/\/hubsch-interior.com\/fr\/categorie-produit\/meubles\/tables-fr\/\"},{\"@type\":\"ListItem\",\"position\":5,\"name\":\"Tables d&#039;appoint\",\"item\":\"https:\/\/hubsch-interior.com\/fr\/categorie-produit\/meubles\/tables-fr\/tables-dappoint-fr\/\"},{\"@type\":\"ListItem\",\"position\":6,\"name\":\"Folk \u00c9tag\u00e8re Naturel\"}]},{\"@type\":\"WebSite\",\"@id\":\"https:\/\/hubsch-interior.com\/fr\/#website\",\"url\":\"https:\/\/hubsch-interior.com\/fr\/\",\"name\":\"H\u00fcbsch\",\"description\":\"Danish Home Interior and Design\",\"publisher\":{\"@id\":\"https:\/\/hubsch-interior.com\/fr\/#organization\"},\"potentialAction\":[{\"@type\":\"SearchAction\",\"target\":{\"@type\":\"EntryPoint\",\"urlTemplate\":\"https:\/\/hubsch-interior.com\/fr\/?s={search_term_string}\"},\"query-input\":{\"@type\":\"PropertyValueSpecification\",\"valueRequired\":true,\"valueName\":\"search_term_string\"}}],\"inLanguage\":\"fr-FR\"},{\"@type\":\"Organization\",\"@id\":\"https:\/\/hubsch-interior.com\/fr\/#organization\",\"name\":\"H\u00fcbsch\",\"url\":\"https:\/\/hubsch-interior.com\/fr\/\",\"logo\":{\"@type\":\"ImageObject\",\"inLanguage\":\"fr-FR\",\"@id\":\"https:\/\/hubsch-interior.com\/fr\/#\/schema\/logo\/image\/\",\"url\":\"https:\/\/hubsch-interior.com\/wp-content\/uploads\/2022\/12\/Hubsch_logo_black_one_line.svg\",\"contentUrl\":\"https:\/\/hubsch-interior.com\/wp-content\/uploads\/2022\/12\/Hubsch_logo_black_one_line.svg\",\"caption\":\"H\u00fcbsch\"},\"image\":{\"@id\":\"https:\/\/hubsch-interior.com\/fr\/#\/schema\/logo\/image\/\"}}]}<\/script>\n<!-- \/ Yoast SEO plugin. -->","yoast_head_json":{"title":"Folk \u00c9tag\u00e8re Naturel - H\u00fcbsch","description":"L'\u00e9tag\u00e8re Folk Naturel est fabriqu\u00e9e avec du bois de ch\u00eane et du placage de ch\u00eane. Ce produit est certifi\u00e9 FSC pour assurer la gestion durable des for\u00eats.","robots":{"index":"index","follow":"follow","max-snippet":"max-snippet:-1","max-image-preview":"max-image-preview:large","max-video-preview":"max-video-preview:-1"},"canonical":"https:\/\/hubsch-interior.com\/fr\/wp-json\/wp\/v2\/product\/30891","og_locale":"fr_FR","og_type":"article","og_title":"Folk \u00c9tag\u00e8re Naturel - H\u00fcbsch","og_description":"L'\u00e9tag\u00e8re Folk Naturel est fabriqu\u00e9e avec du bois de ch\u00eane et du placage de ch\u00eane. Ce produit est certifi\u00e9 FSC pour assurer la gestion durable des for\u00eats.","og_url":"https:\/\/hubsch-interior.com\/fr\/produit\/folk-etagere-naturel\/","og_site_name":"H\u00fcbsch","article_modified_time":"2026-04-05T02:48:49+00:00","og_image":[{"width":1200,"height":1200,"url":"https:\/\/hubsch-interior.com\/wp-content\/uploads\/2023\/08\/folk-shelf-unit-natural-db1ea8654f30044fd42c5d9a07ea436f.jpg","type":"image\/jpeg"}],"twitter_card":"summary_large_image","schema":{"@context":"https:\/\/schema.org","@graph":[{"@type":"WebPage","@id":"https:\/\/hubsch-interior.com\/fr\/produit\/folk-etagere-naturel\/","url":"https:\/\/hubsch-interior.com\/fr\/produit\/folk-etagere-naturel\/","name":"Folk \u00c9tag\u00e8re Naturel - H\u00fcbsch","isPartOf":{"@id":"https:\/\/hubsch-interior.com\/fr\/#website"},"primaryImageOfPage":{"@id":"https:\/\/hubsch-interior.com\/fr\/produit\/folk-etagere-naturel\/#primaryimage"},"image":{"@id":"https:\/\/hubsch-interior.com\/fr\/produit\/folk-etagere-naturel\/#primaryimage"},"thumbnailUrl":"https:\/\/hubsch-interior.com\/wp-content\/uploads\/2026\/02\/folk-shelf-unit-natural-41d5243df65020ba5d5fe2aa400ad6d4.jpg","datePublished":"2020-10-07T13:49:40+00:00","dateModified":"2026-04-05T02:48:49+00:00","description":"L'\u00e9tag\u00e8re Folk Naturel est fabriqu\u00e9e avec du bois de ch\u00eane et du placage de ch\u00eane. Ce produit est certifi\u00e9 FSC pour assurer la gestion durable des for\u00eats.","breadcrumb":{"@id":"https:\/\/hubsch-interior.com\/fr\/produit\/folk-etagere-naturel\/#breadcrumb"},"inLanguage":"fr-FR","potentialAction":[{"@type":"ReadAction","target":["https:\/\/hubsch-interior.com\/fr\/produit\/folk-etagere-naturel\/"]}]},{"@type":"ImageObject","inLanguage":"fr-FR","@id":"https:\/\/hubsch-interior.com\/fr\/produit\/folk-etagere-naturel\/#primaryimage","url":"https:\/\/hubsch-interior.com\/wp-content\/uploads\/2026\/02\/folk-shelf-unit-natural-41d5243df65020ba5d5fe2aa400ad6d4.jpg","contentUrl":"https:\/\/hubsch-interior.com\/wp-content\/uploads\/2026\/02\/folk-shelf-unit-natural-41d5243df65020ba5d5fe2aa400ad6d4.jpg","width":1024,"height":1024},{"@type":"BreadcrumbList","@id":"https:\/\/hubsch-interior.com\/fr\/produit\/folk-etagere-naturel\/#breadcrumb","itemListElement":[{"@type":"ListItem","position":1,"name":"Page d'accueil","item":"https:\/\/hubsch-interior.com\/fr\/"},{"@type":"ListItem","position":2,"name":"Produits","item":"https:\/\/hubsch-interior.com\/fr\/shop-2\/"},{"@type":"ListItem","position":3,"name":"Meubles","item":"https:\/\/hubsch-interior.com\/fr\/categorie-produit\/meubles\/"},{"@type":"ListItem","position":4,"name":"Tables","item":"https:\/\/hubsch-interior.com\/fr\/categorie-produit\/meubles\/tables-fr\/"},{"@type":"ListItem","position":5,"name":"Tables d&#039;appoint","item":"https:\/\/hubsch-interior.com\/fr\/categorie-produit\/meubles\/tables-fr\/tables-dappoint-fr\/"},{"@type":"ListItem","position":6,"name":"Folk \u00c9tag\u00e8re Naturel"}]},{"@type":"WebSite","@id":"https:\/\/hubsch-interior.com\/fr\/#website","url":"https:\/\/hubsch-interior.com\/fr\/","name":"H\u00fcbsch","description":"Danish Home Interior and Design","publisher":{"@id":"https:\/\/hubsch-interior.com\/fr\/#organization"},"potentialAction":[{"@type":"SearchAction","target":{"@type":"EntryPoint","urlTemplate":"https:\/\/hubsch-interior.com\/fr\/?s={search_term_string}"},"query-input":{"@type":"PropertyValueSpecification","valueRequired":true,"valueName":"search_term_string"}}],"inLanguage":"fr-FR"},{"@type":"Organization","@id":"https:\/\/hubsch-interior.com\/fr\/#organization","name":"H\u00fcbsch","url":"https:\/\/hubsch-interior.com\/fr\/","logo":{"@type":"ImageObject","inLanguage":"fr-FR","@id":"https:\/\/hubsch-interior.com\/fr\/#\/schema\/logo\/image\/","url":"https:\/\/hubsch-interior.com\/wp-content\/uploads\/2022\/12\/Hubsch_logo_black_one_line.svg","contentUrl":"https:\/\/hubsch-interior.com\/wp-content\/uploads\/2022\/12\/Hubsch_logo_black_one_line.svg","caption":"H\u00fcbsch"},"image":{"@id":"https:\/\/hubsch-interior.com\/fr\/#\/schema\/logo\/image\/"}}]}},"_links":{"self":[{"href":"https:\/\/hubsch-interior.com\/fr\/wp-json\/wp\/v2\/product\/30891","targetHints":{"allow":["GET"]}}],"collection":[{"href":"https:\/\/hubsch-interior.com\/fr\/wp-json\/wp\/v2\/product"}],"about":[{"href":"https:\/\/hubsch-interior.com\/fr\/wp-json\/wp\/v2\/types\/product"}],"wp:featuredmedia":[{"embeddable":true,"href":"https:\/\/hubsch-interior.com\/fr\/wp-json\/wp\/v2\/media\/1101817"}],"wp:attachment":[{"href":"https:\/\/hubsch-interior.com\/fr\/wp-json\/wp\/v2\/media?parent=30891"}],"wp:term":[{"taxonomy":"product_brand","embeddable":true,"href":"https:\/\/hubsch-interior.com\/fr\/wp-json\/wp\/v2\/product_brand?post=30891"},{"taxonomy":"product_cat","embeddable":true,"href":"https:\/\/hubsch-interior.com\/fr\/wp-json\/wp\/v2\/product_cat?post=30891"},{"taxonomy":"product_tag","embeddable":true,"href":"https:\/\/hubsch-interior.com\/fr\/wp-json\/wp\/v2\/product_tag?post=30891"}],"curies":[{"name":"wp","href":"https:\/\/api.w.org\/{rel}","templated":true}]}}