{"id":35570,"date":"2020-12-15T09:27:51","date_gmt":"2020-12-15T08:27:51","guid":{"rendered":"https:\/\/hubsch-interior.com\/product\/product\/"},"modified":"2026-04-09T04:16:30","modified_gmt":"2026-04-09T02:16:30","slug":"fold-porte-photo-nickel-set-de-2","status":"publish","type":"product","link":"https:\/\/hubsch-interior.com\/fr\/produit\/fold-porte-photo-nickel-set-de-2\/","title":{"rendered":"Fold Porte-photo Nickel (set de 2)"},"content":{"rendered":"<p>Fold Porte-photo Nickel est une \u00e9tag\u00e8re en m\u00e9tal gris de qualit\u00e9 sup\u00e9rieure, faite en acier inoxydable. Cette \u00e9tag\u00e8re est \u00e9l\u00e9gante et \u00e9pur\u00e9e, avec des lignes modernes. Elle est parfaite pour exposer vos photos et \u00e9l\u00e9ments d\u00e9coratifs favoris, et peut \u00eatre plac\u00e9e dans n&#8217;importe quelle pi\u00e8ce de votre maison. Le Porte-photo Nickel est tr\u00e8s r\u00e9sistant et durable, pour que vous puissiez l&#8217;utiliser pendant des ann\u00e9es. Il est \u00e9galement facile \u00e0 assembler et \u00e0 nettoyer. Optez pour le Porte-photo Nickel, pour une \u00e9tag\u00e8re qui am\u00e9liorera le style de votre maison.<\/p>\n","protected":false},"excerpt":{"rendered":"<p>Fold Porte-photo Nickel est une \u00e9tag\u00e8re en m\u00e9tal gris de qualit\u00e9 sup\u00e9rieure, faite en acier inoxydable. Cette \u00e9tag\u00e8re est \u00e9l\u00e9gante et \u00e9pur\u00e9e, avec des lignes modernes. Elle est parfaite pour exposer vos photos et \u00e9l\u00e9ments d\u00e9coratifs favoris, et peut \u00eatre plac\u00e9e dans n&#8217;importe quelle pi\u00e8ce de votre maison. Le Porte-photo Nickel est tr\u00e8s r\u00e9sistant et [&hellip;]<\/p>\n","protected":false},"featured_media":1092389,"template":"","meta":{"_acf_changed":false,"inline_featured_image":false},"product_brand":[],"product_cat":[4001,4023,5026],"product_tag":[],"class_list":{"0":"post-35570","1":"product","2":"type-product","3":"status-publish","4":"has-post-thumbnail","6":"product_cat-etageres-et-meubles-de-rangement-fr","7":"product_cat-etageres-murales-fr","8":"product_cat-bestsellers-fr","9":"product_shipping_class-pk","11":"pa_color-nickel-fr","12":"pa_material-acier-inoxydable","14":"first","15":"instock","16":"featured","17":"taxable","18":"shipping-taxable","19":"purchasable","20":"product-type-simple"},"exclude_global_add_ons":[],"addons":[],"acf":[],"yoast_head":"<!-- This site is optimized with the Yoast SEO plugin v26.4 - https:\/\/yoast.com\/wordpress\/plugins\/seo\/ -->\n<title>Fold Porte-photo Nickel (set de 2) - H\u00fcbsch<\/title>\n<meta name=\"description\" content=\"Fold Porte-photo Nickel est une \u00e9tag\u00e8re en m\u00e9tal gris de qualit\u00e9 sup\u00e9rieure, faite en acier inoxydable. Cette \u00e9tag\u00e8re est \u00e9l\u00e9gante et \u00e9pur\u00e9e, avec des\" \/>\n<meta name=\"robots\" content=\"index, follow, max-snippet:-1, max-image-preview:large, max-video-preview:-1\" \/>\n<link rel=\"canonical\" href=\"https:\/\/hubsch-interior.com\/fr\/wp-json\/wp\/v2\/product\/35570\" \/>\n<meta property=\"og:locale\" content=\"fr_FR\" \/>\n<meta property=\"og:type\" content=\"article\" \/>\n<meta property=\"og:title\" content=\"Fold Porte-photo Nickel (set de 2) - H\u00fcbsch\" \/>\n<meta property=\"og:description\" content=\"Fold Porte-photo Nickel est une \u00e9tag\u00e8re en m\u00e9tal gris de qualit\u00e9 sup\u00e9rieure, faite en acier inoxydable. Cette \u00e9tag\u00e8re est \u00e9l\u00e9gante et \u00e9pur\u00e9e, avec des\" \/>\n<meta property=\"og:url\" content=\"https:\/\/hubsch-interior.com\/fr\/produit\/fold-porte-photo-nickel-set-de-2\/\" \/>\n<meta property=\"og:site_name\" content=\"H\u00fcbsch\" \/>\n<meta property=\"article:modified_time\" content=\"2026-04-09T02:16:30+00:00\" \/>\n<meta property=\"og:image\" content=\"https:\/\/hubsch-interior.com\/wp-content\/uploads\/2023\/10\/fold-picture-shelf-nickel-set-of-2-d99aa7a5ab055fdb51ca8617b116840d.jpg\" \/>\n\t<meta property=\"og:image:width\" content=\"1200\" \/>\n\t<meta property=\"og:image:height\" content=\"1200\" \/>\n\t<meta property=\"og:image:type\" content=\"image\/jpeg\" \/>\n<meta name=\"twitter:card\" content=\"summary_large_image\" \/>\n<meta name=\"twitter:label1\" content=\"Dur\u00e9e de lecture estim\u00e9e\" \/>\n\t<meta name=\"twitter:data1\" content=\"1 minute\" \/>\n<script type=\"application\/ld+json\" class=\"yoast-schema-graph\">{\"@context\":\"https:\/\/schema.org\",\"@graph\":[{\"@type\":\"WebPage\",\"@id\":\"https:\/\/hubsch-interior.com\/fr\/produit\/fold-porte-photo-nickel-set-de-2\/\",\"url\":\"https:\/\/hubsch-interior.com\/fr\/produit\/fold-porte-photo-nickel-set-de-2\/\",\"name\":\"Fold Porte-photo Nickel (set de 2) - H\u00fcbsch\",\"isPartOf\":{\"@id\":\"https:\/\/hubsch-interior.com\/fr\/#website\"},\"primaryImageOfPage\":{\"@id\":\"https:\/\/hubsch-interior.com\/fr\/produit\/fold-porte-photo-nickel-set-de-2\/#primaryimage\"},\"image\":{\"@id\":\"https:\/\/hubsch-interior.com\/fr\/produit\/fold-porte-photo-nickel-set-de-2\/#primaryimage\"},\"thumbnailUrl\":\"https:\/\/hubsch-interior.com\/wp-content\/uploads\/2026\/02\/fold-picture-shelf-nickel-set-of-2-ddd8860b0202038ce01136aea6deb7da.jpg\",\"datePublished\":\"2020-12-15T08:27:51+00:00\",\"dateModified\":\"2026-04-09T02:16:30+00:00\",\"description\":\"Fold Porte-photo Nickel est une \u00e9tag\u00e8re en m\u00e9tal gris de qualit\u00e9 sup\u00e9rieure, faite en acier inoxydable. Cette \u00e9tag\u00e8re est \u00e9l\u00e9gante et \u00e9pur\u00e9e, avec des\",\"breadcrumb\":{\"@id\":\"https:\/\/hubsch-interior.com\/fr\/produit\/fold-porte-photo-nickel-set-de-2\/#breadcrumb\"},\"inLanguage\":\"fr-FR\",\"potentialAction\":[{\"@type\":\"ReadAction\",\"target\":[\"https:\/\/hubsch-interior.com\/fr\/produit\/fold-porte-photo-nickel-set-de-2\/\"]}]},{\"@type\":\"ImageObject\",\"inLanguage\":\"fr-FR\",\"@id\":\"https:\/\/hubsch-interior.com\/fr\/produit\/fold-porte-photo-nickel-set-de-2\/#primaryimage\",\"url\":\"https:\/\/hubsch-interior.com\/wp-content\/uploads\/2026\/02\/fold-picture-shelf-nickel-set-of-2-ddd8860b0202038ce01136aea6deb7da.jpg\",\"contentUrl\":\"https:\/\/hubsch-interior.com\/wp-content\/uploads\/2026\/02\/fold-picture-shelf-nickel-set-of-2-ddd8860b0202038ce01136aea6deb7da.jpg\",\"width\":1024,\"height\":1024},{\"@type\":\"BreadcrumbList\",\"@id\":\"https:\/\/hubsch-interior.com\/fr\/produit\/fold-porte-photo-nickel-set-de-2\/#breadcrumb\",\"itemListElement\":[{\"@type\":\"ListItem\",\"position\":1,\"name\":\"Page d'accueil\",\"item\":\"https:\/\/hubsch-interior.com\/fr\/\"},{\"@type\":\"ListItem\",\"position\":2,\"name\":\"Produits\",\"item\":\"https:\/\/hubsch-interior.com\/fr\/shop-2\/\"},{\"@type\":\"ListItem\",\"position\":3,\"name\":\"Meubles\",\"item\":\"https:\/\/hubsch-interior.com\/fr\/categorie-produit\/meubles\/\"},{\"@type\":\"ListItem\",\"position\":4,\"name\":\"Etag&egrave;res et meubles de rangement\",\"item\":\"https:\/\/hubsch-interior.com\/fr\/categorie-produit\/meubles\/etageres-et-meubles-de-rangement-fr\/\"},{\"@type\":\"ListItem\",\"position\":5,\"name\":\"Etag&egrave;res murales\",\"item\":\"https:\/\/hubsch-interior.com\/fr\/categorie-produit\/meubles\/etageres-et-meubles-de-rangement-fr\/etageres-murales-fr\/\"},{\"@type\":\"ListItem\",\"position\":6,\"name\":\"Fold Porte-photo Nickel (set de 2)\"}]},{\"@type\":\"WebSite\",\"@id\":\"https:\/\/hubsch-interior.com\/fr\/#website\",\"url\":\"https:\/\/hubsch-interior.com\/fr\/\",\"name\":\"H\u00fcbsch\",\"description\":\"Danish Home Interior and Design\",\"publisher\":{\"@id\":\"https:\/\/hubsch-interior.com\/fr\/#organization\"},\"potentialAction\":[{\"@type\":\"SearchAction\",\"target\":{\"@type\":\"EntryPoint\",\"urlTemplate\":\"https:\/\/hubsch-interior.com\/fr\/?s={search_term_string}\"},\"query-input\":{\"@type\":\"PropertyValueSpecification\",\"valueRequired\":true,\"valueName\":\"search_term_string\"}}],\"inLanguage\":\"fr-FR\"},{\"@type\":\"Organization\",\"@id\":\"https:\/\/hubsch-interior.com\/fr\/#organization\",\"name\":\"H\u00fcbsch\",\"url\":\"https:\/\/hubsch-interior.com\/fr\/\",\"logo\":{\"@type\":\"ImageObject\",\"inLanguage\":\"fr-FR\",\"@id\":\"https:\/\/hubsch-interior.com\/fr\/#\/schema\/logo\/image\/\",\"url\":\"https:\/\/hubsch-interior.com\/wp-content\/uploads\/2022\/12\/Hubsch_logo_black_one_line.svg\",\"contentUrl\":\"https:\/\/hubsch-interior.com\/wp-content\/uploads\/2022\/12\/Hubsch_logo_black_one_line.svg\",\"caption\":\"H\u00fcbsch\"},\"image\":{\"@id\":\"https:\/\/hubsch-interior.com\/fr\/#\/schema\/logo\/image\/\"}}]}<\/script>\n<!-- \/ Yoast SEO plugin. -->","yoast_head_json":{"title":"Fold Porte-photo Nickel (set de 2) - H\u00fcbsch","description":"Fold Porte-photo Nickel est une \u00e9tag\u00e8re en m\u00e9tal gris de qualit\u00e9 sup\u00e9rieure, faite en acier inoxydable. Cette \u00e9tag\u00e8re est \u00e9l\u00e9gante et \u00e9pur\u00e9e, avec des","robots":{"index":"index","follow":"follow","max-snippet":"max-snippet:-1","max-image-preview":"max-image-preview:large","max-video-preview":"max-video-preview:-1"},"canonical":"https:\/\/hubsch-interior.com\/fr\/wp-json\/wp\/v2\/product\/35570","og_locale":"fr_FR","og_type":"article","og_title":"Fold Porte-photo Nickel (set de 2) - H\u00fcbsch","og_description":"Fold Porte-photo Nickel est une \u00e9tag\u00e8re en m\u00e9tal gris de qualit\u00e9 sup\u00e9rieure, faite en acier inoxydable. Cette \u00e9tag\u00e8re est \u00e9l\u00e9gante et \u00e9pur\u00e9e, avec des","og_url":"https:\/\/hubsch-interior.com\/fr\/produit\/fold-porte-photo-nickel-set-de-2\/","og_site_name":"H\u00fcbsch","article_modified_time":"2026-04-09T02:16:30+00:00","og_image":[{"width":1200,"height":1200,"url":"https:\/\/hubsch-interior.com\/wp-content\/uploads\/2023\/10\/fold-picture-shelf-nickel-set-of-2-d99aa7a5ab055fdb51ca8617b116840d.jpg","type":"image\/jpeg"}],"twitter_card":"summary_large_image","twitter_misc":{"Dur\u00e9e de lecture estim\u00e9e":"1 minute"},"schema":{"@context":"https:\/\/schema.org","@graph":[{"@type":"WebPage","@id":"https:\/\/hubsch-interior.com\/fr\/produit\/fold-porte-photo-nickel-set-de-2\/","url":"https:\/\/hubsch-interior.com\/fr\/produit\/fold-porte-photo-nickel-set-de-2\/","name":"Fold Porte-photo Nickel (set de 2) - H\u00fcbsch","isPartOf":{"@id":"https:\/\/hubsch-interior.com\/fr\/#website"},"primaryImageOfPage":{"@id":"https:\/\/hubsch-interior.com\/fr\/produit\/fold-porte-photo-nickel-set-de-2\/#primaryimage"},"image":{"@id":"https:\/\/hubsch-interior.com\/fr\/produit\/fold-porte-photo-nickel-set-de-2\/#primaryimage"},"thumbnailUrl":"https:\/\/hubsch-interior.com\/wp-content\/uploads\/2026\/02\/fold-picture-shelf-nickel-set-of-2-ddd8860b0202038ce01136aea6deb7da.jpg","datePublished":"2020-12-15T08:27:51+00:00","dateModified":"2026-04-09T02:16:30+00:00","description":"Fold Porte-photo Nickel est une \u00e9tag\u00e8re en m\u00e9tal gris de qualit\u00e9 sup\u00e9rieure, faite en acier inoxydable. Cette \u00e9tag\u00e8re est \u00e9l\u00e9gante et \u00e9pur\u00e9e, avec des","breadcrumb":{"@id":"https:\/\/hubsch-interior.com\/fr\/produit\/fold-porte-photo-nickel-set-de-2\/#breadcrumb"},"inLanguage":"fr-FR","potentialAction":[{"@type":"ReadAction","target":["https:\/\/hubsch-interior.com\/fr\/produit\/fold-porte-photo-nickel-set-de-2\/"]}]},{"@type":"ImageObject","inLanguage":"fr-FR","@id":"https:\/\/hubsch-interior.com\/fr\/produit\/fold-porte-photo-nickel-set-de-2\/#primaryimage","url":"https:\/\/hubsch-interior.com\/wp-content\/uploads\/2026\/02\/fold-picture-shelf-nickel-set-of-2-ddd8860b0202038ce01136aea6deb7da.jpg","contentUrl":"https:\/\/hubsch-interior.com\/wp-content\/uploads\/2026\/02\/fold-picture-shelf-nickel-set-of-2-ddd8860b0202038ce01136aea6deb7da.jpg","width":1024,"height":1024},{"@type":"BreadcrumbList","@id":"https:\/\/hubsch-interior.com\/fr\/produit\/fold-porte-photo-nickel-set-de-2\/#breadcrumb","itemListElement":[{"@type":"ListItem","position":1,"name":"Page d'accueil","item":"https:\/\/hubsch-interior.com\/fr\/"},{"@type":"ListItem","position":2,"name":"Produits","item":"https:\/\/hubsch-interior.com\/fr\/shop-2\/"},{"@type":"ListItem","position":3,"name":"Meubles","item":"https:\/\/hubsch-interior.com\/fr\/categorie-produit\/meubles\/"},{"@type":"ListItem","position":4,"name":"Etag&egrave;res et meubles de rangement","item":"https:\/\/hubsch-interior.com\/fr\/categorie-produit\/meubles\/etageres-et-meubles-de-rangement-fr\/"},{"@type":"ListItem","position":5,"name":"Etag&egrave;res murales","item":"https:\/\/hubsch-interior.com\/fr\/categorie-produit\/meubles\/etageres-et-meubles-de-rangement-fr\/etageres-murales-fr\/"},{"@type":"ListItem","position":6,"name":"Fold Porte-photo Nickel (set de 2)"}]},{"@type":"WebSite","@id":"https:\/\/hubsch-interior.com\/fr\/#website","url":"https:\/\/hubsch-interior.com\/fr\/","name":"H\u00fcbsch","description":"Danish Home Interior and Design","publisher":{"@id":"https:\/\/hubsch-interior.com\/fr\/#organization"},"potentialAction":[{"@type":"SearchAction","target":{"@type":"EntryPoint","urlTemplate":"https:\/\/hubsch-interior.com\/fr\/?s={search_term_string}"},"query-input":{"@type":"PropertyValueSpecification","valueRequired":true,"valueName":"search_term_string"}}],"inLanguage":"fr-FR"},{"@type":"Organization","@id":"https:\/\/hubsch-interior.com\/fr\/#organization","name":"H\u00fcbsch","url":"https:\/\/hubsch-interior.com\/fr\/","logo":{"@type":"ImageObject","inLanguage":"fr-FR","@id":"https:\/\/hubsch-interior.com\/fr\/#\/schema\/logo\/image\/","url":"https:\/\/hubsch-interior.com\/wp-content\/uploads\/2022\/12\/Hubsch_logo_black_one_line.svg","contentUrl":"https:\/\/hubsch-interior.com\/wp-content\/uploads\/2022\/12\/Hubsch_logo_black_one_line.svg","caption":"H\u00fcbsch"},"image":{"@id":"https:\/\/hubsch-interior.com\/fr\/#\/schema\/logo\/image\/"}}]}},"_links":{"self":[{"href":"https:\/\/hubsch-interior.com\/fr\/wp-json\/wp\/v2\/product\/35570","targetHints":{"allow":["GET"]}}],"collection":[{"href":"https:\/\/hubsch-interior.com\/fr\/wp-json\/wp\/v2\/product"}],"about":[{"href":"https:\/\/hubsch-interior.com\/fr\/wp-json\/wp\/v2\/types\/product"}],"wp:featuredmedia":[{"embeddable":true,"href":"https:\/\/hubsch-interior.com\/fr\/wp-json\/wp\/v2\/media\/1092389"}],"wp:attachment":[{"href":"https:\/\/hubsch-interior.com\/fr\/wp-json\/wp\/v2\/media?parent=35570"}],"wp:term":[{"taxonomy":"product_brand","embeddable":true,"href":"https:\/\/hubsch-interior.com\/fr\/wp-json\/wp\/v2\/product_brand?post=35570"},{"taxonomy":"product_cat","embeddable":true,"href":"https:\/\/hubsch-interior.com\/fr\/wp-json\/wp\/v2\/product_cat?post=35570"},{"taxonomy":"product_tag","embeddable":true,"href":"https:\/\/hubsch-interior.com\/fr\/wp-json\/wp\/v2\/product_tag?post=35570"}],"curies":[{"name":"wp","href":"https:\/\/api.w.org\/{rel}","templated":true}]}}