{"id":35826,"date":"2020-12-15T09:28:42","date_gmt":"2020-12-15T08:28:42","guid":{"rendered":"https:\/\/hubsch-interior.com\/product\/product\/"},"modified":"2026-04-15T04:16:27","modified_gmt":"2026-04-15T02:16:27","slug":"string-porte-revues-rouge-blanc","status":"publish","type":"product","link":"https:\/\/hubsch-interior.com\/fr\/produit\/string-porte-revues-rouge-blanc\/","title":{"rendered":"String Porte-revues Rouge\/Blanc"},"content":{"rendered":"<p>Ce porte-revues Rouge\/Blanc est la pi\u00e8ce id\u00e9ale pour d\u00e9corer votre int\u00e9rieur. Fait de coton et de m\u00e9tal, ce produit est tr\u00e8s robuste et durable. Sa conception unique en forme de corde offre un look naturel et esth\u00e9tique. De plus, sa couleur rouge et blanche s&#8217;int\u00e9grera parfaitement \u00e0 tous les styles de d\u00e9coration. Un indispensable pour ranger vos magazines et journaux !<\/p>\n","protected":false},"excerpt":{"rendered":"<p>Ce porte-revues Rouge\/Blanc est la pi\u00e8ce id\u00e9ale pour d\u00e9corer votre int\u00e9rieur. Fait de coton et de m\u00e9tal, ce produit est tr\u00e8s robuste et durable. Sa conception unique en forme de corde offre un look naturel et esth\u00e9tique. De plus, sa couleur rouge et blanche s&#8217;int\u00e9grera parfaitement \u00e0 tous les styles de d\u00e9coration. Un indispensable pour [&hellip;]<\/p>\n","protected":false},"featured_media":1092430,"template":"","meta":{"_acf_changed":false,"inline_featured_image":false},"product_brand":[],"product_cat":[3110,4019],"product_tag":[],"class_list":{"0":"post-35826","1":"product","2":"type-product","3":"status-publish","4":"has-post-thumbnail","6":"product_cat-espace-de-rangement-fr","7":"product_cat-porte-revues-fr","8":"product_shipping_class-pk","10":"pa_color-blanc","11":"pa_color-rouge-2","12":"pa_material-cotton-100-fr","13":"pa_material-fer-fr","15":"first","16":"instock","17":"taxable","18":"shipping-taxable","19":"purchasable","20":"product-type-simple"},"exclude_global_add_ons":[],"addons":[],"acf":[],"yoast_head":"<!-- This site is optimized with the Yoast SEO plugin v26.4 - https:\/\/yoast.com\/wordpress\/plugins\/seo\/ -->\n<title>String Porte-revues Rouge\/Blanc - H\u00fcbsch<\/title>\n<meta name=\"description\" content=\"Ce porte-revues Rouge\/Blanc est la pi\u00e8ce id\u00e9ale pour d\u00e9corer votre int\u00e9rieur. Fait de coton et de m\u00e9tal, ce produit est tr\u00e8s robuste et durable. Sa\" \/>\n<meta name=\"robots\" content=\"index, follow, max-snippet:-1, max-image-preview:large, max-video-preview:-1\" \/>\n<link rel=\"canonical\" href=\"https:\/\/hubsch-interior.com\/fr\/wp-json\/wp\/v2\/product\/35826\" \/>\n<meta property=\"og:locale\" content=\"fr_FR\" \/>\n<meta property=\"og:type\" content=\"article\" \/>\n<meta property=\"og:title\" content=\"String Porte-revues Rouge\/Blanc - H\u00fcbsch\" \/>\n<meta property=\"og:description\" content=\"Ce porte-revues Rouge\/Blanc est la pi\u00e8ce id\u00e9ale pour d\u00e9corer votre int\u00e9rieur. Fait de coton et de m\u00e9tal, ce produit est tr\u00e8s robuste et durable. Sa\" \/>\n<meta property=\"og:url\" content=\"https:\/\/hubsch-interior.com\/fr\/produit\/string-porte-revues-rouge-blanc\/\" \/>\n<meta property=\"og:site_name\" content=\"H\u00fcbsch\" \/>\n<meta property=\"article:modified_time\" content=\"2026-04-15T02:16:27+00:00\" \/>\n<meta property=\"og:image\" content=\"https:\/\/hubsch-interior.com\/wp-content\/uploads\/2023\/08\/string-magazine-holder-redwhite-688d6ba11a63f3ec9bf94d254210dd06.jpg\" \/>\n\t<meta property=\"og:image:width\" content=\"1200\" \/>\n\t<meta property=\"og:image:height\" content=\"1200\" \/>\n\t<meta property=\"og:image:type\" content=\"image\/jpeg\" \/>\n<meta name=\"twitter:card\" content=\"summary_large_image\" \/>\n<script type=\"application\/ld+json\" class=\"yoast-schema-graph\">{\"@context\":\"https:\/\/schema.org\",\"@graph\":[{\"@type\":\"WebPage\",\"@id\":\"https:\/\/hubsch-interior.com\/fr\/produit\/string-porte-revues-rouge-blanc\/\",\"url\":\"https:\/\/hubsch-interior.com\/fr\/produit\/string-porte-revues-rouge-blanc\/\",\"name\":\"String Porte-revues Rouge\/Blanc - H\u00fcbsch\",\"isPartOf\":{\"@id\":\"https:\/\/hubsch-interior.com\/fr\/#website\"},\"primaryImageOfPage\":{\"@id\":\"https:\/\/hubsch-interior.com\/fr\/produit\/string-porte-revues-rouge-blanc\/#primaryimage\"},\"image\":{\"@id\":\"https:\/\/hubsch-interior.com\/fr\/produit\/string-porte-revues-rouge-blanc\/#primaryimage\"},\"thumbnailUrl\":\"https:\/\/hubsch-interior.com\/wp-content\/uploads\/2026\/02\/string-magazine-holder-redwhite-21221766303a63f11091bae417723567.jpg\",\"datePublished\":\"2020-12-15T08:28:42+00:00\",\"dateModified\":\"2026-04-15T02:16:27+00:00\",\"description\":\"Ce porte-revues Rouge\/Blanc est la pi\u00e8ce id\u00e9ale pour d\u00e9corer votre int\u00e9rieur. Fait de coton et de m\u00e9tal, ce produit est tr\u00e8s robuste et durable. Sa\",\"breadcrumb\":{\"@id\":\"https:\/\/hubsch-interior.com\/fr\/produit\/string-porte-revues-rouge-blanc\/#breadcrumb\"},\"inLanguage\":\"fr-FR\",\"potentialAction\":[{\"@type\":\"ReadAction\",\"target\":[\"https:\/\/hubsch-interior.com\/fr\/produit\/string-porte-revues-rouge-blanc\/\"]}]},{\"@type\":\"ImageObject\",\"inLanguage\":\"fr-FR\",\"@id\":\"https:\/\/hubsch-interior.com\/fr\/produit\/string-porte-revues-rouge-blanc\/#primaryimage\",\"url\":\"https:\/\/hubsch-interior.com\/wp-content\/uploads\/2026\/02\/string-magazine-holder-redwhite-21221766303a63f11091bae417723567.jpg\",\"contentUrl\":\"https:\/\/hubsch-interior.com\/wp-content\/uploads\/2026\/02\/string-magazine-holder-redwhite-21221766303a63f11091bae417723567.jpg\",\"width\":1024,\"height\":1024},{\"@type\":\"BreadcrumbList\",\"@id\":\"https:\/\/hubsch-interior.com\/fr\/produit\/string-porte-revues-rouge-blanc\/#breadcrumb\",\"itemListElement\":[{\"@type\":\"ListItem\",\"position\":1,\"name\":\"Page d'accueil\",\"item\":\"https:\/\/hubsch-interior.com\/fr\/\"},{\"@type\":\"ListItem\",\"position\":2,\"name\":\"Produits\",\"item\":\"https:\/\/hubsch-interior.com\/fr\/shop-2\/\"},{\"@type\":\"ListItem\",\"position\":3,\"name\":\"Accessoires maison\",\"item\":\"https:\/\/hubsch-interior.com\/fr\/categorie-produit\/accessoires-maison\/\"},{\"@type\":\"ListItem\",\"position\":4,\"name\":\"Espace de rangement\",\"item\":\"https:\/\/hubsch-interior.com\/fr\/categorie-produit\/accessoires-maison\/espace-de-rangement-fr\/\"},{\"@type\":\"ListItem\",\"position\":5,\"name\":\"Porte-revues\",\"item\":\"https:\/\/hubsch-interior.com\/fr\/categorie-produit\/accessoires-maison\/espace-de-rangement-fr\/porte-revues-fr\/\"},{\"@type\":\"ListItem\",\"position\":6,\"name\":\"String Porte-revues Rouge\/Blanc\"}]},{\"@type\":\"WebSite\",\"@id\":\"https:\/\/hubsch-interior.com\/fr\/#website\",\"url\":\"https:\/\/hubsch-interior.com\/fr\/\",\"name\":\"H\u00fcbsch\",\"description\":\"Danish Home Interior and Design\",\"publisher\":{\"@id\":\"https:\/\/hubsch-interior.com\/fr\/#organization\"},\"potentialAction\":[{\"@type\":\"SearchAction\",\"target\":{\"@type\":\"EntryPoint\",\"urlTemplate\":\"https:\/\/hubsch-interior.com\/fr\/?s={search_term_string}\"},\"query-input\":{\"@type\":\"PropertyValueSpecification\",\"valueRequired\":true,\"valueName\":\"search_term_string\"}}],\"inLanguage\":\"fr-FR\"},{\"@type\":\"Organization\",\"@id\":\"https:\/\/hubsch-interior.com\/fr\/#organization\",\"name\":\"H\u00fcbsch\",\"url\":\"https:\/\/hubsch-interior.com\/fr\/\",\"logo\":{\"@type\":\"ImageObject\",\"inLanguage\":\"fr-FR\",\"@id\":\"https:\/\/hubsch-interior.com\/fr\/#\/schema\/logo\/image\/\",\"url\":\"https:\/\/hubsch-interior.com\/wp-content\/uploads\/2022\/12\/Hubsch_logo_black_one_line.svg\",\"contentUrl\":\"https:\/\/hubsch-interior.com\/wp-content\/uploads\/2022\/12\/Hubsch_logo_black_one_line.svg\",\"caption\":\"H\u00fcbsch\"},\"image\":{\"@id\":\"https:\/\/hubsch-interior.com\/fr\/#\/schema\/logo\/image\/\"}}]}<\/script>\n<!-- \/ Yoast SEO plugin. -->","yoast_head_json":{"title":"String Porte-revues Rouge\/Blanc - H\u00fcbsch","description":"Ce porte-revues Rouge\/Blanc est la pi\u00e8ce id\u00e9ale pour d\u00e9corer votre int\u00e9rieur. Fait de coton et de m\u00e9tal, ce produit est tr\u00e8s robuste et durable. Sa","robots":{"index":"index","follow":"follow","max-snippet":"max-snippet:-1","max-image-preview":"max-image-preview:large","max-video-preview":"max-video-preview:-1"},"canonical":"https:\/\/hubsch-interior.com\/fr\/wp-json\/wp\/v2\/product\/35826","og_locale":"fr_FR","og_type":"article","og_title":"String Porte-revues Rouge\/Blanc - H\u00fcbsch","og_description":"Ce porte-revues Rouge\/Blanc est la pi\u00e8ce id\u00e9ale pour d\u00e9corer votre int\u00e9rieur. Fait de coton et de m\u00e9tal, ce produit est tr\u00e8s robuste et durable. Sa","og_url":"https:\/\/hubsch-interior.com\/fr\/produit\/string-porte-revues-rouge-blanc\/","og_site_name":"H\u00fcbsch","article_modified_time":"2026-04-15T02:16:27+00:00","og_image":[{"width":1200,"height":1200,"url":"https:\/\/hubsch-interior.com\/wp-content\/uploads\/2023\/08\/string-magazine-holder-redwhite-688d6ba11a63f3ec9bf94d254210dd06.jpg","type":"image\/jpeg"}],"twitter_card":"summary_large_image","schema":{"@context":"https:\/\/schema.org","@graph":[{"@type":"WebPage","@id":"https:\/\/hubsch-interior.com\/fr\/produit\/string-porte-revues-rouge-blanc\/","url":"https:\/\/hubsch-interior.com\/fr\/produit\/string-porte-revues-rouge-blanc\/","name":"String Porte-revues Rouge\/Blanc - H\u00fcbsch","isPartOf":{"@id":"https:\/\/hubsch-interior.com\/fr\/#website"},"primaryImageOfPage":{"@id":"https:\/\/hubsch-interior.com\/fr\/produit\/string-porte-revues-rouge-blanc\/#primaryimage"},"image":{"@id":"https:\/\/hubsch-interior.com\/fr\/produit\/string-porte-revues-rouge-blanc\/#primaryimage"},"thumbnailUrl":"https:\/\/hubsch-interior.com\/wp-content\/uploads\/2026\/02\/string-magazine-holder-redwhite-21221766303a63f11091bae417723567.jpg","datePublished":"2020-12-15T08:28:42+00:00","dateModified":"2026-04-15T02:16:27+00:00","description":"Ce porte-revues Rouge\/Blanc est la pi\u00e8ce id\u00e9ale pour d\u00e9corer votre int\u00e9rieur. Fait de coton et de m\u00e9tal, ce produit est tr\u00e8s robuste et durable. Sa","breadcrumb":{"@id":"https:\/\/hubsch-interior.com\/fr\/produit\/string-porte-revues-rouge-blanc\/#breadcrumb"},"inLanguage":"fr-FR","potentialAction":[{"@type":"ReadAction","target":["https:\/\/hubsch-interior.com\/fr\/produit\/string-porte-revues-rouge-blanc\/"]}]},{"@type":"ImageObject","inLanguage":"fr-FR","@id":"https:\/\/hubsch-interior.com\/fr\/produit\/string-porte-revues-rouge-blanc\/#primaryimage","url":"https:\/\/hubsch-interior.com\/wp-content\/uploads\/2026\/02\/string-magazine-holder-redwhite-21221766303a63f11091bae417723567.jpg","contentUrl":"https:\/\/hubsch-interior.com\/wp-content\/uploads\/2026\/02\/string-magazine-holder-redwhite-21221766303a63f11091bae417723567.jpg","width":1024,"height":1024},{"@type":"BreadcrumbList","@id":"https:\/\/hubsch-interior.com\/fr\/produit\/string-porte-revues-rouge-blanc\/#breadcrumb","itemListElement":[{"@type":"ListItem","position":1,"name":"Page d'accueil","item":"https:\/\/hubsch-interior.com\/fr\/"},{"@type":"ListItem","position":2,"name":"Produits","item":"https:\/\/hubsch-interior.com\/fr\/shop-2\/"},{"@type":"ListItem","position":3,"name":"Accessoires maison","item":"https:\/\/hubsch-interior.com\/fr\/categorie-produit\/accessoires-maison\/"},{"@type":"ListItem","position":4,"name":"Espace de rangement","item":"https:\/\/hubsch-interior.com\/fr\/categorie-produit\/accessoires-maison\/espace-de-rangement-fr\/"},{"@type":"ListItem","position":5,"name":"Porte-revues","item":"https:\/\/hubsch-interior.com\/fr\/categorie-produit\/accessoires-maison\/espace-de-rangement-fr\/porte-revues-fr\/"},{"@type":"ListItem","position":6,"name":"String Porte-revues Rouge\/Blanc"}]},{"@type":"WebSite","@id":"https:\/\/hubsch-interior.com\/fr\/#website","url":"https:\/\/hubsch-interior.com\/fr\/","name":"H\u00fcbsch","description":"Danish Home Interior and Design","publisher":{"@id":"https:\/\/hubsch-interior.com\/fr\/#organization"},"potentialAction":[{"@type":"SearchAction","target":{"@type":"EntryPoint","urlTemplate":"https:\/\/hubsch-interior.com\/fr\/?s={search_term_string}"},"query-input":{"@type":"PropertyValueSpecification","valueRequired":true,"valueName":"search_term_string"}}],"inLanguage":"fr-FR"},{"@type":"Organization","@id":"https:\/\/hubsch-interior.com\/fr\/#organization","name":"H\u00fcbsch","url":"https:\/\/hubsch-interior.com\/fr\/","logo":{"@type":"ImageObject","inLanguage":"fr-FR","@id":"https:\/\/hubsch-interior.com\/fr\/#\/schema\/logo\/image\/","url":"https:\/\/hubsch-interior.com\/wp-content\/uploads\/2022\/12\/Hubsch_logo_black_one_line.svg","contentUrl":"https:\/\/hubsch-interior.com\/wp-content\/uploads\/2022\/12\/Hubsch_logo_black_one_line.svg","caption":"H\u00fcbsch"},"image":{"@id":"https:\/\/hubsch-interior.com\/fr\/#\/schema\/logo\/image\/"}}]}},"_links":{"self":[{"href":"https:\/\/hubsch-interior.com\/fr\/wp-json\/wp\/v2\/product\/35826","targetHints":{"allow":["GET"]}}],"collection":[{"href":"https:\/\/hubsch-interior.com\/fr\/wp-json\/wp\/v2\/product"}],"about":[{"href":"https:\/\/hubsch-interior.com\/fr\/wp-json\/wp\/v2\/types\/product"}],"wp:featuredmedia":[{"embeddable":true,"href":"https:\/\/hubsch-interior.com\/fr\/wp-json\/wp\/v2\/media\/1092430"}],"wp:attachment":[{"href":"https:\/\/hubsch-interior.com\/fr\/wp-json\/wp\/v2\/media?parent=35826"}],"wp:term":[{"taxonomy":"product_brand","embeddable":true,"href":"https:\/\/hubsch-interior.com\/fr\/wp-json\/wp\/v2\/product_brand?post=35826"},{"taxonomy":"product_cat","embeddable":true,"href":"https:\/\/hubsch-interior.com\/fr\/wp-json\/wp\/v2\/product_cat?post=35826"},{"taxonomy":"product_tag","embeddable":true,"href":"https:\/\/hubsch-interior.com\/fr\/wp-json\/wp\/v2\/product_tag?post=35826"}],"curies":[{"name":"wp","href":"https:\/\/api.w.org\/{rel}","templated":true}]}}