{"id":35862,"date":"2020-12-15T09:28:46","date_gmt":"2020-12-15T08:28:46","guid":{"rendered":"https:\/\/hubsch-interior.com\/product\/product\/"},"modified":"2026-04-09T04:16:37","modified_gmt":"2026-04-09T02:16:37","slug":"norm-bibliotheques-4-etageres-noir","status":"publish","type":"product","link":"https:\/\/hubsch-interior.com\/fr\/produit\/norm-bibliotheques-4-etageres-noir\/","title":{"rendered":"Norm Biblioth\u00e8ques 4 \u00c9tag\u00e8res Noir"},"content":{"rendered":"<p>Si vous l\u2019avez, montrez-la ! Cette \u00e9tag\u00e8re murale en fr\u00eane noir sur quatre niveaux est parfaite pour mettre en valeur vos livres, plantes ou objets de famille. En plus de vous offrir un espace de rangement en hauteur, elle apporte de la luminosit\u00e9 et de l\u2019espace. Savez-vous quel est l\u2019avantage de cette \u00e9tag\u00e8re ? Le bois est certifi\u00e9 FSC\u00ae ! Et c\u2019est une excellente nouvelle.<\/p>\n","protected":false},"excerpt":{"rendered":"<p>Si vous l\u2019avez, montrez-la ! Cette \u00e9tag\u00e8re murale en fr\u00eane noir sur quatre niveaux est parfaite pour mettre en valeur vos livres, plantes ou objets de famille. En plus de vous offrir un espace de rangement en hauteur, elle apporte de la luminosit\u00e9 et de l\u2019espace. Savez-vous quel est l\u2019avantage de cette \u00e9tag\u00e8re ? Le [&hellip;]<\/p>\n","protected":false},"featured_media":1092458,"template":"","meta":{"_acf_changed":false,"inline_featured_image":false},"product_brand":[],"product_cat":[4011,4001,4023,6322,5026,6892],"product_tag":[],"class_list":{"0":"post-35862","1":"product","2":"type-product","3":"status-publish","4":"has-post-thumbnail","6":"product_cat-bibliotheques-fr","7":"product_cat-etageres-et-meubles-de-rangement-fr","8":"product_cat-etageres-murales-fr","9":"product_cat-fsc-fr","10":"product_cat-bestsellers-fr","11":"product_cat-meubles-multifonctionnels-fr","12":"product_shipping_class-p05","14":"pa_color-noir","15":"pa_material-bois-de-frne","16":"pa_material-fer-fr","18":"first","19":"instock","20":"featured","21":"taxable","22":"shipping-taxable","23":"purchasable","24":"product-type-simple"},"exclude_global_add_ons":[],"addons":[],"acf":[],"yoast_head":"<!-- This site is optimized with the Yoast SEO plugin v26.4 - https:\/\/yoast.com\/wordpress\/plugins\/seo\/ -->\n<title>Norm Biblioth\u00e8ques 4 \u00c9tag\u00e8res Noir - H\u00fcbsch<\/title>\n<meta name=\"description\" content=\"Si vous l\u2019avez, montrez-la ! Cette \u00e9tag\u00e8re murale en fr\u00eane noir sur quatre niveaux est parfaite pour mettre en valeur vos livres, plantes ou objets de\" \/>\n<meta name=\"robots\" content=\"index, follow, max-snippet:-1, max-image-preview:large, max-video-preview:-1\" \/>\n<link rel=\"canonical\" href=\"https:\/\/hubsch-interior.com\/fr\/wp-json\/wp\/v2\/product\/35862\" \/>\n<meta property=\"og:locale\" content=\"fr_FR\" \/>\n<meta property=\"og:type\" content=\"article\" \/>\n<meta property=\"og:title\" content=\"Norm Biblioth\u00e8ques 4 \u00c9tag\u00e8res Noir - H\u00fcbsch\" \/>\n<meta property=\"og:description\" content=\"Si vous l\u2019avez, montrez-la ! Cette \u00e9tag\u00e8re murale en fr\u00eane noir sur quatre niveaux est parfaite pour mettre en valeur vos livres, plantes ou objets de\" \/>\n<meta property=\"og:url\" content=\"https:\/\/hubsch-interior.com\/fr\/produit\/norm-bibliotheques-4-etageres-noir\/\" \/>\n<meta property=\"og:site_name\" content=\"H\u00fcbsch\" \/>\n<meta property=\"article:modified_time\" content=\"2026-04-09T02:16:37+00:00\" \/>\n<meta property=\"og:image\" content=\"https:\/\/hubsch-interior.com\/wp-content\/uploads\/2023\/08\/norm-wall-shelf-unit-4-shelves-black-0d4a7a329fe910577bc083e26c72d8e4.jpg\" \/>\n\t<meta property=\"og:image:width\" content=\"1200\" \/>\n\t<meta property=\"og:image:height\" content=\"1200\" \/>\n\t<meta property=\"og:image:type\" content=\"image\/jpeg\" \/>\n<meta name=\"twitter:card\" content=\"summary_large_image\" \/>\n<script type=\"application\/ld+json\" class=\"yoast-schema-graph\">{\"@context\":\"https:\/\/schema.org\",\"@graph\":[{\"@type\":\"WebPage\",\"@id\":\"https:\/\/hubsch-interior.com\/fr\/produit\/norm-bibliotheques-4-etageres-noir\/\",\"url\":\"https:\/\/hubsch-interior.com\/fr\/produit\/norm-bibliotheques-4-etageres-noir\/\",\"name\":\"Norm Biblioth\u00e8ques 4 \u00c9tag\u00e8res Noir - H\u00fcbsch\",\"isPartOf\":{\"@id\":\"https:\/\/hubsch-interior.com\/fr\/#website\"},\"primaryImageOfPage\":{\"@id\":\"https:\/\/hubsch-interior.com\/fr\/produit\/norm-bibliotheques-4-etageres-noir\/#primaryimage\"},\"image\":{\"@id\":\"https:\/\/hubsch-interior.com\/fr\/produit\/norm-bibliotheques-4-etageres-noir\/#primaryimage\"},\"thumbnailUrl\":\"https:\/\/hubsch-interior.com\/wp-content\/uploads\/2026\/02\/norm-wall-shelf-unit-4-shelves-black-422248680cb25886da99f4cf41526072.jpg\",\"datePublished\":\"2020-12-15T08:28:46+00:00\",\"dateModified\":\"2026-04-09T02:16:37+00:00\",\"description\":\"Si vous l\u2019avez, montrez-la ! Cette \u00e9tag\u00e8re murale en fr\u00eane noir sur quatre niveaux est parfaite pour mettre en valeur vos livres, plantes ou objets de\",\"breadcrumb\":{\"@id\":\"https:\/\/hubsch-interior.com\/fr\/produit\/norm-bibliotheques-4-etageres-noir\/#breadcrumb\"},\"inLanguage\":\"fr-FR\",\"potentialAction\":[{\"@type\":\"ReadAction\",\"target\":[\"https:\/\/hubsch-interior.com\/fr\/produit\/norm-bibliotheques-4-etageres-noir\/\"]}]},{\"@type\":\"ImageObject\",\"inLanguage\":\"fr-FR\",\"@id\":\"https:\/\/hubsch-interior.com\/fr\/produit\/norm-bibliotheques-4-etageres-noir\/#primaryimage\",\"url\":\"https:\/\/hubsch-interior.com\/wp-content\/uploads\/2026\/02\/norm-wall-shelf-unit-4-shelves-black-422248680cb25886da99f4cf41526072.jpg\",\"contentUrl\":\"https:\/\/hubsch-interior.com\/wp-content\/uploads\/2026\/02\/norm-wall-shelf-unit-4-shelves-black-422248680cb25886da99f4cf41526072.jpg\",\"width\":1024,\"height\":1024},{\"@type\":\"BreadcrumbList\",\"@id\":\"https:\/\/hubsch-interior.com\/fr\/produit\/norm-bibliotheques-4-etageres-noir\/#breadcrumb\",\"itemListElement\":[{\"@type\":\"ListItem\",\"position\":1,\"name\":\"Page d'accueil\",\"item\":\"https:\/\/hubsch-interior.com\/fr\/\"},{\"@type\":\"ListItem\",\"position\":2,\"name\":\"Produits\",\"item\":\"https:\/\/hubsch-interior.com\/fr\/shop-2\/\"},{\"@type\":\"ListItem\",\"position\":3,\"name\":\"Meubles\",\"item\":\"https:\/\/hubsch-interior.com\/fr\/categorie-produit\/meubles\/\"},{\"@type\":\"ListItem\",\"position\":4,\"name\":\"Etag&egrave;res et meubles de rangement\",\"item\":\"https:\/\/hubsch-interior.com\/fr\/categorie-produit\/meubles\/etageres-et-meubles-de-rangement-fr\/\"},{\"@type\":\"ListItem\",\"position\":5,\"name\":\"Biblioth&egrave;ques\",\"item\":\"https:\/\/hubsch-interior.com\/fr\/categorie-produit\/meubles\/etageres-et-meubles-de-rangement-fr\/bibliotheques-fr\/\"},{\"@type\":\"ListItem\",\"position\":6,\"name\":\"Norm Biblioth\u00e8ques 4 \u00c9tag\u00e8res Noir\"}]},{\"@type\":\"WebSite\",\"@id\":\"https:\/\/hubsch-interior.com\/fr\/#website\",\"url\":\"https:\/\/hubsch-interior.com\/fr\/\",\"name\":\"H\u00fcbsch\",\"description\":\"Danish Home Interior and Design\",\"publisher\":{\"@id\":\"https:\/\/hubsch-interior.com\/fr\/#organization\"},\"potentialAction\":[{\"@type\":\"SearchAction\",\"target\":{\"@type\":\"EntryPoint\",\"urlTemplate\":\"https:\/\/hubsch-interior.com\/fr\/?s={search_term_string}\"},\"query-input\":{\"@type\":\"PropertyValueSpecification\",\"valueRequired\":true,\"valueName\":\"search_term_string\"}}],\"inLanguage\":\"fr-FR\"},{\"@type\":\"Organization\",\"@id\":\"https:\/\/hubsch-interior.com\/fr\/#organization\",\"name\":\"H\u00fcbsch\",\"url\":\"https:\/\/hubsch-interior.com\/fr\/\",\"logo\":{\"@type\":\"ImageObject\",\"inLanguage\":\"fr-FR\",\"@id\":\"https:\/\/hubsch-interior.com\/fr\/#\/schema\/logo\/image\/\",\"url\":\"https:\/\/hubsch-interior.com\/wp-content\/uploads\/2022\/12\/Hubsch_logo_black_one_line.svg\",\"contentUrl\":\"https:\/\/hubsch-interior.com\/wp-content\/uploads\/2022\/12\/Hubsch_logo_black_one_line.svg\",\"caption\":\"H\u00fcbsch\"},\"image\":{\"@id\":\"https:\/\/hubsch-interior.com\/fr\/#\/schema\/logo\/image\/\"}}]}<\/script>\n<!-- \/ Yoast SEO plugin. -->","yoast_head_json":{"title":"Norm Biblioth\u00e8ques 4 \u00c9tag\u00e8res Noir - H\u00fcbsch","description":"Si vous l\u2019avez, montrez-la ! Cette \u00e9tag\u00e8re murale en fr\u00eane noir sur quatre niveaux est parfaite pour mettre en valeur vos livres, plantes ou objets de","robots":{"index":"index","follow":"follow","max-snippet":"max-snippet:-1","max-image-preview":"max-image-preview:large","max-video-preview":"max-video-preview:-1"},"canonical":"https:\/\/hubsch-interior.com\/fr\/wp-json\/wp\/v2\/product\/35862","og_locale":"fr_FR","og_type":"article","og_title":"Norm Biblioth\u00e8ques 4 \u00c9tag\u00e8res Noir - H\u00fcbsch","og_description":"Si vous l\u2019avez, montrez-la ! Cette \u00e9tag\u00e8re murale en fr\u00eane noir sur quatre niveaux est parfaite pour mettre en valeur vos livres, plantes ou objets de","og_url":"https:\/\/hubsch-interior.com\/fr\/produit\/norm-bibliotheques-4-etageres-noir\/","og_site_name":"H\u00fcbsch","article_modified_time":"2026-04-09T02:16:37+00:00","og_image":[{"width":1200,"height":1200,"url":"https:\/\/hubsch-interior.com\/wp-content\/uploads\/2023\/08\/norm-wall-shelf-unit-4-shelves-black-0d4a7a329fe910577bc083e26c72d8e4.jpg","type":"image\/jpeg"}],"twitter_card":"summary_large_image","schema":{"@context":"https:\/\/schema.org","@graph":[{"@type":"WebPage","@id":"https:\/\/hubsch-interior.com\/fr\/produit\/norm-bibliotheques-4-etageres-noir\/","url":"https:\/\/hubsch-interior.com\/fr\/produit\/norm-bibliotheques-4-etageres-noir\/","name":"Norm Biblioth\u00e8ques 4 \u00c9tag\u00e8res Noir - H\u00fcbsch","isPartOf":{"@id":"https:\/\/hubsch-interior.com\/fr\/#website"},"primaryImageOfPage":{"@id":"https:\/\/hubsch-interior.com\/fr\/produit\/norm-bibliotheques-4-etageres-noir\/#primaryimage"},"image":{"@id":"https:\/\/hubsch-interior.com\/fr\/produit\/norm-bibliotheques-4-etageres-noir\/#primaryimage"},"thumbnailUrl":"https:\/\/hubsch-interior.com\/wp-content\/uploads\/2026\/02\/norm-wall-shelf-unit-4-shelves-black-422248680cb25886da99f4cf41526072.jpg","datePublished":"2020-12-15T08:28:46+00:00","dateModified":"2026-04-09T02:16:37+00:00","description":"Si vous l\u2019avez, montrez-la ! Cette \u00e9tag\u00e8re murale en fr\u00eane noir sur quatre niveaux est parfaite pour mettre en valeur vos livres, plantes ou objets de","breadcrumb":{"@id":"https:\/\/hubsch-interior.com\/fr\/produit\/norm-bibliotheques-4-etageres-noir\/#breadcrumb"},"inLanguage":"fr-FR","potentialAction":[{"@type":"ReadAction","target":["https:\/\/hubsch-interior.com\/fr\/produit\/norm-bibliotheques-4-etageres-noir\/"]}]},{"@type":"ImageObject","inLanguage":"fr-FR","@id":"https:\/\/hubsch-interior.com\/fr\/produit\/norm-bibliotheques-4-etageres-noir\/#primaryimage","url":"https:\/\/hubsch-interior.com\/wp-content\/uploads\/2026\/02\/norm-wall-shelf-unit-4-shelves-black-422248680cb25886da99f4cf41526072.jpg","contentUrl":"https:\/\/hubsch-interior.com\/wp-content\/uploads\/2026\/02\/norm-wall-shelf-unit-4-shelves-black-422248680cb25886da99f4cf41526072.jpg","width":1024,"height":1024},{"@type":"BreadcrumbList","@id":"https:\/\/hubsch-interior.com\/fr\/produit\/norm-bibliotheques-4-etageres-noir\/#breadcrumb","itemListElement":[{"@type":"ListItem","position":1,"name":"Page d'accueil","item":"https:\/\/hubsch-interior.com\/fr\/"},{"@type":"ListItem","position":2,"name":"Produits","item":"https:\/\/hubsch-interior.com\/fr\/shop-2\/"},{"@type":"ListItem","position":3,"name":"Meubles","item":"https:\/\/hubsch-interior.com\/fr\/categorie-produit\/meubles\/"},{"@type":"ListItem","position":4,"name":"Etag&egrave;res et meubles de rangement","item":"https:\/\/hubsch-interior.com\/fr\/categorie-produit\/meubles\/etageres-et-meubles-de-rangement-fr\/"},{"@type":"ListItem","position":5,"name":"Biblioth&egrave;ques","item":"https:\/\/hubsch-interior.com\/fr\/categorie-produit\/meubles\/etageres-et-meubles-de-rangement-fr\/bibliotheques-fr\/"},{"@type":"ListItem","position":6,"name":"Norm Biblioth\u00e8ques 4 \u00c9tag\u00e8res Noir"}]},{"@type":"WebSite","@id":"https:\/\/hubsch-interior.com\/fr\/#website","url":"https:\/\/hubsch-interior.com\/fr\/","name":"H\u00fcbsch","description":"Danish Home Interior and Design","publisher":{"@id":"https:\/\/hubsch-interior.com\/fr\/#organization"},"potentialAction":[{"@type":"SearchAction","target":{"@type":"EntryPoint","urlTemplate":"https:\/\/hubsch-interior.com\/fr\/?s={search_term_string}"},"query-input":{"@type":"PropertyValueSpecification","valueRequired":true,"valueName":"search_term_string"}}],"inLanguage":"fr-FR"},{"@type":"Organization","@id":"https:\/\/hubsch-interior.com\/fr\/#organization","name":"H\u00fcbsch","url":"https:\/\/hubsch-interior.com\/fr\/","logo":{"@type":"ImageObject","inLanguage":"fr-FR","@id":"https:\/\/hubsch-interior.com\/fr\/#\/schema\/logo\/image\/","url":"https:\/\/hubsch-interior.com\/wp-content\/uploads\/2022\/12\/Hubsch_logo_black_one_line.svg","contentUrl":"https:\/\/hubsch-interior.com\/wp-content\/uploads\/2022\/12\/Hubsch_logo_black_one_line.svg","caption":"H\u00fcbsch"},"image":{"@id":"https:\/\/hubsch-interior.com\/fr\/#\/schema\/logo\/image\/"}}]}},"_links":{"self":[{"href":"https:\/\/hubsch-interior.com\/fr\/wp-json\/wp\/v2\/product\/35862","targetHints":{"allow":["GET"]}}],"collection":[{"href":"https:\/\/hubsch-interior.com\/fr\/wp-json\/wp\/v2\/product"}],"about":[{"href":"https:\/\/hubsch-interior.com\/fr\/wp-json\/wp\/v2\/types\/product"}],"wp:featuredmedia":[{"embeddable":true,"href":"https:\/\/hubsch-interior.com\/fr\/wp-json\/wp\/v2\/media\/1092458"}],"wp:attachment":[{"href":"https:\/\/hubsch-interior.com\/fr\/wp-json\/wp\/v2\/media?parent=35862"}],"wp:term":[{"taxonomy":"product_brand","embeddable":true,"href":"https:\/\/hubsch-interior.com\/fr\/wp-json\/wp\/v2\/product_brand?post=35862"},{"taxonomy":"product_cat","embeddable":true,"href":"https:\/\/hubsch-interior.com\/fr\/wp-json\/wp\/v2\/product_cat?post=35862"},{"taxonomy":"product_tag","embeddable":true,"href":"https:\/\/hubsch-interior.com\/fr\/wp-json\/wp\/v2\/product_tag?post=35862"}],"curies":[{"name":"wp","href":"https:\/\/api.w.org\/{rel}","templated":true}]}}