{"id":35878,"date":"2020-12-15T09:28:59","date_gmt":"2020-12-15T08:28:59","guid":{"rendered":"https:\/\/hubsch-interior.com\/product\/product-3\/"},"modified":"2026-04-09T04:16:40","modified_gmt":"2026-04-09T02:16:40","slug":"mist-banc-gris","status":"publish","type":"product","link":"https:\/\/hubsch-interior.com\/fr\/produit\/mist-banc-gris\/","title":{"rendered":"Mist Banc Gris"},"content":{"rendered":"<p>Le Mist Banc Gris est un produit OEKO-TEX\u00ae STANDARD 100 certifi\u00e9. Fait de m\u00e9tal et de polyester, ce banc contemporain est une pi\u00e8ce \u00e9l\u00e9gante et r\u00e9sistante. Ses lignes simples apporteront \u00e0 votre int\u00e9rieur calme et \u00e9l\u00e9gance. Son design \u00e9pur\u00e9 et intemporel s&#8217;int\u00e9grera parfaitement \u00e0 votre d\u00e9coration. Disponible en plusieurs couleurs, c&#8217;est le banc id\u00e9al pour compl\u00e9ter votre int\u00e9rieur.<\/p>\n","protected":false},"excerpt":{"rendered":"<p>Le Mist Banc Gris est un produit OEKO-TEX\u00ae STANDARD 100 certifi\u00e9. Fait de m\u00e9tal et de polyester, ce banc contemporain est une pi\u00e8ce \u00e9l\u00e9gante et r\u00e9sistante. Ses lignes simples apporteront \u00e0 votre int\u00e9rieur calme et \u00e9l\u00e9gance. Son design \u00e9pur\u00e9 et intemporel s&#8217;int\u00e9grera parfaitement \u00e0 votre d\u00e9coration. Disponible en plusieurs couleurs, c&#8217;est le banc id\u00e9al pour [&hellip;]<\/p>\n","protected":false},"featured_media":1092500,"template":"","meta":{"_acf_changed":false,"inline_featured_image":false},"product_brand":[],"product_cat":[2843,2877,5026],"product_tag":[],"class_list":{"0":"post-35878","1":"product","2":"type-product","3":"status-publish","4":"has-post-thumbnail","6":"product_cat-assises-fr","7":"product_cat-bancs-fr","8":"product_cat-bestsellers-fr","9":"product_shipping_class-pk","11":"pa_color-gris-2","12":"pa_material-fer-fr","13":"pa_material-polyester-100-fr","15":"first","16":"instock","17":"featured","18":"taxable","19":"shipping-taxable","20":"purchasable","21":"product-type-simple"},"exclude_global_add_ons":[],"addons":[],"acf":[],"yoast_head":"<!-- This site is optimized with the Yoast SEO plugin v26.4 - https:\/\/yoast.com\/wordpress\/plugins\/seo\/ -->\n<title>Mist Banc Gris - H\u00fcbsch<\/title>\n<meta name=\"description\" content=\"Le Mist Banc Gris est un produit OEKO-TEX\u00ae STANDARD 100 certifi\u00e9. Fait de m\u00e9tal et de polyester, ce banc contemporain est une pi\u00e8ce \u00e9l\u00e9gante et\" \/>\n<meta name=\"robots\" content=\"index, follow, max-snippet:-1, max-image-preview:large, max-video-preview:-1\" \/>\n<link rel=\"canonical\" href=\"https:\/\/hubsch-interior.com\/fr\/wp-json\/wp\/v2\/product\/35878\" \/>\n<meta property=\"og:locale\" content=\"fr_FR\" \/>\n<meta property=\"og:type\" content=\"article\" \/>\n<meta property=\"og:title\" content=\"Mist Banc Gris - H\u00fcbsch\" \/>\n<meta property=\"og:description\" content=\"Le Mist Banc Gris est un produit OEKO-TEX\u00ae STANDARD 100 certifi\u00e9. Fait de m\u00e9tal et de polyester, ce banc contemporain est une pi\u00e8ce \u00e9l\u00e9gante et\" \/>\n<meta property=\"og:url\" content=\"https:\/\/hubsch-interior.com\/fr\/produit\/mist-banc-gris\/\" \/>\n<meta property=\"og:site_name\" content=\"H\u00fcbsch\" \/>\n<meta property=\"article:modified_time\" content=\"2026-04-09T02:16:40+00:00\" \/>\n<meta property=\"og:image\" content=\"https:\/\/hubsch-interior.com\/wp-content\/uploads\/2024\/04\/mist-bench-grey-739eaacd0cabb5a18bd76c55d3ea547e.jpg\" \/>\n\t<meta property=\"og:image:width\" content=\"1200\" \/>\n\t<meta property=\"og:image:height\" content=\"1200\" \/>\n\t<meta property=\"og:image:type\" content=\"image\/jpeg\" \/>\n<meta name=\"twitter:card\" content=\"summary_large_image\" \/>\n<script type=\"application\/ld+json\" class=\"yoast-schema-graph\">{\"@context\":\"https:\/\/schema.org\",\"@graph\":[{\"@type\":\"WebPage\",\"@id\":\"https:\/\/hubsch-interior.com\/fr\/produit\/mist-banc-gris\/\",\"url\":\"https:\/\/hubsch-interior.com\/fr\/produit\/mist-banc-gris\/\",\"name\":\"Mist Banc Gris - H\u00fcbsch\",\"isPartOf\":{\"@id\":\"https:\/\/hubsch-interior.com\/fr\/#website\"},\"primaryImageOfPage\":{\"@id\":\"https:\/\/hubsch-interior.com\/fr\/produit\/mist-banc-gris\/#primaryimage\"},\"image\":{\"@id\":\"https:\/\/hubsch-interior.com\/fr\/produit\/mist-banc-gris\/#primaryimage\"},\"thumbnailUrl\":\"https:\/\/hubsch-interior.com\/wp-content\/uploads\/2026\/02\/mist-bench-grey-8b332bff8b973ec0fc668146fd43cfb2.jpg\",\"datePublished\":\"2020-12-15T08:28:59+00:00\",\"dateModified\":\"2026-04-09T02:16:40+00:00\",\"description\":\"Le Mist Banc Gris est un produit OEKO-TEX\u00ae STANDARD 100 certifi\u00e9. Fait de m\u00e9tal et de polyester, ce banc contemporain est une pi\u00e8ce \u00e9l\u00e9gante et\",\"breadcrumb\":{\"@id\":\"https:\/\/hubsch-interior.com\/fr\/produit\/mist-banc-gris\/#breadcrumb\"},\"inLanguage\":\"fr-FR\",\"potentialAction\":[{\"@type\":\"ReadAction\",\"target\":[\"https:\/\/hubsch-interior.com\/fr\/produit\/mist-banc-gris\/\"]}]},{\"@type\":\"ImageObject\",\"inLanguage\":\"fr-FR\",\"@id\":\"https:\/\/hubsch-interior.com\/fr\/produit\/mist-banc-gris\/#primaryimage\",\"url\":\"https:\/\/hubsch-interior.com\/wp-content\/uploads\/2026\/02\/mist-bench-grey-8b332bff8b973ec0fc668146fd43cfb2.jpg\",\"contentUrl\":\"https:\/\/hubsch-interior.com\/wp-content\/uploads\/2026\/02\/mist-bench-grey-8b332bff8b973ec0fc668146fd43cfb2.jpg\",\"width\":1024,\"height\":1024},{\"@type\":\"BreadcrumbList\",\"@id\":\"https:\/\/hubsch-interior.com\/fr\/produit\/mist-banc-gris\/#breadcrumb\",\"itemListElement\":[{\"@type\":\"ListItem\",\"position\":1,\"name\":\"Page d'accueil\",\"item\":\"https:\/\/hubsch-interior.com\/fr\/\"},{\"@type\":\"ListItem\",\"position\":2,\"name\":\"Produits\",\"item\":\"https:\/\/hubsch-interior.com\/fr\/shop-2\/\"},{\"@type\":\"ListItem\",\"position\":3,\"name\":\"Meubles\",\"item\":\"https:\/\/hubsch-interior.com\/fr\/categorie-produit\/meubles\/\"},{\"@type\":\"ListItem\",\"position\":4,\"name\":\"Assises\",\"item\":\"https:\/\/hubsch-interior.com\/fr\/categorie-produit\/meubles\/assises-fr\/\"},{\"@type\":\"ListItem\",\"position\":5,\"name\":\"Bancs\",\"item\":\"https:\/\/hubsch-interior.com\/fr\/categorie-produit\/meubles\/assises-fr\/bancs-fr\/\"},{\"@type\":\"ListItem\",\"position\":6,\"name\":\"Mist Banc Gris\"}]},{\"@type\":\"WebSite\",\"@id\":\"https:\/\/hubsch-interior.com\/fr\/#website\",\"url\":\"https:\/\/hubsch-interior.com\/fr\/\",\"name\":\"H\u00fcbsch\",\"description\":\"Danish Home Interior and Design\",\"publisher\":{\"@id\":\"https:\/\/hubsch-interior.com\/fr\/#organization\"},\"potentialAction\":[{\"@type\":\"SearchAction\",\"target\":{\"@type\":\"EntryPoint\",\"urlTemplate\":\"https:\/\/hubsch-interior.com\/fr\/?s={search_term_string}\"},\"query-input\":{\"@type\":\"PropertyValueSpecification\",\"valueRequired\":true,\"valueName\":\"search_term_string\"}}],\"inLanguage\":\"fr-FR\"},{\"@type\":\"Organization\",\"@id\":\"https:\/\/hubsch-interior.com\/fr\/#organization\",\"name\":\"H\u00fcbsch\",\"url\":\"https:\/\/hubsch-interior.com\/fr\/\",\"logo\":{\"@type\":\"ImageObject\",\"inLanguage\":\"fr-FR\",\"@id\":\"https:\/\/hubsch-interior.com\/fr\/#\/schema\/logo\/image\/\",\"url\":\"https:\/\/hubsch-interior.com\/wp-content\/uploads\/2022\/12\/Hubsch_logo_black_one_line.svg\",\"contentUrl\":\"https:\/\/hubsch-interior.com\/wp-content\/uploads\/2022\/12\/Hubsch_logo_black_one_line.svg\",\"caption\":\"H\u00fcbsch\"},\"image\":{\"@id\":\"https:\/\/hubsch-interior.com\/fr\/#\/schema\/logo\/image\/\"}}]}<\/script>\n<!-- \/ Yoast SEO plugin. -->","yoast_head_json":{"title":"Mist Banc Gris - H\u00fcbsch","description":"Le Mist Banc Gris est un produit OEKO-TEX\u00ae STANDARD 100 certifi\u00e9. Fait de m\u00e9tal et de polyester, ce banc contemporain est une pi\u00e8ce \u00e9l\u00e9gante et","robots":{"index":"index","follow":"follow","max-snippet":"max-snippet:-1","max-image-preview":"max-image-preview:large","max-video-preview":"max-video-preview:-1"},"canonical":"https:\/\/hubsch-interior.com\/fr\/wp-json\/wp\/v2\/product\/35878","og_locale":"fr_FR","og_type":"article","og_title":"Mist Banc Gris - H\u00fcbsch","og_description":"Le Mist Banc Gris est un produit OEKO-TEX\u00ae STANDARD 100 certifi\u00e9. Fait de m\u00e9tal et de polyester, ce banc contemporain est une pi\u00e8ce \u00e9l\u00e9gante et","og_url":"https:\/\/hubsch-interior.com\/fr\/produit\/mist-banc-gris\/","og_site_name":"H\u00fcbsch","article_modified_time":"2026-04-09T02:16:40+00:00","og_image":[{"width":1200,"height":1200,"url":"https:\/\/hubsch-interior.com\/wp-content\/uploads\/2024\/04\/mist-bench-grey-739eaacd0cabb5a18bd76c55d3ea547e.jpg","type":"image\/jpeg"}],"twitter_card":"summary_large_image","schema":{"@context":"https:\/\/schema.org","@graph":[{"@type":"WebPage","@id":"https:\/\/hubsch-interior.com\/fr\/produit\/mist-banc-gris\/","url":"https:\/\/hubsch-interior.com\/fr\/produit\/mist-banc-gris\/","name":"Mist Banc Gris - H\u00fcbsch","isPartOf":{"@id":"https:\/\/hubsch-interior.com\/fr\/#website"},"primaryImageOfPage":{"@id":"https:\/\/hubsch-interior.com\/fr\/produit\/mist-banc-gris\/#primaryimage"},"image":{"@id":"https:\/\/hubsch-interior.com\/fr\/produit\/mist-banc-gris\/#primaryimage"},"thumbnailUrl":"https:\/\/hubsch-interior.com\/wp-content\/uploads\/2026\/02\/mist-bench-grey-8b332bff8b973ec0fc668146fd43cfb2.jpg","datePublished":"2020-12-15T08:28:59+00:00","dateModified":"2026-04-09T02:16:40+00:00","description":"Le Mist Banc Gris est un produit OEKO-TEX\u00ae STANDARD 100 certifi\u00e9. Fait de m\u00e9tal et de polyester, ce banc contemporain est une pi\u00e8ce \u00e9l\u00e9gante et","breadcrumb":{"@id":"https:\/\/hubsch-interior.com\/fr\/produit\/mist-banc-gris\/#breadcrumb"},"inLanguage":"fr-FR","potentialAction":[{"@type":"ReadAction","target":["https:\/\/hubsch-interior.com\/fr\/produit\/mist-banc-gris\/"]}]},{"@type":"ImageObject","inLanguage":"fr-FR","@id":"https:\/\/hubsch-interior.com\/fr\/produit\/mist-banc-gris\/#primaryimage","url":"https:\/\/hubsch-interior.com\/wp-content\/uploads\/2026\/02\/mist-bench-grey-8b332bff8b973ec0fc668146fd43cfb2.jpg","contentUrl":"https:\/\/hubsch-interior.com\/wp-content\/uploads\/2026\/02\/mist-bench-grey-8b332bff8b973ec0fc668146fd43cfb2.jpg","width":1024,"height":1024},{"@type":"BreadcrumbList","@id":"https:\/\/hubsch-interior.com\/fr\/produit\/mist-banc-gris\/#breadcrumb","itemListElement":[{"@type":"ListItem","position":1,"name":"Page d'accueil","item":"https:\/\/hubsch-interior.com\/fr\/"},{"@type":"ListItem","position":2,"name":"Produits","item":"https:\/\/hubsch-interior.com\/fr\/shop-2\/"},{"@type":"ListItem","position":3,"name":"Meubles","item":"https:\/\/hubsch-interior.com\/fr\/categorie-produit\/meubles\/"},{"@type":"ListItem","position":4,"name":"Assises","item":"https:\/\/hubsch-interior.com\/fr\/categorie-produit\/meubles\/assises-fr\/"},{"@type":"ListItem","position":5,"name":"Bancs","item":"https:\/\/hubsch-interior.com\/fr\/categorie-produit\/meubles\/assises-fr\/bancs-fr\/"},{"@type":"ListItem","position":6,"name":"Mist Banc Gris"}]},{"@type":"WebSite","@id":"https:\/\/hubsch-interior.com\/fr\/#website","url":"https:\/\/hubsch-interior.com\/fr\/","name":"H\u00fcbsch","description":"Danish Home Interior and Design","publisher":{"@id":"https:\/\/hubsch-interior.com\/fr\/#organization"},"potentialAction":[{"@type":"SearchAction","target":{"@type":"EntryPoint","urlTemplate":"https:\/\/hubsch-interior.com\/fr\/?s={search_term_string}"},"query-input":{"@type":"PropertyValueSpecification","valueRequired":true,"valueName":"search_term_string"}}],"inLanguage":"fr-FR"},{"@type":"Organization","@id":"https:\/\/hubsch-interior.com\/fr\/#organization","name":"H\u00fcbsch","url":"https:\/\/hubsch-interior.com\/fr\/","logo":{"@type":"ImageObject","inLanguage":"fr-FR","@id":"https:\/\/hubsch-interior.com\/fr\/#\/schema\/logo\/image\/","url":"https:\/\/hubsch-interior.com\/wp-content\/uploads\/2022\/12\/Hubsch_logo_black_one_line.svg","contentUrl":"https:\/\/hubsch-interior.com\/wp-content\/uploads\/2022\/12\/Hubsch_logo_black_one_line.svg","caption":"H\u00fcbsch"},"image":{"@id":"https:\/\/hubsch-interior.com\/fr\/#\/schema\/logo\/image\/"}}]}},"_links":{"self":[{"href":"https:\/\/hubsch-interior.com\/fr\/wp-json\/wp\/v2\/product\/35878","targetHints":{"allow":["GET"]}}],"collection":[{"href":"https:\/\/hubsch-interior.com\/fr\/wp-json\/wp\/v2\/product"}],"about":[{"href":"https:\/\/hubsch-interior.com\/fr\/wp-json\/wp\/v2\/types\/product"}],"wp:featuredmedia":[{"embeddable":true,"href":"https:\/\/hubsch-interior.com\/fr\/wp-json\/wp\/v2\/media\/1092500"}],"wp:attachment":[{"href":"https:\/\/hubsch-interior.com\/fr\/wp-json\/wp\/v2\/media?parent=35878"}],"wp:term":[{"taxonomy":"product_brand","embeddable":true,"href":"https:\/\/hubsch-interior.com\/fr\/wp-json\/wp\/v2\/product_brand?post=35878"},{"taxonomy":"product_cat","embeddable":true,"href":"https:\/\/hubsch-interior.com\/fr\/wp-json\/wp\/v2\/product_cat?post=35878"},{"taxonomy":"product_tag","embeddable":true,"href":"https:\/\/hubsch-interior.com\/fr\/wp-json\/wp\/v2\/product_tag?post=35878"}],"curies":[{"name":"wp","href":"https:\/\/api.w.org\/{rel}","templated":true}]}}