{"id":36878,"date":"2020-12-15T09:33:25","date_gmt":"2020-12-15T08:33:25","guid":{"rendered":"https:\/\/hubsch-interior.com\/product\/product-3\/"},"modified":"2026-04-09T04:24:43","modified_gmt":"2026-04-09T02:24:43","slug":"vantage-paniers-large-naturel-set-de-2","status":"publish","type":"product","link":"https:\/\/hubsch-interior.com\/fr\/produit\/vantage-paniers-large-naturel-set-de-2\/","title":{"rendered":"Vantage Paniers Large Naturel (set de 2)"},"content":{"rendered":"<p>Ces superbes Vantage Paniers Large Naturel (set de 2) sont faits de bambou et sont un ajout parfait \u00e0 toute pi\u00e8ce de votre maison. Ces paniers sont parfaits pour le rangement de tout, des articles m\u00e9nagers \u00e0 des livres et des magazines. Avec un design intemporel et une finition de qualit\u00e9, ces paniers vous offrent une solution pratique pour l&#8217;organisation. Mettez-les ensemble ou s\u00e9parez-les pour un look unique et fonctionnel.<\/p>\n","protected":false},"excerpt":{"rendered":"<p>Ces superbes Vantage Paniers Large Naturel (set de 2) sont faits de bambou et sont un ajout parfait \u00e0 toute pi\u00e8ce de votre maison. Ces paniers sont parfaits pour le rangement de tout, des articles m\u00e9nagers \u00e0 des livres et des magazines. Avec un design intemporel et une finition de qualit\u00e9, ces paniers vous offrent [&hellip;]<\/p>\n","protected":false},"featured_media":1095568,"template":"","meta":{"_acf_changed":false,"inline_featured_image":false},"product_brand":[],"product_cat":[3110,4075],"product_tag":[],"class_list":{"0":"post-36878","1":"product","2":"type-product","3":"status-publish","4":"has-post-thumbnail","6":"product_cat-espace-de-rangement-fr","7":"product_cat-paniers-fr","8":"product_shipping_class-p05","10":"pa_color-naturel-2","11":"pa_material-bambou-fr","13":"first","14":"instock","15":"taxable","16":"shipping-taxable","17":"purchasable","18":"product-type-simple"},"exclude_global_add_ons":[],"addons":[],"acf":[],"yoast_head":"<!-- This site is optimized with the Yoast SEO plugin v26.4 - https:\/\/yoast.com\/wordpress\/plugins\/seo\/ -->\n<title>Vantage Paniers Large Naturel (set de 2) - H\u00fcbsch<\/title>\n<meta name=\"description\" content=\"Ces superbes Vantage Paniers Large Naturel (set de 2) sont faits de bambou et sont un ajout parfait \u00e0 toute pi\u00e8ce de votre maison. Ces paniers sont\" \/>\n<meta name=\"robots\" content=\"index, follow, max-snippet:-1, max-image-preview:large, max-video-preview:-1\" \/>\n<link rel=\"canonical\" href=\"https:\/\/hubsch-interior.com\/fr\/wp-json\/wp\/v2\/product\/36878\" \/>\n<meta property=\"og:locale\" content=\"fr_FR\" \/>\n<meta property=\"og:type\" content=\"article\" \/>\n<meta property=\"og:title\" content=\"Vantage Paniers Large Naturel (set de 2) - H\u00fcbsch\" \/>\n<meta property=\"og:description\" content=\"Ces superbes Vantage Paniers Large Naturel (set de 2) sont faits de bambou et sont un ajout parfait \u00e0 toute pi\u00e8ce de votre maison. Ces paniers sont\" \/>\n<meta property=\"og:url\" content=\"https:\/\/hubsch-interior.com\/fr\/produit\/vantage-paniers-large-naturel-set-de-2\/\" \/>\n<meta property=\"og:site_name\" content=\"H\u00fcbsch\" \/>\n<meta property=\"article:modified_time\" content=\"2026-04-09T02:24:43+00:00\" \/>\n<meta property=\"og:image\" content=\"https:\/\/hubsch-interior.com\/wp-content\/uploads\/2023\/08\/vantage-baskets-large-natural-set-of-2-96af6f6184f46f8b696cd28f9902add9.jpg\" \/>\n\t<meta property=\"og:image:width\" content=\"1200\" \/>\n\t<meta property=\"og:image:height\" content=\"1200\" \/>\n\t<meta property=\"og:image:type\" content=\"image\/jpeg\" \/>\n<meta name=\"twitter:card\" content=\"summary_large_image\" \/>\n<script type=\"application\/ld+json\" class=\"yoast-schema-graph\">{\"@context\":\"https:\/\/schema.org\",\"@graph\":[{\"@type\":\"WebPage\",\"@id\":\"https:\/\/hubsch-interior.com\/fr\/produit\/vantage-paniers-large-naturel-set-de-2\/\",\"url\":\"https:\/\/hubsch-interior.com\/fr\/produit\/vantage-paniers-large-naturel-set-de-2\/\",\"name\":\"Vantage Paniers Large Naturel (set de 2) - H\u00fcbsch\",\"isPartOf\":{\"@id\":\"https:\/\/hubsch-interior.com\/fr\/#website\"},\"primaryImageOfPage\":{\"@id\":\"https:\/\/hubsch-interior.com\/fr\/produit\/vantage-paniers-large-naturel-set-de-2\/#primaryimage\"},\"image\":{\"@id\":\"https:\/\/hubsch-interior.com\/fr\/produit\/vantage-paniers-large-naturel-set-de-2\/#primaryimage\"},\"thumbnailUrl\":\"https:\/\/hubsch-interior.com\/wp-content\/uploads\/2026\/02\/vantage-baskets-large-natural-set-of-2-654482bc61434b0969c419f0c45d838d.jpg\",\"datePublished\":\"2020-12-15T08:33:25+00:00\",\"dateModified\":\"2026-04-09T02:24:43+00:00\",\"description\":\"Ces superbes Vantage Paniers Large Naturel (set de 2) sont faits de bambou et sont un ajout parfait \u00e0 toute pi\u00e8ce de votre maison. Ces paniers sont\",\"breadcrumb\":{\"@id\":\"https:\/\/hubsch-interior.com\/fr\/produit\/vantage-paniers-large-naturel-set-de-2\/#breadcrumb\"},\"inLanguage\":\"fr-FR\",\"potentialAction\":[{\"@type\":\"ReadAction\",\"target\":[\"https:\/\/hubsch-interior.com\/fr\/produit\/vantage-paniers-large-naturel-set-de-2\/\"]}]},{\"@type\":\"ImageObject\",\"inLanguage\":\"fr-FR\",\"@id\":\"https:\/\/hubsch-interior.com\/fr\/produit\/vantage-paniers-large-naturel-set-de-2\/#primaryimage\",\"url\":\"https:\/\/hubsch-interior.com\/wp-content\/uploads\/2026\/02\/vantage-baskets-large-natural-set-of-2-654482bc61434b0969c419f0c45d838d.jpg\",\"contentUrl\":\"https:\/\/hubsch-interior.com\/wp-content\/uploads\/2026\/02\/vantage-baskets-large-natural-set-of-2-654482bc61434b0969c419f0c45d838d.jpg\",\"width\":1024,\"height\":1024},{\"@type\":\"BreadcrumbList\",\"@id\":\"https:\/\/hubsch-interior.com\/fr\/produit\/vantage-paniers-large-naturel-set-de-2\/#breadcrumb\",\"itemListElement\":[{\"@type\":\"ListItem\",\"position\":1,\"name\":\"Page d'accueil\",\"item\":\"https:\/\/hubsch-interior.com\/fr\/\"},{\"@type\":\"ListItem\",\"position\":2,\"name\":\"Produits\",\"item\":\"https:\/\/hubsch-interior.com\/fr\/shop-2\/\"},{\"@type\":\"ListItem\",\"position\":3,\"name\":\"Accessoires maison\",\"item\":\"https:\/\/hubsch-interior.com\/fr\/categorie-produit\/accessoires-maison\/\"},{\"@type\":\"ListItem\",\"position\":4,\"name\":\"Espace de rangement\",\"item\":\"https:\/\/hubsch-interior.com\/fr\/categorie-produit\/accessoires-maison\/espace-de-rangement-fr\/\"},{\"@type\":\"ListItem\",\"position\":5,\"name\":\"Paniers\",\"item\":\"https:\/\/hubsch-interior.com\/fr\/categorie-produit\/accessoires-maison\/espace-de-rangement-fr\/paniers-fr\/\"},{\"@type\":\"ListItem\",\"position\":6,\"name\":\"Vantage Paniers Large Naturel (set de 2)\"}]},{\"@type\":\"WebSite\",\"@id\":\"https:\/\/hubsch-interior.com\/fr\/#website\",\"url\":\"https:\/\/hubsch-interior.com\/fr\/\",\"name\":\"H\u00fcbsch\",\"description\":\"Danish Home Interior and Design\",\"publisher\":{\"@id\":\"https:\/\/hubsch-interior.com\/fr\/#organization\"},\"potentialAction\":[{\"@type\":\"SearchAction\",\"target\":{\"@type\":\"EntryPoint\",\"urlTemplate\":\"https:\/\/hubsch-interior.com\/fr\/?s={search_term_string}\"},\"query-input\":{\"@type\":\"PropertyValueSpecification\",\"valueRequired\":true,\"valueName\":\"search_term_string\"}}],\"inLanguage\":\"fr-FR\"},{\"@type\":\"Organization\",\"@id\":\"https:\/\/hubsch-interior.com\/fr\/#organization\",\"name\":\"H\u00fcbsch\",\"url\":\"https:\/\/hubsch-interior.com\/fr\/\",\"logo\":{\"@type\":\"ImageObject\",\"inLanguage\":\"fr-FR\",\"@id\":\"https:\/\/hubsch-interior.com\/fr\/#\/schema\/logo\/image\/\",\"url\":\"https:\/\/hubsch-interior.com\/wp-content\/uploads\/2022\/12\/Hubsch_logo_black_one_line.svg\",\"contentUrl\":\"https:\/\/hubsch-interior.com\/wp-content\/uploads\/2022\/12\/Hubsch_logo_black_one_line.svg\",\"caption\":\"H\u00fcbsch\"},\"image\":{\"@id\":\"https:\/\/hubsch-interior.com\/fr\/#\/schema\/logo\/image\/\"}}]}<\/script>\n<!-- \/ Yoast SEO plugin. -->","yoast_head_json":{"title":"Vantage Paniers Large Naturel (set de 2) - H\u00fcbsch","description":"Ces superbes Vantage Paniers Large Naturel (set de 2) sont faits de bambou et sont un ajout parfait \u00e0 toute pi\u00e8ce de votre maison. Ces paniers sont","robots":{"index":"index","follow":"follow","max-snippet":"max-snippet:-1","max-image-preview":"max-image-preview:large","max-video-preview":"max-video-preview:-1"},"canonical":"https:\/\/hubsch-interior.com\/fr\/wp-json\/wp\/v2\/product\/36878","og_locale":"fr_FR","og_type":"article","og_title":"Vantage Paniers Large Naturel (set de 2) - H\u00fcbsch","og_description":"Ces superbes Vantage Paniers Large Naturel (set de 2) sont faits de bambou et sont un ajout parfait \u00e0 toute pi\u00e8ce de votre maison. Ces paniers sont","og_url":"https:\/\/hubsch-interior.com\/fr\/produit\/vantage-paniers-large-naturel-set-de-2\/","og_site_name":"H\u00fcbsch","article_modified_time":"2026-04-09T02:24:43+00:00","og_image":[{"width":1200,"height":1200,"url":"https:\/\/hubsch-interior.com\/wp-content\/uploads\/2023\/08\/vantage-baskets-large-natural-set-of-2-96af6f6184f46f8b696cd28f9902add9.jpg","type":"image\/jpeg"}],"twitter_card":"summary_large_image","schema":{"@context":"https:\/\/schema.org","@graph":[{"@type":"WebPage","@id":"https:\/\/hubsch-interior.com\/fr\/produit\/vantage-paniers-large-naturel-set-de-2\/","url":"https:\/\/hubsch-interior.com\/fr\/produit\/vantage-paniers-large-naturel-set-de-2\/","name":"Vantage Paniers Large Naturel (set de 2) - H\u00fcbsch","isPartOf":{"@id":"https:\/\/hubsch-interior.com\/fr\/#website"},"primaryImageOfPage":{"@id":"https:\/\/hubsch-interior.com\/fr\/produit\/vantage-paniers-large-naturel-set-de-2\/#primaryimage"},"image":{"@id":"https:\/\/hubsch-interior.com\/fr\/produit\/vantage-paniers-large-naturel-set-de-2\/#primaryimage"},"thumbnailUrl":"https:\/\/hubsch-interior.com\/wp-content\/uploads\/2026\/02\/vantage-baskets-large-natural-set-of-2-654482bc61434b0969c419f0c45d838d.jpg","datePublished":"2020-12-15T08:33:25+00:00","dateModified":"2026-04-09T02:24:43+00:00","description":"Ces superbes Vantage Paniers Large Naturel (set de 2) sont faits de bambou et sont un ajout parfait \u00e0 toute pi\u00e8ce de votre maison. Ces paniers sont","breadcrumb":{"@id":"https:\/\/hubsch-interior.com\/fr\/produit\/vantage-paniers-large-naturel-set-de-2\/#breadcrumb"},"inLanguage":"fr-FR","potentialAction":[{"@type":"ReadAction","target":["https:\/\/hubsch-interior.com\/fr\/produit\/vantage-paniers-large-naturel-set-de-2\/"]}]},{"@type":"ImageObject","inLanguage":"fr-FR","@id":"https:\/\/hubsch-interior.com\/fr\/produit\/vantage-paniers-large-naturel-set-de-2\/#primaryimage","url":"https:\/\/hubsch-interior.com\/wp-content\/uploads\/2026\/02\/vantage-baskets-large-natural-set-of-2-654482bc61434b0969c419f0c45d838d.jpg","contentUrl":"https:\/\/hubsch-interior.com\/wp-content\/uploads\/2026\/02\/vantage-baskets-large-natural-set-of-2-654482bc61434b0969c419f0c45d838d.jpg","width":1024,"height":1024},{"@type":"BreadcrumbList","@id":"https:\/\/hubsch-interior.com\/fr\/produit\/vantage-paniers-large-naturel-set-de-2\/#breadcrumb","itemListElement":[{"@type":"ListItem","position":1,"name":"Page d'accueil","item":"https:\/\/hubsch-interior.com\/fr\/"},{"@type":"ListItem","position":2,"name":"Produits","item":"https:\/\/hubsch-interior.com\/fr\/shop-2\/"},{"@type":"ListItem","position":3,"name":"Accessoires maison","item":"https:\/\/hubsch-interior.com\/fr\/categorie-produit\/accessoires-maison\/"},{"@type":"ListItem","position":4,"name":"Espace de rangement","item":"https:\/\/hubsch-interior.com\/fr\/categorie-produit\/accessoires-maison\/espace-de-rangement-fr\/"},{"@type":"ListItem","position":5,"name":"Paniers","item":"https:\/\/hubsch-interior.com\/fr\/categorie-produit\/accessoires-maison\/espace-de-rangement-fr\/paniers-fr\/"},{"@type":"ListItem","position":6,"name":"Vantage Paniers Large Naturel (set de 2)"}]},{"@type":"WebSite","@id":"https:\/\/hubsch-interior.com\/fr\/#website","url":"https:\/\/hubsch-interior.com\/fr\/","name":"H\u00fcbsch","description":"Danish Home Interior and Design","publisher":{"@id":"https:\/\/hubsch-interior.com\/fr\/#organization"},"potentialAction":[{"@type":"SearchAction","target":{"@type":"EntryPoint","urlTemplate":"https:\/\/hubsch-interior.com\/fr\/?s={search_term_string}"},"query-input":{"@type":"PropertyValueSpecification","valueRequired":true,"valueName":"search_term_string"}}],"inLanguage":"fr-FR"},{"@type":"Organization","@id":"https:\/\/hubsch-interior.com\/fr\/#organization","name":"H\u00fcbsch","url":"https:\/\/hubsch-interior.com\/fr\/","logo":{"@type":"ImageObject","inLanguage":"fr-FR","@id":"https:\/\/hubsch-interior.com\/fr\/#\/schema\/logo\/image\/","url":"https:\/\/hubsch-interior.com\/wp-content\/uploads\/2022\/12\/Hubsch_logo_black_one_line.svg","contentUrl":"https:\/\/hubsch-interior.com\/wp-content\/uploads\/2022\/12\/Hubsch_logo_black_one_line.svg","caption":"H\u00fcbsch"},"image":{"@id":"https:\/\/hubsch-interior.com\/fr\/#\/schema\/logo\/image\/"}}]}},"_links":{"self":[{"href":"https:\/\/hubsch-interior.com\/fr\/wp-json\/wp\/v2\/product\/36878","targetHints":{"allow":["GET"]}}],"collection":[{"href":"https:\/\/hubsch-interior.com\/fr\/wp-json\/wp\/v2\/product"}],"about":[{"href":"https:\/\/hubsch-interior.com\/fr\/wp-json\/wp\/v2\/types\/product"}],"wp:featuredmedia":[{"embeddable":true,"href":"https:\/\/hubsch-interior.com\/fr\/wp-json\/wp\/v2\/media\/1095568"}],"wp:attachment":[{"href":"https:\/\/hubsch-interior.com\/fr\/wp-json\/wp\/v2\/media?parent=36878"}],"wp:term":[{"taxonomy":"product_brand","embeddable":true,"href":"https:\/\/hubsch-interior.com\/fr\/wp-json\/wp\/v2\/product_brand?post=36878"},{"taxonomy":"product_cat","embeddable":true,"href":"https:\/\/hubsch-interior.com\/fr\/wp-json\/wp\/v2\/product_cat?post=36878"},{"taxonomy":"product_tag","embeddable":true,"href":"https:\/\/hubsch-interior.com\/fr\/wp-json\/wp\/v2\/product_tag?post=36878"}],"curies":[{"name":"wp","href":"https:\/\/api.w.org\/{rel}","templated":true}]}}