{"id":379049,"date":"2021-05-06T10:28:46","date_gmt":"2021-05-06T08:28:46","guid":{"rendered":"https:\/\/hubsch-interior.com\/shop-b2c\/product\/product-6\/"},"modified":"2026-04-09T04:47:12","modified_gmt":"2026-04-09T02:47:12","slug":"split-tabouret-naturel","status":"publish","type":"product","link":"https:\/\/hubsch-interior.com\/fr\/produit\/split-tabouret-naturel\/","title":{"rendered":"Split Tabouret Naturel"},"content":{"rendered":"<p>Le Split Tabouret \u00e0 roulettes Naturel est un produit d&#8217;exception. Fabriqu\u00e9 \u00e0 partir de placage en ch\u00eane, il est certifi\u00e9 FSC, garantissant que les mat\u00e9riaux utilis\u00e9s sont de haute qualit\u00e9 et \u00e9cologiques. Ce tabouret est tr\u00e8s pratique pour le d\u00e9placer rapidement et facilement. Sa surface est durable et sa finition naturelle donne une touche moderne \u00e0 votre pi\u00e8ce. Ce tabouret est un excellent choix pour tous ceux qui recherchent un produit de qualit\u00e9 et durable.<\/p>\n","protected":false},"excerpt":{"rendered":"<p>Le Split Tabouret \u00e0 roulettes Naturel est un produit d&#8217;exception. Fabriqu\u00e9 \u00e0 partir de placage en ch\u00eane, il est certifi\u00e9 FSC, garantissant que les mat\u00e9riaux utilis\u00e9s sont de haute qualit\u00e9 et \u00e9cologiques. Ce tabouret est tr\u00e8s pratique pour le d\u00e9placer rapidement et facilement. Sa surface est durable et sa finition naturelle donne une touche moderne [&hellip;]<\/p>\n","protected":false},"featured_media":1101615,"template":"","meta":{"_acf_changed":false,"inline_featured_image":false},"product_brand":[],"product_cat":[6322,2843,3041,5026,5030],"product_tag":[],"class_list":{"0":"post-379049","1":"product","2":"type-product","3":"status-publish","4":"has-post-thumbnail","6":"product_cat-fsc-fr","7":"product_cat-assises-fr","8":"product_cat-tabouret-fr","9":"product_cat-bestsellers-fr","10":"product_cat-de-nouveau-en-stock-fr","11":"product_shipping_class-pk","13":"pa_color-naturel-2","14":"pa_material-mdf-fr","15":"pa_material-placage-de-chne-2","17":"first","18":"instock","19":"featured","20":"taxable","21":"shipping-taxable","22":"purchasable","23":"product-type-simple"},"exclude_global_add_ons":[],"addons":[],"acf":[],"yoast_head":"<!-- This site is optimized with the Yoast SEO plugin v26.4 - https:\/\/yoast.com\/wordpress\/plugins\/seo\/ -->\n<title>Split Tabouret Naturel - H\u00fcbsch<\/title>\n<meta name=\"description\" content=\"Le Split Tabouret \u00e0 roulettes Naturel est un produit d&#039;exception. Fabriqu\u00e9 \u00e0 partir de placage en ch\u00eane, il est certifi\u00e9 FSC, garantissant que les\" \/>\n<meta name=\"robots\" content=\"index, follow, max-snippet:-1, max-image-preview:large, max-video-preview:-1\" \/>\n<link rel=\"canonical\" href=\"https:\/\/hubsch-interior.com\/fr\/wp-json\/wp\/v2\/product\/379049\" \/>\n<meta property=\"og:locale\" content=\"fr_FR\" \/>\n<meta property=\"og:type\" content=\"article\" \/>\n<meta property=\"og:title\" content=\"Split Tabouret Naturel - H\u00fcbsch\" \/>\n<meta property=\"og:description\" content=\"Le Split Tabouret \u00e0 roulettes Naturel est un produit d&#039;exception. Fabriqu\u00e9 \u00e0 partir de placage en ch\u00eane, il est certifi\u00e9 FSC, garantissant que les\" \/>\n<meta property=\"og:url\" content=\"https:\/\/hubsch-interior.com\/fr\/produit\/split-tabouret-naturel\/\" \/>\n<meta property=\"og:site_name\" content=\"H\u00fcbsch\" \/>\n<meta property=\"article:modified_time\" content=\"2026-04-09T02:47:12+00:00\" \/>\n<meta property=\"og:image\" content=\"https:\/\/hubsch-interior.com\/wp-content\/uploads\/2023\/08\/split-stool-natural-5f8e62ebddee42b2b2b9f3cfb2db8df5.jpg\" \/>\n\t<meta property=\"og:image:width\" content=\"1200\" \/>\n\t<meta property=\"og:image:height\" content=\"1200\" \/>\n\t<meta property=\"og:image:type\" content=\"image\/jpeg\" \/>\n<meta name=\"twitter:card\" content=\"summary_large_image\" \/>\n<script type=\"application\/ld+json\" class=\"yoast-schema-graph\">{\"@context\":\"https:\/\/schema.org\",\"@graph\":[{\"@type\":\"WebPage\",\"@id\":\"https:\/\/hubsch-interior.com\/fr\/produit\/split-tabouret-naturel\/\",\"url\":\"https:\/\/hubsch-interior.com\/fr\/produit\/split-tabouret-naturel\/\",\"name\":\"Split Tabouret Naturel - H\u00fcbsch\",\"isPartOf\":{\"@id\":\"https:\/\/hubsch-interior.com\/fr\/#website\"},\"primaryImageOfPage\":{\"@id\":\"https:\/\/hubsch-interior.com\/fr\/produit\/split-tabouret-naturel\/#primaryimage\"},\"image\":{\"@id\":\"https:\/\/hubsch-interior.com\/fr\/produit\/split-tabouret-naturel\/#primaryimage\"},\"thumbnailUrl\":\"https:\/\/hubsch-interior.com\/wp-content\/uploads\/2026\/02\/split-stool-natural-840890f10735035d408c937f7dc9c22f.jpg\",\"datePublished\":\"2021-05-06T08:28:46+00:00\",\"dateModified\":\"2026-04-09T02:47:12+00:00\",\"description\":\"Le Split Tabouret \u00e0 roulettes Naturel est un produit d'exception. Fabriqu\u00e9 \u00e0 partir de placage en ch\u00eane, il est certifi\u00e9 FSC, garantissant que les\",\"breadcrumb\":{\"@id\":\"https:\/\/hubsch-interior.com\/fr\/produit\/split-tabouret-naturel\/#breadcrumb\"},\"inLanguage\":\"fr-FR\",\"potentialAction\":[{\"@type\":\"ReadAction\",\"target\":[\"https:\/\/hubsch-interior.com\/fr\/produit\/split-tabouret-naturel\/\"]}]},{\"@type\":\"ImageObject\",\"inLanguage\":\"fr-FR\",\"@id\":\"https:\/\/hubsch-interior.com\/fr\/produit\/split-tabouret-naturel\/#primaryimage\",\"url\":\"https:\/\/hubsch-interior.com\/wp-content\/uploads\/2026\/02\/split-stool-natural-840890f10735035d408c937f7dc9c22f.jpg\",\"contentUrl\":\"https:\/\/hubsch-interior.com\/wp-content\/uploads\/2026\/02\/split-stool-natural-840890f10735035d408c937f7dc9c22f.jpg\",\"width\":1024,\"height\":1024},{\"@type\":\"BreadcrumbList\",\"@id\":\"https:\/\/hubsch-interior.com\/fr\/produit\/split-tabouret-naturel\/#breadcrumb\",\"itemListElement\":[{\"@type\":\"ListItem\",\"position\":1,\"name\":\"Page d'accueil\",\"item\":\"https:\/\/hubsch-interior.com\/fr\/\"},{\"@type\":\"ListItem\",\"position\":2,\"name\":\"Produits\",\"item\":\"https:\/\/hubsch-interior.com\/fr\/shop-2\/\"},{\"@type\":\"ListItem\",\"position\":3,\"name\":\"Meubles\",\"item\":\"https:\/\/hubsch-interior.com\/fr\/categorie-produit\/meubles\/\"},{\"@type\":\"ListItem\",\"position\":4,\"name\":\"Assises\",\"item\":\"https:\/\/hubsch-interior.com\/fr\/categorie-produit\/meubles\/assises-fr\/\"},{\"@type\":\"ListItem\",\"position\":5,\"name\":\"Tabouret\",\"item\":\"https:\/\/hubsch-interior.com\/fr\/categorie-produit\/meubles\/assises-fr\/tabouret-fr\/\"},{\"@type\":\"ListItem\",\"position\":6,\"name\":\"Split Tabouret Naturel\"}]},{\"@type\":\"WebSite\",\"@id\":\"https:\/\/hubsch-interior.com\/fr\/#website\",\"url\":\"https:\/\/hubsch-interior.com\/fr\/\",\"name\":\"H\u00fcbsch\",\"description\":\"Danish Home Interior and Design\",\"publisher\":{\"@id\":\"https:\/\/hubsch-interior.com\/fr\/#organization\"},\"potentialAction\":[{\"@type\":\"SearchAction\",\"target\":{\"@type\":\"EntryPoint\",\"urlTemplate\":\"https:\/\/hubsch-interior.com\/fr\/?s={search_term_string}\"},\"query-input\":{\"@type\":\"PropertyValueSpecification\",\"valueRequired\":true,\"valueName\":\"search_term_string\"}}],\"inLanguage\":\"fr-FR\"},{\"@type\":\"Organization\",\"@id\":\"https:\/\/hubsch-interior.com\/fr\/#organization\",\"name\":\"H\u00fcbsch\",\"url\":\"https:\/\/hubsch-interior.com\/fr\/\",\"logo\":{\"@type\":\"ImageObject\",\"inLanguage\":\"fr-FR\",\"@id\":\"https:\/\/hubsch-interior.com\/fr\/#\/schema\/logo\/image\/\",\"url\":\"https:\/\/hubsch-interior.com\/wp-content\/uploads\/2022\/12\/Hubsch_logo_black_one_line.svg\",\"contentUrl\":\"https:\/\/hubsch-interior.com\/wp-content\/uploads\/2022\/12\/Hubsch_logo_black_one_line.svg\",\"caption\":\"H\u00fcbsch\"},\"image\":{\"@id\":\"https:\/\/hubsch-interior.com\/fr\/#\/schema\/logo\/image\/\"}}]}<\/script>\n<!-- \/ Yoast SEO plugin. -->","yoast_head_json":{"title":"Split Tabouret Naturel - H\u00fcbsch","description":"Le Split Tabouret \u00e0 roulettes Naturel est un produit d'exception. Fabriqu\u00e9 \u00e0 partir de placage en ch\u00eane, il est certifi\u00e9 FSC, garantissant que les","robots":{"index":"index","follow":"follow","max-snippet":"max-snippet:-1","max-image-preview":"max-image-preview:large","max-video-preview":"max-video-preview:-1"},"canonical":"https:\/\/hubsch-interior.com\/fr\/wp-json\/wp\/v2\/product\/379049","og_locale":"fr_FR","og_type":"article","og_title":"Split Tabouret Naturel - H\u00fcbsch","og_description":"Le Split Tabouret \u00e0 roulettes Naturel est un produit d'exception. Fabriqu\u00e9 \u00e0 partir de placage en ch\u00eane, il est certifi\u00e9 FSC, garantissant que les","og_url":"https:\/\/hubsch-interior.com\/fr\/produit\/split-tabouret-naturel\/","og_site_name":"H\u00fcbsch","article_modified_time":"2026-04-09T02:47:12+00:00","og_image":[{"width":1200,"height":1200,"url":"https:\/\/hubsch-interior.com\/wp-content\/uploads\/2023\/08\/split-stool-natural-5f8e62ebddee42b2b2b9f3cfb2db8df5.jpg","type":"image\/jpeg"}],"twitter_card":"summary_large_image","schema":{"@context":"https:\/\/schema.org","@graph":[{"@type":"WebPage","@id":"https:\/\/hubsch-interior.com\/fr\/produit\/split-tabouret-naturel\/","url":"https:\/\/hubsch-interior.com\/fr\/produit\/split-tabouret-naturel\/","name":"Split Tabouret Naturel - H\u00fcbsch","isPartOf":{"@id":"https:\/\/hubsch-interior.com\/fr\/#website"},"primaryImageOfPage":{"@id":"https:\/\/hubsch-interior.com\/fr\/produit\/split-tabouret-naturel\/#primaryimage"},"image":{"@id":"https:\/\/hubsch-interior.com\/fr\/produit\/split-tabouret-naturel\/#primaryimage"},"thumbnailUrl":"https:\/\/hubsch-interior.com\/wp-content\/uploads\/2026\/02\/split-stool-natural-840890f10735035d408c937f7dc9c22f.jpg","datePublished":"2021-05-06T08:28:46+00:00","dateModified":"2026-04-09T02:47:12+00:00","description":"Le Split Tabouret \u00e0 roulettes Naturel est un produit d'exception. Fabriqu\u00e9 \u00e0 partir de placage en ch\u00eane, il est certifi\u00e9 FSC, garantissant que les","breadcrumb":{"@id":"https:\/\/hubsch-interior.com\/fr\/produit\/split-tabouret-naturel\/#breadcrumb"},"inLanguage":"fr-FR","potentialAction":[{"@type":"ReadAction","target":["https:\/\/hubsch-interior.com\/fr\/produit\/split-tabouret-naturel\/"]}]},{"@type":"ImageObject","inLanguage":"fr-FR","@id":"https:\/\/hubsch-interior.com\/fr\/produit\/split-tabouret-naturel\/#primaryimage","url":"https:\/\/hubsch-interior.com\/wp-content\/uploads\/2026\/02\/split-stool-natural-840890f10735035d408c937f7dc9c22f.jpg","contentUrl":"https:\/\/hubsch-interior.com\/wp-content\/uploads\/2026\/02\/split-stool-natural-840890f10735035d408c937f7dc9c22f.jpg","width":1024,"height":1024},{"@type":"BreadcrumbList","@id":"https:\/\/hubsch-interior.com\/fr\/produit\/split-tabouret-naturel\/#breadcrumb","itemListElement":[{"@type":"ListItem","position":1,"name":"Page d'accueil","item":"https:\/\/hubsch-interior.com\/fr\/"},{"@type":"ListItem","position":2,"name":"Produits","item":"https:\/\/hubsch-interior.com\/fr\/shop-2\/"},{"@type":"ListItem","position":3,"name":"Meubles","item":"https:\/\/hubsch-interior.com\/fr\/categorie-produit\/meubles\/"},{"@type":"ListItem","position":4,"name":"Assises","item":"https:\/\/hubsch-interior.com\/fr\/categorie-produit\/meubles\/assises-fr\/"},{"@type":"ListItem","position":5,"name":"Tabouret","item":"https:\/\/hubsch-interior.com\/fr\/categorie-produit\/meubles\/assises-fr\/tabouret-fr\/"},{"@type":"ListItem","position":6,"name":"Split Tabouret Naturel"}]},{"@type":"WebSite","@id":"https:\/\/hubsch-interior.com\/fr\/#website","url":"https:\/\/hubsch-interior.com\/fr\/","name":"H\u00fcbsch","description":"Danish Home Interior and Design","publisher":{"@id":"https:\/\/hubsch-interior.com\/fr\/#organization"},"potentialAction":[{"@type":"SearchAction","target":{"@type":"EntryPoint","urlTemplate":"https:\/\/hubsch-interior.com\/fr\/?s={search_term_string}"},"query-input":{"@type":"PropertyValueSpecification","valueRequired":true,"valueName":"search_term_string"}}],"inLanguage":"fr-FR"},{"@type":"Organization","@id":"https:\/\/hubsch-interior.com\/fr\/#organization","name":"H\u00fcbsch","url":"https:\/\/hubsch-interior.com\/fr\/","logo":{"@type":"ImageObject","inLanguage":"fr-FR","@id":"https:\/\/hubsch-interior.com\/fr\/#\/schema\/logo\/image\/","url":"https:\/\/hubsch-interior.com\/wp-content\/uploads\/2022\/12\/Hubsch_logo_black_one_line.svg","contentUrl":"https:\/\/hubsch-interior.com\/wp-content\/uploads\/2022\/12\/Hubsch_logo_black_one_line.svg","caption":"H\u00fcbsch"},"image":{"@id":"https:\/\/hubsch-interior.com\/fr\/#\/schema\/logo\/image\/"}}]}},"_links":{"self":[{"href":"https:\/\/hubsch-interior.com\/fr\/wp-json\/wp\/v2\/product\/379049","targetHints":{"allow":["GET"]}}],"collection":[{"href":"https:\/\/hubsch-interior.com\/fr\/wp-json\/wp\/v2\/product"}],"about":[{"href":"https:\/\/hubsch-interior.com\/fr\/wp-json\/wp\/v2\/types\/product"}],"wp:featuredmedia":[{"embeddable":true,"href":"https:\/\/hubsch-interior.com\/fr\/wp-json\/wp\/v2\/media\/1101615"}],"wp:attachment":[{"href":"https:\/\/hubsch-interior.com\/fr\/wp-json\/wp\/v2\/media?parent=379049"}],"wp:term":[{"taxonomy":"product_brand","embeddable":true,"href":"https:\/\/hubsch-interior.com\/fr\/wp-json\/wp\/v2\/product_brand?post=379049"},{"taxonomy":"product_cat","embeddable":true,"href":"https:\/\/hubsch-interior.com\/fr\/wp-json\/wp\/v2\/product_cat?post=379049"},{"taxonomy":"product_tag","embeddable":true,"href":"https:\/\/hubsch-interior.com\/fr\/wp-json\/wp\/v2\/product_tag?post=379049"}],"curies":[{"name":"wp","href":"https:\/\/api.w.org\/{rel}","templated":true}]}}