{"id":386820,"date":"2021-06-04T09:39:40","date_gmt":"2021-06-04T07:39:40","guid":{"rendered":"https:\/\/hubsch-interior.com\/shop-b2c\/product\/product-6\/"},"modified":"2026-04-09T04:15:16","modified_gmt":"2026-04-09T02:15:16","slug":"norm-banc-noir","status":"publish","type":"product","link":"https:\/\/hubsch-interior.com\/fr\/produit\/norm-banc-noir\/","title":{"rendered":"Norm Banc Noir"},"content":{"rendered":"<p>Pr\u00e9sentant le banc Norm Noir &#8211; une solution de si\u00e8ge ultra-moderne et confortable pour votre maison. Ce banc \u00e9l\u00e9gant est certifi\u00e9 FSC, ce qui garantit qu&#8217;il est fabriqu\u00e9 \u00e0 partir de mat\u00e9riaux provenant de sources responsables. Il r\u00e9pond \u00e9galement aux normes OEKO-TEX\u00ae STANDARD 100, garantissant qu&#8217;il est exempt de mat\u00e9riaux dangereux. Le banc Norm Noir est parfait pour ajouter une touche moderne \u00e0 n&#8217;importe quel salon ou chambre \u00e0 coucher et sera certainement une addition confortable et \u00e9l\u00e9gante \u00e0 votre maison. Il est fabriqu\u00e9 \u00e0 partir d&#8217;une combinaison de coton, bois d&#8217;eucalyptus, m\u00e9tal, nylon et polyester pour un confort et une durabilit\u00e9 maximale. Le banc Norm Noir est le choix parfait pour votre maison.<\/p>\n","protected":false},"excerpt":{"rendered":"<p>Pr\u00e9sentant le banc Norm Noir &#8211; une solution de si\u00e8ge ultra-moderne et confortable pour votre maison. Ce banc \u00e9l\u00e9gant est certifi\u00e9 FSC, ce qui garantit qu&#8217;il est fabriqu\u00e9 \u00e0 partir de mat\u00e9riaux provenant de sources responsables. Il r\u00e9pond \u00e9galement aux normes OEKO-TEX\u00ae STANDARD 100, garantissant qu&#8217;il est exempt de mat\u00e9riaux dangereux. Le banc Norm Noir [&hellip;]<\/p>\n","protected":false},"featured_media":1094107,"template":"","meta":{"_acf_changed":false,"inline_featured_image":false},"product_brand":[],"product_cat":[6322,2843,2877],"product_tag":[],"class_list":{"0":"post-386820","1":"product","2":"type-product","3":"status-publish","4":"has-post-thumbnail","6":"product_cat-fsc-fr","7":"product_cat-assises-fr","8":"product_cat-bancs-fr","9":"product_shipping_class-p05","11":"pa_color-noir","12":"pa_material-cotton-5-fr","13":"pa_material-fer-fr","14":"pa_material-nylon-5-fr","15":"pa_material-polyester-90-fr","16":"pa_material-bois-deucalyptus","18":"first","19":"instock","20":"taxable","21":"shipping-taxable","22":"purchasable","23":"product-type-simple"},"exclude_global_add_ons":[],"addons":[],"acf":[],"yoast_head":"<!-- This site is optimized with the Yoast SEO plugin v26.4 - https:\/\/yoast.com\/wordpress\/plugins\/seo\/ -->\n<title>Norm Banc Noir - H\u00fcbsch<\/title>\n<meta name=\"description\" content=\"Pr\u00e9sentant le banc Norm Noir - une solution de si\u00e8ge ultra-moderne et confortable pour votre maison. Ce banc \u00e9l\u00e9gant est certifi\u00e9 FSC, ce qui garantit\" \/>\n<meta name=\"robots\" content=\"index, follow, max-snippet:-1, max-image-preview:large, max-video-preview:-1\" \/>\n<link rel=\"canonical\" href=\"https:\/\/hubsch-interior.com\/fr\/wp-json\/wp\/v2\/product\/386820\" \/>\n<meta property=\"og:locale\" content=\"fr_FR\" \/>\n<meta property=\"og:type\" content=\"article\" \/>\n<meta property=\"og:title\" content=\"Norm Banc Noir - H\u00fcbsch\" \/>\n<meta property=\"og:description\" content=\"Pr\u00e9sentant le banc Norm Noir - une solution de si\u00e8ge ultra-moderne et confortable pour votre maison. Ce banc \u00e9l\u00e9gant est certifi\u00e9 FSC, ce qui garantit\" \/>\n<meta property=\"og:url\" content=\"https:\/\/hubsch-interior.com\/fr\/produit\/norm-banc-noir\/\" \/>\n<meta property=\"og:site_name\" content=\"H\u00fcbsch\" \/>\n<meta property=\"article:modified_time\" content=\"2026-04-09T02:15:16+00:00\" \/>\n<meta property=\"og:image\" content=\"https:\/\/hubsch-interior.com\/wp-content\/uploads\/2024\/05\/norm-bench-black-db0503fdcb11424a24687f749e1506ce.jpg\" \/>\n\t<meta property=\"og:image:width\" content=\"1200\" \/>\n\t<meta property=\"og:image:height\" content=\"1200\" \/>\n\t<meta property=\"og:image:type\" content=\"image\/jpeg\" \/>\n<meta name=\"twitter:card\" content=\"summary_large_image\" \/>\n<meta name=\"twitter:label1\" content=\"Dur\u00e9e de lecture estim\u00e9e\" \/>\n\t<meta name=\"twitter:data1\" content=\"1 minute\" \/>\n<script type=\"application\/ld+json\" class=\"yoast-schema-graph\">{\"@context\":\"https:\/\/schema.org\",\"@graph\":[{\"@type\":\"WebPage\",\"@id\":\"https:\/\/hubsch-interior.com\/fr\/produit\/norm-banc-noir\/\",\"url\":\"https:\/\/hubsch-interior.com\/fr\/produit\/norm-banc-noir\/\",\"name\":\"Norm Banc Noir - H\u00fcbsch\",\"isPartOf\":{\"@id\":\"https:\/\/hubsch-interior.com\/fr\/#website\"},\"primaryImageOfPage\":{\"@id\":\"https:\/\/hubsch-interior.com\/fr\/produit\/norm-banc-noir\/#primaryimage\"},\"image\":{\"@id\":\"https:\/\/hubsch-interior.com\/fr\/produit\/norm-banc-noir\/#primaryimage\"},\"thumbnailUrl\":\"https:\/\/hubsch-interior.com\/wp-content\/uploads\/2026\/02\/norm-bench-black-31483994abfc9057f98eb7c6eb79263b.jpg\",\"datePublished\":\"2021-06-04T07:39:40+00:00\",\"dateModified\":\"2026-04-09T02:15:16+00:00\",\"description\":\"Pr\u00e9sentant le banc Norm Noir - une solution de si\u00e8ge ultra-moderne et confortable pour votre maison. Ce banc \u00e9l\u00e9gant est certifi\u00e9 FSC, ce qui garantit\",\"breadcrumb\":{\"@id\":\"https:\/\/hubsch-interior.com\/fr\/produit\/norm-banc-noir\/#breadcrumb\"},\"inLanguage\":\"fr-FR\",\"potentialAction\":[{\"@type\":\"ReadAction\",\"target\":[\"https:\/\/hubsch-interior.com\/fr\/produit\/norm-banc-noir\/\"]}]},{\"@type\":\"ImageObject\",\"inLanguage\":\"fr-FR\",\"@id\":\"https:\/\/hubsch-interior.com\/fr\/produit\/norm-banc-noir\/#primaryimage\",\"url\":\"https:\/\/hubsch-interior.com\/wp-content\/uploads\/2026\/02\/norm-bench-black-31483994abfc9057f98eb7c6eb79263b.jpg\",\"contentUrl\":\"https:\/\/hubsch-interior.com\/wp-content\/uploads\/2026\/02\/norm-bench-black-31483994abfc9057f98eb7c6eb79263b.jpg\",\"width\":1024,\"height\":1024},{\"@type\":\"BreadcrumbList\",\"@id\":\"https:\/\/hubsch-interior.com\/fr\/produit\/norm-banc-noir\/#breadcrumb\",\"itemListElement\":[{\"@type\":\"ListItem\",\"position\":1,\"name\":\"Page d'accueil\",\"item\":\"https:\/\/hubsch-interior.com\/fr\/\"},{\"@type\":\"ListItem\",\"position\":2,\"name\":\"Produits\",\"item\":\"https:\/\/hubsch-interior.com\/fr\/shop-2\/\"},{\"@type\":\"ListItem\",\"position\":3,\"name\":\"Meubles\",\"item\":\"https:\/\/hubsch-interior.com\/fr\/categorie-produit\/meubles\/\"},{\"@type\":\"ListItem\",\"position\":4,\"name\":\"Assises\",\"item\":\"https:\/\/hubsch-interior.com\/fr\/categorie-produit\/meubles\/assises-fr\/\"},{\"@type\":\"ListItem\",\"position\":5,\"name\":\"Bancs\",\"item\":\"https:\/\/hubsch-interior.com\/fr\/categorie-produit\/meubles\/assises-fr\/bancs-fr\/\"},{\"@type\":\"ListItem\",\"position\":6,\"name\":\"Norm Banc Noir\"}]},{\"@type\":\"WebSite\",\"@id\":\"https:\/\/hubsch-interior.com\/fr\/#website\",\"url\":\"https:\/\/hubsch-interior.com\/fr\/\",\"name\":\"H\u00fcbsch\",\"description\":\"Danish Home Interior and Design\",\"publisher\":{\"@id\":\"https:\/\/hubsch-interior.com\/fr\/#organization\"},\"potentialAction\":[{\"@type\":\"SearchAction\",\"target\":{\"@type\":\"EntryPoint\",\"urlTemplate\":\"https:\/\/hubsch-interior.com\/fr\/?s={search_term_string}\"},\"query-input\":{\"@type\":\"PropertyValueSpecification\",\"valueRequired\":true,\"valueName\":\"search_term_string\"}}],\"inLanguage\":\"fr-FR\"},{\"@type\":\"Organization\",\"@id\":\"https:\/\/hubsch-interior.com\/fr\/#organization\",\"name\":\"H\u00fcbsch\",\"url\":\"https:\/\/hubsch-interior.com\/fr\/\",\"logo\":{\"@type\":\"ImageObject\",\"inLanguage\":\"fr-FR\",\"@id\":\"https:\/\/hubsch-interior.com\/fr\/#\/schema\/logo\/image\/\",\"url\":\"https:\/\/hubsch-interior.com\/wp-content\/uploads\/2022\/12\/Hubsch_logo_black_one_line.svg\",\"contentUrl\":\"https:\/\/hubsch-interior.com\/wp-content\/uploads\/2022\/12\/Hubsch_logo_black_one_line.svg\",\"caption\":\"H\u00fcbsch\"},\"image\":{\"@id\":\"https:\/\/hubsch-interior.com\/fr\/#\/schema\/logo\/image\/\"}}]}<\/script>\n<!-- \/ Yoast SEO plugin. -->","yoast_head_json":{"title":"Norm Banc Noir - H\u00fcbsch","description":"Pr\u00e9sentant le banc Norm Noir - une solution de si\u00e8ge ultra-moderne et confortable pour votre maison. Ce banc \u00e9l\u00e9gant est certifi\u00e9 FSC, ce qui garantit","robots":{"index":"index","follow":"follow","max-snippet":"max-snippet:-1","max-image-preview":"max-image-preview:large","max-video-preview":"max-video-preview:-1"},"canonical":"https:\/\/hubsch-interior.com\/fr\/wp-json\/wp\/v2\/product\/386820","og_locale":"fr_FR","og_type":"article","og_title":"Norm Banc Noir - H\u00fcbsch","og_description":"Pr\u00e9sentant le banc Norm Noir - une solution de si\u00e8ge ultra-moderne et confortable pour votre maison. Ce banc \u00e9l\u00e9gant est certifi\u00e9 FSC, ce qui garantit","og_url":"https:\/\/hubsch-interior.com\/fr\/produit\/norm-banc-noir\/","og_site_name":"H\u00fcbsch","article_modified_time":"2026-04-09T02:15:16+00:00","og_image":[{"width":1200,"height":1200,"url":"https:\/\/hubsch-interior.com\/wp-content\/uploads\/2024\/05\/norm-bench-black-db0503fdcb11424a24687f749e1506ce.jpg","type":"image\/jpeg"}],"twitter_card":"summary_large_image","twitter_misc":{"Dur\u00e9e de lecture estim\u00e9e":"1 minute"},"schema":{"@context":"https:\/\/schema.org","@graph":[{"@type":"WebPage","@id":"https:\/\/hubsch-interior.com\/fr\/produit\/norm-banc-noir\/","url":"https:\/\/hubsch-interior.com\/fr\/produit\/norm-banc-noir\/","name":"Norm Banc Noir - H\u00fcbsch","isPartOf":{"@id":"https:\/\/hubsch-interior.com\/fr\/#website"},"primaryImageOfPage":{"@id":"https:\/\/hubsch-interior.com\/fr\/produit\/norm-banc-noir\/#primaryimage"},"image":{"@id":"https:\/\/hubsch-interior.com\/fr\/produit\/norm-banc-noir\/#primaryimage"},"thumbnailUrl":"https:\/\/hubsch-interior.com\/wp-content\/uploads\/2026\/02\/norm-bench-black-31483994abfc9057f98eb7c6eb79263b.jpg","datePublished":"2021-06-04T07:39:40+00:00","dateModified":"2026-04-09T02:15:16+00:00","description":"Pr\u00e9sentant le banc Norm Noir - une solution de si\u00e8ge ultra-moderne et confortable pour votre maison. Ce banc \u00e9l\u00e9gant est certifi\u00e9 FSC, ce qui garantit","breadcrumb":{"@id":"https:\/\/hubsch-interior.com\/fr\/produit\/norm-banc-noir\/#breadcrumb"},"inLanguage":"fr-FR","potentialAction":[{"@type":"ReadAction","target":["https:\/\/hubsch-interior.com\/fr\/produit\/norm-banc-noir\/"]}]},{"@type":"ImageObject","inLanguage":"fr-FR","@id":"https:\/\/hubsch-interior.com\/fr\/produit\/norm-banc-noir\/#primaryimage","url":"https:\/\/hubsch-interior.com\/wp-content\/uploads\/2026\/02\/norm-bench-black-31483994abfc9057f98eb7c6eb79263b.jpg","contentUrl":"https:\/\/hubsch-interior.com\/wp-content\/uploads\/2026\/02\/norm-bench-black-31483994abfc9057f98eb7c6eb79263b.jpg","width":1024,"height":1024},{"@type":"BreadcrumbList","@id":"https:\/\/hubsch-interior.com\/fr\/produit\/norm-banc-noir\/#breadcrumb","itemListElement":[{"@type":"ListItem","position":1,"name":"Page d'accueil","item":"https:\/\/hubsch-interior.com\/fr\/"},{"@type":"ListItem","position":2,"name":"Produits","item":"https:\/\/hubsch-interior.com\/fr\/shop-2\/"},{"@type":"ListItem","position":3,"name":"Meubles","item":"https:\/\/hubsch-interior.com\/fr\/categorie-produit\/meubles\/"},{"@type":"ListItem","position":4,"name":"Assises","item":"https:\/\/hubsch-interior.com\/fr\/categorie-produit\/meubles\/assises-fr\/"},{"@type":"ListItem","position":5,"name":"Bancs","item":"https:\/\/hubsch-interior.com\/fr\/categorie-produit\/meubles\/assises-fr\/bancs-fr\/"},{"@type":"ListItem","position":6,"name":"Norm Banc Noir"}]},{"@type":"WebSite","@id":"https:\/\/hubsch-interior.com\/fr\/#website","url":"https:\/\/hubsch-interior.com\/fr\/","name":"H\u00fcbsch","description":"Danish Home Interior and Design","publisher":{"@id":"https:\/\/hubsch-interior.com\/fr\/#organization"},"potentialAction":[{"@type":"SearchAction","target":{"@type":"EntryPoint","urlTemplate":"https:\/\/hubsch-interior.com\/fr\/?s={search_term_string}"},"query-input":{"@type":"PropertyValueSpecification","valueRequired":true,"valueName":"search_term_string"}}],"inLanguage":"fr-FR"},{"@type":"Organization","@id":"https:\/\/hubsch-interior.com\/fr\/#organization","name":"H\u00fcbsch","url":"https:\/\/hubsch-interior.com\/fr\/","logo":{"@type":"ImageObject","inLanguage":"fr-FR","@id":"https:\/\/hubsch-interior.com\/fr\/#\/schema\/logo\/image\/","url":"https:\/\/hubsch-interior.com\/wp-content\/uploads\/2022\/12\/Hubsch_logo_black_one_line.svg","contentUrl":"https:\/\/hubsch-interior.com\/wp-content\/uploads\/2022\/12\/Hubsch_logo_black_one_line.svg","caption":"H\u00fcbsch"},"image":{"@id":"https:\/\/hubsch-interior.com\/fr\/#\/schema\/logo\/image\/"}}]}},"_links":{"self":[{"href":"https:\/\/hubsch-interior.com\/fr\/wp-json\/wp\/v2\/product\/386820","targetHints":{"allow":["GET"]}}],"collection":[{"href":"https:\/\/hubsch-interior.com\/fr\/wp-json\/wp\/v2\/product"}],"about":[{"href":"https:\/\/hubsch-interior.com\/fr\/wp-json\/wp\/v2\/types\/product"}],"wp:featuredmedia":[{"embeddable":true,"href":"https:\/\/hubsch-interior.com\/fr\/wp-json\/wp\/v2\/media\/1094107"}],"wp:attachment":[{"href":"https:\/\/hubsch-interior.com\/fr\/wp-json\/wp\/v2\/media?parent=386820"}],"wp:term":[{"taxonomy":"product_brand","embeddable":true,"href":"https:\/\/hubsch-interior.com\/fr\/wp-json\/wp\/v2\/product_brand?post=386820"},{"taxonomy":"product_cat","embeddable":true,"href":"https:\/\/hubsch-interior.com\/fr\/wp-json\/wp\/v2\/product_cat?post=386820"},{"taxonomy":"product_tag","embeddable":true,"href":"https:\/\/hubsch-interior.com\/fr\/wp-json\/wp\/v2\/product_tag?post=386820"}],"curies":[{"name":"wp","href":"https:\/\/api.w.org\/{rel}","templated":true}]}}