{"id":386936,"date":"2021-06-04T09:40:10","date_gmt":"2021-06-04T07:40:10","guid":{"rendered":"https:\/\/hubsch-interior.com\/shop-b2c\/product\/product-6\/"},"modified":"2026-04-09T04:15:31","modified_gmt":"2026-04-09T02:15:31","slug":"ash-banc-noir","status":"publish","type":"product","link":"https:\/\/hubsch-interior.com\/fr\/produit\/ash-banc-noir\/","title":{"rendered":"Ash Banc Noir"},"content":{"rendered":"<p>Le banc Ash Banc Noir est fabriqu\u00e9 \u00e0 partir de bois d&#8217;\u00e9rable et de m\u00e9tal. Il est certifi\u00e9 FSC et affiche une couleur noire \u00e9l\u00e9gante. Son design est \u00e0 la fois intemporel et moderne, il est la pi\u00e8ce id\u00e9ale pour ajouter une touche chic \u00e0 votre int\u00e9rieur. Avec ses pieds en m\u00e9tal et ses lignes droites, le banc Ash Banc Noir est robuste et durable. Son assise est assez large pour accueillir jusqu&#8217;\u00e0 deux personnes. Un must-have pour donner du style \u00e0 votre maison.<\/p>\n","protected":false},"excerpt":{"rendered":"<p>Le banc Ash Banc Noir est fabriqu\u00e9 \u00e0 partir de bois d&#8217;\u00e9rable et de m\u00e9tal. Il est certifi\u00e9 FSC et affiche une couleur noire \u00e9l\u00e9gante. Son design est \u00e0 la fois intemporel et moderne, il est la pi\u00e8ce id\u00e9ale pour ajouter une touche chic \u00e0 votre int\u00e9rieur. Avec ses pieds en m\u00e9tal et ses lignes [&hellip;]<\/p>\n","protected":false},"featured_media":1094189,"template":"","meta":{"_acf_changed":false,"inline_featured_image":false},"product_brand":[],"product_cat":[6322,2843,2877,5026],"product_tag":[],"class_list":{"0":"post-386936","1":"product","2":"type-product","3":"status-publish","4":"has-post-thumbnail","6":"product_cat-fsc-fr","7":"product_cat-assises-fr","8":"product_cat-bancs-fr","9":"product_cat-bestsellers-fr","10":"product_shipping_class-pk","12":"pa_color-noir","13":"pa_material-fer-fr","14":"pa_material-bois-de-frne","16":"first","17":"instock","18":"featured","19":"taxable","20":"shipping-taxable","21":"purchasable","22":"product-type-simple"},"exclude_global_add_ons":[],"addons":[],"acf":[],"yoast_head":"<!-- This site is optimized with the Yoast SEO plugin v26.4 - https:\/\/yoast.com\/wordpress\/plugins\/seo\/ -->\n<title>Ash Banc Noir - H\u00fcbsch<\/title>\n<meta name=\"description\" content=\"Le banc Ash Banc Noir est fabriqu\u00e9 \u00e0 partir de bois d&#039;\u00e9rable et de m\u00e9tal. Il est certifi\u00e9 FSC et affiche une couleur noire \u00e9l\u00e9gante. Son design est \u00e0 la\" \/>\n<meta name=\"robots\" content=\"index, follow, max-snippet:-1, max-image-preview:large, max-video-preview:-1\" \/>\n<link rel=\"canonical\" href=\"https:\/\/hubsch-interior.com\/fr\/wp-json\/wp\/v2\/product\/386936\" \/>\n<meta property=\"og:locale\" content=\"fr_FR\" \/>\n<meta property=\"og:type\" content=\"article\" \/>\n<meta property=\"og:title\" content=\"Ash Banc Noir - H\u00fcbsch\" \/>\n<meta property=\"og:description\" content=\"Le banc Ash Banc Noir est fabriqu\u00e9 \u00e0 partir de bois d&#039;\u00e9rable et de m\u00e9tal. Il est certifi\u00e9 FSC et affiche une couleur noire \u00e9l\u00e9gante. Son design est \u00e0 la\" \/>\n<meta property=\"og:url\" content=\"https:\/\/hubsch-interior.com\/fr\/produit\/ash-banc-noir\/\" \/>\n<meta property=\"og:site_name\" content=\"H\u00fcbsch\" \/>\n<meta property=\"article:modified_time\" content=\"2026-04-09T02:15:31+00:00\" \/>\n<meta property=\"og:image\" content=\"https:\/\/hubsch-interior.com\/wp-content\/uploads\/2024\/04\/ash-bench-black-96fcdd2f756c94ef6de08dce8fee0a4c.jpg\" \/>\n\t<meta property=\"og:image:width\" content=\"1200\" \/>\n\t<meta property=\"og:image:height\" content=\"1200\" \/>\n\t<meta property=\"og:image:type\" content=\"image\/jpeg\" \/>\n<meta name=\"twitter:card\" content=\"summary_large_image\" \/>\n<script type=\"application\/ld+json\" class=\"yoast-schema-graph\">{\"@context\":\"https:\/\/schema.org\",\"@graph\":[{\"@type\":\"WebPage\",\"@id\":\"https:\/\/hubsch-interior.com\/fr\/produit\/ash-banc-noir\/\",\"url\":\"https:\/\/hubsch-interior.com\/fr\/produit\/ash-banc-noir\/\",\"name\":\"Ash Banc Noir - H\u00fcbsch\",\"isPartOf\":{\"@id\":\"https:\/\/hubsch-interior.com\/fr\/#website\"},\"primaryImageOfPage\":{\"@id\":\"https:\/\/hubsch-interior.com\/fr\/produit\/ash-banc-noir\/#primaryimage\"},\"image\":{\"@id\":\"https:\/\/hubsch-interior.com\/fr\/produit\/ash-banc-noir\/#primaryimage\"},\"thumbnailUrl\":\"https:\/\/hubsch-interior.com\/wp-content\/uploads\/2026\/02\/ash-bench-black-584a07d8b2588fbbb6cf4e12739b0858.jpg\",\"datePublished\":\"2021-06-04T07:40:10+00:00\",\"dateModified\":\"2026-04-09T02:15:31+00:00\",\"description\":\"Le banc Ash Banc Noir est fabriqu\u00e9 \u00e0 partir de bois d'\u00e9rable et de m\u00e9tal. Il est certifi\u00e9 FSC et affiche une couleur noire \u00e9l\u00e9gante. Son design est \u00e0 la\",\"breadcrumb\":{\"@id\":\"https:\/\/hubsch-interior.com\/fr\/produit\/ash-banc-noir\/#breadcrumb\"},\"inLanguage\":\"fr-FR\",\"potentialAction\":[{\"@type\":\"ReadAction\",\"target\":[\"https:\/\/hubsch-interior.com\/fr\/produit\/ash-banc-noir\/\"]}]},{\"@type\":\"ImageObject\",\"inLanguage\":\"fr-FR\",\"@id\":\"https:\/\/hubsch-interior.com\/fr\/produit\/ash-banc-noir\/#primaryimage\",\"url\":\"https:\/\/hubsch-interior.com\/wp-content\/uploads\/2026\/02\/ash-bench-black-584a07d8b2588fbbb6cf4e12739b0858.jpg\",\"contentUrl\":\"https:\/\/hubsch-interior.com\/wp-content\/uploads\/2026\/02\/ash-bench-black-584a07d8b2588fbbb6cf4e12739b0858.jpg\",\"width\":1024,\"height\":1024},{\"@type\":\"BreadcrumbList\",\"@id\":\"https:\/\/hubsch-interior.com\/fr\/produit\/ash-banc-noir\/#breadcrumb\",\"itemListElement\":[{\"@type\":\"ListItem\",\"position\":1,\"name\":\"Page d'accueil\",\"item\":\"https:\/\/hubsch-interior.com\/fr\/\"},{\"@type\":\"ListItem\",\"position\":2,\"name\":\"Produits\",\"item\":\"https:\/\/hubsch-interior.com\/fr\/shop-2\/\"},{\"@type\":\"ListItem\",\"position\":3,\"name\":\"Meubles\",\"item\":\"https:\/\/hubsch-interior.com\/fr\/categorie-produit\/meubles\/\"},{\"@type\":\"ListItem\",\"position\":4,\"name\":\"Assises\",\"item\":\"https:\/\/hubsch-interior.com\/fr\/categorie-produit\/meubles\/assises-fr\/\"},{\"@type\":\"ListItem\",\"position\":5,\"name\":\"Bancs\",\"item\":\"https:\/\/hubsch-interior.com\/fr\/categorie-produit\/meubles\/assises-fr\/bancs-fr\/\"},{\"@type\":\"ListItem\",\"position\":6,\"name\":\"Ash Banc Noir\"}]},{\"@type\":\"WebSite\",\"@id\":\"https:\/\/hubsch-interior.com\/fr\/#website\",\"url\":\"https:\/\/hubsch-interior.com\/fr\/\",\"name\":\"H\u00fcbsch\",\"description\":\"Danish Home Interior and Design\",\"publisher\":{\"@id\":\"https:\/\/hubsch-interior.com\/fr\/#organization\"},\"potentialAction\":[{\"@type\":\"SearchAction\",\"target\":{\"@type\":\"EntryPoint\",\"urlTemplate\":\"https:\/\/hubsch-interior.com\/fr\/?s={search_term_string}\"},\"query-input\":{\"@type\":\"PropertyValueSpecification\",\"valueRequired\":true,\"valueName\":\"search_term_string\"}}],\"inLanguage\":\"fr-FR\"},{\"@type\":\"Organization\",\"@id\":\"https:\/\/hubsch-interior.com\/fr\/#organization\",\"name\":\"H\u00fcbsch\",\"url\":\"https:\/\/hubsch-interior.com\/fr\/\",\"logo\":{\"@type\":\"ImageObject\",\"inLanguage\":\"fr-FR\",\"@id\":\"https:\/\/hubsch-interior.com\/fr\/#\/schema\/logo\/image\/\",\"url\":\"https:\/\/hubsch-interior.com\/wp-content\/uploads\/2022\/12\/Hubsch_logo_black_one_line.svg\",\"contentUrl\":\"https:\/\/hubsch-interior.com\/wp-content\/uploads\/2022\/12\/Hubsch_logo_black_one_line.svg\",\"caption\":\"H\u00fcbsch\"},\"image\":{\"@id\":\"https:\/\/hubsch-interior.com\/fr\/#\/schema\/logo\/image\/\"}}]}<\/script>\n<!-- \/ Yoast SEO plugin. -->","yoast_head_json":{"title":"Ash Banc Noir - H\u00fcbsch","description":"Le banc Ash Banc Noir est fabriqu\u00e9 \u00e0 partir de bois d'\u00e9rable et de m\u00e9tal. Il est certifi\u00e9 FSC et affiche une couleur noire \u00e9l\u00e9gante. Son design est \u00e0 la","robots":{"index":"index","follow":"follow","max-snippet":"max-snippet:-1","max-image-preview":"max-image-preview:large","max-video-preview":"max-video-preview:-1"},"canonical":"https:\/\/hubsch-interior.com\/fr\/wp-json\/wp\/v2\/product\/386936","og_locale":"fr_FR","og_type":"article","og_title":"Ash Banc Noir - H\u00fcbsch","og_description":"Le banc Ash Banc Noir est fabriqu\u00e9 \u00e0 partir de bois d'\u00e9rable et de m\u00e9tal. Il est certifi\u00e9 FSC et affiche une couleur noire \u00e9l\u00e9gante. Son design est \u00e0 la","og_url":"https:\/\/hubsch-interior.com\/fr\/produit\/ash-banc-noir\/","og_site_name":"H\u00fcbsch","article_modified_time":"2026-04-09T02:15:31+00:00","og_image":[{"width":1200,"height":1200,"url":"https:\/\/hubsch-interior.com\/wp-content\/uploads\/2024\/04\/ash-bench-black-96fcdd2f756c94ef6de08dce8fee0a4c.jpg","type":"image\/jpeg"}],"twitter_card":"summary_large_image","schema":{"@context":"https:\/\/schema.org","@graph":[{"@type":"WebPage","@id":"https:\/\/hubsch-interior.com\/fr\/produit\/ash-banc-noir\/","url":"https:\/\/hubsch-interior.com\/fr\/produit\/ash-banc-noir\/","name":"Ash Banc Noir - H\u00fcbsch","isPartOf":{"@id":"https:\/\/hubsch-interior.com\/fr\/#website"},"primaryImageOfPage":{"@id":"https:\/\/hubsch-interior.com\/fr\/produit\/ash-banc-noir\/#primaryimage"},"image":{"@id":"https:\/\/hubsch-interior.com\/fr\/produit\/ash-banc-noir\/#primaryimage"},"thumbnailUrl":"https:\/\/hubsch-interior.com\/wp-content\/uploads\/2026\/02\/ash-bench-black-584a07d8b2588fbbb6cf4e12739b0858.jpg","datePublished":"2021-06-04T07:40:10+00:00","dateModified":"2026-04-09T02:15:31+00:00","description":"Le banc Ash Banc Noir est fabriqu\u00e9 \u00e0 partir de bois d'\u00e9rable et de m\u00e9tal. Il est certifi\u00e9 FSC et affiche une couleur noire \u00e9l\u00e9gante. Son design est \u00e0 la","breadcrumb":{"@id":"https:\/\/hubsch-interior.com\/fr\/produit\/ash-banc-noir\/#breadcrumb"},"inLanguage":"fr-FR","potentialAction":[{"@type":"ReadAction","target":["https:\/\/hubsch-interior.com\/fr\/produit\/ash-banc-noir\/"]}]},{"@type":"ImageObject","inLanguage":"fr-FR","@id":"https:\/\/hubsch-interior.com\/fr\/produit\/ash-banc-noir\/#primaryimage","url":"https:\/\/hubsch-interior.com\/wp-content\/uploads\/2026\/02\/ash-bench-black-584a07d8b2588fbbb6cf4e12739b0858.jpg","contentUrl":"https:\/\/hubsch-interior.com\/wp-content\/uploads\/2026\/02\/ash-bench-black-584a07d8b2588fbbb6cf4e12739b0858.jpg","width":1024,"height":1024},{"@type":"BreadcrumbList","@id":"https:\/\/hubsch-interior.com\/fr\/produit\/ash-banc-noir\/#breadcrumb","itemListElement":[{"@type":"ListItem","position":1,"name":"Page d'accueil","item":"https:\/\/hubsch-interior.com\/fr\/"},{"@type":"ListItem","position":2,"name":"Produits","item":"https:\/\/hubsch-interior.com\/fr\/shop-2\/"},{"@type":"ListItem","position":3,"name":"Meubles","item":"https:\/\/hubsch-interior.com\/fr\/categorie-produit\/meubles\/"},{"@type":"ListItem","position":4,"name":"Assises","item":"https:\/\/hubsch-interior.com\/fr\/categorie-produit\/meubles\/assises-fr\/"},{"@type":"ListItem","position":5,"name":"Bancs","item":"https:\/\/hubsch-interior.com\/fr\/categorie-produit\/meubles\/assises-fr\/bancs-fr\/"},{"@type":"ListItem","position":6,"name":"Ash Banc Noir"}]},{"@type":"WebSite","@id":"https:\/\/hubsch-interior.com\/fr\/#website","url":"https:\/\/hubsch-interior.com\/fr\/","name":"H\u00fcbsch","description":"Danish Home Interior and Design","publisher":{"@id":"https:\/\/hubsch-interior.com\/fr\/#organization"},"potentialAction":[{"@type":"SearchAction","target":{"@type":"EntryPoint","urlTemplate":"https:\/\/hubsch-interior.com\/fr\/?s={search_term_string}"},"query-input":{"@type":"PropertyValueSpecification","valueRequired":true,"valueName":"search_term_string"}}],"inLanguage":"fr-FR"},{"@type":"Organization","@id":"https:\/\/hubsch-interior.com\/fr\/#organization","name":"H\u00fcbsch","url":"https:\/\/hubsch-interior.com\/fr\/","logo":{"@type":"ImageObject","inLanguage":"fr-FR","@id":"https:\/\/hubsch-interior.com\/fr\/#\/schema\/logo\/image\/","url":"https:\/\/hubsch-interior.com\/wp-content\/uploads\/2022\/12\/Hubsch_logo_black_one_line.svg","contentUrl":"https:\/\/hubsch-interior.com\/wp-content\/uploads\/2022\/12\/Hubsch_logo_black_one_line.svg","caption":"H\u00fcbsch"},"image":{"@id":"https:\/\/hubsch-interior.com\/fr\/#\/schema\/logo\/image\/"}}]}},"_links":{"self":[{"href":"https:\/\/hubsch-interior.com\/fr\/wp-json\/wp\/v2\/product\/386936","targetHints":{"allow":["GET"]}}],"collection":[{"href":"https:\/\/hubsch-interior.com\/fr\/wp-json\/wp\/v2\/product"}],"about":[{"href":"https:\/\/hubsch-interior.com\/fr\/wp-json\/wp\/v2\/types\/product"}],"wp:featuredmedia":[{"embeddable":true,"href":"https:\/\/hubsch-interior.com\/fr\/wp-json\/wp\/v2\/media\/1094189"}],"wp:attachment":[{"href":"https:\/\/hubsch-interior.com\/fr\/wp-json\/wp\/v2\/media?parent=386936"}],"wp:term":[{"taxonomy":"product_brand","embeddable":true,"href":"https:\/\/hubsch-interior.com\/fr\/wp-json\/wp\/v2\/product_brand?post=386936"},{"taxonomy":"product_cat","embeddable":true,"href":"https:\/\/hubsch-interior.com\/fr\/wp-json\/wp\/v2\/product_cat?post=386936"},{"taxonomy":"product_tag","embeddable":true,"href":"https:\/\/hubsch-interior.com\/fr\/wp-json\/wp\/v2\/product_tag?post=386936"}],"curies":[{"name":"wp","href":"https:\/\/api.w.org\/{rel}","templated":true}]}}