{"id":387340,"date":"2021-06-04T09:41:44","date_gmt":"2021-06-04T07:41:44","guid":{"rendered":"https:\/\/hubsch-interior.com\/shop-b2c\/product\/product-6\/"},"modified":"2026-04-09T04:15:41","modified_gmt":"2026-04-09T02:15:41","slug":"haze-fauteuil-lounge-marron-naturel","status":"publish","type":"product","link":"https:\/\/hubsch-interior.com\/fr\/produit\/haze-fauteuil-lounge-marron-naturel\/","title":{"rendered":"Haze Fauteuil lounge Marron\/Naturel"},"content":{"rendered":"<p>Le Haze Fauteuil lounge marron est fait pour offrir un confort in\u00e9gal\u00e9 et un style intemporel. Fabriqu\u00e9 avec du bois de ch\u00eane et du cuir PU, il a aussi \u00e9t\u00e9 certifi\u00e9 FSC et OEKO-TEX\u00ae STANDARD 100 pour assurer la s\u00e9curit\u00e9 et la qualit\u00e9. Avec ses lignes modernes et son design \u00e9l\u00e9gant, le Haze Fauteuil lounge marron offre un look unique qui s&#8217;adapte \u00e0 tous types d&#8217;int\u00e9rieurs. Sa construction robuste et durable garantit des ann\u00e9es de plaisir. Faites-vous plaisir avec le Haze Fauteuil lounge marron, la touche finale parfaite \u00e0 votre int\u00e9rieur.<\/p>\n","protected":false},"excerpt":{"rendered":"<p>Le Haze Fauteuil lounge marron est fait pour offrir un confort in\u00e9gal\u00e9 et un style intemporel. Fabriqu\u00e9 avec du bois de ch\u00eane et du cuir PU, il a aussi \u00e9t\u00e9 certifi\u00e9 FSC et OEKO-TEX\u00ae STANDARD 100 pour assurer la s\u00e9curit\u00e9 et la qualit\u00e9. Avec ses lignes modernes et son design \u00e9l\u00e9gant, le Haze Fauteuil lounge [&hellip;]<\/p>\n","protected":false},"featured_media":1112563,"template":"","meta":{"_acf_changed":false,"inline_featured_image":false},"product_brand":[],"product_cat":[6322,2843,3023,5026],"product_tag":[],"class_list":{"0":"post-387340","1":"product","2":"type-product","3":"status-publish","4":"has-post-thumbnail","6":"product_cat-fsc-fr","7":"product_cat-assises-fr","8":"product_cat-fauteuils-lounge-fr","9":"product_cat-bestsellers-fr","10":"product_shipping_class-p10","12":"pa_color-marron","13":"pa_color-naturel-2","14":"pa_material-bois-de-chne-2","15":"pa_material-faux-cuir","17":"first","18":"instock","19":"featured","20":"taxable","21":"shipping-taxable","22":"purchasable","23":"product-type-simple"},"exclude_global_add_ons":[],"addons":[],"acf":[],"yoast_head":"<!-- This site is optimized with the Yoast SEO plugin v26.4 - https:\/\/yoast.com\/wordpress\/plugins\/seo\/ -->\n<title>Haze Fauteuil lounge Marron\/Naturel - H\u00fcbsch<\/title>\n<meta name=\"description\" content=\"Le Haze Fauteuil lounge marron est fait pour offrir un confort in\u00e9gal\u00e9 et un style intemporel. Fabriqu\u00e9 avec du bois de ch\u00eane et du cuir PU, il a aussi\" \/>\n<meta name=\"robots\" content=\"index, follow, max-snippet:-1, max-image-preview:large, max-video-preview:-1\" \/>\n<link rel=\"canonical\" href=\"https:\/\/hubsch-interior.com\/fr\/wp-json\/wp\/v2\/product\/387340\" \/>\n<meta property=\"og:locale\" content=\"fr_FR\" \/>\n<meta property=\"og:type\" content=\"article\" \/>\n<meta property=\"og:title\" content=\"Haze Fauteuil lounge Marron\/Naturel - H\u00fcbsch\" \/>\n<meta property=\"og:description\" content=\"Le Haze Fauteuil lounge marron est fait pour offrir un confort in\u00e9gal\u00e9 et un style intemporel. Fabriqu\u00e9 avec du bois de ch\u00eane et du cuir PU, il a aussi\" \/>\n<meta property=\"og:url\" content=\"https:\/\/hubsch-interior.com\/fr\/produit\/haze-fauteuil-lounge-marron-naturel\/\" \/>\n<meta property=\"og:site_name\" content=\"H\u00fcbsch\" \/>\n<meta property=\"article:modified_time\" content=\"2026-04-09T02:15:41+00:00\" \/>\n<meta property=\"og:image\" content=\"https:\/\/hubsch-interior.com\/wp-content\/uploads\/2024\/05\/haze-lounge-chair-brownnatural-d6294a278689c0131a2cc6c6f14eb9dd.jpg\" \/>\n\t<meta property=\"og:image:width\" content=\"1200\" \/>\n\t<meta property=\"og:image:height\" content=\"1200\" \/>\n\t<meta property=\"og:image:type\" content=\"image\/jpeg\" \/>\n<meta name=\"twitter:card\" content=\"summary_large_image\" \/>\n<script type=\"application\/ld+json\" class=\"yoast-schema-graph\">{\"@context\":\"https:\/\/schema.org\",\"@graph\":[{\"@type\":\"WebPage\",\"@id\":\"https:\/\/hubsch-interior.com\/fr\/produit\/haze-fauteuil-lounge-marron-naturel\/\",\"url\":\"https:\/\/hubsch-interior.com\/fr\/produit\/haze-fauteuil-lounge-marron-naturel\/\",\"name\":\"Haze Fauteuil lounge Marron\/Naturel - H\u00fcbsch\",\"isPartOf\":{\"@id\":\"https:\/\/hubsch-interior.com\/fr\/#website\"},\"primaryImageOfPage\":{\"@id\":\"https:\/\/hubsch-interior.com\/fr\/produit\/haze-fauteuil-lounge-marron-naturel\/#primaryimage\"},\"image\":{\"@id\":\"https:\/\/hubsch-interior.com\/fr\/produit\/haze-fauteuil-lounge-marron-naturel\/#primaryimage\"},\"thumbnailUrl\":\"https:\/\/hubsch-interior.com\/wp-content\/uploads\/2026\/02\/haze-lounge-chair-brownnatural-2791d366f424ede7305da3a2e830a97b.jpg\",\"datePublished\":\"2021-06-04T07:41:44+00:00\",\"dateModified\":\"2026-04-09T02:15:41+00:00\",\"description\":\"Le Haze Fauteuil lounge marron est fait pour offrir un confort in\u00e9gal\u00e9 et un style intemporel. Fabriqu\u00e9 avec du bois de ch\u00eane et du cuir PU, il a aussi\",\"breadcrumb\":{\"@id\":\"https:\/\/hubsch-interior.com\/fr\/produit\/haze-fauteuil-lounge-marron-naturel\/#breadcrumb\"},\"inLanguage\":\"fr-FR\",\"potentialAction\":[{\"@type\":\"ReadAction\",\"target\":[\"https:\/\/hubsch-interior.com\/fr\/produit\/haze-fauteuil-lounge-marron-naturel\/\"]}]},{\"@type\":\"ImageObject\",\"inLanguage\":\"fr-FR\",\"@id\":\"https:\/\/hubsch-interior.com\/fr\/produit\/haze-fauteuil-lounge-marron-naturel\/#primaryimage\",\"url\":\"https:\/\/hubsch-interior.com\/wp-content\/uploads\/2026\/02\/haze-lounge-chair-brownnatural-2791d366f424ede7305da3a2e830a97b.jpg\",\"contentUrl\":\"https:\/\/hubsch-interior.com\/wp-content\/uploads\/2026\/02\/haze-lounge-chair-brownnatural-2791d366f424ede7305da3a2e830a97b.jpg\",\"width\":1024,\"height\":1024},{\"@type\":\"BreadcrumbList\",\"@id\":\"https:\/\/hubsch-interior.com\/fr\/produit\/haze-fauteuil-lounge-marron-naturel\/#breadcrumb\",\"itemListElement\":[{\"@type\":\"ListItem\",\"position\":1,\"name\":\"Page d'accueil\",\"item\":\"https:\/\/hubsch-interior.com\/fr\/\"},{\"@type\":\"ListItem\",\"position\":2,\"name\":\"Produits\",\"item\":\"https:\/\/hubsch-interior.com\/fr\/shop-2\/\"},{\"@type\":\"ListItem\",\"position\":3,\"name\":\"FSC\",\"item\":\"https:\/\/hubsch-interior.com\/fr\/categorie-produit\/fsc-fr\/\"},{\"@type\":\"ListItem\",\"position\":4,\"name\":\"Haze Fauteuil lounge Marron\/Naturel\"}]},{\"@type\":\"WebSite\",\"@id\":\"https:\/\/hubsch-interior.com\/fr\/#website\",\"url\":\"https:\/\/hubsch-interior.com\/fr\/\",\"name\":\"H\u00fcbsch\",\"description\":\"Danish Home Interior and Design\",\"publisher\":{\"@id\":\"https:\/\/hubsch-interior.com\/fr\/#organization\"},\"potentialAction\":[{\"@type\":\"SearchAction\",\"target\":{\"@type\":\"EntryPoint\",\"urlTemplate\":\"https:\/\/hubsch-interior.com\/fr\/?s={search_term_string}\"},\"query-input\":{\"@type\":\"PropertyValueSpecification\",\"valueRequired\":true,\"valueName\":\"search_term_string\"}}],\"inLanguage\":\"fr-FR\"},{\"@type\":\"Organization\",\"@id\":\"https:\/\/hubsch-interior.com\/fr\/#organization\",\"name\":\"H\u00fcbsch\",\"url\":\"https:\/\/hubsch-interior.com\/fr\/\",\"logo\":{\"@type\":\"ImageObject\",\"inLanguage\":\"fr-FR\",\"@id\":\"https:\/\/hubsch-interior.com\/fr\/#\/schema\/logo\/image\/\",\"url\":\"https:\/\/hubsch-interior.com\/wp-content\/uploads\/2022\/12\/Hubsch_logo_black_one_line.svg\",\"contentUrl\":\"https:\/\/hubsch-interior.com\/wp-content\/uploads\/2022\/12\/Hubsch_logo_black_one_line.svg\",\"caption\":\"H\u00fcbsch\"},\"image\":{\"@id\":\"https:\/\/hubsch-interior.com\/fr\/#\/schema\/logo\/image\/\"}}]}<\/script>\n<!-- \/ Yoast SEO plugin. -->","yoast_head_json":{"title":"Haze Fauteuil lounge Marron\/Naturel - H\u00fcbsch","description":"Le Haze Fauteuil lounge marron est fait pour offrir un confort in\u00e9gal\u00e9 et un style intemporel. Fabriqu\u00e9 avec du bois de ch\u00eane et du cuir PU, il a aussi","robots":{"index":"index","follow":"follow","max-snippet":"max-snippet:-1","max-image-preview":"max-image-preview:large","max-video-preview":"max-video-preview:-1"},"canonical":"https:\/\/hubsch-interior.com\/fr\/wp-json\/wp\/v2\/product\/387340","og_locale":"fr_FR","og_type":"article","og_title":"Haze Fauteuil lounge Marron\/Naturel - H\u00fcbsch","og_description":"Le Haze Fauteuil lounge marron est fait pour offrir un confort in\u00e9gal\u00e9 et un style intemporel. Fabriqu\u00e9 avec du bois de ch\u00eane et du cuir PU, il a aussi","og_url":"https:\/\/hubsch-interior.com\/fr\/produit\/haze-fauteuil-lounge-marron-naturel\/","og_site_name":"H\u00fcbsch","article_modified_time":"2026-04-09T02:15:41+00:00","og_image":[{"width":1200,"height":1200,"url":"https:\/\/hubsch-interior.com\/wp-content\/uploads\/2024\/05\/haze-lounge-chair-brownnatural-d6294a278689c0131a2cc6c6f14eb9dd.jpg","type":"image\/jpeg"}],"twitter_card":"summary_large_image","schema":{"@context":"https:\/\/schema.org","@graph":[{"@type":"WebPage","@id":"https:\/\/hubsch-interior.com\/fr\/produit\/haze-fauteuil-lounge-marron-naturel\/","url":"https:\/\/hubsch-interior.com\/fr\/produit\/haze-fauteuil-lounge-marron-naturel\/","name":"Haze Fauteuil lounge Marron\/Naturel - H\u00fcbsch","isPartOf":{"@id":"https:\/\/hubsch-interior.com\/fr\/#website"},"primaryImageOfPage":{"@id":"https:\/\/hubsch-interior.com\/fr\/produit\/haze-fauteuil-lounge-marron-naturel\/#primaryimage"},"image":{"@id":"https:\/\/hubsch-interior.com\/fr\/produit\/haze-fauteuil-lounge-marron-naturel\/#primaryimage"},"thumbnailUrl":"https:\/\/hubsch-interior.com\/wp-content\/uploads\/2026\/02\/haze-lounge-chair-brownnatural-2791d366f424ede7305da3a2e830a97b.jpg","datePublished":"2021-06-04T07:41:44+00:00","dateModified":"2026-04-09T02:15:41+00:00","description":"Le Haze Fauteuil lounge marron est fait pour offrir un confort in\u00e9gal\u00e9 et un style intemporel. Fabriqu\u00e9 avec du bois de ch\u00eane et du cuir PU, il a aussi","breadcrumb":{"@id":"https:\/\/hubsch-interior.com\/fr\/produit\/haze-fauteuil-lounge-marron-naturel\/#breadcrumb"},"inLanguage":"fr-FR","potentialAction":[{"@type":"ReadAction","target":["https:\/\/hubsch-interior.com\/fr\/produit\/haze-fauteuil-lounge-marron-naturel\/"]}]},{"@type":"ImageObject","inLanguage":"fr-FR","@id":"https:\/\/hubsch-interior.com\/fr\/produit\/haze-fauteuil-lounge-marron-naturel\/#primaryimage","url":"https:\/\/hubsch-interior.com\/wp-content\/uploads\/2026\/02\/haze-lounge-chair-brownnatural-2791d366f424ede7305da3a2e830a97b.jpg","contentUrl":"https:\/\/hubsch-interior.com\/wp-content\/uploads\/2026\/02\/haze-lounge-chair-brownnatural-2791d366f424ede7305da3a2e830a97b.jpg","width":1024,"height":1024},{"@type":"BreadcrumbList","@id":"https:\/\/hubsch-interior.com\/fr\/produit\/haze-fauteuil-lounge-marron-naturel\/#breadcrumb","itemListElement":[{"@type":"ListItem","position":1,"name":"Page d'accueil","item":"https:\/\/hubsch-interior.com\/fr\/"},{"@type":"ListItem","position":2,"name":"Produits","item":"https:\/\/hubsch-interior.com\/fr\/shop-2\/"},{"@type":"ListItem","position":3,"name":"FSC","item":"https:\/\/hubsch-interior.com\/fr\/categorie-produit\/fsc-fr\/"},{"@type":"ListItem","position":4,"name":"Haze Fauteuil lounge Marron\/Naturel"}]},{"@type":"WebSite","@id":"https:\/\/hubsch-interior.com\/fr\/#website","url":"https:\/\/hubsch-interior.com\/fr\/","name":"H\u00fcbsch","description":"Danish Home Interior and Design","publisher":{"@id":"https:\/\/hubsch-interior.com\/fr\/#organization"},"potentialAction":[{"@type":"SearchAction","target":{"@type":"EntryPoint","urlTemplate":"https:\/\/hubsch-interior.com\/fr\/?s={search_term_string}"},"query-input":{"@type":"PropertyValueSpecification","valueRequired":true,"valueName":"search_term_string"}}],"inLanguage":"fr-FR"},{"@type":"Organization","@id":"https:\/\/hubsch-interior.com\/fr\/#organization","name":"H\u00fcbsch","url":"https:\/\/hubsch-interior.com\/fr\/","logo":{"@type":"ImageObject","inLanguage":"fr-FR","@id":"https:\/\/hubsch-interior.com\/fr\/#\/schema\/logo\/image\/","url":"https:\/\/hubsch-interior.com\/wp-content\/uploads\/2022\/12\/Hubsch_logo_black_one_line.svg","contentUrl":"https:\/\/hubsch-interior.com\/wp-content\/uploads\/2022\/12\/Hubsch_logo_black_one_line.svg","caption":"H\u00fcbsch"},"image":{"@id":"https:\/\/hubsch-interior.com\/fr\/#\/schema\/logo\/image\/"}}]}},"_links":{"self":[{"href":"https:\/\/hubsch-interior.com\/fr\/wp-json\/wp\/v2\/product\/387340","targetHints":{"allow":["GET"]}}],"collection":[{"href":"https:\/\/hubsch-interior.com\/fr\/wp-json\/wp\/v2\/product"}],"about":[{"href":"https:\/\/hubsch-interior.com\/fr\/wp-json\/wp\/v2\/types\/product"}],"wp:featuredmedia":[{"embeddable":true,"href":"https:\/\/hubsch-interior.com\/fr\/wp-json\/wp\/v2\/media\/1112563"}],"wp:attachment":[{"href":"https:\/\/hubsch-interior.com\/fr\/wp-json\/wp\/v2\/media?parent=387340"}],"wp:term":[{"taxonomy":"product_brand","embeddable":true,"href":"https:\/\/hubsch-interior.com\/fr\/wp-json\/wp\/v2\/product_brand?post=387340"},{"taxonomy":"product_cat","embeddable":true,"href":"https:\/\/hubsch-interior.com\/fr\/wp-json\/wp\/v2\/product_cat?post=387340"},{"taxonomy":"product_tag","embeddable":true,"href":"https:\/\/hubsch-interior.com\/fr\/wp-json\/wp\/v2\/product_tag?post=387340"}],"curies":[{"name":"wp","href":"https:\/\/api.w.org\/{rel}","templated":true}]}}