{"id":387360,"date":"2021-06-04T09:41:50","date_gmt":"2021-06-04T07:41:50","guid":{"rendered":"https:\/\/hubsch-interior.com\/shop-b2c\/product\/product-6\/"},"modified":"2026-04-09T04:15:44","modified_gmt":"2026-04-09T02:15:44","slug":"haze-fauteuil-lounge-gris-naturel","status":"publish","type":"product","link":"https:\/\/hubsch-interior.com\/fr\/produit\/haze-fauteuil-lounge-gris-naturel\/","title":{"rendered":"Haze Fauteuil lounge Gris\/Naturel"},"content":{"rendered":"<p>Profitez de ce fauteuil lounge Haze Gris pour ajouter une touche contemporaine et intemporelle \u00e0 votre maison. Fabriqu\u00e9 \u00e0 partir du bois de ch\u00eane de haute qualit\u00e9 et du polyester, il est certifi\u00e9 FSC et OEKO-TEX\u00ae STANDARD 100. Ce fauteuil lounge apportera une touche chic \u00e0 votre salon ou chambre. Son design \u00e9pur\u00e9 et sa couleur grise donneront \u00e0 votre maison une touche moderne et sophistiqu\u00e9e.<\/p>\n","protected":false},"excerpt":{"rendered":"<p>Profitez de ce fauteuil lounge Haze Gris pour ajouter une touche contemporaine et intemporelle \u00e0 votre maison. Fabriqu\u00e9 \u00e0 partir du bois de ch\u00eane de haute qualit\u00e9 et du polyester, il est certifi\u00e9 FSC et OEKO-TEX\u00ae STANDARD 100. Ce fauteuil lounge apportera une touche chic \u00e0 votre salon ou chambre. Son design \u00e9pur\u00e9 et sa [&hellip;]<\/p>\n","protected":false},"featured_media":1094294,"template":"","meta":{"_acf_changed":false,"inline_featured_image":false},"product_brand":[],"product_cat":[6322,2843,3023],"product_tag":[],"class_list":{"0":"post-387360","1":"product","2":"type-product","3":"status-publish","4":"has-post-thumbnail","6":"product_cat-fsc-fr","7":"product_cat-assises-fr","8":"product_cat-fauteuils-lounge-fr","9":"product_shipping_class-p10","11":"pa_color-gris-2","12":"pa_color-naturel-2","13":"pa_material-polyester-100-fr","14":"pa_material-bois-de-chne-2","16":"first","17":"instock","18":"taxable","19":"shipping-taxable","20":"purchasable","21":"product-type-simple"},"exclude_global_add_ons":[],"addons":[],"acf":[],"yoast_head":"<!-- This site is optimized with the Yoast SEO plugin v26.4 - https:\/\/yoast.com\/wordpress\/plugins\/seo\/ -->\n<title>Haze Fauteuil lounge Gris\/Naturel - H\u00fcbsch<\/title>\n<meta name=\"description\" content=\"Profitez de ce fauteuil lounge Haze Gris pour ajouter une touche contemporaine et intemporelle \u00e0 votre maison. Fabriqu\u00e9 \u00e0 partir du bois de ch\u00eane de haute\" \/>\n<meta name=\"robots\" content=\"index, follow, max-snippet:-1, max-image-preview:large, max-video-preview:-1\" \/>\n<link rel=\"canonical\" href=\"https:\/\/hubsch-interior.com\/fr\/wp-json\/wp\/v2\/product\/387360\" \/>\n<meta property=\"og:locale\" content=\"fr_FR\" \/>\n<meta property=\"og:type\" content=\"article\" \/>\n<meta property=\"og:title\" content=\"Haze Fauteuil lounge Gris\/Naturel - H\u00fcbsch\" \/>\n<meta property=\"og:description\" content=\"Profitez de ce fauteuil lounge Haze Gris pour ajouter une touche contemporaine et intemporelle \u00e0 votre maison. Fabriqu\u00e9 \u00e0 partir du bois de ch\u00eane de haute\" \/>\n<meta property=\"og:url\" content=\"https:\/\/hubsch-interior.com\/fr\/produit\/haze-fauteuil-lounge-gris-naturel\/\" \/>\n<meta property=\"og:site_name\" content=\"H\u00fcbsch\" \/>\n<meta property=\"article:modified_time\" content=\"2026-04-09T02:15:44+00:00\" \/>\n<meta property=\"og:image\" content=\"https:\/\/hubsch-interior.com\/wp-content\/uploads\/2024\/09\/haze-lounge-chair-greynatural-e22abb8de1760778f5243bc8f059f9e4.jpg\" \/>\n\t<meta property=\"og:image:width\" content=\"1200\" \/>\n\t<meta property=\"og:image:height\" content=\"1200\" \/>\n\t<meta property=\"og:image:type\" content=\"image\/jpeg\" \/>\n<meta name=\"twitter:card\" content=\"summary_large_image\" \/>\n<script type=\"application\/ld+json\" class=\"yoast-schema-graph\">{\"@context\":\"https:\/\/schema.org\",\"@graph\":[{\"@type\":\"WebPage\",\"@id\":\"https:\/\/hubsch-interior.com\/fr\/produit\/haze-fauteuil-lounge-gris-naturel\/\",\"url\":\"https:\/\/hubsch-interior.com\/fr\/produit\/haze-fauteuil-lounge-gris-naturel\/\",\"name\":\"Haze Fauteuil lounge Gris\/Naturel - H\u00fcbsch\",\"isPartOf\":{\"@id\":\"https:\/\/hubsch-interior.com\/fr\/#website\"},\"primaryImageOfPage\":{\"@id\":\"https:\/\/hubsch-interior.com\/fr\/produit\/haze-fauteuil-lounge-gris-naturel\/#primaryimage\"},\"image\":{\"@id\":\"https:\/\/hubsch-interior.com\/fr\/produit\/haze-fauteuil-lounge-gris-naturel\/#primaryimage\"},\"thumbnailUrl\":\"https:\/\/hubsch-interior.com\/wp-content\/uploads\/2026\/02\/haze-lounge-chair-greynatural-e3c1af425063190c86734fd3f3f8c02d.jpg\",\"datePublished\":\"2021-06-04T07:41:50+00:00\",\"dateModified\":\"2026-04-09T02:15:44+00:00\",\"description\":\"Profitez de ce fauteuil lounge Haze Gris pour ajouter une touche contemporaine et intemporelle \u00e0 votre maison. Fabriqu\u00e9 \u00e0 partir du bois de ch\u00eane de haute\",\"breadcrumb\":{\"@id\":\"https:\/\/hubsch-interior.com\/fr\/produit\/haze-fauteuil-lounge-gris-naturel\/#breadcrumb\"},\"inLanguage\":\"fr-FR\",\"potentialAction\":[{\"@type\":\"ReadAction\",\"target\":[\"https:\/\/hubsch-interior.com\/fr\/produit\/haze-fauteuil-lounge-gris-naturel\/\"]}]},{\"@type\":\"ImageObject\",\"inLanguage\":\"fr-FR\",\"@id\":\"https:\/\/hubsch-interior.com\/fr\/produit\/haze-fauteuil-lounge-gris-naturel\/#primaryimage\",\"url\":\"https:\/\/hubsch-interior.com\/wp-content\/uploads\/2026\/02\/haze-lounge-chair-greynatural-e3c1af425063190c86734fd3f3f8c02d.jpg\",\"contentUrl\":\"https:\/\/hubsch-interior.com\/wp-content\/uploads\/2026\/02\/haze-lounge-chair-greynatural-e3c1af425063190c86734fd3f3f8c02d.jpg\",\"width\":1024,\"height\":1024},{\"@type\":\"BreadcrumbList\",\"@id\":\"https:\/\/hubsch-interior.com\/fr\/produit\/haze-fauteuil-lounge-gris-naturel\/#breadcrumb\",\"itemListElement\":[{\"@type\":\"ListItem\",\"position\":1,\"name\":\"Page d'accueil\",\"item\":\"https:\/\/hubsch-interior.com\/fr\/\"},{\"@type\":\"ListItem\",\"position\":2,\"name\":\"Produits\",\"item\":\"https:\/\/hubsch-interior.com\/fr\/shop-2\/\"},{\"@type\":\"ListItem\",\"position\":3,\"name\":\"FSC\",\"item\":\"https:\/\/hubsch-interior.com\/fr\/categorie-produit\/fsc-fr\/\"},{\"@type\":\"ListItem\",\"position\":4,\"name\":\"Haze Fauteuil lounge Gris\/Naturel\"}]},{\"@type\":\"WebSite\",\"@id\":\"https:\/\/hubsch-interior.com\/fr\/#website\",\"url\":\"https:\/\/hubsch-interior.com\/fr\/\",\"name\":\"H\u00fcbsch\",\"description\":\"Danish Home Interior and Design\",\"publisher\":{\"@id\":\"https:\/\/hubsch-interior.com\/fr\/#organization\"},\"potentialAction\":[{\"@type\":\"SearchAction\",\"target\":{\"@type\":\"EntryPoint\",\"urlTemplate\":\"https:\/\/hubsch-interior.com\/fr\/?s={search_term_string}\"},\"query-input\":{\"@type\":\"PropertyValueSpecification\",\"valueRequired\":true,\"valueName\":\"search_term_string\"}}],\"inLanguage\":\"fr-FR\"},{\"@type\":\"Organization\",\"@id\":\"https:\/\/hubsch-interior.com\/fr\/#organization\",\"name\":\"H\u00fcbsch\",\"url\":\"https:\/\/hubsch-interior.com\/fr\/\",\"logo\":{\"@type\":\"ImageObject\",\"inLanguage\":\"fr-FR\",\"@id\":\"https:\/\/hubsch-interior.com\/fr\/#\/schema\/logo\/image\/\",\"url\":\"https:\/\/hubsch-interior.com\/wp-content\/uploads\/2022\/12\/Hubsch_logo_black_one_line.svg\",\"contentUrl\":\"https:\/\/hubsch-interior.com\/wp-content\/uploads\/2022\/12\/Hubsch_logo_black_one_line.svg\",\"caption\":\"H\u00fcbsch\"},\"image\":{\"@id\":\"https:\/\/hubsch-interior.com\/fr\/#\/schema\/logo\/image\/\"}}]}<\/script>\n<!-- \/ Yoast SEO plugin. -->","yoast_head_json":{"title":"Haze Fauteuil lounge Gris\/Naturel - H\u00fcbsch","description":"Profitez de ce fauteuil lounge Haze Gris pour ajouter une touche contemporaine et intemporelle \u00e0 votre maison. Fabriqu\u00e9 \u00e0 partir du bois de ch\u00eane de haute","robots":{"index":"index","follow":"follow","max-snippet":"max-snippet:-1","max-image-preview":"max-image-preview:large","max-video-preview":"max-video-preview:-1"},"canonical":"https:\/\/hubsch-interior.com\/fr\/wp-json\/wp\/v2\/product\/387360","og_locale":"fr_FR","og_type":"article","og_title":"Haze Fauteuil lounge Gris\/Naturel - H\u00fcbsch","og_description":"Profitez de ce fauteuil lounge Haze Gris pour ajouter une touche contemporaine et intemporelle \u00e0 votre maison. Fabriqu\u00e9 \u00e0 partir du bois de ch\u00eane de haute","og_url":"https:\/\/hubsch-interior.com\/fr\/produit\/haze-fauteuil-lounge-gris-naturel\/","og_site_name":"H\u00fcbsch","article_modified_time":"2026-04-09T02:15:44+00:00","og_image":[{"width":1200,"height":1200,"url":"https:\/\/hubsch-interior.com\/wp-content\/uploads\/2024\/09\/haze-lounge-chair-greynatural-e22abb8de1760778f5243bc8f059f9e4.jpg","type":"image\/jpeg"}],"twitter_card":"summary_large_image","schema":{"@context":"https:\/\/schema.org","@graph":[{"@type":"WebPage","@id":"https:\/\/hubsch-interior.com\/fr\/produit\/haze-fauteuil-lounge-gris-naturel\/","url":"https:\/\/hubsch-interior.com\/fr\/produit\/haze-fauteuil-lounge-gris-naturel\/","name":"Haze Fauteuil lounge Gris\/Naturel - H\u00fcbsch","isPartOf":{"@id":"https:\/\/hubsch-interior.com\/fr\/#website"},"primaryImageOfPage":{"@id":"https:\/\/hubsch-interior.com\/fr\/produit\/haze-fauteuil-lounge-gris-naturel\/#primaryimage"},"image":{"@id":"https:\/\/hubsch-interior.com\/fr\/produit\/haze-fauteuil-lounge-gris-naturel\/#primaryimage"},"thumbnailUrl":"https:\/\/hubsch-interior.com\/wp-content\/uploads\/2026\/02\/haze-lounge-chair-greynatural-e3c1af425063190c86734fd3f3f8c02d.jpg","datePublished":"2021-06-04T07:41:50+00:00","dateModified":"2026-04-09T02:15:44+00:00","description":"Profitez de ce fauteuil lounge Haze Gris pour ajouter une touche contemporaine et intemporelle \u00e0 votre maison. Fabriqu\u00e9 \u00e0 partir du bois de ch\u00eane de haute","breadcrumb":{"@id":"https:\/\/hubsch-interior.com\/fr\/produit\/haze-fauteuil-lounge-gris-naturel\/#breadcrumb"},"inLanguage":"fr-FR","potentialAction":[{"@type":"ReadAction","target":["https:\/\/hubsch-interior.com\/fr\/produit\/haze-fauteuil-lounge-gris-naturel\/"]}]},{"@type":"ImageObject","inLanguage":"fr-FR","@id":"https:\/\/hubsch-interior.com\/fr\/produit\/haze-fauteuil-lounge-gris-naturel\/#primaryimage","url":"https:\/\/hubsch-interior.com\/wp-content\/uploads\/2026\/02\/haze-lounge-chair-greynatural-e3c1af425063190c86734fd3f3f8c02d.jpg","contentUrl":"https:\/\/hubsch-interior.com\/wp-content\/uploads\/2026\/02\/haze-lounge-chair-greynatural-e3c1af425063190c86734fd3f3f8c02d.jpg","width":1024,"height":1024},{"@type":"BreadcrumbList","@id":"https:\/\/hubsch-interior.com\/fr\/produit\/haze-fauteuil-lounge-gris-naturel\/#breadcrumb","itemListElement":[{"@type":"ListItem","position":1,"name":"Page d'accueil","item":"https:\/\/hubsch-interior.com\/fr\/"},{"@type":"ListItem","position":2,"name":"Produits","item":"https:\/\/hubsch-interior.com\/fr\/shop-2\/"},{"@type":"ListItem","position":3,"name":"FSC","item":"https:\/\/hubsch-interior.com\/fr\/categorie-produit\/fsc-fr\/"},{"@type":"ListItem","position":4,"name":"Haze Fauteuil lounge Gris\/Naturel"}]},{"@type":"WebSite","@id":"https:\/\/hubsch-interior.com\/fr\/#website","url":"https:\/\/hubsch-interior.com\/fr\/","name":"H\u00fcbsch","description":"Danish Home Interior and Design","publisher":{"@id":"https:\/\/hubsch-interior.com\/fr\/#organization"},"potentialAction":[{"@type":"SearchAction","target":{"@type":"EntryPoint","urlTemplate":"https:\/\/hubsch-interior.com\/fr\/?s={search_term_string}"},"query-input":{"@type":"PropertyValueSpecification","valueRequired":true,"valueName":"search_term_string"}}],"inLanguage":"fr-FR"},{"@type":"Organization","@id":"https:\/\/hubsch-interior.com\/fr\/#organization","name":"H\u00fcbsch","url":"https:\/\/hubsch-interior.com\/fr\/","logo":{"@type":"ImageObject","inLanguage":"fr-FR","@id":"https:\/\/hubsch-interior.com\/fr\/#\/schema\/logo\/image\/","url":"https:\/\/hubsch-interior.com\/wp-content\/uploads\/2022\/12\/Hubsch_logo_black_one_line.svg","contentUrl":"https:\/\/hubsch-interior.com\/wp-content\/uploads\/2022\/12\/Hubsch_logo_black_one_line.svg","caption":"H\u00fcbsch"},"image":{"@id":"https:\/\/hubsch-interior.com\/fr\/#\/schema\/logo\/image\/"}}]}},"_links":{"self":[{"href":"https:\/\/hubsch-interior.com\/fr\/wp-json\/wp\/v2\/product\/387360","targetHints":{"allow":["GET"]}}],"collection":[{"href":"https:\/\/hubsch-interior.com\/fr\/wp-json\/wp\/v2\/product"}],"about":[{"href":"https:\/\/hubsch-interior.com\/fr\/wp-json\/wp\/v2\/types\/product"}],"wp:featuredmedia":[{"embeddable":true,"href":"https:\/\/hubsch-interior.com\/fr\/wp-json\/wp\/v2\/media\/1094294"}],"wp:attachment":[{"href":"https:\/\/hubsch-interior.com\/fr\/wp-json\/wp\/v2\/media?parent=387360"}],"wp:term":[{"taxonomy":"product_brand","embeddable":true,"href":"https:\/\/hubsch-interior.com\/fr\/wp-json\/wp\/v2\/product_brand?post=387360"},{"taxonomy":"product_cat","embeddable":true,"href":"https:\/\/hubsch-interior.com\/fr\/wp-json\/wp\/v2\/product_cat?post=387360"},{"taxonomy":"product_tag","embeddable":true,"href":"https:\/\/hubsch-interior.com\/fr\/wp-json\/wp\/v2\/product_tag?post=387360"}],"curies":[{"name":"wp","href":"https:\/\/api.w.org\/{rel}","templated":true}]}}