{"id":387424,"date":"2021-06-04T09:42:08","date_gmt":"2021-06-04T07:42:08","guid":{"rendered":"https:\/\/hubsch-interior.com\/shop-b2c\/product\/product-6\/"},"modified":"2026-04-05T04:15:49","modified_gmt":"2026-04-05T02:15:49","slug":"speckle-coussin-sable-orange","status":"publish","type":"product","link":"https:\/\/hubsch-interior.com\/fr\/produit\/speckle-coussin-sable-orange\/","title":{"rendered":"Speckle Coussin Sable\/Orange"},"content":{"rendered":"<p>Le coussin Speckle est plein de surprises ! Au-del\u00e0 du coussin sympa de couleur sable, on d\u00e9couvre diff\u00e9rents motifs et de nouvelles couleurs. De taille assez grande, ce coussin est le compl\u00e9ment id\u00e9al pour une jolie t\u00eate de lit, associ\u00e9 \u00e0 deux ou trois coussins choisis dans des couleurs diff\u00e9rentes.<\/p>\n","protected":false},"excerpt":{"rendered":"<p>Le coussin Speckle est plein de surprises ! Au-del\u00e0 du coussin sympa de couleur sable, on d\u00e9couvre diff\u00e9rents motifs et de nouvelles couleurs. De taille assez grande, ce coussin est le compl\u00e9ment id\u00e9al pour une jolie t\u00eate de lit, associ\u00e9 \u00e0 deux ou trois coussins choisis dans des couleurs diff\u00e9rentes.<\/p>\n","protected":false},"featured_media":1094322,"template":"","meta":{"_acf_changed":false,"inline_featured_image":false},"product_brand":[],"product_cat":[3002,3003,5026],"product_tag":[],"class_list":{"0":"post-387424","1":"product","2":"type-product","3":"status-publish","4":"has-post-thumbnail","6":"product_cat-textile","7":"product_cat-coussins-fr","8":"product_cat-bestsellers-fr","9":"product_shipping_class-pk","11":"pa_color-orange-fr","12":"pa_color-sable","13":"pa_material-polyester-95-fr","14":"pa_material-toile-fr","16":"first","17":"instock","18":"featured","19":"taxable","20":"shipping-taxable","21":"purchasable","22":"product-type-simple"},"exclude_global_add_ons":[],"addons":[],"acf":[],"yoast_head":"<!-- This site is optimized with the Yoast SEO plugin v26.4 - https:\/\/yoast.com\/wordpress\/plugins\/seo\/ -->\n<title>Speckle Coussin Sable\/Orange - H\u00fcbsch<\/title>\n<meta name=\"description\" content=\"Le coussin Speckle est plein de surprises ! Au-del\u00e0 du coussin sympa de couleur sable, on d\u00e9couvre diff\u00e9rents motifs et de nouvelles couleurs. De taille\" \/>\n<meta name=\"robots\" content=\"index, follow, max-snippet:-1, max-image-preview:large, max-video-preview:-1\" \/>\n<link rel=\"canonical\" href=\"https:\/\/hubsch-interior.com\/fr\/wp-json\/wp\/v2\/product\/387424\" \/>\n<meta property=\"og:locale\" content=\"fr_FR\" \/>\n<meta property=\"og:type\" content=\"article\" \/>\n<meta property=\"og:title\" content=\"Speckle Coussin Sable\/Orange - H\u00fcbsch\" \/>\n<meta property=\"og:description\" content=\"Le coussin Speckle est plein de surprises ! Au-del\u00e0 du coussin sympa de couleur sable, on d\u00e9couvre diff\u00e9rents motifs et de nouvelles couleurs. De taille\" \/>\n<meta property=\"og:url\" content=\"https:\/\/hubsch-interior.com\/fr\/produit\/speckle-coussin-sable-orange\/\" \/>\n<meta property=\"og:site_name\" content=\"H\u00fcbsch\" \/>\n<meta property=\"article:modified_time\" content=\"2026-04-05T02:15:49+00:00\" \/>\n<meta property=\"og:image\" content=\"https:\/\/hubsch-interior.com\/wp-content\/uploads\/2023\/08\/speckle-cushion-sandorange-910375f84d5c3af735a40a5f316bae45.jpg\" \/>\n\t<meta property=\"og:image:width\" content=\"1200\" \/>\n\t<meta property=\"og:image:height\" content=\"1200\" \/>\n\t<meta property=\"og:image:type\" content=\"image\/jpeg\" \/>\n<meta name=\"twitter:card\" content=\"summary_large_image\" \/>\n<script type=\"application\/ld+json\" class=\"yoast-schema-graph\">{\"@context\":\"https:\/\/schema.org\",\"@graph\":[{\"@type\":\"WebPage\",\"@id\":\"https:\/\/hubsch-interior.com\/fr\/produit\/speckle-coussin-sable-orange\/\",\"url\":\"https:\/\/hubsch-interior.com\/fr\/produit\/speckle-coussin-sable-orange\/\",\"name\":\"Speckle Coussin Sable\/Orange - H\u00fcbsch\",\"isPartOf\":{\"@id\":\"https:\/\/hubsch-interior.com\/fr\/#website\"},\"primaryImageOfPage\":{\"@id\":\"https:\/\/hubsch-interior.com\/fr\/produit\/speckle-coussin-sable-orange\/#primaryimage\"},\"image\":{\"@id\":\"https:\/\/hubsch-interior.com\/fr\/produit\/speckle-coussin-sable-orange\/#primaryimage\"},\"thumbnailUrl\":\"https:\/\/hubsch-interior.com\/wp-content\/uploads\/2026\/02\/speckle-cushion-sandorange-d7833fe6b3de81ed6b7823da0a561f0a.jpg\",\"datePublished\":\"2021-06-04T07:42:08+00:00\",\"dateModified\":\"2026-04-05T02:15:49+00:00\",\"description\":\"Le coussin Speckle est plein de surprises ! Au-del\u00e0 du coussin sympa de couleur sable, on d\u00e9couvre diff\u00e9rents motifs et de nouvelles couleurs. De taille\",\"breadcrumb\":{\"@id\":\"https:\/\/hubsch-interior.com\/fr\/produit\/speckle-coussin-sable-orange\/#breadcrumb\"},\"inLanguage\":\"fr-FR\",\"potentialAction\":[{\"@type\":\"ReadAction\",\"target\":[\"https:\/\/hubsch-interior.com\/fr\/produit\/speckle-coussin-sable-orange\/\"]}]},{\"@type\":\"ImageObject\",\"inLanguage\":\"fr-FR\",\"@id\":\"https:\/\/hubsch-interior.com\/fr\/produit\/speckle-coussin-sable-orange\/#primaryimage\",\"url\":\"https:\/\/hubsch-interior.com\/wp-content\/uploads\/2026\/02\/speckle-cushion-sandorange-d7833fe6b3de81ed6b7823da0a561f0a.jpg\",\"contentUrl\":\"https:\/\/hubsch-interior.com\/wp-content\/uploads\/2026\/02\/speckle-cushion-sandorange-d7833fe6b3de81ed6b7823da0a561f0a.jpg\",\"width\":1024,\"height\":1024},{\"@type\":\"BreadcrumbList\",\"@id\":\"https:\/\/hubsch-interior.com\/fr\/produit\/speckle-coussin-sable-orange\/#breadcrumb\",\"itemListElement\":[{\"@type\":\"ListItem\",\"position\":1,\"name\":\"Page d'accueil\",\"item\":\"https:\/\/hubsch-interior.com\/fr\/\"},{\"@type\":\"ListItem\",\"position\":2,\"name\":\"Produits\",\"item\":\"https:\/\/hubsch-interior.com\/fr\/shop-2\/\"},{\"@type\":\"ListItem\",\"position\":3,\"name\":\"Textiles\",\"item\":\"https:\/\/hubsch-interior.com\/fr\/categorie-produit\/textile\/\"},{\"@type\":\"ListItem\",\"position\":4,\"name\":\"Coussins\",\"item\":\"https:\/\/hubsch-interior.com\/fr\/categorie-produit\/textile\/coussins-fr\/\"},{\"@type\":\"ListItem\",\"position\":5,\"name\":\"Speckle Coussin Sable\/Orange\"}]},{\"@type\":\"WebSite\",\"@id\":\"https:\/\/hubsch-interior.com\/fr\/#website\",\"url\":\"https:\/\/hubsch-interior.com\/fr\/\",\"name\":\"H\u00fcbsch\",\"description\":\"Danish Home Interior and Design\",\"publisher\":{\"@id\":\"https:\/\/hubsch-interior.com\/fr\/#organization\"},\"potentialAction\":[{\"@type\":\"SearchAction\",\"target\":{\"@type\":\"EntryPoint\",\"urlTemplate\":\"https:\/\/hubsch-interior.com\/fr\/?s={search_term_string}\"},\"query-input\":{\"@type\":\"PropertyValueSpecification\",\"valueRequired\":true,\"valueName\":\"search_term_string\"}}],\"inLanguage\":\"fr-FR\"},{\"@type\":\"Organization\",\"@id\":\"https:\/\/hubsch-interior.com\/fr\/#organization\",\"name\":\"H\u00fcbsch\",\"url\":\"https:\/\/hubsch-interior.com\/fr\/\",\"logo\":{\"@type\":\"ImageObject\",\"inLanguage\":\"fr-FR\",\"@id\":\"https:\/\/hubsch-interior.com\/fr\/#\/schema\/logo\/image\/\",\"url\":\"https:\/\/hubsch-interior.com\/wp-content\/uploads\/2022\/12\/Hubsch_logo_black_one_line.svg\",\"contentUrl\":\"https:\/\/hubsch-interior.com\/wp-content\/uploads\/2022\/12\/Hubsch_logo_black_one_line.svg\",\"caption\":\"H\u00fcbsch\"},\"image\":{\"@id\":\"https:\/\/hubsch-interior.com\/fr\/#\/schema\/logo\/image\/\"}}]}<\/script>\n<!-- \/ Yoast SEO plugin. -->","yoast_head_json":{"title":"Speckle Coussin Sable\/Orange - H\u00fcbsch","description":"Le coussin Speckle est plein de surprises ! Au-del\u00e0 du coussin sympa de couleur sable, on d\u00e9couvre diff\u00e9rents motifs et de nouvelles couleurs. De taille","robots":{"index":"index","follow":"follow","max-snippet":"max-snippet:-1","max-image-preview":"max-image-preview:large","max-video-preview":"max-video-preview:-1"},"canonical":"https:\/\/hubsch-interior.com\/fr\/wp-json\/wp\/v2\/product\/387424","og_locale":"fr_FR","og_type":"article","og_title":"Speckle Coussin Sable\/Orange - H\u00fcbsch","og_description":"Le coussin Speckle est plein de surprises ! Au-del\u00e0 du coussin sympa de couleur sable, on d\u00e9couvre diff\u00e9rents motifs et de nouvelles couleurs. De taille","og_url":"https:\/\/hubsch-interior.com\/fr\/produit\/speckle-coussin-sable-orange\/","og_site_name":"H\u00fcbsch","article_modified_time":"2026-04-05T02:15:49+00:00","og_image":[{"width":1200,"height":1200,"url":"https:\/\/hubsch-interior.com\/wp-content\/uploads\/2023\/08\/speckle-cushion-sandorange-910375f84d5c3af735a40a5f316bae45.jpg","type":"image\/jpeg"}],"twitter_card":"summary_large_image","schema":{"@context":"https:\/\/schema.org","@graph":[{"@type":"WebPage","@id":"https:\/\/hubsch-interior.com\/fr\/produit\/speckle-coussin-sable-orange\/","url":"https:\/\/hubsch-interior.com\/fr\/produit\/speckle-coussin-sable-orange\/","name":"Speckle Coussin Sable\/Orange - H\u00fcbsch","isPartOf":{"@id":"https:\/\/hubsch-interior.com\/fr\/#website"},"primaryImageOfPage":{"@id":"https:\/\/hubsch-interior.com\/fr\/produit\/speckle-coussin-sable-orange\/#primaryimage"},"image":{"@id":"https:\/\/hubsch-interior.com\/fr\/produit\/speckle-coussin-sable-orange\/#primaryimage"},"thumbnailUrl":"https:\/\/hubsch-interior.com\/wp-content\/uploads\/2026\/02\/speckle-cushion-sandorange-d7833fe6b3de81ed6b7823da0a561f0a.jpg","datePublished":"2021-06-04T07:42:08+00:00","dateModified":"2026-04-05T02:15:49+00:00","description":"Le coussin Speckle est plein de surprises ! Au-del\u00e0 du coussin sympa de couleur sable, on d\u00e9couvre diff\u00e9rents motifs et de nouvelles couleurs. De taille","breadcrumb":{"@id":"https:\/\/hubsch-interior.com\/fr\/produit\/speckle-coussin-sable-orange\/#breadcrumb"},"inLanguage":"fr-FR","potentialAction":[{"@type":"ReadAction","target":["https:\/\/hubsch-interior.com\/fr\/produit\/speckle-coussin-sable-orange\/"]}]},{"@type":"ImageObject","inLanguage":"fr-FR","@id":"https:\/\/hubsch-interior.com\/fr\/produit\/speckle-coussin-sable-orange\/#primaryimage","url":"https:\/\/hubsch-interior.com\/wp-content\/uploads\/2026\/02\/speckle-cushion-sandorange-d7833fe6b3de81ed6b7823da0a561f0a.jpg","contentUrl":"https:\/\/hubsch-interior.com\/wp-content\/uploads\/2026\/02\/speckle-cushion-sandorange-d7833fe6b3de81ed6b7823da0a561f0a.jpg","width":1024,"height":1024},{"@type":"BreadcrumbList","@id":"https:\/\/hubsch-interior.com\/fr\/produit\/speckle-coussin-sable-orange\/#breadcrumb","itemListElement":[{"@type":"ListItem","position":1,"name":"Page d'accueil","item":"https:\/\/hubsch-interior.com\/fr\/"},{"@type":"ListItem","position":2,"name":"Produits","item":"https:\/\/hubsch-interior.com\/fr\/shop-2\/"},{"@type":"ListItem","position":3,"name":"Textiles","item":"https:\/\/hubsch-interior.com\/fr\/categorie-produit\/textile\/"},{"@type":"ListItem","position":4,"name":"Coussins","item":"https:\/\/hubsch-interior.com\/fr\/categorie-produit\/textile\/coussins-fr\/"},{"@type":"ListItem","position":5,"name":"Speckle Coussin Sable\/Orange"}]},{"@type":"WebSite","@id":"https:\/\/hubsch-interior.com\/fr\/#website","url":"https:\/\/hubsch-interior.com\/fr\/","name":"H\u00fcbsch","description":"Danish Home Interior and Design","publisher":{"@id":"https:\/\/hubsch-interior.com\/fr\/#organization"},"potentialAction":[{"@type":"SearchAction","target":{"@type":"EntryPoint","urlTemplate":"https:\/\/hubsch-interior.com\/fr\/?s={search_term_string}"},"query-input":{"@type":"PropertyValueSpecification","valueRequired":true,"valueName":"search_term_string"}}],"inLanguage":"fr-FR"},{"@type":"Organization","@id":"https:\/\/hubsch-interior.com\/fr\/#organization","name":"H\u00fcbsch","url":"https:\/\/hubsch-interior.com\/fr\/","logo":{"@type":"ImageObject","inLanguage":"fr-FR","@id":"https:\/\/hubsch-interior.com\/fr\/#\/schema\/logo\/image\/","url":"https:\/\/hubsch-interior.com\/wp-content\/uploads\/2022\/12\/Hubsch_logo_black_one_line.svg","contentUrl":"https:\/\/hubsch-interior.com\/wp-content\/uploads\/2022\/12\/Hubsch_logo_black_one_line.svg","caption":"H\u00fcbsch"},"image":{"@id":"https:\/\/hubsch-interior.com\/fr\/#\/schema\/logo\/image\/"}}]}},"_links":{"self":[{"href":"https:\/\/hubsch-interior.com\/fr\/wp-json\/wp\/v2\/product\/387424","targetHints":{"allow":["GET"]}}],"collection":[{"href":"https:\/\/hubsch-interior.com\/fr\/wp-json\/wp\/v2\/product"}],"about":[{"href":"https:\/\/hubsch-interior.com\/fr\/wp-json\/wp\/v2\/types\/product"}],"wp:featuredmedia":[{"embeddable":true,"href":"https:\/\/hubsch-interior.com\/fr\/wp-json\/wp\/v2\/media\/1094322"}],"wp:attachment":[{"href":"https:\/\/hubsch-interior.com\/fr\/wp-json\/wp\/v2\/media?parent=387424"}],"wp:term":[{"taxonomy":"product_brand","embeddable":true,"href":"https:\/\/hubsch-interior.com\/fr\/wp-json\/wp\/v2\/product_brand?post=387424"},{"taxonomy":"product_cat","embeddable":true,"href":"https:\/\/hubsch-interior.com\/fr\/wp-json\/wp\/v2\/product_cat?post=387424"},{"taxonomy":"product_tag","embeddable":true,"href":"https:\/\/hubsch-interior.com\/fr\/wp-json\/wp\/v2\/product_tag?post=387424"}],"curies":[{"name":"wp","href":"https:\/\/api.w.org\/{rel}","templated":true}]}}