{"id":387540,"date":"2021-06-04T09:42:32","date_gmt":"2021-06-04T07:42:32","guid":{"rendered":"https:\/\/hubsch-interior.com\/shop-b2c\/product\/product-6\/"},"modified":"2026-04-05T04:16:01","modified_gmt":"2026-04-05T02:16:01","slug":"poppy-coussin-jaune","status":"publish","type":"product","link":"https:\/\/hubsch-interior.com\/fr\/produit\/poppy-coussin-jaune\/","title":{"rendered":"Poppy Coussin Jaune"},"content":{"rendered":"<p>La forme carr\u00e9e et le mat\u00e9riau rendent le coussin confortable et cosy. La couleur jaune moutarde lui donne une touche unique ainsi que la bonne dose d\u2019expression. Un compl\u00e9ment cosy et \u00e9l\u00e9gant pour votre maison.<\/p>\n","protected":false},"excerpt":{"rendered":"<p>La forme carr\u00e9e et le mat\u00e9riau rendent le coussin confortable et cosy. La couleur jaune moutarde lui donne une touche unique ainsi que la bonne dose d\u2019expression. Un compl\u00e9ment cosy et \u00e9l\u00e9gant pour votre maison.<\/p>\n","protected":false},"featured_media":1092246,"template":"","meta":{"_acf_changed":false,"inline_featured_image":false},"product_brand":[],"product_cat":[6348,3002,3003,5026],"product_tag":[],"class_list":{"0":"post-387540","1":"product","2":"type-product","3":"status-publish","4":"has-post-thumbnail","6":"product_cat-garden-selection-fr","7":"product_cat-textile","8":"product_cat-coussins-fr","9":"product_cat-bestsellers-fr","10":"product_shipping_class-pk","12":"pa_color-jaune","13":"pa_material-polyester-100-fr","15":"first","16":"instock","17":"featured","18":"taxable","19":"shipping-taxable","20":"purchasable","21":"product-type-simple"},"exclude_global_add_ons":[],"addons":[],"acf":[],"yoast_head":"<!-- This site is optimized with the Yoast SEO plugin v26.4 - https:\/\/yoast.com\/wordpress\/plugins\/seo\/ -->\n<title>Poppy Coussin Jaune - H\u00fcbsch<\/title>\n<meta name=\"description\" content=\"La forme carr\u00e9e et le mat\u00e9riau rendent le coussin confortable et cosy. La couleur jaune moutarde lui donne une touche unique ainsi que la bonne dose\" \/>\n<meta name=\"robots\" content=\"index, follow, max-snippet:-1, max-image-preview:large, max-video-preview:-1\" \/>\n<link rel=\"canonical\" href=\"https:\/\/hubsch-interior.com\/fr\/wp-json\/wp\/v2\/product\/387540\" \/>\n<meta property=\"og:locale\" content=\"fr_FR\" \/>\n<meta property=\"og:type\" content=\"article\" \/>\n<meta property=\"og:title\" content=\"Poppy Coussin Jaune - H\u00fcbsch\" \/>\n<meta property=\"og:description\" content=\"La forme carr\u00e9e et le mat\u00e9riau rendent le coussin confortable et cosy. La couleur jaune moutarde lui donne une touche unique ainsi que la bonne dose\" \/>\n<meta property=\"og:url\" content=\"https:\/\/hubsch-interior.com\/fr\/produit\/poppy-coussin-jaune\/\" \/>\n<meta property=\"og:site_name\" content=\"H\u00fcbsch\" \/>\n<meta property=\"article:modified_time\" content=\"2026-04-05T02:16:01+00:00\" \/>\n<meta property=\"og:image\" content=\"https:\/\/hubsch-interior.com\/wp-content\/uploads\/2023\/08\/poppy-cushion-yellow-a029fcbd6c6b932320ad59912e7308de.jpg\" \/>\n\t<meta property=\"og:image:width\" content=\"1200\" \/>\n\t<meta property=\"og:image:height\" content=\"1200\" \/>\n\t<meta property=\"og:image:type\" content=\"image\/jpeg\" \/>\n<meta name=\"twitter:card\" content=\"summary_large_image\" \/>\n<script type=\"application\/ld+json\" class=\"yoast-schema-graph\">{\"@context\":\"https:\/\/schema.org\",\"@graph\":[{\"@type\":\"WebPage\",\"@id\":\"https:\/\/hubsch-interior.com\/fr\/produit\/poppy-coussin-jaune\/\",\"url\":\"https:\/\/hubsch-interior.com\/fr\/produit\/poppy-coussin-jaune\/\",\"name\":\"Poppy Coussin Jaune - H\u00fcbsch\",\"isPartOf\":{\"@id\":\"https:\/\/hubsch-interior.com\/fr\/#website\"},\"primaryImageOfPage\":{\"@id\":\"https:\/\/hubsch-interior.com\/fr\/produit\/poppy-coussin-jaune\/#primaryimage\"},\"image\":{\"@id\":\"https:\/\/hubsch-interior.com\/fr\/produit\/poppy-coussin-jaune\/#primaryimage\"},\"thumbnailUrl\":\"https:\/\/hubsch-interior.com\/wp-content\/uploads\/2026\/02\/poppy-cushion-yellow-b0d897c20e7c81881b4b75b52b4bbbc3.jpg\",\"datePublished\":\"2021-06-04T07:42:32+00:00\",\"dateModified\":\"2026-04-05T02:16:01+00:00\",\"description\":\"La forme carr\u00e9e et le mat\u00e9riau rendent le coussin confortable et cosy. La couleur jaune moutarde lui donne une touche unique ainsi que la bonne dose\",\"breadcrumb\":{\"@id\":\"https:\/\/hubsch-interior.com\/fr\/produit\/poppy-coussin-jaune\/#breadcrumb\"},\"inLanguage\":\"fr-FR\",\"potentialAction\":[{\"@type\":\"ReadAction\",\"target\":[\"https:\/\/hubsch-interior.com\/fr\/produit\/poppy-coussin-jaune\/\"]}]},{\"@type\":\"ImageObject\",\"inLanguage\":\"fr-FR\",\"@id\":\"https:\/\/hubsch-interior.com\/fr\/produit\/poppy-coussin-jaune\/#primaryimage\",\"url\":\"https:\/\/hubsch-interior.com\/wp-content\/uploads\/2026\/02\/poppy-cushion-yellow-b0d897c20e7c81881b4b75b52b4bbbc3.jpg\",\"contentUrl\":\"https:\/\/hubsch-interior.com\/wp-content\/uploads\/2026\/02\/poppy-cushion-yellow-b0d897c20e7c81881b4b75b52b4bbbc3.jpg\",\"width\":1024,\"height\":1024},{\"@type\":\"BreadcrumbList\",\"@id\":\"https:\/\/hubsch-interior.com\/fr\/produit\/poppy-coussin-jaune\/#breadcrumb\",\"itemListElement\":[{\"@type\":\"ListItem\",\"position\":1,\"name\":\"Page d'accueil\",\"item\":\"https:\/\/hubsch-interior.com\/fr\/\"},{\"@type\":\"ListItem\",\"position\":2,\"name\":\"Produits\",\"item\":\"https:\/\/hubsch-interior.com\/fr\/shop-2\/\"},{\"@type\":\"ListItem\",\"position\":3,\"name\":\"Textiles\",\"item\":\"https:\/\/hubsch-interior.com\/fr\/categorie-produit\/textile\/\"},{\"@type\":\"ListItem\",\"position\":4,\"name\":\"Coussins\",\"item\":\"https:\/\/hubsch-interior.com\/fr\/categorie-produit\/textile\/coussins-fr\/\"},{\"@type\":\"ListItem\",\"position\":5,\"name\":\"Poppy Coussin Jaune\"}]},{\"@type\":\"WebSite\",\"@id\":\"https:\/\/hubsch-interior.com\/fr\/#website\",\"url\":\"https:\/\/hubsch-interior.com\/fr\/\",\"name\":\"H\u00fcbsch\",\"description\":\"Danish Home Interior and Design\",\"publisher\":{\"@id\":\"https:\/\/hubsch-interior.com\/fr\/#organization\"},\"potentialAction\":[{\"@type\":\"SearchAction\",\"target\":{\"@type\":\"EntryPoint\",\"urlTemplate\":\"https:\/\/hubsch-interior.com\/fr\/?s={search_term_string}\"},\"query-input\":{\"@type\":\"PropertyValueSpecification\",\"valueRequired\":true,\"valueName\":\"search_term_string\"}}],\"inLanguage\":\"fr-FR\"},{\"@type\":\"Organization\",\"@id\":\"https:\/\/hubsch-interior.com\/fr\/#organization\",\"name\":\"H\u00fcbsch\",\"url\":\"https:\/\/hubsch-interior.com\/fr\/\",\"logo\":{\"@type\":\"ImageObject\",\"inLanguage\":\"fr-FR\",\"@id\":\"https:\/\/hubsch-interior.com\/fr\/#\/schema\/logo\/image\/\",\"url\":\"https:\/\/hubsch-interior.com\/wp-content\/uploads\/2022\/12\/Hubsch_logo_black_one_line.svg\",\"contentUrl\":\"https:\/\/hubsch-interior.com\/wp-content\/uploads\/2022\/12\/Hubsch_logo_black_one_line.svg\",\"caption\":\"H\u00fcbsch\"},\"image\":{\"@id\":\"https:\/\/hubsch-interior.com\/fr\/#\/schema\/logo\/image\/\"}}]}<\/script>\n<!-- \/ Yoast SEO plugin. -->","yoast_head_json":{"title":"Poppy Coussin Jaune - H\u00fcbsch","description":"La forme carr\u00e9e et le mat\u00e9riau rendent le coussin confortable et cosy. La couleur jaune moutarde lui donne une touche unique ainsi que la bonne dose","robots":{"index":"index","follow":"follow","max-snippet":"max-snippet:-1","max-image-preview":"max-image-preview:large","max-video-preview":"max-video-preview:-1"},"canonical":"https:\/\/hubsch-interior.com\/fr\/wp-json\/wp\/v2\/product\/387540","og_locale":"fr_FR","og_type":"article","og_title":"Poppy Coussin Jaune - H\u00fcbsch","og_description":"La forme carr\u00e9e et le mat\u00e9riau rendent le coussin confortable et cosy. La couleur jaune moutarde lui donne une touche unique ainsi que la bonne dose","og_url":"https:\/\/hubsch-interior.com\/fr\/produit\/poppy-coussin-jaune\/","og_site_name":"H\u00fcbsch","article_modified_time":"2026-04-05T02:16:01+00:00","og_image":[{"width":1200,"height":1200,"url":"https:\/\/hubsch-interior.com\/wp-content\/uploads\/2023\/08\/poppy-cushion-yellow-a029fcbd6c6b932320ad59912e7308de.jpg","type":"image\/jpeg"}],"twitter_card":"summary_large_image","schema":{"@context":"https:\/\/schema.org","@graph":[{"@type":"WebPage","@id":"https:\/\/hubsch-interior.com\/fr\/produit\/poppy-coussin-jaune\/","url":"https:\/\/hubsch-interior.com\/fr\/produit\/poppy-coussin-jaune\/","name":"Poppy Coussin Jaune - H\u00fcbsch","isPartOf":{"@id":"https:\/\/hubsch-interior.com\/fr\/#website"},"primaryImageOfPage":{"@id":"https:\/\/hubsch-interior.com\/fr\/produit\/poppy-coussin-jaune\/#primaryimage"},"image":{"@id":"https:\/\/hubsch-interior.com\/fr\/produit\/poppy-coussin-jaune\/#primaryimage"},"thumbnailUrl":"https:\/\/hubsch-interior.com\/wp-content\/uploads\/2026\/02\/poppy-cushion-yellow-b0d897c20e7c81881b4b75b52b4bbbc3.jpg","datePublished":"2021-06-04T07:42:32+00:00","dateModified":"2026-04-05T02:16:01+00:00","description":"La forme carr\u00e9e et le mat\u00e9riau rendent le coussin confortable et cosy. La couleur jaune moutarde lui donne une touche unique ainsi que la bonne dose","breadcrumb":{"@id":"https:\/\/hubsch-interior.com\/fr\/produit\/poppy-coussin-jaune\/#breadcrumb"},"inLanguage":"fr-FR","potentialAction":[{"@type":"ReadAction","target":["https:\/\/hubsch-interior.com\/fr\/produit\/poppy-coussin-jaune\/"]}]},{"@type":"ImageObject","inLanguage":"fr-FR","@id":"https:\/\/hubsch-interior.com\/fr\/produit\/poppy-coussin-jaune\/#primaryimage","url":"https:\/\/hubsch-interior.com\/wp-content\/uploads\/2026\/02\/poppy-cushion-yellow-b0d897c20e7c81881b4b75b52b4bbbc3.jpg","contentUrl":"https:\/\/hubsch-interior.com\/wp-content\/uploads\/2026\/02\/poppy-cushion-yellow-b0d897c20e7c81881b4b75b52b4bbbc3.jpg","width":1024,"height":1024},{"@type":"BreadcrumbList","@id":"https:\/\/hubsch-interior.com\/fr\/produit\/poppy-coussin-jaune\/#breadcrumb","itemListElement":[{"@type":"ListItem","position":1,"name":"Page d'accueil","item":"https:\/\/hubsch-interior.com\/fr\/"},{"@type":"ListItem","position":2,"name":"Produits","item":"https:\/\/hubsch-interior.com\/fr\/shop-2\/"},{"@type":"ListItem","position":3,"name":"Textiles","item":"https:\/\/hubsch-interior.com\/fr\/categorie-produit\/textile\/"},{"@type":"ListItem","position":4,"name":"Coussins","item":"https:\/\/hubsch-interior.com\/fr\/categorie-produit\/textile\/coussins-fr\/"},{"@type":"ListItem","position":5,"name":"Poppy Coussin Jaune"}]},{"@type":"WebSite","@id":"https:\/\/hubsch-interior.com\/fr\/#website","url":"https:\/\/hubsch-interior.com\/fr\/","name":"H\u00fcbsch","description":"Danish Home Interior and Design","publisher":{"@id":"https:\/\/hubsch-interior.com\/fr\/#organization"},"potentialAction":[{"@type":"SearchAction","target":{"@type":"EntryPoint","urlTemplate":"https:\/\/hubsch-interior.com\/fr\/?s={search_term_string}"},"query-input":{"@type":"PropertyValueSpecification","valueRequired":true,"valueName":"search_term_string"}}],"inLanguage":"fr-FR"},{"@type":"Organization","@id":"https:\/\/hubsch-interior.com\/fr\/#organization","name":"H\u00fcbsch","url":"https:\/\/hubsch-interior.com\/fr\/","logo":{"@type":"ImageObject","inLanguage":"fr-FR","@id":"https:\/\/hubsch-interior.com\/fr\/#\/schema\/logo\/image\/","url":"https:\/\/hubsch-interior.com\/wp-content\/uploads\/2022\/12\/Hubsch_logo_black_one_line.svg","contentUrl":"https:\/\/hubsch-interior.com\/wp-content\/uploads\/2022\/12\/Hubsch_logo_black_one_line.svg","caption":"H\u00fcbsch"},"image":{"@id":"https:\/\/hubsch-interior.com\/fr\/#\/schema\/logo\/image\/"}}]}},"_links":{"self":[{"href":"https:\/\/hubsch-interior.com\/fr\/wp-json\/wp\/v2\/product\/387540","targetHints":{"allow":["GET"]}}],"collection":[{"href":"https:\/\/hubsch-interior.com\/fr\/wp-json\/wp\/v2\/product"}],"about":[{"href":"https:\/\/hubsch-interior.com\/fr\/wp-json\/wp\/v2\/types\/product"}],"wp:featuredmedia":[{"embeddable":true,"href":"https:\/\/hubsch-interior.com\/fr\/wp-json\/wp\/v2\/media\/1092246"}],"wp:attachment":[{"href":"https:\/\/hubsch-interior.com\/fr\/wp-json\/wp\/v2\/media?parent=387540"}],"wp:term":[{"taxonomy":"product_brand","embeddable":true,"href":"https:\/\/hubsch-interior.com\/fr\/wp-json\/wp\/v2\/product_brand?post=387540"},{"taxonomy":"product_cat","embeddable":true,"href":"https:\/\/hubsch-interior.com\/fr\/wp-json\/wp\/v2\/product_cat?post=387540"},{"taxonomy":"product_tag","embeddable":true,"href":"https:\/\/hubsch-interior.com\/fr\/wp-json\/wp\/v2\/product_tag?post=387540"}],"curies":[{"name":"wp","href":"https:\/\/api.w.org\/{rel}","templated":true}]}}