{"id":387668,"date":"2021-06-04T09:42:54","date_gmt":"2021-06-04T07:42:54","guid":{"rendered":"https:\/\/hubsch-interior.com\/shop-b2c\/product\/product-6\/"},"modified":"2026-04-09T04:16:06","modified_gmt":"2026-04-09T02:16:06","slug":"divide-etagere-noir","status":"publish","type":"product","link":"https:\/\/hubsch-interior.com\/fr\/produit\/divide-etagere-noir\/","title":{"rendered":"Divide \u00c9tag\u00e8re Noir"},"content":{"rendered":"<p>La Divide \u00c9tag\u00e8re Noir est l&#8217;ajout parfait \u00e0 votre int\u00e9rieur. Fabriqu\u00e9e en bois d&#8217;\u00e9rable et de m\u00e9tal, elle est certifi\u00e9e FSC, assurant une production responsable de ce produit. Son design unique et \u00e9pur\u00e9 conf\u00e8re \u00e0 votre pi\u00e8ce un aspect moderne et \u00e9l\u00e9gant. Avec son grand espace de rangement, elle est parfaite pour votre salon ou votre bureau. La Divide \u00c9tag\u00e8re Noir est \u00e0 la fois fonctionnelle et \u00e9l\u00e9gante.<\/p>\n","protected":false},"excerpt":{"rendered":"<p>La Divide \u00c9tag\u00e8re Noir est l&#8217;ajout parfait \u00e0 votre int\u00e9rieur. Fabriqu\u00e9e en bois d&#8217;\u00e9rable et de m\u00e9tal, elle est certifi\u00e9e FSC, assurant une production responsable de ce produit. Son design unique et \u00e9pur\u00e9 conf\u00e8re \u00e0 votre pi\u00e8ce un aspect moderne et \u00e9l\u00e9gant. Avec son grand espace de rangement, elle est parfaite pour votre salon ou [&hellip;]<\/p>\n","protected":false},"featured_media":1092279,"template":"","meta":{"_acf_changed":false,"inline_featured_image":false},"product_brand":[],"product_cat":[6322,4001,4011,5026],"product_tag":[],"class_list":{"0":"post-387668","1":"product","2":"type-product","3":"status-publish","4":"has-post-thumbnail","6":"product_cat-fsc-fr","7":"product_cat-etageres-et-meubles-de-rangement-fr","8":"product_cat-bibliotheques-fr","9":"product_cat-bestsellers-fr","10":"product_shipping_class-p10","12":"pa_color-noir","13":"pa_material-fer-fr","14":"pa_material-bois-deucalyptus","15":"pa_material-bois-de-frne","17":"first","18":"instock","19":"featured","20":"taxable","21":"shipping-taxable","22":"purchasable","23":"product-type-simple"},"exclude_global_add_ons":[],"addons":[],"acf":[],"yoast_head":"<!-- This site is optimized with the Yoast SEO plugin v26.4 - https:\/\/yoast.com\/wordpress\/plugins\/seo\/ -->\n<title>Divide \u00c9tag\u00e8re Noir - H\u00fcbsch<\/title>\n<meta name=\"description\" content=\"La Divide \u00c9tag\u00e8re Noir est l&#039;ajout parfait \u00e0 votre int\u00e9rieur. Fabriqu\u00e9e en bois d&#039;\u00e9rable et de m\u00e9tal, elle est certifi\u00e9e FSC, assurant une production\" \/>\n<meta name=\"robots\" content=\"index, follow, max-snippet:-1, max-image-preview:large, max-video-preview:-1\" \/>\n<link rel=\"canonical\" href=\"https:\/\/hubsch-interior.com\/fr\/wp-json\/wp\/v2\/product\/387668\" \/>\n<meta property=\"og:locale\" content=\"fr_FR\" \/>\n<meta property=\"og:type\" content=\"article\" \/>\n<meta property=\"og:title\" content=\"Divide \u00c9tag\u00e8re Noir - H\u00fcbsch\" \/>\n<meta property=\"og:description\" content=\"La Divide \u00c9tag\u00e8re Noir est l&#039;ajout parfait \u00e0 votre int\u00e9rieur. Fabriqu\u00e9e en bois d&#039;\u00e9rable et de m\u00e9tal, elle est certifi\u00e9e FSC, assurant une production\" \/>\n<meta property=\"og:url\" content=\"https:\/\/hubsch-interior.com\/fr\/produit\/divide-etagere-noir\/\" \/>\n<meta property=\"og:site_name\" content=\"H\u00fcbsch\" \/>\n<meta property=\"article:modified_time\" content=\"2026-04-09T02:16:06+00:00\" \/>\n<meta property=\"og:image\" content=\"https:\/\/hubsch-interior.com\/wp-content\/uploads\/2023\/08\/divide-shelf-unit-black-fd19e8578fd96d56254347466d7d292d.jpg\" \/>\n\t<meta property=\"og:image:width\" content=\"1200\" \/>\n\t<meta property=\"og:image:height\" content=\"1200\" \/>\n\t<meta property=\"og:image:type\" content=\"image\/jpeg\" \/>\n<meta name=\"twitter:card\" content=\"summary_large_image\" \/>\n<script type=\"application\/ld+json\" class=\"yoast-schema-graph\">{\"@context\":\"https:\/\/schema.org\",\"@graph\":[{\"@type\":\"WebPage\",\"@id\":\"https:\/\/hubsch-interior.com\/fr\/produit\/divide-etagere-noir\/\",\"url\":\"https:\/\/hubsch-interior.com\/fr\/produit\/divide-etagere-noir\/\",\"name\":\"Divide \u00c9tag\u00e8re Noir - H\u00fcbsch\",\"isPartOf\":{\"@id\":\"https:\/\/hubsch-interior.com\/fr\/#website\"},\"primaryImageOfPage\":{\"@id\":\"https:\/\/hubsch-interior.com\/fr\/produit\/divide-etagere-noir\/#primaryimage\"},\"image\":{\"@id\":\"https:\/\/hubsch-interior.com\/fr\/produit\/divide-etagere-noir\/#primaryimage\"},\"thumbnailUrl\":\"https:\/\/hubsch-interior.com\/wp-content\/uploads\/2026\/02\/divide-shelf-unit-black-87b79fc051ebe33be044650add2e68e5.jpg\",\"datePublished\":\"2021-06-04T07:42:54+00:00\",\"dateModified\":\"2026-04-09T02:16:06+00:00\",\"description\":\"La Divide \u00c9tag\u00e8re Noir est l'ajout parfait \u00e0 votre int\u00e9rieur. Fabriqu\u00e9e en bois d'\u00e9rable et de m\u00e9tal, elle est certifi\u00e9e FSC, assurant une production\",\"breadcrumb\":{\"@id\":\"https:\/\/hubsch-interior.com\/fr\/produit\/divide-etagere-noir\/#breadcrumb\"},\"inLanguage\":\"fr-FR\",\"potentialAction\":[{\"@type\":\"ReadAction\",\"target\":[\"https:\/\/hubsch-interior.com\/fr\/produit\/divide-etagere-noir\/\"]}]},{\"@type\":\"ImageObject\",\"inLanguage\":\"fr-FR\",\"@id\":\"https:\/\/hubsch-interior.com\/fr\/produit\/divide-etagere-noir\/#primaryimage\",\"url\":\"https:\/\/hubsch-interior.com\/wp-content\/uploads\/2026\/02\/divide-shelf-unit-black-87b79fc051ebe33be044650add2e68e5.jpg\",\"contentUrl\":\"https:\/\/hubsch-interior.com\/wp-content\/uploads\/2026\/02\/divide-shelf-unit-black-87b79fc051ebe33be044650add2e68e5.jpg\",\"width\":1024,\"height\":1024},{\"@type\":\"BreadcrumbList\",\"@id\":\"https:\/\/hubsch-interior.com\/fr\/produit\/divide-etagere-noir\/#breadcrumb\",\"itemListElement\":[{\"@type\":\"ListItem\",\"position\":1,\"name\":\"Page d'accueil\",\"item\":\"https:\/\/hubsch-interior.com\/fr\/\"},{\"@type\":\"ListItem\",\"position\":2,\"name\":\"Produits\",\"item\":\"https:\/\/hubsch-interior.com\/fr\/shop-2\/\"},{\"@type\":\"ListItem\",\"position\":3,\"name\":\"Meubles\",\"item\":\"https:\/\/hubsch-interior.com\/fr\/categorie-produit\/meubles\/\"},{\"@type\":\"ListItem\",\"position\":4,\"name\":\"Etag&egrave;res et meubles de rangement\",\"item\":\"https:\/\/hubsch-interior.com\/fr\/categorie-produit\/meubles\/etageres-et-meubles-de-rangement-fr\/\"},{\"@type\":\"ListItem\",\"position\":5,\"name\":\"Biblioth&egrave;ques\",\"item\":\"https:\/\/hubsch-interior.com\/fr\/categorie-produit\/meubles\/etageres-et-meubles-de-rangement-fr\/bibliotheques-fr\/\"},{\"@type\":\"ListItem\",\"position\":6,\"name\":\"Divide \u00c9tag\u00e8re Noir\"}]},{\"@type\":\"WebSite\",\"@id\":\"https:\/\/hubsch-interior.com\/fr\/#website\",\"url\":\"https:\/\/hubsch-interior.com\/fr\/\",\"name\":\"H\u00fcbsch\",\"description\":\"Danish Home Interior and Design\",\"publisher\":{\"@id\":\"https:\/\/hubsch-interior.com\/fr\/#organization\"},\"potentialAction\":[{\"@type\":\"SearchAction\",\"target\":{\"@type\":\"EntryPoint\",\"urlTemplate\":\"https:\/\/hubsch-interior.com\/fr\/?s={search_term_string}\"},\"query-input\":{\"@type\":\"PropertyValueSpecification\",\"valueRequired\":true,\"valueName\":\"search_term_string\"}}],\"inLanguage\":\"fr-FR\"},{\"@type\":\"Organization\",\"@id\":\"https:\/\/hubsch-interior.com\/fr\/#organization\",\"name\":\"H\u00fcbsch\",\"url\":\"https:\/\/hubsch-interior.com\/fr\/\",\"logo\":{\"@type\":\"ImageObject\",\"inLanguage\":\"fr-FR\",\"@id\":\"https:\/\/hubsch-interior.com\/fr\/#\/schema\/logo\/image\/\",\"url\":\"https:\/\/hubsch-interior.com\/wp-content\/uploads\/2022\/12\/Hubsch_logo_black_one_line.svg\",\"contentUrl\":\"https:\/\/hubsch-interior.com\/wp-content\/uploads\/2022\/12\/Hubsch_logo_black_one_line.svg\",\"caption\":\"H\u00fcbsch\"},\"image\":{\"@id\":\"https:\/\/hubsch-interior.com\/fr\/#\/schema\/logo\/image\/\"}}]}<\/script>\n<!-- \/ Yoast SEO plugin. -->","yoast_head_json":{"title":"Divide \u00c9tag\u00e8re Noir - H\u00fcbsch","description":"La Divide \u00c9tag\u00e8re Noir est l'ajout parfait \u00e0 votre int\u00e9rieur. Fabriqu\u00e9e en bois d'\u00e9rable et de m\u00e9tal, elle est certifi\u00e9e FSC, assurant une production","robots":{"index":"index","follow":"follow","max-snippet":"max-snippet:-1","max-image-preview":"max-image-preview:large","max-video-preview":"max-video-preview:-1"},"canonical":"https:\/\/hubsch-interior.com\/fr\/wp-json\/wp\/v2\/product\/387668","og_locale":"fr_FR","og_type":"article","og_title":"Divide \u00c9tag\u00e8re Noir - H\u00fcbsch","og_description":"La Divide \u00c9tag\u00e8re Noir est l'ajout parfait \u00e0 votre int\u00e9rieur. Fabriqu\u00e9e en bois d'\u00e9rable et de m\u00e9tal, elle est certifi\u00e9e FSC, assurant une production","og_url":"https:\/\/hubsch-interior.com\/fr\/produit\/divide-etagere-noir\/","og_site_name":"H\u00fcbsch","article_modified_time":"2026-04-09T02:16:06+00:00","og_image":[{"width":1200,"height":1200,"url":"https:\/\/hubsch-interior.com\/wp-content\/uploads\/2023\/08\/divide-shelf-unit-black-fd19e8578fd96d56254347466d7d292d.jpg","type":"image\/jpeg"}],"twitter_card":"summary_large_image","schema":{"@context":"https:\/\/schema.org","@graph":[{"@type":"WebPage","@id":"https:\/\/hubsch-interior.com\/fr\/produit\/divide-etagere-noir\/","url":"https:\/\/hubsch-interior.com\/fr\/produit\/divide-etagere-noir\/","name":"Divide \u00c9tag\u00e8re Noir - H\u00fcbsch","isPartOf":{"@id":"https:\/\/hubsch-interior.com\/fr\/#website"},"primaryImageOfPage":{"@id":"https:\/\/hubsch-interior.com\/fr\/produit\/divide-etagere-noir\/#primaryimage"},"image":{"@id":"https:\/\/hubsch-interior.com\/fr\/produit\/divide-etagere-noir\/#primaryimage"},"thumbnailUrl":"https:\/\/hubsch-interior.com\/wp-content\/uploads\/2026\/02\/divide-shelf-unit-black-87b79fc051ebe33be044650add2e68e5.jpg","datePublished":"2021-06-04T07:42:54+00:00","dateModified":"2026-04-09T02:16:06+00:00","description":"La Divide \u00c9tag\u00e8re Noir est l'ajout parfait \u00e0 votre int\u00e9rieur. Fabriqu\u00e9e en bois d'\u00e9rable et de m\u00e9tal, elle est certifi\u00e9e FSC, assurant une production","breadcrumb":{"@id":"https:\/\/hubsch-interior.com\/fr\/produit\/divide-etagere-noir\/#breadcrumb"},"inLanguage":"fr-FR","potentialAction":[{"@type":"ReadAction","target":["https:\/\/hubsch-interior.com\/fr\/produit\/divide-etagere-noir\/"]}]},{"@type":"ImageObject","inLanguage":"fr-FR","@id":"https:\/\/hubsch-interior.com\/fr\/produit\/divide-etagere-noir\/#primaryimage","url":"https:\/\/hubsch-interior.com\/wp-content\/uploads\/2026\/02\/divide-shelf-unit-black-87b79fc051ebe33be044650add2e68e5.jpg","contentUrl":"https:\/\/hubsch-interior.com\/wp-content\/uploads\/2026\/02\/divide-shelf-unit-black-87b79fc051ebe33be044650add2e68e5.jpg","width":1024,"height":1024},{"@type":"BreadcrumbList","@id":"https:\/\/hubsch-interior.com\/fr\/produit\/divide-etagere-noir\/#breadcrumb","itemListElement":[{"@type":"ListItem","position":1,"name":"Page d'accueil","item":"https:\/\/hubsch-interior.com\/fr\/"},{"@type":"ListItem","position":2,"name":"Produits","item":"https:\/\/hubsch-interior.com\/fr\/shop-2\/"},{"@type":"ListItem","position":3,"name":"Meubles","item":"https:\/\/hubsch-interior.com\/fr\/categorie-produit\/meubles\/"},{"@type":"ListItem","position":4,"name":"Etag&egrave;res et meubles de rangement","item":"https:\/\/hubsch-interior.com\/fr\/categorie-produit\/meubles\/etageres-et-meubles-de-rangement-fr\/"},{"@type":"ListItem","position":5,"name":"Biblioth&egrave;ques","item":"https:\/\/hubsch-interior.com\/fr\/categorie-produit\/meubles\/etageres-et-meubles-de-rangement-fr\/bibliotheques-fr\/"},{"@type":"ListItem","position":6,"name":"Divide \u00c9tag\u00e8re Noir"}]},{"@type":"WebSite","@id":"https:\/\/hubsch-interior.com\/fr\/#website","url":"https:\/\/hubsch-interior.com\/fr\/","name":"H\u00fcbsch","description":"Danish Home Interior and Design","publisher":{"@id":"https:\/\/hubsch-interior.com\/fr\/#organization"},"potentialAction":[{"@type":"SearchAction","target":{"@type":"EntryPoint","urlTemplate":"https:\/\/hubsch-interior.com\/fr\/?s={search_term_string}"},"query-input":{"@type":"PropertyValueSpecification","valueRequired":true,"valueName":"search_term_string"}}],"inLanguage":"fr-FR"},{"@type":"Organization","@id":"https:\/\/hubsch-interior.com\/fr\/#organization","name":"H\u00fcbsch","url":"https:\/\/hubsch-interior.com\/fr\/","logo":{"@type":"ImageObject","inLanguage":"fr-FR","@id":"https:\/\/hubsch-interior.com\/fr\/#\/schema\/logo\/image\/","url":"https:\/\/hubsch-interior.com\/wp-content\/uploads\/2022\/12\/Hubsch_logo_black_one_line.svg","contentUrl":"https:\/\/hubsch-interior.com\/wp-content\/uploads\/2022\/12\/Hubsch_logo_black_one_line.svg","caption":"H\u00fcbsch"},"image":{"@id":"https:\/\/hubsch-interior.com\/fr\/#\/schema\/logo\/image\/"}}]}},"_links":{"self":[{"href":"https:\/\/hubsch-interior.com\/fr\/wp-json\/wp\/v2\/product\/387668","targetHints":{"allow":["GET"]}}],"collection":[{"href":"https:\/\/hubsch-interior.com\/fr\/wp-json\/wp\/v2\/product"}],"about":[{"href":"https:\/\/hubsch-interior.com\/fr\/wp-json\/wp\/v2\/types\/product"}],"wp:featuredmedia":[{"embeddable":true,"href":"https:\/\/hubsch-interior.com\/fr\/wp-json\/wp\/v2\/media\/1092279"}],"wp:attachment":[{"href":"https:\/\/hubsch-interior.com\/fr\/wp-json\/wp\/v2\/media?parent=387668"}],"wp:term":[{"taxonomy":"product_brand","embeddable":true,"href":"https:\/\/hubsch-interior.com\/fr\/wp-json\/wp\/v2\/product_brand?post=387668"},{"taxonomy":"product_cat","embeddable":true,"href":"https:\/\/hubsch-interior.com\/fr\/wp-json\/wp\/v2\/product_cat?post=387668"},{"taxonomy":"product_tag","embeddable":true,"href":"https:\/\/hubsch-interior.com\/fr\/wp-json\/wp\/v2\/product_tag?post=387668"}],"curies":[{"name":"wp","href":"https:\/\/api.w.org\/{rel}","templated":true}]}}