{"id":387808,"date":"2021-06-04T09:43:26","date_gmt":"2021-06-04T07:43:26","guid":{"rendered":"https:\/\/hubsch-interior.com\/shop-b2c\/product\/product-6\/"},"modified":"2026-04-29T04:16:15","modified_gmt":"2026-04-29T02:16:15","slug":"fjord-table-a-manger-ronde-large-noir","status":"publish","type":"product","link":"https:\/\/hubsch-interior.com\/fr\/produit\/fjord-table-a-manger-ronde-large-noir\/","title":{"rendered":"Fjord Table \u00e0 manger Ronde Large Noir"},"content":{"rendered":"<p>Notre Fjord Table \u00e0 manger Large Noir est certifi\u00e9 FSC et faite de bois d&#8217;Acacia et d&#8217;Eucalyptus. Sa couleur noire \u00e9l\u00e9gante et intemporelle, ainsi que ses lignes \u00e9pur\u00e9es, apporteront une touche moderne \u00e0 votre int\u00e9rieur. Cette table \u00e0 manger completera votre d\u00e9coration int\u00e9rieure tout en vous offrant un confort optimal. Sa solidit\u00e9 et sa robustesse en font un produit durable pour votre maison.<\/p>\n","protected":false},"excerpt":{"rendered":"<p>Notre Fjord Table \u00e0 manger Large Noir est certifi\u00e9 FSC et faite de bois d&#8217;Acacia et d&#8217;Eucalyptus. Sa couleur noire \u00e9l\u00e9gante et intemporelle, ainsi que ses lignes \u00e9pur\u00e9es, apporteront une touche moderne \u00e0 votre int\u00e9rieur. Cette table \u00e0 manger completera votre d\u00e9coration int\u00e9rieure tout en vous offrant un confort optimal. Sa solidit\u00e9 et sa robustesse [&hellip;]<\/p>\n","protected":false},"featured_media":1092315,"template":"","meta":{"_acf_changed":false,"inline_featured_image":false},"product_brand":[],"product_cat":[6322,2859,4215],"product_tag":[],"class_list":{"0":"post-387808","1":"product","2":"type-product","3":"status-publish","4":"has-post-thumbnail","6":"product_cat-fsc-fr","7":"product_cat-tables-fr","8":"product_cat-tables-a-manger-fr","9":"product_shipping_class-p20","11":"pa_color-noir","12":"pa_material-mdf-fr","13":"pa_material-bois-de-frne","15":"first","16":"instock","17":"taxable","18":"shipping-taxable","19":"purchasable","20":"product-type-simple"},"exclude_global_add_ons":[],"addons":[],"acf":[],"yoast_head":"<!-- This site is optimized with the Yoast SEO plugin v26.4 - https:\/\/yoast.com\/wordpress\/plugins\/seo\/ -->\n<title>Fjord Table \u00e0 manger Ronde Large Noir - H\u00fcbsch<\/title>\n<meta name=\"description\" content=\"Notre Fjord Table \u00e0 manger Large Noir est certifi\u00e9 FSC et faite de bois d&#039;Acacia et d&#039;Eucalyptus. Sa couleur noire \u00e9l\u00e9gante et intemporelle, ainsi que ses\" \/>\n<meta name=\"robots\" content=\"index, follow, max-snippet:-1, max-image-preview:large, max-video-preview:-1\" \/>\n<link rel=\"canonical\" href=\"https:\/\/hubsch-interior.com\/fr\/wp-json\/wp\/v2\/product\/387808\" \/>\n<meta property=\"og:locale\" content=\"fr_FR\" \/>\n<meta property=\"og:type\" content=\"article\" \/>\n<meta property=\"og:title\" content=\"Fjord Table \u00e0 manger Ronde Large Noir - H\u00fcbsch\" \/>\n<meta property=\"og:description\" content=\"Notre Fjord Table \u00e0 manger Large Noir est certifi\u00e9 FSC et faite de bois d&#039;Acacia et d&#039;Eucalyptus. Sa couleur noire \u00e9l\u00e9gante et intemporelle, ainsi que ses\" \/>\n<meta property=\"og:url\" content=\"https:\/\/hubsch-interior.com\/fr\/produit\/fjord-table-a-manger-ronde-large-noir\/\" \/>\n<meta property=\"og:site_name\" content=\"H\u00fcbsch\" \/>\n<meta property=\"article:modified_time\" content=\"2026-04-29T02:16:15+00:00\" \/>\n<meta property=\"og:image\" content=\"https:\/\/hubsch-interior.com\/wp-content\/uploads\/2023\/11\/fjord-dining-table-large-black-f0c6f72a95940919ec875a70d439a037.jpg\" \/>\n\t<meta property=\"og:image:width\" content=\"1200\" \/>\n\t<meta property=\"og:image:height\" content=\"1200\" \/>\n\t<meta property=\"og:image:type\" content=\"image\/jpeg\" \/>\n<meta name=\"twitter:card\" content=\"summary_large_image\" \/>\n<script type=\"application\/ld+json\" class=\"yoast-schema-graph\">{\"@context\":\"https:\/\/schema.org\",\"@graph\":[{\"@type\":\"WebPage\",\"@id\":\"https:\/\/hubsch-interior.com\/fr\/produit\/fjord-table-a-manger-ronde-large-noir\/\",\"url\":\"https:\/\/hubsch-interior.com\/fr\/produit\/fjord-table-a-manger-ronde-large-noir\/\",\"name\":\"Fjord Table \u00e0 manger Ronde Large Noir - H\u00fcbsch\",\"isPartOf\":{\"@id\":\"https:\/\/hubsch-interior.com\/fr\/#website\"},\"primaryImageOfPage\":{\"@id\":\"https:\/\/hubsch-interior.com\/fr\/produit\/fjord-table-a-manger-ronde-large-noir\/#primaryimage\"},\"image\":{\"@id\":\"https:\/\/hubsch-interior.com\/fr\/produit\/fjord-table-a-manger-ronde-large-noir\/#primaryimage\"},\"thumbnailUrl\":\"https:\/\/hubsch-interior.com\/wp-content\/uploads\/2026\/02\/fjord-dining-table-round-large-black-fea28540e401d668e9ba53a7335369b7.jpg\",\"datePublished\":\"2021-06-04T07:43:26+00:00\",\"dateModified\":\"2026-04-29T02:16:15+00:00\",\"description\":\"Notre Fjord Table \u00e0 manger Large Noir est certifi\u00e9 FSC et faite de bois d'Acacia et d'Eucalyptus. Sa couleur noire \u00e9l\u00e9gante et intemporelle, ainsi que ses\",\"breadcrumb\":{\"@id\":\"https:\/\/hubsch-interior.com\/fr\/produit\/fjord-table-a-manger-ronde-large-noir\/#breadcrumb\"},\"inLanguage\":\"fr-FR\",\"potentialAction\":[{\"@type\":\"ReadAction\",\"target\":[\"https:\/\/hubsch-interior.com\/fr\/produit\/fjord-table-a-manger-ronde-large-noir\/\"]}]},{\"@type\":\"ImageObject\",\"inLanguage\":\"fr-FR\",\"@id\":\"https:\/\/hubsch-interior.com\/fr\/produit\/fjord-table-a-manger-ronde-large-noir\/#primaryimage\",\"url\":\"https:\/\/hubsch-interior.com\/wp-content\/uploads\/2026\/02\/fjord-dining-table-round-large-black-fea28540e401d668e9ba53a7335369b7.jpg\",\"contentUrl\":\"https:\/\/hubsch-interior.com\/wp-content\/uploads\/2026\/02\/fjord-dining-table-round-large-black-fea28540e401d668e9ba53a7335369b7.jpg\",\"width\":1024,\"height\":1024},{\"@type\":\"BreadcrumbList\",\"@id\":\"https:\/\/hubsch-interior.com\/fr\/produit\/fjord-table-a-manger-ronde-large-noir\/#breadcrumb\",\"itemListElement\":[{\"@type\":\"ListItem\",\"position\":1,\"name\":\"Page d'accueil\",\"item\":\"https:\/\/hubsch-interior.com\/fr\/\"},{\"@type\":\"ListItem\",\"position\":2,\"name\":\"Produits\",\"item\":\"https:\/\/hubsch-interior.com\/fr\/shop-2\/\"},{\"@type\":\"ListItem\",\"position\":3,\"name\":\"Meubles\",\"item\":\"https:\/\/hubsch-interior.com\/fr\/categorie-produit\/meubles\/\"},{\"@type\":\"ListItem\",\"position\":4,\"name\":\"Tables\",\"item\":\"https:\/\/hubsch-interior.com\/fr\/categorie-produit\/meubles\/tables-fr\/\"},{\"@type\":\"ListItem\",\"position\":5,\"name\":\"Tables &agrave; manger\",\"item\":\"https:\/\/hubsch-interior.com\/fr\/categorie-produit\/meubles\/tables-fr\/tables-a-manger-fr\/\"},{\"@type\":\"ListItem\",\"position\":6,\"name\":\"Fjord Table \u00e0 manger Ronde Large Noir\"}]},{\"@type\":\"WebSite\",\"@id\":\"https:\/\/hubsch-interior.com\/fr\/#website\",\"url\":\"https:\/\/hubsch-interior.com\/fr\/\",\"name\":\"H\u00fcbsch\",\"description\":\"Danish Home Interior and Design\",\"publisher\":{\"@id\":\"https:\/\/hubsch-interior.com\/fr\/#organization\"},\"potentialAction\":[{\"@type\":\"SearchAction\",\"target\":{\"@type\":\"EntryPoint\",\"urlTemplate\":\"https:\/\/hubsch-interior.com\/fr\/?s={search_term_string}\"},\"query-input\":{\"@type\":\"PropertyValueSpecification\",\"valueRequired\":true,\"valueName\":\"search_term_string\"}}],\"inLanguage\":\"fr-FR\"},{\"@type\":\"Organization\",\"@id\":\"https:\/\/hubsch-interior.com\/fr\/#organization\",\"name\":\"H\u00fcbsch\",\"url\":\"https:\/\/hubsch-interior.com\/fr\/\",\"logo\":{\"@type\":\"ImageObject\",\"inLanguage\":\"fr-FR\",\"@id\":\"https:\/\/hubsch-interior.com\/fr\/#\/schema\/logo\/image\/\",\"url\":\"https:\/\/hubsch-interior.com\/wp-content\/uploads\/2022\/12\/Hubsch_logo_black_one_line.svg\",\"contentUrl\":\"https:\/\/hubsch-interior.com\/wp-content\/uploads\/2022\/12\/Hubsch_logo_black_one_line.svg\",\"caption\":\"H\u00fcbsch\"},\"image\":{\"@id\":\"https:\/\/hubsch-interior.com\/fr\/#\/schema\/logo\/image\/\"}}]}<\/script>\n<!-- \/ Yoast SEO plugin. -->","yoast_head_json":{"title":"Fjord Table \u00e0 manger Ronde Large Noir - H\u00fcbsch","description":"Notre Fjord Table \u00e0 manger Large Noir est certifi\u00e9 FSC et faite de bois d'Acacia et d'Eucalyptus. Sa couleur noire \u00e9l\u00e9gante et intemporelle, ainsi que ses","robots":{"index":"index","follow":"follow","max-snippet":"max-snippet:-1","max-image-preview":"max-image-preview:large","max-video-preview":"max-video-preview:-1"},"canonical":"https:\/\/hubsch-interior.com\/fr\/wp-json\/wp\/v2\/product\/387808","og_locale":"fr_FR","og_type":"article","og_title":"Fjord Table \u00e0 manger Ronde Large Noir - H\u00fcbsch","og_description":"Notre Fjord Table \u00e0 manger Large Noir est certifi\u00e9 FSC et faite de bois d'Acacia et d'Eucalyptus. Sa couleur noire \u00e9l\u00e9gante et intemporelle, ainsi que ses","og_url":"https:\/\/hubsch-interior.com\/fr\/produit\/fjord-table-a-manger-ronde-large-noir\/","og_site_name":"H\u00fcbsch","article_modified_time":"2026-04-29T02:16:15+00:00","og_image":[{"width":1200,"height":1200,"url":"https:\/\/hubsch-interior.com\/wp-content\/uploads\/2023\/11\/fjord-dining-table-large-black-f0c6f72a95940919ec875a70d439a037.jpg","type":"image\/jpeg"}],"twitter_card":"summary_large_image","schema":{"@context":"https:\/\/schema.org","@graph":[{"@type":"WebPage","@id":"https:\/\/hubsch-interior.com\/fr\/produit\/fjord-table-a-manger-ronde-large-noir\/","url":"https:\/\/hubsch-interior.com\/fr\/produit\/fjord-table-a-manger-ronde-large-noir\/","name":"Fjord Table \u00e0 manger Ronde Large Noir - H\u00fcbsch","isPartOf":{"@id":"https:\/\/hubsch-interior.com\/fr\/#website"},"primaryImageOfPage":{"@id":"https:\/\/hubsch-interior.com\/fr\/produit\/fjord-table-a-manger-ronde-large-noir\/#primaryimage"},"image":{"@id":"https:\/\/hubsch-interior.com\/fr\/produit\/fjord-table-a-manger-ronde-large-noir\/#primaryimage"},"thumbnailUrl":"https:\/\/hubsch-interior.com\/wp-content\/uploads\/2026\/02\/fjord-dining-table-round-large-black-fea28540e401d668e9ba53a7335369b7.jpg","datePublished":"2021-06-04T07:43:26+00:00","dateModified":"2026-04-29T02:16:15+00:00","description":"Notre Fjord Table \u00e0 manger Large Noir est certifi\u00e9 FSC et faite de bois d'Acacia et d'Eucalyptus. Sa couleur noire \u00e9l\u00e9gante et intemporelle, ainsi que ses","breadcrumb":{"@id":"https:\/\/hubsch-interior.com\/fr\/produit\/fjord-table-a-manger-ronde-large-noir\/#breadcrumb"},"inLanguage":"fr-FR","potentialAction":[{"@type":"ReadAction","target":["https:\/\/hubsch-interior.com\/fr\/produit\/fjord-table-a-manger-ronde-large-noir\/"]}]},{"@type":"ImageObject","inLanguage":"fr-FR","@id":"https:\/\/hubsch-interior.com\/fr\/produit\/fjord-table-a-manger-ronde-large-noir\/#primaryimage","url":"https:\/\/hubsch-interior.com\/wp-content\/uploads\/2026\/02\/fjord-dining-table-round-large-black-fea28540e401d668e9ba53a7335369b7.jpg","contentUrl":"https:\/\/hubsch-interior.com\/wp-content\/uploads\/2026\/02\/fjord-dining-table-round-large-black-fea28540e401d668e9ba53a7335369b7.jpg","width":1024,"height":1024},{"@type":"BreadcrumbList","@id":"https:\/\/hubsch-interior.com\/fr\/produit\/fjord-table-a-manger-ronde-large-noir\/#breadcrumb","itemListElement":[{"@type":"ListItem","position":1,"name":"Page d'accueil","item":"https:\/\/hubsch-interior.com\/fr\/"},{"@type":"ListItem","position":2,"name":"Produits","item":"https:\/\/hubsch-interior.com\/fr\/shop-2\/"},{"@type":"ListItem","position":3,"name":"Meubles","item":"https:\/\/hubsch-interior.com\/fr\/categorie-produit\/meubles\/"},{"@type":"ListItem","position":4,"name":"Tables","item":"https:\/\/hubsch-interior.com\/fr\/categorie-produit\/meubles\/tables-fr\/"},{"@type":"ListItem","position":5,"name":"Tables &agrave; manger","item":"https:\/\/hubsch-interior.com\/fr\/categorie-produit\/meubles\/tables-fr\/tables-a-manger-fr\/"},{"@type":"ListItem","position":6,"name":"Fjord Table \u00e0 manger Ronde Large Noir"}]},{"@type":"WebSite","@id":"https:\/\/hubsch-interior.com\/fr\/#website","url":"https:\/\/hubsch-interior.com\/fr\/","name":"H\u00fcbsch","description":"Danish Home Interior and Design","publisher":{"@id":"https:\/\/hubsch-interior.com\/fr\/#organization"},"potentialAction":[{"@type":"SearchAction","target":{"@type":"EntryPoint","urlTemplate":"https:\/\/hubsch-interior.com\/fr\/?s={search_term_string}"},"query-input":{"@type":"PropertyValueSpecification","valueRequired":true,"valueName":"search_term_string"}}],"inLanguage":"fr-FR"},{"@type":"Organization","@id":"https:\/\/hubsch-interior.com\/fr\/#organization","name":"H\u00fcbsch","url":"https:\/\/hubsch-interior.com\/fr\/","logo":{"@type":"ImageObject","inLanguage":"fr-FR","@id":"https:\/\/hubsch-interior.com\/fr\/#\/schema\/logo\/image\/","url":"https:\/\/hubsch-interior.com\/wp-content\/uploads\/2022\/12\/Hubsch_logo_black_one_line.svg","contentUrl":"https:\/\/hubsch-interior.com\/wp-content\/uploads\/2022\/12\/Hubsch_logo_black_one_line.svg","caption":"H\u00fcbsch"},"image":{"@id":"https:\/\/hubsch-interior.com\/fr\/#\/schema\/logo\/image\/"}}]}},"_links":{"self":[{"href":"https:\/\/hubsch-interior.com\/fr\/wp-json\/wp\/v2\/product\/387808","targetHints":{"allow":["GET"]}}],"collection":[{"href":"https:\/\/hubsch-interior.com\/fr\/wp-json\/wp\/v2\/product"}],"about":[{"href":"https:\/\/hubsch-interior.com\/fr\/wp-json\/wp\/v2\/types\/product"}],"wp:featuredmedia":[{"embeddable":true,"href":"https:\/\/hubsch-interior.com\/fr\/wp-json\/wp\/v2\/media\/1092315"}],"wp:attachment":[{"href":"https:\/\/hubsch-interior.com\/fr\/wp-json\/wp\/v2\/media?parent=387808"}],"wp:term":[{"taxonomy":"product_brand","embeddable":true,"href":"https:\/\/hubsch-interior.com\/fr\/wp-json\/wp\/v2\/product_brand?post=387808"},{"taxonomy":"product_cat","embeddable":true,"href":"https:\/\/hubsch-interior.com\/fr\/wp-json\/wp\/v2\/product_cat?post=387808"},{"taxonomy":"product_tag","embeddable":true,"href":"https:\/\/hubsch-interior.com\/fr\/wp-json\/wp\/v2\/product_tag?post=387808"}],"curies":[{"name":"wp","href":"https:\/\/api.w.org\/{rel}","templated":true}]}}