{"id":388292,"date":"2021-06-04T09:45:00","date_gmt":"2021-06-04T07:45:00","guid":{"rendered":"https:\/\/hubsch-interior.com\/shop-b2c\/product\/product-6\/"},"modified":"2026-04-09T04:22:08","modified_gmt":"2026-04-09T02:22:08","slug":"studio-pot-a-crayons-large-beige","status":"publish","type":"product","link":"https:\/\/hubsch-interior.com\/fr\/produit\/studio-pot-a-crayons-large-beige\/","title":{"rendered":"Studio Pot \u00e0 crayons Large Beige"},"content":{"rendered":"<p>Le pot \u00e0 crayons en cuir est \u00e9l\u00e9gant et chic. La forme rectangulaire lui conf\u00e8re un look moderne et la couleur beige clair lui apporte une touche \u00e9l\u00e9gante. Sa taille permet de ranger des stylos plus grands ainsi que d&#8217;autres mat\u00e9riaux d\u2019\u00e9criture.<\/p>\n","protected":false},"excerpt":{"rendered":"<p>Le pot \u00e0 crayons en cuir est \u00e9l\u00e9gant et chic. La forme rectangulaire lui conf\u00e8re un look moderne et la couleur beige clair lui apporte une touche \u00e9l\u00e9gante. Sa taille permet de ranger des stylos plus grands ainsi que d&#8217;autres mat\u00e9riaux d\u2019\u00e9criture.<\/p>\n","protected":false},"featured_media":1114217,"template":"","meta":{"_acf_changed":false,"inline_featured_image":false},"product_brand":[],"product_cat":[4153,4960,4154,6535],"product_tag":[],"class_list":{"0":"post-388292","1":"product","2":"type-product","3":"status-publish","4":"has-post-thumbnail","6":"product_cat-espace-de-travail-fr","7":"product_cat-rangement-fr","8":"product_cat-fournitures-de-bureau-fr","9":"product_cat-outlet-fr","10":"product_shipping_class-pk","12":"pa_color-beige-3","13":"pa_material-cuir","15":"first","16":"instock","17":"sale","18":"taxable","19":"shipping-taxable","20":"purchasable","21":"product-type-simple"},"exclude_global_add_ons":[],"addons":[],"acf":[],"yoast_head":"<!-- This site is optimized with the Yoast SEO plugin v26.4 - https:\/\/yoast.com\/wordpress\/plugins\/seo\/ -->\n<title>Studio Pot \u00e0 crayons Large Beige - H\u00fcbsch<\/title>\n<meta name=\"description\" content=\"Le pot \u00e0 crayons en cuir est \u00e9l\u00e9gant et chic. La forme rectangulaire lui conf\u00e8re un look moderne et la couleur beige clair lui apporte une touche\" \/>\n<meta name=\"robots\" content=\"index, follow, max-snippet:-1, max-image-preview:large, max-video-preview:-1\" \/>\n<link rel=\"canonical\" href=\"https:\/\/hubsch-interior.com\/fr\/wp-json\/wp\/v2\/product\/388292\" \/>\n<meta property=\"og:locale\" content=\"fr_FR\" \/>\n<meta property=\"og:type\" content=\"article\" \/>\n<meta property=\"og:title\" content=\"Studio Pot \u00e0 crayons Large Beige - H\u00fcbsch\" \/>\n<meta property=\"og:description\" content=\"Le pot \u00e0 crayons en cuir est \u00e9l\u00e9gant et chic. La forme rectangulaire lui conf\u00e8re un look moderne et la couleur beige clair lui apporte une touche\" \/>\n<meta property=\"og:url\" content=\"https:\/\/hubsch-interior.com\/fr\/produit\/studio-pot-a-crayons-large-beige\/\" \/>\n<meta property=\"og:site_name\" content=\"H\u00fcbsch\" \/>\n<meta property=\"article:modified_time\" content=\"2026-04-09T02:22:08+00:00\" \/>\n<meta property=\"og:image\" content=\"https:\/\/hubsch-interior.com\/wp-content\/uploads\/2023\/08\/studio-pen-holder-large-beige-8c9d615c032294e9db5c5f38d904bf27.jpg\" \/>\n\t<meta property=\"og:image:width\" content=\"1200\" \/>\n\t<meta property=\"og:image:height\" content=\"1200\" \/>\n\t<meta property=\"og:image:type\" content=\"image\/jpeg\" \/>\n<meta name=\"twitter:card\" content=\"summary_large_image\" \/>\n<script type=\"application\/ld+json\" class=\"yoast-schema-graph\">{\"@context\":\"https:\/\/schema.org\",\"@graph\":[{\"@type\":\"WebPage\",\"@id\":\"https:\/\/hubsch-interior.com\/fr\/produit\/studio-pot-a-crayons-large-beige\/\",\"url\":\"https:\/\/hubsch-interior.com\/fr\/produit\/studio-pot-a-crayons-large-beige\/\",\"name\":\"Studio Pot \u00e0 crayons Large Beige - H\u00fcbsch\",\"isPartOf\":{\"@id\":\"https:\/\/hubsch-interior.com\/fr\/#website\"},\"primaryImageOfPage\":{\"@id\":\"https:\/\/hubsch-interior.com\/fr\/produit\/studio-pot-a-crayons-large-beige\/#primaryimage\"},\"image\":{\"@id\":\"https:\/\/hubsch-interior.com\/fr\/produit\/studio-pot-a-crayons-large-beige\/#primaryimage\"},\"thumbnailUrl\":\"https:\/\/hubsch-interior.com\/wp-content\/uploads\/2026\/02\/studio-pen-holder-large-beige-4a1f35309b6e53c9782fbddc09ba2446.jpg\",\"datePublished\":\"2021-06-04T07:45:00+00:00\",\"dateModified\":\"2026-04-09T02:22:08+00:00\",\"description\":\"Le pot \u00e0 crayons en cuir est \u00e9l\u00e9gant et chic. La forme rectangulaire lui conf\u00e8re un look moderne et la couleur beige clair lui apporte une touche\",\"breadcrumb\":{\"@id\":\"https:\/\/hubsch-interior.com\/fr\/produit\/studio-pot-a-crayons-large-beige\/#breadcrumb\"},\"inLanguage\":\"fr-FR\",\"potentialAction\":[{\"@type\":\"ReadAction\",\"target\":[\"https:\/\/hubsch-interior.com\/fr\/produit\/studio-pot-a-crayons-large-beige\/\"]}]},{\"@type\":\"ImageObject\",\"inLanguage\":\"fr-FR\",\"@id\":\"https:\/\/hubsch-interior.com\/fr\/produit\/studio-pot-a-crayons-large-beige\/#primaryimage\",\"url\":\"https:\/\/hubsch-interior.com\/wp-content\/uploads\/2026\/02\/studio-pen-holder-large-beige-4a1f35309b6e53c9782fbddc09ba2446.jpg\",\"contentUrl\":\"https:\/\/hubsch-interior.com\/wp-content\/uploads\/2026\/02\/studio-pen-holder-large-beige-4a1f35309b6e53c9782fbddc09ba2446.jpg\",\"width\":1024,\"height\":1024},{\"@type\":\"BreadcrumbList\",\"@id\":\"https:\/\/hubsch-interior.com\/fr\/produit\/studio-pot-a-crayons-large-beige\/#breadcrumb\",\"itemListElement\":[{\"@type\":\"ListItem\",\"position\":1,\"name\":\"Page d'accueil\",\"item\":\"https:\/\/hubsch-interior.com\/fr\/\"},{\"@type\":\"ListItem\",\"position\":2,\"name\":\"Produits\",\"item\":\"https:\/\/hubsch-interior.com\/fr\/shop-2\/\"},{\"@type\":\"ListItem\",\"position\":3,\"name\":\"Accessoires maison\",\"item\":\"https:\/\/hubsch-interior.com\/fr\/categorie-produit\/accessoires-maison\/\"},{\"@type\":\"ListItem\",\"position\":4,\"name\":\"Espace de travail\",\"item\":\"https:\/\/hubsch-interior.com\/fr\/categorie-produit\/accessoires-maison\/espace-de-travail-fr\/\"},{\"@type\":\"ListItem\",\"position\":5,\"name\":\"Rangement\",\"item\":\"https:\/\/hubsch-interior.com\/fr\/categorie-produit\/accessoires-maison\/espace-de-travail-fr\/rangement-fr\/\"},{\"@type\":\"ListItem\",\"position\":6,\"name\":\"Studio Pot \u00e0 crayons Large Beige\"}]},{\"@type\":\"WebSite\",\"@id\":\"https:\/\/hubsch-interior.com\/fr\/#website\",\"url\":\"https:\/\/hubsch-interior.com\/fr\/\",\"name\":\"H\u00fcbsch\",\"description\":\"Danish Home Interior and Design\",\"publisher\":{\"@id\":\"https:\/\/hubsch-interior.com\/fr\/#organization\"},\"potentialAction\":[{\"@type\":\"SearchAction\",\"target\":{\"@type\":\"EntryPoint\",\"urlTemplate\":\"https:\/\/hubsch-interior.com\/fr\/?s={search_term_string}\"},\"query-input\":{\"@type\":\"PropertyValueSpecification\",\"valueRequired\":true,\"valueName\":\"search_term_string\"}}],\"inLanguage\":\"fr-FR\"},{\"@type\":\"Organization\",\"@id\":\"https:\/\/hubsch-interior.com\/fr\/#organization\",\"name\":\"H\u00fcbsch\",\"url\":\"https:\/\/hubsch-interior.com\/fr\/\",\"logo\":{\"@type\":\"ImageObject\",\"inLanguage\":\"fr-FR\",\"@id\":\"https:\/\/hubsch-interior.com\/fr\/#\/schema\/logo\/image\/\",\"url\":\"https:\/\/hubsch-interior.com\/wp-content\/uploads\/2022\/12\/Hubsch_logo_black_one_line.svg\",\"contentUrl\":\"https:\/\/hubsch-interior.com\/wp-content\/uploads\/2022\/12\/Hubsch_logo_black_one_line.svg\",\"caption\":\"H\u00fcbsch\"},\"image\":{\"@id\":\"https:\/\/hubsch-interior.com\/fr\/#\/schema\/logo\/image\/\"}}]}<\/script>\n<!-- \/ Yoast SEO plugin. -->","yoast_head_json":{"title":"Studio Pot \u00e0 crayons Large Beige - H\u00fcbsch","description":"Le pot \u00e0 crayons en cuir est \u00e9l\u00e9gant et chic. La forme rectangulaire lui conf\u00e8re un look moderne et la couleur beige clair lui apporte une touche","robots":{"index":"index","follow":"follow","max-snippet":"max-snippet:-1","max-image-preview":"max-image-preview:large","max-video-preview":"max-video-preview:-1"},"canonical":"https:\/\/hubsch-interior.com\/fr\/wp-json\/wp\/v2\/product\/388292","og_locale":"fr_FR","og_type":"article","og_title":"Studio Pot \u00e0 crayons Large Beige - H\u00fcbsch","og_description":"Le pot \u00e0 crayons en cuir est \u00e9l\u00e9gant et chic. La forme rectangulaire lui conf\u00e8re un look moderne et la couleur beige clair lui apporte une touche","og_url":"https:\/\/hubsch-interior.com\/fr\/produit\/studio-pot-a-crayons-large-beige\/","og_site_name":"H\u00fcbsch","article_modified_time":"2026-04-09T02:22:08+00:00","og_image":[{"width":1200,"height":1200,"url":"https:\/\/hubsch-interior.com\/wp-content\/uploads\/2023\/08\/studio-pen-holder-large-beige-8c9d615c032294e9db5c5f38d904bf27.jpg","type":"image\/jpeg"}],"twitter_card":"summary_large_image","schema":{"@context":"https:\/\/schema.org","@graph":[{"@type":"WebPage","@id":"https:\/\/hubsch-interior.com\/fr\/produit\/studio-pot-a-crayons-large-beige\/","url":"https:\/\/hubsch-interior.com\/fr\/produit\/studio-pot-a-crayons-large-beige\/","name":"Studio Pot \u00e0 crayons Large Beige - H\u00fcbsch","isPartOf":{"@id":"https:\/\/hubsch-interior.com\/fr\/#website"},"primaryImageOfPage":{"@id":"https:\/\/hubsch-interior.com\/fr\/produit\/studio-pot-a-crayons-large-beige\/#primaryimage"},"image":{"@id":"https:\/\/hubsch-interior.com\/fr\/produit\/studio-pot-a-crayons-large-beige\/#primaryimage"},"thumbnailUrl":"https:\/\/hubsch-interior.com\/wp-content\/uploads\/2026\/02\/studio-pen-holder-large-beige-4a1f35309b6e53c9782fbddc09ba2446.jpg","datePublished":"2021-06-04T07:45:00+00:00","dateModified":"2026-04-09T02:22:08+00:00","description":"Le pot \u00e0 crayons en cuir est \u00e9l\u00e9gant et chic. La forme rectangulaire lui conf\u00e8re un look moderne et la couleur beige clair lui apporte une touche","breadcrumb":{"@id":"https:\/\/hubsch-interior.com\/fr\/produit\/studio-pot-a-crayons-large-beige\/#breadcrumb"},"inLanguage":"fr-FR","potentialAction":[{"@type":"ReadAction","target":["https:\/\/hubsch-interior.com\/fr\/produit\/studio-pot-a-crayons-large-beige\/"]}]},{"@type":"ImageObject","inLanguage":"fr-FR","@id":"https:\/\/hubsch-interior.com\/fr\/produit\/studio-pot-a-crayons-large-beige\/#primaryimage","url":"https:\/\/hubsch-interior.com\/wp-content\/uploads\/2026\/02\/studio-pen-holder-large-beige-4a1f35309b6e53c9782fbddc09ba2446.jpg","contentUrl":"https:\/\/hubsch-interior.com\/wp-content\/uploads\/2026\/02\/studio-pen-holder-large-beige-4a1f35309b6e53c9782fbddc09ba2446.jpg","width":1024,"height":1024},{"@type":"BreadcrumbList","@id":"https:\/\/hubsch-interior.com\/fr\/produit\/studio-pot-a-crayons-large-beige\/#breadcrumb","itemListElement":[{"@type":"ListItem","position":1,"name":"Page d'accueil","item":"https:\/\/hubsch-interior.com\/fr\/"},{"@type":"ListItem","position":2,"name":"Produits","item":"https:\/\/hubsch-interior.com\/fr\/shop-2\/"},{"@type":"ListItem","position":3,"name":"Accessoires maison","item":"https:\/\/hubsch-interior.com\/fr\/categorie-produit\/accessoires-maison\/"},{"@type":"ListItem","position":4,"name":"Espace de travail","item":"https:\/\/hubsch-interior.com\/fr\/categorie-produit\/accessoires-maison\/espace-de-travail-fr\/"},{"@type":"ListItem","position":5,"name":"Rangement","item":"https:\/\/hubsch-interior.com\/fr\/categorie-produit\/accessoires-maison\/espace-de-travail-fr\/rangement-fr\/"},{"@type":"ListItem","position":6,"name":"Studio Pot \u00e0 crayons Large Beige"}]},{"@type":"WebSite","@id":"https:\/\/hubsch-interior.com\/fr\/#website","url":"https:\/\/hubsch-interior.com\/fr\/","name":"H\u00fcbsch","description":"Danish Home Interior and Design","publisher":{"@id":"https:\/\/hubsch-interior.com\/fr\/#organization"},"potentialAction":[{"@type":"SearchAction","target":{"@type":"EntryPoint","urlTemplate":"https:\/\/hubsch-interior.com\/fr\/?s={search_term_string}"},"query-input":{"@type":"PropertyValueSpecification","valueRequired":true,"valueName":"search_term_string"}}],"inLanguage":"fr-FR"},{"@type":"Organization","@id":"https:\/\/hubsch-interior.com\/fr\/#organization","name":"H\u00fcbsch","url":"https:\/\/hubsch-interior.com\/fr\/","logo":{"@type":"ImageObject","inLanguage":"fr-FR","@id":"https:\/\/hubsch-interior.com\/fr\/#\/schema\/logo\/image\/","url":"https:\/\/hubsch-interior.com\/wp-content\/uploads\/2022\/12\/Hubsch_logo_black_one_line.svg","contentUrl":"https:\/\/hubsch-interior.com\/wp-content\/uploads\/2022\/12\/Hubsch_logo_black_one_line.svg","caption":"H\u00fcbsch"},"image":{"@id":"https:\/\/hubsch-interior.com\/fr\/#\/schema\/logo\/image\/"}}]}},"_links":{"self":[{"href":"https:\/\/hubsch-interior.com\/fr\/wp-json\/wp\/v2\/product\/388292","targetHints":{"allow":["GET"]}}],"collection":[{"href":"https:\/\/hubsch-interior.com\/fr\/wp-json\/wp\/v2\/product"}],"about":[{"href":"https:\/\/hubsch-interior.com\/fr\/wp-json\/wp\/v2\/types\/product"}],"wp:featuredmedia":[{"embeddable":true,"href":"https:\/\/hubsch-interior.com\/fr\/wp-json\/wp\/v2\/media\/1114217"}],"wp:attachment":[{"href":"https:\/\/hubsch-interior.com\/fr\/wp-json\/wp\/v2\/media?parent=388292"}],"wp:term":[{"taxonomy":"product_brand","embeddable":true,"href":"https:\/\/hubsch-interior.com\/fr\/wp-json\/wp\/v2\/product_brand?post=388292"},{"taxonomy":"product_cat","embeddable":true,"href":"https:\/\/hubsch-interior.com\/fr\/wp-json\/wp\/v2\/product_cat?post=388292"},{"taxonomy":"product_tag","embeddable":true,"href":"https:\/\/hubsch-interior.com\/fr\/wp-json\/wp\/v2\/product_tag?post=388292"}],"curies":[{"name":"wp","href":"https:\/\/api.w.org\/{rel}","templated":true}]}}