{"id":388384,"date":"2021-06-04T09:45:16","date_gmt":"2021-06-04T07:45:16","guid":{"rendered":"https:\/\/hubsch-interior.com\/shop-b2c\/product\/product-6\/"},"modified":"2026-04-09T04:22:19","modified_gmt":"2026-04-09T02:22:19","slug":"solace-linge-de-lit-60x63-140x200-bleu-claire","status":"publish","type":"product","link":"https:\/\/hubsch-interior.com\/fr\/produit\/solace-linge-de-lit-60x63-140x200-bleu-claire\/","title":{"rendered":"Solace Linge de lit 60X63 140X200 Bleu claire"},"content":{"rendered":"<p>Plongez dans le confort du linge de lit Solace Linge de lit. Ce mat\u00e9riel en coton \u00e0 rayures bleues et rouges est certifi\u00e9 par OEKO-TEX\u00ae STANDARD 100, garantissant une qualit\u00e9 sup\u00e9rieure. Id\u00e9al pour toute chambre \u00e0 coucher, le Solace Linge de lit est doux et confortable. Il est \u00e9galement disponible en deux tailles pour que vous puissiez trouver la dimension parfaite pour votre lit. Profitez d&#8217;un environnement de sommeil accueillant et douillet avec Solace Linge de lit.<\/p>\n","protected":false},"excerpt":{"rendered":"<p>Plongez dans le confort du linge de lit Solace Linge de lit. Ce mat\u00e9riel en coton \u00e0 rayures bleues et rouges est certifi\u00e9 par OEKO-TEX\u00ae STANDARD 100, garantissant une qualit\u00e9 sup\u00e9rieure. Id\u00e9al pour toute chambre \u00e0 coucher, le Solace Linge de lit est doux et confortable. Il est \u00e9galement disponible en deux tailles pour que [&hellip;]<\/p>\n","protected":false},"featured_media":1094844,"template":"","meta":{"_acf_changed":false,"inline_featured_image":false},"product_brand":[],"product_cat":[3002,3970,5026],"product_tag":[],"class_list":{"0":"post-388384","1":"product","2":"type-product","3":"status-publish","4":"has-post-thumbnail","6":"product_cat-textile","7":"product_cat-linge-de-lit-fr","8":"product_cat-bestsellers-fr","9":"product_shipping_class-pk","11":"pa_color-bleu-claire-2","12":"pa_material-cotton-100-fr","14":"first","15":"instock","16":"featured","17":"taxable","18":"shipping-taxable","19":"purchasable","20":"product-type-simple"},"exclude_global_add_ons":[],"addons":[],"acf":[],"yoast_head":"<!-- This site is optimized with the Yoast SEO plugin v26.4 - https:\/\/yoast.com\/wordpress\/plugins\/seo\/ -->\n<title>Solace Linge de lit 60X63 140X200 Bleu claire - H\u00fcbsch<\/title>\n<meta name=\"description\" content=\"Plongez dans le confort du linge de lit Solace Linge de lit. Ce mat\u00e9riel en coton \u00e0 rayures bleues et rouges est certifi\u00e9 par OEKO-TEX\u00ae STANDARD 100,\" \/>\n<meta name=\"robots\" content=\"index, follow, max-snippet:-1, max-image-preview:large, max-video-preview:-1\" \/>\n<link rel=\"canonical\" href=\"https:\/\/hubsch-interior.com\/fr\/wp-json\/wp\/v2\/product\/388384\" \/>\n<meta property=\"og:locale\" content=\"fr_FR\" \/>\n<meta property=\"og:type\" content=\"article\" \/>\n<meta property=\"og:title\" content=\"Solace Linge de lit 60X63 140X200 Bleu claire - H\u00fcbsch\" \/>\n<meta property=\"og:description\" content=\"Plongez dans le confort du linge de lit Solace Linge de lit. Ce mat\u00e9riel en coton \u00e0 rayures bleues et rouges est certifi\u00e9 par OEKO-TEX\u00ae STANDARD 100,\" \/>\n<meta property=\"og:url\" content=\"https:\/\/hubsch-interior.com\/fr\/produit\/solace-linge-de-lit-60x63-140x200-bleu-claire\/\" \/>\n<meta property=\"og:site_name\" content=\"H\u00fcbsch\" \/>\n<meta property=\"article:modified_time\" content=\"2026-04-09T02:22:19+00:00\" \/>\n<meta property=\"og:image\" content=\"https:\/\/hubsch-interior.com\/wp-content\/uploads\/2023\/08\/solace-bed-linen-60x63-140x200-bluered-54fd447b74f9d96f3fa582058ffc141b.jpg\" \/>\n\t<meta property=\"og:image:width\" content=\"1200\" \/>\n\t<meta property=\"og:image:height\" content=\"1200\" \/>\n\t<meta property=\"og:image:type\" content=\"image\/jpeg\" \/>\n<meta name=\"twitter:card\" content=\"summary_large_image\" \/>\n<script type=\"application\/ld+json\" class=\"yoast-schema-graph\">{\"@context\":\"https:\/\/schema.org\",\"@graph\":[{\"@type\":\"WebPage\",\"@id\":\"https:\/\/hubsch-interior.com\/fr\/produit\/solace-linge-de-lit-60x63-140x200-bleu-claire\/\",\"url\":\"https:\/\/hubsch-interior.com\/fr\/produit\/solace-linge-de-lit-60x63-140x200-bleu-claire\/\",\"name\":\"Solace Linge de lit 60X63 140X200 Bleu claire - H\u00fcbsch\",\"isPartOf\":{\"@id\":\"https:\/\/hubsch-interior.com\/fr\/#website\"},\"primaryImageOfPage\":{\"@id\":\"https:\/\/hubsch-interior.com\/fr\/produit\/solace-linge-de-lit-60x63-140x200-bleu-claire\/#primaryimage\"},\"image\":{\"@id\":\"https:\/\/hubsch-interior.com\/fr\/produit\/solace-linge-de-lit-60x63-140x200-bleu-claire\/#primaryimage\"},\"thumbnailUrl\":\"https:\/\/hubsch-interior.com\/wp-content\/uploads\/2026\/02\/solace-bed-linen-60x63-140x200-light-blue-5c4f33d1e4ecb8cc303152b31c9e5d16.jpg\",\"datePublished\":\"2021-06-04T07:45:16+00:00\",\"dateModified\":\"2026-04-09T02:22:19+00:00\",\"description\":\"Plongez dans le confort du linge de lit Solace Linge de lit. Ce mat\u00e9riel en coton \u00e0 rayures bleues et rouges est certifi\u00e9 par OEKO-TEX\u00ae STANDARD 100,\",\"breadcrumb\":{\"@id\":\"https:\/\/hubsch-interior.com\/fr\/produit\/solace-linge-de-lit-60x63-140x200-bleu-claire\/#breadcrumb\"},\"inLanguage\":\"fr-FR\",\"potentialAction\":[{\"@type\":\"ReadAction\",\"target\":[\"https:\/\/hubsch-interior.com\/fr\/produit\/solace-linge-de-lit-60x63-140x200-bleu-claire\/\"]}]},{\"@type\":\"ImageObject\",\"inLanguage\":\"fr-FR\",\"@id\":\"https:\/\/hubsch-interior.com\/fr\/produit\/solace-linge-de-lit-60x63-140x200-bleu-claire\/#primaryimage\",\"url\":\"https:\/\/hubsch-interior.com\/wp-content\/uploads\/2026\/02\/solace-bed-linen-60x63-140x200-light-blue-5c4f33d1e4ecb8cc303152b31c9e5d16.jpg\",\"contentUrl\":\"https:\/\/hubsch-interior.com\/wp-content\/uploads\/2026\/02\/solace-bed-linen-60x63-140x200-light-blue-5c4f33d1e4ecb8cc303152b31c9e5d16.jpg\",\"width\":1024,\"height\":1024},{\"@type\":\"BreadcrumbList\",\"@id\":\"https:\/\/hubsch-interior.com\/fr\/produit\/solace-linge-de-lit-60x63-140x200-bleu-claire\/#breadcrumb\",\"itemListElement\":[{\"@type\":\"ListItem\",\"position\":1,\"name\":\"Page d'accueil\",\"item\":\"https:\/\/hubsch-interior.com\/fr\/\"},{\"@type\":\"ListItem\",\"position\":2,\"name\":\"Produits\",\"item\":\"https:\/\/hubsch-interior.com\/fr\/shop-2\/\"},{\"@type\":\"ListItem\",\"position\":3,\"name\":\"Textiles\",\"item\":\"https:\/\/hubsch-interior.com\/fr\/categorie-produit\/textile\/\"},{\"@type\":\"ListItem\",\"position\":4,\"name\":\"Linge de lit\",\"item\":\"https:\/\/hubsch-interior.com\/fr\/categorie-produit\/textile\/linge-de-lit-fr\/\"},{\"@type\":\"ListItem\",\"position\":5,\"name\":\"Solace Linge de lit 60X63 140X200 Bleu claire\"}]},{\"@type\":\"WebSite\",\"@id\":\"https:\/\/hubsch-interior.com\/fr\/#website\",\"url\":\"https:\/\/hubsch-interior.com\/fr\/\",\"name\":\"H\u00fcbsch\",\"description\":\"Danish Home Interior and Design\",\"publisher\":{\"@id\":\"https:\/\/hubsch-interior.com\/fr\/#organization\"},\"potentialAction\":[{\"@type\":\"SearchAction\",\"target\":{\"@type\":\"EntryPoint\",\"urlTemplate\":\"https:\/\/hubsch-interior.com\/fr\/?s={search_term_string}\"},\"query-input\":{\"@type\":\"PropertyValueSpecification\",\"valueRequired\":true,\"valueName\":\"search_term_string\"}}],\"inLanguage\":\"fr-FR\"},{\"@type\":\"Organization\",\"@id\":\"https:\/\/hubsch-interior.com\/fr\/#organization\",\"name\":\"H\u00fcbsch\",\"url\":\"https:\/\/hubsch-interior.com\/fr\/\",\"logo\":{\"@type\":\"ImageObject\",\"inLanguage\":\"fr-FR\",\"@id\":\"https:\/\/hubsch-interior.com\/fr\/#\/schema\/logo\/image\/\",\"url\":\"https:\/\/hubsch-interior.com\/wp-content\/uploads\/2022\/12\/Hubsch_logo_black_one_line.svg\",\"contentUrl\":\"https:\/\/hubsch-interior.com\/wp-content\/uploads\/2022\/12\/Hubsch_logo_black_one_line.svg\",\"caption\":\"H\u00fcbsch\"},\"image\":{\"@id\":\"https:\/\/hubsch-interior.com\/fr\/#\/schema\/logo\/image\/\"}}]}<\/script>\n<!-- \/ Yoast SEO plugin. -->","yoast_head_json":{"title":"Solace Linge de lit 60X63 140X200 Bleu claire - H\u00fcbsch","description":"Plongez dans le confort du linge de lit Solace Linge de lit. Ce mat\u00e9riel en coton \u00e0 rayures bleues et rouges est certifi\u00e9 par OEKO-TEX\u00ae STANDARD 100,","robots":{"index":"index","follow":"follow","max-snippet":"max-snippet:-1","max-image-preview":"max-image-preview:large","max-video-preview":"max-video-preview:-1"},"canonical":"https:\/\/hubsch-interior.com\/fr\/wp-json\/wp\/v2\/product\/388384","og_locale":"fr_FR","og_type":"article","og_title":"Solace Linge de lit 60X63 140X200 Bleu claire - H\u00fcbsch","og_description":"Plongez dans le confort du linge de lit Solace Linge de lit. Ce mat\u00e9riel en coton \u00e0 rayures bleues et rouges est certifi\u00e9 par OEKO-TEX\u00ae STANDARD 100,","og_url":"https:\/\/hubsch-interior.com\/fr\/produit\/solace-linge-de-lit-60x63-140x200-bleu-claire\/","og_site_name":"H\u00fcbsch","article_modified_time":"2026-04-09T02:22:19+00:00","og_image":[{"width":1200,"height":1200,"url":"https:\/\/hubsch-interior.com\/wp-content\/uploads\/2023\/08\/solace-bed-linen-60x63-140x200-bluered-54fd447b74f9d96f3fa582058ffc141b.jpg","type":"image\/jpeg"}],"twitter_card":"summary_large_image","schema":{"@context":"https:\/\/schema.org","@graph":[{"@type":"WebPage","@id":"https:\/\/hubsch-interior.com\/fr\/produit\/solace-linge-de-lit-60x63-140x200-bleu-claire\/","url":"https:\/\/hubsch-interior.com\/fr\/produit\/solace-linge-de-lit-60x63-140x200-bleu-claire\/","name":"Solace Linge de lit 60X63 140X200 Bleu claire - H\u00fcbsch","isPartOf":{"@id":"https:\/\/hubsch-interior.com\/fr\/#website"},"primaryImageOfPage":{"@id":"https:\/\/hubsch-interior.com\/fr\/produit\/solace-linge-de-lit-60x63-140x200-bleu-claire\/#primaryimage"},"image":{"@id":"https:\/\/hubsch-interior.com\/fr\/produit\/solace-linge-de-lit-60x63-140x200-bleu-claire\/#primaryimage"},"thumbnailUrl":"https:\/\/hubsch-interior.com\/wp-content\/uploads\/2026\/02\/solace-bed-linen-60x63-140x200-light-blue-5c4f33d1e4ecb8cc303152b31c9e5d16.jpg","datePublished":"2021-06-04T07:45:16+00:00","dateModified":"2026-04-09T02:22:19+00:00","description":"Plongez dans le confort du linge de lit Solace Linge de lit. Ce mat\u00e9riel en coton \u00e0 rayures bleues et rouges est certifi\u00e9 par OEKO-TEX\u00ae STANDARD 100,","breadcrumb":{"@id":"https:\/\/hubsch-interior.com\/fr\/produit\/solace-linge-de-lit-60x63-140x200-bleu-claire\/#breadcrumb"},"inLanguage":"fr-FR","potentialAction":[{"@type":"ReadAction","target":["https:\/\/hubsch-interior.com\/fr\/produit\/solace-linge-de-lit-60x63-140x200-bleu-claire\/"]}]},{"@type":"ImageObject","inLanguage":"fr-FR","@id":"https:\/\/hubsch-interior.com\/fr\/produit\/solace-linge-de-lit-60x63-140x200-bleu-claire\/#primaryimage","url":"https:\/\/hubsch-interior.com\/wp-content\/uploads\/2026\/02\/solace-bed-linen-60x63-140x200-light-blue-5c4f33d1e4ecb8cc303152b31c9e5d16.jpg","contentUrl":"https:\/\/hubsch-interior.com\/wp-content\/uploads\/2026\/02\/solace-bed-linen-60x63-140x200-light-blue-5c4f33d1e4ecb8cc303152b31c9e5d16.jpg","width":1024,"height":1024},{"@type":"BreadcrumbList","@id":"https:\/\/hubsch-interior.com\/fr\/produit\/solace-linge-de-lit-60x63-140x200-bleu-claire\/#breadcrumb","itemListElement":[{"@type":"ListItem","position":1,"name":"Page d'accueil","item":"https:\/\/hubsch-interior.com\/fr\/"},{"@type":"ListItem","position":2,"name":"Produits","item":"https:\/\/hubsch-interior.com\/fr\/shop-2\/"},{"@type":"ListItem","position":3,"name":"Textiles","item":"https:\/\/hubsch-interior.com\/fr\/categorie-produit\/textile\/"},{"@type":"ListItem","position":4,"name":"Linge de lit","item":"https:\/\/hubsch-interior.com\/fr\/categorie-produit\/textile\/linge-de-lit-fr\/"},{"@type":"ListItem","position":5,"name":"Solace Linge de lit 60X63 140X200 Bleu claire"}]},{"@type":"WebSite","@id":"https:\/\/hubsch-interior.com\/fr\/#website","url":"https:\/\/hubsch-interior.com\/fr\/","name":"H\u00fcbsch","description":"Danish Home Interior and Design","publisher":{"@id":"https:\/\/hubsch-interior.com\/fr\/#organization"},"potentialAction":[{"@type":"SearchAction","target":{"@type":"EntryPoint","urlTemplate":"https:\/\/hubsch-interior.com\/fr\/?s={search_term_string}"},"query-input":{"@type":"PropertyValueSpecification","valueRequired":true,"valueName":"search_term_string"}}],"inLanguage":"fr-FR"},{"@type":"Organization","@id":"https:\/\/hubsch-interior.com\/fr\/#organization","name":"H\u00fcbsch","url":"https:\/\/hubsch-interior.com\/fr\/","logo":{"@type":"ImageObject","inLanguage":"fr-FR","@id":"https:\/\/hubsch-interior.com\/fr\/#\/schema\/logo\/image\/","url":"https:\/\/hubsch-interior.com\/wp-content\/uploads\/2022\/12\/Hubsch_logo_black_one_line.svg","contentUrl":"https:\/\/hubsch-interior.com\/wp-content\/uploads\/2022\/12\/Hubsch_logo_black_one_line.svg","caption":"H\u00fcbsch"},"image":{"@id":"https:\/\/hubsch-interior.com\/fr\/#\/schema\/logo\/image\/"}}]}},"_links":{"self":[{"href":"https:\/\/hubsch-interior.com\/fr\/wp-json\/wp\/v2\/product\/388384","targetHints":{"allow":["GET"]}}],"collection":[{"href":"https:\/\/hubsch-interior.com\/fr\/wp-json\/wp\/v2\/product"}],"about":[{"href":"https:\/\/hubsch-interior.com\/fr\/wp-json\/wp\/v2\/types\/product"}],"wp:featuredmedia":[{"embeddable":true,"href":"https:\/\/hubsch-interior.com\/fr\/wp-json\/wp\/v2\/media\/1094844"}],"wp:attachment":[{"href":"https:\/\/hubsch-interior.com\/fr\/wp-json\/wp\/v2\/media?parent=388384"}],"wp:term":[{"taxonomy":"product_brand","embeddable":true,"href":"https:\/\/hubsch-interior.com\/fr\/wp-json\/wp\/v2\/product_brand?post=388384"},{"taxonomy":"product_cat","embeddable":true,"href":"https:\/\/hubsch-interior.com\/fr\/wp-json\/wp\/v2\/product_cat?post=388384"},{"taxonomy":"product_tag","embeddable":true,"href":"https:\/\/hubsch-interior.com\/fr\/wp-json\/wp\/v2\/product_tag?post=388384"}],"curies":[{"name":"wp","href":"https:\/\/api.w.org\/{rel}","templated":true}]}}