{"id":388720,"date":"2021-06-04T09:46:10","date_gmt":"2021-06-04T07:46:10","guid":{"rendered":"https:\/\/hubsch-interior.com\/shop-b2c\/product\/product-6\/"},"modified":"2026-04-09T04:22:59","modified_gmt":"2026-04-09T02:22:59","slug":"dawn-boules-rouge-set-de-3","status":"publish","type":"product","link":"https:\/\/hubsch-interior.com\/fr\/produit\/dawn-boules-rouge-set-de-3\/","title":{"rendered":"Dawn Boules Rouge (set de 3)"},"content":{"rendered":"<p>Les Boules Rouge Dawn sont la solution parfaite pour donner vie \u00e0 votre d\u00e9coration int\u00e9rieure. Fabriqu\u00e9es en c\u00e9ramique, ces 3 boules rouges sont \u00e0 la fois \u00e9l\u00e9gantes et charmantes. Utilisez-les individuellement ou ensemble pour ajouter une touche de couleur et de style \u00e0 votre maison. Disponibles en diff\u00e9rentes tailles et couleurs, ces boules sont parfaites pour ajouter une touche de modernit\u00e9 \u00e0 votre d\u00e9coration.<\/p>\n","protected":false},"excerpt":{"rendered":"<p>Les Boules Rouge Dawn sont la solution parfaite pour donner vie \u00e0 votre d\u00e9coration int\u00e9rieure. Fabriqu\u00e9es en c\u00e9ramique, ces 3 boules rouges sont \u00e0 la fois \u00e9l\u00e9gantes et charmantes. Utilisez-les individuellement ou ensemble pour ajouter une touche de couleur et de style \u00e0 votre maison. Disponibles en diff\u00e9rentes tailles et couleurs, ces boules sont parfaites [&hellip;]<\/p>\n","protected":false},"featured_media":1114264,"template":"","meta":{"_acf_changed":false,"inline_featured_image":false},"product_brand":[],"product_cat":[7077,7028,7027,4053,4095],"product_tag":[],"class_list":{"0":"post-388720","1":"product","2":"type-product","3":"status-publish","4":"has-post-thumbnail","6":"product_cat-assiettes-et-bols-fr","7":"product_cat-plateaux-et-assiettes-de-service-fr","8":"product_cat-vaisselle-fr-2","9":"product_cat-accessoires-de-cuisine-fr","10":"product_cat-vaisselle-fr","11":"product_shipping_class-pk","13":"pa_color-rouge-2","14":"pa_material-cramique","16":"first","17":"instock","18":"taxable","19":"shipping-taxable","20":"purchasable","21":"product-type-simple"},"exclude_global_add_ons":[],"addons":[],"acf":[],"yoast_head":"<!-- This site is optimized with the Yoast SEO plugin v26.4 - https:\/\/yoast.com\/wordpress\/plugins\/seo\/ -->\n<title>Dawn Boules Rouge (set de 3) - H\u00fcbsch<\/title>\n<meta name=\"description\" content=\"Les Boules Rouge Dawn sont la solution parfaite pour donner vie \u00e0 votre d\u00e9coration int\u00e9rieure. Fabriqu\u00e9es en c\u00e9ramique, ces 3 boules rouges sont \u00e0 la fois\" \/>\n<meta name=\"robots\" content=\"index, follow, max-snippet:-1, max-image-preview:large, max-video-preview:-1\" \/>\n<link rel=\"canonical\" href=\"https:\/\/hubsch-interior.com\/fr\/wp-json\/wp\/v2\/product\/388720\" \/>\n<meta property=\"og:locale\" content=\"fr_FR\" \/>\n<meta property=\"og:type\" content=\"article\" \/>\n<meta property=\"og:title\" content=\"Dawn Boules Rouge (set de 3) - H\u00fcbsch\" \/>\n<meta property=\"og:description\" content=\"Les Boules Rouge Dawn sont la solution parfaite pour donner vie \u00e0 votre d\u00e9coration int\u00e9rieure. Fabriqu\u00e9es en c\u00e9ramique, ces 3 boules rouges sont \u00e0 la fois\" \/>\n<meta property=\"og:url\" content=\"https:\/\/hubsch-interior.com\/fr\/produit\/dawn-boules-rouge-set-de-3\/\" \/>\n<meta property=\"og:site_name\" content=\"H\u00fcbsch\" \/>\n<meta property=\"article:modified_time\" content=\"2026-04-09T02:22:59+00:00\" \/>\n<meta property=\"og:image\" content=\"https:\/\/hubsch-interior.com\/wp-content\/uploads\/2023\/08\/dawn-bowls-red-set-of-3-18735a642f9c4f8a484fb38546540a71.jpg\" \/>\n\t<meta property=\"og:image:width\" content=\"1200\" \/>\n\t<meta property=\"og:image:height\" content=\"1200\" \/>\n\t<meta property=\"og:image:type\" content=\"image\/jpeg\" \/>\n<meta name=\"twitter:card\" content=\"summary_large_image\" \/>\n<script type=\"application\/ld+json\" class=\"yoast-schema-graph\">{\"@context\":\"https:\/\/schema.org\",\"@graph\":[{\"@type\":\"WebPage\",\"@id\":\"https:\/\/hubsch-interior.com\/fr\/produit\/dawn-boules-rouge-set-de-3\/\",\"url\":\"https:\/\/hubsch-interior.com\/fr\/produit\/dawn-boules-rouge-set-de-3\/\",\"name\":\"Dawn Boules Rouge (set de 3) - H\u00fcbsch\",\"isPartOf\":{\"@id\":\"https:\/\/hubsch-interior.com\/fr\/#website\"},\"primaryImageOfPage\":{\"@id\":\"https:\/\/hubsch-interior.com\/fr\/produit\/dawn-boules-rouge-set-de-3\/#primaryimage\"},\"image\":{\"@id\":\"https:\/\/hubsch-interior.com\/fr\/produit\/dawn-boules-rouge-set-de-3\/#primaryimage\"},\"thumbnailUrl\":\"https:\/\/hubsch-interior.com\/wp-content\/uploads\/2026\/02\/dawn-bowls-red-set-of-3-75c2ca33e2453ea9b793b4ea9f7c82ed.jpg\",\"datePublished\":\"2021-06-04T07:46:10+00:00\",\"dateModified\":\"2026-04-09T02:22:59+00:00\",\"description\":\"Les Boules Rouge Dawn sont la solution parfaite pour donner vie \u00e0 votre d\u00e9coration int\u00e9rieure. Fabriqu\u00e9es en c\u00e9ramique, ces 3 boules rouges sont \u00e0 la fois\",\"breadcrumb\":{\"@id\":\"https:\/\/hubsch-interior.com\/fr\/produit\/dawn-boules-rouge-set-de-3\/#breadcrumb\"},\"inLanguage\":\"fr-FR\",\"potentialAction\":[{\"@type\":\"ReadAction\",\"target\":[\"https:\/\/hubsch-interior.com\/fr\/produit\/dawn-boules-rouge-set-de-3\/\"]}]},{\"@type\":\"ImageObject\",\"inLanguage\":\"fr-FR\",\"@id\":\"https:\/\/hubsch-interior.com\/fr\/produit\/dawn-boules-rouge-set-de-3\/#primaryimage\",\"url\":\"https:\/\/hubsch-interior.com\/wp-content\/uploads\/2026\/02\/dawn-bowls-red-set-of-3-75c2ca33e2453ea9b793b4ea9f7c82ed.jpg\",\"contentUrl\":\"https:\/\/hubsch-interior.com\/wp-content\/uploads\/2026\/02\/dawn-bowls-red-set-of-3-75c2ca33e2453ea9b793b4ea9f7c82ed.jpg\",\"width\":1024,\"height\":1024},{\"@type\":\"BreadcrumbList\",\"@id\":\"https:\/\/hubsch-interior.com\/fr\/produit\/dawn-boules-rouge-set-de-3\/#breadcrumb\",\"itemListElement\":[{\"@type\":\"ListItem\",\"position\":1,\"name\":\"Page d'accueil\",\"item\":\"https:\/\/hubsch-interior.com\/fr\/\"},{\"@type\":\"ListItem\",\"position\":2,\"name\":\"Produits\",\"item\":\"https:\/\/hubsch-interior.com\/fr\/shop-2\/\"},{\"@type\":\"ListItem\",\"position\":3,\"name\":\"Cuisine\",\"item\":\"https:\/\/hubsch-interior.com\/fr\/categorie-produit\/cuisine\/\"},{\"@type\":\"ListItem\",\"position\":4,\"name\":\"Vaisselle\",\"item\":\"https:\/\/hubsch-interior.com\/fr\/categorie-produit\/cuisine\/vaisselle-fr-2\/\"},{\"@type\":\"ListItem\",\"position\":5,\"name\":\"Assiettes et bols\",\"item\":\"https:\/\/hubsch-interior.com\/fr\/categorie-produit\/cuisine\/vaisselle-fr-2\/assiettes-et-bols-fr\/\"},{\"@type\":\"ListItem\",\"position\":6,\"name\":\"Dawn Boules Rouge (set de 3)\"}]},{\"@type\":\"WebSite\",\"@id\":\"https:\/\/hubsch-interior.com\/fr\/#website\",\"url\":\"https:\/\/hubsch-interior.com\/fr\/\",\"name\":\"H\u00fcbsch\",\"description\":\"Danish Home Interior and Design\",\"publisher\":{\"@id\":\"https:\/\/hubsch-interior.com\/fr\/#organization\"},\"potentialAction\":[{\"@type\":\"SearchAction\",\"target\":{\"@type\":\"EntryPoint\",\"urlTemplate\":\"https:\/\/hubsch-interior.com\/fr\/?s={search_term_string}\"},\"query-input\":{\"@type\":\"PropertyValueSpecification\",\"valueRequired\":true,\"valueName\":\"search_term_string\"}}],\"inLanguage\":\"fr-FR\"},{\"@type\":\"Organization\",\"@id\":\"https:\/\/hubsch-interior.com\/fr\/#organization\",\"name\":\"H\u00fcbsch\",\"url\":\"https:\/\/hubsch-interior.com\/fr\/\",\"logo\":{\"@type\":\"ImageObject\",\"inLanguage\":\"fr-FR\",\"@id\":\"https:\/\/hubsch-interior.com\/fr\/#\/schema\/logo\/image\/\",\"url\":\"https:\/\/hubsch-interior.com\/wp-content\/uploads\/2022\/12\/Hubsch_logo_black_one_line.svg\",\"contentUrl\":\"https:\/\/hubsch-interior.com\/wp-content\/uploads\/2022\/12\/Hubsch_logo_black_one_line.svg\",\"caption\":\"H\u00fcbsch\"},\"image\":{\"@id\":\"https:\/\/hubsch-interior.com\/fr\/#\/schema\/logo\/image\/\"}}]}<\/script>\n<!-- \/ Yoast SEO plugin. -->","yoast_head_json":{"title":"Dawn Boules Rouge (set de 3) - H\u00fcbsch","description":"Les Boules Rouge Dawn sont la solution parfaite pour donner vie \u00e0 votre d\u00e9coration int\u00e9rieure. Fabriqu\u00e9es en c\u00e9ramique, ces 3 boules rouges sont \u00e0 la fois","robots":{"index":"index","follow":"follow","max-snippet":"max-snippet:-1","max-image-preview":"max-image-preview:large","max-video-preview":"max-video-preview:-1"},"canonical":"https:\/\/hubsch-interior.com\/fr\/wp-json\/wp\/v2\/product\/388720","og_locale":"fr_FR","og_type":"article","og_title":"Dawn Boules Rouge (set de 3) - H\u00fcbsch","og_description":"Les Boules Rouge Dawn sont la solution parfaite pour donner vie \u00e0 votre d\u00e9coration int\u00e9rieure. Fabriqu\u00e9es en c\u00e9ramique, ces 3 boules rouges sont \u00e0 la fois","og_url":"https:\/\/hubsch-interior.com\/fr\/produit\/dawn-boules-rouge-set-de-3\/","og_site_name":"H\u00fcbsch","article_modified_time":"2026-04-09T02:22:59+00:00","og_image":[{"width":1200,"height":1200,"url":"https:\/\/hubsch-interior.com\/wp-content\/uploads\/2023\/08\/dawn-bowls-red-set-of-3-18735a642f9c4f8a484fb38546540a71.jpg","type":"image\/jpeg"}],"twitter_card":"summary_large_image","schema":{"@context":"https:\/\/schema.org","@graph":[{"@type":"WebPage","@id":"https:\/\/hubsch-interior.com\/fr\/produit\/dawn-boules-rouge-set-de-3\/","url":"https:\/\/hubsch-interior.com\/fr\/produit\/dawn-boules-rouge-set-de-3\/","name":"Dawn Boules Rouge (set de 3) - H\u00fcbsch","isPartOf":{"@id":"https:\/\/hubsch-interior.com\/fr\/#website"},"primaryImageOfPage":{"@id":"https:\/\/hubsch-interior.com\/fr\/produit\/dawn-boules-rouge-set-de-3\/#primaryimage"},"image":{"@id":"https:\/\/hubsch-interior.com\/fr\/produit\/dawn-boules-rouge-set-de-3\/#primaryimage"},"thumbnailUrl":"https:\/\/hubsch-interior.com\/wp-content\/uploads\/2026\/02\/dawn-bowls-red-set-of-3-75c2ca33e2453ea9b793b4ea9f7c82ed.jpg","datePublished":"2021-06-04T07:46:10+00:00","dateModified":"2026-04-09T02:22:59+00:00","description":"Les Boules Rouge Dawn sont la solution parfaite pour donner vie \u00e0 votre d\u00e9coration int\u00e9rieure. Fabriqu\u00e9es en c\u00e9ramique, ces 3 boules rouges sont \u00e0 la fois","breadcrumb":{"@id":"https:\/\/hubsch-interior.com\/fr\/produit\/dawn-boules-rouge-set-de-3\/#breadcrumb"},"inLanguage":"fr-FR","potentialAction":[{"@type":"ReadAction","target":["https:\/\/hubsch-interior.com\/fr\/produit\/dawn-boules-rouge-set-de-3\/"]}]},{"@type":"ImageObject","inLanguage":"fr-FR","@id":"https:\/\/hubsch-interior.com\/fr\/produit\/dawn-boules-rouge-set-de-3\/#primaryimage","url":"https:\/\/hubsch-interior.com\/wp-content\/uploads\/2026\/02\/dawn-bowls-red-set-of-3-75c2ca33e2453ea9b793b4ea9f7c82ed.jpg","contentUrl":"https:\/\/hubsch-interior.com\/wp-content\/uploads\/2026\/02\/dawn-bowls-red-set-of-3-75c2ca33e2453ea9b793b4ea9f7c82ed.jpg","width":1024,"height":1024},{"@type":"BreadcrumbList","@id":"https:\/\/hubsch-interior.com\/fr\/produit\/dawn-boules-rouge-set-de-3\/#breadcrumb","itemListElement":[{"@type":"ListItem","position":1,"name":"Page d'accueil","item":"https:\/\/hubsch-interior.com\/fr\/"},{"@type":"ListItem","position":2,"name":"Produits","item":"https:\/\/hubsch-interior.com\/fr\/shop-2\/"},{"@type":"ListItem","position":3,"name":"Cuisine","item":"https:\/\/hubsch-interior.com\/fr\/categorie-produit\/cuisine\/"},{"@type":"ListItem","position":4,"name":"Vaisselle","item":"https:\/\/hubsch-interior.com\/fr\/categorie-produit\/cuisine\/vaisselle-fr-2\/"},{"@type":"ListItem","position":5,"name":"Assiettes et bols","item":"https:\/\/hubsch-interior.com\/fr\/categorie-produit\/cuisine\/vaisselle-fr-2\/assiettes-et-bols-fr\/"},{"@type":"ListItem","position":6,"name":"Dawn Boules Rouge (set de 3)"}]},{"@type":"WebSite","@id":"https:\/\/hubsch-interior.com\/fr\/#website","url":"https:\/\/hubsch-interior.com\/fr\/","name":"H\u00fcbsch","description":"Danish Home Interior and Design","publisher":{"@id":"https:\/\/hubsch-interior.com\/fr\/#organization"},"potentialAction":[{"@type":"SearchAction","target":{"@type":"EntryPoint","urlTemplate":"https:\/\/hubsch-interior.com\/fr\/?s={search_term_string}"},"query-input":{"@type":"PropertyValueSpecification","valueRequired":true,"valueName":"search_term_string"}}],"inLanguage":"fr-FR"},{"@type":"Organization","@id":"https:\/\/hubsch-interior.com\/fr\/#organization","name":"H\u00fcbsch","url":"https:\/\/hubsch-interior.com\/fr\/","logo":{"@type":"ImageObject","inLanguage":"fr-FR","@id":"https:\/\/hubsch-interior.com\/fr\/#\/schema\/logo\/image\/","url":"https:\/\/hubsch-interior.com\/wp-content\/uploads\/2022\/12\/Hubsch_logo_black_one_line.svg","contentUrl":"https:\/\/hubsch-interior.com\/wp-content\/uploads\/2022\/12\/Hubsch_logo_black_one_line.svg","caption":"H\u00fcbsch"},"image":{"@id":"https:\/\/hubsch-interior.com\/fr\/#\/schema\/logo\/image\/"}}]}},"_links":{"self":[{"href":"https:\/\/hubsch-interior.com\/fr\/wp-json\/wp\/v2\/product\/388720","targetHints":{"allow":["GET"]}}],"collection":[{"href":"https:\/\/hubsch-interior.com\/fr\/wp-json\/wp\/v2\/product"}],"about":[{"href":"https:\/\/hubsch-interior.com\/fr\/wp-json\/wp\/v2\/types\/product"}],"wp:featuredmedia":[{"embeddable":true,"href":"https:\/\/hubsch-interior.com\/fr\/wp-json\/wp\/v2\/media\/1114264"}],"wp:attachment":[{"href":"https:\/\/hubsch-interior.com\/fr\/wp-json\/wp\/v2\/media?parent=388720"}],"wp:term":[{"taxonomy":"product_brand","embeddable":true,"href":"https:\/\/hubsch-interior.com\/fr\/wp-json\/wp\/v2\/product_brand?post=388720"},{"taxonomy":"product_cat","embeddable":true,"href":"https:\/\/hubsch-interior.com\/fr\/wp-json\/wp\/v2\/product_cat?post=388720"},{"taxonomy":"product_tag","embeddable":true,"href":"https:\/\/hubsch-interior.com\/fr\/wp-json\/wp\/v2\/product_tag?post=388720"}],"curies":[{"name":"wp","href":"https:\/\/api.w.org\/{rel}","templated":true}]}}